{"id":70620,"date":"2025-09-18T09:02:47","date_gmt":"2025-09-18T07:02:47","guid":{"rendered":"https:\/\/demourshop.com\/?post_type=product&#038;p=70620"},"modified":"2025-12-18T11:26:00","modified_gmt":"2025-12-18T10:26:00","slug":"la-croix-saint-clement-2024","status":"publish","type":"product","link":"https:\/\/demourshop.com\/en\/product\/la-croix-saint-clement-2024\/","title":{"rendered":"La Croix Saint Cl\u00e9ment 2024"},"content":{"rendered":"<p data-start=\"295\" data-end=\"720\">La Croix de Saint Cl\u00e9ment 2024 incarne le savoir-faire du groupe De Mour dans l\u2019\u00e9laboration de vins blancs secs \u00e9quilibr\u00e9s et aromatiques. Issu d\u2019un assemblage \u00e0 parts \u00e9gales de Sauvignon Blanc et de S\u00e9millon, ce vin exprime toute la richesse des terroirs sablo-graveleux et argilo-calcaires du Bordelais. Son \u00e9levage de cinq mois sur lies fines en cuves inox lui conf\u00e8re une belle complexit\u00e9, alliant fra\u00eecheur et rondeur.<\/p>\n<p data-start=\"722\" data-end=\"1168\">Ce mill\u00e9sime se distingue par une robe claire aux reflets verts et un bouquet aux notes franches et d\u00e9licates. En bouche, il s\u00e9duit par son attaque vive et sa finale persistante qui invite \u00e0 la gourmandise. Id\u00e9al \u00e0 l\u2019ap\u00e9ritif, il accompagne parfaitement les fruits de mer, les poissons grill\u00e9s et les fromages frais. Avec un potentiel de garde de 3 \u00e0 4 ans, il se savoure aussi bien jeune pour sa vivacit\u00e9 que l\u00e9g\u00e8rement \u00e9volu\u00e9 pour sa rondeur.<\/p>\n<p data-start=\"1170\" data-end=\"1700\">En choisissant La Croix de Saint Cl\u00e9ment 2024, vous d\u00e9couvrez un Bordeaux Blanc Sec qui refl\u00e8te l\u2019authenticit\u00e9 et la diversit\u00e9 des vins de Bordeaux. Pour explorer davantage la s\u00e9lection du groupe De Mour, vous pouvez consulter notre <a class=\"decorated-link\" href=\"#\" rel=\"noopener\" data-start=\"1403\" data-end=\"1433\">collection de vins blancs<\/a> et comparer avec d\u2019autres appellations r\u00e9gionales. Plus largement, le site officiel du <a class=\"decorated-link cursor-pointer\" target=\"_new\" rel=\"noopener\" data-start=\"1521\" data-end=\"1594\">Conseil Interprofessionnel du Vin de Bordeaux<\/a> vous permettra de mieux comprendre les sp\u00e9cificit\u00e9s et la richesse de ce vignoble mondialement reconnu.<\/p>","protected":false},"excerpt":{"rendered":"<p>Bordeaux Blanc Sec alliant fra\u00eecheur et rondeur, issu d\u2019un assemblage de Sauvignon Blanc et S\u00e9millon. Aromatique, gourmand et id\u00e9al avec fruits de mer ou poissons.<\/p>","protected":false},"featured_media":70648,"template":"","meta":{"_acf_changed":false},"product_brand":[],"product_cat":[378,633,507,552,383,382,395,405,406,374,393,160],"product_tag":[],"class_list":{"0":"post-70620","1":"product","2":"type-product","3":"status-publish","4":"has-post-thumbnail","6":"product_cat-appellations-vin-en-ligne","7":"product_cat-bordeaux-en-ligne","8":"product_cat-cepages-vin-en-ligne","9":"product_cat-vin-par-couleur-en-ligne","10":"product_cat-vin-de-france-en-ligne","11":"product_cat-vin-par-pays-en-ligne","12":"product_cat-vin-agriculture-raisonnee","13":"product_cat-sauvignon-blanc-en-ligne","14":"product_cat-semillon-en-ligne","15":"product_cat-vin-blanc-en-ligne","16":"product_cat-vins-par-methode-de-vinification","17":"product_cat-vins-de-proprietes-en-ligne","18":"pa_appellations-bordeaux","19":"pa_cepages-sauvignon-blanc","20":"pa_cepages-semillion","21":"pa_couleurs-blanc","22":"pa_formats-75cl","23":"pa_millesimes-853","24":"pa_pays-france","25":"pa_quantites-a-lunite","26":"pa_quantites-carton-de-3-bouteilles","27":"pa_quantites-carton-de-6-bouteilles","28":"pa_vinifications-raisonnee","30":"first","31":"instock","32":"taxable","33":"shipping-taxable","34":"purchasable","35":"product-type-simple"},"acf":[],"yoast_head":"<!-- This site is optimized with the Yoast SEO plugin v27.4 - https:\/\/yoast.com\/product\/yoast-seo-wordpress\/ -->\n<title>La Croix Saint Cl\u00e9ment 2024 - Demourshop<\/title>\n<meta name=\"description\" content=\"Bordeaux blanc sec vif et gourmand, La Croix de Saint Cl\u00e9ment 2024 s\u00e9duit par son \u00e9quilibre entre Sauvignon et S\u00e9millon. Sur Demourshop\" \/>\n<meta name=\"robots\" content=\"index, follow, max-snippet:-1, max-image-preview:large, max-video-preview:-1\" \/>\n<link rel=\"canonical\" href=\"https:\/\/demourshop.com\/en\/product\/la-croix-saint-clement-2024\/\" \/>\n<meta property=\"og:locale\" content=\"en_GB\" \/>\n<meta property=\"og:type\" content=\"article\" \/>\n<meta property=\"og:title\" content=\"La Croix Saint Cl\u00e9ment 2024 - Demourshop\" \/>\n<meta property=\"og:description\" content=\"Bordeaux blanc sec vif et gourmand, La Croix de Saint Cl\u00e9ment 2024 s\u00e9duit par son \u00e9quilibre entre Sauvignon et S\u00e9millon. Sur Demourshop\" \/>\n<meta property=\"og:url\" content=\"https:\/\/demourshop.com\/en\/product\/la-croix-saint-clement-2024\/\" \/>\n<meta property=\"og:site_name\" content=\"Demourshop\" \/>\n<meta property=\"article:modified_time\" content=\"2025-12-18T10:26:00+00:00\" \/>\n<meta property=\"og:image\" content=\"http:\/\/demourshop.com\/wp-content\/uploads\/2025\/09\/Croix-saint-clement.png\" \/>\n\t<meta property=\"og:image:width\" content=\"700\" \/>\n\t<meta property=\"og:image:height\" content=\"700\" \/>\n\t<meta property=\"og:image:type\" content=\"image\/png\" \/>\n<meta name=\"twitter:card\" content=\"summary_large_image\" \/>\n<meta name=\"twitter:label1\" content=\"Estimated reading time\" \/>\n\t<meta name=\"twitter:data1\" content=\"3 minutes\" \/>\n<script type=\"application\/ld+json\" class=\"yoast-schema-graph\">{\"@context\":\"https:\\\/\\\/schema.org\",\"@graph\":[{\"@type\":\"WebPage\",\"@id\":\"https:\\\/\\\/demourshop.com\\\/produit\\\/la-croix-saint-clement-2024\\\/\",\"url\":\"https:\\\/\\\/demourshop.com\\\/produit\\\/la-croix-saint-clement-2024\\\/\",\"name\":\"La Croix Saint Cl\u00e9ment 2024 - Demourshop\",\"isPartOf\":{\"@id\":\"https:\\\/\\\/demourshop.com\\\/#website\"},\"primaryImageOfPage\":{\"@id\":\"https:\\\/\\\/demourshop.com\\\/produit\\\/la-croix-saint-clement-2024\\\/#primaryimage\"},\"image\":{\"@id\":\"https:\\\/\\\/demourshop.com\\\/produit\\\/la-croix-saint-clement-2024\\\/#primaryimage\"},\"thumbnailUrl\":\"https:\\\/\\\/demourshop.com\\\/wp-content\\\/uploads\\\/2025\\\/09\\\/Croix-saint-clement.png\",\"datePublished\":\"2025-09-18T07:02:47+00:00\",\"dateModified\":\"2025-12-18T10:26:00+00:00\",\"description\":\"Bordeaux blanc sec vif et gourmand, La Croix de Saint Cl\u00e9ment 2024 s\u00e9duit par son \u00e9quilibre entre Sauvignon et S\u00e9millon. Sur Demourshop\",\"breadcrumb\":{\"@id\":\"https:\\\/\\\/demourshop.com\\\/produit\\\/la-croix-saint-clement-2024\\\/#breadcrumb\"},\"inLanguage\":\"en-GB\",\"potentialAction\":[{\"@type\":\"ReadAction\",\"target\":[\"https:\\\/\\\/demourshop.com\\\/produit\\\/la-croix-saint-clement-2024\\\/\"]}]},{\"@type\":\"ImageObject\",\"inLanguage\":\"en-GB\",\"@id\":\"https:\\\/\\\/demourshop.com\\\/produit\\\/la-croix-saint-clement-2024\\\/#primaryimage\",\"url\":\"https:\\\/\\\/demourshop.com\\\/wp-content\\\/uploads\\\/2025\\\/09\\\/Croix-saint-clement.png\",\"contentUrl\":\"https:\\\/\\\/demourshop.com\\\/wp-content\\\/uploads\\\/2025\\\/09\\\/Croix-saint-clement.png\",\"width\":700,\"height\":700},{\"@type\":\"BreadcrumbList\",\"@id\":\"https:\\\/\\\/demourshop.com\\\/produit\\\/la-croix-saint-clement-2024\\\/#breadcrumb\",\"itemListElement\":[{\"@type\":\"ListItem\",\"position\":1,\"name\":\"Accueil\",\"item\":\"https:\\\/\\\/demourshop.com\\\/\"},{\"@type\":\"ListItem\",\"position\":2,\"name\":\"Boutique\",\"item\":\"https:\\\/\\\/demourshop.com\\\/boutique\\\/\"},{\"@type\":\"ListItem\",\"position\":3,\"name\":\"La Croix Saint Cl\u00e9ment 2024\"}]},{\"@type\":\"WebSite\",\"@id\":\"https:\\\/\\\/demourshop.com\\\/#website\",\"url\":\"https:\\\/\\\/demourshop.com\\\/\",\"name\":\"Demourshop\",\"description\":\"\",\"publisher\":{\"@id\":\"https:\\\/\\\/demourshop.com\\\/#organization\"},\"potentialAction\":[{\"@type\":\"SearchAction\",\"target\":{\"@type\":\"EntryPoint\",\"urlTemplate\":\"https:\\\/\\\/demourshop.com\\\/?s={search_term_string}\"},\"query-input\":{\"@type\":\"PropertyValueSpecification\",\"valueRequired\":true,\"valueName\":\"search_term_string\"}}],\"inLanguage\":\"en-GB\"},{\"@type\":\"Organization\",\"@id\":\"https:\\\/\\\/demourshop.com\\\/#organization\",\"name\":\"Demourshop\",\"url\":\"https:\\\/\\\/demourshop.com\\\/\",\"logo\":{\"@type\":\"ImageObject\",\"inLanguage\":\"en-GB\",\"@id\":\"https:\\\/\\\/demourshop.com\\\/#\\\/schema\\\/logo\\\/image\\\/\",\"url\":\"https:\\\/\\\/demourshop.com\\\/wp-content\\\/uploads\\\/2023\\\/08\\\/logo-wine-2-1-1.png\",\"contentUrl\":\"https:\\\/\\\/demourshop.com\\\/wp-content\\\/uploads\\\/2023\\\/08\\\/logo-wine-2-1-1.png\",\"width\":400,\"height\":145,\"caption\":\"Demourshop\"},\"image\":{\"@id\":\"https:\\\/\\\/demourshop.com\\\/#\\\/schema\\\/logo\\\/image\\\/\"}}]}<\/script>\n<!-- \/ Yoast SEO plugin. -->","yoast_head_json":{"title":"La Croix Saint Cl\u00e9ment 2024 - Demourshop","description":"Bordeaux blanc sec vif et gourmand, La Croix de Saint Cl\u00e9ment 2024 s\u00e9duit par son \u00e9quilibre entre Sauvignon et S\u00e9millon. Sur Demourshop","robots":{"index":"index","follow":"follow","max-snippet":"max-snippet:-1","max-image-preview":"max-image-preview:large","max-video-preview":"max-video-preview:-1"},"canonical":"https:\/\/demourshop.com\/en\/product\/la-croix-saint-clement-2024\/","og_locale":"en_GB","og_type":"article","og_title":"La Croix Saint Cl\u00e9ment 2024 - Demourshop","og_description":"Bordeaux blanc sec vif et gourmand, La Croix de Saint Cl\u00e9ment 2024 s\u00e9duit par son \u00e9quilibre entre Sauvignon et S\u00e9millon. Sur Demourshop","og_url":"https:\/\/demourshop.com\/en\/product\/la-croix-saint-clement-2024\/","og_site_name":"Demourshop","article_modified_time":"2025-12-18T10:26:00+00:00","og_image":[{"width":700,"height":700,"url":"http:\/\/demourshop.com\/wp-content\/uploads\/2025\/09\/Croix-saint-clement.png","type":"image\/png"}],"twitter_card":"summary_large_image","twitter_misc":{"Estimated reading time":"3 minutes"},"schema":{"@context":"https:\/\/schema.org","@graph":[{"@type":"WebPage","@id":"https:\/\/demourshop.com\/produit\/la-croix-saint-clement-2024\/","url":"https:\/\/demourshop.com\/produit\/la-croix-saint-clement-2024\/","name":"La Croix Saint Cl\u00e9ment 2024 - Demourshop","isPartOf":{"@id":"https:\/\/demourshop.com\/#website"},"primaryImageOfPage":{"@id":"https:\/\/demourshop.com\/produit\/la-croix-saint-clement-2024\/#primaryimage"},"image":{"@id":"https:\/\/demourshop.com\/produit\/la-croix-saint-clement-2024\/#primaryimage"},"thumbnailUrl":"https:\/\/demourshop.com\/wp-content\/uploads\/2025\/09\/Croix-saint-clement.png","datePublished":"2025-09-18T07:02:47+00:00","dateModified":"2025-12-18T10:26:00+00:00","description":"Bordeaux blanc sec vif et gourmand, La Croix de Saint Cl\u00e9ment 2024 s\u00e9duit par son \u00e9quilibre entre Sauvignon et S\u00e9millon. Sur Demourshop","breadcrumb":{"@id":"https:\/\/demourshop.com\/produit\/la-croix-saint-clement-2024\/#breadcrumb"},"inLanguage":"en-GB","potentialAction":[{"@type":"ReadAction","target":["https:\/\/demourshop.com\/produit\/la-croix-saint-clement-2024\/"]}]},{"@type":"ImageObject","inLanguage":"en-GB","@id":"https:\/\/demourshop.com\/produit\/la-croix-saint-clement-2024\/#primaryimage","url":"https:\/\/demourshop.com\/wp-content\/uploads\/2025\/09\/Croix-saint-clement.png","contentUrl":"https:\/\/demourshop.com\/wp-content\/uploads\/2025\/09\/Croix-saint-clement.png","width":700,"height":700},{"@type":"BreadcrumbList","@id":"https:\/\/demourshop.com\/produit\/la-croix-saint-clement-2024\/#breadcrumb","itemListElement":[{"@type":"ListItem","position":1,"name":"Accueil","item":"https:\/\/demourshop.com\/"},{"@type":"ListItem","position":2,"name":"Boutique","item":"https:\/\/demourshop.com\/boutique\/"},{"@type":"ListItem","position":3,"name":"La Croix Saint Cl\u00e9ment 2024"}]},{"@type":"WebSite","@id":"https:\/\/demourshop.com\/#website","url":"https:\/\/demourshop.com\/","name":"Demourshop","description":"","publisher":{"@id":"https:\/\/demourshop.com\/#organization"},"potentialAction":[{"@type":"SearchAction","target":{"@type":"EntryPoint","urlTemplate":"https:\/\/demourshop.com\/?s={search_term_string}"},"query-input":{"@type":"PropertyValueSpecification","valueRequired":true,"valueName":"search_term_string"}}],"inLanguage":"en-GB"},{"@type":"Organization","@id":"https:\/\/demourshop.com\/#organization","name":"Demourshop","url":"https:\/\/demourshop.com\/","logo":{"@type":"ImageObject","inLanguage":"en-GB","@id":"https:\/\/demourshop.com\/#\/schema\/logo\/image\/","url":"https:\/\/demourshop.com\/wp-content\/uploads\/2023\/08\/logo-wine-2-1-1.png","contentUrl":"https:\/\/demourshop.com\/wp-content\/uploads\/2023\/08\/logo-wine-2-1-1.png","width":400,"height":145,"caption":"Demourshop"},"image":{"@id":"https:\/\/demourshop.com\/#\/schema\/logo\/image\/"}}]}},"_links":{"self":[{"href":"https:\/\/demourshop.com\/en\/wp-json\/wp\/v2\/product\/70620","targetHints":{"allow":["GET"]}}],"collection":[{"href":"https:\/\/demourshop.com\/en\/wp-json\/wp\/v2\/product"}],"about":[{"href":"https:\/\/demourshop.com\/en\/wp-json\/wp\/v2\/types\/product"}],"version-history":[{"count":4,"href":"https:\/\/demourshop.com\/en\/wp-json\/wp\/v2\/product\/70620\/revisions"}],"predecessor-version":[{"id":70647,"href":"https:\/\/demourshop.com\/en\/wp-json\/wp\/v2\/product\/70620\/revisions\/70647"}],"wp:featuredmedia":[{"embeddable":true,"href":"https:\/\/demourshop.com\/en\/wp-json\/wp\/v2\/media\/70648"}],"wp:attachment":[{"href":"https:\/\/demourshop.com\/en\/wp-json\/wp\/v2\/media?parent=70620"}],"wp:term":[{"taxonomy":"product_brand","embeddable":true,"href":"https:\/\/demourshop.com\/en\/wp-json\/wp\/v2\/product_brand?post=70620"},{"taxonomy":"product_cat","embeddable":true,"href":"https:\/\/demourshop.com\/en\/wp-json\/wp\/v2\/product_cat?post=70620"},{"taxonomy":"product_tag","embeddable":true,"href":"https:\/\/demourshop.com\/en\/wp-json\/wp\/v2\/product_tag?post=70620"}],"curies":[{"name":"wp","href":"https:\/\/api.w.org\/{rel}","templated":true}]}}