{"id":70450,"date":"2025-06-11T09:56:33","date_gmt":"2025-06-11T07:56:33","guid":{"rendered":"https:\/\/demourshop.com\/?post_type=product&#038;p=70450"},"modified":"2026-01-05T09:57:03","modified_gmt":"2026-01-05T08:57:03","slug":"primeur-chateau-la-croizille-2024","status":"publish","type":"product","link":"https:\/\/demourshop.com\/en\/product\/primeur-chateau-la-croizille-2024\/","title":{"rendered":"Ch\u00e2teau La Croizille 2024 Primeur"},"content":{"rendered":"<p>&lt;p&gt;Ce mill&eacute;sime 2024 est propos&eacute; en primeur, une tradition bordelaise qui permet aux amateurs d&rsquo;acqu&eacute;rir les meilleurs vins &agrave; un tarif pr&eacute;f&eacute;rentiel avant leur mise en bouteille. C&rsquo;est une excellente opportunit&eacute; d&rsquo;investissement et de plaisir, avec un potentiel de garde de 15 &agrave; 20 ans. L&rsquo;achat en primeur n&eacute;cessite une certaine patience, mais r&eacute;compense les amateurs &eacute;clair&eacute;s. Livraison pr&eacute;vue au printemps 2026, sous r&eacute;serve des d&eacute;lais li&eacute;s &agrave; l&rsquo;&eacute;levage et &agrave; l&rsquo;embouteillage.&lt;\/p&gt;&lt;a href=&quot;\/en\/&nbsp;&raquo;https:\/\/www.vins-saint-emilion.com\/&nbsp;&raquo;\/&quot; target=&quot;&nbsp;&raquo;_blank&nbsp;&raquo;&quot; rel=&quot;&nbsp;&raquo;noopener&nbsp;&raquo;&quot;&gt;Site officiel des vins de Saint-&Eacute;milion&lt;\/a&gt;<\/p>","protected":false},"excerpt":{"rendered":"<p>Primeur 2024 \u2013 Saint-\u00c9milion Grand Cru<\/p>","protected":false},"featured_media":68150,"template":"","meta":{"_acf_changed":false},"product_brand":[],"product_cat":[378,464,507,552,383,396,409,382,380,375,393,160],"product_tag":[],"class_list":{"0":"post-70450","1":"product","2":"type-product","3":"status-publish","4":"has-post-thumbnail","6":"product_cat-appellations-vin-en-ligne","7":"product_cat-cabernet-sauvignon-en-ligne","8":"product_cat-cepages-vin-en-ligne","9":"product_cat-vin-par-couleur-en-ligne","10":"product_cat-vin-de-france-en-ligne","11":"product_cat-vin-hve-en-ligne","12":"product_cat-merlot-en-ligne","13":"product_cat-vin-par-pays-en-ligne","14":"product_cat-saint-emilion-grand-cru-classe-en-ligne","15":"product_cat-vin-rouge-en-ligne","16":"product_cat-vins-par-methode-de-vinification","17":"product_cat-vins-de-proprietes-en-ligne","18":"pa_appellations-saint-emilion-grand-cru-classe","19":"pa_cepages-cabernet-sauvignon","20":"pa_cepages-merlot","21":"pa_couleurs-rouge","22":"pa_formats-75cl","23":"pa_millesimes-580","24":"pa_millesimes-186","25":"pa_millesimes-185","26":"pa_millesimes-184","27":"pa_millesimes-181","28":"pa_millesimes-180","29":"pa_millesimes-179","30":"pa_millesimes-178","31":"pa_millesimes-177","32":"pa_millesimes-176","33":"pa_millesimes-175","34":"pa_millesimes-174","35":"pa_pays-france","36":"pa_propriete-saint-emilion-grand-cru-classe","37":"pa_quantites-a-lunite","38":"pa_quantites-carton-de-3-bouteilles","39":"pa_quantites-carton-de-6-bouteilles","40":"pa_vinifications-hve","42":"first","43":"instock","44":"taxable","45":"shipping-taxable","46":"purchasable","47":"product-type-simple"},"acf":[],"yoast_head":"<!-- This site is optimized with the Yoast SEO plugin v27.4 - https:\/\/yoast.com\/product\/yoast-seo-wordpress\/ -->\n<title>Ch\u00e2teau La Croizille 2024 Primeur - Demourshop<\/title>\n<meta name=\"description\" content=\"Ch\u00e2teau La Croizille 2024 en primeur : Grand Cru \u00e0 r\u00e9server d\u00e8s maintenant, livraison pr\u00e9vue printemps 2026. Saint-\u00c9milion intense et raffin\u00e9.\" \/>\n<meta name=\"robots\" content=\"index, follow, max-snippet:-1, max-image-preview:large, max-video-preview:-1\" \/>\n<link rel=\"canonical\" href=\"https:\/\/demourshop.com\/en\/product\/primeur-chateau-la-croizille-2024\/\" \/>\n<meta property=\"og:locale\" content=\"en_GB\" \/>\n<meta property=\"og:type\" content=\"article\" \/>\n<meta property=\"og:title\" content=\"Ch\u00e2teau La Croizille 2024 Primeur - Demourshop\" \/>\n<meta property=\"og:description\" content=\"Ch\u00e2teau La Croizille 2024 en primeur : Grand Cru \u00e0 r\u00e9server d\u00e8s maintenant, livraison pr\u00e9vue printemps 2026. Saint-\u00c9milion intense et raffin\u00e9.\" \/>\n<meta property=\"og:url\" content=\"https:\/\/demourshop.com\/en\/product\/primeur-chateau-la-croizille-2024\/\" \/>\n<meta property=\"og:site_name\" content=\"Demourshop\" \/>\n<meta property=\"article:modified_time\" content=\"2026-01-05T08:57:03+00:00\" \/>\n<meta property=\"og:image\" content=\"http:\/\/demourshop.com\/wp-content\/uploads\/2024\/10\/chateau-la-croizille-saint-emilion-grand-cru-classe.png\" \/>\n\t<meta property=\"og:image:width\" content=\"1080\" \/>\n\t<meta property=\"og:image:height\" content=\"1080\" \/>\n\t<meta property=\"og:image:type\" content=\"image\/png\" \/>\n<meta name=\"twitter:card\" content=\"summary_large_image\" \/>\n<meta name=\"twitter:label1\" content=\"Estimated reading time\" \/>\n\t<meta name=\"twitter:data1\" content=\"3 minutes\" \/>\n<script type=\"application\/ld+json\" class=\"yoast-schema-graph\">{\"@context\":\"https:\\\/\\\/schema.org\",\"@graph\":[{\"@type\":\"WebPage\",\"@id\":\"https:\\\/\\\/demourshop.com\\\/produit\\\/primeur-chateau-la-croizille-2024\\\/\",\"url\":\"https:\\\/\\\/demourshop.com\\\/produit\\\/primeur-chateau-la-croizille-2024\\\/\",\"name\":\"Ch\u00e2teau La Croizille 2024 Primeur - Demourshop\",\"isPartOf\":{\"@id\":\"https:\\\/\\\/demourshop.com\\\/#website\"},\"primaryImageOfPage\":{\"@id\":\"https:\\\/\\\/demourshop.com\\\/produit\\\/primeur-chateau-la-croizille-2024\\\/#primaryimage\"},\"image\":{\"@id\":\"https:\\\/\\\/demourshop.com\\\/produit\\\/primeur-chateau-la-croizille-2024\\\/#primaryimage\"},\"thumbnailUrl\":\"https:\\\/\\\/demourshop.com\\\/wp-content\\\/uploads\\\/2024\\\/10\\\/chateau-la-croizille-saint-emilion-grand-cru-classe.png\",\"datePublished\":\"2025-06-11T07:56:33+00:00\",\"dateModified\":\"2026-01-05T08:57:03+00:00\",\"description\":\"Ch\u00e2teau La Croizille 2024 en primeur : Grand Cru \u00e0 r\u00e9server d\u00e8s maintenant, livraison pr\u00e9vue printemps 2026. Saint-\u00c9milion intense et raffin\u00e9.\",\"breadcrumb\":{\"@id\":\"https:\\\/\\\/demourshop.com\\\/produit\\\/primeur-chateau-la-croizille-2024\\\/#breadcrumb\"},\"inLanguage\":\"en-GB\",\"potentialAction\":[{\"@type\":\"ReadAction\",\"target\":[\"https:\\\/\\\/demourshop.com\\\/produit\\\/primeur-chateau-la-croizille-2024\\\/\"]}]},{\"@type\":\"ImageObject\",\"inLanguage\":\"en-GB\",\"@id\":\"https:\\\/\\\/demourshop.com\\\/produit\\\/primeur-chateau-la-croizille-2024\\\/#primaryimage\",\"url\":\"https:\\\/\\\/demourshop.com\\\/wp-content\\\/uploads\\\/2024\\\/10\\\/chateau-la-croizille-saint-emilion-grand-cru-classe.png\",\"contentUrl\":\"https:\\\/\\\/demourshop.com\\\/wp-content\\\/uploads\\\/2024\\\/10\\\/chateau-la-croizille-saint-emilion-grand-cru-classe.png\",\"width\":1080,\"height\":1080,\"caption\":\"Ch\u00e2teau La Croizille vin rouge Saint-\u00c9milion Grand Cru Class\u00e9\"},{\"@type\":\"BreadcrumbList\",\"@id\":\"https:\\\/\\\/demourshop.com\\\/produit\\\/primeur-chateau-la-croizille-2024\\\/#breadcrumb\",\"itemListElement\":[{\"@type\":\"ListItem\",\"position\":1,\"name\":\"Accueil\",\"item\":\"https:\\\/\\\/demourshop.com\\\/\"},{\"@type\":\"ListItem\",\"position\":2,\"name\":\"Boutique\",\"item\":\"https:\\\/\\\/demourshop.com\\\/boutique\\\/\"},{\"@type\":\"ListItem\",\"position\":3,\"name\":\"Ch\u00e2teau La Croizille 2024 Primeur\"}]},{\"@type\":\"WebSite\",\"@id\":\"https:\\\/\\\/demourshop.com\\\/#website\",\"url\":\"https:\\\/\\\/demourshop.com\\\/\",\"name\":\"Demourshop\",\"description\":\"\",\"publisher\":{\"@id\":\"https:\\\/\\\/demourshop.com\\\/#organization\"},\"potentialAction\":[{\"@type\":\"SearchAction\",\"target\":{\"@type\":\"EntryPoint\",\"urlTemplate\":\"https:\\\/\\\/demourshop.com\\\/?s={search_term_string}\"},\"query-input\":{\"@type\":\"PropertyValueSpecification\",\"valueRequired\":true,\"valueName\":\"search_term_string\"}}],\"inLanguage\":\"en-GB\"},{\"@type\":\"Organization\",\"@id\":\"https:\\\/\\\/demourshop.com\\\/#organization\",\"name\":\"Demourshop\",\"url\":\"https:\\\/\\\/demourshop.com\\\/\",\"logo\":{\"@type\":\"ImageObject\",\"inLanguage\":\"en-GB\",\"@id\":\"https:\\\/\\\/demourshop.com\\\/#\\\/schema\\\/logo\\\/image\\\/\",\"url\":\"https:\\\/\\\/demourshop.com\\\/wp-content\\\/uploads\\\/2023\\\/08\\\/logo-wine-2-1-1.png\",\"contentUrl\":\"https:\\\/\\\/demourshop.com\\\/wp-content\\\/uploads\\\/2023\\\/08\\\/logo-wine-2-1-1.png\",\"width\":400,\"height\":145,\"caption\":\"Demourshop\"},\"image\":{\"@id\":\"https:\\\/\\\/demourshop.com\\\/#\\\/schema\\\/logo\\\/image\\\/\"}}]}<\/script>\n<!-- \/ Yoast SEO plugin. -->","yoast_head_json":{"title":"Ch\u00e2teau La Croizille 2024 Primeur - Demourshop","description":"Ch\u00e2teau La Croizille 2024 en primeur : Grand Cru \u00e0 r\u00e9server d\u00e8s maintenant, livraison pr\u00e9vue printemps 2026. Saint-\u00c9milion intense et raffin\u00e9.","robots":{"index":"index","follow":"follow","max-snippet":"max-snippet:-1","max-image-preview":"max-image-preview:large","max-video-preview":"max-video-preview:-1"},"canonical":"https:\/\/demourshop.com\/en\/product\/primeur-chateau-la-croizille-2024\/","og_locale":"en_GB","og_type":"article","og_title":"Ch\u00e2teau La Croizille 2024 Primeur - Demourshop","og_description":"Ch\u00e2teau La Croizille 2024 en primeur : Grand Cru \u00e0 r\u00e9server d\u00e8s maintenant, livraison pr\u00e9vue printemps 2026. Saint-\u00c9milion intense et raffin\u00e9.","og_url":"https:\/\/demourshop.com\/en\/product\/primeur-chateau-la-croizille-2024\/","og_site_name":"Demourshop","article_modified_time":"2026-01-05T08:57:03+00:00","og_image":[{"width":1080,"height":1080,"url":"http:\/\/demourshop.com\/wp-content\/uploads\/2024\/10\/chateau-la-croizille-saint-emilion-grand-cru-classe.png","type":"image\/png"}],"twitter_card":"summary_large_image","twitter_misc":{"Estimated reading time":"3 minutes"},"schema":{"@context":"https:\/\/schema.org","@graph":[{"@type":"WebPage","@id":"https:\/\/demourshop.com\/produit\/primeur-chateau-la-croizille-2024\/","url":"https:\/\/demourshop.com\/produit\/primeur-chateau-la-croizille-2024\/","name":"Ch\u00e2teau La Croizille 2024 Primeur - Demourshop","isPartOf":{"@id":"https:\/\/demourshop.com\/#website"},"primaryImageOfPage":{"@id":"https:\/\/demourshop.com\/produit\/primeur-chateau-la-croizille-2024\/#primaryimage"},"image":{"@id":"https:\/\/demourshop.com\/produit\/primeur-chateau-la-croizille-2024\/#primaryimage"},"thumbnailUrl":"https:\/\/demourshop.com\/wp-content\/uploads\/2024\/10\/chateau-la-croizille-saint-emilion-grand-cru-classe.png","datePublished":"2025-06-11T07:56:33+00:00","dateModified":"2026-01-05T08:57:03+00:00","description":"Ch\u00e2teau La Croizille 2024 en primeur : Grand Cru \u00e0 r\u00e9server d\u00e8s maintenant, livraison pr\u00e9vue printemps 2026. Saint-\u00c9milion intense et raffin\u00e9.","breadcrumb":{"@id":"https:\/\/demourshop.com\/produit\/primeur-chateau-la-croizille-2024\/#breadcrumb"},"inLanguage":"en-GB","potentialAction":[{"@type":"ReadAction","target":["https:\/\/demourshop.com\/produit\/primeur-chateau-la-croizille-2024\/"]}]},{"@type":"ImageObject","inLanguage":"en-GB","@id":"https:\/\/demourshop.com\/produit\/primeur-chateau-la-croizille-2024\/#primaryimage","url":"https:\/\/demourshop.com\/wp-content\/uploads\/2024\/10\/chateau-la-croizille-saint-emilion-grand-cru-classe.png","contentUrl":"https:\/\/demourshop.com\/wp-content\/uploads\/2024\/10\/chateau-la-croizille-saint-emilion-grand-cru-classe.png","width":1080,"height":1080,"caption":"Ch\u00e2teau La Croizille vin rouge Saint-\u00c9milion Grand Cru Class\u00e9"},{"@type":"BreadcrumbList","@id":"https:\/\/demourshop.com\/produit\/primeur-chateau-la-croizille-2024\/#breadcrumb","itemListElement":[{"@type":"ListItem","position":1,"name":"Accueil","item":"https:\/\/demourshop.com\/"},{"@type":"ListItem","position":2,"name":"Boutique","item":"https:\/\/demourshop.com\/boutique\/"},{"@type":"ListItem","position":3,"name":"Ch\u00e2teau La Croizille 2024 Primeur"}]},{"@type":"WebSite","@id":"https:\/\/demourshop.com\/#website","url":"https:\/\/demourshop.com\/","name":"Demourshop","description":"","publisher":{"@id":"https:\/\/demourshop.com\/#organization"},"potentialAction":[{"@type":"SearchAction","target":{"@type":"EntryPoint","urlTemplate":"https:\/\/demourshop.com\/?s={search_term_string}"},"query-input":{"@type":"PropertyValueSpecification","valueRequired":true,"valueName":"search_term_string"}}],"inLanguage":"en-GB"},{"@type":"Organization","@id":"https:\/\/demourshop.com\/#organization","name":"Demourshop","url":"https:\/\/demourshop.com\/","logo":{"@type":"ImageObject","inLanguage":"en-GB","@id":"https:\/\/demourshop.com\/#\/schema\/logo\/image\/","url":"https:\/\/demourshop.com\/wp-content\/uploads\/2023\/08\/logo-wine-2-1-1.png","contentUrl":"https:\/\/demourshop.com\/wp-content\/uploads\/2023\/08\/logo-wine-2-1-1.png","width":400,"height":145,"caption":"Demourshop"},"image":{"@id":"https:\/\/demourshop.com\/#\/schema\/logo\/image\/"}}]}},"_links":{"self":[{"href":"https:\/\/demourshop.com\/en\/wp-json\/wp\/v2\/product\/70450","targetHints":{"allow":["GET"]}}],"collection":[{"href":"https:\/\/demourshop.com\/en\/wp-json\/wp\/v2\/product"}],"about":[{"href":"https:\/\/demourshop.com\/en\/wp-json\/wp\/v2\/types\/product"}],"version-history":[{"count":5,"href":"https:\/\/demourshop.com\/en\/wp-json\/wp\/v2\/product\/70450\/revisions"}],"predecessor-version":[{"id":70464,"href":"https:\/\/demourshop.com\/en\/wp-json\/wp\/v2\/product\/70450\/revisions\/70464"}],"wp:featuredmedia":[{"embeddable":true,"href":"https:\/\/demourshop.com\/en\/wp-json\/wp\/v2\/media\/68150"}],"wp:attachment":[{"href":"https:\/\/demourshop.com\/en\/wp-json\/wp\/v2\/media?parent=70450"}],"wp:term":[{"taxonomy":"product_brand","embeddable":true,"href":"https:\/\/demourshop.com\/en\/wp-json\/wp\/v2\/product_brand?post=70450"},{"taxonomy":"product_cat","embeddable":true,"href":"https:\/\/demourshop.com\/en\/wp-json\/wp\/v2\/product_cat?post=70450"},{"taxonomy":"product_tag","embeddable":true,"href":"https:\/\/demourshop.com\/en\/wp-json\/wp\/v2\/product_tag?post=70450"}],"curies":[{"name":"wp","href":"https:\/\/api.w.org\/{rel}","templated":true}]}}