{"id":70128,"date":"2025-04-25T09:14:14","date_gmt":"2025-04-25T07:14:14","guid":{"rendered":"https:\/\/demourshop.com\/?post_type=product&#038;p=70128"},"modified":"2026-04-06T15:01:42","modified_gmt":"2026-04-06T13:01:42","slug":"jm-rose","status":"publish","type":"product","link":"https:\/\/demourshop.com\/en\/product\/jm-rose\/","title":{"rendered":"J&rsquo;M ros\u00e9"},"content":{"rendered":"<p>\u00c0 servir tr\u00e8s frais, entre 8 et 10\u00b0C. Il s\u2019accorde avec des tapas, des plats froids, des grillades ou des sushis. Ce ros\u00e9 est con\u00e7u pour les moments partag\u00e9s, sans prise de t\u00eate mais avec du go\u00fbt. C\u2019est le vin id\u00e9al \u00e0 sortir au dernier moment, \u00e0 la plage, en jardin ou \u00e0 l\u2019ap\u00e9ro entre amis. Accessible, tendance et authentique, <strong>J&rsquo;M Ros\u00e9<\/strong> est un indispensable de l\u2019\u00e9t\u00e9.<\/p>","protected":false},"excerpt":{"rendered":"<p><strong>J&rsquo;M Ros\u00e9 \u2013 Vin de France<\/strong> : un ros\u00e9 frais, fruit\u00e9 et d\u00e9salt\u00e9rant. Id\u00e9al pour vos ap\u00e9ritifs estivaux, pique-niques et moments simples. Livraison rapide.<\/p>","protected":false},"featured_media":70130,"template":"","meta":{"_acf_changed":false},"product_brand":[],"product_cat":[160],"product_tag":[],"class_list":{"0":"post-70128","1":"product","2":"type-product","3":"status-publish","4":"has-post-thumbnail","6":"product_cat-vins-de-proprietes-en-ligne","7":"pa_appellations-vin-de-france","8":"pa_cepages-cabernet-sauvignon","9":"pa_cepages-castet","10":"pa_couleurs-rose","11":"pa_formats-75cl","12":"pa_millesimes-nm","13":"pa_pays-france","14":"pa_propriete-bordeaux","15":"pa_vinifications-raisonnee","17":"first","18":"instock","19":"taxable","20":"shipping-taxable","21":"purchasable","22":"product-type-simple"},"acf":[],"yoast_head":"<!-- This site is optimized with the Yoast SEO plugin v27.4 - https:\/\/yoast.com\/product\/yoast-seo-wordpress\/ -->\n<title>J&#039;M ros\u00e9 - Demourshop<\/title>\n<meta name=\"description\" content=\"J&#039;M Ros\u00e9 \u2013 Vin de France frais, l\u00e9ger et fruit\u00e9. Un ros\u00e9 convivial pour l\u2019\u00e9t\u00e9. Livraison rapide, prix tout doux. \u00c0 partager sans mod\u00e9ration !\" \/>\n<meta name=\"robots\" content=\"index, follow, max-snippet:-1, max-image-preview:large, max-video-preview:-1\" \/>\n<link rel=\"canonical\" href=\"https:\/\/demourshop.com\/en\/product\/jm-rose\/\" \/>\n<meta property=\"og:locale\" content=\"en_GB\" \/>\n<meta property=\"og:type\" content=\"article\" \/>\n<meta property=\"og:title\" content=\"J&#039;M ros\u00e9 - Demourshop\" \/>\n<meta property=\"og:description\" content=\"J&#039;M Ros\u00e9 \u2013 Vin de France frais, l\u00e9ger et fruit\u00e9. Un ros\u00e9 convivial pour l\u2019\u00e9t\u00e9. Livraison rapide, prix tout doux. \u00c0 partager sans mod\u00e9ration !\" \/>\n<meta property=\"og:url\" content=\"https:\/\/demourshop.com\/en\/product\/jm-rose\/\" \/>\n<meta property=\"og:site_name\" content=\"Demourshop\" \/>\n<meta property=\"article:modified_time\" content=\"2026-04-06T13:01:42+00:00\" \/>\n<meta property=\"og:image\" content=\"http:\/\/demourshop.com\/wp-content\/uploads\/2025\/04\/JM.png\" \/>\n\t<meta property=\"og:image:width\" content=\"700\" \/>\n\t<meta property=\"og:image:height\" content=\"700\" \/>\n\t<meta property=\"og:image:type\" content=\"image\/png\" \/>\n<meta name=\"twitter:card\" content=\"summary_large_image\" \/>\n<meta name=\"twitter:label1\" content=\"Estimated reading time\" \/>\n\t<meta name=\"twitter:data1\" content=\"2 minutes\" \/>\n<script type=\"application\/ld+json\" class=\"yoast-schema-graph\">{\"@context\":\"https:\\\/\\\/schema.org\",\"@graph\":[{\"@type\":\"WebPage\",\"@id\":\"https:\\\/\\\/demourshop.com\\\/produit\\\/jm-rose\\\/\",\"url\":\"https:\\\/\\\/demourshop.com\\\/produit\\\/jm-rose\\\/\",\"name\":\"J'M ros\u00e9 - Demourshop\",\"isPartOf\":{\"@id\":\"https:\\\/\\\/demourshop.com\\\/#website\"},\"primaryImageOfPage\":{\"@id\":\"https:\\\/\\\/demourshop.com\\\/produit\\\/jm-rose\\\/#primaryimage\"},\"image\":{\"@id\":\"https:\\\/\\\/demourshop.com\\\/produit\\\/jm-rose\\\/#primaryimage\"},\"thumbnailUrl\":\"https:\\\/\\\/demourshop.com\\\/wp-content\\\/uploads\\\/2025\\\/04\\\/JM.png\",\"datePublished\":\"2025-04-25T07:14:14+00:00\",\"dateModified\":\"2026-04-06T13:01:42+00:00\",\"description\":\"J'M Ros\u00e9 \u2013 Vin de France frais, l\u00e9ger et fruit\u00e9. Un ros\u00e9 convivial pour l\u2019\u00e9t\u00e9. Livraison rapide, prix tout doux. \u00c0 partager sans mod\u00e9ration !\",\"breadcrumb\":{\"@id\":\"https:\\\/\\\/demourshop.com\\\/produit\\\/jm-rose\\\/#breadcrumb\"},\"inLanguage\":\"en-GB\",\"potentialAction\":[{\"@type\":\"ReadAction\",\"target\":[\"https:\\\/\\\/demourshop.com\\\/produit\\\/jm-rose\\\/\"]}]},{\"@type\":\"ImageObject\",\"inLanguage\":\"en-GB\",\"@id\":\"https:\\\/\\\/demourshop.com\\\/produit\\\/jm-rose\\\/#primaryimage\",\"url\":\"https:\\\/\\\/demourshop.com\\\/wp-content\\\/uploads\\\/2025\\\/04\\\/JM.png\",\"contentUrl\":\"https:\\\/\\\/demourshop.com\\\/wp-content\\\/uploads\\\/2025\\\/04\\\/JM.png\",\"width\":700,\"height\":700,\"caption\":\"J'M Ros\u00e9 vin ros\u00e9 Vin de France bouteille\"},{\"@type\":\"BreadcrumbList\",\"@id\":\"https:\\\/\\\/demourshop.com\\\/produit\\\/jm-rose\\\/#breadcrumb\",\"itemListElement\":[{\"@type\":\"ListItem\",\"position\":1,\"name\":\"Accueil\",\"item\":\"https:\\\/\\\/demourshop.com\\\/\"},{\"@type\":\"ListItem\",\"position\":2,\"name\":\"Boutique\",\"item\":\"https:\\\/\\\/demourshop.com\\\/boutique\\\/\"},{\"@type\":\"ListItem\",\"position\":3,\"name\":\"J&rsquo;M ros\u00e9\"}]},{\"@type\":\"WebSite\",\"@id\":\"https:\\\/\\\/demourshop.com\\\/#website\",\"url\":\"https:\\\/\\\/demourshop.com\\\/\",\"name\":\"Demourshop\",\"description\":\"\",\"publisher\":{\"@id\":\"https:\\\/\\\/demourshop.com\\\/#organization\"},\"potentialAction\":[{\"@type\":\"SearchAction\",\"target\":{\"@type\":\"EntryPoint\",\"urlTemplate\":\"https:\\\/\\\/demourshop.com\\\/?s={search_term_string}\"},\"query-input\":{\"@type\":\"PropertyValueSpecification\",\"valueRequired\":true,\"valueName\":\"search_term_string\"}}],\"inLanguage\":\"en-GB\"},{\"@type\":\"Organization\",\"@id\":\"https:\\\/\\\/demourshop.com\\\/#organization\",\"name\":\"Demourshop\",\"url\":\"https:\\\/\\\/demourshop.com\\\/\",\"logo\":{\"@type\":\"ImageObject\",\"inLanguage\":\"en-GB\",\"@id\":\"https:\\\/\\\/demourshop.com\\\/#\\\/schema\\\/logo\\\/image\\\/\",\"url\":\"https:\\\/\\\/demourshop.com\\\/wp-content\\\/uploads\\\/2023\\\/08\\\/logo-wine-2-1-1.png\",\"contentUrl\":\"https:\\\/\\\/demourshop.com\\\/wp-content\\\/uploads\\\/2023\\\/08\\\/logo-wine-2-1-1.png\",\"width\":400,\"height\":145,\"caption\":\"Demourshop\"},\"image\":{\"@id\":\"https:\\\/\\\/demourshop.com\\\/#\\\/schema\\\/logo\\\/image\\\/\"}}]}<\/script>\n<!-- \/ Yoast SEO plugin. -->","yoast_head_json":{"title":"J'M ros\u00e9 - Demourshop","description":"J'M Ros\u00e9 \u2013 Vin de France frais, l\u00e9ger et fruit\u00e9. Un ros\u00e9 convivial pour l\u2019\u00e9t\u00e9. Livraison rapide, prix tout doux. \u00c0 partager sans mod\u00e9ration !","robots":{"index":"index","follow":"follow","max-snippet":"max-snippet:-1","max-image-preview":"max-image-preview:large","max-video-preview":"max-video-preview:-1"},"canonical":"https:\/\/demourshop.com\/en\/product\/jm-rose\/","og_locale":"en_GB","og_type":"article","og_title":"J'M ros\u00e9 - Demourshop","og_description":"J'M Ros\u00e9 \u2013 Vin de France frais, l\u00e9ger et fruit\u00e9. Un ros\u00e9 convivial pour l\u2019\u00e9t\u00e9. Livraison rapide, prix tout doux. \u00c0 partager sans mod\u00e9ration !","og_url":"https:\/\/demourshop.com\/en\/product\/jm-rose\/","og_site_name":"Demourshop","article_modified_time":"2026-04-06T13:01:42+00:00","og_image":[{"width":700,"height":700,"url":"http:\/\/demourshop.com\/wp-content\/uploads\/2025\/04\/JM.png","type":"image\/png"}],"twitter_card":"summary_large_image","twitter_misc":{"Estimated reading time":"2 minutes"},"schema":{"@context":"https:\/\/schema.org","@graph":[{"@type":"WebPage","@id":"https:\/\/demourshop.com\/produit\/jm-rose\/","url":"https:\/\/demourshop.com\/produit\/jm-rose\/","name":"J'M ros\u00e9 - Demourshop","isPartOf":{"@id":"https:\/\/demourshop.com\/#website"},"primaryImageOfPage":{"@id":"https:\/\/demourshop.com\/produit\/jm-rose\/#primaryimage"},"image":{"@id":"https:\/\/demourshop.com\/produit\/jm-rose\/#primaryimage"},"thumbnailUrl":"https:\/\/demourshop.com\/wp-content\/uploads\/2025\/04\/JM.png","datePublished":"2025-04-25T07:14:14+00:00","dateModified":"2026-04-06T13:01:42+00:00","description":"J'M Ros\u00e9 \u2013 Vin de France frais, l\u00e9ger et fruit\u00e9. Un ros\u00e9 convivial pour l\u2019\u00e9t\u00e9. Livraison rapide, prix tout doux. \u00c0 partager sans mod\u00e9ration !","breadcrumb":{"@id":"https:\/\/demourshop.com\/produit\/jm-rose\/#breadcrumb"},"inLanguage":"en-GB","potentialAction":[{"@type":"ReadAction","target":["https:\/\/demourshop.com\/produit\/jm-rose\/"]}]},{"@type":"ImageObject","inLanguage":"en-GB","@id":"https:\/\/demourshop.com\/produit\/jm-rose\/#primaryimage","url":"https:\/\/demourshop.com\/wp-content\/uploads\/2025\/04\/JM.png","contentUrl":"https:\/\/demourshop.com\/wp-content\/uploads\/2025\/04\/JM.png","width":700,"height":700,"caption":"J'M Ros\u00e9 vin ros\u00e9 Vin de France bouteille"},{"@type":"BreadcrumbList","@id":"https:\/\/demourshop.com\/produit\/jm-rose\/#breadcrumb","itemListElement":[{"@type":"ListItem","position":1,"name":"Accueil","item":"https:\/\/demourshop.com\/"},{"@type":"ListItem","position":2,"name":"Boutique","item":"https:\/\/demourshop.com\/boutique\/"},{"@type":"ListItem","position":3,"name":"J&rsquo;M ros\u00e9"}]},{"@type":"WebSite","@id":"https:\/\/demourshop.com\/#website","url":"https:\/\/demourshop.com\/","name":"Demourshop","description":"","publisher":{"@id":"https:\/\/demourshop.com\/#organization"},"potentialAction":[{"@type":"SearchAction","target":{"@type":"EntryPoint","urlTemplate":"https:\/\/demourshop.com\/?s={search_term_string}"},"query-input":{"@type":"PropertyValueSpecification","valueRequired":true,"valueName":"search_term_string"}}],"inLanguage":"en-GB"},{"@type":"Organization","@id":"https:\/\/demourshop.com\/#organization","name":"Demourshop","url":"https:\/\/demourshop.com\/","logo":{"@type":"ImageObject","inLanguage":"en-GB","@id":"https:\/\/demourshop.com\/#\/schema\/logo\/image\/","url":"https:\/\/demourshop.com\/wp-content\/uploads\/2023\/08\/logo-wine-2-1-1.png","contentUrl":"https:\/\/demourshop.com\/wp-content\/uploads\/2023\/08\/logo-wine-2-1-1.png","width":400,"height":145,"caption":"Demourshop"},"image":{"@id":"https:\/\/demourshop.com\/#\/schema\/logo\/image\/"}}]}},"_links":{"self":[{"href":"https:\/\/demourshop.com\/en\/wp-json\/wp\/v2\/product\/70128","targetHints":{"allow":["GET"]}}],"collection":[{"href":"https:\/\/demourshop.com\/en\/wp-json\/wp\/v2\/product"}],"about":[{"href":"https:\/\/demourshop.com\/en\/wp-json\/wp\/v2\/types\/product"}],"version-history":[{"count":6,"href":"https:\/\/demourshop.com\/en\/wp-json\/wp\/v2\/product\/70128\/revisions"}],"predecessor-version":[{"id":70554,"href":"https:\/\/demourshop.com\/en\/wp-json\/wp\/v2\/product\/70128\/revisions\/70554"}],"wp:featuredmedia":[{"embeddable":true,"href":"https:\/\/demourshop.com\/en\/wp-json\/wp\/v2\/media\/70130"}],"wp:attachment":[{"href":"https:\/\/demourshop.com\/en\/wp-json\/wp\/v2\/media?parent=70128"}],"wp:term":[{"taxonomy":"product_brand","embeddable":true,"href":"https:\/\/demourshop.com\/en\/wp-json\/wp\/v2\/product_brand?post=70128"},{"taxonomy":"product_cat","embeddable":true,"href":"https:\/\/demourshop.com\/en\/wp-json\/wp\/v2\/product_cat?post=70128"},{"taxonomy":"product_tag","embeddable":true,"href":"https:\/\/demourshop.com\/en\/wp-json\/wp\/v2\/product_tag?post=70128"}],"curies":[{"name":"wp","href":"https:\/\/api.w.org\/{rel}","templated":true}]}}