{"id":69863,"date":"2025-02-13T14:29:34","date_gmt":"2025-02-13T13:29:34","guid":{"rendered":"https:\/\/demourshop.com\/?post_type=product&#038;p=69863"},"modified":"2026-01-16T16:27:43","modified_gmt":"2026-01-16T15:27:43","slug":"palesa-fairtrade-chenin-2022","status":"publish","type":"product","link":"https:\/\/demourshop.com\/en\/product\/palesa-fairtrade-chenin-2022\/","title":{"rendered":"Palesa Fairtrade Chenin 2023"},"content":{"rendered":"<p>Servi entre 9 et 11\u202f\u00b0C, ce Chenin blanc Fairtrade est id\u00e9al pour vos repas simples comme pour vos moments festifs. Il incarne un vin de plaisir imm\u00e9diat, \u00e0 la fois responsable et savoureux. Le <strong>Palesa Fairtrade Chenin 2022<\/strong>\u00a0peut se d\u00e9guster jeune ou se conserver jusqu\u2019\u00e0 deux ans. C\u2019est aussi un excellent choix pour sensibiliser ses convives aux enjeux du d\u00e9veloppement durable dans la viticulture.<\/p>","protected":false},"excerpt":{"rendered":"<p><strong>Palesa Fairtrade Chenin 2022<\/strong>\u00a0\u2013 Chenin blanc sud-africain vibrant. \u00c9quilibr\u00e9, fruit\u00e9 et responsable. Parfait pour ap\u00e9ritifs ou poissons grill\u00e9s.<\/p>","protected":false},"featured_media":69708,"template":"","meta":{"_acf_changed":false},"product_brand":[],"product_cat":[392,378,797,507,399,552,382,395,374,393],"product_tag":[],"class_list":{"0":"post-69863","1":"product","2":"type-product","3":"status-publish","4":"has-post-thumbnail","6":"product_cat-vin-afrique-du-sud-en-ligne","7":"product_cat-appellations-vin-en-ligne","8":"product_cat-vin-breedekloof-en-ligne","9":"product_cat-cepages-vin-en-ligne","10":"product_cat-vin-chenin-en-ligne","11":"product_cat-vin-par-couleur-en-ligne","12":"product_cat-vin-par-pays-en-ligne","13":"product_cat-vin-agriculture-raisonnee","14":"product_cat-vin-blanc-en-ligne","15":"product_cat-vins-par-methode-de-vinification","16":"pa_appellations-breedekloof","17":"pa_cepages-chenin","18":"pa_couleurs-blanc","19":"pa_formats-75cl","20":"pa_millesimes-617","21":"pa_pays-afrique-du-sud","22":"pa_quantites-a-lunite","23":"pa_quantites-carton-de-3-bouteilles","24":"pa_quantites-carton-de-6-bouteilles","25":"pa_vinifications-raisonnee","27":"first","28":"instock","29":"taxable","30":"shipping-taxable","31":"purchasable","32":"product-type-simple"},"acf":[],"yoast_head":"<!-- This site is optimized with the Yoast SEO plugin v27.4 - https:\/\/yoast.com\/product\/yoast-seo-wordpress\/ -->\n<title>Palesa Fairtrade Chenin 2023 - Demourshop<\/title>\n<meta name=\"description\" content=\"Palesa Fairtrade Chenin 2022 \u2013 blanc sud-africain vif et fruit\u00e9. \u00c9quitable, frais, id\u00e9al ap\u00e9ritif ou poisson. Livraison rapide \u2013 prix propri\u00e9t\u00e9.\" \/>\n<meta name=\"robots\" content=\"index, follow, max-snippet:-1, max-image-preview:large, max-video-preview:-1\" \/>\n<link rel=\"canonical\" href=\"https:\/\/demourshop.com\/en\/product\/palesa-fairtrade-chenin-2022\/\" \/>\n<meta property=\"og:locale\" content=\"en_GB\" \/>\n<meta property=\"og:type\" content=\"article\" \/>\n<meta property=\"og:title\" content=\"Palesa Fairtrade Chenin 2023 - Demourshop\" \/>\n<meta property=\"og:description\" content=\"Palesa Fairtrade Chenin 2022 \u2013 blanc sud-africain vif et fruit\u00e9. \u00c9quitable, frais, id\u00e9al ap\u00e9ritif ou poisson. Livraison rapide \u2013 prix propri\u00e9t\u00e9.\" \/>\n<meta property=\"og:url\" content=\"https:\/\/demourshop.com\/en\/product\/palesa-fairtrade-chenin-2022\/\" \/>\n<meta property=\"og:site_name\" content=\"Demourshop\" \/>\n<meta property=\"article:modified_time\" content=\"2026-01-16T15:27:43+00:00\" \/>\n<meta property=\"og:image\" content=\"http:\/\/demourshop.com\/wp-content\/uploads\/2024\/12\/palesa.png\" \/>\n\t<meta property=\"og:image:width\" content=\"700\" \/>\n\t<meta property=\"og:image:height\" content=\"700\" \/>\n\t<meta property=\"og:image:type\" content=\"image\/png\" \/>\n<meta name=\"twitter:card\" content=\"summary_large_image\" \/>\n<meta name=\"twitter:label1\" content=\"Estimated reading time\" \/>\n\t<meta name=\"twitter:data1\" content=\"2 minutes\" \/>\n<script type=\"application\/ld+json\" class=\"yoast-schema-graph\">{\"@context\":\"https:\\\/\\\/schema.org\",\"@graph\":[{\"@type\":\"WebPage\",\"@id\":\"https:\\\/\\\/demourshop.com\\\/produit\\\/palesa-fairtrade-chenin-2022\\\/\",\"url\":\"https:\\\/\\\/demourshop.com\\\/produit\\\/palesa-fairtrade-chenin-2022\\\/\",\"name\":\"Palesa Fairtrade Chenin 2023 - Demourshop\",\"isPartOf\":{\"@id\":\"https:\\\/\\\/demourshop.com\\\/#website\"},\"primaryImageOfPage\":{\"@id\":\"https:\\\/\\\/demourshop.com\\\/produit\\\/palesa-fairtrade-chenin-2022\\\/#primaryimage\"},\"image\":{\"@id\":\"https:\\\/\\\/demourshop.com\\\/produit\\\/palesa-fairtrade-chenin-2022\\\/#primaryimage\"},\"thumbnailUrl\":\"https:\\\/\\\/demourshop.com\\\/wp-content\\\/uploads\\\/2024\\\/12\\\/palesa.png\",\"datePublished\":\"2025-02-13T13:29:34+00:00\",\"dateModified\":\"2026-01-16T15:27:43+00:00\",\"description\":\"Palesa Fairtrade Chenin 2022 \u2013 blanc sud-africain vif et fruit\u00e9. \u00c9quitable, frais, id\u00e9al ap\u00e9ritif ou poisson. Livraison rapide \u2013 prix propri\u00e9t\u00e9.\",\"breadcrumb\":{\"@id\":\"https:\\\/\\\/demourshop.com\\\/produit\\\/palesa-fairtrade-chenin-2022\\\/#breadcrumb\"},\"inLanguage\":\"en-GB\",\"potentialAction\":[{\"@type\":\"ReadAction\",\"target\":[\"https:\\\/\\\/demourshop.com\\\/produit\\\/palesa-fairtrade-chenin-2022\\\/\"]}]},{\"@type\":\"ImageObject\",\"inLanguage\":\"en-GB\",\"@id\":\"https:\\\/\\\/demourshop.com\\\/produit\\\/palesa-fairtrade-chenin-2022\\\/#primaryimage\",\"url\":\"https:\\\/\\\/demourshop.com\\\/wp-content\\\/uploads\\\/2024\\\/12\\\/palesa.png\",\"contentUrl\":\"https:\\\/\\\/demourshop.com\\\/wp-content\\\/uploads\\\/2024\\\/12\\\/palesa.png\",\"width\":700,\"height\":700,\"caption\":\"Palesa Fairtrade Chenin, un vin blanc \u00e9thique et rafra\u00eechissant de Breedekloof.\"},{\"@type\":\"BreadcrumbList\",\"@id\":\"https:\\\/\\\/demourshop.com\\\/produit\\\/palesa-fairtrade-chenin-2022\\\/#breadcrumb\",\"itemListElement\":[{\"@type\":\"ListItem\",\"position\":1,\"name\":\"Accueil\",\"item\":\"https:\\\/\\\/demourshop.com\\\/\"},{\"@type\":\"ListItem\",\"position\":2,\"name\":\"Boutique\",\"item\":\"https:\\\/\\\/demourshop.com\\\/boutique\\\/\"},{\"@type\":\"ListItem\",\"position\":3,\"name\":\"Palesa Fairtrade Chenin 2023\"}]},{\"@type\":\"WebSite\",\"@id\":\"https:\\\/\\\/demourshop.com\\\/#website\",\"url\":\"https:\\\/\\\/demourshop.com\\\/\",\"name\":\"Demourshop\",\"description\":\"\",\"publisher\":{\"@id\":\"https:\\\/\\\/demourshop.com\\\/#organization\"},\"potentialAction\":[{\"@type\":\"SearchAction\",\"target\":{\"@type\":\"EntryPoint\",\"urlTemplate\":\"https:\\\/\\\/demourshop.com\\\/?s={search_term_string}\"},\"query-input\":{\"@type\":\"PropertyValueSpecification\",\"valueRequired\":true,\"valueName\":\"search_term_string\"}}],\"inLanguage\":\"en-GB\"},{\"@type\":\"Organization\",\"@id\":\"https:\\\/\\\/demourshop.com\\\/#organization\",\"name\":\"Demourshop\",\"url\":\"https:\\\/\\\/demourshop.com\\\/\",\"logo\":{\"@type\":\"ImageObject\",\"inLanguage\":\"en-GB\",\"@id\":\"https:\\\/\\\/demourshop.com\\\/#\\\/schema\\\/logo\\\/image\\\/\",\"url\":\"https:\\\/\\\/demourshop.com\\\/wp-content\\\/uploads\\\/2023\\\/08\\\/logo-wine-2-1-1.png\",\"contentUrl\":\"https:\\\/\\\/demourshop.com\\\/wp-content\\\/uploads\\\/2023\\\/08\\\/logo-wine-2-1-1.png\",\"width\":400,\"height\":145,\"caption\":\"Demourshop\"},\"image\":{\"@id\":\"https:\\\/\\\/demourshop.com\\\/#\\\/schema\\\/logo\\\/image\\\/\"}}]}<\/script>\n<!-- \/ Yoast SEO plugin. -->","yoast_head_json":{"title":"Palesa Fairtrade Chenin 2023 - Demourshop","description":"Palesa Fairtrade Chenin 2022 \u2013 blanc sud-africain vif et fruit\u00e9. \u00c9quitable, frais, id\u00e9al ap\u00e9ritif ou poisson. Livraison rapide \u2013 prix propri\u00e9t\u00e9.","robots":{"index":"index","follow":"follow","max-snippet":"max-snippet:-1","max-image-preview":"max-image-preview:large","max-video-preview":"max-video-preview:-1"},"canonical":"https:\/\/demourshop.com\/en\/product\/palesa-fairtrade-chenin-2022\/","og_locale":"en_GB","og_type":"article","og_title":"Palesa Fairtrade Chenin 2023 - Demourshop","og_description":"Palesa Fairtrade Chenin 2022 \u2013 blanc sud-africain vif et fruit\u00e9. \u00c9quitable, frais, id\u00e9al ap\u00e9ritif ou poisson. Livraison rapide \u2013 prix propri\u00e9t\u00e9.","og_url":"https:\/\/demourshop.com\/en\/product\/palesa-fairtrade-chenin-2022\/","og_site_name":"Demourshop","article_modified_time":"2026-01-16T15:27:43+00:00","og_image":[{"width":700,"height":700,"url":"http:\/\/demourshop.com\/wp-content\/uploads\/2024\/12\/palesa.png","type":"image\/png"}],"twitter_card":"summary_large_image","twitter_misc":{"Estimated reading time":"2 minutes"},"schema":{"@context":"https:\/\/schema.org","@graph":[{"@type":"WebPage","@id":"https:\/\/demourshop.com\/produit\/palesa-fairtrade-chenin-2022\/","url":"https:\/\/demourshop.com\/produit\/palesa-fairtrade-chenin-2022\/","name":"Palesa Fairtrade Chenin 2023 - Demourshop","isPartOf":{"@id":"https:\/\/demourshop.com\/#website"},"primaryImageOfPage":{"@id":"https:\/\/demourshop.com\/produit\/palesa-fairtrade-chenin-2022\/#primaryimage"},"image":{"@id":"https:\/\/demourshop.com\/produit\/palesa-fairtrade-chenin-2022\/#primaryimage"},"thumbnailUrl":"https:\/\/demourshop.com\/wp-content\/uploads\/2024\/12\/palesa.png","datePublished":"2025-02-13T13:29:34+00:00","dateModified":"2026-01-16T15:27:43+00:00","description":"Palesa Fairtrade Chenin 2022 \u2013 blanc sud-africain vif et fruit\u00e9. \u00c9quitable, frais, id\u00e9al ap\u00e9ritif ou poisson. Livraison rapide \u2013 prix propri\u00e9t\u00e9.","breadcrumb":{"@id":"https:\/\/demourshop.com\/produit\/palesa-fairtrade-chenin-2022\/#breadcrumb"},"inLanguage":"en-GB","potentialAction":[{"@type":"ReadAction","target":["https:\/\/demourshop.com\/produit\/palesa-fairtrade-chenin-2022\/"]}]},{"@type":"ImageObject","inLanguage":"en-GB","@id":"https:\/\/demourshop.com\/produit\/palesa-fairtrade-chenin-2022\/#primaryimage","url":"https:\/\/demourshop.com\/wp-content\/uploads\/2024\/12\/palesa.png","contentUrl":"https:\/\/demourshop.com\/wp-content\/uploads\/2024\/12\/palesa.png","width":700,"height":700,"caption":"Palesa Fairtrade Chenin, un vin blanc \u00e9thique et rafra\u00eechissant de Breedekloof."},{"@type":"BreadcrumbList","@id":"https:\/\/demourshop.com\/produit\/palesa-fairtrade-chenin-2022\/#breadcrumb","itemListElement":[{"@type":"ListItem","position":1,"name":"Accueil","item":"https:\/\/demourshop.com\/"},{"@type":"ListItem","position":2,"name":"Boutique","item":"https:\/\/demourshop.com\/boutique\/"},{"@type":"ListItem","position":3,"name":"Palesa Fairtrade Chenin 2023"}]},{"@type":"WebSite","@id":"https:\/\/demourshop.com\/#website","url":"https:\/\/demourshop.com\/","name":"Demourshop","description":"","publisher":{"@id":"https:\/\/demourshop.com\/#organization"},"potentialAction":[{"@type":"SearchAction","target":{"@type":"EntryPoint","urlTemplate":"https:\/\/demourshop.com\/?s={search_term_string}"},"query-input":{"@type":"PropertyValueSpecification","valueRequired":true,"valueName":"search_term_string"}}],"inLanguage":"en-GB"},{"@type":"Organization","@id":"https:\/\/demourshop.com\/#organization","name":"Demourshop","url":"https:\/\/demourshop.com\/","logo":{"@type":"ImageObject","inLanguage":"en-GB","@id":"https:\/\/demourshop.com\/#\/schema\/logo\/image\/","url":"https:\/\/demourshop.com\/wp-content\/uploads\/2023\/08\/logo-wine-2-1-1.png","contentUrl":"https:\/\/demourshop.com\/wp-content\/uploads\/2023\/08\/logo-wine-2-1-1.png","width":400,"height":145,"caption":"Demourshop"},"image":{"@id":"https:\/\/demourshop.com\/#\/schema\/logo\/image\/"}}]}},"_links":{"self":[{"href":"https:\/\/demourshop.com\/en\/wp-json\/wp\/v2\/product\/69863","targetHints":{"allow":["GET"]}}],"collection":[{"href":"https:\/\/demourshop.com\/en\/wp-json\/wp\/v2\/product"}],"about":[{"href":"https:\/\/demourshop.com\/en\/wp-json\/wp\/v2\/types\/product"}],"version-history":[{"count":3,"href":"https:\/\/demourshop.com\/en\/wp-json\/wp\/v2\/product\/69863\/revisions"}],"predecessor-version":[{"id":70795,"href":"https:\/\/demourshop.com\/en\/wp-json\/wp\/v2\/product\/69863\/revisions\/70795"}],"wp:featuredmedia":[{"embeddable":true,"href":"https:\/\/demourshop.com\/en\/wp-json\/wp\/v2\/media\/69708"}],"wp:attachment":[{"href":"https:\/\/demourshop.com\/en\/wp-json\/wp\/v2\/media?parent=69863"}],"wp:term":[{"taxonomy":"product_brand","embeddable":true,"href":"https:\/\/demourshop.com\/en\/wp-json\/wp\/v2\/product_brand?post=69863"},{"taxonomy":"product_cat","embeddable":true,"href":"https:\/\/demourshop.com\/en\/wp-json\/wp\/v2\/product_cat?post=69863"},{"taxonomy":"product_tag","embeddable":true,"href":"https:\/\/demourshop.com\/en\/wp-json\/wp\/v2\/product_tag?post=69863"}],"curies":[{"name":"wp","href":"https:\/\/api.w.org\/{rel}","templated":true}]}}