{"id":69800,"date":"2025-01-31T14:08:59","date_gmt":"2025-01-31T13:08:59","guid":{"rendered":"https:\/\/demourshop.com\/?post_type=product&#038;p=69800"},"modified":"2025-09-26T15:52:38","modified_gmt":"2025-09-26T13:52:38","slug":"chardonnay-grande-reserve","status":"publish","type":"product","link":"https:\/\/demourshop.com\/en\/product\/chardonnay-grande-reserve\/","title":{"rendered":"Chardonnay Grande Reserve"},"content":{"rendered":"<p>Servi \u00e0 10\u202f\u00b0C, ce Chardonnay Grande Reserve est un alli\u00e9 pr\u00e9cieux pour les repas gastronomiques. Gr\u00e2ce \u00e0 son \u00e9levage ma\u00eetris\u00e9 en f\u00fbt, il conjugue \u00e0 merveille la gourmandise du fruit et l\u2019\u00e9l\u00e9gance de l\u2019\u00e9levage. Il saura \u00e9voluer en cave pendant <strong>jusqu\u2019\u00e0 10 ans<\/strong>, d\u00e9veloppant des notes de noisette, de pain grill\u00e9 et de beurre frais. Un vin \u00e0 la fois ambitieux et accessible, qui ravira les amateurs de grands blancs structur\u00e9s.<\/p>","protected":false},"excerpt":{"rendered":"<p><strong>Chardonnay Grande Reserve 2021<\/strong> \u2013 Blanc autrichien intense et raffin\u00e9, aux ar\u00f4mes exotiques et min\u00e9raux. Id\u00e9al fruits de mer et plats \u00e9pic\u00e9s.<\/p>","protected":false},"featured_media":69801,"template":"","meta":{"_acf_changed":false},"product_brand":[],"product_cat":[378,386,507,398,552,382,395,374,393,595],"product_tag":[],"class_list":{"0":"post-69800","1":"product","2":"type-product","3":"status-publish","4":"has-post-thumbnail","6":"product_cat-appellations-vin-en-ligne","7":"product_cat-vin-autriche-en-ligne","8":"product_cat-cepages-vin-en-ligne","9":"product_cat-chardonnay-en-ligne","10":"product_cat-vin-par-couleur-en-ligne","11":"product_cat-vin-par-pays-en-ligne","12":"product_cat-vin-agriculture-raisonnee","13":"product_cat-vin-blanc-en-ligne","14":"product_cat-vins-par-methode-de-vinification","15":"product_cat-vin-wagram-en-ligne","16":"pa_appellations-wagram","17":"pa_cepages-chardonnay","18":"pa_couleurs-blanc","19":"pa_formats-75cl","20":"pa_millesimes-175","21":"pa_pays-argentine","22":"pa_quantites-a-lunite","23":"pa_quantites-carton-de-3-bouteilles","24":"pa_quantites-carton-de-6-bouteilles","25":"pa_vinifications-raisonnee","27":"first","28":"instock","29":"taxable","30":"shipping-taxable","31":"purchasable","32":"product-type-simple"},"acf":[],"yoast_head":"<!-- This site is optimized with the Yoast SEO plugin v27.4 - https:\/\/yoast.com\/product\/yoast-seo-wordpress\/ -->\n<title>Chardonnay Grande Reserve - Demourshop<\/title>\n<meta name=\"description\" content=\"Chardonnay Grande Reserve 2021 \u2013 blanc \u00e9l\u00e9gant du Wagram. Notes d\u2019ananas, vanille et min\u00e9ralit\u00e9. Id\u00e9al fruits de mer ou cuisine asiatique.\" \/>\n<meta name=\"robots\" content=\"index, follow, max-snippet:-1, max-image-preview:large, max-video-preview:-1\" \/>\n<link rel=\"canonical\" href=\"https:\/\/demourshop.com\/en\/product\/chardonnay-grande-reserve\/\" \/>\n<meta property=\"og:locale\" content=\"en_GB\" \/>\n<meta property=\"og:type\" content=\"article\" \/>\n<meta property=\"og:title\" content=\"Chardonnay Grande Reserve - Demourshop\" \/>\n<meta property=\"og:description\" content=\"Chardonnay Grande Reserve 2021 \u2013 blanc \u00e9l\u00e9gant du Wagram. Notes d\u2019ananas, vanille et min\u00e9ralit\u00e9. Id\u00e9al fruits de mer ou cuisine asiatique.\" \/>\n<meta property=\"og:url\" content=\"https:\/\/demourshop.com\/en\/product\/chardonnay-grande-reserve\/\" \/>\n<meta property=\"og:site_name\" content=\"Demourshop\" \/>\n<meta property=\"article:modified_time\" content=\"2025-09-26T13:52:38+00:00\" \/>\n<meta property=\"og:image\" content=\"http:\/\/demourshop.com\/wp-content\/uploads\/2025\/01\/Leth-chardo.png\" \/>\n\t<meta property=\"og:image:width\" content=\"700\" \/>\n\t<meta property=\"og:image:height\" content=\"700\" \/>\n\t<meta property=\"og:image:type\" content=\"image\/png\" \/>\n<meta name=\"twitter:card\" content=\"summary_large_image\" \/>\n<meta name=\"twitter:label1\" content=\"Estimated reading time\" \/>\n\t<meta name=\"twitter:data1\" content=\"2 minutes\" \/>\n<script type=\"application\/ld+json\" class=\"yoast-schema-graph\">{\"@context\":\"https:\\\/\\\/schema.org\",\"@graph\":[{\"@type\":\"WebPage\",\"@id\":\"https:\\\/\\\/demourshop.com\\\/produit\\\/chardonnay-grande-reserve\\\/\",\"url\":\"https:\\\/\\\/demourshop.com\\\/produit\\\/chardonnay-grande-reserve\\\/\",\"name\":\"Chardonnay Grande Reserve - Demourshop\",\"isPartOf\":{\"@id\":\"https:\\\/\\\/demourshop.com\\\/#website\"},\"primaryImageOfPage\":{\"@id\":\"https:\\\/\\\/demourshop.com\\\/produit\\\/chardonnay-grande-reserve\\\/#primaryimage\"},\"image\":{\"@id\":\"https:\\\/\\\/demourshop.com\\\/produit\\\/chardonnay-grande-reserve\\\/#primaryimage\"},\"thumbnailUrl\":\"https:\\\/\\\/demourshop.com\\\/wp-content\\\/uploads\\\/2025\\\/01\\\/Leth-chardo.png\",\"datePublished\":\"2025-01-31T13:08:59+00:00\",\"dateModified\":\"2025-09-26T13:52:38+00:00\",\"description\":\"Chardonnay Grande Reserve 2021 \u2013 blanc \u00e9l\u00e9gant du Wagram. Notes d\u2019ananas, vanille et min\u00e9ralit\u00e9. Id\u00e9al fruits de mer ou cuisine asiatique.\",\"breadcrumb\":{\"@id\":\"https:\\\/\\\/demourshop.com\\\/produit\\\/chardonnay-grande-reserve\\\/#breadcrumb\"},\"inLanguage\":\"en-GB\",\"potentialAction\":[{\"@type\":\"ReadAction\",\"target\":[\"https:\\\/\\\/demourshop.com\\\/produit\\\/chardonnay-grande-reserve\\\/\"]}]},{\"@type\":\"ImageObject\",\"inLanguage\":\"en-GB\",\"@id\":\"https:\\\/\\\/demourshop.com\\\/produit\\\/chardonnay-grande-reserve\\\/#primaryimage\",\"url\":\"https:\\\/\\\/demourshop.com\\\/wp-content\\\/uploads\\\/2025\\\/01\\\/Leth-chardo.png\",\"contentUrl\":\"https:\\\/\\\/demourshop.com\\\/wp-content\\\/uploads\\\/2025\\\/01\\\/Leth-chardo.png\",\"width\":700,\"height\":700,\"caption\":\"Chardonnay Grande Reserve 2021, vin blanc autrichien \u00e0 savourer \u00e0 10\u00b0C.\"},{\"@type\":\"BreadcrumbList\",\"@id\":\"https:\\\/\\\/demourshop.com\\\/produit\\\/chardonnay-grande-reserve\\\/#breadcrumb\",\"itemListElement\":[{\"@type\":\"ListItem\",\"position\":1,\"name\":\"Accueil\",\"item\":\"https:\\\/\\\/demourshop.com\\\/\"},{\"@type\":\"ListItem\",\"position\":2,\"name\":\"Boutique\",\"item\":\"https:\\\/\\\/demourshop.com\\\/boutique\\\/\"},{\"@type\":\"ListItem\",\"position\":3,\"name\":\"Chardonnay Grande Reserve\"}]},{\"@type\":\"WebSite\",\"@id\":\"https:\\\/\\\/demourshop.com\\\/#website\",\"url\":\"https:\\\/\\\/demourshop.com\\\/\",\"name\":\"Demourshop\",\"description\":\"\",\"publisher\":{\"@id\":\"https:\\\/\\\/demourshop.com\\\/#organization\"},\"potentialAction\":[{\"@type\":\"SearchAction\",\"target\":{\"@type\":\"EntryPoint\",\"urlTemplate\":\"https:\\\/\\\/demourshop.com\\\/?s={search_term_string}\"},\"query-input\":{\"@type\":\"PropertyValueSpecification\",\"valueRequired\":true,\"valueName\":\"search_term_string\"}}],\"inLanguage\":\"en-GB\"},{\"@type\":\"Organization\",\"@id\":\"https:\\\/\\\/demourshop.com\\\/#organization\",\"name\":\"Demourshop\",\"url\":\"https:\\\/\\\/demourshop.com\\\/\",\"logo\":{\"@type\":\"ImageObject\",\"inLanguage\":\"en-GB\",\"@id\":\"https:\\\/\\\/demourshop.com\\\/#\\\/schema\\\/logo\\\/image\\\/\",\"url\":\"https:\\\/\\\/demourshop.com\\\/wp-content\\\/uploads\\\/2023\\\/08\\\/logo-wine-2-1-1.png\",\"contentUrl\":\"https:\\\/\\\/demourshop.com\\\/wp-content\\\/uploads\\\/2023\\\/08\\\/logo-wine-2-1-1.png\",\"width\":400,\"height\":145,\"caption\":\"Demourshop\"},\"image\":{\"@id\":\"https:\\\/\\\/demourshop.com\\\/#\\\/schema\\\/logo\\\/image\\\/\"}}]}<\/script>\n<!-- \/ Yoast SEO plugin. -->","yoast_head_json":{"title":"Chardonnay Grande Reserve - Demourshop","description":"Chardonnay Grande Reserve 2021 \u2013 blanc \u00e9l\u00e9gant du Wagram. Notes d\u2019ananas, vanille et min\u00e9ralit\u00e9. Id\u00e9al fruits de mer ou cuisine asiatique.","robots":{"index":"index","follow":"follow","max-snippet":"max-snippet:-1","max-image-preview":"max-image-preview:large","max-video-preview":"max-video-preview:-1"},"canonical":"https:\/\/demourshop.com\/en\/product\/chardonnay-grande-reserve\/","og_locale":"en_GB","og_type":"article","og_title":"Chardonnay Grande Reserve - Demourshop","og_description":"Chardonnay Grande Reserve 2021 \u2013 blanc \u00e9l\u00e9gant du Wagram. Notes d\u2019ananas, vanille et min\u00e9ralit\u00e9. Id\u00e9al fruits de mer ou cuisine asiatique.","og_url":"https:\/\/demourshop.com\/en\/product\/chardonnay-grande-reserve\/","og_site_name":"Demourshop","article_modified_time":"2025-09-26T13:52:38+00:00","og_image":[{"width":700,"height":700,"url":"http:\/\/demourshop.com\/wp-content\/uploads\/2025\/01\/Leth-chardo.png","type":"image\/png"}],"twitter_card":"summary_large_image","twitter_misc":{"Estimated reading time":"2 minutes"},"schema":{"@context":"https:\/\/schema.org","@graph":[{"@type":"WebPage","@id":"https:\/\/demourshop.com\/produit\/chardonnay-grande-reserve\/","url":"https:\/\/demourshop.com\/produit\/chardonnay-grande-reserve\/","name":"Chardonnay Grande Reserve - Demourshop","isPartOf":{"@id":"https:\/\/demourshop.com\/#website"},"primaryImageOfPage":{"@id":"https:\/\/demourshop.com\/produit\/chardonnay-grande-reserve\/#primaryimage"},"image":{"@id":"https:\/\/demourshop.com\/produit\/chardonnay-grande-reserve\/#primaryimage"},"thumbnailUrl":"https:\/\/demourshop.com\/wp-content\/uploads\/2025\/01\/Leth-chardo.png","datePublished":"2025-01-31T13:08:59+00:00","dateModified":"2025-09-26T13:52:38+00:00","description":"Chardonnay Grande Reserve 2021 \u2013 blanc \u00e9l\u00e9gant du Wagram. Notes d\u2019ananas, vanille et min\u00e9ralit\u00e9. Id\u00e9al fruits de mer ou cuisine asiatique.","breadcrumb":{"@id":"https:\/\/demourshop.com\/produit\/chardonnay-grande-reserve\/#breadcrumb"},"inLanguage":"en-GB","potentialAction":[{"@type":"ReadAction","target":["https:\/\/demourshop.com\/produit\/chardonnay-grande-reserve\/"]}]},{"@type":"ImageObject","inLanguage":"en-GB","@id":"https:\/\/demourshop.com\/produit\/chardonnay-grande-reserve\/#primaryimage","url":"https:\/\/demourshop.com\/wp-content\/uploads\/2025\/01\/Leth-chardo.png","contentUrl":"https:\/\/demourshop.com\/wp-content\/uploads\/2025\/01\/Leth-chardo.png","width":700,"height":700,"caption":"Chardonnay Grande Reserve 2021, vin blanc autrichien \u00e0 savourer \u00e0 10\u00b0C."},{"@type":"BreadcrumbList","@id":"https:\/\/demourshop.com\/produit\/chardonnay-grande-reserve\/#breadcrumb","itemListElement":[{"@type":"ListItem","position":1,"name":"Accueil","item":"https:\/\/demourshop.com\/"},{"@type":"ListItem","position":2,"name":"Boutique","item":"https:\/\/demourshop.com\/boutique\/"},{"@type":"ListItem","position":3,"name":"Chardonnay Grande Reserve"}]},{"@type":"WebSite","@id":"https:\/\/demourshop.com\/#website","url":"https:\/\/demourshop.com\/","name":"Demourshop","description":"","publisher":{"@id":"https:\/\/demourshop.com\/#organization"},"potentialAction":[{"@type":"SearchAction","target":{"@type":"EntryPoint","urlTemplate":"https:\/\/demourshop.com\/?s={search_term_string}"},"query-input":{"@type":"PropertyValueSpecification","valueRequired":true,"valueName":"search_term_string"}}],"inLanguage":"en-GB"},{"@type":"Organization","@id":"https:\/\/demourshop.com\/#organization","name":"Demourshop","url":"https:\/\/demourshop.com\/","logo":{"@type":"ImageObject","inLanguage":"en-GB","@id":"https:\/\/demourshop.com\/#\/schema\/logo\/image\/","url":"https:\/\/demourshop.com\/wp-content\/uploads\/2023\/08\/logo-wine-2-1-1.png","contentUrl":"https:\/\/demourshop.com\/wp-content\/uploads\/2023\/08\/logo-wine-2-1-1.png","width":400,"height":145,"caption":"Demourshop"},"image":{"@id":"https:\/\/demourshop.com\/#\/schema\/logo\/image\/"}}]}},"_links":{"self":[{"href":"https:\/\/demourshop.com\/en\/wp-json\/wp\/v2\/product\/69800","targetHints":{"allow":["GET"]}}],"collection":[{"href":"https:\/\/demourshop.com\/en\/wp-json\/wp\/v2\/product"}],"about":[{"href":"https:\/\/demourshop.com\/en\/wp-json\/wp\/v2\/types\/product"}],"version-history":[{"count":6,"href":"https:\/\/demourshop.com\/en\/wp-json\/wp\/v2\/product\/69800\/revisions"}],"predecessor-version":[{"id":70338,"href":"https:\/\/demourshop.com\/en\/wp-json\/wp\/v2\/product\/69800\/revisions\/70338"}],"wp:featuredmedia":[{"embeddable":true,"href":"https:\/\/demourshop.com\/en\/wp-json\/wp\/v2\/media\/69801"}],"wp:attachment":[{"href":"https:\/\/demourshop.com\/en\/wp-json\/wp\/v2\/media?parent=69800"}],"wp:term":[{"taxonomy":"product_brand","embeddable":true,"href":"https:\/\/demourshop.com\/en\/wp-json\/wp\/v2\/product_brand?post=69800"},{"taxonomy":"product_cat","embeddable":true,"href":"https:\/\/demourshop.com\/en\/wp-json\/wp\/v2\/product_cat?post=69800"},{"taxonomy":"product_tag","embeddable":true,"href":"https:\/\/demourshop.com\/en\/wp-json\/wp\/v2\/product_tag?post=69800"}],"curies":[{"name":"wp","href":"https:\/\/api.w.org\/{rel}","templated":true}]}}