{"id":69473,"date":"2024-11-29T14:35:05","date_gmt":"2024-11-29T13:35:05","guid":{"rendered":"https:\/\/demourshop.com\/?post_type=product&#038;p=69473"},"modified":"2026-03-12T16:37:11","modified_gmt":"2026-03-12T15:37:11","slug":"100-merlot","status":"publish","type":"product","link":"https:\/\/demourshop.com\/en\/product\/100-merlot\/","title":{"rendered":"100% Merlot"},"content":{"rendered":"<p>\u00c0 servir l\u00e9g\u00e8rement frais (14\u201315\u00b0C) avec des tapas, des grillades, des quiches ou une assiette de charcuterie. C\u2019est aussi le compagnon parfait d\u2019un ap\u00e9ritif improvis\u00e9 ou d\u2019un d\u00eener entre amis. <strong>100% Merlot<\/strong> pla\u00eet \u00e0 tous les profils de d\u00e9gustateurs, y compris ceux qui d\u00e9butent dans le vin rouge. Une cuv\u00e9e \u00e0 la fois simple, bien faite et toujours agr\u00e9able \u00e0 boire. Pour un plaisir imm\u00e9diat sans prise de t\u00eate.<\/p>","protected":false},"excerpt":{"rendered":"<p><strong>100% Merlot<\/strong> \u2013 Vin rouge souple, fruit\u00e9 et accessible, sign\u00e9 De Mour. \u00c0 boire sans attendre, id\u00e9al en toutes occasions. Livraison rapide \u2013 prix propri\u00e9t\u00e9.<\/p>","protected":false},"featured_media":69476,"template":"","meta":{"_acf_changed":false},"product_brand":[],"product_cat":[378,633,507,552,383,409,382,395,375,393,160],"product_tag":[],"class_list":{"0":"post-69473","1":"product","2":"type-product","3":"status-publish","4":"has-post-thumbnail","6":"product_cat-appellations-vin-en-ligne","7":"product_cat-bordeaux-en-ligne","8":"product_cat-cepages-vin-en-ligne","9":"product_cat-vin-par-couleur-en-ligne","10":"product_cat-vin-de-france-en-ligne","11":"product_cat-merlot-en-ligne","12":"product_cat-vin-par-pays-en-ligne","13":"product_cat-vin-agriculture-raisonnee","14":"product_cat-vin-rouge-en-ligne","15":"product_cat-vins-par-methode-de-vinification","16":"product_cat-vins-de-proprietes-en-ligne","17":"pa_appellations-bordeaux","18":"pa_cepages-merlot","19":"pa_couleurs-rouge","20":"pa_formats-75cl","21":"pa_millesimes-180","22":"pa_pays-france","23":"pa_propriete-bordeaux","24":"pa_quantites-a-lunite","25":"pa_quantites-carton-de-3-bouteilles","26":"pa_quantites-carton-de-6-bouteilles","27":"pa_vinifications-raisonnee","29":"first","30":"instock","31":"taxable","32":"shipping-taxable","33":"purchasable","34":"product-type-simple"},"acf":[],"yoast_head":"<!-- This site is optimized with the Yoast SEO plugin v27.4 - https:\/\/yoast.com\/product\/yoast-seo-wordpress\/ -->\n<title>100% Merlot - Demourshop<\/title>\n<meta name=\"description\" content=\"100% Merlot \u2013 Vin rouge souple et gourmand sign\u00e9 De Mour. Un Merlot accessible et convivial \u00e0 d\u00e9guster en toute simplicit\u00e9. Prix propri\u00e9t\u00e9.\" \/>\n<meta name=\"robots\" content=\"index, follow, max-snippet:-1, max-image-preview:large, max-video-preview:-1\" \/>\n<link rel=\"canonical\" href=\"http:\/\/demourshop.com\/en\/product\/100-merlot\/\" \/>\n<meta property=\"og:locale\" content=\"en_GB\" \/>\n<meta property=\"og:type\" content=\"article\" \/>\n<meta property=\"og:title\" content=\"100% Merlot - Demourshop\" \/>\n<meta property=\"og:description\" content=\"100% Merlot \u2013 Vin rouge souple et gourmand sign\u00e9 De Mour. Un Merlot accessible et convivial \u00e0 d\u00e9guster en toute simplicit\u00e9. Prix propri\u00e9t\u00e9.\" \/>\n<meta property=\"og:url\" content=\"http:\/\/demourshop.com\/en\/product\/100-merlot\/\" \/>\n<meta property=\"og:site_name\" content=\"Demourshop\" \/>\n<meta property=\"article:modified_time\" content=\"2026-03-12T15:37:11+00:00\" \/>\n<meta property=\"og:image\" content=\"http:\/\/demourshop.com\/wp-content\/uploads\/2024\/11\/100-merlot.png\" \/>\n\t<meta property=\"og:image:width\" content=\"700\" \/>\n\t<meta property=\"og:image:height\" content=\"700\" \/>\n\t<meta property=\"og:image:type\" content=\"image\/png\" \/>\n<meta name=\"twitter:card\" content=\"summary_large_image\" \/>\n<meta name=\"twitter:label1\" content=\"Estimated reading time\" \/>\n\t<meta name=\"twitter:data1\" content=\"2 minutes\" \/>\n<script type=\"application\/ld+json\" class=\"yoast-schema-graph\">{\"@context\":\"https:\\\/\\\/schema.org\",\"@graph\":[{\"@type\":\"WebPage\",\"@id\":\"http:\\\/\\\/demourshop.com\\\/produit\\\/100-merlot\\\/\",\"url\":\"http:\\\/\\\/demourshop.com\\\/produit\\\/100-merlot\\\/\",\"name\":\"100% Merlot - Demourshop\",\"isPartOf\":{\"@id\":\"https:\\\/\\\/demourshop.com\\\/#website\"},\"primaryImageOfPage\":{\"@id\":\"http:\\\/\\\/demourshop.com\\\/produit\\\/100-merlot\\\/#primaryimage\"},\"image\":{\"@id\":\"http:\\\/\\\/demourshop.com\\\/produit\\\/100-merlot\\\/#primaryimage\"},\"thumbnailUrl\":\"https:\\\/\\\/demourshop.com\\\/wp-content\\\/uploads\\\/2024\\\/11\\\/100-merlot.png\",\"datePublished\":\"2024-11-29T13:35:05+00:00\",\"dateModified\":\"2026-03-12T15:37:11+00:00\",\"description\":\"100% Merlot \u2013 Vin rouge souple et gourmand sign\u00e9 De Mour. Un Merlot accessible et convivial \u00e0 d\u00e9guster en toute simplicit\u00e9. Prix propri\u00e9t\u00e9.\",\"breadcrumb\":{\"@id\":\"http:\\\/\\\/demourshop.com\\\/produit\\\/100-merlot\\\/#breadcrumb\"},\"inLanguage\":\"en-GB\",\"potentialAction\":[{\"@type\":\"ReadAction\",\"target\":[\"http:\\\/\\\/demourshop.com\\\/produit\\\/100-merlot\\\/\"]}]},{\"@type\":\"ImageObject\",\"inLanguage\":\"en-GB\",\"@id\":\"http:\\\/\\\/demourshop.com\\\/produit\\\/100-merlot\\\/#primaryimage\",\"url\":\"https:\\\/\\\/demourshop.com\\\/wp-content\\\/uploads\\\/2024\\\/11\\\/100-merlot.png\",\"contentUrl\":\"https:\\\/\\\/demourshop.com\\\/wp-content\\\/uploads\\\/2024\\\/11\\\/100-merlot.png\",\"width\":700,\"height\":700,\"caption\":\"Un Merlot souple et fruit\u00e9, typique du terroir bordelais.\"},{\"@type\":\"BreadcrumbList\",\"@id\":\"http:\\\/\\\/demourshop.com\\\/produit\\\/100-merlot\\\/#breadcrumb\",\"itemListElement\":[{\"@type\":\"ListItem\",\"position\":1,\"name\":\"Accueil\",\"item\":\"https:\\\/\\\/demourshop.com\\\/\"},{\"@type\":\"ListItem\",\"position\":2,\"name\":\"Boutique\",\"item\":\"https:\\\/\\\/demourshop.com\\\/boutique\\\/\"},{\"@type\":\"ListItem\",\"position\":3,\"name\":\"100% Merlot\"}]},{\"@type\":\"WebSite\",\"@id\":\"https:\\\/\\\/demourshop.com\\\/#website\",\"url\":\"https:\\\/\\\/demourshop.com\\\/\",\"name\":\"Demourshop\",\"description\":\"\",\"publisher\":{\"@id\":\"https:\\\/\\\/demourshop.com\\\/#organization\"},\"potentialAction\":[{\"@type\":\"SearchAction\",\"target\":{\"@type\":\"EntryPoint\",\"urlTemplate\":\"https:\\\/\\\/demourshop.com\\\/?s={search_term_string}\"},\"query-input\":{\"@type\":\"PropertyValueSpecification\",\"valueRequired\":true,\"valueName\":\"search_term_string\"}}],\"inLanguage\":\"en-GB\"},{\"@type\":\"Organization\",\"@id\":\"https:\\\/\\\/demourshop.com\\\/#organization\",\"name\":\"Demourshop\",\"url\":\"https:\\\/\\\/demourshop.com\\\/\",\"logo\":{\"@type\":\"ImageObject\",\"inLanguage\":\"en-GB\",\"@id\":\"https:\\\/\\\/demourshop.com\\\/#\\\/schema\\\/logo\\\/image\\\/\",\"url\":\"https:\\\/\\\/demourshop.com\\\/wp-content\\\/uploads\\\/2023\\\/08\\\/logo-wine-2-1-1.png\",\"contentUrl\":\"https:\\\/\\\/demourshop.com\\\/wp-content\\\/uploads\\\/2023\\\/08\\\/logo-wine-2-1-1.png\",\"width\":400,\"height\":145,\"caption\":\"Demourshop\"},\"image\":{\"@id\":\"https:\\\/\\\/demourshop.com\\\/#\\\/schema\\\/logo\\\/image\\\/\"}}]}<\/script>\n<!-- \/ Yoast SEO plugin. -->","yoast_head_json":{"title":"100% Merlot - Demourshop","description":"100% Merlot \u2013 Vin rouge souple et gourmand sign\u00e9 De Mour. Un Merlot accessible et convivial \u00e0 d\u00e9guster en toute simplicit\u00e9. Prix propri\u00e9t\u00e9.","robots":{"index":"index","follow":"follow","max-snippet":"max-snippet:-1","max-image-preview":"max-image-preview:large","max-video-preview":"max-video-preview:-1"},"canonical":"http:\/\/demourshop.com\/en\/product\/100-merlot\/","og_locale":"en_GB","og_type":"article","og_title":"100% Merlot - Demourshop","og_description":"100% Merlot \u2013 Vin rouge souple et gourmand sign\u00e9 De Mour. Un Merlot accessible et convivial \u00e0 d\u00e9guster en toute simplicit\u00e9. Prix propri\u00e9t\u00e9.","og_url":"http:\/\/demourshop.com\/en\/product\/100-merlot\/","og_site_name":"Demourshop","article_modified_time":"2026-03-12T15:37:11+00:00","og_image":[{"width":700,"height":700,"url":"http:\/\/demourshop.com\/wp-content\/uploads\/2024\/11\/100-merlot.png","type":"image\/png"}],"twitter_card":"summary_large_image","twitter_misc":{"Estimated reading time":"2 minutes"},"schema":{"@context":"https:\/\/schema.org","@graph":[{"@type":"WebPage","@id":"http:\/\/demourshop.com\/produit\/100-merlot\/","url":"http:\/\/demourshop.com\/produit\/100-merlot\/","name":"100% Merlot - Demourshop","isPartOf":{"@id":"https:\/\/demourshop.com\/#website"},"primaryImageOfPage":{"@id":"http:\/\/demourshop.com\/produit\/100-merlot\/#primaryimage"},"image":{"@id":"http:\/\/demourshop.com\/produit\/100-merlot\/#primaryimage"},"thumbnailUrl":"https:\/\/demourshop.com\/wp-content\/uploads\/2024\/11\/100-merlot.png","datePublished":"2024-11-29T13:35:05+00:00","dateModified":"2026-03-12T15:37:11+00:00","description":"100% Merlot \u2013 Vin rouge souple et gourmand sign\u00e9 De Mour. Un Merlot accessible et convivial \u00e0 d\u00e9guster en toute simplicit\u00e9. Prix propri\u00e9t\u00e9.","breadcrumb":{"@id":"http:\/\/demourshop.com\/produit\/100-merlot\/#breadcrumb"},"inLanguage":"en-GB","potentialAction":[{"@type":"ReadAction","target":["http:\/\/demourshop.com\/produit\/100-merlot\/"]}]},{"@type":"ImageObject","inLanguage":"en-GB","@id":"http:\/\/demourshop.com\/produit\/100-merlot\/#primaryimage","url":"https:\/\/demourshop.com\/wp-content\/uploads\/2024\/11\/100-merlot.png","contentUrl":"https:\/\/demourshop.com\/wp-content\/uploads\/2024\/11\/100-merlot.png","width":700,"height":700,"caption":"Un Merlot souple et fruit\u00e9, typique du terroir bordelais."},{"@type":"BreadcrumbList","@id":"http:\/\/demourshop.com\/produit\/100-merlot\/#breadcrumb","itemListElement":[{"@type":"ListItem","position":1,"name":"Accueil","item":"https:\/\/demourshop.com\/"},{"@type":"ListItem","position":2,"name":"Boutique","item":"https:\/\/demourshop.com\/boutique\/"},{"@type":"ListItem","position":3,"name":"100% Merlot"}]},{"@type":"WebSite","@id":"https:\/\/demourshop.com\/#website","url":"https:\/\/demourshop.com\/","name":"Demourshop","description":"","publisher":{"@id":"https:\/\/demourshop.com\/#organization"},"potentialAction":[{"@type":"SearchAction","target":{"@type":"EntryPoint","urlTemplate":"https:\/\/demourshop.com\/?s={search_term_string}"},"query-input":{"@type":"PropertyValueSpecification","valueRequired":true,"valueName":"search_term_string"}}],"inLanguage":"en-GB"},{"@type":"Organization","@id":"https:\/\/demourshop.com\/#organization","name":"Demourshop","url":"https:\/\/demourshop.com\/","logo":{"@type":"ImageObject","inLanguage":"en-GB","@id":"https:\/\/demourshop.com\/#\/schema\/logo\/image\/","url":"https:\/\/demourshop.com\/wp-content\/uploads\/2023\/08\/logo-wine-2-1-1.png","contentUrl":"https:\/\/demourshop.com\/wp-content\/uploads\/2023\/08\/logo-wine-2-1-1.png","width":400,"height":145,"caption":"Demourshop"},"image":{"@id":"https:\/\/demourshop.com\/#\/schema\/logo\/image\/"}}]}},"_links":{"self":[{"href":"https:\/\/demourshop.com\/en\/wp-json\/wp\/v2\/product\/69473","targetHints":{"allow":["GET"]}}],"collection":[{"href":"https:\/\/demourshop.com\/en\/wp-json\/wp\/v2\/product"}],"about":[{"href":"https:\/\/demourshop.com\/en\/wp-json\/wp\/v2\/types\/product"}],"version-history":[{"count":3,"href":"https:\/\/demourshop.com\/en\/wp-json\/wp\/v2\/product\/69473\/revisions"}],"predecessor-version":[{"id":70624,"href":"https:\/\/demourshop.com\/en\/wp-json\/wp\/v2\/product\/69473\/revisions\/70624"}],"wp:featuredmedia":[{"embeddable":true,"href":"https:\/\/demourshop.com\/en\/wp-json\/wp\/v2\/media\/69476"}],"wp:attachment":[{"href":"https:\/\/demourshop.com\/en\/wp-json\/wp\/v2\/media?parent=69473"}],"wp:term":[{"taxonomy":"product_brand","embeddable":true,"href":"https:\/\/demourshop.com\/en\/wp-json\/wp\/v2\/product_brand?post=69473"},{"taxonomy":"product_cat","embeddable":true,"href":"https:\/\/demourshop.com\/en\/wp-json\/wp\/v2\/product_cat?post=69473"},{"taxonomy":"product_tag","embeddable":true,"href":"https:\/\/demourshop.com\/en\/wp-json\/wp\/v2\/product_tag?post=69473"}],"curies":[{"name":"wp","href":"https:\/\/api.w.org\/{rel}","templated":true}]}}