{"id":69330,"date":"2024-11-25T14:58:58","date_gmt":"2024-11-25T13:58:58","guid":{"rendered":"https:\/\/demourshop.com\/?post_type=product&#038;p=69330"},"modified":"2025-05-27T10:15:44","modified_gmt":"2025-05-27T08:15:44","slug":"megaphone-2020","status":"publish","type":"product","link":"https:\/\/demourshop.com\/en\/product\/megaphone-2020\/","title":{"rendered":"M\u00e9gaphone"},"content":{"rendered":"<p>Servez <strong>M\u00e9gaphone 2020<\/strong> \u00e0 17\u00b0C apr\u00e8s un carafage d\u2019une heure. Ce vin s&rsquo;accorde parfaitement avec une c\u00f4te de veau aux herbes, un gigot d\u2019agneau, des l\u00e9gumes r\u00f4tis ou une cuisine proven\u00e7ale. Il peut se d\u00e9guster d\u00e8s maintenant pour sa fra\u00eecheur vibrante ou se garder 5 \u00e0 8 ans. C\u2019est un vin sinc\u00e8re, \u00e9l\u00e9gant et profond\u00e9ment m\u00e9diterran\u00e9en, \u00e0 la fois accessible et authentique. Id\u00e9al pour ceux qui recherchent un Rh\u00f4ne sudiste rafra\u00eechissant sans concession sur la qualit\u00e9.<\/p>","protected":false},"excerpt":{"rendered":"<p><strong>M\u00e9gaphone 2020<\/strong> \u2013 Ventoux rouge sign\u00e9 Brunier. Un vin sudiste, frais, intense et \u00e9l\u00e9gant. Grenache et Syrah sur terroir de garrigue.<\/p>","protected":false},"featured_media":69783,"template":"","meta":{"_acf_changed":false},"product_brand":[],"product_cat":[378,507,552,383,411,382,395,417,593,375,393],"product_tag":[],"class_list":{"0":"post-69330","1":"product","2":"type-product","3":"status-publish","4":"has-post-thumbnail","6":"product_cat-appellations-vin-en-ligne","7":"product_cat-cepages-vin-en-ligne","8":"product_cat-vin-par-couleur-en-ligne","9":"product_cat-vin-de-france-en-ligne","10":"product_cat-grenache-en-ligne","11":"product_cat-vin-par-pays-en-ligne","12":"product_cat-vin-agriculture-raisonnee","13":"product_cat-syrah-en-ligne","14":"product_cat-vin-ventoux-en-ligne","15":"product_cat-vin-rouge-en-ligne","16":"product_cat-vins-par-methode-de-vinification","17":"pa_appellations-ventoux","18":"pa_cepages-grenache","19":"pa_cepages-syrah","20":"pa_couleurs-rouge","21":"pa_formats-75cl","22":"pa_millesimes-176","23":"pa_pays-france","24":"pa_quantites-a-lunite","25":"pa_quantites-carton-de-3-bouteilles","26":"pa_quantites-carton-de-6-bouteilles","27":"pa_vinifications-raisonnee","29":"first","30":"instock","31":"taxable","32":"shipping-taxable","33":"purchasable","34":"product-type-simple"},"acf":[],"yoast_head":"<!-- This site is optimized with the Yoast SEO plugin v27.4 - https:\/\/yoast.com\/product\/yoast-seo-wordpress\/ -->\n<title>M\u00e9gaphone - Demourshop<\/title>\n<meta name=\"description\" content=\"M\u00e9gaphone 2020 \u2013 Ventoux sign\u00e9 Brunier. Grenache &amp; Syrah sur terroir de garrigue. Rouge frais et tendu. Livraison rapide \u2013 vin de caract\u00e8re.\" \/>\n<meta name=\"robots\" content=\"index, follow, max-snippet:-1, max-image-preview:large, max-video-preview:-1\" \/>\n<link rel=\"canonical\" href=\"https:\/\/demourshop.com\/en\/product\/megaphone-2020\/\" \/>\n<meta property=\"og:locale\" content=\"en_GB\" \/>\n<meta property=\"og:type\" content=\"article\" \/>\n<meta property=\"og:title\" content=\"M\u00e9gaphone - Demourshop\" \/>\n<meta property=\"og:description\" content=\"M\u00e9gaphone 2020 \u2013 Ventoux sign\u00e9 Brunier. Grenache &amp; Syrah sur terroir de garrigue. Rouge frais et tendu. Livraison rapide \u2013 vin de caract\u00e8re.\" \/>\n<meta property=\"og:url\" content=\"https:\/\/demourshop.com\/en\/product\/megaphone-2020\/\" \/>\n<meta property=\"og:site_name\" content=\"Demourshop\" \/>\n<meta property=\"article:modified_time\" content=\"2025-05-27T08:15:44+00:00\" \/>\n<meta property=\"og:image\" content=\"http:\/\/demourshop.com\/wp-content\/uploads\/2024\/11\/megaphone-1.png\" \/>\n\t<meta property=\"og:image:width\" content=\"700\" \/>\n\t<meta property=\"og:image:height\" content=\"700\" \/>\n\t<meta property=\"og:image:type\" content=\"image\/png\" \/>\n<meta name=\"twitter:card\" content=\"summary_large_image\" \/>\n<meta name=\"twitter:label1\" content=\"Estimated reading time\" \/>\n\t<meta name=\"twitter:data1\" content=\"2 minutes\" \/>\n<script type=\"application\/ld+json\" class=\"yoast-schema-graph\">{\"@context\":\"https:\\\/\\\/schema.org\",\"@graph\":[{\"@type\":\"WebPage\",\"@id\":\"https:\\\/\\\/demourshop.com\\\/produit\\\/megaphone-2020\\\/\",\"url\":\"https:\\\/\\\/demourshop.com\\\/produit\\\/megaphone-2020\\\/\",\"name\":\"M\u00e9gaphone - Demourshop\",\"isPartOf\":{\"@id\":\"https:\\\/\\\/demourshop.com\\\/#website\"},\"primaryImageOfPage\":{\"@id\":\"https:\\\/\\\/demourshop.com\\\/produit\\\/megaphone-2020\\\/#primaryimage\"},\"image\":{\"@id\":\"https:\\\/\\\/demourshop.com\\\/produit\\\/megaphone-2020\\\/#primaryimage\"},\"thumbnailUrl\":\"https:\\\/\\\/demourshop.com\\\/wp-content\\\/uploads\\\/2024\\\/11\\\/megaphone-1.png\",\"datePublished\":\"2024-11-25T13:58:58+00:00\",\"dateModified\":\"2025-05-27T08:15:44+00:00\",\"description\":\"M\u00e9gaphone 2020 \u2013 Ventoux sign\u00e9 Brunier. Grenache & Syrah sur terroir de garrigue. Rouge frais et tendu. Livraison rapide \u2013 vin de caract\u00e8re.\",\"breadcrumb\":{\"@id\":\"https:\\\/\\\/demourshop.com\\\/produit\\\/megaphone-2020\\\/#breadcrumb\"},\"inLanguage\":\"en-GB\",\"potentialAction\":[{\"@type\":\"ReadAction\",\"target\":[\"https:\\\/\\\/demourshop.com\\\/produit\\\/megaphone-2020\\\/\"]}]},{\"@type\":\"ImageObject\",\"inLanguage\":\"en-GB\",\"@id\":\"https:\\\/\\\/demourshop.com\\\/produit\\\/megaphone-2020\\\/#primaryimage\",\"url\":\"https:\\\/\\\/demourshop.com\\\/wp-content\\\/uploads\\\/2024\\\/11\\\/megaphone-1.png\",\"contentUrl\":\"https:\\\/\\\/demourshop.com\\\/wp-content\\\/uploads\\\/2024\\\/11\\\/megaphone-1.png\",\"width\":700,\"height\":700,\"caption\":\"M\u00e9gaphone 2020 \u2013 bouteille de vin rouge AOC Ventoux du Domaine Brunier, assemblage Grenache Syrah, terroir sudiste \u00e9l\u00e9gant et \u00e9pic\u00e9\"},{\"@type\":\"BreadcrumbList\",\"@id\":\"https:\\\/\\\/demourshop.com\\\/produit\\\/megaphone-2020\\\/#breadcrumb\",\"itemListElement\":[{\"@type\":\"ListItem\",\"position\":1,\"name\":\"Accueil\",\"item\":\"https:\\\/\\\/demourshop.com\\\/\"},{\"@type\":\"ListItem\",\"position\":2,\"name\":\"Boutique\",\"item\":\"https:\\\/\\\/demourshop.com\\\/boutique\\\/\"},{\"@type\":\"ListItem\",\"position\":3,\"name\":\"M\u00e9gaphone\"}]},{\"@type\":\"WebSite\",\"@id\":\"https:\\\/\\\/demourshop.com\\\/#website\",\"url\":\"https:\\\/\\\/demourshop.com\\\/\",\"name\":\"Demourshop\",\"description\":\"\",\"publisher\":{\"@id\":\"https:\\\/\\\/demourshop.com\\\/#organization\"},\"potentialAction\":[{\"@type\":\"SearchAction\",\"target\":{\"@type\":\"EntryPoint\",\"urlTemplate\":\"https:\\\/\\\/demourshop.com\\\/?s={search_term_string}\"},\"query-input\":{\"@type\":\"PropertyValueSpecification\",\"valueRequired\":true,\"valueName\":\"search_term_string\"}}],\"inLanguage\":\"en-GB\"},{\"@type\":\"Organization\",\"@id\":\"https:\\\/\\\/demourshop.com\\\/#organization\",\"name\":\"Demourshop\",\"url\":\"https:\\\/\\\/demourshop.com\\\/\",\"logo\":{\"@type\":\"ImageObject\",\"inLanguage\":\"en-GB\",\"@id\":\"https:\\\/\\\/demourshop.com\\\/#\\\/schema\\\/logo\\\/image\\\/\",\"url\":\"https:\\\/\\\/demourshop.com\\\/wp-content\\\/uploads\\\/2023\\\/08\\\/logo-wine-2-1-1.png\",\"contentUrl\":\"https:\\\/\\\/demourshop.com\\\/wp-content\\\/uploads\\\/2023\\\/08\\\/logo-wine-2-1-1.png\",\"width\":400,\"height\":145,\"caption\":\"Demourshop\"},\"image\":{\"@id\":\"https:\\\/\\\/demourshop.com\\\/#\\\/schema\\\/logo\\\/image\\\/\"}}]}<\/script>\n<!-- \/ Yoast SEO plugin. -->","yoast_head_json":{"title":"M\u00e9gaphone - Demourshop","description":"M\u00e9gaphone 2020 \u2013 Ventoux sign\u00e9 Brunier. Grenache & Syrah sur terroir de garrigue. Rouge frais et tendu. Livraison rapide \u2013 vin de caract\u00e8re.","robots":{"index":"index","follow":"follow","max-snippet":"max-snippet:-1","max-image-preview":"max-image-preview:large","max-video-preview":"max-video-preview:-1"},"canonical":"https:\/\/demourshop.com\/en\/product\/megaphone-2020\/","og_locale":"en_GB","og_type":"article","og_title":"M\u00e9gaphone - Demourshop","og_description":"M\u00e9gaphone 2020 \u2013 Ventoux sign\u00e9 Brunier. Grenache & Syrah sur terroir de garrigue. Rouge frais et tendu. Livraison rapide \u2013 vin de caract\u00e8re.","og_url":"https:\/\/demourshop.com\/en\/product\/megaphone-2020\/","og_site_name":"Demourshop","article_modified_time":"2025-05-27T08:15:44+00:00","og_image":[{"width":700,"height":700,"url":"http:\/\/demourshop.com\/wp-content\/uploads\/2024\/11\/megaphone-1.png","type":"image\/png"}],"twitter_card":"summary_large_image","twitter_misc":{"Estimated reading time":"2 minutes"},"schema":{"@context":"https:\/\/schema.org","@graph":[{"@type":"WebPage","@id":"https:\/\/demourshop.com\/produit\/megaphone-2020\/","url":"https:\/\/demourshop.com\/produit\/megaphone-2020\/","name":"M\u00e9gaphone - Demourshop","isPartOf":{"@id":"https:\/\/demourshop.com\/#website"},"primaryImageOfPage":{"@id":"https:\/\/demourshop.com\/produit\/megaphone-2020\/#primaryimage"},"image":{"@id":"https:\/\/demourshop.com\/produit\/megaphone-2020\/#primaryimage"},"thumbnailUrl":"https:\/\/demourshop.com\/wp-content\/uploads\/2024\/11\/megaphone-1.png","datePublished":"2024-11-25T13:58:58+00:00","dateModified":"2025-05-27T08:15:44+00:00","description":"M\u00e9gaphone 2020 \u2013 Ventoux sign\u00e9 Brunier. Grenache & Syrah sur terroir de garrigue. Rouge frais et tendu. Livraison rapide \u2013 vin de caract\u00e8re.","breadcrumb":{"@id":"https:\/\/demourshop.com\/produit\/megaphone-2020\/#breadcrumb"},"inLanguage":"en-GB","potentialAction":[{"@type":"ReadAction","target":["https:\/\/demourshop.com\/produit\/megaphone-2020\/"]}]},{"@type":"ImageObject","inLanguage":"en-GB","@id":"https:\/\/demourshop.com\/produit\/megaphone-2020\/#primaryimage","url":"https:\/\/demourshop.com\/wp-content\/uploads\/2024\/11\/megaphone-1.png","contentUrl":"https:\/\/demourshop.com\/wp-content\/uploads\/2024\/11\/megaphone-1.png","width":700,"height":700,"caption":"M\u00e9gaphone 2020 \u2013 bouteille de vin rouge AOC Ventoux du Domaine Brunier, assemblage Grenache Syrah, terroir sudiste \u00e9l\u00e9gant et \u00e9pic\u00e9"},{"@type":"BreadcrumbList","@id":"https:\/\/demourshop.com\/produit\/megaphone-2020\/#breadcrumb","itemListElement":[{"@type":"ListItem","position":1,"name":"Accueil","item":"https:\/\/demourshop.com\/"},{"@type":"ListItem","position":2,"name":"Boutique","item":"https:\/\/demourshop.com\/boutique\/"},{"@type":"ListItem","position":3,"name":"M\u00e9gaphone"}]},{"@type":"WebSite","@id":"https:\/\/demourshop.com\/#website","url":"https:\/\/demourshop.com\/","name":"Demourshop","description":"","publisher":{"@id":"https:\/\/demourshop.com\/#organization"},"potentialAction":[{"@type":"SearchAction","target":{"@type":"EntryPoint","urlTemplate":"https:\/\/demourshop.com\/?s={search_term_string}"},"query-input":{"@type":"PropertyValueSpecification","valueRequired":true,"valueName":"search_term_string"}}],"inLanguage":"en-GB"},{"@type":"Organization","@id":"https:\/\/demourshop.com\/#organization","name":"Demourshop","url":"https:\/\/demourshop.com\/","logo":{"@type":"ImageObject","inLanguage":"en-GB","@id":"https:\/\/demourshop.com\/#\/schema\/logo\/image\/","url":"https:\/\/demourshop.com\/wp-content\/uploads\/2023\/08\/logo-wine-2-1-1.png","contentUrl":"https:\/\/demourshop.com\/wp-content\/uploads\/2023\/08\/logo-wine-2-1-1.png","width":400,"height":145,"caption":"Demourshop"},"image":{"@id":"https:\/\/demourshop.com\/#\/schema\/logo\/image\/"}}]}},"_links":{"self":[{"href":"https:\/\/demourshop.com\/en\/wp-json\/wp\/v2\/product\/69330","targetHints":{"allow":["GET"]}}],"collection":[{"href":"https:\/\/demourshop.com\/en\/wp-json\/wp\/v2\/product"}],"about":[{"href":"https:\/\/demourshop.com\/en\/wp-json\/wp\/v2\/types\/product"}],"version-history":[{"count":6,"href":"https:\/\/demourshop.com\/en\/wp-json\/wp\/v2\/product\/69330\/revisions"}],"predecessor-version":[{"id":70294,"href":"https:\/\/demourshop.com\/en\/wp-json\/wp\/v2\/product\/69330\/revisions\/70294"}],"wp:featuredmedia":[{"embeddable":true,"href":"https:\/\/demourshop.com\/en\/wp-json\/wp\/v2\/media\/69783"}],"wp:attachment":[{"href":"https:\/\/demourshop.com\/en\/wp-json\/wp\/v2\/media?parent=69330"}],"wp:term":[{"taxonomy":"product_brand","embeddable":true,"href":"https:\/\/demourshop.com\/en\/wp-json\/wp\/v2\/product_brand?post=69330"},{"taxonomy":"product_cat","embeddable":true,"href":"https:\/\/demourshop.com\/en\/wp-json\/wp\/v2\/product_cat?post=69330"},{"taxonomy":"product_tag","embeddable":true,"href":"https:\/\/demourshop.com\/en\/wp-json\/wp\/v2\/product_tag?post=69330"}],"curies":[{"name":"wp","href":"https:\/\/api.w.org\/{rel}","templated":true}]}}