{"id":69197,"date":"2024-11-22T15:25:48","date_gmt":"2024-11-22T14:25:48","guid":{"rendered":"https:\/\/demourshop.com\/?post_type=product&#038;p=69197"},"modified":"2025-05-12T08:14:28","modified_gmt":"2025-05-12T06:14:28","slug":"box-vin-premium","status":"publish","type":"product","link":"https:\/\/demourshop.com\/en\/product\/box-vin-premium\/","title":{"rendered":"Box Vin Premium"},"content":{"rendered":"","protected":false},"excerpt":{"rendered":"<p>D\u00e9couvrez notre box premium, une s\u00e9lection de vins de qualit\u00e9 pour enrichir votre d\u00e9gustation :<\/p>\n<p>Nos premiers vins de Margaux et Saint-\u00c9milion<\/p>\n<p>Explorez d&rsquo;autres r\u00e9gions viticoles avec des appellations r\u00e9put\u00e9es comme la Bourgogne ou la Vall\u00e9e du Rh\u00f4ne, pour diversifier vos plaisirs \u0153nologiques.<\/p>\n<p>D\u00e9gustez des vins s\u00e9lectionn\u00e9s d&rsquo;Espagne, d&rsquo;Italie ou du Portugal, apportant une touche internationale \u00e0 votre collection.<\/p>\n<p>&nbsp;<\/p>","protected":false},"featured_media":69205,"template":"","meta":{"_acf_changed":false},"product_brand":[],"product_cat":[637],"product_tag":[],"class_list":{"0":"post-69197","1":"product","2":"type-product","3":"status-publish","4":"has-post-thumbnail","6":"product_cat-box-vin-en-ligne","8":"first","9":"instock","10":"sold-individually","11":"taxable","12":"shipping-taxable","13":"purchasable","14":"product-type-simple"},"acf":[],"yoast_head":"<!-- This site is optimized with the Yoast SEO plugin v27.4 - https:\/\/yoast.com\/product\/yoast-seo-wordpress\/ -->\n<title>Box Vin Premium - Demourshop<\/title>\n<meta name=\"description\" content=\"Un savant m\u00e9lange de vins de issus de terroirs d&#039;exceptions pour sublimer vos accords mets et vins.\" \/>\n<meta name=\"robots\" content=\"index, follow, max-snippet:-1, max-image-preview:large, max-video-preview:-1\" \/>\n<link rel=\"canonical\" href=\"https:\/\/demourshop.com\/en\/product\/box-vin-premium\/\" \/>\n<meta property=\"og:locale\" content=\"en_GB\" \/>\n<meta property=\"og:type\" content=\"article\" \/>\n<meta property=\"og:title\" content=\"Box Vin Premium - Demourshop\" \/>\n<meta property=\"og:description\" content=\"Un savant m\u00e9lange de vins de issus de terroirs d&#039;exceptions pour sublimer vos accords mets et vins.\" \/>\n<meta property=\"og:url\" content=\"https:\/\/demourshop.com\/en\/product\/box-vin-premium\/\" \/>\n<meta property=\"og:site_name\" content=\"Demourshop\" \/>\n<meta property=\"article:modified_time\" content=\"2025-05-12T06:14:28+00:00\" \/>\n<meta property=\"og:image\" content=\"http:\/\/demourshop.com\/wp-content\/uploads\/2024\/11\/photo-box-premium.jpg\" \/>\n\t<meta property=\"og:image:width\" content=\"1080\" \/>\n\t<meta property=\"og:image:height\" content=\"771\" \/>\n\t<meta property=\"og:image:type\" content=\"image\/jpeg\" \/>\n<meta name=\"twitter:card\" content=\"summary_large_image\" \/>\n<meta name=\"twitter:label1\" content=\"Estimated reading time\" \/>\n\t<meta name=\"twitter:data1\" content=\"1 minute\" \/>\n<script type=\"application\/ld+json\" class=\"yoast-schema-graph\">{\"@context\":\"https:\\\/\\\/schema.org\",\"@graph\":[{\"@type\":\"WebPage\",\"@id\":\"https:\\\/\\\/demourshop.com\\\/produit\\\/box-vin-premium\\\/\",\"url\":\"https:\\\/\\\/demourshop.com\\\/produit\\\/box-vin-premium\\\/\",\"name\":\"Box Vin Premium - Demourshop\",\"isPartOf\":{\"@id\":\"https:\\\/\\\/demourshop.com\\\/#website\"},\"primaryImageOfPage\":{\"@id\":\"https:\\\/\\\/demourshop.com\\\/produit\\\/box-vin-premium\\\/#primaryimage\"},\"image\":{\"@id\":\"https:\\\/\\\/demourshop.com\\\/produit\\\/box-vin-premium\\\/#primaryimage\"},\"thumbnailUrl\":\"https:\\\/\\\/demourshop.com\\\/wp-content\\\/uploads\\\/2024\\\/11\\\/photo-box-premium.jpg\",\"datePublished\":\"2024-11-22T14:25:48+00:00\",\"dateModified\":\"2025-05-12T06:14:28+00:00\",\"description\":\"Un savant m\u00e9lange de vins de issus de terroirs d'exceptions pour sublimer vos accords mets et vins.\",\"breadcrumb\":{\"@id\":\"https:\\\/\\\/demourshop.com\\\/produit\\\/box-vin-premium\\\/#breadcrumb\"},\"inLanguage\":\"en-GB\",\"potentialAction\":[{\"@type\":\"ReadAction\",\"target\":[\"https:\\\/\\\/demourshop.com\\\/produit\\\/box-vin-premium\\\/\"]}]},{\"@type\":\"ImageObject\",\"inLanguage\":\"en-GB\",\"@id\":\"https:\\\/\\\/demourshop.com\\\/produit\\\/box-vin-premium\\\/#primaryimage\",\"url\":\"https:\\\/\\\/demourshop.com\\\/wp-content\\\/uploads\\\/2024\\\/11\\\/photo-box-premium.jpg\",\"contentUrl\":\"https:\\\/\\\/demourshop.com\\\/wp-content\\\/uploads\\\/2024\\\/11\\\/photo-box-premium.jpg\",\"width\":1080,\"height\":771},{\"@type\":\"BreadcrumbList\",\"@id\":\"https:\\\/\\\/demourshop.com\\\/produit\\\/box-vin-premium\\\/#breadcrumb\",\"itemListElement\":[{\"@type\":\"ListItem\",\"position\":1,\"name\":\"Accueil\",\"item\":\"https:\\\/\\\/demourshop.com\\\/\"},{\"@type\":\"ListItem\",\"position\":2,\"name\":\"Boutique\",\"item\":\"https:\\\/\\\/demourshop.com\\\/boutique\\\/\"},{\"@type\":\"ListItem\",\"position\":3,\"name\":\"Box Vin Premium\"}]},{\"@type\":\"WebSite\",\"@id\":\"https:\\\/\\\/demourshop.com\\\/#website\",\"url\":\"https:\\\/\\\/demourshop.com\\\/\",\"name\":\"Demourshop\",\"description\":\"\",\"publisher\":{\"@id\":\"https:\\\/\\\/demourshop.com\\\/#organization\"},\"potentialAction\":[{\"@type\":\"SearchAction\",\"target\":{\"@type\":\"EntryPoint\",\"urlTemplate\":\"https:\\\/\\\/demourshop.com\\\/?s={search_term_string}\"},\"query-input\":{\"@type\":\"PropertyValueSpecification\",\"valueRequired\":true,\"valueName\":\"search_term_string\"}}],\"inLanguage\":\"en-GB\"},{\"@type\":\"Organization\",\"@id\":\"https:\\\/\\\/demourshop.com\\\/#organization\",\"name\":\"Demourshop\",\"url\":\"https:\\\/\\\/demourshop.com\\\/\",\"logo\":{\"@type\":\"ImageObject\",\"inLanguage\":\"en-GB\",\"@id\":\"https:\\\/\\\/demourshop.com\\\/#\\\/schema\\\/logo\\\/image\\\/\",\"url\":\"https:\\\/\\\/demourshop.com\\\/wp-content\\\/uploads\\\/2023\\\/08\\\/logo-wine-2-1-1.png\",\"contentUrl\":\"https:\\\/\\\/demourshop.com\\\/wp-content\\\/uploads\\\/2023\\\/08\\\/logo-wine-2-1-1.png\",\"width\":400,\"height\":145,\"caption\":\"Demourshop\"},\"image\":{\"@id\":\"https:\\\/\\\/demourshop.com\\\/#\\\/schema\\\/logo\\\/image\\\/\"}}]}<\/script>\n<!-- \/ Yoast SEO plugin. -->","yoast_head_json":{"title":"Box Vin Premium - Demourshop","description":"Un savant m\u00e9lange de vins de issus de terroirs d'exceptions pour sublimer vos accords mets et vins.","robots":{"index":"index","follow":"follow","max-snippet":"max-snippet:-1","max-image-preview":"max-image-preview:large","max-video-preview":"max-video-preview:-1"},"canonical":"https:\/\/demourshop.com\/en\/product\/box-vin-premium\/","og_locale":"en_GB","og_type":"article","og_title":"Box Vin Premium - Demourshop","og_description":"Un savant m\u00e9lange de vins de issus de terroirs d'exceptions pour sublimer vos accords mets et vins.","og_url":"https:\/\/demourshop.com\/en\/product\/box-vin-premium\/","og_site_name":"Demourshop","article_modified_time":"2025-05-12T06:14:28+00:00","og_image":[{"width":1080,"height":771,"url":"http:\/\/demourshop.com\/wp-content\/uploads\/2024\/11\/photo-box-premium.jpg","type":"image\/jpeg"}],"twitter_card":"summary_large_image","twitter_misc":{"Estimated reading time":"1 minute"},"schema":{"@context":"https:\/\/schema.org","@graph":[{"@type":"WebPage","@id":"https:\/\/demourshop.com\/produit\/box-vin-premium\/","url":"https:\/\/demourshop.com\/produit\/box-vin-premium\/","name":"Box Vin Premium - Demourshop","isPartOf":{"@id":"https:\/\/demourshop.com\/#website"},"primaryImageOfPage":{"@id":"https:\/\/demourshop.com\/produit\/box-vin-premium\/#primaryimage"},"image":{"@id":"https:\/\/demourshop.com\/produit\/box-vin-premium\/#primaryimage"},"thumbnailUrl":"https:\/\/demourshop.com\/wp-content\/uploads\/2024\/11\/photo-box-premium.jpg","datePublished":"2024-11-22T14:25:48+00:00","dateModified":"2025-05-12T06:14:28+00:00","description":"Un savant m\u00e9lange de vins de issus de terroirs d'exceptions pour sublimer vos accords mets et vins.","breadcrumb":{"@id":"https:\/\/demourshop.com\/produit\/box-vin-premium\/#breadcrumb"},"inLanguage":"en-GB","potentialAction":[{"@type":"ReadAction","target":["https:\/\/demourshop.com\/produit\/box-vin-premium\/"]}]},{"@type":"ImageObject","inLanguage":"en-GB","@id":"https:\/\/demourshop.com\/produit\/box-vin-premium\/#primaryimage","url":"https:\/\/demourshop.com\/wp-content\/uploads\/2024\/11\/photo-box-premium.jpg","contentUrl":"https:\/\/demourshop.com\/wp-content\/uploads\/2024\/11\/photo-box-premium.jpg","width":1080,"height":771},{"@type":"BreadcrumbList","@id":"https:\/\/demourshop.com\/produit\/box-vin-premium\/#breadcrumb","itemListElement":[{"@type":"ListItem","position":1,"name":"Accueil","item":"https:\/\/demourshop.com\/"},{"@type":"ListItem","position":2,"name":"Boutique","item":"https:\/\/demourshop.com\/boutique\/"},{"@type":"ListItem","position":3,"name":"Box Vin Premium"}]},{"@type":"WebSite","@id":"https:\/\/demourshop.com\/#website","url":"https:\/\/demourshop.com\/","name":"Demourshop","description":"","publisher":{"@id":"https:\/\/demourshop.com\/#organization"},"potentialAction":[{"@type":"SearchAction","target":{"@type":"EntryPoint","urlTemplate":"https:\/\/demourshop.com\/?s={search_term_string}"},"query-input":{"@type":"PropertyValueSpecification","valueRequired":true,"valueName":"search_term_string"}}],"inLanguage":"en-GB"},{"@type":"Organization","@id":"https:\/\/demourshop.com\/#organization","name":"Demourshop","url":"https:\/\/demourshop.com\/","logo":{"@type":"ImageObject","inLanguage":"en-GB","@id":"https:\/\/demourshop.com\/#\/schema\/logo\/image\/","url":"https:\/\/demourshop.com\/wp-content\/uploads\/2023\/08\/logo-wine-2-1-1.png","contentUrl":"https:\/\/demourshop.com\/wp-content\/uploads\/2023\/08\/logo-wine-2-1-1.png","width":400,"height":145,"caption":"Demourshop"},"image":{"@id":"https:\/\/demourshop.com\/#\/schema\/logo\/image\/"}}]}},"_links":{"self":[{"href":"https:\/\/demourshop.com\/en\/wp-json\/wp\/v2\/product\/69197","targetHints":{"allow":["GET"]}}],"collection":[{"href":"https:\/\/demourshop.com\/en\/wp-json\/wp\/v2\/product"}],"about":[{"href":"https:\/\/demourshop.com\/en\/wp-json\/wp\/v2\/types\/product"}],"version-history":[{"count":2,"href":"https:\/\/demourshop.com\/en\/wp-json\/wp\/v2\/product\/69197\/revisions"}],"predecessor-version":[{"id":69296,"href":"https:\/\/demourshop.com\/en\/wp-json\/wp\/v2\/product\/69197\/revisions\/69296"}],"wp:featuredmedia":[{"embeddable":true,"href":"https:\/\/demourshop.com\/en\/wp-json\/wp\/v2\/media\/69205"}],"wp:attachment":[{"href":"https:\/\/demourshop.com\/en\/wp-json\/wp\/v2\/media?parent=69197"}],"wp:term":[{"taxonomy":"product_brand","embeddable":true,"href":"https:\/\/demourshop.com\/en\/wp-json\/wp\/v2\/product_brand?post=69197"},{"taxonomy":"product_cat","embeddable":true,"href":"https:\/\/demourshop.com\/en\/wp-json\/wp\/v2\/product_cat?post=69197"},{"taxonomy":"product_tag","embeddable":true,"href":"https:\/\/demourshop.com\/en\/wp-json\/wp\/v2\/product_tag?post=69197"}],"curies":[{"name":"wp","href":"https:\/\/api.w.org\/{rel}","templated":true}]}}