{"id":69154,"date":"2024-11-22T11:01:25","date_gmt":"2024-11-22T10:01:25","guid":{"rendered":"https:\/\/demourshop.com\/?post_type=product&#038;p=69154"},"modified":"2025-01-22T09:46:30","modified_gmt":"2025-01-22T08:46:30","slug":"box-vin-decouverte","status":"publish","type":"product","link":"https:\/\/demourshop.com\/en\/product\/box-vin-decouverte\/","title":{"rendered":"Box vin D\u00e9couverte"},"content":{"rendered":"<p><strong>La formule parfaite pour exp\u00e9rimenter des vins du monde entier en toute occasion\u00a0<\/strong><\/p>","protected":false},"excerpt":{"rendered":"<p style=\"text-align: left;\">Plongez dans une exp\u00e9rience \u0153nologique unique avec notre box d\u00e9couverte, con\u00e7ue pour vous faire d\u00e9guster des vins au rapport qualit\u00e9-prix exceptionnel et d\u00e9nicher des p\u00e9pites m\u00e9connues :<\/p>\n<p>Explorez la richesse de nos Bordeaux Sup\u00e9rieur et seconds vins issus de nos domaines prestigieux de Saint-\u00c9milion et Margaux.<\/p>\n<p>Partez \u00e0 la d\u00e9couverte d&rsquo;autres r\u00e9gions viticoles fran\u00e7aises avec des appellations renomm\u00e9es.<\/p>\n<p>Voyagez au-del\u00e0 des fronti\u00e8res avec des vins soigneusement s\u00e9lectionn\u00e9s.<\/p>","protected":false},"featured_media":69166,"template":"","meta":{"_acf_changed":false},"product_brand":[],"product_cat":[637],"product_tag":[],"class_list":{"0":"post-69154","1":"product","2":"type-product","3":"status-publish","4":"has-post-thumbnail","6":"product_cat-box-vin-en-ligne","8":"first","9":"instock","10":"sold-individually","11":"taxable","12":"shipping-taxable","13":"purchasable","14":"product-type-simple"},"acf":[],"yoast_head":"<!-- This site is optimized with the Yoast SEO plugin v27.4 - https:\/\/yoast.com\/product\/yoast-seo-wordpress\/ -->\n<title>Box vin D\u00e9couverte - Demourshop<\/title>\n<meta name=\"description\" content=\"D\u00e9couvrez notre abonnement box vin d\u00e9couverte, parfaite pour exp\u00e9rimenter des vins du monde entier en toute occasion\u00a0\" \/>\n<meta name=\"robots\" content=\"index, follow, max-snippet:-1, max-image-preview:large, max-video-preview:-1\" \/>\n<link rel=\"canonical\" href=\"https:\/\/demourshop.com\/en\/product\/box-vin-decouverte\/\" \/>\n<meta property=\"og:locale\" content=\"en_GB\" \/>\n<meta property=\"og:type\" content=\"article\" \/>\n<meta property=\"og:title\" content=\"Box vin D\u00e9couverte - Demourshop\" \/>\n<meta property=\"og:description\" content=\"D\u00e9couvrez notre abonnement box vin d\u00e9couverte, parfaite pour exp\u00e9rimenter des vins du monde entier en toute occasion\u00a0\" \/>\n<meta property=\"og:url\" content=\"https:\/\/demourshop.com\/en\/product\/box-vin-decouverte\/\" \/>\n<meta property=\"og:site_name\" content=\"Demourshop\" \/>\n<meta property=\"article:modified_time\" content=\"2025-01-22T08:46:30+00:00\" \/>\n<meta property=\"og:image\" content=\"http:\/\/demourshop.com\/wp-content\/uploads\/2024\/11\/photo-box-decouverte.jpg\" \/>\n\t<meta property=\"og:image:width\" content=\"1080\" \/>\n\t<meta property=\"og:image:height\" content=\"771\" \/>\n\t<meta property=\"og:image:type\" content=\"image\/jpeg\" \/>\n<meta name=\"twitter:card\" content=\"summary_large_image\" \/>\n<meta name=\"twitter:label1\" content=\"Estimated reading time\" \/>\n\t<meta name=\"twitter:data1\" content=\"1 minute\" \/>\n<script type=\"application\/ld+json\" class=\"yoast-schema-graph\">{\"@context\":\"https:\\\/\\\/schema.org\",\"@graph\":[{\"@type\":\"WebPage\",\"@id\":\"https:\\\/\\\/demourshop.com\\\/produit\\\/box-vin-decouverte\\\/\",\"url\":\"https:\\\/\\\/demourshop.com\\\/produit\\\/box-vin-decouverte\\\/\",\"name\":\"Box vin D\u00e9couverte - Demourshop\",\"isPartOf\":{\"@id\":\"https:\\\/\\\/demourshop.com\\\/#website\"},\"primaryImageOfPage\":{\"@id\":\"https:\\\/\\\/demourshop.com\\\/produit\\\/box-vin-decouverte\\\/#primaryimage\"},\"image\":{\"@id\":\"https:\\\/\\\/demourshop.com\\\/produit\\\/box-vin-decouverte\\\/#primaryimage\"},\"thumbnailUrl\":\"https:\\\/\\\/demourshop.com\\\/wp-content\\\/uploads\\\/2024\\\/11\\\/photo-box-decouverte.jpg\",\"datePublished\":\"2024-11-22T10:01:25+00:00\",\"dateModified\":\"2025-01-22T08:46:30+00:00\",\"description\":\"D\u00e9couvrez notre abonnement box vin d\u00e9couverte, parfaite pour exp\u00e9rimenter des vins du monde entier en toute occasion\u00a0\",\"breadcrumb\":{\"@id\":\"https:\\\/\\\/demourshop.com\\\/produit\\\/box-vin-decouverte\\\/#breadcrumb\"},\"inLanguage\":\"en-GB\",\"potentialAction\":[{\"@type\":\"ReadAction\",\"target\":[\"https:\\\/\\\/demourshop.com\\\/produit\\\/box-vin-decouverte\\\/\"]}]},{\"@type\":\"ImageObject\",\"inLanguage\":\"en-GB\",\"@id\":\"https:\\\/\\\/demourshop.com\\\/produit\\\/box-vin-decouverte\\\/#primaryimage\",\"url\":\"https:\\\/\\\/demourshop.com\\\/wp-content\\\/uploads\\\/2024\\\/11\\\/photo-box-decouverte.jpg\",\"contentUrl\":\"https:\\\/\\\/demourshop.com\\\/wp-content\\\/uploads\\\/2024\\\/11\\\/photo-box-decouverte.jpg\",\"width\":1080,\"height\":771},{\"@type\":\"BreadcrumbList\",\"@id\":\"https:\\\/\\\/demourshop.com\\\/produit\\\/box-vin-decouverte\\\/#breadcrumb\",\"itemListElement\":[{\"@type\":\"ListItem\",\"position\":1,\"name\":\"Accueil\",\"item\":\"https:\\\/\\\/demourshop.com\\\/\"},{\"@type\":\"ListItem\",\"position\":2,\"name\":\"Boutique\",\"item\":\"https:\\\/\\\/demourshop.com\\\/boutique\\\/\"},{\"@type\":\"ListItem\",\"position\":3,\"name\":\"Box vin D\u00e9couverte\"}]},{\"@type\":\"WebSite\",\"@id\":\"https:\\\/\\\/demourshop.com\\\/#website\",\"url\":\"https:\\\/\\\/demourshop.com\\\/\",\"name\":\"Demourshop\",\"description\":\"\",\"publisher\":{\"@id\":\"https:\\\/\\\/demourshop.com\\\/#organization\"},\"potentialAction\":[{\"@type\":\"SearchAction\",\"target\":{\"@type\":\"EntryPoint\",\"urlTemplate\":\"https:\\\/\\\/demourshop.com\\\/?s={search_term_string}\"},\"query-input\":{\"@type\":\"PropertyValueSpecification\",\"valueRequired\":true,\"valueName\":\"search_term_string\"}}],\"inLanguage\":\"en-GB\"},{\"@type\":\"Organization\",\"@id\":\"https:\\\/\\\/demourshop.com\\\/#organization\",\"name\":\"Demourshop\",\"url\":\"https:\\\/\\\/demourshop.com\\\/\",\"logo\":{\"@type\":\"ImageObject\",\"inLanguage\":\"en-GB\",\"@id\":\"https:\\\/\\\/demourshop.com\\\/#\\\/schema\\\/logo\\\/image\\\/\",\"url\":\"https:\\\/\\\/demourshop.com\\\/wp-content\\\/uploads\\\/2023\\\/08\\\/logo-wine-2-1-1.png\",\"contentUrl\":\"https:\\\/\\\/demourshop.com\\\/wp-content\\\/uploads\\\/2023\\\/08\\\/logo-wine-2-1-1.png\",\"width\":400,\"height\":145,\"caption\":\"Demourshop\"},\"image\":{\"@id\":\"https:\\\/\\\/demourshop.com\\\/#\\\/schema\\\/logo\\\/image\\\/\"}}]}<\/script>\n<!-- \/ Yoast SEO plugin. -->","yoast_head_json":{"title":"Box vin D\u00e9couverte - Demourshop","description":"D\u00e9couvrez notre abonnement box vin d\u00e9couverte, parfaite pour exp\u00e9rimenter des vins du monde entier en toute occasion\u00a0","robots":{"index":"index","follow":"follow","max-snippet":"max-snippet:-1","max-image-preview":"max-image-preview:large","max-video-preview":"max-video-preview:-1"},"canonical":"https:\/\/demourshop.com\/en\/product\/box-vin-decouverte\/","og_locale":"en_GB","og_type":"article","og_title":"Box vin D\u00e9couverte - Demourshop","og_description":"D\u00e9couvrez notre abonnement box vin d\u00e9couverte, parfaite pour exp\u00e9rimenter des vins du monde entier en toute occasion\u00a0","og_url":"https:\/\/demourshop.com\/en\/product\/box-vin-decouverte\/","og_site_name":"Demourshop","article_modified_time":"2025-01-22T08:46:30+00:00","og_image":[{"width":1080,"height":771,"url":"http:\/\/demourshop.com\/wp-content\/uploads\/2024\/11\/photo-box-decouverte.jpg","type":"image\/jpeg"}],"twitter_card":"summary_large_image","twitter_misc":{"Estimated reading time":"1 minute"},"schema":{"@context":"https:\/\/schema.org","@graph":[{"@type":"WebPage","@id":"https:\/\/demourshop.com\/produit\/box-vin-decouverte\/","url":"https:\/\/demourshop.com\/produit\/box-vin-decouverte\/","name":"Box vin D\u00e9couverte - Demourshop","isPartOf":{"@id":"https:\/\/demourshop.com\/#website"},"primaryImageOfPage":{"@id":"https:\/\/demourshop.com\/produit\/box-vin-decouverte\/#primaryimage"},"image":{"@id":"https:\/\/demourshop.com\/produit\/box-vin-decouverte\/#primaryimage"},"thumbnailUrl":"https:\/\/demourshop.com\/wp-content\/uploads\/2024\/11\/photo-box-decouverte.jpg","datePublished":"2024-11-22T10:01:25+00:00","dateModified":"2025-01-22T08:46:30+00:00","description":"D\u00e9couvrez notre abonnement box vin d\u00e9couverte, parfaite pour exp\u00e9rimenter des vins du monde entier en toute occasion\u00a0","breadcrumb":{"@id":"https:\/\/demourshop.com\/produit\/box-vin-decouverte\/#breadcrumb"},"inLanguage":"en-GB","potentialAction":[{"@type":"ReadAction","target":["https:\/\/demourshop.com\/produit\/box-vin-decouverte\/"]}]},{"@type":"ImageObject","inLanguage":"en-GB","@id":"https:\/\/demourshop.com\/produit\/box-vin-decouverte\/#primaryimage","url":"https:\/\/demourshop.com\/wp-content\/uploads\/2024\/11\/photo-box-decouverte.jpg","contentUrl":"https:\/\/demourshop.com\/wp-content\/uploads\/2024\/11\/photo-box-decouverte.jpg","width":1080,"height":771},{"@type":"BreadcrumbList","@id":"https:\/\/demourshop.com\/produit\/box-vin-decouverte\/#breadcrumb","itemListElement":[{"@type":"ListItem","position":1,"name":"Accueil","item":"https:\/\/demourshop.com\/"},{"@type":"ListItem","position":2,"name":"Boutique","item":"https:\/\/demourshop.com\/boutique\/"},{"@type":"ListItem","position":3,"name":"Box vin D\u00e9couverte"}]},{"@type":"WebSite","@id":"https:\/\/demourshop.com\/#website","url":"https:\/\/demourshop.com\/","name":"Demourshop","description":"","publisher":{"@id":"https:\/\/demourshop.com\/#organization"},"potentialAction":[{"@type":"SearchAction","target":{"@type":"EntryPoint","urlTemplate":"https:\/\/demourshop.com\/?s={search_term_string}"},"query-input":{"@type":"PropertyValueSpecification","valueRequired":true,"valueName":"search_term_string"}}],"inLanguage":"en-GB"},{"@type":"Organization","@id":"https:\/\/demourshop.com\/#organization","name":"Demourshop","url":"https:\/\/demourshop.com\/","logo":{"@type":"ImageObject","inLanguage":"en-GB","@id":"https:\/\/demourshop.com\/#\/schema\/logo\/image\/","url":"https:\/\/demourshop.com\/wp-content\/uploads\/2023\/08\/logo-wine-2-1-1.png","contentUrl":"https:\/\/demourshop.com\/wp-content\/uploads\/2023\/08\/logo-wine-2-1-1.png","width":400,"height":145,"caption":"Demourshop"},"image":{"@id":"https:\/\/demourshop.com\/#\/schema\/logo\/image\/"}}]}},"_links":{"self":[{"href":"https:\/\/demourshop.com\/en\/wp-json\/wp\/v2\/product\/69154","targetHints":{"allow":["GET"]}}],"collection":[{"href":"https:\/\/demourshop.com\/en\/wp-json\/wp\/v2\/product"}],"about":[{"href":"https:\/\/demourshop.com\/en\/wp-json\/wp\/v2\/types\/product"}],"version-history":[{"count":13,"href":"https:\/\/demourshop.com\/en\/wp-json\/wp\/v2\/product\/69154\/revisions"}],"predecessor-version":[{"id":69764,"href":"https:\/\/demourshop.com\/en\/wp-json\/wp\/v2\/product\/69154\/revisions\/69764"}],"wp:featuredmedia":[{"embeddable":true,"href":"https:\/\/demourshop.com\/en\/wp-json\/wp\/v2\/media\/69166"}],"wp:attachment":[{"href":"https:\/\/demourshop.com\/en\/wp-json\/wp\/v2\/media?parent=69154"}],"wp:term":[{"taxonomy":"product_brand","embeddable":true,"href":"https:\/\/demourshop.com\/en\/wp-json\/wp\/v2\/product_brand?post=69154"},{"taxonomy":"product_cat","embeddable":true,"href":"https:\/\/demourshop.com\/en\/wp-json\/wp\/v2\/product_cat?post=69154"},{"taxonomy":"product_tag","embeddable":true,"href":"https:\/\/demourshop.com\/en\/wp-json\/wp\/v2\/product_tag?post=69154"}],"curies":[{"name":"wp","href":"https:\/\/api.w.org\/{rel}","templated":true}]}}