{"id":66506,"date":"2024-10-22T13:48:20","date_gmt":"2024-10-22T11:48:20","guid":{"rendered":"https:\/\/demourshop.com\/?post_type=product&#038;p=66506"},"modified":"2025-12-04T15:01:02","modified_gmt":"2025-12-04T14:01:02","slug":"le-createur-2022","status":"publish","type":"product","link":"https:\/\/demourshop.com\/en\/product\/le-createur-2022\/","title":{"rendered":"Le Cr\u00e9ateur 2022"},"content":{"rendered":"<p>\u00c0 servir \u00e0 17\u00b0C apr\u00e8s une a\u00e9ration d&rsquo;une heure. <strong>Le Cr\u00e9ateur 2022<\/strong>\u00a0accompagne parfaitement un filet de b\u0153uf, une c\u00f4te de veau grill\u00e9e ou un plat truff\u00e9. Il peut \u00eatre d\u00e9gust\u00e9 aujourd\u2019hui pour sa fra\u00eecheur et son \u00e9quilibre. C\u2019est une cuv\u00e9e rare, confidentielle, con\u00e7ue pour les amateurs de Cabernet Sauvignon pur, \u00e0 la recherche d\u2019un vin pr\u00e9cis, rac\u00e9 et profond\u00e9ment bordelais. Une belle id\u00e9e de cadeau ou de cave, \u00e0 partager lors de moments privil\u00e9gi\u00e9s.<\/p>","protected":false},"excerpt":{"rendered":"<p><strong>Le Cr\u00e9ateur 2022<\/strong>\u00a0\u2013 Cuv\u00e9e 100 % Cabernet Sauvignon \u00e0 Margaux. \u00c9l\u00e9gance, fra\u00eecheur et pr\u00e9cision. Mill\u00e9sime d\u2019\u00e9quilibre \u00e0 d\u00e9couvrir.<\/p>","protected":false},"featured_media":66643,"template":"","meta":{"_acf_changed":false},"product_brand":[],"product_cat":[378,464,507,552,383,396,381,382,375,393,160],"product_tag":[],"class_list":{"0":"post-66506","1":"product","2":"type-product","3":"status-publish","4":"has-post-thumbnail","6":"product_cat-appellations-vin-en-ligne","7":"product_cat-cabernet-sauvignon-en-ligne","8":"product_cat-cepages-vin-en-ligne","9":"product_cat-vin-par-couleur-en-ligne","10":"product_cat-vin-de-france-en-ligne","11":"product_cat-vin-hve-en-ligne","12":"product_cat-margaux-en-ligne","13":"product_cat-vin-par-pays-en-ligne","14":"product_cat-vin-rouge-en-ligne","15":"product_cat-vins-par-methode-de-vinification","16":"product_cat-vins-de-proprietes-en-ligne","17":"pa_appellations-margaux","18":"pa_cepages-cabernet-sauvignon","19":"pa_cepages-merlot","20":"pa_cepages-petit-verdot","21":"pa_couleurs-rouge","22":"pa_formats-75cl","23":"pa_millesimes-186","24":"pa_millesimes-180","25":"pa_millesimes-179","26":"pa_millesimes-178","27":"pa_millesimes-177","28":"pa_millesimes-174","29":"pa_pays-france","30":"pa_propriete-margaux","31":"pa_quantites-a-lunite","32":"pa_quantites-carton-de-3-bouteilles","33":"pa_quantites-carton-de-6-bouteilles","34":"pa_vinifications-hve","36":"first","37":"instock","38":"taxable","39":"shipping-taxable","40":"purchasable","41":"product-type-simple"},"acf":[],"yoast_head":"<!-- This site is optimized with the Yoast SEO plugin v27.4 - https:\/\/yoast.com\/product\/yoast-seo-wordpress\/ -->\n<title>Le Cr\u00e9ateur 2022 - Demourshop<\/title>\n<meta name=\"description\" content=\"Prenez le temps de d\u00e9couvrir l&#039;une de nos plus belles fiert\u00e9s de l&#039;appellation Margaux. Le Cr\u00e9ateur est disponible sur Demourshop.\" \/>\n<meta name=\"robots\" content=\"index, follow, max-snippet:-1, max-image-preview:large, max-video-preview:-1\" \/>\n<link rel=\"canonical\" href=\"https:\/\/demourshop.com\/en\/product\/le-createur-2022\/\" \/>\n<meta property=\"og:locale\" content=\"en_GB\" \/>\n<meta property=\"og:type\" content=\"article\" \/>\n<meta property=\"og:title\" content=\"Le Cr\u00e9ateur 2022 - Demourshop\" \/>\n<meta property=\"og:description\" content=\"Prenez le temps de d\u00e9couvrir l&#039;une de nos plus belles fiert\u00e9s de l&#039;appellation Margaux. Le Cr\u00e9ateur est disponible sur Demourshop.\" \/>\n<meta property=\"og:url\" content=\"https:\/\/demourshop.com\/en\/product\/le-createur-2022\/\" \/>\n<meta property=\"og:site_name\" content=\"Demourshop\" \/>\n<meta property=\"article:modified_time\" content=\"2025-12-04T14:01:02+00:00\" \/>\n<meta property=\"og:image\" content=\"http:\/\/demourshop.com\/wp-content\/uploads\/2024\/10\/Le-createur.png\" \/>\n\t<meta property=\"og:image:width\" content=\"1080\" \/>\n\t<meta property=\"og:image:height\" content=\"1080\" \/>\n\t<meta property=\"og:image:type\" content=\"image\/png\" \/>\n<meta name=\"twitter:card\" content=\"summary_large_image\" \/>\n<meta name=\"twitter:label1\" content=\"Estimated reading time\" \/>\n\t<meta name=\"twitter:data1\" content=\"3 minutes\" \/>\n<script type=\"application\/ld+json\" class=\"yoast-schema-graph\">{\"@context\":\"https:\\\/\\\/schema.org\",\"@graph\":[{\"@type\":\"WebPage\",\"@id\":\"https:\\\/\\\/demourshop.com\\\/produit\\\/le-createur-2022\\\/\",\"url\":\"https:\\\/\\\/demourshop.com\\\/produit\\\/le-createur-2022\\\/\",\"name\":\"Le Cr\u00e9ateur 2022 - Demourshop\",\"isPartOf\":{\"@id\":\"https:\\\/\\\/demourshop.com\\\/#website\"},\"primaryImageOfPage\":{\"@id\":\"https:\\\/\\\/demourshop.com\\\/produit\\\/le-createur-2022\\\/#primaryimage\"},\"image\":{\"@id\":\"https:\\\/\\\/demourshop.com\\\/produit\\\/le-createur-2022\\\/#primaryimage\"},\"thumbnailUrl\":\"https:\\\/\\\/demourshop.com\\\/wp-content\\\/uploads\\\/2024\\\/10\\\/Le-createur.png\",\"datePublished\":\"2024-10-22T11:48:20+00:00\",\"dateModified\":\"2025-12-04T14:01:02+00:00\",\"description\":\"Prenez le temps de d\u00e9couvrir l'une de nos plus belles fiert\u00e9s de l'appellation Margaux. Le Cr\u00e9ateur est disponible sur Demourshop.\",\"breadcrumb\":{\"@id\":\"https:\\\/\\\/demourshop.com\\\/produit\\\/le-createur-2022\\\/#breadcrumb\"},\"inLanguage\":\"en-GB\",\"potentialAction\":[{\"@type\":\"ReadAction\",\"target\":[\"https:\\\/\\\/demourshop.com\\\/produit\\\/le-createur-2022\\\/\"]}]},{\"@type\":\"ImageObject\",\"inLanguage\":\"en-GB\",\"@id\":\"https:\\\/\\\/demourshop.com\\\/produit\\\/le-createur-2022\\\/#primaryimage\",\"url\":\"https:\\\/\\\/demourshop.com\\\/wp-content\\\/uploads\\\/2024\\\/10\\\/Le-createur.png\",\"contentUrl\":\"https:\\\/\\\/demourshop.com\\\/wp-content\\\/uploads\\\/2024\\\/10\\\/Le-createur.png\",\"width\":1080,\"height\":1080,\"caption\":\"Le Cr\u00e9ateur vin rouge Margaux Ch\u00e2teau Haut Breton Larigaudi\u00e8re\"},{\"@type\":\"BreadcrumbList\",\"@id\":\"https:\\\/\\\/demourshop.com\\\/produit\\\/le-createur-2022\\\/#breadcrumb\",\"itemListElement\":[{\"@type\":\"ListItem\",\"position\":1,\"name\":\"Accueil\",\"item\":\"https:\\\/\\\/demourshop.com\\\/\"},{\"@type\":\"ListItem\",\"position\":2,\"name\":\"Boutique\",\"item\":\"https:\\\/\\\/demourshop.com\\\/boutique\\\/\"},{\"@type\":\"ListItem\",\"position\":3,\"name\":\"Le Cr\u00e9ateur 2022\"}]},{\"@type\":\"WebSite\",\"@id\":\"https:\\\/\\\/demourshop.com\\\/#website\",\"url\":\"https:\\\/\\\/demourshop.com\\\/\",\"name\":\"Demourshop\",\"description\":\"\",\"publisher\":{\"@id\":\"https:\\\/\\\/demourshop.com\\\/#organization\"},\"potentialAction\":[{\"@type\":\"SearchAction\",\"target\":{\"@type\":\"EntryPoint\",\"urlTemplate\":\"https:\\\/\\\/demourshop.com\\\/?s={search_term_string}\"},\"query-input\":{\"@type\":\"PropertyValueSpecification\",\"valueRequired\":true,\"valueName\":\"search_term_string\"}}],\"inLanguage\":\"en-GB\"},{\"@type\":\"Organization\",\"@id\":\"https:\\\/\\\/demourshop.com\\\/#organization\",\"name\":\"Demourshop\",\"url\":\"https:\\\/\\\/demourshop.com\\\/\",\"logo\":{\"@type\":\"ImageObject\",\"inLanguage\":\"en-GB\",\"@id\":\"https:\\\/\\\/demourshop.com\\\/#\\\/schema\\\/logo\\\/image\\\/\",\"url\":\"https:\\\/\\\/demourshop.com\\\/wp-content\\\/uploads\\\/2023\\\/08\\\/logo-wine-2-1-1.png\",\"contentUrl\":\"https:\\\/\\\/demourshop.com\\\/wp-content\\\/uploads\\\/2023\\\/08\\\/logo-wine-2-1-1.png\",\"width\":400,\"height\":145,\"caption\":\"Demourshop\"},\"image\":{\"@id\":\"https:\\\/\\\/demourshop.com\\\/#\\\/schema\\\/logo\\\/image\\\/\"}}]}<\/script>\n<!-- \/ Yoast SEO plugin. -->","yoast_head_json":{"title":"Le Cr\u00e9ateur 2022 - Demourshop","description":"Prenez le temps de d\u00e9couvrir l'une de nos plus belles fiert\u00e9s de l'appellation Margaux. Le Cr\u00e9ateur est disponible sur Demourshop.","robots":{"index":"index","follow":"follow","max-snippet":"max-snippet:-1","max-image-preview":"max-image-preview:large","max-video-preview":"max-video-preview:-1"},"canonical":"https:\/\/demourshop.com\/en\/product\/le-createur-2022\/","og_locale":"en_GB","og_type":"article","og_title":"Le Cr\u00e9ateur 2022 - Demourshop","og_description":"Prenez le temps de d\u00e9couvrir l'une de nos plus belles fiert\u00e9s de l'appellation Margaux. Le Cr\u00e9ateur est disponible sur Demourshop.","og_url":"https:\/\/demourshop.com\/en\/product\/le-createur-2022\/","og_site_name":"Demourshop","article_modified_time":"2025-12-04T14:01:02+00:00","og_image":[{"width":1080,"height":1080,"url":"http:\/\/demourshop.com\/wp-content\/uploads\/2024\/10\/Le-createur.png","type":"image\/png"}],"twitter_card":"summary_large_image","twitter_misc":{"Estimated reading time":"3 minutes"},"schema":{"@context":"https:\/\/schema.org","@graph":[{"@type":"WebPage","@id":"https:\/\/demourshop.com\/produit\/le-createur-2022\/","url":"https:\/\/demourshop.com\/produit\/le-createur-2022\/","name":"Le Cr\u00e9ateur 2022 - Demourshop","isPartOf":{"@id":"https:\/\/demourshop.com\/#website"},"primaryImageOfPage":{"@id":"https:\/\/demourshop.com\/produit\/le-createur-2022\/#primaryimage"},"image":{"@id":"https:\/\/demourshop.com\/produit\/le-createur-2022\/#primaryimage"},"thumbnailUrl":"https:\/\/demourshop.com\/wp-content\/uploads\/2024\/10\/Le-createur.png","datePublished":"2024-10-22T11:48:20+00:00","dateModified":"2025-12-04T14:01:02+00:00","description":"Prenez le temps de d\u00e9couvrir l'une de nos plus belles fiert\u00e9s de l'appellation Margaux. Le Cr\u00e9ateur est disponible sur Demourshop.","breadcrumb":{"@id":"https:\/\/demourshop.com\/produit\/le-createur-2022\/#breadcrumb"},"inLanguage":"en-GB","potentialAction":[{"@type":"ReadAction","target":["https:\/\/demourshop.com\/produit\/le-createur-2022\/"]}]},{"@type":"ImageObject","inLanguage":"en-GB","@id":"https:\/\/demourshop.com\/produit\/le-createur-2022\/#primaryimage","url":"https:\/\/demourshop.com\/wp-content\/uploads\/2024\/10\/Le-createur.png","contentUrl":"https:\/\/demourshop.com\/wp-content\/uploads\/2024\/10\/Le-createur.png","width":1080,"height":1080,"caption":"Le Cr\u00e9ateur vin rouge Margaux Ch\u00e2teau Haut Breton Larigaudi\u00e8re"},{"@type":"BreadcrumbList","@id":"https:\/\/demourshop.com\/produit\/le-createur-2022\/#breadcrumb","itemListElement":[{"@type":"ListItem","position":1,"name":"Accueil","item":"https:\/\/demourshop.com\/"},{"@type":"ListItem","position":2,"name":"Boutique","item":"https:\/\/demourshop.com\/boutique\/"},{"@type":"ListItem","position":3,"name":"Le Cr\u00e9ateur 2022"}]},{"@type":"WebSite","@id":"https:\/\/demourshop.com\/#website","url":"https:\/\/demourshop.com\/","name":"Demourshop","description":"","publisher":{"@id":"https:\/\/demourshop.com\/#organization"},"potentialAction":[{"@type":"SearchAction","target":{"@type":"EntryPoint","urlTemplate":"https:\/\/demourshop.com\/?s={search_term_string}"},"query-input":{"@type":"PropertyValueSpecification","valueRequired":true,"valueName":"search_term_string"}}],"inLanguage":"en-GB"},{"@type":"Organization","@id":"https:\/\/demourshop.com\/#organization","name":"Demourshop","url":"https:\/\/demourshop.com\/","logo":{"@type":"ImageObject","inLanguage":"en-GB","@id":"https:\/\/demourshop.com\/#\/schema\/logo\/image\/","url":"https:\/\/demourshop.com\/wp-content\/uploads\/2023\/08\/logo-wine-2-1-1.png","contentUrl":"https:\/\/demourshop.com\/wp-content\/uploads\/2023\/08\/logo-wine-2-1-1.png","width":400,"height":145,"caption":"Demourshop"},"image":{"@id":"https:\/\/demourshop.com\/#\/schema\/logo\/image\/"}}]}},"_links":{"self":[{"href":"https:\/\/demourshop.com\/en\/wp-json\/wp\/v2\/product\/66506","targetHints":{"allow":["GET"]}}],"collection":[{"href":"https:\/\/demourshop.com\/en\/wp-json\/wp\/v2\/product"}],"about":[{"href":"https:\/\/demourshop.com\/en\/wp-json\/wp\/v2\/types\/product"}],"version-history":[{"count":7,"href":"https:\/\/demourshop.com\/en\/wp-json\/wp\/v2\/product\/66506\/revisions"}],"predecessor-version":[{"id":70811,"href":"https:\/\/demourshop.com\/en\/wp-json\/wp\/v2\/product\/66506\/revisions\/70811"}],"wp:featuredmedia":[{"embeddable":true,"href":"https:\/\/demourshop.com\/en\/wp-json\/wp\/v2\/media\/66643"}],"wp:attachment":[{"href":"https:\/\/demourshop.com\/en\/wp-json\/wp\/v2\/media?parent=66506"}],"wp:term":[{"taxonomy":"product_brand","embeddable":true,"href":"https:\/\/demourshop.com\/en\/wp-json\/wp\/v2\/product_brand?post=66506"},{"taxonomy":"product_cat","embeddable":true,"href":"https:\/\/demourshop.com\/en\/wp-json\/wp\/v2\/product_cat?post=66506"},{"taxonomy":"product_tag","embeddable":true,"href":"https:\/\/demourshop.com\/en\/wp-json\/wp\/v2\/product_tag?post=66506"}],"curies":[{"name":"wp","href":"https:\/\/api.w.org\/{rel}","templated":true}]}}