{"id":66500,"date":"2024-10-22T13:47:15","date_gmt":"2024-10-22T11:47:15","guid":{"rendered":"https:\/\/demourshop.com\/?post_type=product&#038;p=66500"},"modified":"2025-12-04T14:55:32","modified_gmt":"2025-12-04T13:55:32","slug":"le-createur-2018","status":"publish","type":"product","link":"https:\/\/demourshop.com\/en\/product\/le-createur-2018\/","title":{"rendered":"Le Cr\u00e9ateur 2018"},"content":{"rendered":"<p>\u00c0 servir entre 17 et 18\u00b0C, apr\u00e8s une a\u00e9ration d\u2019au moins une heure. Il accompagnera admirablement une c\u00f4te de b\u0153uf, un tournedos Rossini, du gibier en sauce ou un vieux comt\u00e9 affin\u00e9. <strong>Le Cr\u00e9ateur 2018<\/strong> peut vieillir en cave 10 \u00e0 15 ans sans effort, d\u00e9veloppant des ar\u00f4mes tertiaires nobles (cuir, tabac blond, truffe). Cette cuv\u00e9e, produite en quantit\u00e9 tr\u00e8s limit\u00e9e, est un hommage aux mill\u00e9simes d\u2019exception et \u00e0 l\u2019esprit cr\u00e9atif des hommes et femmes du domaine. Un vin de collection, profond, \u00e9l\u00e9gant, et r\u00e9solument intemporel.<\/p>","protected":false},"excerpt":{"rendered":"<p><strong>Le Cr\u00e9ateur 2018<\/strong> \u2013 Margaux 100% Cabernet Sauvignon d\u2019exception, sign\u00e9 Ch\u00e2teau Haut Breton Larigaudi\u00e8re. Mill\u00e9sime rare, charpente noble et \u00e9levage ma\u00eetris\u00e9. Livraison rapide \u2013 quantit\u00e9 tr\u00e8s limit\u00e9e.<\/p>","protected":false},"featured_media":66643,"template":"","meta":{"_acf_changed":false},"product_brand":[],"product_cat":[378,464,507,552,383,396,381,382,375,393,160],"product_tag":[],"class_list":{"0":"post-66500","1":"product","2":"type-product","3":"status-publish","4":"has-post-thumbnail","6":"product_cat-appellations-vin-en-ligne","7":"product_cat-cabernet-sauvignon-en-ligne","8":"product_cat-cepages-vin-en-ligne","9":"product_cat-vin-par-couleur-en-ligne","10":"product_cat-vin-de-france-en-ligne","11":"product_cat-vin-hve-en-ligne","12":"product_cat-margaux-en-ligne","13":"product_cat-vin-par-pays-en-ligne","14":"product_cat-vin-rouge-en-ligne","15":"product_cat-vins-par-methode-de-vinification","16":"product_cat-vins-de-proprietes-en-ligne","17":"pa_appellations-margaux","18":"pa_cepages-cabernet-sauvignon","19":"pa_couleurs-rouge","20":"pa_formats-75cl","21":"pa_millesimes-186","22":"pa_millesimes-180","23":"pa_millesimes-179","24":"pa_millesimes-178","25":"pa_millesimes-177","26":"pa_millesimes-174","27":"pa_pays-france","28":"pa_propriete-margaux","29":"pa_quantites-a-lunite","30":"pa_quantites-carton-de-3-bouteilles","31":"pa_quantites-carton-de-6-bouteilles","32":"pa_vinifications-hve","34":"first","35":"instock","36":"taxable","37":"shipping-taxable","38":"purchasable","39":"product-type-simple"},"acf":[],"yoast_head":"<!-- This site is optimized with the Yoast SEO plugin v27.4 - https:\/\/yoast.com\/product\/yoast-seo-wordpress\/ -->\n<title>Le Cr\u00e9ateur 2018 - Demourshop<\/title>\n<meta name=\"description\" content=\"Le Cr\u00e9ateur 2018 \u2013 Cuv\u00e9e rare 100% Cabernet Sauvignon du Ch\u00e2teau Haut Breton Larigaudi\u00e8re. Grand vin de Margaux, mill\u00e9sime exceptionnel.\" \/>\n<meta name=\"robots\" content=\"index, follow, max-snippet:-1, max-image-preview:large, max-video-preview:-1\" \/>\n<link rel=\"canonical\" href=\"https:\/\/demourshop.com\/en\/product\/le-createur-2018\/\" \/>\n<meta property=\"og:locale\" content=\"en_GB\" \/>\n<meta property=\"og:type\" content=\"article\" \/>\n<meta property=\"og:title\" content=\"Le Cr\u00e9ateur 2018 - Demourshop\" \/>\n<meta property=\"og:description\" content=\"Le Cr\u00e9ateur 2018 \u2013 Cuv\u00e9e rare 100% Cabernet Sauvignon du Ch\u00e2teau Haut Breton Larigaudi\u00e8re. Grand vin de Margaux, mill\u00e9sime exceptionnel.\" \/>\n<meta property=\"og:url\" content=\"https:\/\/demourshop.com\/en\/product\/le-createur-2018\/\" \/>\n<meta property=\"og:site_name\" content=\"Demourshop\" \/>\n<meta property=\"article:modified_time\" content=\"2025-12-04T13:55:32+00:00\" \/>\n<meta property=\"og:image\" content=\"http:\/\/demourshop.com\/wp-content\/uploads\/2024\/10\/Le-createur.png\" \/>\n\t<meta property=\"og:image:width\" content=\"1080\" \/>\n\t<meta property=\"og:image:height\" content=\"1080\" \/>\n\t<meta property=\"og:image:type\" content=\"image\/png\" \/>\n<meta name=\"twitter:card\" content=\"summary_large_image\" \/>\n<meta name=\"twitter:label1\" content=\"Estimated reading time\" \/>\n\t<meta name=\"twitter:data1\" content=\"2 minutes\" \/>\n<script type=\"application\/ld+json\" class=\"yoast-schema-graph\">{\"@context\":\"https:\\\/\\\/schema.org\",\"@graph\":[{\"@type\":\"WebPage\",\"@id\":\"https:\\\/\\\/demourshop.com\\\/produit\\\/le-createur-2018\\\/\",\"url\":\"https:\\\/\\\/demourshop.com\\\/produit\\\/le-createur-2018\\\/\",\"name\":\"Le Cr\u00e9ateur 2018 - Demourshop\",\"isPartOf\":{\"@id\":\"https:\\\/\\\/demourshop.com\\\/#website\"},\"primaryImageOfPage\":{\"@id\":\"https:\\\/\\\/demourshop.com\\\/produit\\\/le-createur-2018\\\/#primaryimage\"},\"image\":{\"@id\":\"https:\\\/\\\/demourshop.com\\\/produit\\\/le-createur-2018\\\/#primaryimage\"},\"thumbnailUrl\":\"https:\\\/\\\/demourshop.com\\\/wp-content\\\/uploads\\\/2024\\\/10\\\/Le-createur.png\",\"datePublished\":\"2024-10-22T11:47:15+00:00\",\"dateModified\":\"2025-12-04T13:55:32+00:00\",\"description\":\"Le Cr\u00e9ateur 2018 \u2013 Cuv\u00e9e rare 100% Cabernet Sauvignon du Ch\u00e2teau Haut Breton Larigaudi\u00e8re. Grand vin de Margaux, mill\u00e9sime exceptionnel.\",\"breadcrumb\":{\"@id\":\"https:\\\/\\\/demourshop.com\\\/produit\\\/le-createur-2018\\\/#breadcrumb\"},\"inLanguage\":\"en-GB\",\"potentialAction\":[{\"@type\":\"ReadAction\",\"target\":[\"https:\\\/\\\/demourshop.com\\\/produit\\\/le-createur-2018\\\/\"]}]},{\"@type\":\"ImageObject\",\"inLanguage\":\"en-GB\",\"@id\":\"https:\\\/\\\/demourshop.com\\\/produit\\\/le-createur-2018\\\/#primaryimage\",\"url\":\"https:\\\/\\\/demourshop.com\\\/wp-content\\\/uploads\\\/2024\\\/10\\\/Le-createur.png\",\"contentUrl\":\"https:\\\/\\\/demourshop.com\\\/wp-content\\\/uploads\\\/2024\\\/10\\\/Le-createur.png\",\"width\":1080,\"height\":1080,\"caption\":\"Le Cr\u00e9ateur vin rouge Margaux Ch\u00e2teau Haut Breton Larigaudi\u00e8re\"},{\"@type\":\"BreadcrumbList\",\"@id\":\"https:\\\/\\\/demourshop.com\\\/produit\\\/le-createur-2018\\\/#breadcrumb\",\"itemListElement\":[{\"@type\":\"ListItem\",\"position\":1,\"name\":\"Accueil\",\"item\":\"https:\\\/\\\/demourshop.com\\\/\"},{\"@type\":\"ListItem\",\"position\":2,\"name\":\"Boutique\",\"item\":\"https:\\\/\\\/demourshop.com\\\/boutique\\\/\"},{\"@type\":\"ListItem\",\"position\":3,\"name\":\"Le Cr\u00e9ateur 2018\"}]},{\"@type\":\"WebSite\",\"@id\":\"https:\\\/\\\/demourshop.com\\\/#website\",\"url\":\"https:\\\/\\\/demourshop.com\\\/\",\"name\":\"Demourshop\",\"description\":\"\",\"publisher\":{\"@id\":\"https:\\\/\\\/demourshop.com\\\/#organization\"},\"potentialAction\":[{\"@type\":\"SearchAction\",\"target\":{\"@type\":\"EntryPoint\",\"urlTemplate\":\"https:\\\/\\\/demourshop.com\\\/?s={search_term_string}\"},\"query-input\":{\"@type\":\"PropertyValueSpecification\",\"valueRequired\":true,\"valueName\":\"search_term_string\"}}],\"inLanguage\":\"en-GB\"},{\"@type\":\"Organization\",\"@id\":\"https:\\\/\\\/demourshop.com\\\/#organization\",\"name\":\"Demourshop\",\"url\":\"https:\\\/\\\/demourshop.com\\\/\",\"logo\":{\"@type\":\"ImageObject\",\"inLanguage\":\"en-GB\",\"@id\":\"https:\\\/\\\/demourshop.com\\\/#\\\/schema\\\/logo\\\/image\\\/\",\"url\":\"https:\\\/\\\/demourshop.com\\\/wp-content\\\/uploads\\\/2023\\\/08\\\/logo-wine-2-1-1.png\",\"contentUrl\":\"https:\\\/\\\/demourshop.com\\\/wp-content\\\/uploads\\\/2023\\\/08\\\/logo-wine-2-1-1.png\",\"width\":400,\"height\":145,\"caption\":\"Demourshop\"},\"image\":{\"@id\":\"https:\\\/\\\/demourshop.com\\\/#\\\/schema\\\/logo\\\/image\\\/\"}}]}<\/script>\n<!-- \/ Yoast SEO plugin. -->","yoast_head_json":{"title":"Le Cr\u00e9ateur 2018 - Demourshop","description":"Le Cr\u00e9ateur 2018 \u2013 Cuv\u00e9e rare 100% Cabernet Sauvignon du Ch\u00e2teau Haut Breton Larigaudi\u00e8re. Grand vin de Margaux, mill\u00e9sime exceptionnel.","robots":{"index":"index","follow":"follow","max-snippet":"max-snippet:-1","max-image-preview":"max-image-preview:large","max-video-preview":"max-video-preview:-1"},"canonical":"https:\/\/demourshop.com\/en\/product\/le-createur-2018\/","og_locale":"en_GB","og_type":"article","og_title":"Le Cr\u00e9ateur 2018 - Demourshop","og_description":"Le Cr\u00e9ateur 2018 \u2013 Cuv\u00e9e rare 100% Cabernet Sauvignon du Ch\u00e2teau Haut Breton Larigaudi\u00e8re. Grand vin de Margaux, mill\u00e9sime exceptionnel.","og_url":"https:\/\/demourshop.com\/en\/product\/le-createur-2018\/","og_site_name":"Demourshop","article_modified_time":"2025-12-04T13:55:32+00:00","og_image":[{"width":1080,"height":1080,"url":"http:\/\/demourshop.com\/wp-content\/uploads\/2024\/10\/Le-createur.png","type":"image\/png"}],"twitter_card":"summary_large_image","twitter_misc":{"Estimated reading time":"2 minutes"},"schema":{"@context":"https:\/\/schema.org","@graph":[{"@type":"WebPage","@id":"https:\/\/demourshop.com\/produit\/le-createur-2018\/","url":"https:\/\/demourshop.com\/produit\/le-createur-2018\/","name":"Le Cr\u00e9ateur 2018 - Demourshop","isPartOf":{"@id":"https:\/\/demourshop.com\/#website"},"primaryImageOfPage":{"@id":"https:\/\/demourshop.com\/produit\/le-createur-2018\/#primaryimage"},"image":{"@id":"https:\/\/demourshop.com\/produit\/le-createur-2018\/#primaryimage"},"thumbnailUrl":"https:\/\/demourshop.com\/wp-content\/uploads\/2024\/10\/Le-createur.png","datePublished":"2024-10-22T11:47:15+00:00","dateModified":"2025-12-04T13:55:32+00:00","description":"Le Cr\u00e9ateur 2018 \u2013 Cuv\u00e9e rare 100% Cabernet Sauvignon du Ch\u00e2teau Haut Breton Larigaudi\u00e8re. Grand vin de Margaux, mill\u00e9sime exceptionnel.","breadcrumb":{"@id":"https:\/\/demourshop.com\/produit\/le-createur-2018\/#breadcrumb"},"inLanguage":"en-GB","potentialAction":[{"@type":"ReadAction","target":["https:\/\/demourshop.com\/produit\/le-createur-2018\/"]}]},{"@type":"ImageObject","inLanguage":"en-GB","@id":"https:\/\/demourshop.com\/produit\/le-createur-2018\/#primaryimage","url":"https:\/\/demourshop.com\/wp-content\/uploads\/2024\/10\/Le-createur.png","contentUrl":"https:\/\/demourshop.com\/wp-content\/uploads\/2024\/10\/Le-createur.png","width":1080,"height":1080,"caption":"Le Cr\u00e9ateur vin rouge Margaux Ch\u00e2teau Haut Breton Larigaudi\u00e8re"},{"@type":"BreadcrumbList","@id":"https:\/\/demourshop.com\/produit\/le-createur-2018\/#breadcrumb","itemListElement":[{"@type":"ListItem","position":1,"name":"Accueil","item":"https:\/\/demourshop.com\/"},{"@type":"ListItem","position":2,"name":"Boutique","item":"https:\/\/demourshop.com\/boutique\/"},{"@type":"ListItem","position":3,"name":"Le Cr\u00e9ateur 2018"}]},{"@type":"WebSite","@id":"https:\/\/demourshop.com\/#website","url":"https:\/\/demourshop.com\/","name":"Demourshop","description":"","publisher":{"@id":"https:\/\/demourshop.com\/#organization"},"potentialAction":[{"@type":"SearchAction","target":{"@type":"EntryPoint","urlTemplate":"https:\/\/demourshop.com\/?s={search_term_string}"},"query-input":{"@type":"PropertyValueSpecification","valueRequired":true,"valueName":"search_term_string"}}],"inLanguage":"en-GB"},{"@type":"Organization","@id":"https:\/\/demourshop.com\/#organization","name":"Demourshop","url":"https:\/\/demourshop.com\/","logo":{"@type":"ImageObject","inLanguage":"en-GB","@id":"https:\/\/demourshop.com\/#\/schema\/logo\/image\/","url":"https:\/\/demourshop.com\/wp-content\/uploads\/2023\/08\/logo-wine-2-1-1.png","contentUrl":"https:\/\/demourshop.com\/wp-content\/uploads\/2023\/08\/logo-wine-2-1-1.png","width":400,"height":145,"caption":"Demourshop"},"image":{"@id":"https:\/\/demourshop.com\/#\/schema\/logo\/image\/"}}]}},"_links":{"self":[{"href":"https:\/\/demourshop.com\/en\/wp-json\/wp\/v2\/product\/66500","targetHints":{"allow":["GET"]}}],"collection":[{"href":"https:\/\/demourshop.com\/en\/wp-json\/wp\/v2\/product"}],"about":[{"href":"https:\/\/demourshop.com\/en\/wp-json\/wp\/v2\/types\/product"}],"version-history":[{"count":7,"href":"https:\/\/demourshop.com\/en\/wp-json\/wp\/v2\/product\/66500\/revisions"}],"predecessor-version":[{"id":70814,"href":"https:\/\/demourshop.com\/en\/wp-json\/wp\/v2\/product\/66500\/revisions\/70814"}],"wp:featuredmedia":[{"embeddable":true,"href":"https:\/\/demourshop.com\/en\/wp-json\/wp\/v2\/media\/66643"}],"wp:attachment":[{"href":"https:\/\/demourshop.com\/en\/wp-json\/wp\/v2\/media?parent=66500"}],"wp:term":[{"taxonomy":"product_brand","embeddable":true,"href":"https:\/\/demourshop.com\/en\/wp-json\/wp\/v2\/product_brand?post=66500"},{"taxonomy":"product_cat","embeddable":true,"href":"https:\/\/demourshop.com\/en\/wp-json\/wp\/v2\/product_cat?post=66500"},{"taxonomy":"product_tag","embeddable":true,"href":"https:\/\/demourshop.com\/en\/wp-json\/wp\/v2\/product_tag?post=66500"}],"curies":[{"name":"wp","href":"https:\/\/api.w.org\/{rel}","templated":true}]}}