{"id":66498,"date":"2024-10-22T13:47:01","date_gmt":"2024-10-22T11:47:01","guid":{"rendered":"https:\/\/demourshop.com\/?post_type=product&#038;p=66498"},"modified":"2025-12-04T14:52:45","modified_gmt":"2025-12-04T13:52:45","slug":"le-createur-2017","status":"publish","type":"product","link":"https:\/\/demourshop.com\/en\/product\/le-createur-2017\/","title":{"rendered":"Le Cr\u00e9ateur 2017"},"content":{"rendered":"<p>\u00c0 servir \u00e0 17\u00b0C apr\u00e8s une a\u00e9ration de 45 minutes. Ce vin accompagnera parfaitement un filet de b\u0153uf, une volaille en sauce truff\u00e9e, un risotto aux c\u00e8pes ou un vieux comt\u00e9. <strong>Le Cr\u00e9ateur 2017<\/strong> peut \u00eatre appr\u00e9ci\u00e9 d\u00e8s aujourd\u2019hui pour son \u00e9quilibre et sa finesse, mais poss\u00e8de \u00e9galement un potentiel de garde de 8 \u00e0 12 ans. Il offre une interpr\u00e9tation \u00e9l\u00e9gante du Cabernet Sauvignon sur les graves de Margaux, dans un style classique et pr\u00e9cis. Une bouteille rare, confidentielle, pens\u00e9e pour les connaisseurs \u00e0 la recherche de vins \u00e9l\u00e9gants, expressifs et singuliers.<\/p>","protected":false},"excerpt":{"rendered":"<p><strong>Le Cr\u00e9ateur 2017<\/strong> \u2013 Margaux 100% Cabernet Sauvignon rac\u00e9, fin et \u00e9l\u00e9gant. Cuv\u00e9e rare produite uniquement les grandes ann\u00e9es. Livraison rapide \u2013 quantit\u00e9 limit\u00e9e.<\/p>","protected":false},"featured_media":66643,"template":"","meta":{"_acf_changed":false},"product_brand":[],"product_cat":[378,464,507,552,383,396,381,382,375,393,160],"product_tag":[],"class_list":{"0":"post-66498","1":"product","2":"type-product","3":"status-publish","4":"has-post-thumbnail","6":"product_cat-appellations-vin-en-ligne","7":"product_cat-cabernet-sauvignon-en-ligne","8":"product_cat-cepages-vin-en-ligne","9":"product_cat-vin-par-couleur-en-ligne","10":"product_cat-vin-de-france-en-ligne","11":"product_cat-vin-hve-en-ligne","12":"product_cat-margaux-en-ligne","13":"product_cat-vin-par-pays-en-ligne","14":"product_cat-vin-rouge-en-ligne","15":"product_cat-vins-par-methode-de-vinification","16":"product_cat-vins-de-proprietes-en-ligne","17":"pa_appellations-margaux","18":"pa_cepages-cabernet-sauvignon","19":"pa_couleurs-rouge","20":"pa_formats-75cl","21":"pa_millesimes-186","22":"pa_millesimes-180","23":"pa_millesimes-179","24":"pa_millesimes-178","25":"pa_millesimes-177","26":"pa_millesimes-174","27":"pa_pays-france","28":"pa_propriete-margaux","29":"pa_quantites-a-lunite","30":"pa_quantites-carton-de-3-bouteilles","31":"pa_quantites-carton-de-6-bouteilles","32":"pa_vinifications-hve","34":"first","35":"instock","36":"taxable","37":"shipping-taxable","38":"purchasable","39":"product-type-simple"},"acf":[],"yoast_head":"<!-- This site is optimized with the Yoast SEO plugin v27.4 - https:\/\/yoast.com\/product\/yoast-seo-wordpress\/ -->\n<title>Le Cr\u00e9ateur 2017 - Demourshop<\/title>\n<meta name=\"description\" content=\"Le Cr\u00e9ateur 2017 \u2013 Cuv\u00e9e rare du Ch\u00e2teau Haut Breton Larigaudi\u00e8re. 100% Cabernet Sauvignon, finesse et longueur. Livraison rapide \u2013 quantit\u00e9 limit\u00e9e.\" \/>\n<meta name=\"robots\" content=\"index, follow, max-snippet:-1, max-image-preview:large, max-video-preview:-1\" \/>\n<link rel=\"canonical\" href=\"https:\/\/demourshop.com\/en\/product\/le-createur-2017\/\" \/>\n<meta property=\"og:locale\" content=\"en_GB\" \/>\n<meta property=\"og:type\" content=\"article\" \/>\n<meta property=\"og:title\" content=\"Le Cr\u00e9ateur 2017 - Demourshop\" \/>\n<meta property=\"og:description\" content=\"Le Cr\u00e9ateur 2017 \u2013 Cuv\u00e9e rare du Ch\u00e2teau Haut Breton Larigaudi\u00e8re. 100% Cabernet Sauvignon, finesse et longueur. Livraison rapide \u2013 quantit\u00e9 limit\u00e9e.\" \/>\n<meta property=\"og:url\" content=\"https:\/\/demourshop.com\/en\/product\/le-createur-2017\/\" \/>\n<meta property=\"og:site_name\" content=\"Demourshop\" \/>\n<meta property=\"article:modified_time\" content=\"2025-12-04T13:52:45+00:00\" \/>\n<meta property=\"og:image\" content=\"http:\/\/demourshop.com\/wp-content\/uploads\/2024\/10\/Le-createur.png\" \/>\n\t<meta property=\"og:image:width\" content=\"1080\" \/>\n\t<meta property=\"og:image:height\" content=\"1080\" \/>\n\t<meta property=\"og:image:type\" content=\"image\/png\" \/>\n<meta name=\"twitter:card\" content=\"summary_large_image\" \/>\n<meta name=\"twitter:label1\" content=\"Estimated reading time\" \/>\n\t<meta name=\"twitter:data1\" content=\"3 minutes\" \/>\n<script type=\"application\/ld+json\" class=\"yoast-schema-graph\">{\"@context\":\"https:\\\/\\\/schema.org\",\"@graph\":[{\"@type\":\"WebPage\",\"@id\":\"https:\\\/\\\/demourshop.com\\\/produit\\\/le-createur-2017\\\/\",\"url\":\"https:\\\/\\\/demourshop.com\\\/produit\\\/le-createur-2017\\\/\",\"name\":\"Le Cr\u00e9ateur 2017 - Demourshop\",\"isPartOf\":{\"@id\":\"https:\\\/\\\/demourshop.com\\\/#website\"},\"primaryImageOfPage\":{\"@id\":\"https:\\\/\\\/demourshop.com\\\/produit\\\/le-createur-2017\\\/#primaryimage\"},\"image\":{\"@id\":\"https:\\\/\\\/demourshop.com\\\/produit\\\/le-createur-2017\\\/#primaryimage\"},\"thumbnailUrl\":\"https:\\\/\\\/demourshop.com\\\/wp-content\\\/uploads\\\/2024\\\/10\\\/Le-createur.png\",\"datePublished\":\"2024-10-22T11:47:01+00:00\",\"dateModified\":\"2025-12-04T13:52:45+00:00\",\"description\":\"Le Cr\u00e9ateur 2017 \u2013 Cuv\u00e9e rare du Ch\u00e2teau Haut Breton Larigaudi\u00e8re. 100% Cabernet Sauvignon, finesse et longueur. Livraison rapide \u2013 quantit\u00e9 limit\u00e9e.\",\"breadcrumb\":{\"@id\":\"https:\\\/\\\/demourshop.com\\\/produit\\\/le-createur-2017\\\/#breadcrumb\"},\"inLanguage\":\"en-GB\",\"potentialAction\":[{\"@type\":\"ReadAction\",\"target\":[\"https:\\\/\\\/demourshop.com\\\/produit\\\/le-createur-2017\\\/\"]}]},{\"@type\":\"ImageObject\",\"inLanguage\":\"en-GB\",\"@id\":\"https:\\\/\\\/demourshop.com\\\/produit\\\/le-createur-2017\\\/#primaryimage\",\"url\":\"https:\\\/\\\/demourshop.com\\\/wp-content\\\/uploads\\\/2024\\\/10\\\/Le-createur.png\",\"contentUrl\":\"https:\\\/\\\/demourshop.com\\\/wp-content\\\/uploads\\\/2024\\\/10\\\/Le-createur.png\",\"width\":1080,\"height\":1080,\"caption\":\"Le Cr\u00e9ateur vin rouge Margaux Ch\u00e2teau Haut Breton Larigaudi\u00e8re\"},{\"@type\":\"BreadcrumbList\",\"@id\":\"https:\\\/\\\/demourshop.com\\\/produit\\\/le-createur-2017\\\/#breadcrumb\",\"itemListElement\":[{\"@type\":\"ListItem\",\"position\":1,\"name\":\"Accueil\",\"item\":\"https:\\\/\\\/demourshop.com\\\/\"},{\"@type\":\"ListItem\",\"position\":2,\"name\":\"Boutique\",\"item\":\"https:\\\/\\\/demourshop.com\\\/boutique\\\/\"},{\"@type\":\"ListItem\",\"position\":3,\"name\":\"Le Cr\u00e9ateur 2017\"}]},{\"@type\":\"WebSite\",\"@id\":\"https:\\\/\\\/demourshop.com\\\/#website\",\"url\":\"https:\\\/\\\/demourshop.com\\\/\",\"name\":\"Demourshop\",\"description\":\"\",\"publisher\":{\"@id\":\"https:\\\/\\\/demourshop.com\\\/#organization\"},\"potentialAction\":[{\"@type\":\"SearchAction\",\"target\":{\"@type\":\"EntryPoint\",\"urlTemplate\":\"https:\\\/\\\/demourshop.com\\\/?s={search_term_string}\"},\"query-input\":{\"@type\":\"PropertyValueSpecification\",\"valueRequired\":true,\"valueName\":\"search_term_string\"}}],\"inLanguage\":\"en-GB\"},{\"@type\":\"Organization\",\"@id\":\"https:\\\/\\\/demourshop.com\\\/#organization\",\"name\":\"Demourshop\",\"url\":\"https:\\\/\\\/demourshop.com\\\/\",\"logo\":{\"@type\":\"ImageObject\",\"inLanguage\":\"en-GB\",\"@id\":\"https:\\\/\\\/demourshop.com\\\/#\\\/schema\\\/logo\\\/image\\\/\",\"url\":\"https:\\\/\\\/demourshop.com\\\/wp-content\\\/uploads\\\/2023\\\/08\\\/logo-wine-2-1-1.png\",\"contentUrl\":\"https:\\\/\\\/demourshop.com\\\/wp-content\\\/uploads\\\/2023\\\/08\\\/logo-wine-2-1-1.png\",\"width\":400,\"height\":145,\"caption\":\"Demourshop\"},\"image\":{\"@id\":\"https:\\\/\\\/demourshop.com\\\/#\\\/schema\\\/logo\\\/image\\\/\"}}]}<\/script>\n<!-- \/ Yoast SEO plugin. -->","yoast_head_json":{"title":"Le Cr\u00e9ateur 2017 - Demourshop","description":"Le Cr\u00e9ateur 2017 \u2013 Cuv\u00e9e rare du Ch\u00e2teau Haut Breton Larigaudi\u00e8re. 100% Cabernet Sauvignon, finesse et longueur. Livraison rapide \u2013 quantit\u00e9 limit\u00e9e.","robots":{"index":"index","follow":"follow","max-snippet":"max-snippet:-1","max-image-preview":"max-image-preview:large","max-video-preview":"max-video-preview:-1"},"canonical":"https:\/\/demourshop.com\/en\/product\/le-createur-2017\/","og_locale":"en_GB","og_type":"article","og_title":"Le Cr\u00e9ateur 2017 - Demourshop","og_description":"Le Cr\u00e9ateur 2017 \u2013 Cuv\u00e9e rare du Ch\u00e2teau Haut Breton Larigaudi\u00e8re. 100% Cabernet Sauvignon, finesse et longueur. Livraison rapide \u2013 quantit\u00e9 limit\u00e9e.","og_url":"https:\/\/demourshop.com\/en\/product\/le-createur-2017\/","og_site_name":"Demourshop","article_modified_time":"2025-12-04T13:52:45+00:00","og_image":[{"width":1080,"height":1080,"url":"http:\/\/demourshop.com\/wp-content\/uploads\/2024\/10\/Le-createur.png","type":"image\/png"}],"twitter_card":"summary_large_image","twitter_misc":{"Estimated reading time":"3 minutes"},"schema":{"@context":"https:\/\/schema.org","@graph":[{"@type":"WebPage","@id":"https:\/\/demourshop.com\/produit\/le-createur-2017\/","url":"https:\/\/demourshop.com\/produit\/le-createur-2017\/","name":"Le Cr\u00e9ateur 2017 - Demourshop","isPartOf":{"@id":"https:\/\/demourshop.com\/#website"},"primaryImageOfPage":{"@id":"https:\/\/demourshop.com\/produit\/le-createur-2017\/#primaryimage"},"image":{"@id":"https:\/\/demourshop.com\/produit\/le-createur-2017\/#primaryimage"},"thumbnailUrl":"https:\/\/demourshop.com\/wp-content\/uploads\/2024\/10\/Le-createur.png","datePublished":"2024-10-22T11:47:01+00:00","dateModified":"2025-12-04T13:52:45+00:00","description":"Le Cr\u00e9ateur 2017 \u2013 Cuv\u00e9e rare du Ch\u00e2teau Haut Breton Larigaudi\u00e8re. 100% Cabernet Sauvignon, finesse et longueur. Livraison rapide \u2013 quantit\u00e9 limit\u00e9e.","breadcrumb":{"@id":"https:\/\/demourshop.com\/produit\/le-createur-2017\/#breadcrumb"},"inLanguage":"en-GB","potentialAction":[{"@type":"ReadAction","target":["https:\/\/demourshop.com\/produit\/le-createur-2017\/"]}]},{"@type":"ImageObject","inLanguage":"en-GB","@id":"https:\/\/demourshop.com\/produit\/le-createur-2017\/#primaryimage","url":"https:\/\/demourshop.com\/wp-content\/uploads\/2024\/10\/Le-createur.png","contentUrl":"https:\/\/demourshop.com\/wp-content\/uploads\/2024\/10\/Le-createur.png","width":1080,"height":1080,"caption":"Le Cr\u00e9ateur vin rouge Margaux Ch\u00e2teau Haut Breton Larigaudi\u00e8re"},{"@type":"BreadcrumbList","@id":"https:\/\/demourshop.com\/produit\/le-createur-2017\/#breadcrumb","itemListElement":[{"@type":"ListItem","position":1,"name":"Accueil","item":"https:\/\/demourshop.com\/"},{"@type":"ListItem","position":2,"name":"Boutique","item":"https:\/\/demourshop.com\/boutique\/"},{"@type":"ListItem","position":3,"name":"Le Cr\u00e9ateur 2017"}]},{"@type":"WebSite","@id":"https:\/\/demourshop.com\/#website","url":"https:\/\/demourshop.com\/","name":"Demourshop","description":"","publisher":{"@id":"https:\/\/demourshop.com\/#organization"},"potentialAction":[{"@type":"SearchAction","target":{"@type":"EntryPoint","urlTemplate":"https:\/\/demourshop.com\/?s={search_term_string}"},"query-input":{"@type":"PropertyValueSpecification","valueRequired":true,"valueName":"search_term_string"}}],"inLanguage":"en-GB"},{"@type":"Organization","@id":"https:\/\/demourshop.com\/#organization","name":"Demourshop","url":"https:\/\/demourshop.com\/","logo":{"@type":"ImageObject","inLanguage":"en-GB","@id":"https:\/\/demourshop.com\/#\/schema\/logo\/image\/","url":"https:\/\/demourshop.com\/wp-content\/uploads\/2023\/08\/logo-wine-2-1-1.png","contentUrl":"https:\/\/demourshop.com\/wp-content\/uploads\/2023\/08\/logo-wine-2-1-1.png","width":400,"height":145,"caption":"Demourshop"},"image":{"@id":"https:\/\/demourshop.com\/#\/schema\/logo\/image\/"}}]}},"_links":{"self":[{"href":"https:\/\/demourshop.com\/en\/wp-json\/wp\/v2\/product\/66498","targetHints":{"allow":["GET"]}}],"collection":[{"href":"https:\/\/demourshop.com\/en\/wp-json\/wp\/v2\/product"}],"about":[{"href":"https:\/\/demourshop.com\/en\/wp-json\/wp\/v2\/types\/product"}],"version-history":[{"count":8,"href":"https:\/\/demourshop.com\/en\/wp-json\/wp\/v2\/product\/66498\/revisions"}],"predecessor-version":[{"id":70813,"href":"https:\/\/demourshop.com\/en\/wp-json\/wp\/v2\/product\/66498\/revisions\/70813"}],"wp:featuredmedia":[{"embeddable":true,"href":"https:\/\/demourshop.com\/en\/wp-json\/wp\/v2\/media\/66643"}],"wp:attachment":[{"href":"https:\/\/demourshop.com\/en\/wp-json\/wp\/v2\/media?parent=66498"}],"wp:term":[{"taxonomy":"product_brand","embeddable":true,"href":"https:\/\/demourshop.com\/en\/wp-json\/wp\/v2\/product_brand?post=66498"},{"taxonomy":"product_cat","embeddable":true,"href":"https:\/\/demourshop.com\/en\/wp-json\/wp\/v2\/product_cat?post=66498"},{"taxonomy":"product_tag","embeddable":true,"href":"https:\/\/demourshop.com\/en\/wp-json\/wp\/v2\/product_tag?post=66498"}],"curies":[{"name":"wp","href":"https:\/\/api.w.org\/{rel}","templated":true}]}}