{"id":66485,"date":"2024-10-22T12:58:45","date_gmt":"2024-10-22T10:58:45","guid":{"rendered":"https:\/\/demourshop.com\/?post_type=product&#038;p=66485"},"modified":"2026-04-03T08:49:48","modified_gmt":"2026-04-03T06:49:48","slug":"dame-de-baladoz-2022","status":"publish","type":"product","link":"https:\/\/demourshop.com\/en\/product\/dame-de-baladoz-2022\/","title":{"rendered":"Dame de Baladoz 2022"},"content":{"rendered":"<p>\u00c0 servir \u00e0 16\u201317\u00b0C apr\u00e8s une courte a\u00e9ration. Ce vin accompagne parfaitement une cuisine simple et savoureuse : r\u00f4ti de veau, poulet aux herbes, gratins ou fromages \u00e0 p\u00e2te molle. <strong>Dame de Baladoz 2022<\/strong> est un vin de table raffin\u00e9, qui s\u2019appr\u00e9cie pour son \u00e9quilibre, sa finesse et sa gourmandise. Gr\u00e2ce \u00e0 son excellent rapport qualit\u00e9-prix, il s\u00e9duit autant les amateurs \u00e9clair\u00e9s que les novices. C\u2019est aussi une belle option \u00e0 offrir ou \u00e0 partager, repr\u00e9sentative de la rigueur et de la modernit\u00e9 des propri\u00e9t\u00e9s de la famille De Schepper sur la rive droite bordelaise.<\/p>","protected":false},"excerpt":{"rendered":"<p><strong>Dame de Baladoz 2022<\/strong> \u2013 Second vin de Saint-\u00c9milion Grand Cru. Rond, fruit\u00e9 et \u00e9l\u00e9gant. Id\u00e9al pour un plaisir imm\u00e9diat \u00e0 prix doux.<\/p>","protected":false},"featured_media":68151,"template":"","meta":{"_acf_changed":false},"product_brand":[],"product_cat":[378,465,507,552,383,396,409,382,379,375,393,160],"product_tag":[],"class_list":{"0":"post-66485","1":"product","2":"type-product","3":"status-publish","4":"has-post-thumbnail","6":"product_cat-appellations-vin-en-ligne","7":"product_cat-cabernet-franc-en-ligne","8":"product_cat-cepages-vin-en-ligne","9":"product_cat-vin-par-couleur-en-ligne","10":"product_cat-vin-de-france-en-ligne","11":"product_cat-vin-hve-en-ligne","12":"product_cat-merlot-en-ligne","13":"product_cat-vin-par-pays-en-ligne","14":"product_cat-saint-emilion-grand-cru-en-ligne","15":"product_cat-vin-rouge-en-ligne","16":"product_cat-vins-par-methode-de-vinification","17":"product_cat-vins-de-proprietes-en-ligne","18":"pa_appellations-saint-emilion-grand-cru","19":"pa_cepages-cabernet-franc","20":"pa_cepages-merlot","21":"pa_couleurs-rouge","22":"pa_formats-75cl","23":"pa_millesimes-175","24":"pa_millesimes-174","25":"pa_pays-france","26":"pa_propriete-saint-emilion-grand-cru","27":"pa_quantites-a-lunite","28":"pa_quantites-carton-de-3-bouteilles","29":"pa_quantites-carton-de-6-bouteilles","30":"pa_vinifications-hve","32":"first","33":"instock","34":"taxable","35":"shipping-taxable","36":"purchasable","37":"product-type-simple"},"acf":[],"yoast_head":"<!-- This site is optimized with the Yoast SEO plugin v27.4 - https:\/\/yoast.com\/product\/yoast-seo-wordpress\/ -->\n<title>Dame de Baladoz 2022 - Demourshop<\/title>\n<meta name=\"description\" content=\"Dame de Baladoz 2022 \u2013 Second vin \u00e9l\u00e9gant du Ch\u00e2teau Tour Baladoz. Fruit\u00e9, rond et charmeur. Id\u00e9al pour d\u00e9couvrir Saint-\u00c9milion Grand Cru.\" \/>\n<meta name=\"robots\" content=\"index, follow, max-snippet:-1, max-image-preview:large, max-video-preview:-1\" \/>\n<link rel=\"canonical\" href=\"https:\/\/demourshop.com\/en\/product\/dame-de-baladoz-2022\/\" \/>\n<meta property=\"og:locale\" content=\"en_GB\" \/>\n<meta property=\"og:type\" content=\"article\" \/>\n<meta property=\"og:title\" content=\"Dame de Baladoz 2022 - Demourshop\" \/>\n<meta property=\"og:description\" content=\"Dame de Baladoz 2022 \u2013 Second vin \u00e9l\u00e9gant du Ch\u00e2teau Tour Baladoz. Fruit\u00e9, rond et charmeur. Id\u00e9al pour d\u00e9couvrir Saint-\u00c9milion Grand Cru.\" \/>\n<meta property=\"og:url\" content=\"https:\/\/demourshop.com\/en\/product\/dame-de-baladoz-2022\/\" \/>\n<meta property=\"og:site_name\" content=\"Demourshop\" \/>\n<meta property=\"article:modified_time\" content=\"2026-04-03T06:49:48+00:00\" \/>\n<meta property=\"og:image\" content=\"http:\/\/demourshop.com\/wp-content\/uploads\/2024\/10\/dame-de-baladoz-nouvelle-etiquette.png\" \/>\n\t<meta property=\"og:image:width\" content=\"700\" \/>\n\t<meta property=\"og:image:height\" content=\"700\" \/>\n\t<meta property=\"og:image:type\" content=\"image\/png\" \/>\n<meta name=\"twitter:card\" content=\"summary_large_image\" \/>\n<meta name=\"twitter:label1\" content=\"Estimated reading time\" \/>\n\t<meta name=\"twitter:data1\" content=\"3 minutes\" \/>\n<script type=\"application\/ld+json\" class=\"yoast-schema-graph\">{\"@context\":\"https:\\\/\\\/schema.org\",\"@graph\":[{\"@type\":\"WebPage\",\"@id\":\"https:\\\/\\\/demourshop.com\\\/produit\\\/dame-de-baladoz-2022\\\/\",\"url\":\"https:\\\/\\\/demourshop.com\\\/produit\\\/dame-de-baladoz-2022\\\/\",\"name\":\"Dame de Baladoz 2022 - Demourshop\",\"isPartOf\":{\"@id\":\"https:\\\/\\\/demourshop.com\\\/#website\"},\"primaryImageOfPage\":{\"@id\":\"https:\\\/\\\/demourshop.com\\\/produit\\\/dame-de-baladoz-2022\\\/#primaryimage\"},\"image\":{\"@id\":\"https:\\\/\\\/demourshop.com\\\/produit\\\/dame-de-baladoz-2022\\\/#primaryimage\"},\"thumbnailUrl\":\"https:\\\/\\\/demourshop.com\\\/wp-content\\\/uploads\\\/2024\\\/10\\\/dame-de-baladoz-nouvelle-etiquette.png\",\"datePublished\":\"2024-10-22T10:58:45+00:00\",\"dateModified\":\"2026-04-03T06:49:48+00:00\",\"description\":\"Dame de Baladoz 2022 \u2013 Second vin \u00e9l\u00e9gant du Ch\u00e2teau Tour Baladoz. Fruit\u00e9, rond et charmeur. Id\u00e9al pour d\u00e9couvrir Saint-\u00c9milion Grand Cru.\",\"breadcrumb\":{\"@id\":\"https:\\\/\\\/demourshop.com\\\/produit\\\/dame-de-baladoz-2022\\\/#breadcrumb\"},\"inLanguage\":\"en-GB\",\"potentialAction\":[{\"@type\":\"ReadAction\",\"target\":[\"https:\\\/\\\/demourshop.com\\\/produit\\\/dame-de-baladoz-2022\\\/\"]}]},{\"@type\":\"ImageObject\",\"inLanguage\":\"en-GB\",\"@id\":\"https:\\\/\\\/demourshop.com\\\/produit\\\/dame-de-baladoz-2022\\\/#primaryimage\",\"url\":\"https:\\\/\\\/demourshop.com\\\/wp-content\\\/uploads\\\/2024\\\/10\\\/dame-de-baladoz-nouvelle-etiquette.png\",\"contentUrl\":\"https:\\\/\\\/demourshop.com\\\/wp-content\\\/uploads\\\/2024\\\/10\\\/dame-de-baladoz-nouvelle-etiquette.png\",\"width\":700,\"height\":700,\"caption\":\"Second vin rouge du Ch\u00e2teau Tour Baladoz, La Dame de Baladoz 2022, un Saint Emilion Grand Cru\"},{\"@type\":\"BreadcrumbList\",\"@id\":\"https:\\\/\\\/demourshop.com\\\/produit\\\/dame-de-baladoz-2022\\\/#breadcrumb\",\"itemListElement\":[{\"@type\":\"ListItem\",\"position\":1,\"name\":\"Accueil\",\"item\":\"https:\\\/\\\/demourshop.com\\\/\"},{\"@type\":\"ListItem\",\"position\":2,\"name\":\"Boutique\",\"item\":\"https:\\\/\\\/demourshop.com\\\/boutique\\\/\"},{\"@type\":\"ListItem\",\"position\":3,\"name\":\"Dame de Baladoz 2022\"}]},{\"@type\":\"WebSite\",\"@id\":\"https:\\\/\\\/demourshop.com\\\/#website\",\"url\":\"https:\\\/\\\/demourshop.com\\\/\",\"name\":\"Demourshop\",\"description\":\"\",\"publisher\":{\"@id\":\"https:\\\/\\\/demourshop.com\\\/#organization\"},\"potentialAction\":[{\"@type\":\"SearchAction\",\"target\":{\"@type\":\"EntryPoint\",\"urlTemplate\":\"https:\\\/\\\/demourshop.com\\\/?s={search_term_string}\"},\"query-input\":{\"@type\":\"PropertyValueSpecification\",\"valueRequired\":true,\"valueName\":\"search_term_string\"}}],\"inLanguage\":\"en-GB\"},{\"@type\":\"Organization\",\"@id\":\"https:\\\/\\\/demourshop.com\\\/#organization\",\"name\":\"Demourshop\",\"url\":\"https:\\\/\\\/demourshop.com\\\/\",\"logo\":{\"@type\":\"ImageObject\",\"inLanguage\":\"en-GB\",\"@id\":\"https:\\\/\\\/demourshop.com\\\/#\\\/schema\\\/logo\\\/image\\\/\",\"url\":\"https:\\\/\\\/demourshop.com\\\/wp-content\\\/uploads\\\/2023\\\/08\\\/logo-wine-2-1-1.png\",\"contentUrl\":\"https:\\\/\\\/demourshop.com\\\/wp-content\\\/uploads\\\/2023\\\/08\\\/logo-wine-2-1-1.png\",\"width\":400,\"height\":145,\"caption\":\"Demourshop\"},\"image\":{\"@id\":\"https:\\\/\\\/demourshop.com\\\/#\\\/schema\\\/logo\\\/image\\\/\"}}]}<\/script>\n<!-- \/ Yoast SEO plugin. -->","yoast_head_json":{"title":"Dame de Baladoz 2022 - Demourshop","description":"Dame de Baladoz 2022 \u2013 Second vin \u00e9l\u00e9gant du Ch\u00e2teau Tour Baladoz. Fruit\u00e9, rond et charmeur. Id\u00e9al pour d\u00e9couvrir Saint-\u00c9milion Grand Cru.","robots":{"index":"index","follow":"follow","max-snippet":"max-snippet:-1","max-image-preview":"max-image-preview:large","max-video-preview":"max-video-preview:-1"},"canonical":"https:\/\/demourshop.com\/en\/product\/dame-de-baladoz-2022\/","og_locale":"en_GB","og_type":"article","og_title":"Dame de Baladoz 2022 - Demourshop","og_description":"Dame de Baladoz 2022 \u2013 Second vin \u00e9l\u00e9gant du Ch\u00e2teau Tour Baladoz. Fruit\u00e9, rond et charmeur. Id\u00e9al pour d\u00e9couvrir Saint-\u00c9milion Grand Cru.","og_url":"https:\/\/demourshop.com\/en\/product\/dame-de-baladoz-2022\/","og_site_name":"Demourshop","article_modified_time":"2026-04-03T06:49:48+00:00","og_image":[{"width":700,"height":700,"url":"http:\/\/demourshop.com\/wp-content\/uploads\/2024\/10\/dame-de-baladoz-nouvelle-etiquette.png","type":"image\/png"}],"twitter_card":"summary_large_image","twitter_misc":{"Estimated reading time":"3 minutes"},"schema":{"@context":"https:\/\/schema.org","@graph":[{"@type":"WebPage","@id":"https:\/\/demourshop.com\/produit\/dame-de-baladoz-2022\/","url":"https:\/\/demourshop.com\/produit\/dame-de-baladoz-2022\/","name":"Dame de Baladoz 2022 - Demourshop","isPartOf":{"@id":"https:\/\/demourshop.com\/#website"},"primaryImageOfPage":{"@id":"https:\/\/demourshop.com\/produit\/dame-de-baladoz-2022\/#primaryimage"},"image":{"@id":"https:\/\/demourshop.com\/produit\/dame-de-baladoz-2022\/#primaryimage"},"thumbnailUrl":"https:\/\/demourshop.com\/wp-content\/uploads\/2024\/10\/dame-de-baladoz-nouvelle-etiquette.png","datePublished":"2024-10-22T10:58:45+00:00","dateModified":"2026-04-03T06:49:48+00:00","description":"Dame de Baladoz 2022 \u2013 Second vin \u00e9l\u00e9gant du Ch\u00e2teau Tour Baladoz. Fruit\u00e9, rond et charmeur. Id\u00e9al pour d\u00e9couvrir Saint-\u00c9milion Grand Cru.","breadcrumb":{"@id":"https:\/\/demourshop.com\/produit\/dame-de-baladoz-2022\/#breadcrumb"},"inLanguage":"en-GB","potentialAction":[{"@type":"ReadAction","target":["https:\/\/demourshop.com\/produit\/dame-de-baladoz-2022\/"]}]},{"@type":"ImageObject","inLanguage":"en-GB","@id":"https:\/\/demourshop.com\/produit\/dame-de-baladoz-2022\/#primaryimage","url":"https:\/\/demourshop.com\/wp-content\/uploads\/2024\/10\/dame-de-baladoz-nouvelle-etiquette.png","contentUrl":"https:\/\/demourshop.com\/wp-content\/uploads\/2024\/10\/dame-de-baladoz-nouvelle-etiquette.png","width":700,"height":700,"caption":"Second vin rouge du Ch\u00e2teau Tour Baladoz, La Dame de Baladoz 2022, un Saint Emilion Grand Cru"},{"@type":"BreadcrumbList","@id":"https:\/\/demourshop.com\/produit\/dame-de-baladoz-2022\/#breadcrumb","itemListElement":[{"@type":"ListItem","position":1,"name":"Accueil","item":"https:\/\/demourshop.com\/"},{"@type":"ListItem","position":2,"name":"Boutique","item":"https:\/\/demourshop.com\/boutique\/"},{"@type":"ListItem","position":3,"name":"Dame de Baladoz 2022"}]},{"@type":"WebSite","@id":"https:\/\/demourshop.com\/#website","url":"https:\/\/demourshop.com\/","name":"Demourshop","description":"","publisher":{"@id":"https:\/\/demourshop.com\/#organization"},"potentialAction":[{"@type":"SearchAction","target":{"@type":"EntryPoint","urlTemplate":"https:\/\/demourshop.com\/?s={search_term_string}"},"query-input":{"@type":"PropertyValueSpecification","valueRequired":true,"valueName":"search_term_string"}}],"inLanguage":"en-GB"},{"@type":"Organization","@id":"https:\/\/demourshop.com\/#organization","name":"Demourshop","url":"https:\/\/demourshop.com\/","logo":{"@type":"ImageObject","inLanguage":"en-GB","@id":"https:\/\/demourshop.com\/#\/schema\/logo\/image\/","url":"https:\/\/demourshop.com\/wp-content\/uploads\/2023\/08\/logo-wine-2-1-1.png","contentUrl":"https:\/\/demourshop.com\/wp-content\/uploads\/2023\/08\/logo-wine-2-1-1.png","width":400,"height":145,"caption":"Demourshop"},"image":{"@id":"https:\/\/demourshop.com\/#\/schema\/logo\/image\/"}}]}},"_links":{"self":[{"href":"https:\/\/demourshop.com\/en\/wp-json\/wp\/v2\/product\/66485","targetHints":{"allow":["GET"]}}],"collection":[{"href":"https:\/\/demourshop.com\/en\/wp-json\/wp\/v2\/product"}],"about":[{"href":"https:\/\/demourshop.com\/en\/wp-json\/wp\/v2\/types\/product"}],"version-history":[{"count":9,"href":"https:\/\/demourshop.com\/en\/wp-json\/wp\/v2\/product\/66485\/revisions"}],"predecessor-version":[{"id":70274,"href":"https:\/\/demourshop.com\/en\/wp-json\/wp\/v2\/product\/66485\/revisions\/70274"}],"wp:featuredmedia":[{"embeddable":true,"href":"https:\/\/demourshop.com\/en\/wp-json\/wp\/v2\/media\/68151"}],"wp:attachment":[{"href":"https:\/\/demourshop.com\/en\/wp-json\/wp\/v2\/media?parent=66485"}],"wp:term":[{"taxonomy":"product_brand","embeddable":true,"href":"https:\/\/demourshop.com\/en\/wp-json\/wp\/v2\/product_brand?post=66485"},{"taxonomy":"product_cat","embeddable":true,"href":"https:\/\/demourshop.com\/en\/wp-json\/wp\/v2\/product_cat?post=66485"},{"taxonomy":"product_tag","embeddable":true,"href":"https:\/\/demourshop.com\/en\/wp-json\/wp\/v2\/product_tag?post=66485"}],"curies":[{"name":"wp","href":"https:\/\/api.w.org\/{rel}","templated":true}]}}