{"id":66353,"date":"2024-10-22T12:36:07","date_gmt":"2024-10-22T10:36:07","guid":{"rendered":"https:\/\/demourshop.com\/?post_type=product&#038;p=66353"},"modified":"2026-02-18T10:28:32","modified_gmt":"2026-02-18T09:28:32","slug":"chateau-tayet-cuvee-prestige-2022","status":"publish","type":"product","link":"https:\/\/demourshop.com\/en\/product\/chateau-tayet-cuvee-prestige-2022\/","title":{"rendered":"Ch\u00e2teau Tayet Cuv\u00e9e Prestige 2022"},"content":{"rendered":"<p>\u00c0 servir \u00e0 17\u00b0C avec un magret de canard, une c\u00f4te de b\u0153uf, une lasagne aux l\u00e9gumes ou une terrine de campagne. <strong>Ch\u00e2teau Tayet Cuv\u00e9e Prestige 2022<\/strong>\u00a0peut se d\u00e9guster d\u00e8s aujourd\u2019hui apr\u00e8s une courte a\u00e9ration, ou vieillir encore 5 \u00e0 8 ans. C\u2019est un Bordeaux Sup\u00e9rieur de caract\u00e8re, capable de rivaliser avec des appellations plus prestigieuses, tout en restant \u00e0 un prix tr\u00e8s attractif. Une cuv\u00e9e id\u00e9ale pour les amateurs de vins g\u00e9n\u00e9reux et modernes, qui recherchent plaisir imm\u00e9diat, \u00e9l\u00e9gance et accessibilit\u00e9.<\/p>","protected":false},"excerpt":{"rendered":"<p>Bordeaux Sup\u00e9rieur &#8211; Rouge<\/p>","protected":false},"featured_media":67045,"template":"","meta":{"_acf_changed":false},"product_brand":[],"product_cat":[378,463,464,507,552,383,396,409,382,420,375,393,160],"product_tag":[],"class_list":{"0":"post-66353","1":"product","2":"type-product","3":"status-publish","4":"has-post-thumbnail","6":"product_cat-appellations-vin-en-ligne","7":"product_cat-vin-bordeaux-superieur-en-ligne","8":"product_cat-cabernet-sauvignon-en-ligne","9":"product_cat-cepages-vin-en-ligne","10":"product_cat-vin-par-couleur-en-ligne","11":"product_cat-vin-de-france-en-ligne","12":"product_cat-vin-hve-en-ligne","13":"product_cat-merlot-en-ligne","14":"product_cat-vin-par-pays-en-ligne","15":"product_cat-petit-verdot-en-ligne","16":"product_cat-vin-rouge-en-ligne","17":"product_cat-vins-par-methode-de-vinification","18":"product_cat-vins-de-proprietes-en-ligne","19":"pa_appellations-bordeaux-superieur","20":"pa_cepages-cabernet-sauvignon","21":"pa_cepages-merlot","22":"pa_cepages-petit-verdot","23":"pa_couleurs-rouge","24":"pa_formats-75cl","25":"pa_millesimes-176","26":"pa_millesimes-175","27":"pa_millesimes-174","28":"pa_millesimes-617","29":"pa_pays-france","30":"pa_propriete-bordeaux-superieur","31":"pa_quantites-a-lunite","32":"pa_quantites-carton-de-3-bouteilles","33":"pa_quantites-carton-de-6-bouteilles","34":"pa_vinifications-hve","36":"first","37":"instock","38":"taxable","39":"shipping-taxable","40":"purchasable","41":"product-type-simple"},"acf":[],"yoast_head":"<!-- This site is optimized with the Yoast SEO plugin v27.4 - https:\/\/yoast.com\/product\/yoast-seo-wordpress\/ -->\n<title>Ch\u00e2teau Tayet Cuv\u00e9e Prestige 2022 - Demourshop<\/title>\n<meta name=\"description\" content=\"D\u00e9couvrez le Ch\u00e2teau Tayet Cuv\u00e9e prestige, propri\u00e9t\u00e9 du groupe De Mour, ce Bordeaux sup\u00e9rieur est disponible sur le Demourshop.\" \/>\n<meta name=\"robots\" content=\"index, follow, max-snippet:-1, max-image-preview:large, max-video-preview:-1\" \/>\n<link rel=\"canonical\" href=\"http:\/\/demourshop.com\/en\/product\/chateau-tayet-cuvee-prestige-2022\/\" \/>\n<meta property=\"og:locale\" content=\"en_GB\" \/>\n<meta property=\"og:type\" content=\"article\" \/>\n<meta property=\"og:title\" content=\"Ch\u00e2teau Tayet Cuv\u00e9e Prestige 2022 - Demourshop\" \/>\n<meta property=\"og:description\" content=\"D\u00e9couvrez le Ch\u00e2teau Tayet Cuv\u00e9e prestige, propri\u00e9t\u00e9 du groupe De Mour, ce Bordeaux sup\u00e9rieur est disponible sur le Demourshop.\" \/>\n<meta property=\"og:url\" content=\"http:\/\/demourshop.com\/en\/product\/chateau-tayet-cuvee-prestige-2022\/\" \/>\n<meta property=\"og:site_name\" content=\"Demourshop\" \/>\n<meta property=\"article:modified_time\" content=\"2026-02-18T09:28:32+00:00\" \/>\n<meta property=\"og:image\" content=\"http:\/\/demourshop.com\/wp-content\/uploads\/2024\/10\/tayet-detoure-1.png\" \/>\n\t<meta property=\"og:image:width\" content=\"1080\" \/>\n\t<meta property=\"og:image:height\" content=\"1080\" \/>\n\t<meta property=\"og:image:type\" content=\"image\/png\" \/>\n<meta name=\"twitter:card\" content=\"summary_large_image\" \/>\n<meta name=\"twitter:label1\" content=\"Estimated reading time\" \/>\n\t<meta name=\"twitter:data1\" content=\"2 minutes\" \/>\n<script type=\"application\/ld+json\" class=\"yoast-schema-graph\">{\"@context\":\"https:\\\/\\\/schema.org\",\"@graph\":[{\"@type\":\"WebPage\",\"@id\":\"http:\\\/\\\/demourshop.com\\\/produit\\\/chateau-tayet-cuvee-prestige-2022\\\/\",\"url\":\"http:\\\/\\\/demourshop.com\\\/produit\\\/chateau-tayet-cuvee-prestige-2022\\\/\",\"name\":\"Ch\u00e2teau Tayet Cuv\u00e9e Prestige 2022 - Demourshop\",\"isPartOf\":{\"@id\":\"https:\\\/\\\/demourshop.com\\\/#website\"},\"primaryImageOfPage\":{\"@id\":\"http:\\\/\\\/demourshop.com\\\/produit\\\/chateau-tayet-cuvee-prestige-2022\\\/#primaryimage\"},\"image\":{\"@id\":\"http:\\\/\\\/demourshop.com\\\/produit\\\/chateau-tayet-cuvee-prestige-2022\\\/#primaryimage\"},\"thumbnailUrl\":\"https:\\\/\\\/demourshop.com\\\/wp-content\\\/uploads\\\/2024\\\/10\\\/tayet-detoure-1.png\",\"datePublished\":\"2024-10-22T10:36:07+00:00\",\"dateModified\":\"2026-02-18T09:28:32+00:00\",\"description\":\"D\u00e9couvrez le Ch\u00e2teau Tayet Cuv\u00e9e prestige, propri\u00e9t\u00e9 du groupe De Mour, ce Bordeaux sup\u00e9rieur est disponible sur le Demourshop.\",\"breadcrumb\":{\"@id\":\"http:\\\/\\\/demourshop.com\\\/produit\\\/chateau-tayet-cuvee-prestige-2022\\\/#breadcrumb\"},\"inLanguage\":\"en-GB\",\"potentialAction\":[{\"@type\":\"ReadAction\",\"target\":[\"http:\\\/\\\/demourshop.com\\\/produit\\\/chateau-tayet-cuvee-prestige-2022\\\/\"]}]},{\"@type\":\"ImageObject\",\"inLanguage\":\"en-GB\",\"@id\":\"http:\\\/\\\/demourshop.com\\\/produit\\\/chateau-tayet-cuvee-prestige-2022\\\/#primaryimage\",\"url\":\"https:\\\/\\\/demourshop.com\\\/wp-content\\\/uploads\\\/2024\\\/10\\\/tayet-detoure-1.png\",\"contentUrl\":\"https:\\\/\\\/demourshop.com\\\/wp-content\\\/uploads\\\/2024\\\/10\\\/tayet-detoure-1.png\",\"width\":1080,\"height\":1080},{\"@type\":\"BreadcrumbList\",\"@id\":\"http:\\\/\\\/demourshop.com\\\/produit\\\/chateau-tayet-cuvee-prestige-2022\\\/#breadcrumb\",\"itemListElement\":[{\"@type\":\"ListItem\",\"position\":1,\"name\":\"Accueil\",\"item\":\"https:\\\/\\\/demourshop.com\\\/\"},{\"@type\":\"ListItem\",\"position\":2,\"name\":\"Boutique\",\"item\":\"https:\\\/\\\/demourshop.com\\\/boutique\\\/\"},{\"@type\":\"ListItem\",\"position\":3,\"name\":\"Ch\u00e2teau Tayet Cuv\u00e9e Prestige 2022\"}]},{\"@type\":\"WebSite\",\"@id\":\"https:\\\/\\\/demourshop.com\\\/#website\",\"url\":\"https:\\\/\\\/demourshop.com\\\/\",\"name\":\"Demourshop\",\"description\":\"\",\"publisher\":{\"@id\":\"https:\\\/\\\/demourshop.com\\\/#organization\"},\"potentialAction\":[{\"@type\":\"SearchAction\",\"target\":{\"@type\":\"EntryPoint\",\"urlTemplate\":\"https:\\\/\\\/demourshop.com\\\/?s={search_term_string}\"},\"query-input\":{\"@type\":\"PropertyValueSpecification\",\"valueRequired\":true,\"valueName\":\"search_term_string\"}}],\"inLanguage\":\"en-GB\"},{\"@type\":\"Organization\",\"@id\":\"https:\\\/\\\/demourshop.com\\\/#organization\",\"name\":\"Demourshop\",\"url\":\"https:\\\/\\\/demourshop.com\\\/\",\"logo\":{\"@type\":\"ImageObject\",\"inLanguage\":\"en-GB\",\"@id\":\"https:\\\/\\\/demourshop.com\\\/#\\\/schema\\\/logo\\\/image\\\/\",\"url\":\"https:\\\/\\\/demourshop.com\\\/wp-content\\\/uploads\\\/2023\\\/08\\\/logo-wine-2-1-1.png\",\"contentUrl\":\"https:\\\/\\\/demourshop.com\\\/wp-content\\\/uploads\\\/2023\\\/08\\\/logo-wine-2-1-1.png\",\"width\":400,\"height\":145,\"caption\":\"Demourshop\"},\"image\":{\"@id\":\"https:\\\/\\\/demourshop.com\\\/#\\\/schema\\\/logo\\\/image\\\/\"}}]}<\/script>\n<!-- \/ Yoast SEO plugin. -->","yoast_head_json":{"title":"Ch\u00e2teau Tayet Cuv\u00e9e Prestige 2022 - Demourshop","description":"D\u00e9couvrez le Ch\u00e2teau Tayet Cuv\u00e9e prestige, propri\u00e9t\u00e9 du groupe De Mour, ce Bordeaux sup\u00e9rieur est disponible sur le Demourshop.","robots":{"index":"index","follow":"follow","max-snippet":"max-snippet:-1","max-image-preview":"max-image-preview:large","max-video-preview":"max-video-preview:-1"},"canonical":"http:\/\/demourshop.com\/en\/product\/chateau-tayet-cuvee-prestige-2022\/","og_locale":"en_GB","og_type":"article","og_title":"Ch\u00e2teau Tayet Cuv\u00e9e Prestige 2022 - Demourshop","og_description":"D\u00e9couvrez le Ch\u00e2teau Tayet Cuv\u00e9e prestige, propri\u00e9t\u00e9 du groupe De Mour, ce Bordeaux sup\u00e9rieur est disponible sur le Demourshop.","og_url":"http:\/\/demourshop.com\/en\/product\/chateau-tayet-cuvee-prestige-2022\/","og_site_name":"Demourshop","article_modified_time":"2026-02-18T09:28:32+00:00","og_image":[{"width":1080,"height":1080,"url":"http:\/\/demourshop.com\/wp-content\/uploads\/2024\/10\/tayet-detoure-1.png","type":"image\/png"}],"twitter_card":"summary_large_image","twitter_misc":{"Estimated reading time":"2 minutes"},"schema":{"@context":"https:\/\/schema.org","@graph":[{"@type":"WebPage","@id":"http:\/\/demourshop.com\/produit\/chateau-tayet-cuvee-prestige-2022\/","url":"http:\/\/demourshop.com\/produit\/chateau-tayet-cuvee-prestige-2022\/","name":"Ch\u00e2teau Tayet Cuv\u00e9e Prestige 2022 - Demourshop","isPartOf":{"@id":"https:\/\/demourshop.com\/#website"},"primaryImageOfPage":{"@id":"http:\/\/demourshop.com\/produit\/chateau-tayet-cuvee-prestige-2022\/#primaryimage"},"image":{"@id":"http:\/\/demourshop.com\/produit\/chateau-tayet-cuvee-prestige-2022\/#primaryimage"},"thumbnailUrl":"https:\/\/demourshop.com\/wp-content\/uploads\/2024\/10\/tayet-detoure-1.png","datePublished":"2024-10-22T10:36:07+00:00","dateModified":"2026-02-18T09:28:32+00:00","description":"D\u00e9couvrez le Ch\u00e2teau Tayet Cuv\u00e9e prestige, propri\u00e9t\u00e9 du groupe De Mour, ce Bordeaux sup\u00e9rieur est disponible sur le Demourshop.","breadcrumb":{"@id":"http:\/\/demourshop.com\/produit\/chateau-tayet-cuvee-prestige-2022\/#breadcrumb"},"inLanguage":"en-GB","potentialAction":[{"@type":"ReadAction","target":["http:\/\/demourshop.com\/produit\/chateau-tayet-cuvee-prestige-2022\/"]}]},{"@type":"ImageObject","inLanguage":"en-GB","@id":"http:\/\/demourshop.com\/produit\/chateau-tayet-cuvee-prestige-2022\/#primaryimage","url":"https:\/\/demourshop.com\/wp-content\/uploads\/2024\/10\/tayet-detoure-1.png","contentUrl":"https:\/\/demourshop.com\/wp-content\/uploads\/2024\/10\/tayet-detoure-1.png","width":1080,"height":1080},{"@type":"BreadcrumbList","@id":"http:\/\/demourshop.com\/produit\/chateau-tayet-cuvee-prestige-2022\/#breadcrumb","itemListElement":[{"@type":"ListItem","position":1,"name":"Accueil","item":"https:\/\/demourshop.com\/"},{"@type":"ListItem","position":2,"name":"Boutique","item":"https:\/\/demourshop.com\/boutique\/"},{"@type":"ListItem","position":3,"name":"Ch\u00e2teau Tayet Cuv\u00e9e Prestige 2022"}]},{"@type":"WebSite","@id":"https:\/\/demourshop.com\/#website","url":"https:\/\/demourshop.com\/","name":"Demourshop","description":"","publisher":{"@id":"https:\/\/demourshop.com\/#organization"},"potentialAction":[{"@type":"SearchAction","target":{"@type":"EntryPoint","urlTemplate":"https:\/\/demourshop.com\/?s={search_term_string}"},"query-input":{"@type":"PropertyValueSpecification","valueRequired":true,"valueName":"search_term_string"}}],"inLanguage":"en-GB"},{"@type":"Organization","@id":"https:\/\/demourshop.com\/#organization","name":"Demourshop","url":"https:\/\/demourshop.com\/","logo":{"@type":"ImageObject","inLanguage":"en-GB","@id":"https:\/\/demourshop.com\/#\/schema\/logo\/image\/","url":"https:\/\/demourshop.com\/wp-content\/uploads\/2023\/08\/logo-wine-2-1-1.png","contentUrl":"https:\/\/demourshop.com\/wp-content\/uploads\/2023\/08\/logo-wine-2-1-1.png","width":400,"height":145,"caption":"Demourshop"},"image":{"@id":"https:\/\/demourshop.com\/#\/schema\/logo\/image\/"}}]}},"_links":{"self":[{"href":"https:\/\/demourshop.com\/en\/wp-json\/wp\/v2\/product\/66353","targetHints":{"allow":["GET"]}}],"collection":[{"href":"https:\/\/demourshop.com\/en\/wp-json\/wp\/v2\/product"}],"about":[{"href":"https:\/\/demourshop.com\/en\/wp-json\/wp\/v2\/types\/product"}],"version-history":[{"count":10,"href":"https:\/\/demourshop.com\/en\/wp-json\/wp\/v2\/product\/66353\/revisions"}],"predecessor-version":[{"id":70968,"href":"https:\/\/demourshop.com\/en\/wp-json\/wp\/v2\/product\/66353\/revisions\/70968"}],"wp:featuredmedia":[{"embeddable":true,"href":"https:\/\/demourshop.com\/en\/wp-json\/wp\/v2\/media\/67045"}],"wp:attachment":[{"href":"https:\/\/demourshop.com\/en\/wp-json\/wp\/v2\/media?parent=66353"}],"wp:term":[{"taxonomy":"product_brand","embeddable":true,"href":"https:\/\/demourshop.com\/en\/wp-json\/wp\/v2\/product_brand?post=66353"},{"taxonomy":"product_cat","embeddable":true,"href":"https:\/\/demourshop.com\/en\/wp-json\/wp\/v2\/product_cat?post=66353"},{"taxonomy":"product_tag","embeddable":true,"href":"https:\/\/demourshop.com\/en\/wp-json\/wp\/v2\/product_tag?post=66353"}],"curies":[{"name":"wp","href":"https:\/\/api.w.org\/{rel}","templated":true}]}}