{"id":66327,"date":"2024-10-22T12:28:09","date_gmt":"2024-10-22T10:28:09","guid":{"rendered":"https:\/\/demourshop.com\/?post_type=product&#038;p=66327"},"modified":"2025-05-27T15:37:00","modified_gmt":"2025-05-27T13:37:00","slug":"chateau-lacombe-cadiot-2017","status":"publish","type":"product","link":"https:\/\/demourshop.com\/en\/product\/chateau-lacombe-cadiot-2017\/","title":{"rendered":"Ch\u00e2teau Lacombe Cadiot 2017"},"content":{"rendered":"<p>Avec une garde de 3 \u00e0 5 ans, <strong>Ch\u00e2teau Lacombe Cadiot 2017<\/strong> peut s\u2019appr\u00e9cier jeune pour son fruit \u00e9clatant ou apr\u00e8s quelques ann\u00e9es de repos pour une expression plus fondue. Vinifi\u00e9 selon des pratiques respectueuses de l\u2019environnement, ce Bordeaux Sup\u00e9rieur illustre parfaitement la d\u00e9marche qualit\u00e9 du groupe De Mour. Un vin sinc\u00e8re et authentique, au prix juste, pour les amateurs de Bordeaux \u00e9l\u00e9gants et abordables.<\/p>","protected":false},"excerpt":{"rendered":"<p><strong>Ch\u00e2teau Lacombe Cadiot 2017<\/strong> \u2013 Bordeaux Sup\u00e9rieur rond et fruit\u00e9, parfait pour les viandes grill\u00e9es et plats mijot\u00e9s. Vin du M\u00e9doc sign\u00e9 De Mour.<\/p>","protected":false},"featured_media":67838,"template":"","meta":{"_acf_changed":false},"product_brand":[],"product_cat":[378,463,464,507,552,383,396,409,382,420,375,393,160],"product_tag":[],"class_list":{"0":"post-66327","1":"product","2":"type-product","3":"status-publish","4":"has-post-thumbnail","6":"product_cat-appellations-vin-en-ligne","7":"product_cat-vin-bordeaux-superieur-en-ligne","8":"product_cat-cabernet-sauvignon-en-ligne","9":"product_cat-cepages-vin-en-ligne","10":"product_cat-vin-par-couleur-en-ligne","11":"product_cat-vin-de-france-en-ligne","12":"product_cat-vin-hve-en-ligne","13":"product_cat-merlot-en-ligne","14":"product_cat-vin-par-pays-en-ligne","15":"product_cat-petit-verdot-en-ligne","16":"product_cat-vin-rouge-en-ligne","17":"product_cat-vins-par-methode-de-vinification","18":"product_cat-vins-de-proprietes-en-ligne","19":"pa_appellations-bordeaux-superieur","20":"pa_cepages-cabernet-sauvignon","21":"pa_cepages-merlot","22":"pa_cepages-petit-verdot","23":"pa_couleurs-rouge","24":"pa_formats-75cl","25":"pa_millesimes-179","26":"pa_millesimes-177","27":"pa_millesimes-176","28":"pa_millesimes-175","29":"pa_pays-france","30":"pa_propriete-bordeaux-superieur","31":"pa_quantites-a-lunite","32":"pa_quantites-carton-de-3-bouteilles","33":"pa_quantites-carton-de-6-bouteilles","34":"pa_vinifications-hve","36":"first","37":"instock","38":"taxable","39":"shipping-taxable","40":"purchasable","41":"product-type-simple"},"acf":[],"yoast_head":"<!-- This site is optimized with the Yoast SEO plugin v27.4 - https:\/\/yoast.com\/product\/yoast-seo-wordpress\/ -->\n<title>Ch\u00e2teau Lacombe Cadiot 2017 - Demourshop<\/title>\n<meta name=\"description\" content=\"Le Ch\u00e2teau Lacombe Cadiot est un vin de l&#039;appellation Bordeaux Sup\u00e9rieur du groupe De Mour. Ce vin est disponible sur le site Demourshop.\" \/>\n<meta name=\"robots\" content=\"index, follow, max-snippet:-1, max-image-preview:large, max-video-preview:-1\" \/>\n<link rel=\"canonical\" href=\"http:\/\/demourshop.com\/en\/product\/chateau-lacombe-cadiot-2017\/\" \/>\n<meta property=\"og:locale\" content=\"en_GB\" \/>\n<meta property=\"og:type\" content=\"article\" \/>\n<meta property=\"og:title\" content=\"Ch\u00e2teau Lacombe Cadiot 2017 - Demourshop\" \/>\n<meta property=\"og:description\" content=\"Le Ch\u00e2teau Lacombe Cadiot est un vin de l&#039;appellation Bordeaux Sup\u00e9rieur du groupe De Mour. Ce vin est disponible sur le site Demourshop.\" \/>\n<meta property=\"og:url\" content=\"http:\/\/demourshop.com\/en\/product\/chateau-lacombe-cadiot-2017\/\" \/>\n<meta property=\"og:site_name\" content=\"Demourshop\" \/>\n<meta property=\"article:modified_time\" content=\"2025-05-27T13:37:00+00:00\" \/>\n<meta property=\"og:image\" content=\"http:\/\/demourshop.com\/wp-content\/uploads\/2024\/10\/chateau-lacombe-cadiot-1.png\" \/>\n\t<meta property=\"og:image:width\" content=\"700\" \/>\n\t<meta property=\"og:image:height\" content=\"700\" \/>\n\t<meta property=\"og:image:type\" content=\"image\/png\" \/>\n<meta name=\"twitter:card\" content=\"summary_large_image\" \/>\n<meta name=\"twitter:label1\" content=\"Estimated reading time\" \/>\n\t<meta name=\"twitter:data1\" content=\"2 minutes\" \/>\n<script type=\"application\/ld+json\" class=\"yoast-schema-graph\">{\"@context\":\"https:\\\/\\\/schema.org\",\"@graph\":[{\"@type\":\"WebPage\",\"@id\":\"http:\\\/\\\/demourshop.com\\\/produit\\\/chateau-lacombe-cadiot-2017\\\/\",\"url\":\"http:\\\/\\\/demourshop.com\\\/produit\\\/chateau-lacombe-cadiot-2017\\\/\",\"name\":\"Ch\u00e2teau Lacombe Cadiot 2017 - Demourshop\",\"isPartOf\":{\"@id\":\"https:\\\/\\\/demourshop.com\\\/#website\"},\"primaryImageOfPage\":{\"@id\":\"http:\\\/\\\/demourshop.com\\\/produit\\\/chateau-lacombe-cadiot-2017\\\/#primaryimage\"},\"image\":{\"@id\":\"http:\\\/\\\/demourshop.com\\\/produit\\\/chateau-lacombe-cadiot-2017\\\/#primaryimage\"},\"thumbnailUrl\":\"https:\\\/\\\/demourshop.com\\\/wp-content\\\/uploads\\\/2024\\\/10\\\/chateau-lacombe-cadiot-1.png\",\"datePublished\":\"2024-10-22T10:28:09+00:00\",\"dateModified\":\"2025-05-27T13:37:00+00:00\",\"description\":\"Le Ch\u00e2teau Lacombe Cadiot est un vin de l'appellation Bordeaux Sup\u00e9rieur du groupe De Mour. Ce vin est disponible sur le site Demourshop.\",\"breadcrumb\":{\"@id\":\"http:\\\/\\\/demourshop.com\\\/produit\\\/chateau-lacombe-cadiot-2017\\\/#breadcrumb\"},\"inLanguage\":\"en-GB\",\"potentialAction\":[{\"@type\":\"ReadAction\",\"target\":[\"http:\\\/\\\/demourshop.com\\\/produit\\\/chateau-lacombe-cadiot-2017\\\/\"]}]},{\"@type\":\"ImageObject\",\"inLanguage\":\"en-GB\",\"@id\":\"http:\\\/\\\/demourshop.com\\\/produit\\\/chateau-lacombe-cadiot-2017\\\/#primaryimage\",\"url\":\"https:\\\/\\\/demourshop.com\\\/wp-content\\\/uploads\\\/2024\\\/10\\\/chateau-lacombe-cadiot-1.png\",\"contentUrl\":\"https:\\\/\\\/demourshop.com\\\/wp-content\\\/uploads\\\/2024\\\/10\\\/chateau-lacombe-cadiot-1.png\",\"width\":700,\"height\":700,\"caption\":\"Ch\u00e2teau Lacombe Cadiot Bordeaux Sup\u00e9rieur vin rouge\"},{\"@type\":\"BreadcrumbList\",\"@id\":\"http:\\\/\\\/demourshop.com\\\/produit\\\/chateau-lacombe-cadiot-2017\\\/#breadcrumb\",\"itemListElement\":[{\"@type\":\"ListItem\",\"position\":1,\"name\":\"Accueil\",\"item\":\"https:\\\/\\\/demourshop.com\\\/\"},{\"@type\":\"ListItem\",\"position\":2,\"name\":\"Boutique\",\"item\":\"https:\\\/\\\/demourshop.com\\\/boutique\\\/\"},{\"@type\":\"ListItem\",\"position\":3,\"name\":\"Ch\u00e2teau Lacombe Cadiot 2017\"}]},{\"@type\":\"WebSite\",\"@id\":\"https:\\\/\\\/demourshop.com\\\/#website\",\"url\":\"https:\\\/\\\/demourshop.com\\\/\",\"name\":\"Demourshop\",\"description\":\"\",\"publisher\":{\"@id\":\"https:\\\/\\\/demourshop.com\\\/#organization\"},\"potentialAction\":[{\"@type\":\"SearchAction\",\"target\":{\"@type\":\"EntryPoint\",\"urlTemplate\":\"https:\\\/\\\/demourshop.com\\\/?s={search_term_string}\"},\"query-input\":{\"@type\":\"PropertyValueSpecification\",\"valueRequired\":true,\"valueName\":\"search_term_string\"}}],\"inLanguage\":\"en-GB\"},{\"@type\":\"Organization\",\"@id\":\"https:\\\/\\\/demourshop.com\\\/#organization\",\"name\":\"Demourshop\",\"url\":\"https:\\\/\\\/demourshop.com\\\/\",\"logo\":{\"@type\":\"ImageObject\",\"inLanguage\":\"en-GB\",\"@id\":\"https:\\\/\\\/demourshop.com\\\/#\\\/schema\\\/logo\\\/image\\\/\",\"url\":\"https:\\\/\\\/demourshop.com\\\/wp-content\\\/uploads\\\/2023\\\/08\\\/logo-wine-2-1-1.png\",\"contentUrl\":\"https:\\\/\\\/demourshop.com\\\/wp-content\\\/uploads\\\/2023\\\/08\\\/logo-wine-2-1-1.png\",\"width\":400,\"height\":145,\"caption\":\"Demourshop\"},\"image\":{\"@id\":\"https:\\\/\\\/demourshop.com\\\/#\\\/schema\\\/logo\\\/image\\\/\"}}]}<\/script>\n<!-- \/ Yoast SEO plugin. -->","yoast_head_json":{"title":"Ch\u00e2teau Lacombe Cadiot 2017 - Demourshop","description":"Le Ch\u00e2teau Lacombe Cadiot est un vin de l'appellation Bordeaux Sup\u00e9rieur du groupe De Mour. Ce vin est disponible sur le site Demourshop.","robots":{"index":"index","follow":"follow","max-snippet":"max-snippet:-1","max-image-preview":"max-image-preview:large","max-video-preview":"max-video-preview:-1"},"canonical":"http:\/\/demourshop.com\/en\/product\/chateau-lacombe-cadiot-2017\/","og_locale":"en_GB","og_type":"article","og_title":"Ch\u00e2teau Lacombe Cadiot 2017 - Demourshop","og_description":"Le Ch\u00e2teau Lacombe Cadiot est un vin de l'appellation Bordeaux Sup\u00e9rieur du groupe De Mour. Ce vin est disponible sur le site Demourshop.","og_url":"http:\/\/demourshop.com\/en\/product\/chateau-lacombe-cadiot-2017\/","og_site_name":"Demourshop","article_modified_time":"2025-05-27T13:37:00+00:00","og_image":[{"width":700,"height":700,"url":"http:\/\/demourshop.com\/wp-content\/uploads\/2024\/10\/chateau-lacombe-cadiot-1.png","type":"image\/png"}],"twitter_card":"summary_large_image","twitter_misc":{"Estimated reading time":"2 minutes"},"schema":{"@context":"https:\/\/schema.org","@graph":[{"@type":"WebPage","@id":"http:\/\/demourshop.com\/produit\/chateau-lacombe-cadiot-2017\/","url":"http:\/\/demourshop.com\/produit\/chateau-lacombe-cadiot-2017\/","name":"Ch\u00e2teau Lacombe Cadiot 2017 - Demourshop","isPartOf":{"@id":"https:\/\/demourshop.com\/#website"},"primaryImageOfPage":{"@id":"http:\/\/demourshop.com\/produit\/chateau-lacombe-cadiot-2017\/#primaryimage"},"image":{"@id":"http:\/\/demourshop.com\/produit\/chateau-lacombe-cadiot-2017\/#primaryimage"},"thumbnailUrl":"https:\/\/demourshop.com\/wp-content\/uploads\/2024\/10\/chateau-lacombe-cadiot-1.png","datePublished":"2024-10-22T10:28:09+00:00","dateModified":"2025-05-27T13:37:00+00:00","description":"Le Ch\u00e2teau Lacombe Cadiot est un vin de l'appellation Bordeaux Sup\u00e9rieur du groupe De Mour. Ce vin est disponible sur le site Demourshop.","breadcrumb":{"@id":"http:\/\/demourshop.com\/produit\/chateau-lacombe-cadiot-2017\/#breadcrumb"},"inLanguage":"en-GB","potentialAction":[{"@type":"ReadAction","target":["http:\/\/demourshop.com\/produit\/chateau-lacombe-cadiot-2017\/"]}]},{"@type":"ImageObject","inLanguage":"en-GB","@id":"http:\/\/demourshop.com\/produit\/chateau-lacombe-cadiot-2017\/#primaryimage","url":"https:\/\/demourshop.com\/wp-content\/uploads\/2024\/10\/chateau-lacombe-cadiot-1.png","contentUrl":"https:\/\/demourshop.com\/wp-content\/uploads\/2024\/10\/chateau-lacombe-cadiot-1.png","width":700,"height":700,"caption":"Ch\u00e2teau Lacombe Cadiot Bordeaux Sup\u00e9rieur vin rouge"},{"@type":"BreadcrumbList","@id":"http:\/\/demourshop.com\/produit\/chateau-lacombe-cadiot-2017\/#breadcrumb","itemListElement":[{"@type":"ListItem","position":1,"name":"Accueil","item":"https:\/\/demourshop.com\/"},{"@type":"ListItem","position":2,"name":"Boutique","item":"https:\/\/demourshop.com\/boutique\/"},{"@type":"ListItem","position":3,"name":"Ch\u00e2teau Lacombe Cadiot 2017"}]},{"@type":"WebSite","@id":"https:\/\/demourshop.com\/#website","url":"https:\/\/demourshop.com\/","name":"Demourshop","description":"","publisher":{"@id":"https:\/\/demourshop.com\/#organization"},"potentialAction":[{"@type":"SearchAction","target":{"@type":"EntryPoint","urlTemplate":"https:\/\/demourshop.com\/?s={search_term_string}"},"query-input":{"@type":"PropertyValueSpecification","valueRequired":true,"valueName":"search_term_string"}}],"inLanguage":"en-GB"},{"@type":"Organization","@id":"https:\/\/demourshop.com\/#organization","name":"Demourshop","url":"https:\/\/demourshop.com\/","logo":{"@type":"ImageObject","inLanguage":"en-GB","@id":"https:\/\/demourshop.com\/#\/schema\/logo\/image\/","url":"https:\/\/demourshop.com\/wp-content\/uploads\/2023\/08\/logo-wine-2-1-1.png","contentUrl":"https:\/\/demourshop.com\/wp-content\/uploads\/2023\/08\/logo-wine-2-1-1.png","width":400,"height":145,"caption":"Demourshop"},"image":{"@id":"https:\/\/demourshop.com\/#\/schema\/logo\/image\/"}}]}},"_links":{"self":[{"href":"https:\/\/demourshop.com\/en\/wp-json\/wp\/v2\/product\/66327","targetHints":{"allow":["GET"]}}],"collection":[{"href":"https:\/\/demourshop.com\/en\/wp-json\/wp\/v2\/product"}],"about":[{"href":"https:\/\/demourshop.com\/en\/wp-json\/wp\/v2\/types\/product"}],"version-history":[{"count":10,"href":"https:\/\/demourshop.com\/en\/wp-json\/wp\/v2\/product\/66327\/revisions"}],"predecessor-version":[{"id":70349,"href":"https:\/\/demourshop.com\/en\/wp-json\/wp\/v2\/product\/66327\/revisions\/70349"}],"wp:featuredmedia":[{"embeddable":true,"href":"https:\/\/demourshop.com\/en\/wp-json\/wp\/v2\/media\/67838"}],"wp:attachment":[{"href":"https:\/\/demourshop.com\/en\/wp-json\/wp\/v2\/media?parent=66327"}],"wp:term":[{"taxonomy":"product_brand","embeddable":true,"href":"https:\/\/demourshop.com\/en\/wp-json\/wp\/v2\/product_brand?post=66327"},{"taxonomy":"product_cat","embeddable":true,"href":"https:\/\/demourshop.com\/en\/wp-json\/wp\/v2\/product_cat?post=66327"},{"taxonomy":"product_tag","embeddable":true,"href":"https:\/\/demourshop.com\/en\/wp-json\/wp\/v2\/product_tag?post=66327"}],"curies":[{"name":"wp","href":"https:\/\/api.w.org\/{rel}","templated":true}]}}