{"id":65745,"date":"2024-10-23T15:11:00","date_gmt":"2024-10-23T13:11:00","guid":{"rendered":"https:\/\/demourshop.com\/?post_type=product&#038;p=65745"},"modified":"2025-12-18T10:52:55","modified_gmt":"2025-12-18T09:52:55","slug":"chateau-tour-baladoz-le-centenaire-2010","status":"publish","type":"product","link":"https:\/\/demourshop.com\/en\/product\/chateau-tour-baladoz-le-centenaire-2010\/","title":{"rendered":"Ch\u00e2teau Tour Baladoz \u00ab\u00a0Le Centenaire\u00a0\u00bb"},"content":{"rendered":"<p>Servez <strong>Le Centenaire 2010<\/strong> entre 17 et 18\u00b0C, apr\u00e8s une a\u00e9ration d\u2019une heure en carafe. Il s\u2019accorde parfaitement avec un gibier r\u00f4ti, une c\u00f4te de b\u0153uf matur\u00e9e ou des fromages affin\u00e9s. Ce vin, \u00e0 la fois puissant et raffin\u00e9, peut se conserver encore 10 \u00e0 15 ans dans de bonnes conditions. Il s\u2019agit d\u2019une bouteille de collection, qui ravira les amateurs de grands vins classiques \u00e0 maturit\u00e9 parfaite.<\/p>","protected":false},"excerpt":{"rendered":"<p><strong>Ch\u00e2teau Tour Baladoz \u00ab\u00a0Le Centenaire\u00a0\u00bb 2010<\/strong> \u2013 Mill\u00e9sime mythique de Saint-\u00c9milion. Riche, pr\u00e9cis, pr\u00eat \u00e0 boire. Grand vin d\u2019\u00e9motion et de garde.<\/p>","protected":false},"featured_media":66891,"template":"","meta":{"_acf_changed":false},"product_brand":[],"product_cat":[378,578,465,464,421,507,552,383,412,409,382,395,577,379,375,393,160],"product_tag":[],"class_list":{"0":"post-65745","1":"product","2":"type-product","3":"status-publish","4":"has-post-thumbnail","6":"product_cat-appellations-vin-en-ligne","7":"product_cat-bouchales-en-ligne","8":"product_cat-cabernet-franc-en-ligne","9":"product_cat-cabernet-sauvignon-en-ligne","10":"product_cat-carmenere-en-ligne","11":"product_cat-cepages-vin-en-ligne","12":"product_cat-vin-par-couleur-en-ligne","13":"product_cat-vin-de-france-en-ligne","14":"product_cat-malbec-en-ligne","15":"product_cat-merlot-en-ligne","16":"product_cat-vin-par-pays-en-ligne","17":"product_cat-vin-agriculture-raisonnee","18":"product_cat-saint-macaire-en-ligne","19":"product_cat-saint-emilion-grand-cru-en-ligne","20":"product_cat-vin-rouge-en-ligne","21":"product_cat-vins-par-methode-de-vinification","22":"product_cat-vins-de-proprietes-en-ligne","23":"pa_appellations-saint-emilion-grand-cru","24":"pa_cepages-cabernet-franc","25":"pa_cepages-cabernet-sauvignon","26":"pa_cepages-carmenere","27":"pa_cepages-malbec","28":"pa_cepages-merlot","29":"pa_couleurs-rouge","30":"pa_formats-75cl","31":"pa_millesimes-580","32":"pa_millesimes-186","33":"pa_pays-france","34":"pa_propriete-saint-emilion-grand-cru","35":"pa_quantites-a-lunite","36":"pa_quantites-carton-de-3-bouteilles","37":"pa_quantites-carton-de-6-bouteilles","38":"pa_vinifications-hve","40":"first","41":"instock","42":"taxable","43":"shipping-taxable","44":"purchasable","45":"product-type-simple"},"acf":[],"yoast_head":"<!-- This site is optimized with the Yoast SEO plugin v27.4 - https:\/\/yoast.com\/product\/yoast-seo-wordpress\/ -->\n<title>Ch\u00e2teau Tour Baladoz &quot;Le Centenaire&quot; - Demourshop<\/title>\n<meta name=\"description\" content=\"Ch\u00e2teau Tour Baladoz Le Centenaire 2010 \u2013 Grand Saint-\u00c9milion rac\u00e9. Mill\u00e9sime exceptionnel, pr\u00eat \u00e0 boire. Livraison rapide \u2013 cuv\u00e9e de collection.\" \/>\n<meta name=\"robots\" content=\"index, follow, max-snippet:-1, max-image-preview:large, max-video-preview:-1\" \/>\n<link rel=\"canonical\" href=\"https:\/\/demourshop.com\/en\/product\/chateau-tour-baladoz-le-centenaire-2010\/\" \/>\n<meta property=\"og:locale\" content=\"en_GB\" \/>\n<meta property=\"og:type\" content=\"article\" \/>\n<meta property=\"og:title\" content=\"Ch\u00e2teau Tour Baladoz &quot;Le Centenaire&quot; - Demourshop\" \/>\n<meta property=\"og:description\" content=\"Ch\u00e2teau Tour Baladoz Le Centenaire 2010 \u2013 Grand Saint-\u00c9milion rac\u00e9. Mill\u00e9sime exceptionnel, pr\u00eat \u00e0 boire. Livraison rapide \u2013 cuv\u00e9e de collection.\" \/>\n<meta property=\"og:url\" content=\"https:\/\/demourshop.com\/en\/product\/chateau-tour-baladoz-le-centenaire-2010\/\" \/>\n<meta property=\"og:site_name\" content=\"Demourshop\" \/>\n<meta property=\"article:modified_time\" content=\"2025-12-18T09:52:55+00:00\" \/>\n<meta property=\"og:image\" content=\"https:\/\/demourshop.com\/wp-content\/uploads\/2024\/10\/le-centenaire.png\" \/>\n\t<meta property=\"og:image:width\" content=\"700\" \/>\n\t<meta property=\"og:image:height\" content=\"700\" \/>\n\t<meta property=\"og:image:type\" content=\"image\/png\" \/>\n<meta name=\"twitter:card\" content=\"summary_large_image\" \/>\n<meta name=\"twitter:label1\" content=\"Estimated reading time\" \/>\n\t<meta name=\"twitter:data1\" content=\"2 minutes\" \/>\n<script type=\"application\/ld+json\" class=\"yoast-schema-graph\">{\"@context\":\"https:\\\/\\\/schema.org\",\"@graph\":[{\"@type\":\"WebPage\",\"@id\":\"https:\\\/\\\/demourshop.com\\\/produit\\\/chateau-tour-baladoz-le-centenaire-2010\\\/\",\"url\":\"https:\\\/\\\/demourshop.com\\\/produit\\\/chateau-tour-baladoz-le-centenaire-2010\\\/\",\"name\":\"Ch\u00e2teau Tour Baladoz \\\"Le Centenaire\\\" - Demourshop\",\"isPartOf\":{\"@id\":\"https:\\\/\\\/demourshop.com\\\/#website\"},\"primaryImageOfPage\":{\"@id\":\"https:\\\/\\\/demourshop.com\\\/produit\\\/chateau-tour-baladoz-le-centenaire-2010\\\/#primaryimage\"},\"image\":{\"@id\":\"https:\\\/\\\/demourshop.com\\\/produit\\\/chateau-tour-baladoz-le-centenaire-2010\\\/#primaryimage\"},\"thumbnailUrl\":\"https:\\\/\\\/demourshop.com\\\/wp-content\\\/uploads\\\/2024\\\/10\\\/le-centenaire.png\",\"datePublished\":\"2024-10-23T13:11:00+00:00\",\"dateModified\":\"2025-12-18T09:52:55+00:00\",\"description\":\"Ch\u00e2teau Tour Baladoz Le Centenaire 2010 \u2013 Grand Saint-\u00c9milion rac\u00e9. Mill\u00e9sime exceptionnel, pr\u00eat \u00e0 boire. Livraison rapide \u2013 cuv\u00e9e de collection.\",\"breadcrumb\":{\"@id\":\"https:\\\/\\\/demourshop.com\\\/produit\\\/chateau-tour-baladoz-le-centenaire-2010\\\/#breadcrumb\"},\"inLanguage\":\"en-GB\",\"potentialAction\":[{\"@type\":\"ReadAction\",\"target\":[\"https:\\\/\\\/demourshop.com\\\/produit\\\/chateau-tour-baladoz-le-centenaire-2010\\\/\"]}]},{\"@type\":\"ImageObject\",\"inLanguage\":\"en-GB\",\"@id\":\"https:\\\/\\\/demourshop.com\\\/produit\\\/chateau-tour-baladoz-le-centenaire-2010\\\/#primaryimage\",\"url\":\"https:\\\/\\\/demourshop.com\\\/wp-content\\\/uploads\\\/2024\\\/10\\\/le-centenaire.png\",\"contentUrl\":\"https:\\\/\\\/demourshop.com\\\/wp-content\\\/uploads\\\/2024\\\/10\\\/le-centenaire.png\",\"width\":700,\"height\":700,\"caption\":\"Ch\u00e2teau Tour Baladoz Le Centenaire \u2013 bouteille de vin rouge Saint-\u00c9milion Grand Cru, cuv\u00e9e prestige du groupe De Mour, mill\u00e9sime d\u2019exception\"},{\"@type\":\"BreadcrumbList\",\"@id\":\"https:\\\/\\\/demourshop.com\\\/produit\\\/chateau-tour-baladoz-le-centenaire-2010\\\/#breadcrumb\",\"itemListElement\":[{\"@type\":\"ListItem\",\"position\":1,\"name\":\"Accueil\",\"item\":\"https:\\\/\\\/demourshop.com\\\/\"},{\"@type\":\"ListItem\",\"position\":2,\"name\":\"Boutique\",\"item\":\"https:\\\/\\\/demourshop.com\\\/boutique\\\/\"},{\"@type\":\"ListItem\",\"position\":3,\"name\":\"Ch\u00e2teau Tour Baladoz \u00ab\u00a0Le Centenaire\u00a0\u00bb\"}]},{\"@type\":\"WebSite\",\"@id\":\"https:\\\/\\\/demourshop.com\\\/#website\",\"url\":\"https:\\\/\\\/demourshop.com\\\/\",\"name\":\"Demourshop\",\"description\":\"\",\"publisher\":{\"@id\":\"https:\\\/\\\/demourshop.com\\\/#organization\"},\"potentialAction\":[{\"@type\":\"SearchAction\",\"target\":{\"@type\":\"EntryPoint\",\"urlTemplate\":\"https:\\\/\\\/demourshop.com\\\/?s={search_term_string}\"},\"query-input\":{\"@type\":\"PropertyValueSpecification\",\"valueRequired\":true,\"valueName\":\"search_term_string\"}}],\"inLanguage\":\"en-GB\"},{\"@type\":\"Organization\",\"@id\":\"https:\\\/\\\/demourshop.com\\\/#organization\",\"name\":\"Demourshop\",\"url\":\"https:\\\/\\\/demourshop.com\\\/\",\"logo\":{\"@type\":\"ImageObject\",\"inLanguage\":\"en-GB\",\"@id\":\"https:\\\/\\\/demourshop.com\\\/#\\\/schema\\\/logo\\\/image\\\/\",\"url\":\"https:\\\/\\\/demourshop.com\\\/wp-content\\\/uploads\\\/2023\\\/08\\\/logo-wine-2-1-1.png\",\"contentUrl\":\"https:\\\/\\\/demourshop.com\\\/wp-content\\\/uploads\\\/2023\\\/08\\\/logo-wine-2-1-1.png\",\"width\":400,\"height\":145,\"caption\":\"Demourshop\"},\"image\":{\"@id\":\"https:\\\/\\\/demourshop.com\\\/#\\\/schema\\\/logo\\\/image\\\/\"}}]}<\/script>\n<!-- \/ Yoast SEO plugin. -->","yoast_head_json":{"title":"Ch\u00e2teau Tour Baladoz \"Le Centenaire\" - Demourshop","description":"Ch\u00e2teau Tour Baladoz Le Centenaire 2010 \u2013 Grand Saint-\u00c9milion rac\u00e9. Mill\u00e9sime exceptionnel, pr\u00eat \u00e0 boire. Livraison rapide \u2013 cuv\u00e9e de collection.","robots":{"index":"index","follow":"follow","max-snippet":"max-snippet:-1","max-image-preview":"max-image-preview:large","max-video-preview":"max-video-preview:-1"},"canonical":"https:\/\/demourshop.com\/en\/product\/chateau-tour-baladoz-le-centenaire-2010\/","og_locale":"en_GB","og_type":"article","og_title":"Ch\u00e2teau Tour Baladoz \"Le Centenaire\" - Demourshop","og_description":"Ch\u00e2teau Tour Baladoz Le Centenaire 2010 \u2013 Grand Saint-\u00c9milion rac\u00e9. Mill\u00e9sime exceptionnel, pr\u00eat \u00e0 boire. Livraison rapide \u2013 cuv\u00e9e de collection.","og_url":"https:\/\/demourshop.com\/en\/product\/chateau-tour-baladoz-le-centenaire-2010\/","og_site_name":"Demourshop","article_modified_time":"2025-12-18T09:52:55+00:00","og_image":[{"width":700,"height":700,"url":"https:\/\/demourshop.com\/wp-content\/uploads\/2024\/10\/le-centenaire.png","type":"image\/png"}],"twitter_card":"summary_large_image","twitter_misc":{"Estimated reading time":"2 minutes"},"schema":{"@context":"https:\/\/schema.org","@graph":[{"@type":"WebPage","@id":"https:\/\/demourshop.com\/produit\/chateau-tour-baladoz-le-centenaire-2010\/","url":"https:\/\/demourshop.com\/produit\/chateau-tour-baladoz-le-centenaire-2010\/","name":"Ch\u00e2teau Tour Baladoz \"Le Centenaire\" - Demourshop","isPartOf":{"@id":"https:\/\/demourshop.com\/#website"},"primaryImageOfPage":{"@id":"https:\/\/demourshop.com\/produit\/chateau-tour-baladoz-le-centenaire-2010\/#primaryimage"},"image":{"@id":"https:\/\/demourshop.com\/produit\/chateau-tour-baladoz-le-centenaire-2010\/#primaryimage"},"thumbnailUrl":"https:\/\/demourshop.com\/wp-content\/uploads\/2024\/10\/le-centenaire.png","datePublished":"2024-10-23T13:11:00+00:00","dateModified":"2025-12-18T09:52:55+00:00","description":"Ch\u00e2teau Tour Baladoz Le Centenaire 2010 \u2013 Grand Saint-\u00c9milion rac\u00e9. Mill\u00e9sime exceptionnel, pr\u00eat \u00e0 boire. Livraison rapide \u2013 cuv\u00e9e de collection.","breadcrumb":{"@id":"https:\/\/demourshop.com\/produit\/chateau-tour-baladoz-le-centenaire-2010\/#breadcrumb"},"inLanguage":"en-GB","potentialAction":[{"@type":"ReadAction","target":["https:\/\/demourshop.com\/produit\/chateau-tour-baladoz-le-centenaire-2010\/"]}]},{"@type":"ImageObject","inLanguage":"en-GB","@id":"https:\/\/demourshop.com\/produit\/chateau-tour-baladoz-le-centenaire-2010\/#primaryimage","url":"https:\/\/demourshop.com\/wp-content\/uploads\/2024\/10\/le-centenaire.png","contentUrl":"https:\/\/demourshop.com\/wp-content\/uploads\/2024\/10\/le-centenaire.png","width":700,"height":700,"caption":"Ch\u00e2teau Tour Baladoz Le Centenaire \u2013 bouteille de vin rouge Saint-\u00c9milion Grand Cru, cuv\u00e9e prestige du groupe De Mour, mill\u00e9sime d\u2019exception"},{"@type":"BreadcrumbList","@id":"https:\/\/demourshop.com\/produit\/chateau-tour-baladoz-le-centenaire-2010\/#breadcrumb","itemListElement":[{"@type":"ListItem","position":1,"name":"Accueil","item":"https:\/\/demourshop.com\/"},{"@type":"ListItem","position":2,"name":"Boutique","item":"https:\/\/demourshop.com\/boutique\/"},{"@type":"ListItem","position":3,"name":"Ch\u00e2teau Tour Baladoz \u00ab\u00a0Le Centenaire\u00a0\u00bb"}]},{"@type":"WebSite","@id":"https:\/\/demourshop.com\/#website","url":"https:\/\/demourshop.com\/","name":"Demourshop","description":"","publisher":{"@id":"https:\/\/demourshop.com\/#organization"},"potentialAction":[{"@type":"SearchAction","target":{"@type":"EntryPoint","urlTemplate":"https:\/\/demourshop.com\/?s={search_term_string}"},"query-input":{"@type":"PropertyValueSpecification","valueRequired":true,"valueName":"search_term_string"}}],"inLanguage":"en-GB"},{"@type":"Organization","@id":"https:\/\/demourshop.com\/#organization","name":"Demourshop","url":"https:\/\/demourshop.com\/","logo":{"@type":"ImageObject","inLanguage":"en-GB","@id":"https:\/\/demourshop.com\/#\/schema\/logo\/image\/","url":"https:\/\/demourshop.com\/wp-content\/uploads\/2023\/08\/logo-wine-2-1-1.png","contentUrl":"https:\/\/demourshop.com\/wp-content\/uploads\/2023\/08\/logo-wine-2-1-1.png","width":400,"height":145,"caption":"Demourshop"},"image":{"@id":"https:\/\/demourshop.com\/#\/schema\/logo\/image\/"}}]}},"_links":{"self":[{"href":"https:\/\/demourshop.com\/en\/wp-json\/wp\/v2\/product\/65745","targetHints":{"allow":["GET"]}}],"collection":[{"href":"https:\/\/demourshop.com\/en\/wp-json\/wp\/v2\/product"}],"about":[{"href":"https:\/\/demourshop.com\/en\/wp-json\/wp\/v2\/types\/product"}],"version-history":[{"count":14,"href":"https:\/\/demourshop.com\/en\/wp-json\/wp\/v2\/product\/65745\/revisions"}],"predecessor-version":[{"id":70302,"href":"https:\/\/demourshop.com\/en\/wp-json\/wp\/v2\/product\/65745\/revisions\/70302"}],"wp:featuredmedia":[{"embeddable":true,"href":"https:\/\/demourshop.com\/en\/wp-json\/wp\/v2\/media\/66891"}],"wp:attachment":[{"href":"https:\/\/demourshop.com\/en\/wp-json\/wp\/v2\/media?parent=65745"}],"wp:term":[{"taxonomy":"product_brand","embeddable":true,"href":"https:\/\/demourshop.com\/en\/wp-json\/wp\/v2\/product_brand?post=65745"},{"taxonomy":"product_cat","embeddable":true,"href":"https:\/\/demourshop.com\/en\/wp-json\/wp\/v2\/product_cat?post=65745"},{"taxonomy":"product_tag","embeddable":true,"href":"https:\/\/demourshop.com\/en\/wp-json\/wp\/v2\/product_tag?post=65745"}],"curies":[{"name":"wp","href":"https:\/\/api.w.org\/{rel}","templated":true}]}}