{"id":65469,"date":"2025-02-11T15:57:44","date_gmt":"2025-02-11T14:57:44","guid":{"rendered":"https:\/\/demourshop.com\/?post_type=product&#038;p=65469"},"modified":"2025-05-27T14:55:58","modified_gmt":"2025-05-27T12:55:58","slug":"scheiben-1er-gruner-veltliner","status":"publish","type":"product","link":"https:\/\/demourshop.com\/en\/product\/scheiben-1er-gruner-veltliner\/","title":{"rendered":"Scheiben 1er Gruner Veltliner"},"content":{"rendered":"<p>\u00c0 servir entre 10 et 12\u202f\u00b0C, le <strong>Scheiben 1er Gruner Veltliner<\/strong> est un compagnon de choix pour une table raffin\u00e9e. Gr\u00e2ce \u00e0 sa vinification en f\u00fbt d\u2019acacia et \u00e0 sa fermentation lente, il poss\u00e8de une grande complexit\u00e9 et un fort potentiel de garde. Il pourra \u00e9voluer en bouteille jusqu\u2019\u00e0 8 \u00e0 10 ans, d\u00e9veloppant des notes de fruits m\u00fbrs et d\u2019\u00e9pices. Ce vin incarne la puret\u00e9 et la force du Wagram autrichien, \u00e0 d\u00e9couvrir pour les amateurs de blancs expressifs.<\/p>","protected":false},"excerpt":{"rendered":"<p><strong>Scheiben 1er Gruner Veltliner<\/strong> \u2013 Vin blanc autrichien rac\u00e9. Ar\u00f4mes exotiques, tension min\u00e9rale. Id\u00e9al fruits de mer, poissons, cuisine asiatique.<\/p>","protected":false},"featured_media":69704,"template":"","meta":{"_acf_changed":false},"product_brand":[],"product_cat":[378,386,507,552,777,382,395,374,393,595],"product_tag":[],"class_list":{"0":"post-65469","1":"product","2":"type-product","3":"status-publish","4":"has-post-thumbnail","6":"product_cat-appellations-vin-en-ligne","7":"product_cat-vin-autriche-en-ligne","8":"product_cat-cepages-vin-en-ligne","9":"product_cat-vin-par-couleur-en-ligne","10":"product_cat-gruner-veltliner-en-ligne","11":"product_cat-vin-par-pays-en-ligne","12":"product_cat-vin-agriculture-raisonnee","13":"product_cat-vin-blanc-en-ligne","14":"product_cat-vins-par-methode-de-vinification","15":"product_cat-vin-wagram-en-ligne","16":"pa_appellations-wagram","17":"pa_cepages-gruner-veltliner","18":"pa_couleurs-blanc","19":"pa_formats-75cl","20":"pa_millesimes-177","21":"pa_pays-autriche","22":"pa_quantites-a-lunite","23":"pa_quantites-carton-de-3-bouteilles","24":"pa_vinifications-raisonnee","26":"first","27":"instock","28":"taxable","29":"shipping-taxable","30":"purchasable","31":"product-type-simple"},"acf":[],"yoast_head":"<!-- This site is optimized with the Yoast SEO plugin v27.4 - https:\/\/yoast.com\/product\/yoast-seo-wordpress\/ -->\n<title>Scheiben 1er Gruner Veltliner - Demourshop<\/title>\n<meta name=\"description\" content=\"Scheiben 1er Gruner Veltliner \u2013 vin blanc autrichien rac\u00e9 et min\u00e9ral. Ar\u00f4mes de pomme, fruits exotiques, grande tension. \u00c0 d\u00e9couvrir absolument.\" \/>\n<meta name=\"robots\" content=\"index, follow, max-snippet:-1, max-image-preview:large, max-video-preview:-1\" \/>\n<link rel=\"canonical\" href=\"https:\/\/demourshop.com\/en\/product\/scheiben-1er-gruner-veltliner\/\" \/>\n<meta property=\"og:locale\" content=\"en_GB\" \/>\n<meta property=\"og:type\" content=\"article\" \/>\n<meta property=\"og:title\" content=\"Scheiben 1er Gruner Veltliner - Demourshop\" \/>\n<meta property=\"og:description\" content=\"Scheiben 1er Gruner Veltliner \u2013 vin blanc autrichien rac\u00e9 et min\u00e9ral. Ar\u00f4mes de pomme, fruits exotiques, grande tension. \u00c0 d\u00e9couvrir absolument.\" \/>\n<meta property=\"og:url\" content=\"https:\/\/demourshop.com\/en\/product\/scheiben-1er-gruner-veltliner\/\" \/>\n<meta property=\"og:site_name\" content=\"Demourshop\" \/>\n<meta property=\"article:modified_time\" content=\"2025-05-27T12:55:58+00:00\" \/>\n<meta property=\"og:image\" content=\"http:\/\/demourshop.com\/wp-content\/uploads\/2024\/12\/Leth-schebein.png\" \/>\n\t<meta property=\"og:image:width\" content=\"700\" \/>\n\t<meta property=\"og:image:height\" content=\"700\" \/>\n\t<meta property=\"og:image:type\" content=\"image\/png\" \/>\n<meta name=\"twitter:card\" content=\"summary_large_image\" \/>\n<meta name=\"twitter:label1\" content=\"Estimated reading time\" \/>\n\t<meta name=\"twitter:data1\" content=\"2 minutes\" \/>\n<script type=\"application\/ld+json\" class=\"yoast-schema-graph\">{\"@context\":\"https:\\\/\\\/schema.org\",\"@graph\":[{\"@type\":\"WebPage\",\"@id\":\"https:\\\/\\\/demourshop.com\\\/produit\\\/scheiben-1er-gruner-veltliner\\\/\",\"url\":\"https:\\\/\\\/demourshop.com\\\/produit\\\/scheiben-1er-gruner-veltliner\\\/\",\"name\":\"Scheiben 1er Gruner Veltliner - Demourshop\",\"isPartOf\":{\"@id\":\"https:\\\/\\\/demourshop.com\\\/#website\"},\"primaryImageOfPage\":{\"@id\":\"https:\\\/\\\/demourshop.com\\\/produit\\\/scheiben-1er-gruner-veltliner\\\/#primaryimage\"},\"image\":{\"@id\":\"https:\\\/\\\/demourshop.com\\\/produit\\\/scheiben-1er-gruner-veltliner\\\/#primaryimage\"},\"thumbnailUrl\":\"https:\\\/\\\/demourshop.com\\\/wp-content\\\/uploads\\\/2024\\\/12\\\/Leth-schebein.png\",\"datePublished\":\"2025-02-11T14:57:44+00:00\",\"dateModified\":\"2025-05-27T12:55:58+00:00\",\"description\":\"Scheiben 1er Gruner Veltliner \u2013 vin blanc autrichien rac\u00e9 et min\u00e9ral. Ar\u00f4mes de pomme, fruits exotiques, grande tension. \u00c0 d\u00e9couvrir absolument.\",\"breadcrumb\":{\"@id\":\"https:\\\/\\\/demourshop.com\\\/produit\\\/scheiben-1er-gruner-veltliner\\\/#breadcrumb\"},\"inLanguage\":\"en-GB\",\"potentialAction\":[{\"@type\":\"ReadAction\",\"target\":[\"https:\\\/\\\/demourshop.com\\\/produit\\\/scheiben-1er-gruner-veltliner\\\/\"]}]},{\"@type\":\"ImageObject\",\"inLanguage\":\"en-GB\",\"@id\":\"https:\\\/\\\/demourshop.com\\\/produit\\\/scheiben-1er-gruner-veltliner\\\/#primaryimage\",\"url\":\"https:\\\/\\\/demourshop.com\\\/wp-content\\\/uploads\\\/2024\\\/12\\\/Leth-schebein.png\",\"contentUrl\":\"https:\\\/\\\/demourshop.com\\\/wp-content\\\/uploads\\\/2024\\\/12\\\/Leth-schebein.png\",\"width\":700,\"height\":700,\"caption\":\"Leth Scheiben 1er Gruner Veltliner 2019, un vin blanc \u00e9l\u00e9gant de la r\u00e9gion de Wagram, Autriche.\"},{\"@type\":\"BreadcrumbList\",\"@id\":\"https:\\\/\\\/demourshop.com\\\/produit\\\/scheiben-1er-gruner-veltliner\\\/#breadcrumb\",\"itemListElement\":[{\"@type\":\"ListItem\",\"position\":1,\"name\":\"Accueil\",\"item\":\"https:\\\/\\\/demourshop.com\\\/\"},{\"@type\":\"ListItem\",\"position\":2,\"name\":\"Boutique\",\"item\":\"https:\\\/\\\/demourshop.com\\\/boutique\\\/\"},{\"@type\":\"ListItem\",\"position\":3,\"name\":\"Scheiben 1er Gruner Veltliner\"}]},{\"@type\":\"WebSite\",\"@id\":\"https:\\\/\\\/demourshop.com\\\/#website\",\"url\":\"https:\\\/\\\/demourshop.com\\\/\",\"name\":\"Demourshop\",\"description\":\"\",\"publisher\":{\"@id\":\"https:\\\/\\\/demourshop.com\\\/#organization\"},\"potentialAction\":[{\"@type\":\"SearchAction\",\"target\":{\"@type\":\"EntryPoint\",\"urlTemplate\":\"https:\\\/\\\/demourshop.com\\\/?s={search_term_string}\"},\"query-input\":{\"@type\":\"PropertyValueSpecification\",\"valueRequired\":true,\"valueName\":\"search_term_string\"}}],\"inLanguage\":\"en-GB\"},{\"@type\":\"Organization\",\"@id\":\"https:\\\/\\\/demourshop.com\\\/#organization\",\"name\":\"Demourshop\",\"url\":\"https:\\\/\\\/demourshop.com\\\/\",\"logo\":{\"@type\":\"ImageObject\",\"inLanguage\":\"en-GB\",\"@id\":\"https:\\\/\\\/demourshop.com\\\/#\\\/schema\\\/logo\\\/image\\\/\",\"url\":\"https:\\\/\\\/demourshop.com\\\/wp-content\\\/uploads\\\/2023\\\/08\\\/logo-wine-2-1-1.png\",\"contentUrl\":\"https:\\\/\\\/demourshop.com\\\/wp-content\\\/uploads\\\/2023\\\/08\\\/logo-wine-2-1-1.png\",\"width\":400,\"height\":145,\"caption\":\"Demourshop\"},\"image\":{\"@id\":\"https:\\\/\\\/demourshop.com\\\/#\\\/schema\\\/logo\\\/image\\\/\"}}]}<\/script>\n<!-- \/ Yoast SEO plugin. -->","yoast_head_json":{"title":"Scheiben 1er Gruner Veltliner - Demourshop","description":"Scheiben 1er Gruner Veltliner \u2013 vin blanc autrichien rac\u00e9 et min\u00e9ral. Ar\u00f4mes de pomme, fruits exotiques, grande tension. \u00c0 d\u00e9couvrir absolument.","robots":{"index":"index","follow":"follow","max-snippet":"max-snippet:-1","max-image-preview":"max-image-preview:large","max-video-preview":"max-video-preview:-1"},"canonical":"https:\/\/demourshop.com\/en\/product\/scheiben-1er-gruner-veltliner\/","og_locale":"en_GB","og_type":"article","og_title":"Scheiben 1er Gruner Veltliner - Demourshop","og_description":"Scheiben 1er Gruner Veltliner \u2013 vin blanc autrichien rac\u00e9 et min\u00e9ral. Ar\u00f4mes de pomme, fruits exotiques, grande tension. \u00c0 d\u00e9couvrir absolument.","og_url":"https:\/\/demourshop.com\/en\/product\/scheiben-1er-gruner-veltliner\/","og_site_name":"Demourshop","article_modified_time":"2025-05-27T12:55:58+00:00","og_image":[{"width":700,"height":700,"url":"http:\/\/demourshop.com\/wp-content\/uploads\/2024\/12\/Leth-schebein.png","type":"image\/png"}],"twitter_card":"summary_large_image","twitter_misc":{"Estimated reading time":"2 minutes"},"schema":{"@context":"https:\/\/schema.org","@graph":[{"@type":"WebPage","@id":"https:\/\/demourshop.com\/produit\/scheiben-1er-gruner-veltliner\/","url":"https:\/\/demourshop.com\/produit\/scheiben-1er-gruner-veltliner\/","name":"Scheiben 1er Gruner Veltliner - Demourshop","isPartOf":{"@id":"https:\/\/demourshop.com\/#website"},"primaryImageOfPage":{"@id":"https:\/\/demourshop.com\/produit\/scheiben-1er-gruner-veltliner\/#primaryimage"},"image":{"@id":"https:\/\/demourshop.com\/produit\/scheiben-1er-gruner-veltliner\/#primaryimage"},"thumbnailUrl":"https:\/\/demourshop.com\/wp-content\/uploads\/2024\/12\/Leth-schebein.png","datePublished":"2025-02-11T14:57:44+00:00","dateModified":"2025-05-27T12:55:58+00:00","description":"Scheiben 1er Gruner Veltliner \u2013 vin blanc autrichien rac\u00e9 et min\u00e9ral. Ar\u00f4mes de pomme, fruits exotiques, grande tension. \u00c0 d\u00e9couvrir absolument.","breadcrumb":{"@id":"https:\/\/demourshop.com\/produit\/scheiben-1er-gruner-veltliner\/#breadcrumb"},"inLanguage":"en-GB","potentialAction":[{"@type":"ReadAction","target":["https:\/\/demourshop.com\/produit\/scheiben-1er-gruner-veltliner\/"]}]},{"@type":"ImageObject","inLanguage":"en-GB","@id":"https:\/\/demourshop.com\/produit\/scheiben-1er-gruner-veltliner\/#primaryimage","url":"https:\/\/demourshop.com\/wp-content\/uploads\/2024\/12\/Leth-schebein.png","contentUrl":"https:\/\/demourshop.com\/wp-content\/uploads\/2024\/12\/Leth-schebein.png","width":700,"height":700,"caption":"Leth Scheiben 1er Gruner Veltliner 2019, un vin blanc \u00e9l\u00e9gant de la r\u00e9gion de Wagram, Autriche."},{"@type":"BreadcrumbList","@id":"https:\/\/demourshop.com\/produit\/scheiben-1er-gruner-veltliner\/#breadcrumb","itemListElement":[{"@type":"ListItem","position":1,"name":"Accueil","item":"https:\/\/demourshop.com\/"},{"@type":"ListItem","position":2,"name":"Boutique","item":"https:\/\/demourshop.com\/boutique\/"},{"@type":"ListItem","position":3,"name":"Scheiben 1er Gruner Veltliner"}]},{"@type":"WebSite","@id":"https:\/\/demourshop.com\/#website","url":"https:\/\/demourshop.com\/","name":"Demourshop","description":"","publisher":{"@id":"https:\/\/demourshop.com\/#organization"},"potentialAction":[{"@type":"SearchAction","target":{"@type":"EntryPoint","urlTemplate":"https:\/\/demourshop.com\/?s={search_term_string}"},"query-input":{"@type":"PropertyValueSpecification","valueRequired":true,"valueName":"search_term_string"}}],"inLanguage":"en-GB"},{"@type":"Organization","@id":"https:\/\/demourshop.com\/#organization","name":"Demourshop","url":"https:\/\/demourshop.com\/","logo":{"@type":"ImageObject","inLanguage":"en-GB","@id":"https:\/\/demourshop.com\/#\/schema\/logo\/image\/","url":"https:\/\/demourshop.com\/wp-content\/uploads\/2023\/08\/logo-wine-2-1-1.png","contentUrl":"https:\/\/demourshop.com\/wp-content\/uploads\/2023\/08\/logo-wine-2-1-1.png","width":400,"height":145,"caption":"Demourshop"},"image":{"@id":"https:\/\/demourshop.com\/#\/schema\/logo\/image\/"}}]}},"_links":{"self":[{"href":"https:\/\/demourshop.com\/en\/wp-json\/wp\/v2\/product\/65469","targetHints":{"allow":["GET"]}}],"collection":[{"href":"https:\/\/demourshop.com\/en\/wp-json\/wp\/v2\/product"}],"about":[{"href":"https:\/\/demourshop.com\/en\/wp-json\/wp\/v2\/types\/product"}],"version-history":[{"count":9,"href":"https:\/\/demourshop.com\/en\/wp-json\/wp\/v2\/product\/65469\/revisions"}],"predecessor-version":[{"id":70341,"href":"https:\/\/demourshop.com\/en\/wp-json\/wp\/v2\/product\/65469\/revisions\/70341"}],"wp:featuredmedia":[{"embeddable":true,"href":"https:\/\/demourshop.com\/en\/wp-json\/wp\/v2\/media\/69704"}],"wp:attachment":[{"href":"https:\/\/demourshop.com\/en\/wp-json\/wp\/v2\/media?parent=65469"}],"wp:term":[{"taxonomy":"product_brand","embeddable":true,"href":"https:\/\/demourshop.com\/en\/wp-json\/wp\/v2\/product_brand?post=65469"},{"taxonomy":"product_cat","embeddable":true,"href":"https:\/\/demourshop.com\/en\/wp-json\/wp\/v2\/product_cat?post=65469"},{"taxonomy":"product_tag","embeddable":true,"href":"https:\/\/demourshop.com\/en\/wp-json\/wp\/v2\/product_tag?post=65469"}],"curies":[{"name":"wp","href":"https:\/\/api.w.org\/{rel}","templated":true}]}}