{"id":65458,"date":"2024-10-22T16:41:08","date_gmt":"2024-10-22T14:41:08","guid":{"rendered":"https:\/\/demourshop.com\/?post_type=product&#038;p=65458"},"modified":"2025-12-18T10:45:24","modified_gmt":"2025-12-18T09:45:24","slug":"terrasses-de-la-croizille-2023","status":"publish","type":"product","link":"https:\/\/demourshop.com\/en\/product\/terrasses-de-la-croizille-2023\/","title":{"rendered":"Terrasses de la Croizille 2023"},"content":{"rendered":"<p>Ce second vin offre un excellent rapport plaisir-prix pour tous les amateurs de Bordeaux. \u00c0 servir l\u00e9g\u00e8rement frais (16\u00b0C) avec des viandes blanches, des plats de saison ou une cuisine bistronomique. \u00c0 boire d\u00e8s maintenant ou dans les 3 \u00e0 5 ans. Un vin parfait pour toutes les occasions, sign\u00e9 par un domaine d\u2019excellence.<\/p>","protected":false},"excerpt":{"rendered":"<p><strong>Les Terrasses de La Croizille 2023<\/strong>\u00a0\u2013 Un Saint-\u00c9milion \u00e9l\u00e9gant, fruit\u00e9 et accessible. Id\u00e9al pour vos repas conviviaux. Livraison rapide \u2013 prix propri\u00e9t\u00e9.<\/p>","protected":false},"featured_media":66641,"template":"","meta":{"_acf_changed":false},"product_brand":[],"product_cat":[378,465,507,552,383,396,409,382,379,375,393,160],"product_tag":[],"class_list":{"0":"post-65458","1":"product","2":"type-product","3":"status-publish","4":"has-post-thumbnail","6":"product_cat-appellations-vin-en-ligne","7":"product_cat-cabernet-franc-en-ligne","8":"product_cat-cepages-vin-en-ligne","9":"product_cat-vin-par-couleur-en-ligne","10":"product_cat-vin-de-france-en-ligne","11":"product_cat-vin-hve-en-ligne","12":"product_cat-merlot-en-ligne","13":"product_cat-vin-par-pays-en-ligne","14":"product_cat-saint-emilion-grand-cru-en-ligne","15":"product_cat-vin-rouge-en-ligne","16":"product_cat-vins-par-methode-de-vinification","17":"product_cat-vins-de-proprietes-en-ligne","18":"pa_appellations-saint-emilion-grand-cru","19":"pa_cepages-cabernet-franc","20":"pa_cepages-merlot","21":"pa_couleurs-rouge","22":"pa_formats-75cl","23":"pa_millesimes-617","24":"pa_pays-france","25":"pa_propriete-saint-emilion-grand-cru","26":"pa_quantites-a-lunite","27":"pa_quantites-carton-de-3-bouteilles","28":"pa_quantites-carton-de-6-bouteilles","29":"pa_vinifications-hve","31":"first","32":"instock","33":"taxable","34":"shipping-taxable","35":"purchasable","36":"product-type-simple"},"acf":[],"yoast_head":"<!-- This site is optimized with the Yoast SEO plugin v27.4 - https:\/\/yoast.com\/product\/yoast-seo-wordpress\/ -->\n<title>Terrasses de la Croizille 2023 - Demourshop<\/title>\n<meta name=\"description\" content=\"Les Terrasses de La Croizille 2023 \u2013 Un Saint-\u00c9milion fruit\u00e9, souple et accessible. Id\u00e9al pour vos repas conviviaux. Livraison rapide \u2013 prix domaine.\" \/>\n<meta name=\"robots\" content=\"index, follow, max-snippet:-1, max-image-preview:large, max-video-preview:-1\" \/>\n<link rel=\"canonical\" href=\"https:\/\/demourshop.com\/en\/product\/terrasses-de-la-croizille-2023\/\" \/>\n<meta property=\"og:locale\" content=\"en_GB\" \/>\n<meta property=\"og:type\" content=\"article\" \/>\n<meta property=\"og:title\" content=\"Terrasses de la Croizille 2023 - Demourshop\" \/>\n<meta property=\"og:description\" content=\"Les Terrasses de La Croizille 2023 \u2013 Un Saint-\u00c9milion fruit\u00e9, souple et accessible. Id\u00e9al pour vos repas conviviaux. Livraison rapide \u2013 prix domaine.\" \/>\n<meta property=\"og:url\" content=\"https:\/\/demourshop.com\/en\/product\/terrasses-de-la-croizille-2023\/\" \/>\n<meta property=\"og:site_name\" content=\"Demourshop\" \/>\n<meta property=\"article:modified_time\" content=\"2025-12-18T09:45:24+00:00\" \/>\n<meta property=\"og:image\" content=\"http:\/\/demourshop.com\/wp-content\/uploads\/2024\/10\/les-Terrasses-de-la-Croizille-1.png\" \/>\n\t<meta property=\"og:image:width\" content=\"1080\" \/>\n\t<meta property=\"og:image:height\" content=\"1080\" \/>\n\t<meta property=\"og:image:type\" content=\"image\/png\" \/>\n<meta name=\"twitter:card\" content=\"summary_large_image\" \/>\n<meta name=\"twitter:label1\" content=\"Estimated reading time\" \/>\n\t<meta name=\"twitter:data1\" content=\"2 minutes\" \/>\n<script type=\"application\/ld+json\" class=\"yoast-schema-graph\">{\"@context\":\"https:\\\/\\\/schema.org\",\"@graph\":[{\"@type\":\"WebPage\",\"@id\":\"https:\\\/\\\/demourshop.com\\\/produit\\\/terrasses-de-la-croizille-2023\\\/\",\"url\":\"https:\\\/\\\/demourshop.com\\\/produit\\\/terrasses-de-la-croizille-2023\\\/\",\"name\":\"Terrasses de la Croizille 2023 - Demourshop\",\"isPartOf\":{\"@id\":\"https:\\\/\\\/demourshop.com\\\/#website\"},\"primaryImageOfPage\":{\"@id\":\"https:\\\/\\\/demourshop.com\\\/produit\\\/terrasses-de-la-croizille-2023\\\/#primaryimage\"},\"image\":{\"@id\":\"https:\\\/\\\/demourshop.com\\\/produit\\\/terrasses-de-la-croizille-2023\\\/#primaryimage\"},\"thumbnailUrl\":\"https:\\\/\\\/demourshop.com\\\/wp-content\\\/uploads\\\/2024\\\/10\\\/les-Terrasses-de-la-Croizille-1.png\",\"datePublished\":\"2024-10-22T14:41:08+00:00\",\"dateModified\":\"2025-12-18T09:45:24+00:00\",\"description\":\"Les Terrasses de La Croizille 2023 \u2013 Un Saint-\u00c9milion fruit\u00e9, souple et accessible. Id\u00e9al pour vos repas conviviaux. Livraison rapide \u2013 prix domaine.\",\"breadcrumb\":{\"@id\":\"https:\\\/\\\/demourshop.com\\\/produit\\\/terrasses-de-la-croizille-2023\\\/#breadcrumb\"},\"inLanguage\":\"en-GB\",\"potentialAction\":[{\"@type\":\"ReadAction\",\"target\":[\"https:\\\/\\\/demourshop.com\\\/produit\\\/terrasses-de-la-croizille-2023\\\/\"]}]},{\"@type\":\"ImageObject\",\"inLanguage\":\"en-GB\",\"@id\":\"https:\\\/\\\/demourshop.com\\\/produit\\\/terrasses-de-la-croizille-2023\\\/#primaryimage\",\"url\":\"https:\\\/\\\/demourshop.com\\\/wp-content\\\/uploads\\\/2024\\\/10\\\/les-Terrasses-de-la-Croizille-1.png\",\"contentUrl\":\"https:\\\/\\\/demourshop.com\\\/wp-content\\\/uploads\\\/2024\\\/10\\\/les-Terrasses-de-la-Croizille-1.png\",\"width\":1080,\"height\":1080,\"caption\":\"Les Terrasses de La Croizille vin rouge Saint-\u00c9milion\"},{\"@type\":\"BreadcrumbList\",\"@id\":\"https:\\\/\\\/demourshop.com\\\/produit\\\/terrasses-de-la-croizille-2023\\\/#breadcrumb\",\"itemListElement\":[{\"@type\":\"ListItem\",\"position\":1,\"name\":\"Accueil\",\"item\":\"https:\\\/\\\/demourshop.com\\\/\"},{\"@type\":\"ListItem\",\"position\":2,\"name\":\"Boutique\",\"item\":\"https:\\\/\\\/demourshop.com\\\/boutique\\\/\"},{\"@type\":\"ListItem\",\"position\":3,\"name\":\"Terrasses de la Croizille 2023\"}]},{\"@type\":\"WebSite\",\"@id\":\"https:\\\/\\\/demourshop.com\\\/#website\",\"url\":\"https:\\\/\\\/demourshop.com\\\/\",\"name\":\"Demourshop\",\"description\":\"\",\"publisher\":{\"@id\":\"https:\\\/\\\/demourshop.com\\\/#organization\"},\"potentialAction\":[{\"@type\":\"SearchAction\",\"target\":{\"@type\":\"EntryPoint\",\"urlTemplate\":\"https:\\\/\\\/demourshop.com\\\/?s={search_term_string}\"},\"query-input\":{\"@type\":\"PropertyValueSpecification\",\"valueRequired\":true,\"valueName\":\"search_term_string\"}}],\"inLanguage\":\"en-GB\"},{\"@type\":\"Organization\",\"@id\":\"https:\\\/\\\/demourshop.com\\\/#organization\",\"name\":\"Demourshop\",\"url\":\"https:\\\/\\\/demourshop.com\\\/\",\"logo\":{\"@type\":\"ImageObject\",\"inLanguage\":\"en-GB\",\"@id\":\"https:\\\/\\\/demourshop.com\\\/#\\\/schema\\\/logo\\\/image\\\/\",\"url\":\"https:\\\/\\\/demourshop.com\\\/wp-content\\\/uploads\\\/2023\\\/08\\\/logo-wine-2-1-1.png\",\"contentUrl\":\"https:\\\/\\\/demourshop.com\\\/wp-content\\\/uploads\\\/2023\\\/08\\\/logo-wine-2-1-1.png\",\"width\":400,\"height\":145,\"caption\":\"Demourshop\"},\"image\":{\"@id\":\"https:\\\/\\\/demourshop.com\\\/#\\\/schema\\\/logo\\\/image\\\/\"}}]}<\/script>\n<!-- \/ Yoast SEO plugin. -->","yoast_head_json":{"title":"Terrasses de la Croizille 2023 - Demourshop","description":"Les Terrasses de La Croizille 2023 \u2013 Un Saint-\u00c9milion fruit\u00e9, souple et accessible. Id\u00e9al pour vos repas conviviaux. Livraison rapide \u2013 prix domaine.","robots":{"index":"index","follow":"follow","max-snippet":"max-snippet:-1","max-image-preview":"max-image-preview:large","max-video-preview":"max-video-preview:-1"},"canonical":"https:\/\/demourshop.com\/en\/product\/terrasses-de-la-croizille-2023\/","og_locale":"en_GB","og_type":"article","og_title":"Terrasses de la Croizille 2023 - Demourshop","og_description":"Les Terrasses de La Croizille 2023 \u2013 Un Saint-\u00c9milion fruit\u00e9, souple et accessible. Id\u00e9al pour vos repas conviviaux. Livraison rapide \u2013 prix domaine.","og_url":"https:\/\/demourshop.com\/en\/product\/terrasses-de-la-croizille-2023\/","og_site_name":"Demourshop","article_modified_time":"2025-12-18T09:45:24+00:00","og_image":[{"width":1080,"height":1080,"url":"http:\/\/demourshop.com\/wp-content\/uploads\/2024\/10\/les-Terrasses-de-la-Croizille-1.png","type":"image\/png"}],"twitter_card":"summary_large_image","twitter_misc":{"Estimated reading time":"2 minutes"},"schema":{"@context":"https:\/\/schema.org","@graph":[{"@type":"WebPage","@id":"https:\/\/demourshop.com\/produit\/terrasses-de-la-croizille-2023\/","url":"https:\/\/demourshop.com\/produit\/terrasses-de-la-croizille-2023\/","name":"Terrasses de la Croizille 2023 - Demourshop","isPartOf":{"@id":"https:\/\/demourshop.com\/#website"},"primaryImageOfPage":{"@id":"https:\/\/demourshop.com\/produit\/terrasses-de-la-croizille-2023\/#primaryimage"},"image":{"@id":"https:\/\/demourshop.com\/produit\/terrasses-de-la-croizille-2023\/#primaryimage"},"thumbnailUrl":"https:\/\/demourshop.com\/wp-content\/uploads\/2024\/10\/les-Terrasses-de-la-Croizille-1.png","datePublished":"2024-10-22T14:41:08+00:00","dateModified":"2025-12-18T09:45:24+00:00","description":"Les Terrasses de La Croizille 2023 \u2013 Un Saint-\u00c9milion fruit\u00e9, souple et accessible. Id\u00e9al pour vos repas conviviaux. Livraison rapide \u2013 prix domaine.","breadcrumb":{"@id":"https:\/\/demourshop.com\/produit\/terrasses-de-la-croizille-2023\/#breadcrumb"},"inLanguage":"en-GB","potentialAction":[{"@type":"ReadAction","target":["https:\/\/demourshop.com\/produit\/terrasses-de-la-croizille-2023\/"]}]},{"@type":"ImageObject","inLanguage":"en-GB","@id":"https:\/\/demourshop.com\/produit\/terrasses-de-la-croizille-2023\/#primaryimage","url":"https:\/\/demourshop.com\/wp-content\/uploads\/2024\/10\/les-Terrasses-de-la-Croizille-1.png","contentUrl":"https:\/\/demourshop.com\/wp-content\/uploads\/2024\/10\/les-Terrasses-de-la-Croizille-1.png","width":1080,"height":1080,"caption":"Les Terrasses de La Croizille vin rouge Saint-\u00c9milion"},{"@type":"BreadcrumbList","@id":"https:\/\/demourshop.com\/produit\/terrasses-de-la-croizille-2023\/#breadcrumb","itemListElement":[{"@type":"ListItem","position":1,"name":"Accueil","item":"https:\/\/demourshop.com\/"},{"@type":"ListItem","position":2,"name":"Boutique","item":"https:\/\/demourshop.com\/boutique\/"},{"@type":"ListItem","position":3,"name":"Terrasses de la Croizille 2023"}]},{"@type":"WebSite","@id":"https:\/\/demourshop.com\/#website","url":"https:\/\/demourshop.com\/","name":"Demourshop","description":"","publisher":{"@id":"https:\/\/demourshop.com\/#organization"},"potentialAction":[{"@type":"SearchAction","target":{"@type":"EntryPoint","urlTemplate":"https:\/\/demourshop.com\/?s={search_term_string}"},"query-input":{"@type":"PropertyValueSpecification","valueRequired":true,"valueName":"search_term_string"}}],"inLanguage":"en-GB"},{"@type":"Organization","@id":"https:\/\/demourshop.com\/#organization","name":"Demourshop","url":"https:\/\/demourshop.com\/","logo":{"@type":"ImageObject","inLanguage":"en-GB","@id":"https:\/\/demourshop.com\/#\/schema\/logo\/image\/","url":"https:\/\/demourshop.com\/wp-content\/uploads\/2023\/08\/logo-wine-2-1-1.png","contentUrl":"https:\/\/demourshop.com\/wp-content\/uploads\/2023\/08\/logo-wine-2-1-1.png","width":400,"height":145,"caption":"Demourshop"},"image":{"@id":"https:\/\/demourshop.com\/#\/schema\/logo\/image\/"}}]}},"_links":{"self":[{"href":"https:\/\/demourshop.com\/en\/wp-json\/wp\/v2\/product\/65458","targetHints":{"allow":["GET"]}}],"collection":[{"href":"https:\/\/demourshop.com\/en\/wp-json\/wp\/v2\/product"}],"about":[{"href":"https:\/\/demourshop.com\/en\/wp-json\/wp\/v2\/types\/product"}],"version-history":[{"count":17,"href":"https:\/\/demourshop.com\/en\/wp-json\/wp\/v2\/product\/65458\/revisions"}],"predecessor-version":[{"id":70799,"href":"https:\/\/demourshop.com\/en\/wp-json\/wp\/v2\/product\/65458\/revisions\/70799"}],"wp:featuredmedia":[{"embeddable":true,"href":"https:\/\/demourshop.com\/en\/wp-json\/wp\/v2\/media\/66641"}],"wp:attachment":[{"href":"https:\/\/demourshop.com\/en\/wp-json\/wp\/v2\/media?parent=65458"}],"wp:term":[{"taxonomy":"product_brand","embeddable":true,"href":"https:\/\/demourshop.com\/en\/wp-json\/wp\/v2\/product_brand?post=65458"},{"taxonomy":"product_cat","embeddable":true,"href":"https:\/\/demourshop.com\/en\/wp-json\/wp\/v2\/product_cat?post=65458"},{"taxonomy":"product_tag","embeddable":true,"href":"https:\/\/demourshop.com\/en\/wp-json\/wp\/v2\/product_tag?post=65458"}],"curies":[{"name":"wp","href":"https:\/\/api.w.org\/{rel}","templated":true}]}}