{"id":65283,"date":"2024-10-28T10:52:34","date_gmt":"2024-10-28T09:52:34","guid":{"rendered":"https:\/\/demourshop.com\/?post_type=product&#038;p=65283"},"modified":"2025-05-28T09:25:44","modified_gmt":"2025-05-28T07:25:44","slug":"tokaj-dry-grand-cru-kiraly-2015","status":"publish","type":"product","link":"https:\/\/demourshop.com\/en\/product\/tokaj-dry-grand-cru-kiraly-2015\/","title":{"rendered":"Tokaj dry grand cru kiraly"},"content":{"rendered":"<p>Servi autour de 10\u00b0C, ce Tokaj sec est un excellent choix pour les amateurs de grands blancs de garde. Il peut se d\u00e9guster d\u00e8s aujourd\u2019hui pour sa vivacit\u00e9 et sa fra\u00eecheur, ou bien \u00e9voluer pendant 4 \u00e0 5 ans en cave pour r\u00e9v\u00e9ler des notes plus complexes. Produit en quantit\u00e9 limit\u00e9e, le <strong>Tokaj Dry Grand Cru Kir\u00e1ly 2015<\/strong> s\u00e9duira les passionn\u00e9s en qu\u00eate de d\u00e9couvertes raffin\u00e9es.<\/p>","protected":false},"excerpt":{"rendered":"<p><strong>Tokaj Dry Grand Cru Kir\u00e1ly 2015<\/strong> \u2013 Grand vin blanc sec hongrois. C\u00e9page Furmint, robe dor\u00e9e, \u00e9quilibre entre min\u00e9ralit\u00e9, fra\u00eecheur et finesse.<\/p>","protected":false},"featured_media":66887,"template":"","meta":{"_acf_changed":false},"product_brand":[],"product_cat":[378,507,552,622,614,382,395,621,374,393],"product_tag":[],"class_list":{"0":"post-65283","1":"product","2":"type-product","3":"status-publish","4":"has-post-thumbnail","6":"product_cat-appellations-vin-en-ligne","7":"product_cat-cepages-vin-en-ligne","8":"product_cat-vin-par-couleur-en-ligne","9":"product_cat-furmint-en-ligne","10":"product_cat-vin-hongrois-en-ligne","11":"product_cat-vin-par-pays-en-ligne","12":"product_cat-vin-agriculture-raisonnee","13":"product_cat-tokaj-en-ligne","14":"product_cat-vin-blanc-en-ligne","15":"product_cat-vins-par-methode-de-vinification","16":"pa_appellations-tokaj-sec","17":"pa_cepages-furmint","18":"pa_couleurs-blanc","19":"pa_formats-75cl","20":"pa_millesimes-181","21":"pa_pays-hongrie","22":"pa_quantites-a-lunite","23":"pa_quantites-carton-de-3-bouteilles","24":"pa_quantites-carton-de-6-bouteilles","25":"pa_vinifications-raisonnee","27":"first","28":"instock","29":"taxable","30":"shipping-taxable","31":"purchasable","32":"product-type-simple"},"acf":[],"yoast_head":"<!-- This site is optimized with the Yoast SEO plugin v27.4 - https:\/\/yoast.com\/product\/yoast-seo-wordpress\/ -->\n<title>Tokaj dry grand cru kiraly - Demourshop<\/title>\n<meta name=\"description\" content=\"Grand vin blanc sec hongrois. Tokaj dry grand cru kiraly \u2013 Furmint min\u00e9ral, pr\u00e9cis, issu d\u2019un terroir volcanique d\u2019exception \u00e0 M\u00e1d.\" \/>\n<meta name=\"robots\" content=\"index, follow, max-snippet:-1, max-image-preview:large, max-video-preview:-1\" \/>\n<link rel=\"canonical\" href=\"https:\/\/demourshop.com\/en\/product\/tokaj-dry-grand-cru-kiraly-2015\/\" \/>\n<meta property=\"og:locale\" content=\"en_GB\" \/>\n<meta property=\"og:type\" content=\"article\" \/>\n<meta property=\"og:title\" content=\"Tokaj dry grand cru kiraly - Demourshop\" \/>\n<meta property=\"og:description\" content=\"Grand vin blanc sec hongrois. Tokaj dry grand cru kiraly \u2013 Furmint min\u00e9ral, pr\u00e9cis, issu d\u2019un terroir volcanique d\u2019exception \u00e0 M\u00e1d.\" \/>\n<meta property=\"og:url\" content=\"https:\/\/demourshop.com\/en\/product\/tokaj-dry-grand-cru-kiraly-2015\/\" \/>\n<meta property=\"og:site_name\" content=\"Demourshop\" \/>\n<meta property=\"article:modified_time\" content=\"2025-05-28T07:25:44+00:00\" \/>\n<meta property=\"og:image\" content=\"http:\/\/demourshop.com\/wp-content\/uploads\/2024\/10\/tokaj-sec-1.png\" \/>\n\t<meta property=\"og:image:width\" content=\"700\" \/>\n\t<meta property=\"og:image:height\" content=\"700\" \/>\n\t<meta property=\"og:image:type\" content=\"image\/png\" \/>\n<meta name=\"twitter:card\" content=\"summary_large_image\" \/>\n<meta name=\"twitter:label1\" content=\"Estimated reading time\" \/>\n\t<meta name=\"twitter:data1\" content=\"2 minutes\" \/>\n<script type=\"application\/ld+json\" class=\"yoast-schema-graph\">{\"@context\":\"https:\\\/\\\/schema.org\",\"@graph\":[{\"@type\":\"WebPage\",\"@id\":\"https:\\\/\\\/demourshop.com\\\/produit\\\/tokaj-dry-grand-cru-kiraly-2015\\\/\",\"url\":\"https:\\\/\\\/demourshop.com\\\/produit\\\/tokaj-dry-grand-cru-kiraly-2015\\\/\",\"name\":\"Tokaj dry grand cru kiraly - Demourshop\",\"isPartOf\":{\"@id\":\"https:\\\/\\\/demourshop.com\\\/#website\"},\"primaryImageOfPage\":{\"@id\":\"https:\\\/\\\/demourshop.com\\\/produit\\\/tokaj-dry-grand-cru-kiraly-2015\\\/#primaryimage\"},\"image\":{\"@id\":\"https:\\\/\\\/demourshop.com\\\/produit\\\/tokaj-dry-grand-cru-kiraly-2015\\\/#primaryimage\"},\"thumbnailUrl\":\"https:\\\/\\\/demourshop.com\\\/wp-content\\\/uploads\\\/2024\\\/10\\\/tokaj-sec-1.png\",\"datePublished\":\"2024-10-28T09:52:34+00:00\",\"dateModified\":\"2025-05-28T07:25:44+00:00\",\"description\":\"Grand vin blanc sec hongrois. Tokaj dry grand cru kiraly \u2013 Furmint min\u00e9ral, pr\u00e9cis, issu d\u2019un terroir volcanique d\u2019exception \u00e0 M\u00e1d.\",\"breadcrumb\":{\"@id\":\"https:\\\/\\\/demourshop.com\\\/produit\\\/tokaj-dry-grand-cru-kiraly-2015\\\/#breadcrumb\"},\"inLanguage\":\"en-GB\",\"potentialAction\":[{\"@type\":\"ReadAction\",\"target\":[\"https:\\\/\\\/demourshop.com\\\/produit\\\/tokaj-dry-grand-cru-kiraly-2015\\\/\"]}]},{\"@type\":\"ImageObject\",\"inLanguage\":\"en-GB\",\"@id\":\"https:\\\/\\\/demourshop.com\\\/produit\\\/tokaj-dry-grand-cru-kiraly-2015\\\/#primaryimage\",\"url\":\"https:\\\/\\\/demourshop.com\\\/wp-content\\\/uploads\\\/2024\\\/10\\\/tokaj-sec-1.png\",\"contentUrl\":\"https:\\\/\\\/demourshop.com\\\/wp-content\\\/uploads\\\/2024\\\/10\\\/tokaj-sec-1.png\",\"width\":700,\"height\":700,\"caption\":\"Tokaj Dry Grand Cru Kir\u00e1ly 2015 \u2013 vin blanc sec hongrois, c\u00e9page furmint, terroir volcanique, domaine Tokaj Classic\"},{\"@type\":\"BreadcrumbList\",\"@id\":\"https:\\\/\\\/demourshop.com\\\/produit\\\/tokaj-dry-grand-cru-kiraly-2015\\\/#breadcrumb\",\"itemListElement\":[{\"@type\":\"ListItem\",\"position\":1,\"name\":\"Accueil\",\"item\":\"https:\\\/\\\/demourshop.com\\\/\"},{\"@type\":\"ListItem\",\"position\":2,\"name\":\"Boutique\",\"item\":\"https:\\\/\\\/demourshop.com\\\/boutique\\\/\"},{\"@type\":\"ListItem\",\"position\":3,\"name\":\"Tokaj dry grand cru kiraly\"}]},{\"@type\":\"WebSite\",\"@id\":\"https:\\\/\\\/demourshop.com\\\/#website\",\"url\":\"https:\\\/\\\/demourshop.com\\\/\",\"name\":\"Demourshop\",\"description\":\"\",\"publisher\":{\"@id\":\"https:\\\/\\\/demourshop.com\\\/#organization\"},\"potentialAction\":[{\"@type\":\"SearchAction\",\"target\":{\"@type\":\"EntryPoint\",\"urlTemplate\":\"https:\\\/\\\/demourshop.com\\\/?s={search_term_string}\"},\"query-input\":{\"@type\":\"PropertyValueSpecification\",\"valueRequired\":true,\"valueName\":\"search_term_string\"}}],\"inLanguage\":\"en-GB\"},{\"@type\":\"Organization\",\"@id\":\"https:\\\/\\\/demourshop.com\\\/#organization\",\"name\":\"Demourshop\",\"url\":\"https:\\\/\\\/demourshop.com\\\/\",\"logo\":{\"@type\":\"ImageObject\",\"inLanguage\":\"en-GB\",\"@id\":\"https:\\\/\\\/demourshop.com\\\/#\\\/schema\\\/logo\\\/image\\\/\",\"url\":\"https:\\\/\\\/demourshop.com\\\/wp-content\\\/uploads\\\/2023\\\/08\\\/logo-wine-2-1-1.png\",\"contentUrl\":\"https:\\\/\\\/demourshop.com\\\/wp-content\\\/uploads\\\/2023\\\/08\\\/logo-wine-2-1-1.png\",\"width\":400,\"height\":145,\"caption\":\"Demourshop\"},\"image\":{\"@id\":\"https:\\\/\\\/demourshop.com\\\/#\\\/schema\\\/logo\\\/image\\\/\"}}]}<\/script>\n<!-- \/ Yoast SEO plugin. -->","yoast_head_json":{"title":"Tokaj dry grand cru kiraly - Demourshop","description":"Grand vin blanc sec hongrois. Tokaj dry grand cru kiraly \u2013 Furmint min\u00e9ral, pr\u00e9cis, issu d\u2019un terroir volcanique d\u2019exception \u00e0 M\u00e1d.","robots":{"index":"index","follow":"follow","max-snippet":"max-snippet:-1","max-image-preview":"max-image-preview:large","max-video-preview":"max-video-preview:-1"},"canonical":"https:\/\/demourshop.com\/en\/product\/tokaj-dry-grand-cru-kiraly-2015\/","og_locale":"en_GB","og_type":"article","og_title":"Tokaj dry grand cru kiraly - Demourshop","og_description":"Grand vin blanc sec hongrois. Tokaj dry grand cru kiraly \u2013 Furmint min\u00e9ral, pr\u00e9cis, issu d\u2019un terroir volcanique d\u2019exception \u00e0 M\u00e1d.","og_url":"https:\/\/demourshop.com\/en\/product\/tokaj-dry-grand-cru-kiraly-2015\/","og_site_name":"Demourshop","article_modified_time":"2025-05-28T07:25:44+00:00","og_image":[{"width":700,"height":700,"url":"http:\/\/demourshop.com\/wp-content\/uploads\/2024\/10\/tokaj-sec-1.png","type":"image\/png"}],"twitter_card":"summary_large_image","twitter_misc":{"Estimated reading time":"2 minutes"},"schema":{"@context":"https:\/\/schema.org","@graph":[{"@type":"WebPage","@id":"https:\/\/demourshop.com\/produit\/tokaj-dry-grand-cru-kiraly-2015\/","url":"https:\/\/demourshop.com\/produit\/tokaj-dry-grand-cru-kiraly-2015\/","name":"Tokaj dry grand cru kiraly - Demourshop","isPartOf":{"@id":"https:\/\/demourshop.com\/#website"},"primaryImageOfPage":{"@id":"https:\/\/demourshop.com\/produit\/tokaj-dry-grand-cru-kiraly-2015\/#primaryimage"},"image":{"@id":"https:\/\/demourshop.com\/produit\/tokaj-dry-grand-cru-kiraly-2015\/#primaryimage"},"thumbnailUrl":"https:\/\/demourshop.com\/wp-content\/uploads\/2024\/10\/tokaj-sec-1.png","datePublished":"2024-10-28T09:52:34+00:00","dateModified":"2025-05-28T07:25:44+00:00","description":"Grand vin blanc sec hongrois. Tokaj dry grand cru kiraly \u2013 Furmint min\u00e9ral, pr\u00e9cis, issu d\u2019un terroir volcanique d\u2019exception \u00e0 M\u00e1d.","breadcrumb":{"@id":"https:\/\/demourshop.com\/produit\/tokaj-dry-grand-cru-kiraly-2015\/#breadcrumb"},"inLanguage":"en-GB","potentialAction":[{"@type":"ReadAction","target":["https:\/\/demourshop.com\/produit\/tokaj-dry-grand-cru-kiraly-2015\/"]}]},{"@type":"ImageObject","inLanguage":"en-GB","@id":"https:\/\/demourshop.com\/produit\/tokaj-dry-grand-cru-kiraly-2015\/#primaryimage","url":"https:\/\/demourshop.com\/wp-content\/uploads\/2024\/10\/tokaj-sec-1.png","contentUrl":"https:\/\/demourshop.com\/wp-content\/uploads\/2024\/10\/tokaj-sec-1.png","width":700,"height":700,"caption":"Tokaj Dry Grand Cru Kir\u00e1ly 2015 \u2013 vin blanc sec hongrois, c\u00e9page furmint, terroir volcanique, domaine Tokaj Classic"},{"@type":"BreadcrumbList","@id":"https:\/\/demourshop.com\/produit\/tokaj-dry-grand-cru-kiraly-2015\/#breadcrumb","itemListElement":[{"@type":"ListItem","position":1,"name":"Accueil","item":"https:\/\/demourshop.com\/"},{"@type":"ListItem","position":2,"name":"Boutique","item":"https:\/\/demourshop.com\/boutique\/"},{"@type":"ListItem","position":3,"name":"Tokaj dry grand cru kiraly"}]},{"@type":"WebSite","@id":"https:\/\/demourshop.com\/#website","url":"https:\/\/demourshop.com\/","name":"Demourshop","description":"","publisher":{"@id":"https:\/\/demourshop.com\/#organization"},"potentialAction":[{"@type":"SearchAction","target":{"@type":"EntryPoint","urlTemplate":"https:\/\/demourshop.com\/?s={search_term_string}"},"query-input":{"@type":"PropertyValueSpecification","valueRequired":true,"valueName":"search_term_string"}}],"inLanguage":"en-GB"},{"@type":"Organization","@id":"https:\/\/demourshop.com\/#organization","name":"Demourshop","url":"https:\/\/demourshop.com\/","logo":{"@type":"ImageObject","inLanguage":"en-GB","@id":"https:\/\/demourshop.com\/#\/schema\/logo\/image\/","url":"https:\/\/demourshop.com\/wp-content\/uploads\/2023\/08\/logo-wine-2-1-1.png","contentUrl":"https:\/\/demourshop.com\/wp-content\/uploads\/2023\/08\/logo-wine-2-1-1.png","width":400,"height":145,"caption":"Demourshop"},"image":{"@id":"https:\/\/demourshop.com\/#\/schema\/logo\/image\/"}}]}},"_links":{"self":[{"href":"https:\/\/demourshop.com\/en\/wp-json\/wp\/v2\/product\/65283","targetHints":{"allow":["GET"]}}],"collection":[{"href":"https:\/\/demourshop.com\/en\/wp-json\/wp\/v2\/product"}],"about":[{"href":"https:\/\/demourshop.com\/en\/wp-json\/wp\/v2\/types\/product"}],"version-history":[{"count":9,"href":"https:\/\/demourshop.com\/en\/wp-json\/wp\/v2\/product\/65283\/revisions"}],"predecessor-version":[{"id":70357,"href":"https:\/\/demourshop.com\/en\/wp-json\/wp\/v2\/product\/65283\/revisions\/70357"}],"wp:featuredmedia":[{"embeddable":true,"href":"https:\/\/demourshop.com\/en\/wp-json\/wp\/v2\/media\/66887"}],"wp:attachment":[{"href":"https:\/\/demourshop.com\/en\/wp-json\/wp\/v2\/media?parent=65283"}],"wp:term":[{"taxonomy":"product_brand","embeddable":true,"href":"https:\/\/demourshop.com\/en\/wp-json\/wp\/v2\/product_brand?post=65283"},{"taxonomy":"product_cat","embeddable":true,"href":"https:\/\/demourshop.com\/en\/wp-json\/wp\/v2\/product_cat?post=65283"},{"taxonomy":"product_tag","embeddable":true,"href":"https:\/\/demourshop.com\/en\/wp-json\/wp\/v2\/product_tag?post=65283"}],"curies":[{"name":"wp","href":"https:\/\/api.w.org\/{rel}","templated":true}]}}