{"id":65273,"date":"2025-02-13T16:27:10","date_gmt":"2025-02-13T15:27:10","guid":{"rendered":"https:\/\/demourshop.com\/?post_type=product&#038;p=65273"},"modified":"2025-09-26T15:55:23","modified_gmt":"2025-09-26T13:55:23","slug":"leth-pinot-noir","status":"publish","type":"product","link":"https:\/\/demourshop.com\/en\/product\/leth-pinot-noir\/","title":{"rendered":"Leth pinot noir"},"content":{"rendered":"<p>Servi \u00e0 9\u202f\u00b0C, le <strong>Leth Blanc de Noirs 2013<\/strong> sublime les <strong>fruits de mer<\/strong>, les <strong>sushis<\/strong> ou une <strong>volaille r\u00f4tie<\/strong> aux \u00e9pices douces. Ce vin se distingue par son potentiel gastronomique, mais aussi par sa capacit\u00e9 \u00e0 s\u00e9duire d\u00e8s l\u2019ap\u00e9ritif. Gr\u00e2ce \u00e0 son \u00e9levage prolong\u00e9 sur lies, il peut vieillir 5 \u00e0 7 ans sans faiblir, d\u00e9veloppant au fil du temps des ar\u00f4mes plus complexes. Une bulle autrichienne \u00e9l\u00e9gante \u00e0 d\u00e9couvrir absolument.<\/p>","protected":false},"excerpt":{"rendered":"<p><strong>Leth Pinot Noir Blanc de Noirs<\/strong> \u2013 Effervescent autrichien raffin\u00e9, \u00e9lev\u00e9 48 mois sur lies. Ar\u00f4mes de fruits rouges et touche brioch\u00e9e.<\/p>","protected":false},"featured_media":69701,"template":"","meta":{"_acf_changed":false},"product_brand":[],"product_cat":[386,507,552,382,415,395,374,377,393],"product_tag":[],"class_list":{"0":"post-65273","1":"product","2":"type-product","3":"status-publish","4":"has-post-thumbnail","6":"product_cat-vin-autriche-en-ligne","7":"product_cat-cepages-vin-en-ligne","8":"product_cat-vin-par-couleur-en-ligne","9":"product_cat-vin-par-pays-en-ligne","10":"product_cat-pinot-noir-en-ligne","11":"product_cat-vin-agriculture-raisonnee","12":"product_cat-vin-blanc-en-ligne","13":"product_cat-vin-petillant-en-ligne","14":"product_cat-vins-par-methode-de-vinification","15":"pa_cepages-pinot-noir","16":"pa_couleurs-blanc","17":"pa_couleurs-petillant","18":"pa_formats-75cl","19":"pa_millesimes-183","20":"pa_pays-autriche","21":"pa_quantites-a-lunite","22":"pa_quantites-carton-de-3-bouteilles","23":"pa_quantites-carton-de-6-bouteilles","24":"pa_vinifications-raisonnee","26":"first","27":"instock","28":"taxable","29":"shipping-taxable","30":"purchasable","31":"product-type-simple"},"acf":[],"yoast_head":"<!-- This site is optimized with the Yoast SEO plugin v27.4 - https:\/\/yoast.com\/product\/yoast-seo-wordpress\/ -->\n<title>Leth pinot noir - Demourshop<\/title>\n<meta name=\"description\" content=\"Leth Pinot Noir Blanc de Noirs \u2013 effervescent autrichien \u00e9lev\u00e9 48 mois sur lies. \u00c9l\u00e9gant, fruit\u00e9 et brioch\u00e9. Parfait pour l\u2019ap\u00e9ritif ou les repas fins.\" \/>\n<meta name=\"robots\" content=\"index, follow, max-snippet:-1, max-image-preview:large, max-video-preview:-1\" \/>\n<link rel=\"canonical\" href=\"https:\/\/demourshop.com\/en\/product\/leth-pinot-noir\/\" \/>\n<meta property=\"og:locale\" content=\"en_GB\" \/>\n<meta property=\"og:type\" content=\"article\" \/>\n<meta property=\"og:title\" content=\"Leth pinot noir - Demourshop\" \/>\n<meta property=\"og:description\" content=\"Leth Pinot Noir Blanc de Noirs \u2013 effervescent autrichien \u00e9lev\u00e9 48 mois sur lies. \u00c9l\u00e9gant, fruit\u00e9 et brioch\u00e9. Parfait pour l\u2019ap\u00e9ritif ou les repas fins.\" \/>\n<meta property=\"og:url\" content=\"https:\/\/demourshop.com\/en\/product\/leth-pinot-noir\/\" \/>\n<meta property=\"og:site_name\" content=\"Demourshop\" \/>\n<meta property=\"article:modified_time\" content=\"2025-09-26T13:55:23+00:00\" \/>\n<meta property=\"og:image\" content=\"http:\/\/demourshop.com\/wp-content\/uploads\/2024\/12\/Leth-pinot-noir.png\" \/>\n\t<meta property=\"og:image:width\" content=\"700\" \/>\n\t<meta property=\"og:image:height\" content=\"700\" \/>\n\t<meta property=\"og:image:type\" content=\"image\/png\" \/>\n<meta name=\"twitter:card\" content=\"summary_large_image\" \/>\n<meta name=\"twitter:label1\" content=\"Estimated reading time\" \/>\n\t<meta name=\"twitter:data1\" content=\"2 minutes\" \/>\n<script type=\"application\/ld+json\" class=\"yoast-schema-graph\">{\"@context\":\"https:\\\/\\\/schema.org\",\"@graph\":[{\"@type\":\"WebPage\",\"@id\":\"https:\\\/\\\/demourshop.com\\\/produit\\\/leth-pinot-noir\\\/\",\"url\":\"https:\\\/\\\/demourshop.com\\\/produit\\\/leth-pinot-noir\\\/\",\"name\":\"Leth pinot noir - Demourshop\",\"isPartOf\":{\"@id\":\"https:\\\/\\\/demourshop.com\\\/#website\"},\"primaryImageOfPage\":{\"@id\":\"https:\\\/\\\/demourshop.com\\\/produit\\\/leth-pinot-noir\\\/#primaryimage\"},\"image\":{\"@id\":\"https:\\\/\\\/demourshop.com\\\/produit\\\/leth-pinot-noir\\\/#primaryimage\"},\"thumbnailUrl\":\"https:\\\/\\\/demourshop.com\\\/wp-content\\\/uploads\\\/2024\\\/12\\\/Leth-pinot-noir.png\",\"datePublished\":\"2025-02-13T15:27:10+00:00\",\"dateModified\":\"2025-09-26T13:55:23+00:00\",\"description\":\"Leth Pinot Noir Blanc de Noirs \u2013 effervescent autrichien \u00e9lev\u00e9 48 mois sur lies. \u00c9l\u00e9gant, fruit\u00e9 et brioch\u00e9. Parfait pour l\u2019ap\u00e9ritif ou les repas fins.\",\"breadcrumb\":{\"@id\":\"https:\\\/\\\/demourshop.com\\\/produit\\\/leth-pinot-noir\\\/#breadcrumb\"},\"inLanguage\":\"en-GB\",\"potentialAction\":[{\"@type\":\"ReadAction\",\"target\":[\"https:\\\/\\\/demourshop.com\\\/produit\\\/leth-pinot-noir\\\/\"]}]},{\"@type\":\"ImageObject\",\"inLanguage\":\"en-GB\",\"@id\":\"https:\\\/\\\/demourshop.com\\\/produit\\\/leth-pinot-noir\\\/#primaryimage\",\"url\":\"https:\\\/\\\/demourshop.com\\\/wp-content\\\/uploads\\\/2024\\\/12\\\/Leth-pinot-noir.png\",\"contentUrl\":\"https:\\\/\\\/demourshop.com\\\/wp-content\\\/uploads\\\/2024\\\/12\\\/Leth-pinot-noir.png\",\"width\":700,\"height\":700,\"caption\":\"Pinot Noir 2013 de Leth, un blanc \u00e9l\u00e9gant et min\u00e9ral aux ar\u00f4mes subtils de fruits rouges.\"},{\"@type\":\"BreadcrumbList\",\"@id\":\"https:\\\/\\\/demourshop.com\\\/produit\\\/leth-pinot-noir\\\/#breadcrumb\",\"itemListElement\":[{\"@type\":\"ListItem\",\"position\":1,\"name\":\"Accueil\",\"item\":\"https:\\\/\\\/demourshop.com\\\/\"},{\"@type\":\"ListItem\",\"position\":2,\"name\":\"Boutique\",\"item\":\"https:\\\/\\\/demourshop.com\\\/boutique\\\/\"},{\"@type\":\"ListItem\",\"position\":3,\"name\":\"Leth pinot noir\"}]},{\"@type\":\"WebSite\",\"@id\":\"https:\\\/\\\/demourshop.com\\\/#website\",\"url\":\"https:\\\/\\\/demourshop.com\\\/\",\"name\":\"Demourshop\",\"description\":\"\",\"publisher\":{\"@id\":\"https:\\\/\\\/demourshop.com\\\/#organization\"},\"potentialAction\":[{\"@type\":\"SearchAction\",\"target\":{\"@type\":\"EntryPoint\",\"urlTemplate\":\"https:\\\/\\\/demourshop.com\\\/?s={search_term_string}\"},\"query-input\":{\"@type\":\"PropertyValueSpecification\",\"valueRequired\":true,\"valueName\":\"search_term_string\"}}],\"inLanguage\":\"en-GB\"},{\"@type\":\"Organization\",\"@id\":\"https:\\\/\\\/demourshop.com\\\/#organization\",\"name\":\"Demourshop\",\"url\":\"https:\\\/\\\/demourshop.com\\\/\",\"logo\":{\"@type\":\"ImageObject\",\"inLanguage\":\"en-GB\",\"@id\":\"https:\\\/\\\/demourshop.com\\\/#\\\/schema\\\/logo\\\/image\\\/\",\"url\":\"https:\\\/\\\/demourshop.com\\\/wp-content\\\/uploads\\\/2023\\\/08\\\/logo-wine-2-1-1.png\",\"contentUrl\":\"https:\\\/\\\/demourshop.com\\\/wp-content\\\/uploads\\\/2023\\\/08\\\/logo-wine-2-1-1.png\",\"width\":400,\"height\":145,\"caption\":\"Demourshop\"},\"image\":{\"@id\":\"https:\\\/\\\/demourshop.com\\\/#\\\/schema\\\/logo\\\/image\\\/\"}}]}<\/script>\n<!-- \/ Yoast SEO plugin. -->","yoast_head_json":{"title":"Leth pinot noir - Demourshop","description":"Leth Pinot Noir Blanc de Noirs \u2013 effervescent autrichien \u00e9lev\u00e9 48 mois sur lies. \u00c9l\u00e9gant, fruit\u00e9 et brioch\u00e9. Parfait pour l\u2019ap\u00e9ritif ou les repas fins.","robots":{"index":"index","follow":"follow","max-snippet":"max-snippet:-1","max-image-preview":"max-image-preview:large","max-video-preview":"max-video-preview:-1"},"canonical":"https:\/\/demourshop.com\/en\/product\/leth-pinot-noir\/","og_locale":"en_GB","og_type":"article","og_title":"Leth pinot noir - Demourshop","og_description":"Leth Pinot Noir Blanc de Noirs \u2013 effervescent autrichien \u00e9lev\u00e9 48 mois sur lies. \u00c9l\u00e9gant, fruit\u00e9 et brioch\u00e9. Parfait pour l\u2019ap\u00e9ritif ou les repas fins.","og_url":"https:\/\/demourshop.com\/en\/product\/leth-pinot-noir\/","og_site_name":"Demourshop","article_modified_time":"2025-09-26T13:55:23+00:00","og_image":[{"width":700,"height":700,"url":"http:\/\/demourshop.com\/wp-content\/uploads\/2024\/12\/Leth-pinot-noir.png","type":"image\/png"}],"twitter_card":"summary_large_image","twitter_misc":{"Estimated reading time":"2 minutes"},"schema":{"@context":"https:\/\/schema.org","@graph":[{"@type":"WebPage","@id":"https:\/\/demourshop.com\/produit\/leth-pinot-noir\/","url":"https:\/\/demourshop.com\/produit\/leth-pinot-noir\/","name":"Leth pinot noir - Demourshop","isPartOf":{"@id":"https:\/\/demourshop.com\/#website"},"primaryImageOfPage":{"@id":"https:\/\/demourshop.com\/produit\/leth-pinot-noir\/#primaryimage"},"image":{"@id":"https:\/\/demourshop.com\/produit\/leth-pinot-noir\/#primaryimage"},"thumbnailUrl":"https:\/\/demourshop.com\/wp-content\/uploads\/2024\/12\/Leth-pinot-noir.png","datePublished":"2025-02-13T15:27:10+00:00","dateModified":"2025-09-26T13:55:23+00:00","description":"Leth Pinot Noir Blanc de Noirs \u2013 effervescent autrichien \u00e9lev\u00e9 48 mois sur lies. \u00c9l\u00e9gant, fruit\u00e9 et brioch\u00e9. Parfait pour l\u2019ap\u00e9ritif ou les repas fins.","breadcrumb":{"@id":"https:\/\/demourshop.com\/produit\/leth-pinot-noir\/#breadcrumb"},"inLanguage":"en-GB","potentialAction":[{"@type":"ReadAction","target":["https:\/\/demourshop.com\/produit\/leth-pinot-noir\/"]}]},{"@type":"ImageObject","inLanguage":"en-GB","@id":"https:\/\/demourshop.com\/produit\/leth-pinot-noir\/#primaryimage","url":"https:\/\/demourshop.com\/wp-content\/uploads\/2024\/12\/Leth-pinot-noir.png","contentUrl":"https:\/\/demourshop.com\/wp-content\/uploads\/2024\/12\/Leth-pinot-noir.png","width":700,"height":700,"caption":"Pinot Noir 2013 de Leth, un blanc \u00e9l\u00e9gant et min\u00e9ral aux ar\u00f4mes subtils de fruits rouges."},{"@type":"BreadcrumbList","@id":"https:\/\/demourshop.com\/produit\/leth-pinot-noir\/#breadcrumb","itemListElement":[{"@type":"ListItem","position":1,"name":"Accueil","item":"https:\/\/demourshop.com\/"},{"@type":"ListItem","position":2,"name":"Boutique","item":"https:\/\/demourshop.com\/boutique\/"},{"@type":"ListItem","position":3,"name":"Leth pinot noir"}]},{"@type":"WebSite","@id":"https:\/\/demourshop.com\/#website","url":"https:\/\/demourshop.com\/","name":"Demourshop","description":"","publisher":{"@id":"https:\/\/demourshop.com\/#organization"},"potentialAction":[{"@type":"SearchAction","target":{"@type":"EntryPoint","urlTemplate":"https:\/\/demourshop.com\/?s={search_term_string}"},"query-input":{"@type":"PropertyValueSpecification","valueRequired":true,"valueName":"search_term_string"}}],"inLanguage":"en-GB"},{"@type":"Organization","@id":"https:\/\/demourshop.com\/#organization","name":"Demourshop","url":"https:\/\/demourshop.com\/","logo":{"@type":"ImageObject","inLanguage":"en-GB","@id":"https:\/\/demourshop.com\/#\/schema\/logo\/image\/","url":"https:\/\/demourshop.com\/wp-content\/uploads\/2023\/08\/logo-wine-2-1-1.png","contentUrl":"https:\/\/demourshop.com\/wp-content\/uploads\/2023\/08\/logo-wine-2-1-1.png","width":400,"height":145,"caption":"Demourshop"},"image":{"@id":"https:\/\/demourshop.com\/#\/schema\/logo\/image\/"}}]}},"_links":{"self":[{"href":"https:\/\/demourshop.com\/en\/wp-json\/wp\/v2\/product\/65273","targetHints":{"allow":["GET"]}}],"collection":[{"href":"https:\/\/demourshop.com\/en\/wp-json\/wp\/v2\/product"}],"about":[{"href":"https:\/\/demourshop.com\/en\/wp-json\/wp\/v2\/types\/product"}],"version-history":[{"count":10,"href":"https:\/\/demourshop.com\/en\/wp-json\/wp\/v2\/product\/65273\/revisions"}],"predecessor-version":[{"id":70339,"href":"https:\/\/demourshop.com\/en\/wp-json\/wp\/v2\/product\/65273\/revisions\/70339"}],"wp:featuredmedia":[{"embeddable":true,"href":"https:\/\/demourshop.com\/en\/wp-json\/wp\/v2\/media\/69701"}],"wp:attachment":[{"href":"https:\/\/demourshop.com\/en\/wp-json\/wp\/v2\/media?parent=65273"}],"wp:term":[{"taxonomy":"product_brand","embeddable":true,"href":"https:\/\/demourshop.com\/en\/wp-json\/wp\/v2\/product_brand?post=65273"},{"taxonomy":"product_cat","embeddable":true,"href":"https:\/\/demourshop.com\/en\/wp-json\/wp\/v2\/product_cat?post=65273"},{"taxonomy":"product_tag","embeddable":true,"href":"https:\/\/demourshop.com\/en\/wp-json\/wp\/v2\/product_tag?post=65273"}],"curies":[{"name":"wp","href":"https:\/\/api.w.org\/{rel}","templated":true}]}}