{"id":65269,"date":"2024-10-23T12:06:35","date_gmt":"2024-10-23T10:06:35","guid":{"rendered":"https:\/\/demourshop.com\/?post_type=product&#038;p=65269"},"modified":"2025-09-26T15:51:24","modified_gmt":"2025-09-26T13:51:24","slug":"blauer-zweigelt-reserve-2019","status":"publish","type":"product","link":"https:\/\/demourshop.com\/en\/product\/blauer-zweigelt-reserve-2019\/","title":{"rendered":"Blauer Zweigelt reserve 2019"},"content":{"rendered":"<p>\u00c0 d\u00e9guster entre 16 et 18\u00b0C, <strong>Blauer Zweigelt Reserve 2019<\/strong> s\u2019accorde avec des viandes grill\u00e9es, des plats mijot\u00e9s ou une cuisine m\u00e9diterran\u00e9enne. Il se montre \u00e9galement tr\u00e8s agr\u00e9able avec des plats v\u00e9g\u00e9tariens riches en umami, comme des champignons r\u00f4tis ou des gratins de l\u00e9gumes. Ce vin peut \u00eatre appr\u00e9ci\u00e9 d\u00e8s aujourd\u2019hui ou se garder 4 \u00e0 6 ans. C\u2019est une belle d\u00e9couverte pour ceux qui souhaitent explorer les grands rouges d\u2019Europe centrale.<\/p>","protected":false},"excerpt":{"rendered":"<p><strong>Blauer Zweigelt Reserve 2019<\/strong> \u2013 Vin rouge autrichien \u00e9l\u00e9gant et gourmand. Cerise noire, \u00e9pices, rondeur. Un vin original et harmonieux.<\/p>","protected":false},"featured_media":66905,"template":"","meta":{"_acf_changed":false},"product_brand":[],"product_cat":[378,386,596,507,552,382,395,375,393,595],"product_tag":[],"class_list":{"0":"post-65269","1":"product","2":"type-product","3":"status-publish","4":"has-post-thumbnail","6":"product_cat-appellations-vin-en-ligne","7":"product_cat-vin-autriche-en-ligne","8":"product_cat-blauer-zweigelt-en-ligne","9":"product_cat-cepages-vin-en-ligne","10":"product_cat-vin-par-couleur-en-ligne","11":"product_cat-vin-par-pays-en-ligne","12":"product_cat-vin-agriculture-raisonnee","13":"product_cat-vin-rouge-en-ligne","14":"product_cat-vins-par-methode-de-vinification","15":"product_cat-vin-wagram-en-ligne","16":"pa_appellations-wagram","17":"pa_cepages-blauer-zweigelt","18":"pa_couleurs-rouge","19":"pa_formats-75cl","20":"pa_millesimes-177","21":"pa_pays-autriche","22":"pa_quantites-a-lunite","23":"pa_quantites-carton-de-3-bouteilles","24":"pa_quantites-carton-de-6-bouteilles","25":"pa_vinifications-raisonnee","27":"first","28":"instock","29":"taxable","30":"shipping-taxable","31":"purchasable","32":"product-type-simple"},"acf":[],"yoast_head":"<!-- This site is optimized with the Yoast SEO plugin v27.4 - https:\/\/yoast.com\/product\/yoast-seo-wordpress\/ -->\n<title>Blauer Zweigelt reserve 2019 - Demourshop<\/title>\n<meta name=\"description\" content=\"Blauer Zweigelt Reserve 2019 \u2013 Vin rouge autrichien fruit\u00e9 et soyeux. Parfait pour viandes grill\u00e9es ou plats v\u00e9g\u00e9tariens. Livraison rapide \u2013 stock limit\u00e9.\" \/>\n<meta name=\"robots\" content=\"index, follow, max-snippet:-1, max-image-preview:large, max-video-preview:-1\" \/>\n<link rel=\"canonical\" href=\"https:\/\/demourshop.com\/en\/product\/blauer-zweigelt-reserve-2019\/\" \/>\n<meta property=\"og:locale\" content=\"en_GB\" \/>\n<meta property=\"og:type\" content=\"article\" \/>\n<meta property=\"og:title\" content=\"Blauer Zweigelt reserve 2019 - Demourshop\" \/>\n<meta property=\"og:description\" content=\"Blauer Zweigelt Reserve 2019 \u2013 Vin rouge autrichien fruit\u00e9 et soyeux. Parfait pour viandes grill\u00e9es ou plats v\u00e9g\u00e9tariens. Livraison rapide \u2013 stock limit\u00e9.\" \/>\n<meta property=\"og:url\" content=\"https:\/\/demourshop.com\/en\/product\/blauer-zweigelt-reserve-2019\/\" \/>\n<meta property=\"og:site_name\" content=\"Demourshop\" \/>\n<meta property=\"article:modified_time\" content=\"2025-09-26T13:51:24+00:00\" \/>\n<meta property=\"og:image\" content=\"http:\/\/demourshop.com\/wp-content\/uploads\/2024\/10\/Blauer-Zweigelt-reserve.png\" \/>\n\t<meta property=\"og:image:width\" content=\"700\" \/>\n\t<meta property=\"og:image:height\" content=\"700\" \/>\n\t<meta property=\"og:image:type\" content=\"image\/png\" \/>\n<meta name=\"twitter:card\" content=\"summary_large_image\" \/>\n<meta name=\"twitter:label1\" content=\"Estimated reading time\" \/>\n\t<meta name=\"twitter:data1\" content=\"2 minutes\" \/>\n<script type=\"application\/ld+json\" class=\"yoast-schema-graph\">{\"@context\":\"https:\\\/\\\/schema.org\",\"@graph\":[{\"@type\":\"WebPage\",\"@id\":\"https:\\\/\\\/demourshop.com\\\/produit\\\/blauer-zweigelt-reserve-2019\\\/\",\"url\":\"https:\\\/\\\/demourshop.com\\\/produit\\\/blauer-zweigelt-reserve-2019\\\/\",\"name\":\"Blauer Zweigelt reserve 2019 - Demourshop\",\"isPartOf\":{\"@id\":\"https:\\\/\\\/demourshop.com\\\/#website\"},\"primaryImageOfPage\":{\"@id\":\"https:\\\/\\\/demourshop.com\\\/produit\\\/blauer-zweigelt-reserve-2019\\\/#primaryimage\"},\"image\":{\"@id\":\"https:\\\/\\\/demourshop.com\\\/produit\\\/blauer-zweigelt-reserve-2019\\\/#primaryimage\"},\"thumbnailUrl\":\"https:\\\/\\\/demourshop.com\\\/wp-content\\\/uploads\\\/2024\\\/10\\\/Blauer-Zweigelt-reserve.png\",\"datePublished\":\"2024-10-23T10:06:35+00:00\",\"dateModified\":\"2025-09-26T13:51:24+00:00\",\"description\":\"Blauer Zweigelt Reserve 2019 \u2013 Vin rouge autrichien fruit\u00e9 et soyeux. Parfait pour viandes grill\u00e9es ou plats v\u00e9g\u00e9tariens. Livraison rapide \u2013 stock limit\u00e9.\",\"breadcrumb\":{\"@id\":\"https:\\\/\\\/demourshop.com\\\/produit\\\/blauer-zweigelt-reserve-2019\\\/#breadcrumb\"},\"inLanguage\":\"en-GB\",\"potentialAction\":[{\"@type\":\"ReadAction\",\"target\":[\"https:\\\/\\\/demourshop.com\\\/produit\\\/blauer-zweigelt-reserve-2019\\\/\"]}]},{\"@type\":\"ImageObject\",\"inLanguage\":\"en-GB\",\"@id\":\"https:\\\/\\\/demourshop.com\\\/produit\\\/blauer-zweigelt-reserve-2019\\\/#primaryimage\",\"url\":\"https:\\\/\\\/demourshop.com\\\/wp-content\\\/uploads\\\/2024\\\/10\\\/Blauer-Zweigelt-reserve.png\",\"contentUrl\":\"https:\\\/\\\/demourshop.com\\\/wp-content\\\/uploads\\\/2024\\\/10\\\/Blauer-Zweigelt-reserve.png\",\"width\":700,\"height\":700,\"caption\":\"Blauer Zweigelt Reserve \u2013 bouteille de vin rouge autrichien, c\u00e9page Zweigelt, fruit\u00e9 et soyeux, du domaine Weingut Leth\"},{\"@type\":\"BreadcrumbList\",\"@id\":\"https:\\\/\\\/demourshop.com\\\/produit\\\/blauer-zweigelt-reserve-2019\\\/#breadcrumb\",\"itemListElement\":[{\"@type\":\"ListItem\",\"position\":1,\"name\":\"Accueil\",\"item\":\"https:\\\/\\\/demourshop.com\\\/\"},{\"@type\":\"ListItem\",\"position\":2,\"name\":\"Boutique\",\"item\":\"https:\\\/\\\/demourshop.com\\\/boutique\\\/\"},{\"@type\":\"ListItem\",\"position\":3,\"name\":\"Blauer Zweigelt reserve 2019\"}]},{\"@type\":\"WebSite\",\"@id\":\"https:\\\/\\\/demourshop.com\\\/#website\",\"url\":\"https:\\\/\\\/demourshop.com\\\/\",\"name\":\"Demourshop\",\"description\":\"\",\"publisher\":{\"@id\":\"https:\\\/\\\/demourshop.com\\\/#organization\"},\"potentialAction\":[{\"@type\":\"SearchAction\",\"target\":{\"@type\":\"EntryPoint\",\"urlTemplate\":\"https:\\\/\\\/demourshop.com\\\/?s={search_term_string}\"},\"query-input\":{\"@type\":\"PropertyValueSpecification\",\"valueRequired\":true,\"valueName\":\"search_term_string\"}}],\"inLanguage\":\"en-GB\"},{\"@type\":\"Organization\",\"@id\":\"https:\\\/\\\/demourshop.com\\\/#organization\",\"name\":\"Demourshop\",\"url\":\"https:\\\/\\\/demourshop.com\\\/\",\"logo\":{\"@type\":\"ImageObject\",\"inLanguage\":\"en-GB\",\"@id\":\"https:\\\/\\\/demourshop.com\\\/#\\\/schema\\\/logo\\\/image\\\/\",\"url\":\"https:\\\/\\\/demourshop.com\\\/wp-content\\\/uploads\\\/2023\\\/08\\\/logo-wine-2-1-1.png\",\"contentUrl\":\"https:\\\/\\\/demourshop.com\\\/wp-content\\\/uploads\\\/2023\\\/08\\\/logo-wine-2-1-1.png\",\"width\":400,\"height\":145,\"caption\":\"Demourshop\"},\"image\":{\"@id\":\"https:\\\/\\\/demourshop.com\\\/#\\\/schema\\\/logo\\\/image\\\/\"}}]}<\/script>\n<!-- \/ Yoast SEO plugin. -->","yoast_head_json":{"title":"Blauer Zweigelt reserve 2019 - Demourshop","description":"Blauer Zweigelt Reserve 2019 \u2013 Vin rouge autrichien fruit\u00e9 et soyeux. Parfait pour viandes grill\u00e9es ou plats v\u00e9g\u00e9tariens. Livraison rapide \u2013 stock limit\u00e9.","robots":{"index":"index","follow":"follow","max-snippet":"max-snippet:-1","max-image-preview":"max-image-preview:large","max-video-preview":"max-video-preview:-1"},"canonical":"https:\/\/demourshop.com\/en\/product\/blauer-zweigelt-reserve-2019\/","og_locale":"en_GB","og_type":"article","og_title":"Blauer Zweigelt reserve 2019 - Demourshop","og_description":"Blauer Zweigelt Reserve 2019 \u2013 Vin rouge autrichien fruit\u00e9 et soyeux. Parfait pour viandes grill\u00e9es ou plats v\u00e9g\u00e9tariens. Livraison rapide \u2013 stock limit\u00e9.","og_url":"https:\/\/demourshop.com\/en\/product\/blauer-zweigelt-reserve-2019\/","og_site_name":"Demourshop","article_modified_time":"2025-09-26T13:51:24+00:00","og_image":[{"width":700,"height":700,"url":"http:\/\/demourshop.com\/wp-content\/uploads\/2024\/10\/Blauer-Zweigelt-reserve.png","type":"image\/png"}],"twitter_card":"summary_large_image","twitter_misc":{"Estimated reading time":"2 minutes"},"schema":{"@context":"https:\/\/schema.org","@graph":[{"@type":"WebPage","@id":"https:\/\/demourshop.com\/produit\/blauer-zweigelt-reserve-2019\/","url":"https:\/\/demourshop.com\/produit\/blauer-zweigelt-reserve-2019\/","name":"Blauer Zweigelt reserve 2019 - Demourshop","isPartOf":{"@id":"https:\/\/demourshop.com\/#website"},"primaryImageOfPage":{"@id":"https:\/\/demourshop.com\/produit\/blauer-zweigelt-reserve-2019\/#primaryimage"},"image":{"@id":"https:\/\/demourshop.com\/produit\/blauer-zweigelt-reserve-2019\/#primaryimage"},"thumbnailUrl":"https:\/\/demourshop.com\/wp-content\/uploads\/2024\/10\/Blauer-Zweigelt-reserve.png","datePublished":"2024-10-23T10:06:35+00:00","dateModified":"2025-09-26T13:51:24+00:00","description":"Blauer Zweigelt Reserve 2019 \u2013 Vin rouge autrichien fruit\u00e9 et soyeux. Parfait pour viandes grill\u00e9es ou plats v\u00e9g\u00e9tariens. Livraison rapide \u2013 stock limit\u00e9.","breadcrumb":{"@id":"https:\/\/demourshop.com\/produit\/blauer-zweigelt-reserve-2019\/#breadcrumb"},"inLanguage":"en-GB","potentialAction":[{"@type":"ReadAction","target":["https:\/\/demourshop.com\/produit\/blauer-zweigelt-reserve-2019\/"]}]},{"@type":"ImageObject","inLanguage":"en-GB","@id":"https:\/\/demourshop.com\/produit\/blauer-zweigelt-reserve-2019\/#primaryimage","url":"https:\/\/demourshop.com\/wp-content\/uploads\/2024\/10\/Blauer-Zweigelt-reserve.png","contentUrl":"https:\/\/demourshop.com\/wp-content\/uploads\/2024\/10\/Blauer-Zweigelt-reserve.png","width":700,"height":700,"caption":"Blauer Zweigelt Reserve \u2013 bouteille de vin rouge autrichien, c\u00e9page Zweigelt, fruit\u00e9 et soyeux, du domaine Weingut Leth"},{"@type":"BreadcrumbList","@id":"https:\/\/demourshop.com\/produit\/blauer-zweigelt-reserve-2019\/#breadcrumb","itemListElement":[{"@type":"ListItem","position":1,"name":"Accueil","item":"https:\/\/demourshop.com\/"},{"@type":"ListItem","position":2,"name":"Boutique","item":"https:\/\/demourshop.com\/boutique\/"},{"@type":"ListItem","position":3,"name":"Blauer Zweigelt reserve 2019"}]},{"@type":"WebSite","@id":"https:\/\/demourshop.com\/#website","url":"https:\/\/demourshop.com\/","name":"Demourshop","description":"","publisher":{"@id":"https:\/\/demourshop.com\/#organization"},"potentialAction":[{"@type":"SearchAction","target":{"@type":"EntryPoint","urlTemplate":"https:\/\/demourshop.com\/?s={search_term_string}"},"query-input":{"@type":"PropertyValueSpecification","valueRequired":true,"valueName":"search_term_string"}}],"inLanguage":"en-GB"},{"@type":"Organization","@id":"https:\/\/demourshop.com\/#organization","name":"Demourshop","url":"https:\/\/demourshop.com\/","logo":{"@type":"ImageObject","inLanguage":"en-GB","@id":"https:\/\/demourshop.com\/#\/schema\/logo\/image\/","url":"https:\/\/demourshop.com\/wp-content\/uploads\/2023\/08\/logo-wine-2-1-1.png","contentUrl":"https:\/\/demourshop.com\/wp-content\/uploads\/2023\/08\/logo-wine-2-1-1.png","width":400,"height":145,"caption":"Demourshop"},"image":{"@id":"https:\/\/demourshop.com\/#\/schema\/logo\/image\/"}}]}},"_links":{"self":[{"href":"https:\/\/demourshop.com\/en\/wp-json\/wp\/v2\/product\/65269","targetHints":{"allow":["GET"]}}],"collection":[{"href":"https:\/\/demourshop.com\/en\/wp-json\/wp\/v2\/product"}],"about":[{"href":"https:\/\/demourshop.com\/en\/wp-json\/wp\/v2\/types\/product"}],"version-history":[{"count":6,"href":"https:\/\/demourshop.com\/en\/wp-json\/wp\/v2\/product\/65269\/revisions"}],"predecessor-version":[{"id":70291,"href":"https:\/\/demourshop.com\/en\/wp-json\/wp\/v2\/product\/65269\/revisions\/70291"}],"wp:featuredmedia":[{"embeddable":true,"href":"https:\/\/demourshop.com\/en\/wp-json\/wp\/v2\/media\/66905"}],"wp:attachment":[{"href":"https:\/\/demourshop.com\/en\/wp-json\/wp\/v2\/media?parent=65269"}],"wp:term":[{"taxonomy":"product_brand","embeddable":true,"href":"https:\/\/demourshop.com\/en\/wp-json\/wp\/v2\/product_brand?post=65269"},{"taxonomy":"product_cat","embeddable":true,"href":"https:\/\/demourshop.com\/en\/wp-json\/wp\/v2\/product_cat?post=65269"},{"taxonomy":"product_tag","embeddable":true,"href":"https:\/\/demourshop.com\/en\/wp-json\/wp\/v2\/product_tag?post=65269"}],"curies":[{"name":"wp","href":"https:\/\/api.w.org\/{rel}","templated":true}]}}