{"id":65265,"date":"2024-11-28T14:28:40","date_gmt":"2024-11-28T13:28:40","guid":{"rendered":"https:\/\/demourshop.com\/?post_type=product&#038;p=65265"},"modified":"2025-09-26T15:45:08","modified_gmt":"2025-09-26T13:45:08","slug":"wambsganss-weissburgunder-2019","status":"publish","type":"product","link":"https:\/\/demourshop.com\/en\/product\/wambsganss-weissburgunder-2019\/","title":{"rendered":"Wambsganss Weissburgunder 2019"},"content":{"rendered":"","protected":false},"excerpt":{"rendered":"<p>Allemagne &#8211; Blanc &#8211; Pinot blanc<\/p>","protected":false},"featured_media":69431,"template":"","meta":{"_acf_changed":false},"product_brand":[],"product_cat":[388,378,507,552,382,702,504,395,374,393],"product_tag":[],"class_list":{"0":"post-65265","1":"product","2":"type-product","3":"status-publish","4":"has-post-thumbnail","6":"product_cat-vin-allemagne-en-ligne","7":"product_cat-appellations-vin-en-ligne","8":"product_cat-cepages-vin-en-ligne","9":"product_cat-vin-par-couleur-en-ligne","10":"product_cat-vin-par-pays-en-ligne","11":"product_cat-vin-pfalz-en-ligne","12":"product_cat-pinot-blanc-en-ligne","13":"product_cat-vin-agriculture-raisonnee","14":"product_cat-vin-blanc-en-ligne","15":"product_cat-vins-par-methode-de-vinification","16":"pa_appellations-pfalz","17":"pa_cepages-pinot-blanc","18":"pa_couleurs-blanc","19":"pa_formats-75cl","20":"pa_millesimes-177","21":"pa_pays-allemagne","22":"pa_quantites-a-lunite","23":"pa_quantites-carton-de-3-bouteilles","24":"pa_quantites-carton-de-6-bouteilles","25":"pa_vinifications-raisonnee","27":"first","28":"instock","29":"taxable","30":"shipping-taxable","31":"purchasable","32":"product-type-simple"},"acf":[],"yoast_head":"<!-- This site is optimized with the Yoast SEO plugin v27.4 - https:\/\/yoast.com\/product\/yoast-seo-wordpress\/ -->\n<title>Wambsganss Weissburgunder 2019 - Demourshop<\/title>\n<meta name=\"description\" content=\"Nous vous avons s\u00e9lectionn\u00e9 le Wambsganss Weissburgunder 2019. Un vin blanc \u00e9labor\u00e9 en Allemagne par Georg Wambsganss. Disponible sur le Demourshop.\" \/>\n<meta name=\"robots\" content=\"index, follow, max-snippet:-1, max-image-preview:large, max-video-preview:-1\" \/>\n<link rel=\"canonical\" href=\"https:\/\/demourshop.com\/en\/product\/wambsganss-weissburgunder-2019\/\" \/>\n<meta property=\"og:locale\" content=\"en_GB\" \/>\n<meta property=\"og:type\" content=\"article\" \/>\n<meta property=\"og:title\" content=\"Wambsganss Weissburgunder 2019 - Demourshop\" \/>\n<meta property=\"og:description\" content=\"Nous vous avons s\u00e9lectionn\u00e9 le Wambsganss Weissburgunder 2019. Un vin blanc \u00e9labor\u00e9 en Allemagne par Georg Wambsganss. Disponible sur le Demourshop.\" \/>\n<meta property=\"og:url\" content=\"https:\/\/demourshop.com\/en\/product\/wambsganss-weissburgunder-2019\/\" \/>\n<meta property=\"og:site_name\" content=\"Demourshop\" \/>\n<meta property=\"article:modified_time\" content=\"2025-09-26T13:45:08+00:00\" \/>\n<meta property=\"og:image\" content=\"http:\/\/demourshop.com\/wp-content\/uploads\/2024\/11\/weissburgunder.png\" \/>\n\t<meta property=\"og:image:width\" content=\"700\" \/>\n\t<meta property=\"og:image:height\" content=\"700\" \/>\n\t<meta property=\"og:image:type\" content=\"image\/png\" \/>\n<meta name=\"twitter:card\" content=\"summary_large_image\" \/>\n<meta name=\"twitter:label1\" content=\"Estimated reading time\" \/>\n\t<meta name=\"twitter:data1\" content=\"1 minute\" \/>\n<script type=\"application\/ld+json\" class=\"yoast-schema-graph\">{\"@context\":\"https:\\\/\\\/schema.org\",\"@graph\":[{\"@type\":\"WebPage\",\"@id\":\"https:\\\/\\\/demourshop.com\\\/produit\\\/wambsganss-weissburgunder-2019\\\/\",\"url\":\"https:\\\/\\\/demourshop.com\\\/produit\\\/wambsganss-weissburgunder-2019\\\/\",\"name\":\"Wambsganss Weissburgunder 2019 - Demourshop\",\"isPartOf\":{\"@id\":\"https:\\\/\\\/demourshop.com\\\/#website\"},\"primaryImageOfPage\":{\"@id\":\"https:\\\/\\\/demourshop.com\\\/produit\\\/wambsganss-weissburgunder-2019\\\/#primaryimage\"},\"image\":{\"@id\":\"https:\\\/\\\/demourshop.com\\\/produit\\\/wambsganss-weissburgunder-2019\\\/#primaryimage\"},\"thumbnailUrl\":\"https:\\\/\\\/demourshop.com\\\/wp-content\\\/uploads\\\/2024\\\/11\\\/weissburgunder.png\",\"datePublished\":\"2024-11-28T13:28:40+00:00\",\"dateModified\":\"2025-09-26T13:45:08+00:00\",\"description\":\"Nous vous avons s\u00e9lectionn\u00e9 le Wambsganss Weissburgunder 2019. Un vin blanc \u00e9labor\u00e9 en Allemagne par Georg Wambsganss. Disponible sur le Demourshop.\",\"breadcrumb\":{\"@id\":\"https:\\\/\\\/demourshop.com\\\/produit\\\/wambsganss-weissburgunder-2019\\\/#breadcrumb\"},\"inLanguage\":\"en-GB\",\"potentialAction\":[{\"@type\":\"ReadAction\",\"target\":[\"https:\\\/\\\/demourshop.com\\\/produit\\\/wambsganss-weissburgunder-2019\\\/\"]}]},{\"@type\":\"ImageObject\",\"inLanguage\":\"en-GB\",\"@id\":\"https:\\\/\\\/demourshop.com\\\/produit\\\/wambsganss-weissburgunder-2019\\\/#primaryimage\",\"url\":\"https:\\\/\\\/demourshop.com\\\/wp-content\\\/uploads\\\/2024\\\/11\\\/weissburgunder.png\",\"contentUrl\":\"https:\\\/\\\/demourshop.com\\\/wp-content\\\/uploads\\\/2024\\\/11\\\/weissburgunder.png\",\"width\":700,\"height\":700},{\"@type\":\"BreadcrumbList\",\"@id\":\"https:\\\/\\\/demourshop.com\\\/produit\\\/wambsganss-weissburgunder-2019\\\/#breadcrumb\",\"itemListElement\":[{\"@type\":\"ListItem\",\"position\":1,\"name\":\"Accueil\",\"item\":\"https:\\\/\\\/demourshop.com\\\/\"},{\"@type\":\"ListItem\",\"position\":2,\"name\":\"Boutique\",\"item\":\"https:\\\/\\\/demourshop.com\\\/boutique\\\/\"},{\"@type\":\"ListItem\",\"position\":3,\"name\":\"Wambsganss Weissburgunder 2019\"}]},{\"@type\":\"WebSite\",\"@id\":\"https:\\\/\\\/demourshop.com\\\/#website\",\"url\":\"https:\\\/\\\/demourshop.com\\\/\",\"name\":\"Demourshop\",\"description\":\"\",\"publisher\":{\"@id\":\"https:\\\/\\\/demourshop.com\\\/#organization\"},\"potentialAction\":[{\"@type\":\"SearchAction\",\"target\":{\"@type\":\"EntryPoint\",\"urlTemplate\":\"https:\\\/\\\/demourshop.com\\\/?s={search_term_string}\"},\"query-input\":{\"@type\":\"PropertyValueSpecification\",\"valueRequired\":true,\"valueName\":\"search_term_string\"}}],\"inLanguage\":\"en-GB\"},{\"@type\":\"Organization\",\"@id\":\"https:\\\/\\\/demourshop.com\\\/#organization\",\"name\":\"Demourshop\",\"url\":\"https:\\\/\\\/demourshop.com\\\/\",\"logo\":{\"@type\":\"ImageObject\",\"inLanguage\":\"en-GB\",\"@id\":\"https:\\\/\\\/demourshop.com\\\/#\\\/schema\\\/logo\\\/image\\\/\",\"url\":\"https:\\\/\\\/demourshop.com\\\/wp-content\\\/uploads\\\/2023\\\/08\\\/logo-wine-2-1-1.png\",\"contentUrl\":\"https:\\\/\\\/demourshop.com\\\/wp-content\\\/uploads\\\/2023\\\/08\\\/logo-wine-2-1-1.png\",\"width\":400,\"height\":145,\"caption\":\"Demourshop\"},\"image\":{\"@id\":\"https:\\\/\\\/demourshop.com\\\/#\\\/schema\\\/logo\\\/image\\\/\"}}]}<\/script>\n<!-- \/ Yoast SEO plugin. -->","yoast_head_json":{"title":"Wambsganss Weissburgunder 2019 - Demourshop","description":"Nous vous avons s\u00e9lectionn\u00e9 le Wambsganss Weissburgunder 2019. Un vin blanc \u00e9labor\u00e9 en Allemagne par Georg Wambsganss. Disponible sur le Demourshop.","robots":{"index":"index","follow":"follow","max-snippet":"max-snippet:-1","max-image-preview":"max-image-preview:large","max-video-preview":"max-video-preview:-1"},"canonical":"https:\/\/demourshop.com\/en\/product\/wambsganss-weissburgunder-2019\/","og_locale":"en_GB","og_type":"article","og_title":"Wambsganss Weissburgunder 2019 - Demourshop","og_description":"Nous vous avons s\u00e9lectionn\u00e9 le Wambsganss Weissburgunder 2019. Un vin blanc \u00e9labor\u00e9 en Allemagne par Georg Wambsganss. Disponible sur le Demourshop.","og_url":"https:\/\/demourshop.com\/en\/product\/wambsganss-weissburgunder-2019\/","og_site_name":"Demourshop","article_modified_time":"2025-09-26T13:45:08+00:00","og_image":[{"width":700,"height":700,"url":"http:\/\/demourshop.com\/wp-content\/uploads\/2024\/11\/weissburgunder.png","type":"image\/png"}],"twitter_card":"summary_large_image","twitter_misc":{"Estimated reading time":"1 minute"},"schema":{"@context":"https:\/\/schema.org","@graph":[{"@type":"WebPage","@id":"https:\/\/demourshop.com\/produit\/wambsganss-weissburgunder-2019\/","url":"https:\/\/demourshop.com\/produit\/wambsganss-weissburgunder-2019\/","name":"Wambsganss Weissburgunder 2019 - Demourshop","isPartOf":{"@id":"https:\/\/demourshop.com\/#website"},"primaryImageOfPage":{"@id":"https:\/\/demourshop.com\/produit\/wambsganss-weissburgunder-2019\/#primaryimage"},"image":{"@id":"https:\/\/demourshop.com\/produit\/wambsganss-weissburgunder-2019\/#primaryimage"},"thumbnailUrl":"https:\/\/demourshop.com\/wp-content\/uploads\/2024\/11\/weissburgunder.png","datePublished":"2024-11-28T13:28:40+00:00","dateModified":"2025-09-26T13:45:08+00:00","description":"Nous vous avons s\u00e9lectionn\u00e9 le Wambsganss Weissburgunder 2019. Un vin blanc \u00e9labor\u00e9 en Allemagne par Georg Wambsganss. Disponible sur le Demourshop.","breadcrumb":{"@id":"https:\/\/demourshop.com\/produit\/wambsganss-weissburgunder-2019\/#breadcrumb"},"inLanguage":"en-GB","potentialAction":[{"@type":"ReadAction","target":["https:\/\/demourshop.com\/produit\/wambsganss-weissburgunder-2019\/"]}]},{"@type":"ImageObject","inLanguage":"en-GB","@id":"https:\/\/demourshop.com\/produit\/wambsganss-weissburgunder-2019\/#primaryimage","url":"https:\/\/demourshop.com\/wp-content\/uploads\/2024\/11\/weissburgunder.png","contentUrl":"https:\/\/demourshop.com\/wp-content\/uploads\/2024\/11\/weissburgunder.png","width":700,"height":700},{"@type":"BreadcrumbList","@id":"https:\/\/demourshop.com\/produit\/wambsganss-weissburgunder-2019\/#breadcrumb","itemListElement":[{"@type":"ListItem","position":1,"name":"Accueil","item":"https:\/\/demourshop.com\/"},{"@type":"ListItem","position":2,"name":"Boutique","item":"https:\/\/demourshop.com\/boutique\/"},{"@type":"ListItem","position":3,"name":"Wambsganss Weissburgunder 2019"}]},{"@type":"WebSite","@id":"https:\/\/demourshop.com\/#website","url":"https:\/\/demourshop.com\/","name":"Demourshop","description":"","publisher":{"@id":"https:\/\/demourshop.com\/#organization"},"potentialAction":[{"@type":"SearchAction","target":{"@type":"EntryPoint","urlTemplate":"https:\/\/demourshop.com\/?s={search_term_string}"},"query-input":{"@type":"PropertyValueSpecification","valueRequired":true,"valueName":"search_term_string"}}],"inLanguage":"en-GB"},{"@type":"Organization","@id":"https:\/\/demourshop.com\/#organization","name":"Demourshop","url":"https:\/\/demourshop.com\/","logo":{"@type":"ImageObject","inLanguage":"en-GB","@id":"https:\/\/demourshop.com\/#\/schema\/logo\/image\/","url":"https:\/\/demourshop.com\/wp-content\/uploads\/2023\/08\/logo-wine-2-1-1.png","contentUrl":"https:\/\/demourshop.com\/wp-content\/uploads\/2023\/08\/logo-wine-2-1-1.png","width":400,"height":145,"caption":"Demourshop"},"image":{"@id":"https:\/\/demourshop.com\/#\/schema\/logo\/image\/"}}]}},"_links":{"self":[{"href":"https:\/\/demourshop.com\/en\/wp-json\/wp\/v2\/product\/65265","targetHints":{"allow":["GET"]}}],"collection":[{"href":"https:\/\/demourshop.com\/en\/wp-json\/wp\/v2\/product"}],"about":[{"href":"https:\/\/demourshop.com\/en\/wp-json\/wp\/v2\/types\/product"}],"version-history":[{"count":7,"href":"https:\/\/demourshop.com\/en\/wp-json\/wp\/v2\/product\/65265\/revisions"}],"predecessor-version":[{"id":69432,"href":"https:\/\/demourshop.com\/en\/wp-json\/wp\/v2\/product\/65265\/revisions\/69432"}],"wp:featuredmedia":[{"embeddable":true,"href":"https:\/\/demourshop.com\/en\/wp-json\/wp\/v2\/media\/69431"}],"wp:attachment":[{"href":"https:\/\/demourshop.com\/en\/wp-json\/wp\/v2\/media?parent=65265"}],"wp:term":[{"taxonomy":"product_brand","embeddable":true,"href":"https:\/\/demourshop.com\/en\/wp-json\/wp\/v2\/product_brand?post=65265"},{"taxonomy":"product_cat","embeddable":true,"href":"https:\/\/demourshop.com\/en\/wp-json\/wp\/v2\/product_cat?post=65265"},{"taxonomy":"product_tag","embeddable":true,"href":"https:\/\/demourshop.com\/en\/wp-json\/wp\/v2\/product_tag?post=65265"}],"curies":[{"name":"wp","href":"https:\/\/api.w.org\/{rel}","templated":true}]}}