{"id":65253,"date":"2025-02-13T14:47:18","date_gmt":"2025-02-13T13:47:18","guid":{"rendered":"https:\/\/demourshop.com\/?post_type=product&#038;p=65253"},"modified":"2026-01-16T16:27:51","modified_gmt":"2026-01-16T15:27:51","slug":"palesa-fairtrade-chenin-2021","status":"publish","type":"product","link":"https:\/\/demourshop.com\/en\/product\/palesa-fairtrade-chenin-2021\/","title":{"rendered":"Palesa Fairtrade Chenin 2021"},"content":{"rendered":"<p>\u00c0 servir autour de 9 \u00e0 10\u202f\u00b0C, <strong>Palesa Fairtrade Chenin 2021<\/strong> est un excellent choix pour l\u2019ap\u00e9ritif ou pour accompagner des plats simples et frais. Gr\u00e2ce \u00e0 son <strong>profil \u00e9thique et son excellent rapport qualit\u00e9\/prix<\/strong>, il constitue une belle introduction aux vins sud-africains responsables. \u00c0 boire dans les 2 ans pour profiter de sa jeunesse \u00e9clatante. Ce vin illustre parfaitement qu\u2019engagement social et plaisir gustatif peuvent aller de pair.<\/p>","protected":false},"excerpt":{"rendered":"<p><strong>Palesa Fairtrade Chenin 2021<\/strong> \u2013 Chenin d\u2019Afrique du Sud frais et fruit\u00e9. Ar\u00f4mes d\u2019agrumes et fruits exotiques. Id\u00e9al poissons et ap\u00e9ritifs.<\/p>","protected":false},"featured_media":69708,"template":"","meta":{"_acf_changed":false},"product_brand":[],"product_cat":[392,378,797,507,399,552,382,395,374,393],"product_tag":[],"class_list":{"0":"post-65253","1":"product","2":"type-product","3":"status-publish","4":"has-post-thumbnail","6":"product_cat-vin-afrique-du-sud-en-ligne","7":"product_cat-appellations-vin-en-ligne","8":"product_cat-vin-breedekloof-en-ligne","9":"product_cat-cepages-vin-en-ligne","10":"product_cat-vin-chenin-en-ligne","11":"product_cat-vin-par-couleur-en-ligne","12":"product_cat-vin-par-pays-en-ligne","13":"product_cat-vin-agriculture-raisonnee","14":"product_cat-vin-blanc-en-ligne","15":"product_cat-vins-par-methode-de-vinification","16":"pa_appellations-breedekloof","17":"pa_cepages-chenin","18":"pa_couleurs-blanc","19":"pa_formats-75cl","20":"pa_millesimes-175","21":"pa_pays-afrique-du-sud","22":"pa_quantites-a-lunite","23":"pa_quantites-carton-de-3-bouteilles","24":"pa_vinifications-raisonnee","26":"first","27":"instock","28":"taxable","29":"shipping-taxable","30":"purchasable","31":"product-type-simple"},"acf":[],"yoast_head":"<!-- This site is optimized with the Yoast SEO plugin v27.4 - https:\/\/yoast.com\/product\/yoast-seo-wordpress\/ -->\n<title>Palesa Fairtrade Chenin 2021 - Demourshop<\/title>\n<meta name=\"description\" content=\"Palesa Fairtrade Chenin 2021 \u2013 vin \u00e9quitable d\u2019Afrique du Sud. Chenin frais, citronn\u00e9 et fruit\u00e9. Id\u00e9al ap\u00e9ritifs, poissons ou salades estivales.\" \/>\n<meta name=\"robots\" content=\"index, follow, max-snippet:-1, max-image-preview:large, max-video-preview:-1\" \/>\n<link rel=\"canonical\" href=\"https:\/\/demourshop.com\/en\/product\/palesa-fairtrade-chenin-2021\/\" \/>\n<meta property=\"og:locale\" content=\"en_GB\" \/>\n<meta property=\"og:type\" content=\"article\" \/>\n<meta property=\"og:title\" content=\"Palesa Fairtrade Chenin 2021 - Demourshop\" \/>\n<meta property=\"og:description\" content=\"Palesa Fairtrade Chenin 2021 \u2013 vin \u00e9quitable d\u2019Afrique du Sud. Chenin frais, citronn\u00e9 et fruit\u00e9. Id\u00e9al ap\u00e9ritifs, poissons ou salades estivales.\" \/>\n<meta property=\"og:url\" content=\"https:\/\/demourshop.com\/en\/product\/palesa-fairtrade-chenin-2021\/\" \/>\n<meta property=\"og:site_name\" content=\"Demourshop\" \/>\n<meta property=\"article:modified_time\" content=\"2026-01-16T15:27:51+00:00\" \/>\n<meta property=\"og:image\" content=\"http:\/\/demourshop.com\/wp-content\/uploads\/2024\/12\/palesa.png\" \/>\n\t<meta property=\"og:image:width\" content=\"700\" \/>\n\t<meta property=\"og:image:height\" content=\"700\" \/>\n\t<meta property=\"og:image:type\" content=\"image\/png\" \/>\n<meta name=\"twitter:card\" content=\"summary_large_image\" \/>\n<meta name=\"twitter:label1\" content=\"Estimated reading time\" \/>\n\t<meta name=\"twitter:data1\" content=\"2 minutes\" \/>\n<script type=\"application\/ld+json\" class=\"yoast-schema-graph\">{\"@context\":\"https:\\\/\\\/schema.org\",\"@graph\":[{\"@type\":\"WebPage\",\"@id\":\"https:\\\/\\\/demourshop.com\\\/produit\\\/palesa-fairtrade-chenin-2021\\\/\",\"url\":\"https:\\\/\\\/demourshop.com\\\/produit\\\/palesa-fairtrade-chenin-2021\\\/\",\"name\":\"Palesa Fairtrade Chenin 2021 - Demourshop\",\"isPartOf\":{\"@id\":\"https:\\\/\\\/demourshop.com\\\/#website\"},\"primaryImageOfPage\":{\"@id\":\"https:\\\/\\\/demourshop.com\\\/produit\\\/palesa-fairtrade-chenin-2021\\\/#primaryimage\"},\"image\":{\"@id\":\"https:\\\/\\\/demourshop.com\\\/produit\\\/palesa-fairtrade-chenin-2021\\\/#primaryimage\"},\"thumbnailUrl\":\"https:\\\/\\\/demourshop.com\\\/wp-content\\\/uploads\\\/2024\\\/12\\\/palesa.png\",\"datePublished\":\"2025-02-13T13:47:18+00:00\",\"dateModified\":\"2026-01-16T15:27:51+00:00\",\"description\":\"Palesa Fairtrade Chenin 2021 \u2013 vin \u00e9quitable d\u2019Afrique du Sud. Chenin frais, citronn\u00e9 et fruit\u00e9. Id\u00e9al ap\u00e9ritifs, poissons ou salades estivales.\",\"breadcrumb\":{\"@id\":\"https:\\\/\\\/demourshop.com\\\/produit\\\/palesa-fairtrade-chenin-2021\\\/#breadcrumb\"},\"inLanguage\":\"en-GB\",\"potentialAction\":[{\"@type\":\"ReadAction\",\"target\":[\"https:\\\/\\\/demourshop.com\\\/produit\\\/palesa-fairtrade-chenin-2021\\\/\"]}]},{\"@type\":\"ImageObject\",\"inLanguage\":\"en-GB\",\"@id\":\"https:\\\/\\\/demourshop.com\\\/produit\\\/palesa-fairtrade-chenin-2021\\\/#primaryimage\",\"url\":\"https:\\\/\\\/demourshop.com\\\/wp-content\\\/uploads\\\/2024\\\/12\\\/palesa.png\",\"contentUrl\":\"https:\\\/\\\/demourshop.com\\\/wp-content\\\/uploads\\\/2024\\\/12\\\/palesa.png\",\"width\":700,\"height\":700,\"caption\":\"Palesa Fairtrade Chenin, un vin blanc \u00e9thique et rafra\u00eechissant de Breedekloof.\"},{\"@type\":\"BreadcrumbList\",\"@id\":\"https:\\\/\\\/demourshop.com\\\/produit\\\/palesa-fairtrade-chenin-2021\\\/#breadcrumb\",\"itemListElement\":[{\"@type\":\"ListItem\",\"position\":1,\"name\":\"Accueil\",\"item\":\"https:\\\/\\\/demourshop.com\\\/\"},{\"@type\":\"ListItem\",\"position\":2,\"name\":\"Boutique\",\"item\":\"https:\\\/\\\/demourshop.com\\\/boutique\\\/\"},{\"@type\":\"ListItem\",\"position\":3,\"name\":\"Palesa Fairtrade Chenin 2021\"}]},{\"@type\":\"WebSite\",\"@id\":\"https:\\\/\\\/demourshop.com\\\/#website\",\"url\":\"https:\\\/\\\/demourshop.com\\\/\",\"name\":\"Demourshop\",\"description\":\"\",\"publisher\":{\"@id\":\"https:\\\/\\\/demourshop.com\\\/#organization\"},\"potentialAction\":[{\"@type\":\"SearchAction\",\"target\":{\"@type\":\"EntryPoint\",\"urlTemplate\":\"https:\\\/\\\/demourshop.com\\\/?s={search_term_string}\"},\"query-input\":{\"@type\":\"PropertyValueSpecification\",\"valueRequired\":true,\"valueName\":\"search_term_string\"}}],\"inLanguage\":\"en-GB\"},{\"@type\":\"Organization\",\"@id\":\"https:\\\/\\\/demourshop.com\\\/#organization\",\"name\":\"Demourshop\",\"url\":\"https:\\\/\\\/demourshop.com\\\/\",\"logo\":{\"@type\":\"ImageObject\",\"inLanguage\":\"en-GB\",\"@id\":\"https:\\\/\\\/demourshop.com\\\/#\\\/schema\\\/logo\\\/image\\\/\",\"url\":\"https:\\\/\\\/demourshop.com\\\/wp-content\\\/uploads\\\/2023\\\/08\\\/logo-wine-2-1-1.png\",\"contentUrl\":\"https:\\\/\\\/demourshop.com\\\/wp-content\\\/uploads\\\/2023\\\/08\\\/logo-wine-2-1-1.png\",\"width\":400,\"height\":145,\"caption\":\"Demourshop\"},\"image\":{\"@id\":\"https:\\\/\\\/demourshop.com\\\/#\\\/schema\\\/logo\\\/image\\\/\"}}]}<\/script>\n<!-- \/ Yoast SEO plugin. -->","yoast_head_json":{"title":"Palesa Fairtrade Chenin 2021 - Demourshop","description":"Palesa Fairtrade Chenin 2021 \u2013 vin \u00e9quitable d\u2019Afrique du Sud. Chenin frais, citronn\u00e9 et fruit\u00e9. Id\u00e9al ap\u00e9ritifs, poissons ou salades estivales.","robots":{"index":"index","follow":"follow","max-snippet":"max-snippet:-1","max-image-preview":"max-image-preview:large","max-video-preview":"max-video-preview:-1"},"canonical":"https:\/\/demourshop.com\/en\/product\/palesa-fairtrade-chenin-2021\/","og_locale":"en_GB","og_type":"article","og_title":"Palesa Fairtrade Chenin 2021 - Demourshop","og_description":"Palesa Fairtrade Chenin 2021 \u2013 vin \u00e9quitable d\u2019Afrique du Sud. Chenin frais, citronn\u00e9 et fruit\u00e9. Id\u00e9al ap\u00e9ritifs, poissons ou salades estivales.","og_url":"https:\/\/demourshop.com\/en\/product\/palesa-fairtrade-chenin-2021\/","og_site_name":"Demourshop","article_modified_time":"2026-01-16T15:27:51+00:00","og_image":[{"width":700,"height":700,"url":"http:\/\/demourshop.com\/wp-content\/uploads\/2024\/12\/palesa.png","type":"image\/png"}],"twitter_card":"summary_large_image","twitter_misc":{"Estimated reading time":"2 minutes"},"schema":{"@context":"https:\/\/schema.org","@graph":[{"@type":"WebPage","@id":"https:\/\/demourshop.com\/produit\/palesa-fairtrade-chenin-2021\/","url":"https:\/\/demourshop.com\/produit\/palesa-fairtrade-chenin-2021\/","name":"Palesa Fairtrade Chenin 2021 - Demourshop","isPartOf":{"@id":"https:\/\/demourshop.com\/#website"},"primaryImageOfPage":{"@id":"https:\/\/demourshop.com\/produit\/palesa-fairtrade-chenin-2021\/#primaryimage"},"image":{"@id":"https:\/\/demourshop.com\/produit\/palesa-fairtrade-chenin-2021\/#primaryimage"},"thumbnailUrl":"https:\/\/demourshop.com\/wp-content\/uploads\/2024\/12\/palesa.png","datePublished":"2025-02-13T13:47:18+00:00","dateModified":"2026-01-16T15:27:51+00:00","description":"Palesa Fairtrade Chenin 2021 \u2013 vin \u00e9quitable d\u2019Afrique du Sud. Chenin frais, citronn\u00e9 et fruit\u00e9. Id\u00e9al ap\u00e9ritifs, poissons ou salades estivales.","breadcrumb":{"@id":"https:\/\/demourshop.com\/produit\/palesa-fairtrade-chenin-2021\/#breadcrumb"},"inLanguage":"en-GB","potentialAction":[{"@type":"ReadAction","target":["https:\/\/demourshop.com\/produit\/palesa-fairtrade-chenin-2021\/"]}]},{"@type":"ImageObject","inLanguage":"en-GB","@id":"https:\/\/demourshop.com\/produit\/palesa-fairtrade-chenin-2021\/#primaryimage","url":"https:\/\/demourshop.com\/wp-content\/uploads\/2024\/12\/palesa.png","contentUrl":"https:\/\/demourshop.com\/wp-content\/uploads\/2024\/12\/palesa.png","width":700,"height":700,"caption":"Palesa Fairtrade Chenin, un vin blanc \u00e9thique et rafra\u00eechissant de Breedekloof."},{"@type":"BreadcrumbList","@id":"https:\/\/demourshop.com\/produit\/palesa-fairtrade-chenin-2021\/#breadcrumb","itemListElement":[{"@type":"ListItem","position":1,"name":"Accueil","item":"https:\/\/demourshop.com\/"},{"@type":"ListItem","position":2,"name":"Boutique","item":"https:\/\/demourshop.com\/boutique\/"},{"@type":"ListItem","position":3,"name":"Palesa Fairtrade Chenin 2021"}]},{"@type":"WebSite","@id":"https:\/\/demourshop.com\/#website","url":"https:\/\/demourshop.com\/","name":"Demourshop","description":"","publisher":{"@id":"https:\/\/demourshop.com\/#organization"},"potentialAction":[{"@type":"SearchAction","target":{"@type":"EntryPoint","urlTemplate":"https:\/\/demourshop.com\/?s={search_term_string}"},"query-input":{"@type":"PropertyValueSpecification","valueRequired":true,"valueName":"search_term_string"}}],"inLanguage":"en-GB"},{"@type":"Organization","@id":"https:\/\/demourshop.com\/#organization","name":"Demourshop","url":"https:\/\/demourshop.com\/","logo":{"@type":"ImageObject","inLanguage":"en-GB","@id":"https:\/\/demourshop.com\/#\/schema\/logo\/image\/","url":"https:\/\/demourshop.com\/wp-content\/uploads\/2023\/08\/logo-wine-2-1-1.png","contentUrl":"https:\/\/demourshop.com\/wp-content\/uploads\/2023\/08\/logo-wine-2-1-1.png","width":400,"height":145,"caption":"Demourshop"},"image":{"@id":"https:\/\/demourshop.com\/#\/schema\/logo\/image\/"}}]}},"_links":{"self":[{"href":"https:\/\/demourshop.com\/en\/wp-json\/wp\/v2\/product\/65253","targetHints":{"allow":["GET"]}}],"collection":[{"href":"https:\/\/demourshop.com\/en\/wp-json\/wp\/v2\/product"}],"about":[{"href":"https:\/\/demourshop.com\/en\/wp-json\/wp\/v2\/types\/product"}],"version-history":[{"count":7,"href":"https:\/\/demourshop.com\/en\/wp-json\/wp\/v2\/product\/65253\/revisions"}],"predecessor-version":[{"id":70343,"href":"https:\/\/demourshop.com\/en\/wp-json\/wp\/v2\/product\/65253\/revisions\/70343"}],"wp:featuredmedia":[{"embeddable":true,"href":"https:\/\/demourshop.com\/en\/wp-json\/wp\/v2\/media\/69708"}],"wp:attachment":[{"href":"https:\/\/demourshop.com\/en\/wp-json\/wp\/v2\/media?parent=65253"}],"wp:term":[{"taxonomy":"product_brand","embeddable":true,"href":"https:\/\/demourshop.com\/en\/wp-json\/wp\/v2\/product_brand?post=65253"},{"taxonomy":"product_cat","embeddable":true,"href":"https:\/\/demourshop.com\/en\/wp-json\/wp\/v2\/product_cat?post=65253"},{"taxonomy":"product_tag","embeddable":true,"href":"https:\/\/demourshop.com\/en\/wp-json\/wp\/v2\/product_tag?post=65253"}],"curies":[{"name":"wp","href":"https:\/\/api.w.org\/{rel}","templated":true}]}}