{"id":65245,"date":"2024-10-23T12:14:05","date_gmt":"2024-10-23T10:14:05","guid":{"rendered":"https:\/\/demourshop.com\/?post_type=product&#038;p=65245"},"modified":"2025-05-16T16:10:05","modified_gmt":"2025-05-16T14:10:05","slug":"domaine-du-monteillet-saint-joseph-2021","status":"publish","type":"product","link":"https:\/\/demourshop.com\/en\/product\/domaine-du-monteillet-saint-joseph-2021\/","title":{"rendered":"Domaine du Monteillet Saint Joseph 2021"},"content":{"rendered":"<p><strong>Domaine du Monteillet Saint Joseph 2021<\/strong> est un vin blanc d\u2019exception du nord de la vall\u00e9e du Rh\u00f4ne, sign\u00e9 St\u00e9phane Montez. Il incarne l\u2019\u00e9l\u00e9gance et la richesse des grands Saint-Joseph blancs.<\/p>\n<p>\u00c0 d\u00e9guster entre 10 et 12\u00b0C, accompagn\u00e9 de poissons nobles (bar, turbot), de coquilles Saint-Jacques, de volailles \u00e0 la cr\u00e8me ou de fromages affin\u00e9s. Ce vin blanc de gastronomie peut se conserver jusqu\u2019\u00e0 10 ans, d\u00e9veloppant des ar\u00f4mes complexes de miel et de noisette avec le temps. <strong>Monteillet Saint Joseph 2021<\/strong> est une superbe introduction aux grands blancs du Rh\u00f4ne nord, entre tension, richesse et \u00e9l\u00e9gance. Un vin rare, sign\u00e9 par l\u2019un des vignerons les plus respect\u00e9s de la r\u00e9gion.<\/p>","protected":false},"excerpt":{"rendered":"<p><strong>Monteillet Saint Joseph 2021<\/strong> \u2013 Grand vin blanc du Rh\u00f4ne sign\u00e9 St\u00e9phane Montez. Rondeur, fra\u00eecheur et \u00e9l\u00e9gance. Livraison rapide \u2013 prix propri\u00e9t\u00e9.<\/p>","protected":false},"featured_media":66904,"template":"","meta":{"_acf_changed":false},"product_brand":[],"product_cat":[378,507,552,383,400,382,395,401,442,374,393],"product_tag":[],"class_list":{"0":"post-65245","1":"product","2":"type-product","3":"status-publish","4":"has-post-thumbnail","6":"product_cat-appellations-vin-en-ligne","7":"product_cat-cepages-vin-en-ligne","8":"product_cat-vin-par-couleur-en-ligne","9":"product_cat-vin-de-france-en-ligne","10":"product_cat-marsanne-en-ligne","11":"product_cat-vin-par-pays-en-ligne","12":"product_cat-vin-agriculture-raisonnee","13":"product_cat-roussanne-en-ligne","14":"product_cat-saint-joseph-en-ligne","15":"product_cat-vin-blanc-en-ligne","16":"product_cat-vins-par-methode-de-vinification","17":"pa_appellations-saint-joseph","18":"pa_cepages-marsanne","19":"pa_cepages-roussanne","20":"pa_couleurs-blanc","21":"pa_formats-75cl","22":"pa_millesimes-175","23":"pa_pays-france","24":"pa_quantites-a-lunite","25":"pa_quantites-carton-de-3-bouteilles","26":"pa_quantites-carton-de-6-bouteilles","27":"pa_vinifications-raisonnee","29":"first","30":"instock","31":"taxable","32":"shipping-taxable","33":"purchasable","34":"product-type-simple"},"acf":[],"yoast_head":"<!-- This site is optimized with the Yoast SEO plugin v27.4 - https:\/\/yoast.com\/product\/yoast-seo-wordpress\/ -->\n<title>Monteillet Saint Joseph 2021 \u2013 Vin blanc du Rh\u00f4ne | Demourshop<\/title>\n<meta name=\"description\" content=\"D\u00e9couvrez le saint joseph mill\u00e9sime 2021 en blanc du Domaine du Monteillet. Elabor\u00e9 par St\u00e9phane Montez, disponible sur le site Demourshop.\" \/>\n<meta name=\"robots\" content=\"index, follow, max-snippet:-1, max-image-preview:large, max-video-preview:-1\" \/>\n<link rel=\"canonical\" href=\"https:\/\/demourshop.com\/en\/product\/domaine-du-monteillet-saint-joseph-2021\/\" \/>\n<meta property=\"og:locale\" content=\"en_GB\" \/>\n<meta property=\"og:type\" content=\"article\" \/>\n<meta property=\"og:title\" content=\"Monteillet Saint Joseph 2021 \u2013 Vin blanc du Rh\u00f4ne | Demourshop\" \/>\n<meta property=\"og:description\" content=\"D\u00e9couvrez le saint joseph mill\u00e9sime 2021 en blanc du Domaine du Monteillet. Elabor\u00e9 par St\u00e9phane Montez, disponible sur le site Demourshop.\" \/>\n<meta property=\"og:url\" content=\"https:\/\/demourshop.com\/en\/product\/domaine-du-monteillet-saint-joseph-2021\/\" \/>\n<meta property=\"og:site_name\" content=\"Demourshop\" \/>\n<meta property=\"article:modified_time\" content=\"2025-05-16T14:10:05+00:00\" \/>\n<meta property=\"og:image\" content=\"http:\/\/demourshop.com\/wp-content\/uploads\/2024\/10\/Domaine-du-Monteillet-Saint-Joseph-2021.png\" \/>\n\t<meta property=\"og:image:width\" content=\"700\" \/>\n\t<meta property=\"og:image:height\" content=\"700\" \/>\n\t<meta property=\"og:image:type\" content=\"image\/png\" \/>\n<meta name=\"twitter:card\" content=\"summary_large_image\" \/>\n<meta name=\"twitter:label1\" content=\"Estimated reading time\" \/>\n\t<meta name=\"twitter:data1\" content=\"2 minutes\" \/>\n<script type=\"application\/ld+json\" class=\"yoast-schema-graph\">{\"@context\":\"https:\\\/\\\/schema.org\",\"@graph\":[{\"@type\":\"WebPage\",\"@id\":\"https:\\\/\\\/demourshop.com\\\/produit\\\/domaine-du-monteillet-saint-joseph-2021\\\/\",\"url\":\"https:\\\/\\\/demourshop.com\\\/produit\\\/domaine-du-monteillet-saint-joseph-2021\\\/\",\"name\":\"Monteillet Saint Joseph 2021 \u2013 Vin blanc du Rh\u00f4ne | Demourshop\",\"isPartOf\":{\"@id\":\"https:\\\/\\\/demourshop.com\\\/#website\"},\"primaryImageOfPage\":{\"@id\":\"https:\\\/\\\/demourshop.com\\\/produit\\\/domaine-du-monteillet-saint-joseph-2021\\\/#primaryimage\"},\"image\":{\"@id\":\"https:\\\/\\\/demourshop.com\\\/produit\\\/domaine-du-monteillet-saint-joseph-2021\\\/#primaryimage\"},\"thumbnailUrl\":\"https:\\\/\\\/demourshop.com\\\/wp-content\\\/uploads\\\/2024\\\/10\\\/Domaine-du-Monteillet-Saint-Joseph-2021.png\",\"datePublished\":\"2024-10-23T10:14:05+00:00\",\"dateModified\":\"2025-05-16T14:10:05+00:00\",\"description\":\"D\u00e9couvrez le saint joseph mill\u00e9sime 2021 en blanc du Domaine du Monteillet. Elabor\u00e9 par St\u00e9phane Montez, disponible sur le site Demourshop.\",\"breadcrumb\":{\"@id\":\"https:\\\/\\\/demourshop.com\\\/produit\\\/domaine-du-monteillet-saint-joseph-2021\\\/#breadcrumb\"},\"inLanguage\":\"en-GB\",\"potentialAction\":[{\"@type\":\"ReadAction\",\"target\":[\"https:\\\/\\\/demourshop.com\\\/produit\\\/domaine-du-monteillet-saint-joseph-2021\\\/\"]}]},{\"@type\":\"ImageObject\",\"inLanguage\":\"en-GB\",\"@id\":\"https:\\\/\\\/demourshop.com\\\/produit\\\/domaine-du-monteillet-saint-joseph-2021\\\/#primaryimage\",\"url\":\"https:\\\/\\\/demourshop.com\\\/wp-content\\\/uploads\\\/2024\\\/10\\\/Domaine-du-Monteillet-Saint-Joseph-2021.png\",\"contentUrl\":\"https:\\\/\\\/demourshop.com\\\/wp-content\\\/uploads\\\/2024\\\/10\\\/Domaine-du-Monteillet-Saint-Joseph-2021.png\",\"width\":700,\"height\":700},{\"@type\":\"BreadcrumbList\",\"@id\":\"https:\\\/\\\/demourshop.com\\\/produit\\\/domaine-du-monteillet-saint-joseph-2021\\\/#breadcrumb\",\"itemListElement\":[{\"@type\":\"ListItem\",\"position\":1,\"name\":\"Accueil\",\"item\":\"https:\\\/\\\/demourshop.com\\\/\"},{\"@type\":\"ListItem\",\"position\":2,\"name\":\"Boutique\",\"item\":\"https:\\\/\\\/demourshop.com\\\/boutique\\\/\"},{\"@type\":\"ListItem\",\"position\":3,\"name\":\"Domaine du Monteillet Saint Joseph 2021\"}]},{\"@type\":\"WebSite\",\"@id\":\"https:\\\/\\\/demourshop.com\\\/#website\",\"url\":\"https:\\\/\\\/demourshop.com\\\/\",\"name\":\"Demourshop\",\"description\":\"\",\"publisher\":{\"@id\":\"https:\\\/\\\/demourshop.com\\\/#organization\"},\"potentialAction\":[{\"@type\":\"SearchAction\",\"target\":{\"@type\":\"EntryPoint\",\"urlTemplate\":\"https:\\\/\\\/demourshop.com\\\/?s={search_term_string}\"},\"query-input\":{\"@type\":\"PropertyValueSpecification\",\"valueRequired\":true,\"valueName\":\"search_term_string\"}}],\"inLanguage\":\"en-GB\"},{\"@type\":\"Organization\",\"@id\":\"https:\\\/\\\/demourshop.com\\\/#organization\",\"name\":\"Demourshop\",\"url\":\"https:\\\/\\\/demourshop.com\\\/\",\"logo\":{\"@type\":\"ImageObject\",\"inLanguage\":\"en-GB\",\"@id\":\"https:\\\/\\\/demourshop.com\\\/#\\\/schema\\\/logo\\\/image\\\/\",\"url\":\"https:\\\/\\\/demourshop.com\\\/wp-content\\\/uploads\\\/2023\\\/08\\\/logo-wine-2-1-1.png\",\"contentUrl\":\"https:\\\/\\\/demourshop.com\\\/wp-content\\\/uploads\\\/2023\\\/08\\\/logo-wine-2-1-1.png\",\"width\":400,\"height\":145,\"caption\":\"Demourshop\"},\"image\":{\"@id\":\"https:\\\/\\\/demourshop.com\\\/#\\\/schema\\\/logo\\\/image\\\/\"}}]}<\/script>\n<!-- \/ Yoast SEO plugin. -->","yoast_head_json":{"title":"Monteillet Saint Joseph 2021 \u2013 Vin blanc du Rh\u00f4ne | Demourshop","description":"D\u00e9couvrez le saint joseph mill\u00e9sime 2021 en blanc du Domaine du Monteillet. Elabor\u00e9 par St\u00e9phane Montez, disponible sur le site Demourshop.","robots":{"index":"index","follow":"follow","max-snippet":"max-snippet:-1","max-image-preview":"max-image-preview:large","max-video-preview":"max-video-preview:-1"},"canonical":"https:\/\/demourshop.com\/en\/product\/domaine-du-monteillet-saint-joseph-2021\/","og_locale":"en_GB","og_type":"article","og_title":"Monteillet Saint Joseph 2021 \u2013 Vin blanc du Rh\u00f4ne | Demourshop","og_description":"D\u00e9couvrez le saint joseph mill\u00e9sime 2021 en blanc du Domaine du Monteillet. Elabor\u00e9 par St\u00e9phane Montez, disponible sur le site Demourshop.","og_url":"https:\/\/demourshop.com\/en\/product\/domaine-du-monteillet-saint-joseph-2021\/","og_site_name":"Demourshop","article_modified_time":"2025-05-16T14:10:05+00:00","og_image":[{"width":700,"height":700,"url":"http:\/\/demourshop.com\/wp-content\/uploads\/2024\/10\/Domaine-du-Monteillet-Saint-Joseph-2021.png","type":"image\/png"}],"twitter_card":"summary_large_image","twitter_misc":{"Estimated reading time":"2 minutes"},"schema":{"@context":"https:\/\/schema.org","@graph":[{"@type":"WebPage","@id":"https:\/\/demourshop.com\/produit\/domaine-du-monteillet-saint-joseph-2021\/","url":"https:\/\/demourshop.com\/produit\/domaine-du-monteillet-saint-joseph-2021\/","name":"Monteillet Saint Joseph 2021 \u2013 Vin blanc du Rh\u00f4ne | Demourshop","isPartOf":{"@id":"https:\/\/demourshop.com\/#website"},"primaryImageOfPage":{"@id":"https:\/\/demourshop.com\/produit\/domaine-du-monteillet-saint-joseph-2021\/#primaryimage"},"image":{"@id":"https:\/\/demourshop.com\/produit\/domaine-du-monteillet-saint-joseph-2021\/#primaryimage"},"thumbnailUrl":"https:\/\/demourshop.com\/wp-content\/uploads\/2024\/10\/Domaine-du-Monteillet-Saint-Joseph-2021.png","datePublished":"2024-10-23T10:14:05+00:00","dateModified":"2025-05-16T14:10:05+00:00","description":"D\u00e9couvrez le saint joseph mill\u00e9sime 2021 en blanc du Domaine du Monteillet. Elabor\u00e9 par St\u00e9phane Montez, disponible sur le site Demourshop.","breadcrumb":{"@id":"https:\/\/demourshop.com\/produit\/domaine-du-monteillet-saint-joseph-2021\/#breadcrumb"},"inLanguage":"en-GB","potentialAction":[{"@type":"ReadAction","target":["https:\/\/demourshop.com\/produit\/domaine-du-monteillet-saint-joseph-2021\/"]}]},{"@type":"ImageObject","inLanguage":"en-GB","@id":"https:\/\/demourshop.com\/produit\/domaine-du-monteillet-saint-joseph-2021\/#primaryimage","url":"https:\/\/demourshop.com\/wp-content\/uploads\/2024\/10\/Domaine-du-Monteillet-Saint-Joseph-2021.png","contentUrl":"https:\/\/demourshop.com\/wp-content\/uploads\/2024\/10\/Domaine-du-Monteillet-Saint-Joseph-2021.png","width":700,"height":700},{"@type":"BreadcrumbList","@id":"https:\/\/demourshop.com\/produit\/domaine-du-monteillet-saint-joseph-2021\/#breadcrumb","itemListElement":[{"@type":"ListItem","position":1,"name":"Accueil","item":"https:\/\/demourshop.com\/"},{"@type":"ListItem","position":2,"name":"Boutique","item":"https:\/\/demourshop.com\/boutique\/"},{"@type":"ListItem","position":3,"name":"Domaine du Monteillet Saint Joseph 2021"}]},{"@type":"WebSite","@id":"https:\/\/demourshop.com\/#website","url":"https:\/\/demourshop.com\/","name":"Demourshop","description":"","publisher":{"@id":"https:\/\/demourshop.com\/#organization"},"potentialAction":[{"@type":"SearchAction","target":{"@type":"EntryPoint","urlTemplate":"https:\/\/demourshop.com\/?s={search_term_string}"},"query-input":{"@type":"PropertyValueSpecification","valueRequired":true,"valueName":"search_term_string"}}],"inLanguage":"en-GB"},{"@type":"Organization","@id":"https:\/\/demourshop.com\/#organization","name":"Demourshop","url":"https:\/\/demourshop.com\/","logo":{"@type":"ImageObject","inLanguage":"en-GB","@id":"https:\/\/demourshop.com\/#\/schema\/logo\/image\/","url":"https:\/\/demourshop.com\/wp-content\/uploads\/2023\/08\/logo-wine-2-1-1.png","contentUrl":"https:\/\/demourshop.com\/wp-content\/uploads\/2023\/08\/logo-wine-2-1-1.png","width":400,"height":145,"caption":"Demourshop"},"image":{"@id":"https:\/\/demourshop.com\/#\/schema\/logo\/image\/"}}]}},"_links":{"self":[{"href":"https:\/\/demourshop.com\/en\/wp-json\/wp\/v2\/product\/65245","targetHints":{"allow":["GET"]}}],"collection":[{"href":"https:\/\/demourshop.com\/en\/wp-json\/wp\/v2\/product"}],"about":[{"href":"https:\/\/demourshop.com\/en\/wp-json\/wp\/v2\/types\/product"}],"version-history":[{"count":8,"href":"https:\/\/demourshop.com\/en\/wp-json\/wp\/v2\/product\/65245\/revisions"}],"predecessor-version":[{"id":70244,"href":"https:\/\/demourshop.com\/en\/wp-json\/wp\/v2\/product\/65245\/revisions\/70244"}],"wp:featuredmedia":[{"embeddable":true,"href":"https:\/\/demourshop.com\/en\/wp-json\/wp\/v2\/media\/66904"}],"wp:attachment":[{"href":"https:\/\/demourshop.com\/en\/wp-json\/wp\/v2\/media?parent=65245"}],"wp:term":[{"taxonomy":"product_brand","embeddable":true,"href":"https:\/\/demourshop.com\/en\/wp-json\/wp\/v2\/product_brand?post=65245"},{"taxonomy":"product_cat","embeddable":true,"href":"https:\/\/demourshop.com\/en\/wp-json\/wp\/v2\/product_cat?post=65245"},{"taxonomy":"product_tag","embeddable":true,"href":"https:\/\/demourshop.com\/en\/wp-json\/wp\/v2\/product_tag?post=65245"}],"curies":[{"name":"wp","href":"https:\/\/api.w.org\/{rel}","templated":true}]}}