{"id":65243,"date":"2024-10-23T12:50:24","date_gmt":"2024-10-23T10:50:24","guid":{"rendered":"https:\/\/demourshop.com\/?post_type=product&#038;p=65243"},"modified":"2025-09-26T15:37:06","modified_gmt":"2025-09-26T13:37:06","slug":"sancerre-les-belles-cotes-2022","status":"publish","type":"product","link":"https:\/\/demourshop.com\/en\/product\/sancerre-les-belles-cotes-2022\/","title":{"rendered":"Sancerre Les belles cotes 2022"},"content":{"rendered":"<p>\u00c0 d\u00e9guster entre 10 et 12\u00b0C. Il accompagnera parfaitement des fruits de mer, des fromages de ch\u00e8vre (Crottin de Chavignol), un ceviche ou des poissons grill\u00e9s. Ce vin peut \u00eatre bu jeune pour sa vivacit\u00e9, ou conserv\u00e9 3 \u00e0 5 ans pour gagner en complexit\u00e9. Sancerre Les Belles C\u00f4tes 2022 incarne \u00e0 merveille l\u2019\u00e9l\u00e9gance et la min\u00e9ralit\u00e9 des grands Sauvignon de Loire. Une valeur s\u00fbre pour les amateurs de blancs secs et tendus.<\/p>","protected":false},"excerpt":{"rendered":"<p><strong>Sancerre Les Belles C\u00f4tes 2022<\/strong> \u2013 Un Sauvignon blanc pur, vif et min\u00e9ral. La quintessence du Sancerre de terroir. Livraison rapide \u2013 prix domaine.<\/p>","protected":false},"featured_media":66900,"template":"","meta":{"_acf_changed":false},"product_brand":[],"product_cat":[378,507,552,383,382,395,444,405,374,393],"product_tag":[],"class_list":{"0":"post-65243","1":"product","2":"type-product","3":"status-publish","4":"has-post-thumbnail","6":"product_cat-appellations-vin-en-ligne","7":"product_cat-cepages-vin-en-ligne","8":"product_cat-vin-par-couleur-en-ligne","9":"product_cat-vin-de-france-en-ligne","10":"product_cat-vin-par-pays-en-ligne","11":"product_cat-vin-agriculture-raisonnee","12":"product_cat-sancerre-en-ligne","13":"product_cat-sauvignon-blanc-en-ligne","14":"product_cat-vin-blanc-en-ligne","15":"product_cat-vins-par-methode-de-vinification","16":"pa_appellations-sancerre","17":"pa_cepages-sauvignon-blanc","18":"pa_couleurs-blanc","19":"pa_formats-75cl","20":"pa_millesimes-174","21":"pa_pays-france","22":"pa_quantites-a-lunite","23":"pa_quantites-carton-de-3-bouteilles","24":"pa_quantites-carton-de-6-bouteilles","25":"pa_vinifications-raisonnee","27":"first","28":"instock","29":"taxable","30":"shipping-taxable","31":"purchasable","32":"product-type-simple"},"acf":[],"yoast_head":"<!-- This site is optimized with the Yoast SEO plugin v27.4 - https:\/\/yoast.com\/product\/yoast-seo-wordpress\/ -->\n<title>Sancerre Les belles cotes 2022 - Demourshop<\/title>\n<meta name=\"description\" content=\"Sancerre Les Belles C\u00f4tes 2022 \u2013 Un Sauvignon blanc min\u00e9ral, vif et pr\u00e9cis. Id\u00e9al avec fruits de mer ou ch\u00e8vre. Livraison rapide \u2013 prix domaine.\" \/>\n<meta name=\"robots\" content=\"index, follow, max-snippet:-1, max-image-preview:large, max-video-preview:-1\" \/>\n<link rel=\"canonical\" href=\"https:\/\/demourshop.com\/en\/product\/sancerre-les-belles-cotes-2022\/\" \/>\n<meta property=\"og:locale\" content=\"en_GB\" \/>\n<meta property=\"og:type\" content=\"article\" \/>\n<meta property=\"og:title\" content=\"Sancerre Les belles cotes 2022 - Demourshop\" \/>\n<meta property=\"og:description\" content=\"Sancerre Les Belles C\u00f4tes 2022 \u2013 Un Sauvignon blanc min\u00e9ral, vif et pr\u00e9cis. Id\u00e9al avec fruits de mer ou ch\u00e8vre. Livraison rapide \u2013 prix domaine.\" \/>\n<meta property=\"og:url\" content=\"https:\/\/demourshop.com\/en\/product\/sancerre-les-belles-cotes-2022\/\" \/>\n<meta property=\"og:site_name\" content=\"Demourshop\" \/>\n<meta property=\"article:modified_time\" content=\"2025-09-26T13:37:06+00:00\" \/>\n<meta property=\"og:image\" content=\"http:\/\/demourshop.com\/wp-content\/uploads\/2024\/10\/Sancerre-Les-belles-cotes-2022-1.png\" \/>\n\t<meta property=\"og:image:width\" content=\"700\" \/>\n\t<meta property=\"og:image:height\" content=\"700\" \/>\n\t<meta property=\"og:image:type\" content=\"image\/png\" \/>\n<meta name=\"twitter:card\" content=\"summary_large_image\" \/>\n<meta name=\"twitter:label1\" content=\"Estimated reading time\" \/>\n\t<meta name=\"twitter:data1\" content=\"2 minutes\" \/>\n<script type=\"application\/ld+json\" class=\"yoast-schema-graph\">{\"@context\":\"https:\\\/\\\/schema.org\",\"@graph\":[{\"@type\":\"WebPage\",\"@id\":\"https:\\\/\\\/demourshop.com\\\/produit\\\/sancerre-les-belles-cotes-2022\\\/\",\"url\":\"https:\\\/\\\/demourshop.com\\\/produit\\\/sancerre-les-belles-cotes-2022\\\/\",\"name\":\"Sancerre Les belles cotes 2022 - Demourshop\",\"isPartOf\":{\"@id\":\"https:\\\/\\\/demourshop.com\\\/#website\"},\"primaryImageOfPage\":{\"@id\":\"https:\\\/\\\/demourshop.com\\\/produit\\\/sancerre-les-belles-cotes-2022\\\/#primaryimage\"},\"image\":{\"@id\":\"https:\\\/\\\/demourshop.com\\\/produit\\\/sancerre-les-belles-cotes-2022\\\/#primaryimage\"},\"thumbnailUrl\":\"https:\\\/\\\/demourshop.com\\\/wp-content\\\/uploads\\\/2024\\\/10\\\/Sancerre-Les-belles-cotes-2022-1.png\",\"datePublished\":\"2024-10-23T10:50:24+00:00\",\"dateModified\":\"2025-09-26T13:37:06+00:00\",\"description\":\"Sancerre Les Belles C\u00f4tes 2022 \u2013 Un Sauvignon blanc min\u00e9ral, vif et pr\u00e9cis. Id\u00e9al avec fruits de mer ou ch\u00e8vre. Livraison rapide \u2013 prix domaine.\",\"breadcrumb\":{\"@id\":\"https:\\\/\\\/demourshop.com\\\/produit\\\/sancerre-les-belles-cotes-2022\\\/#breadcrumb\"},\"inLanguage\":\"en-GB\",\"potentialAction\":[{\"@type\":\"ReadAction\",\"target\":[\"https:\\\/\\\/demourshop.com\\\/produit\\\/sancerre-les-belles-cotes-2022\\\/\"]}]},{\"@type\":\"ImageObject\",\"inLanguage\":\"en-GB\",\"@id\":\"https:\\\/\\\/demourshop.com\\\/produit\\\/sancerre-les-belles-cotes-2022\\\/#primaryimage\",\"url\":\"https:\\\/\\\/demourshop.com\\\/wp-content\\\/uploads\\\/2024\\\/10\\\/Sancerre-Les-belles-cotes-2022-1.png\",\"contentUrl\":\"https:\\\/\\\/demourshop.com\\\/wp-content\\\/uploads\\\/2024\\\/10\\\/Sancerre-Les-belles-cotes-2022-1.png\",\"width\":700,\"height\":700,\"caption\":\"Sancerre Les Belles C\u00f4tes 2022 Domaine Raimbault vin blanc Sauvignon\"},{\"@type\":\"BreadcrumbList\",\"@id\":\"https:\\\/\\\/demourshop.com\\\/produit\\\/sancerre-les-belles-cotes-2022\\\/#breadcrumb\",\"itemListElement\":[{\"@type\":\"ListItem\",\"position\":1,\"name\":\"Accueil\",\"item\":\"https:\\\/\\\/demourshop.com\\\/\"},{\"@type\":\"ListItem\",\"position\":2,\"name\":\"Boutique\",\"item\":\"https:\\\/\\\/demourshop.com\\\/boutique\\\/\"},{\"@type\":\"ListItem\",\"position\":3,\"name\":\"Sancerre Les belles cotes 2022\"}]},{\"@type\":\"WebSite\",\"@id\":\"https:\\\/\\\/demourshop.com\\\/#website\",\"url\":\"https:\\\/\\\/demourshop.com\\\/\",\"name\":\"Demourshop\",\"description\":\"\",\"publisher\":{\"@id\":\"https:\\\/\\\/demourshop.com\\\/#organization\"},\"potentialAction\":[{\"@type\":\"SearchAction\",\"target\":{\"@type\":\"EntryPoint\",\"urlTemplate\":\"https:\\\/\\\/demourshop.com\\\/?s={search_term_string}\"},\"query-input\":{\"@type\":\"PropertyValueSpecification\",\"valueRequired\":true,\"valueName\":\"search_term_string\"}}],\"inLanguage\":\"en-GB\"},{\"@type\":\"Organization\",\"@id\":\"https:\\\/\\\/demourshop.com\\\/#organization\",\"name\":\"Demourshop\",\"url\":\"https:\\\/\\\/demourshop.com\\\/\",\"logo\":{\"@type\":\"ImageObject\",\"inLanguage\":\"en-GB\",\"@id\":\"https:\\\/\\\/demourshop.com\\\/#\\\/schema\\\/logo\\\/image\\\/\",\"url\":\"https:\\\/\\\/demourshop.com\\\/wp-content\\\/uploads\\\/2023\\\/08\\\/logo-wine-2-1-1.png\",\"contentUrl\":\"https:\\\/\\\/demourshop.com\\\/wp-content\\\/uploads\\\/2023\\\/08\\\/logo-wine-2-1-1.png\",\"width\":400,\"height\":145,\"caption\":\"Demourshop\"},\"image\":{\"@id\":\"https:\\\/\\\/demourshop.com\\\/#\\\/schema\\\/logo\\\/image\\\/\"}}]}<\/script>\n<!-- \/ Yoast SEO plugin. -->","yoast_head_json":{"title":"Sancerre Les belles cotes 2022 - Demourshop","description":"Sancerre Les Belles C\u00f4tes 2022 \u2013 Un Sauvignon blanc min\u00e9ral, vif et pr\u00e9cis. Id\u00e9al avec fruits de mer ou ch\u00e8vre. Livraison rapide \u2013 prix domaine.","robots":{"index":"index","follow":"follow","max-snippet":"max-snippet:-1","max-image-preview":"max-image-preview:large","max-video-preview":"max-video-preview:-1"},"canonical":"https:\/\/demourshop.com\/en\/product\/sancerre-les-belles-cotes-2022\/","og_locale":"en_GB","og_type":"article","og_title":"Sancerre Les belles cotes 2022 - Demourshop","og_description":"Sancerre Les Belles C\u00f4tes 2022 \u2013 Un Sauvignon blanc min\u00e9ral, vif et pr\u00e9cis. Id\u00e9al avec fruits de mer ou ch\u00e8vre. Livraison rapide \u2013 prix domaine.","og_url":"https:\/\/demourshop.com\/en\/product\/sancerre-les-belles-cotes-2022\/","og_site_name":"Demourshop","article_modified_time":"2025-09-26T13:37:06+00:00","og_image":[{"width":700,"height":700,"url":"http:\/\/demourshop.com\/wp-content\/uploads\/2024\/10\/Sancerre-Les-belles-cotes-2022-1.png","type":"image\/png"}],"twitter_card":"summary_large_image","twitter_misc":{"Estimated reading time":"2 minutes"},"schema":{"@context":"https:\/\/schema.org","@graph":[{"@type":"WebPage","@id":"https:\/\/demourshop.com\/produit\/sancerre-les-belles-cotes-2022\/","url":"https:\/\/demourshop.com\/produit\/sancerre-les-belles-cotes-2022\/","name":"Sancerre Les belles cotes 2022 - Demourshop","isPartOf":{"@id":"https:\/\/demourshop.com\/#website"},"primaryImageOfPage":{"@id":"https:\/\/demourshop.com\/produit\/sancerre-les-belles-cotes-2022\/#primaryimage"},"image":{"@id":"https:\/\/demourshop.com\/produit\/sancerre-les-belles-cotes-2022\/#primaryimage"},"thumbnailUrl":"https:\/\/demourshop.com\/wp-content\/uploads\/2024\/10\/Sancerre-Les-belles-cotes-2022-1.png","datePublished":"2024-10-23T10:50:24+00:00","dateModified":"2025-09-26T13:37:06+00:00","description":"Sancerre Les Belles C\u00f4tes 2022 \u2013 Un Sauvignon blanc min\u00e9ral, vif et pr\u00e9cis. Id\u00e9al avec fruits de mer ou ch\u00e8vre. Livraison rapide \u2013 prix domaine.","breadcrumb":{"@id":"https:\/\/demourshop.com\/produit\/sancerre-les-belles-cotes-2022\/#breadcrumb"},"inLanguage":"en-GB","potentialAction":[{"@type":"ReadAction","target":["https:\/\/demourshop.com\/produit\/sancerre-les-belles-cotes-2022\/"]}]},{"@type":"ImageObject","inLanguage":"en-GB","@id":"https:\/\/demourshop.com\/produit\/sancerre-les-belles-cotes-2022\/#primaryimage","url":"https:\/\/demourshop.com\/wp-content\/uploads\/2024\/10\/Sancerre-Les-belles-cotes-2022-1.png","contentUrl":"https:\/\/demourshop.com\/wp-content\/uploads\/2024\/10\/Sancerre-Les-belles-cotes-2022-1.png","width":700,"height":700,"caption":"Sancerre Les Belles C\u00f4tes 2022 Domaine Raimbault vin blanc Sauvignon"},{"@type":"BreadcrumbList","@id":"https:\/\/demourshop.com\/produit\/sancerre-les-belles-cotes-2022\/#breadcrumb","itemListElement":[{"@type":"ListItem","position":1,"name":"Accueil","item":"https:\/\/demourshop.com\/"},{"@type":"ListItem","position":2,"name":"Boutique","item":"https:\/\/demourshop.com\/boutique\/"},{"@type":"ListItem","position":3,"name":"Sancerre Les belles cotes 2022"}]},{"@type":"WebSite","@id":"https:\/\/demourshop.com\/#website","url":"https:\/\/demourshop.com\/","name":"Demourshop","description":"","publisher":{"@id":"https:\/\/demourshop.com\/#organization"},"potentialAction":[{"@type":"SearchAction","target":{"@type":"EntryPoint","urlTemplate":"https:\/\/demourshop.com\/?s={search_term_string}"},"query-input":{"@type":"PropertyValueSpecification","valueRequired":true,"valueName":"search_term_string"}}],"inLanguage":"en-GB"},{"@type":"Organization","@id":"https:\/\/demourshop.com\/#organization","name":"Demourshop","url":"https:\/\/demourshop.com\/","logo":{"@type":"ImageObject","inLanguage":"en-GB","@id":"https:\/\/demourshop.com\/#\/schema\/logo\/image\/","url":"https:\/\/demourshop.com\/wp-content\/uploads\/2023\/08\/logo-wine-2-1-1.png","contentUrl":"https:\/\/demourshop.com\/wp-content\/uploads\/2023\/08\/logo-wine-2-1-1.png","width":400,"height":145,"caption":"Demourshop"},"image":{"@id":"https:\/\/demourshop.com\/#\/schema\/logo\/image\/"}}]}},"_links":{"self":[{"href":"https:\/\/demourshop.com\/en\/wp-json\/wp\/v2\/product\/65243","targetHints":{"allow":["GET"]}}],"collection":[{"href":"https:\/\/demourshop.com\/en\/wp-json\/wp\/v2\/product"}],"about":[{"href":"https:\/\/demourshop.com\/en\/wp-json\/wp\/v2\/types\/product"}],"version-history":[{"count":6,"href":"https:\/\/demourshop.com\/en\/wp-json\/wp\/v2\/product\/65243\/revisions"}],"predecessor-version":[{"id":70239,"href":"https:\/\/demourshop.com\/en\/wp-json\/wp\/v2\/product\/65243\/revisions\/70239"}],"wp:featuredmedia":[{"embeddable":true,"href":"https:\/\/demourshop.com\/en\/wp-json\/wp\/v2\/media\/66900"}],"wp:attachment":[{"href":"https:\/\/demourshop.com\/en\/wp-json\/wp\/v2\/media?parent=65243"}],"wp:term":[{"taxonomy":"product_brand","embeddable":true,"href":"https:\/\/demourshop.com\/en\/wp-json\/wp\/v2\/product_brand?post=65243"},{"taxonomy":"product_cat","embeddable":true,"href":"https:\/\/demourshop.com\/en\/wp-json\/wp\/v2\/product_cat?post=65243"},{"taxonomy":"product_tag","embeddable":true,"href":"https:\/\/demourshop.com\/en\/wp-json\/wp\/v2\/product_tag?post=65243"}],"curies":[{"name":"wp","href":"https:\/\/api.w.org\/{rel}","templated":true}]}}