{"id":65239,"date":"2024-10-23T12:28:29","date_gmt":"2024-10-23T10:28:29","guid":{"rendered":"https:\/\/demourshop.com\/?post_type=product&#038;p=65239"},"modified":"2025-09-26T15:35:21","modified_gmt":"2025-09-26T13:35:21","slug":"le-plan-vermeersch-2019","status":"publish","type":"product","link":"https:\/\/demourshop.com\/en\/product\/le-plan-vermeersch-2019\/","title":{"rendered":"Le plan Vermeersch 2019"},"content":{"rendered":"<p>\u00c0 servir autour de 14\u202f\u00b0C, <strong>Le Plan Vermeersch 2019<\/strong> est un vin de plaisir imm\u00e9diat, sans complexit\u00e9 inutile. Il peut se boire d\u00e8s maintenant ou se conserver <strong>2 \u00e0 3 ans<\/strong> pour profiter pleinement de ses ar\u00f4mes de fruits m\u00fbrs et de sa souplesse. Id\u00e9al pour les repas conviviaux en toute simplicit\u00e9, il est parfait pour initier les amateurs aux vins du Rh\u00f4ne sud. Un vin direct, franc et charmeur, \u00e0 d\u00e9couvrir sans attendre.<\/p>","protected":false},"excerpt":{"rendered":"<p><strong>Le Plan Vermeersch 2019<\/strong> \u2013 C\u00f4tes du Rh\u00f4ne souple et fruit\u00e9 sign\u00e9 Dirk Vermeersch. Id\u00e9al viandes grill\u00e9es, plats rustiques, cuisine v\u00e9g\u00e9tarienne.<\/p>","protected":false},"featured_media":66902,"template":"","meta":{"_acf_changed":false},"product_brand":[],"product_cat":[378,507,436,552,383,411,382,395,417,375,393],"product_tag":[],"class_list":{"0":"post-65239","1":"product","2":"type-product","3":"status-publish","4":"has-post-thumbnail","6":"product_cat-appellations-vin-en-ligne","7":"product_cat-cepages-vin-en-ligne","8":"product_cat-cotes-du-rhone-en-ligne","9":"product_cat-vin-par-couleur-en-ligne","10":"product_cat-vin-de-france-en-ligne","11":"product_cat-grenache-en-ligne","12":"product_cat-vin-par-pays-en-ligne","13":"product_cat-vin-agriculture-raisonnee","14":"product_cat-syrah-en-ligne","15":"product_cat-vin-rouge-en-ligne","16":"product_cat-vins-par-methode-de-vinification","17":"pa_appellations-cotes-du-rhone","18":"pa_cepages-grenache","19":"pa_cepages-syrah","20":"pa_couleurs-rouge","21":"pa_formats-75cl","22":"pa_millesimes-177","23":"pa_pays-france","24":"pa_quantites-a-lunite","25":"pa_quantites-carton-de-3-bouteilles","26":"pa_quantites-carton-de-6-bouteilles","27":"pa_vinifications-raisonnee","29":"first","30":"instock","31":"taxable","32":"shipping-taxable","33":"purchasable","34":"product-type-simple"},"acf":[],"yoast_head":"<!-- This site is optimized with the Yoast SEO plugin v27.4 - https:\/\/yoast.com\/product\/yoast-seo-wordpress\/ -->\n<title>Le plan Vermeersch 2019 - Demourshop<\/title>\n<meta name=\"description\" content=\"D\u00e9couvrez le Le plan Vermeersch mill\u00e9sime 2019. Ce vin rouge venant de Suze-la-rousse est \u00e9labor\u00e9 par le domaine viticole LePlan-Vermeersch.\" \/>\n<meta name=\"robots\" content=\"index, follow, max-snippet:-1, max-image-preview:large, max-video-preview:-1\" \/>\n<link rel=\"canonical\" href=\"https:\/\/demourshop.com\/en\/product\/le-plan-vermeersch-2019\/\" \/>\n<meta property=\"og:locale\" content=\"en_GB\" \/>\n<meta property=\"og:type\" content=\"article\" \/>\n<meta property=\"og:title\" content=\"Le plan Vermeersch 2019 - Demourshop\" \/>\n<meta property=\"og:description\" content=\"D\u00e9couvrez le Le plan Vermeersch mill\u00e9sime 2019. Ce vin rouge venant de Suze-la-rousse est \u00e9labor\u00e9 par le domaine viticole LePlan-Vermeersch.\" \/>\n<meta property=\"og:url\" content=\"https:\/\/demourshop.com\/en\/product\/le-plan-vermeersch-2019\/\" \/>\n<meta property=\"og:site_name\" content=\"Demourshop\" \/>\n<meta property=\"article:modified_time\" content=\"2025-09-26T13:35:21+00:00\" \/>\n<meta property=\"og:image\" content=\"http:\/\/demourshop.com\/wp-content\/uploads\/2024\/10\/Le-plan-Vermeersch-2019.png\" \/>\n\t<meta property=\"og:image:width\" content=\"700\" \/>\n\t<meta property=\"og:image:height\" content=\"700\" \/>\n\t<meta property=\"og:image:type\" content=\"image\/png\" \/>\n<meta name=\"twitter:card\" content=\"summary_large_image\" \/>\n<meta name=\"twitter:label1\" content=\"Estimated reading time\" \/>\n\t<meta name=\"twitter:data1\" content=\"2 minutes\" \/>\n<script type=\"application\/ld+json\" class=\"yoast-schema-graph\">{\"@context\":\"https:\\\/\\\/schema.org\",\"@graph\":[{\"@type\":\"WebPage\",\"@id\":\"https:\\\/\\\/demourshop.com\\\/produit\\\/le-plan-vermeersch-2019\\\/\",\"url\":\"https:\\\/\\\/demourshop.com\\\/produit\\\/le-plan-vermeersch-2019\\\/\",\"name\":\"Le plan Vermeersch 2019 - Demourshop\",\"isPartOf\":{\"@id\":\"https:\\\/\\\/demourshop.com\\\/#website\"},\"primaryImageOfPage\":{\"@id\":\"https:\\\/\\\/demourshop.com\\\/produit\\\/le-plan-vermeersch-2019\\\/#primaryimage\"},\"image\":{\"@id\":\"https:\\\/\\\/demourshop.com\\\/produit\\\/le-plan-vermeersch-2019\\\/#primaryimage\"},\"thumbnailUrl\":\"https:\\\/\\\/demourshop.com\\\/wp-content\\\/uploads\\\/2024\\\/10\\\/Le-plan-Vermeersch-2019.png\",\"datePublished\":\"2024-10-23T10:28:29+00:00\",\"dateModified\":\"2025-09-26T13:35:21+00:00\",\"description\":\"D\u00e9couvrez le Le plan Vermeersch mill\u00e9sime 2019. Ce vin rouge venant de Suze-la-rousse est \u00e9labor\u00e9 par le domaine viticole LePlan-Vermeersch.\",\"breadcrumb\":{\"@id\":\"https:\\\/\\\/demourshop.com\\\/produit\\\/le-plan-vermeersch-2019\\\/#breadcrumb\"},\"inLanguage\":\"en-GB\",\"potentialAction\":[{\"@type\":\"ReadAction\",\"target\":[\"https:\\\/\\\/demourshop.com\\\/produit\\\/le-plan-vermeersch-2019\\\/\"]}]},{\"@type\":\"ImageObject\",\"inLanguage\":\"en-GB\",\"@id\":\"https:\\\/\\\/demourshop.com\\\/produit\\\/le-plan-vermeersch-2019\\\/#primaryimage\",\"url\":\"https:\\\/\\\/demourshop.com\\\/wp-content\\\/uploads\\\/2024\\\/10\\\/Le-plan-Vermeersch-2019.png\",\"contentUrl\":\"https:\\\/\\\/demourshop.com\\\/wp-content\\\/uploads\\\/2024\\\/10\\\/Le-plan-Vermeersch-2019.png\",\"width\":700,\"height\":700,\"caption\":\"Le Plan Vermeersch 2019 \u2013 bouteille de vin rouge C\u00f4tes du Rh\u00f4ne, Grenache-Syrah souple et fruit\u00e9, cuv\u00e9e de Dirk Vermeersch\"},{\"@type\":\"BreadcrumbList\",\"@id\":\"https:\\\/\\\/demourshop.com\\\/produit\\\/le-plan-vermeersch-2019\\\/#breadcrumb\",\"itemListElement\":[{\"@type\":\"ListItem\",\"position\":1,\"name\":\"Accueil\",\"item\":\"https:\\\/\\\/demourshop.com\\\/\"},{\"@type\":\"ListItem\",\"position\":2,\"name\":\"Boutique\",\"item\":\"https:\\\/\\\/demourshop.com\\\/boutique\\\/\"},{\"@type\":\"ListItem\",\"position\":3,\"name\":\"Le plan Vermeersch 2019\"}]},{\"@type\":\"WebSite\",\"@id\":\"https:\\\/\\\/demourshop.com\\\/#website\",\"url\":\"https:\\\/\\\/demourshop.com\\\/\",\"name\":\"Demourshop\",\"description\":\"\",\"publisher\":{\"@id\":\"https:\\\/\\\/demourshop.com\\\/#organization\"},\"potentialAction\":[{\"@type\":\"SearchAction\",\"target\":{\"@type\":\"EntryPoint\",\"urlTemplate\":\"https:\\\/\\\/demourshop.com\\\/?s={search_term_string}\"},\"query-input\":{\"@type\":\"PropertyValueSpecification\",\"valueRequired\":true,\"valueName\":\"search_term_string\"}}],\"inLanguage\":\"en-GB\"},{\"@type\":\"Organization\",\"@id\":\"https:\\\/\\\/demourshop.com\\\/#organization\",\"name\":\"Demourshop\",\"url\":\"https:\\\/\\\/demourshop.com\\\/\",\"logo\":{\"@type\":\"ImageObject\",\"inLanguage\":\"en-GB\",\"@id\":\"https:\\\/\\\/demourshop.com\\\/#\\\/schema\\\/logo\\\/image\\\/\",\"url\":\"https:\\\/\\\/demourshop.com\\\/wp-content\\\/uploads\\\/2023\\\/08\\\/logo-wine-2-1-1.png\",\"contentUrl\":\"https:\\\/\\\/demourshop.com\\\/wp-content\\\/uploads\\\/2023\\\/08\\\/logo-wine-2-1-1.png\",\"width\":400,\"height\":145,\"caption\":\"Demourshop\"},\"image\":{\"@id\":\"https:\\\/\\\/demourshop.com\\\/#\\\/schema\\\/logo\\\/image\\\/\"}}]}<\/script>\n<!-- \/ Yoast SEO plugin. -->","yoast_head_json":{"title":"Le plan Vermeersch 2019 - Demourshop","description":"D\u00e9couvrez le Le plan Vermeersch mill\u00e9sime 2019. Ce vin rouge venant de Suze-la-rousse est \u00e9labor\u00e9 par le domaine viticole LePlan-Vermeersch.","robots":{"index":"index","follow":"follow","max-snippet":"max-snippet:-1","max-image-preview":"max-image-preview:large","max-video-preview":"max-video-preview:-1"},"canonical":"https:\/\/demourshop.com\/en\/product\/le-plan-vermeersch-2019\/","og_locale":"en_GB","og_type":"article","og_title":"Le plan Vermeersch 2019 - Demourshop","og_description":"D\u00e9couvrez le Le plan Vermeersch mill\u00e9sime 2019. Ce vin rouge venant de Suze-la-rousse est \u00e9labor\u00e9 par le domaine viticole LePlan-Vermeersch.","og_url":"https:\/\/demourshop.com\/en\/product\/le-plan-vermeersch-2019\/","og_site_name":"Demourshop","article_modified_time":"2025-09-26T13:35:21+00:00","og_image":[{"width":700,"height":700,"url":"http:\/\/demourshop.com\/wp-content\/uploads\/2024\/10\/Le-plan-Vermeersch-2019.png","type":"image\/png"}],"twitter_card":"summary_large_image","twitter_misc":{"Estimated reading time":"2 minutes"},"schema":{"@context":"https:\/\/schema.org","@graph":[{"@type":"WebPage","@id":"https:\/\/demourshop.com\/produit\/le-plan-vermeersch-2019\/","url":"https:\/\/demourshop.com\/produit\/le-plan-vermeersch-2019\/","name":"Le plan Vermeersch 2019 - Demourshop","isPartOf":{"@id":"https:\/\/demourshop.com\/#website"},"primaryImageOfPage":{"@id":"https:\/\/demourshop.com\/produit\/le-plan-vermeersch-2019\/#primaryimage"},"image":{"@id":"https:\/\/demourshop.com\/produit\/le-plan-vermeersch-2019\/#primaryimage"},"thumbnailUrl":"https:\/\/demourshop.com\/wp-content\/uploads\/2024\/10\/Le-plan-Vermeersch-2019.png","datePublished":"2024-10-23T10:28:29+00:00","dateModified":"2025-09-26T13:35:21+00:00","description":"D\u00e9couvrez le Le plan Vermeersch mill\u00e9sime 2019. Ce vin rouge venant de Suze-la-rousse est \u00e9labor\u00e9 par le domaine viticole LePlan-Vermeersch.","breadcrumb":{"@id":"https:\/\/demourshop.com\/produit\/le-plan-vermeersch-2019\/#breadcrumb"},"inLanguage":"en-GB","potentialAction":[{"@type":"ReadAction","target":["https:\/\/demourshop.com\/produit\/le-plan-vermeersch-2019\/"]}]},{"@type":"ImageObject","inLanguage":"en-GB","@id":"https:\/\/demourshop.com\/produit\/le-plan-vermeersch-2019\/#primaryimage","url":"https:\/\/demourshop.com\/wp-content\/uploads\/2024\/10\/Le-plan-Vermeersch-2019.png","contentUrl":"https:\/\/demourshop.com\/wp-content\/uploads\/2024\/10\/Le-plan-Vermeersch-2019.png","width":700,"height":700,"caption":"Le Plan Vermeersch 2019 \u2013 bouteille de vin rouge C\u00f4tes du Rh\u00f4ne, Grenache-Syrah souple et fruit\u00e9, cuv\u00e9e de Dirk Vermeersch"},{"@type":"BreadcrumbList","@id":"https:\/\/demourshop.com\/produit\/le-plan-vermeersch-2019\/#breadcrumb","itemListElement":[{"@type":"ListItem","position":1,"name":"Accueil","item":"https:\/\/demourshop.com\/"},{"@type":"ListItem","position":2,"name":"Boutique","item":"https:\/\/demourshop.com\/boutique\/"},{"@type":"ListItem","position":3,"name":"Le plan Vermeersch 2019"}]},{"@type":"WebSite","@id":"https:\/\/demourshop.com\/#website","url":"https:\/\/demourshop.com\/","name":"Demourshop","description":"","publisher":{"@id":"https:\/\/demourshop.com\/#organization"},"potentialAction":[{"@type":"SearchAction","target":{"@type":"EntryPoint","urlTemplate":"https:\/\/demourshop.com\/?s={search_term_string}"},"query-input":{"@type":"PropertyValueSpecification","valueRequired":true,"valueName":"search_term_string"}}],"inLanguage":"en-GB"},{"@type":"Organization","@id":"https:\/\/demourshop.com\/#organization","name":"Demourshop","url":"https:\/\/demourshop.com\/","logo":{"@type":"ImageObject","inLanguage":"en-GB","@id":"https:\/\/demourshop.com\/#\/schema\/logo\/image\/","url":"https:\/\/demourshop.com\/wp-content\/uploads\/2023\/08\/logo-wine-2-1-1.png","contentUrl":"https:\/\/demourshop.com\/wp-content\/uploads\/2023\/08\/logo-wine-2-1-1.png","width":400,"height":145,"caption":"Demourshop"},"image":{"@id":"https:\/\/demourshop.com\/#\/schema\/logo\/image\/"}}]}},"_links":{"self":[{"href":"https:\/\/demourshop.com\/en\/wp-json\/wp\/v2\/product\/65239","targetHints":{"allow":["GET"]}}],"collection":[{"href":"https:\/\/demourshop.com\/en\/wp-json\/wp\/v2\/product"}],"about":[{"href":"https:\/\/demourshop.com\/en\/wp-json\/wp\/v2\/types\/product"}],"version-history":[{"count":6,"href":"https:\/\/demourshop.com\/en\/wp-json\/wp\/v2\/product\/65239\/revisions"}],"predecessor-version":[{"id":70335,"href":"https:\/\/demourshop.com\/en\/wp-json\/wp\/v2\/product\/65239\/revisions\/70335"}],"wp:featuredmedia":[{"embeddable":true,"href":"https:\/\/demourshop.com\/en\/wp-json\/wp\/v2\/media\/66902"}],"wp:attachment":[{"href":"https:\/\/demourshop.com\/en\/wp-json\/wp\/v2\/media?parent=65239"}],"wp:term":[{"taxonomy":"product_brand","embeddable":true,"href":"https:\/\/demourshop.com\/en\/wp-json\/wp\/v2\/product_brand?post=65239"},{"taxonomy":"product_cat","embeddable":true,"href":"https:\/\/demourshop.com\/en\/wp-json\/wp\/v2\/product_cat?post=65239"},{"taxonomy":"product_tag","embeddable":true,"href":"https:\/\/demourshop.com\/en\/wp-json\/wp\/v2\/product_tag?post=65239"}],"curies":[{"name":"wp","href":"https:\/\/api.w.org\/{rel}","templated":true}]}}