{"id":65229,"date":"2024-11-26T12:13:55","date_gmt":"2024-11-26T11:13:55","guid":{"rendered":"https:\/\/demourshop.com\/?post_type=product&#038;p=65229"},"modified":"2025-09-26T15:31:30","modified_gmt":"2025-09-26T13:31:30","slug":"vallegre-colheita-2021","status":"publish","type":"product","link":"https:\/\/demourshop.com\/en\/product\/vallegre-colheita-2021\/","title":{"rendered":"Vallegre Colheita 2021"},"content":{"rendered":"<p>Vallegre Colheita 2021. Ce vin blanc s\u2019appr\u00e9cie autour de <strong>9\u00b0C<\/strong> et se marie parfaitement avec des <strong>fruits de mer<\/strong>, des <em>poissons grill\u00e9s<\/em> ou une <strong>salade fra\u00eeche de saison<\/strong>. Il accompagne aussi tr\u00e8s bien un <em>fromage de brebis<\/em> ou une tarte fine aux l\u00e9gumes. \u00c0 d\u00e9guster jeune, il offre un parfait compromis entre expression aromatique et structure. \u00c0 consommer dans les deux ans pour appr\u00e9cier toute sa fra\u00eecheur.<\/p>","protected":false},"excerpt":{"rendered":"<p><strong>Vallegre Colheita 2021<\/strong> \u2013 Vin blanc portugais du Douro, \u00e9labor\u00e9 avec les c\u00e9pages autochtones Viosinho, Arinto, Rabigato et Gouveio.<\/p>","protected":false},"featured_media":69397,"template":"","meta":{"_acf_changed":false},"product_brand":[],"product_cat":[378,691,507,552,676,688,382,390,689,395,375,393,690],"product_tag":[],"class_list":{"0":"post-65229","1":"product","2":"type-product","3":"status-publish","4":"has-post-thumbnail","6":"product_cat-appellations-vin-en-ligne","7":"product_cat-arinto-en-ligne","8":"product_cat-cepages-vin-en-ligne","9":"product_cat-vin-par-couleur-en-ligne","10":"product_cat-vin-douro-en-ligne","11":"product_cat-gouveio-en-ligne","12":"product_cat-vin-par-pays-en-ligne","13":"product_cat-vin-portugal-en-ligne","14":"product_cat-rabigato-en-ligne","15":"product_cat-vin-agriculture-raisonnee","16":"product_cat-vin-rouge-en-ligne","17":"product_cat-vins-par-methode-de-vinification","18":"product_cat-viosinho-en-ligne","19":"pa_appellations-douro","20":"pa_cepages-arinto","21":"pa_cepages-gouveio","22":"pa_cepages-rabigato","23":"pa_cepages-viosinho","24":"pa_couleurs-blanc","25":"pa_formats-75cl","26":"pa_millesimes-175","27":"pa_pays-portugal","28":"pa_quantites-a-lunite","29":"pa_quantites-carton-de-3-bouteilles","30":"pa_quantites-carton-de-6-bouteilles","31":"pa_vinifications-raisonnee","33":"first","34":"instock","35":"taxable","36":"shipping-taxable","37":"purchasable","38":"product-type-simple"},"acf":[],"yoast_head":"<!-- This site is optimized with the Yoast SEO plugin v27.4 - https:\/\/yoast.com\/product\/yoast-seo-wordpress\/ -->\n<title>Vallegre Colheita 2021 - Demourshop<\/title>\n<meta name=\"description\" content=\"Vallegre Colheita 2021 \u2013 Vin blanc du Douro, \u00e9l\u00e9gant et frais, aux ar\u00f4mes d\u2019agrumes et fleurs blanches. Id\u00e9al avec fruits de mer et fromages frais.\" \/>\n<meta name=\"robots\" content=\"index, follow, max-snippet:-1, max-image-preview:large, max-video-preview:-1\" \/>\n<link rel=\"canonical\" href=\"https:\/\/demourshop.com\/en\/product\/vallegre-colheita-2021\/\" \/>\n<meta property=\"og:locale\" content=\"en_GB\" \/>\n<meta property=\"og:type\" content=\"article\" \/>\n<meta property=\"og:title\" content=\"Vallegre Colheita 2021 - Demourshop\" \/>\n<meta property=\"og:description\" content=\"Vallegre Colheita 2021 \u2013 Vin blanc du Douro, \u00e9l\u00e9gant et frais, aux ar\u00f4mes d\u2019agrumes et fleurs blanches. Id\u00e9al avec fruits de mer et fromages frais.\" \/>\n<meta property=\"og:url\" content=\"https:\/\/demourshop.com\/en\/product\/vallegre-colheita-2021\/\" \/>\n<meta property=\"og:site_name\" content=\"Demourshop\" \/>\n<meta property=\"article:modified_time\" content=\"2025-09-26T13:31:30+00:00\" \/>\n<meta property=\"og:image\" content=\"http:\/\/demourshop.com\/wp-content\/uploads\/2024\/11\/Vallegre-Colheita-2021.png\" \/>\n\t<meta property=\"og:image:width\" content=\"700\" \/>\n\t<meta property=\"og:image:height\" content=\"700\" \/>\n\t<meta property=\"og:image:type\" content=\"image\/png\" \/>\n<meta name=\"twitter:card\" content=\"summary_large_image\" \/>\n<meta name=\"twitter:label1\" content=\"Estimated reading time\" \/>\n\t<meta name=\"twitter:data1\" content=\"2 minutes\" \/>\n<script type=\"application\/ld+json\" class=\"yoast-schema-graph\">{\"@context\":\"https:\\\/\\\/schema.org\",\"@graph\":[{\"@type\":\"WebPage\",\"@id\":\"https:\\\/\\\/demourshop.com\\\/produit\\\/vallegre-colheita-2021\\\/\",\"url\":\"https:\\\/\\\/demourshop.com\\\/produit\\\/vallegre-colheita-2021\\\/\",\"name\":\"Vallegre Colheita 2021 - Demourshop\",\"isPartOf\":{\"@id\":\"https:\\\/\\\/demourshop.com\\\/#website\"},\"primaryImageOfPage\":{\"@id\":\"https:\\\/\\\/demourshop.com\\\/produit\\\/vallegre-colheita-2021\\\/#primaryimage\"},\"image\":{\"@id\":\"https:\\\/\\\/demourshop.com\\\/produit\\\/vallegre-colheita-2021\\\/#primaryimage\"},\"thumbnailUrl\":\"https:\\\/\\\/demourshop.com\\\/wp-content\\\/uploads\\\/2024\\\/11\\\/Vallegre-Colheita-2021.png\",\"datePublished\":\"2024-11-26T11:13:55+00:00\",\"dateModified\":\"2025-09-26T13:31:30+00:00\",\"description\":\"Vallegre Colheita 2021 \u2013 Vin blanc du Douro, \u00e9l\u00e9gant et frais, aux ar\u00f4mes d\u2019agrumes et fleurs blanches. Id\u00e9al avec fruits de mer et fromages frais.\",\"breadcrumb\":{\"@id\":\"https:\\\/\\\/demourshop.com\\\/produit\\\/vallegre-colheita-2021\\\/#breadcrumb\"},\"inLanguage\":\"en-GB\",\"potentialAction\":[{\"@type\":\"ReadAction\",\"target\":[\"https:\\\/\\\/demourshop.com\\\/produit\\\/vallegre-colheita-2021\\\/\"]}]},{\"@type\":\"ImageObject\",\"inLanguage\":\"en-GB\",\"@id\":\"https:\\\/\\\/demourshop.com\\\/produit\\\/vallegre-colheita-2021\\\/#primaryimage\",\"url\":\"https:\\\/\\\/demourshop.com\\\/wp-content\\\/uploads\\\/2024\\\/11\\\/Vallegre-Colheita-2021.png\",\"contentUrl\":\"https:\\\/\\\/demourshop.com\\\/wp-content\\\/uploads\\\/2024\\\/11\\\/Vallegre-Colheita-2021.png\",\"width\":700,\"height\":700,\"caption\":\"Bouteille de Vallegre Colheita 2021 \u2013 vin blanc du Douro \u00e9labor\u00e9 avec Viosinho, Arinto, Rabigato et Gouveio\"},{\"@type\":\"BreadcrumbList\",\"@id\":\"https:\\\/\\\/demourshop.com\\\/produit\\\/vallegre-colheita-2021\\\/#breadcrumb\",\"itemListElement\":[{\"@type\":\"ListItem\",\"position\":1,\"name\":\"Accueil\",\"item\":\"https:\\\/\\\/demourshop.com\\\/\"},{\"@type\":\"ListItem\",\"position\":2,\"name\":\"Boutique\",\"item\":\"https:\\\/\\\/demourshop.com\\\/boutique\\\/\"},{\"@type\":\"ListItem\",\"position\":3,\"name\":\"Vallegre Colheita 2021\"}]},{\"@type\":\"WebSite\",\"@id\":\"https:\\\/\\\/demourshop.com\\\/#website\",\"url\":\"https:\\\/\\\/demourshop.com\\\/\",\"name\":\"Demourshop\",\"description\":\"\",\"publisher\":{\"@id\":\"https:\\\/\\\/demourshop.com\\\/#organization\"},\"potentialAction\":[{\"@type\":\"SearchAction\",\"target\":{\"@type\":\"EntryPoint\",\"urlTemplate\":\"https:\\\/\\\/demourshop.com\\\/?s={search_term_string}\"},\"query-input\":{\"@type\":\"PropertyValueSpecification\",\"valueRequired\":true,\"valueName\":\"search_term_string\"}}],\"inLanguage\":\"en-GB\"},{\"@type\":\"Organization\",\"@id\":\"https:\\\/\\\/demourshop.com\\\/#organization\",\"name\":\"Demourshop\",\"url\":\"https:\\\/\\\/demourshop.com\\\/\",\"logo\":{\"@type\":\"ImageObject\",\"inLanguage\":\"en-GB\",\"@id\":\"https:\\\/\\\/demourshop.com\\\/#\\\/schema\\\/logo\\\/image\\\/\",\"url\":\"https:\\\/\\\/demourshop.com\\\/wp-content\\\/uploads\\\/2023\\\/08\\\/logo-wine-2-1-1.png\",\"contentUrl\":\"https:\\\/\\\/demourshop.com\\\/wp-content\\\/uploads\\\/2023\\\/08\\\/logo-wine-2-1-1.png\",\"width\":400,\"height\":145,\"caption\":\"Demourshop\"},\"image\":{\"@id\":\"https:\\\/\\\/demourshop.com\\\/#\\\/schema\\\/logo\\\/image\\\/\"}}]}<\/script>\n<!-- \/ Yoast SEO plugin. -->","yoast_head_json":{"title":"Vallegre Colheita 2021 - Demourshop","description":"Vallegre Colheita 2021 \u2013 Vin blanc du Douro, \u00e9l\u00e9gant et frais, aux ar\u00f4mes d\u2019agrumes et fleurs blanches. Id\u00e9al avec fruits de mer et fromages frais.","robots":{"index":"index","follow":"follow","max-snippet":"max-snippet:-1","max-image-preview":"max-image-preview:large","max-video-preview":"max-video-preview:-1"},"canonical":"https:\/\/demourshop.com\/en\/product\/vallegre-colheita-2021\/","og_locale":"en_GB","og_type":"article","og_title":"Vallegre Colheita 2021 - Demourshop","og_description":"Vallegre Colheita 2021 \u2013 Vin blanc du Douro, \u00e9l\u00e9gant et frais, aux ar\u00f4mes d\u2019agrumes et fleurs blanches. Id\u00e9al avec fruits de mer et fromages frais.","og_url":"https:\/\/demourshop.com\/en\/product\/vallegre-colheita-2021\/","og_site_name":"Demourshop","article_modified_time":"2025-09-26T13:31:30+00:00","og_image":[{"width":700,"height":700,"url":"http:\/\/demourshop.com\/wp-content\/uploads\/2024\/11\/Vallegre-Colheita-2021.png","type":"image\/png"}],"twitter_card":"summary_large_image","twitter_misc":{"Estimated reading time":"2 minutes"},"schema":{"@context":"https:\/\/schema.org","@graph":[{"@type":"WebPage","@id":"https:\/\/demourshop.com\/produit\/vallegre-colheita-2021\/","url":"https:\/\/demourshop.com\/produit\/vallegre-colheita-2021\/","name":"Vallegre Colheita 2021 - Demourshop","isPartOf":{"@id":"https:\/\/demourshop.com\/#website"},"primaryImageOfPage":{"@id":"https:\/\/demourshop.com\/produit\/vallegre-colheita-2021\/#primaryimage"},"image":{"@id":"https:\/\/demourshop.com\/produit\/vallegre-colheita-2021\/#primaryimage"},"thumbnailUrl":"https:\/\/demourshop.com\/wp-content\/uploads\/2024\/11\/Vallegre-Colheita-2021.png","datePublished":"2024-11-26T11:13:55+00:00","dateModified":"2025-09-26T13:31:30+00:00","description":"Vallegre Colheita 2021 \u2013 Vin blanc du Douro, \u00e9l\u00e9gant et frais, aux ar\u00f4mes d\u2019agrumes et fleurs blanches. Id\u00e9al avec fruits de mer et fromages frais.","breadcrumb":{"@id":"https:\/\/demourshop.com\/produit\/vallegre-colheita-2021\/#breadcrumb"},"inLanguage":"en-GB","potentialAction":[{"@type":"ReadAction","target":["https:\/\/demourshop.com\/produit\/vallegre-colheita-2021\/"]}]},{"@type":"ImageObject","inLanguage":"en-GB","@id":"https:\/\/demourshop.com\/produit\/vallegre-colheita-2021\/#primaryimage","url":"https:\/\/demourshop.com\/wp-content\/uploads\/2024\/11\/Vallegre-Colheita-2021.png","contentUrl":"https:\/\/demourshop.com\/wp-content\/uploads\/2024\/11\/Vallegre-Colheita-2021.png","width":700,"height":700,"caption":"Bouteille de Vallegre Colheita 2021 \u2013 vin blanc du Douro \u00e9labor\u00e9 avec Viosinho, Arinto, Rabigato et Gouveio"},{"@type":"BreadcrumbList","@id":"https:\/\/demourshop.com\/produit\/vallegre-colheita-2021\/#breadcrumb","itemListElement":[{"@type":"ListItem","position":1,"name":"Accueil","item":"https:\/\/demourshop.com\/"},{"@type":"ListItem","position":2,"name":"Boutique","item":"https:\/\/demourshop.com\/boutique\/"},{"@type":"ListItem","position":3,"name":"Vallegre Colheita 2021"}]},{"@type":"WebSite","@id":"https:\/\/demourshop.com\/#website","url":"https:\/\/demourshop.com\/","name":"Demourshop","description":"","publisher":{"@id":"https:\/\/demourshop.com\/#organization"},"potentialAction":[{"@type":"SearchAction","target":{"@type":"EntryPoint","urlTemplate":"https:\/\/demourshop.com\/?s={search_term_string}"},"query-input":{"@type":"PropertyValueSpecification","valueRequired":true,"valueName":"search_term_string"}}],"inLanguage":"en-GB"},{"@type":"Organization","@id":"https:\/\/demourshop.com\/#organization","name":"Demourshop","url":"https:\/\/demourshop.com\/","logo":{"@type":"ImageObject","inLanguage":"en-GB","@id":"https:\/\/demourshop.com\/#\/schema\/logo\/image\/","url":"https:\/\/demourshop.com\/wp-content\/uploads\/2023\/08\/logo-wine-2-1-1.png","contentUrl":"https:\/\/demourshop.com\/wp-content\/uploads\/2023\/08\/logo-wine-2-1-1.png","width":400,"height":145,"caption":"Demourshop"},"image":{"@id":"https:\/\/demourshop.com\/#\/schema\/logo\/image\/"}}]}},"_links":{"self":[{"href":"https:\/\/demourshop.com\/en\/wp-json\/wp\/v2\/product\/65229","targetHints":{"allow":["GET"]}}],"collection":[{"href":"https:\/\/demourshop.com\/en\/wp-json\/wp\/v2\/product"}],"about":[{"href":"https:\/\/demourshop.com\/en\/wp-json\/wp\/v2\/types\/product"}],"version-history":[{"count":7,"href":"https:\/\/demourshop.com\/en\/wp-json\/wp\/v2\/product\/65229\/revisions"}],"predecessor-version":[{"id":70359,"href":"https:\/\/demourshop.com\/en\/wp-json\/wp\/v2\/product\/65229\/revisions\/70359"}],"wp:featuredmedia":[{"embeddable":true,"href":"https:\/\/demourshop.com\/en\/wp-json\/wp\/v2\/media\/69397"}],"wp:attachment":[{"href":"https:\/\/demourshop.com\/en\/wp-json\/wp\/v2\/media?parent=65229"}],"wp:term":[{"taxonomy":"product_brand","embeddable":true,"href":"https:\/\/demourshop.com\/en\/wp-json\/wp\/v2\/product_brand?post=65229"},{"taxonomy":"product_cat","embeddable":true,"href":"https:\/\/demourshop.com\/en\/wp-json\/wp\/v2\/product_cat?post=65229"},{"taxonomy":"product_tag","embeddable":true,"href":"https:\/\/demourshop.com\/en\/wp-json\/wp\/v2\/product_tag?post=65229"}],"curies":[{"name":"wp","href":"https:\/\/api.w.org\/{rel}","templated":true}]}}