{"id":65221,"date":"2024-10-23T12:21:54","date_gmt":"2024-10-23T10:21:54","guid":{"rendered":"https:\/\/demourshop.com\/?post_type=product&#038;p=65221"},"modified":"2025-09-26T15:27:20","modified_gmt":"2025-09-26T13:27:20","slug":"marigny-chardonnay-2022","status":"publish","type":"product","link":"https:\/\/demourshop.com\/en\/product\/marigny-chardonnay-2022\/","title":{"rendered":"Marigny Chardonnay 2022"},"content":{"rendered":"<p>Le <strong>Marigny Chardonnay 2022<\/strong> se sert frais, entre 8 et 10\u00b0C, pour r\u00e9v\u00e9ler tout son \u00e9clat aromatique. Ce vin blanc du Languedoc s\u2019invite aussi bien \u00e0 l\u2019ap\u00e9ritif qu\u2019en accompagnement de plats simples et savoureux. Gr\u00e2ce \u00e0 sa l\u00e9g\u00e8ret\u00e9 et son profil consensuel, il s\u00e9duit aussi bien les amateurs \u00e9clair\u00e9s que les n\u00e9ophytes. Il peut se conserver 1 \u00e0 2 ans en cave, mais offre d\u00e8s maintenant une belle intensit\u00e9. Un excellent rapport qualit\u00e9-prix pour vos moments de partage.<\/p>","protected":false},"excerpt":{"rendered":"<p><strong>Marigny Chardonnay 2022<\/strong> \u2013 IGP Pays d\u2019Oc frais et fruit\u00e9. 100% Chardonnay. Id\u00e9al \u00e0 l\u2019ap\u00e9ritif, avec poissons grill\u00e9s ou fromages frais.<\/p>","protected":false},"featured_media":69446,"template":"","meta":{"_acf_changed":false},"product_brand":[],"product_cat":[378,507,398,552,383,452,382,395,374,393],"product_tag":[],"class_list":{"0":"post-65221","1":"product","2":"type-product","3":"status-publish","4":"has-post-thumbnail","6":"product_cat-appellations-vin-en-ligne","7":"product_cat-cepages-vin-en-ligne","8":"product_cat-chardonnay-en-ligne","9":"product_cat-vin-par-couleur-en-ligne","10":"product_cat-vin-de-france-en-ligne","11":"product_cat-igp-pays-doc-en-ligne","12":"product_cat-vin-par-pays-en-ligne","13":"product_cat-vin-agriculture-raisonnee","14":"product_cat-vin-blanc-en-ligne","15":"product_cat-vins-par-methode-de-vinification","16":"pa_appellations-igp-pays-doc","17":"pa_cepages-chardonnay","18":"pa_couleurs-blanc","19":"pa_formats-75cl","20":"pa_millesimes-174","21":"pa_pays-france","22":"pa_vinifications-raisonnee","24":"first","25":"instock","26":"taxable","27":"shipping-taxable","28":"purchasable","29":"product-type-simple"},"acf":[],"yoast_head":"<!-- This site is optimized with the Yoast SEO plugin v27.4 - https:\/\/yoast.com\/product\/yoast-seo-wordpress\/ -->\n<title>Marigny Chardonnay 2022 - Demourshop<\/title>\n<meta name=\"description\" content=\"Marigny Chardonnay 2022 \u2013 Pays d\u2019Oc blanc frais et fruit\u00e9. 100% Chardonnay. Parfait ap\u00e9ritif, poissons, fromages. Livraison rapide \u2013 prix domaine.\" \/>\n<meta name=\"robots\" content=\"index, follow, max-snippet:-1, max-image-preview:large, max-video-preview:-1\" \/>\n<link rel=\"canonical\" href=\"https:\/\/demourshop.com\/en\/product\/marigny-chardonnay-2022\/\" \/>\n<meta property=\"og:locale\" content=\"en_GB\" \/>\n<meta property=\"og:type\" content=\"article\" \/>\n<meta property=\"og:title\" content=\"Marigny Chardonnay 2022 - Demourshop\" \/>\n<meta property=\"og:description\" content=\"Marigny Chardonnay 2022 \u2013 Pays d\u2019Oc blanc frais et fruit\u00e9. 100% Chardonnay. Parfait ap\u00e9ritif, poissons, fromages. Livraison rapide \u2013 prix domaine.\" \/>\n<meta property=\"og:url\" content=\"https:\/\/demourshop.com\/en\/product\/marigny-chardonnay-2022\/\" \/>\n<meta property=\"og:site_name\" content=\"Demourshop\" \/>\n<meta property=\"article:modified_time\" content=\"2025-09-26T13:27:20+00:00\" \/>\n<meta property=\"og:image\" content=\"http:\/\/demourshop.com\/wp-content\/uploads\/2024\/10\/Marigny.png\" \/>\n\t<meta property=\"og:image:width\" content=\"700\" \/>\n\t<meta property=\"og:image:height\" content=\"700\" \/>\n\t<meta property=\"og:image:type\" content=\"image\/png\" \/>\n<meta name=\"twitter:card\" content=\"summary_large_image\" \/>\n<meta name=\"twitter:label1\" content=\"Estimated reading time\" \/>\n\t<meta name=\"twitter:data1\" content=\"3 minutes\" \/>\n<script type=\"application\/ld+json\" class=\"yoast-schema-graph\">{\"@context\":\"https:\\\/\\\/schema.org\",\"@graph\":[{\"@type\":\"WebPage\",\"@id\":\"https:\\\/\\\/demourshop.com\\\/produit\\\/marigny-chardonnay-2022\\\/\",\"url\":\"https:\\\/\\\/demourshop.com\\\/produit\\\/marigny-chardonnay-2022\\\/\",\"name\":\"Marigny Chardonnay 2022 - Demourshop\",\"isPartOf\":{\"@id\":\"https:\\\/\\\/demourshop.com\\\/#website\"},\"primaryImageOfPage\":{\"@id\":\"https:\\\/\\\/demourshop.com\\\/produit\\\/marigny-chardonnay-2022\\\/#primaryimage\"},\"image\":{\"@id\":\"https:\\\/\\\/demourshop.com\\\/produit\\\/marigny-chardonnay-2022\\\/#primaryimage\"},\"thumbnailUrl\":\"https:\\\/\\\/demourshop.com\\\/wp-content\\\/uploads\\\/2024\\\/10\\\/Marigny.png\",\"datePublished\":\"2024-10-23T10:21:54+00:00\",\"dateModified\":\"2025-09-26T13:27:20+00:00\",\"description\":\"Marigny Chardonnay 2022 \u2013 Pays d\u2019Oc blanc frais et fruit\u00e9. 100% Chardonnay. Parfait ap\u00e9ritif, poissons, fromages. Livraison rapide \u2013 prix domaine.\",\"breadcrumb\":{\"@id\":\"https:\\\/\\\/demourshop.com\\\/produit\\\/marigny-chardonnay-2022\\\/#breadcrumb\"},\"inLanguage\":\"en-GB\",\"potentialAction\":[{\"@type\":\"ReadAction\",\"target\":[\"https:\\\/\\\/demourshop.com\\\/produit\\\/marigny-chardonnay-2022\\\/\"]}]},{\"@type\":\"ImageObject\",\"inLanguage\":\"en-GB\",\"@id\":\"https:\\\/\\\/demourshop.com\\\/produit\\\/marigny-chardonnay-2022\\\/#primaryimage\",\"url\":\"https:\\\/\\\/demourshop.com\\\/wp-content\\\/uploads\\\/2024\\\/10\\\/Marigny.png\",\"contentUrl\":\"https:\\\/\\\/demourshop.com\\\/wp-content\\\/uploads\\\/2024\\\/10\\\/Marigny.png\",\"width\":700,\"height\":700,\"caption\":\"Marigny Chardonnay 2022 \u2013 bouteille de vin blanc IGP Pays d\u2019Oc, 100% Chardonnay, frais, fruit\u00e9 et \u00e9l\u00e9gant.\"},{\"@type\":\"BreadcrumbList\",\"@id\":\"https:\\\/\\\/demourshop.com\\\/produit\\\/marigny-chardonnay-2022\\\/#breadcrumb\",\"itemListElement\":[{\"@type\":\"ListItem\",\"position\":1,\"name\":\"Accueil\",\"item\":\"https:\\\/\\\/demourshop.com\\\/\"},{\"@type\":\"ListItem\",\"position\":2,\"name\":\"Boutique\",\"item\":\"https:\\\/\\\/demourshop.com\\\/boutique\\\/\"},{\"@type\":\"ListItem\",\"position\":3,\"name\":\"Marigny Chardonnay 2022\"}]},{\"@type\":\"WebSite\",\"@id\":\"https:\\\/\\\/demourshop.com\\\/#website\",\"url\":\"https:\\\/\\\/demourshop.com\\\/\",\"name\":\"Demourshop\",\"description\":\"\",\"publisher\":{\"@id\":\"https:\\\/\\\/demourshop.com\\\/#organization\"},\"potentialAction\":[{\"@type\":\"SearchAction\",\"target\":{\"@type\":\"EntryPoint\",\"urlTemplate\":\"https:\\\/\\\/demourshop.com\\\/?s={search_term_string}\"},\"query-input\":{\"@type\":\"PropertyValueSpecification\",\"valueRequired\":true,\"valueName\":\"search_term_string\"}}],\"inLanguage\":\"en-GB\"},{\"@type\":\"Organization\",\"@id\":\"https:\\\/\\\/demourshop.com\\\/#organization\",\"name\":\"Demourshop\",\"url\":\"https:\\\/\\\/demourshop.com\\\/\",\"logo\":{\"@type\":\"ImageObject\",\"inLanguage\":\"en-GB\",\"@id\":\"https:\\\/\\\/demourshop.com\\\/#\\\/schema\\\/logo\\\/image\\\/\",\"url\":\"https:\\\/\\\/demourshop.com\\\/wp-content\\\/uploads\\\/2023\\\/08\\\/logo-wine-2-1-1.png\",\"contentUrl\":\"https:\\\/\\\/demourshop.com\\\/wp-content\\\/uploads\\\/2023\\\/08\\\/logo-wine-2-1-1.png\",\"width\":400,\"height\":145,\"caption\":\"Demourshop\"},\"image\":{\"@id\":\"https:\\\/\\\/demourshop.com\\\/#\\\/schema\\\/logo\\\/image\\\/\"}}]}<\/script>\n<!-- \/ Yoast SEO plugin. -->","yoast_head_json":{"title":"Marigny Chardonnay 2022 - Demourshop","description":"Marigny Chardonnay 2022 \u2013 Pays d\u2019Oc blanc frais et fruit\u00e9. 100% Chardonnay. Parfait ap\u00e9ritif, poissons, fromages. Livraison rapide \u2013 prix domaine.","robots":{"index":"index","follow":"follow","max-snippet":"max-snippet:-1","max-image-preview":"max-image-preview:large","max-video-preview":"max-video-preview:-1"},"canonical":"https:\/\/demourshop.com\/en\/product\/marigny-chardonnay-2022\/","og_locale":"en_GB","og_type":"article","og_title":"Marigny Chardonnay 2022 - Demourshop","og_description":"Marigny Chardonnay 2022 \u2013 Pays d\u2019Oc blanc frais et fruit\u00e9. 100% Chardonnay. Parfait ap\u00e9ritif, poissons, fromages. Livraison rapide \u2013 prix domaine.","og_url":"https:\/\/demourshop.com\/en\/product\/marigny-chardonnay-2022\/","og_site_name":"Demourshop","article_modified_time":"2025-09-26T13:27:20+00:00","og_image":[{"width":700,"height":700,"url":"http:\/\/demourshop.com\/wp-content\/uploads\/2024\/10\/Marigny.png","type":"image\/png"}],"twitter_card":"summary_large_image","twitter_misc":{"Estimated reading time":"3 minutes"},"schema":{"@context":"https:\/\/schema.org","@graph":[{"@type":"WebPage","@id":"https:\/\/demourshop.com\/produit\/marigny-chardonnay-2022\/","url":"https:\/\/demourshop.com\/produit\/marigny-chardonnay-2022\/","name":"Marigny Chardonnay 2022 - Demourshop","isPartOf":{"@id":"https:\/\/demourshop.com\/#website"},"primaryImageOfPage":{"@id":"https:\/\/demourshop.com\/produit\/marigny-chardonnay-2022\/#primaryimage"},"image":{"@id":"https:\/\/demourshop.com\/produit\/marigny-chardonnay-2022\/#primaryimage"},"thumbnailUrl":"https:\/\/demourshop.com\/wp-content\/uploads\/2024\/10\/Marigny.png","datePublished":"2024-10-23T10:21:54+00:00","dateModified":"2025-09-26T13:27:20+00:00","description":"Marigny Chardonnay 2022 \u2013 Pays d\u2019Oc blanc frais et fruit\u00e9. 100% Chardonnay. Parfait ap\u00e9ritif, poissons, fromages. Livraison rapide \u2013 prix domaine.","breadcrumb":{"@id":"https:\/\/demourshop.com\/produit\/marigny-chardonnay-2022\/#breadcrumb"},"inLanguage":"en-GB","potentialAction":[{"@type":"ReadAction","target":["https:\/\/demourshop.com\/produit\/marigny-chardonnay-2022\/"]}]},{"@type":"ImageObject","inLanguage":"en-GB","@id":"https:\/\/demourshop.com\/produit\/marigny-chardonnay-2022\/#primaryimage","url":"https:\/\/demourshop.com\/wp-content\/uploads\/2024\/10\/Marigny.png","contentUrl":"https:\/\/demourshop.com\/wp-content\/uploads\/2024\/10\/Marigny.png","width":700,"height":700,"caption":"Marigny Chardonnay 2022 \u2013 bouteille de vin blanc IGP Pays d\u2019Oc, 100% Chardonnay, frais, fruit\u00e9 et \u00e9l\u00e9gant."},{"@type":"BreadcrumbList","@id":"https:\/\/demourshop.com\/produit\/marigny-chardonnay-2022\/#breadcrumb","itemListElement":[{"@type":"ListItem","position":1,"name":"Accueil","item":"https:\/\/demourshop.com\/"},{"@type":"ListItem","position":2,"name":"Boutique","item":"https:\/\/demourshop.com\/boutique\/"},{"@type":"ListItem","position":3,"name":"Marigny Chardonnay 2022"}]},{"@type":"WebSite","@id":"https:\/\/demourshop.com\/#website","url":"https:\/\/demourshop.com\/","name":"Demourshop","description":"","publisher":{"@id":"https:\/\/demourshop.com\/#organization"},"potentialAction":[{"@type":"SearchAction","target":{"@type":"EntryPoint","urlTemplate":"https:\/\/demourshop.com\/?s={search_term_string}"},"query-input":{"@type":"PropertyValueSpecification","valueRequired":true,"valueName":"search_term_string"}}],"inLanguage":"en-GB"},{"@type":"Organization","@id":"https:\/\/demourshop.com\/#organization","name":"Demourshop","url":"https:\/\/demourshop.com\/","logo":{"@type":"ImageObject","inLanguage":"en-GB","@id":"https:\/\/demourshop.com\/#\/schema\/logo\/image\/","url":"https:\/\/demourshop.com\/wp-content\/uploads\/2023\/08\/logo-wine-2-1-1.png","contentUrl":"https:\/\/demourshop.com\/wp-content\/uploads\/2023\/08\/logo-wine-2-1-1.png","width":400,"height":145,"caption":"Demourshop"},"image":{"@id":"https:\/\/demourshop.com\/#\/schema\/logo\/image\/"}}]}},"_links":{"self":[{"href":"https:\/\/demourshop.com\/en\/wp-json\/wp\/v2\/product\/65221","targetHints":{"allow":["GET"]}}],"collection":[{"href":"https:\/\/demourshop.com\/en\/wp-json\/wp\/v2\/product"}],"about":[{"href":"https:\/\/demourshop.com\/en\/wp-json\/wp\/v2\/types\/product"}],"version-history":[{"count":10,"href":"https:\/\/demourshop.com\/en\/wp-json\/wp\/v2\/product\/65221\/revisions"}],"predecessor-version":[{"id":70470,"href":"https:\/\/demourshop.com\/en\/wp-json\/wp\/v2\/product\/65221\/revisions\/70470"}],"wp:featuredmedia":[{"embeddable":true,"href":"https:\/\/demourshop.com\/en\/wp-json\/wp\/v2\/media\/69446"}],"wp:attachment":[{"href":"https:\/\/demourshop.com\/en\/wp-json\/wp\/v2\/media?parent=65221"}],"wp:term":[{"taxonomy":"product_brand","embeddable":true,"href":"https:\/\/demourshop.com\/en\/wp-json\/wp\/v2\/product_brand?post=65221"},{"taxonomy":"product_cat","embeddable":true,"href":"https:\/\/demourshop.com\/en\/wp-json\/wp\/v2\/product_cat?post=65221"},{"taxonomy":"product_tag","embeddable":true,"href":"https:\/\/demourshop.com\/en\/wp-json\/wp\/v2\/product_tag?post=65221"}],"curies":[{"name":"wp","href":"https:\/\/api.w.org\/{rel}","templated":true}]}}