{"id":65217,"date":"2024-10-09T16:51:47","date_gmt":"2024-10-09T14:51:47","guid":{"rendered":"https:\/\/demourshop.com\/?post_type=product&#038;p=65217"},"modified":"2025-05-27T10:37:49","modified_gmt":"2025-05-27T08:37:49","slug":"chateau-pedesclaux","status":"publish","type":"product","link":"https:\/\/demourshop.com\/en\/product\/chateau-pedesclaux\/","title":{"rendered":"Ch\u00e2teau P\u00e9desclaux 2015"},"content":{"rendered":"<p>\u00c0 servir entre 17 et 18\u00b0C, apr\u00e8s un carafage d\u2019une heure. <strong>Ch\u00e2teau P\u00e9desclaux 2015<\/strong> est un compagnon id\u00e9al des viandes rouges grill\u00e9es, des plats en sauce, ou d\u2019un gibier r\u00f4ti. Il s\u2019accorde \u00e9galement \u00e0 merveille avec un fromage affin\u00e9. Pr\u00eat \u00e0 boire d\u00e8s aujourd\u2019hui, il peut \u00e9galement se garder en cave encore 8 \u00e0 10 ans. C\u2019est une tr\u00e8s belle occasion de d\u00e9couvrir un Grand Cru Class\u00e9 moderne \u00e0 son apog\u00e9e, sans attendre des d\u00e9cennies.<\/p>","protected":false},"excerpt":{"rendered":"<p><strong>Ch\u00e2teau P\u00e9desclaux 2015<\/strong> \u2013 Grand Cru Class\u00e9 de Pauillac. Un Bordeaux rac\u00e9, pr\u00e9cis et soyeux. Mill\u00e9sime d&rsquo;exception pr\u00eat \u00e0 boire.<\/p>","protected":false},"featured_media":69794,"template":"","meta":{"_acf_changed":false},"product_brand":[],"product_cat":[378,394,464,507,552,383,409,574,382,420,375,393],"product_tag":[],"class_list":{"0":"post-65217","1":"product","2":"type-product","3":"status-publish","4":"has-post-thumbnail","6":"product_cat-appellations-vin-en-ligne","7":"product_cat-vin-bio-en-ligne","8":"product_cat-cabernet-sauvignon-en-ligne","9":"product_cat-cepages-vin-en-ligne","10":"product_cat-vin-par-couleur-en-ligne","11":"product_cat-vin-de-france-en-ligne","12":"product_cat-merlot-en-ligne","13":"product_cat-vin-pauillac-en-ligne","14":"product_cat-vin-par-pays-en-ligne","15":"product_cat-petit-verdot-en-ligne","16":"product_cat-vin-rouge-en-ligne","17":"product_cat-vins-par-methode-de-vinification","18":"pa_appellations-pauillac","19":"pa_cepages-cabernet-sauvignon","20":"pa_cepages-merlot","21":"pa_cepages-petit-verdot","22":"pa_couleurs-rouge","23":"pa_formats-75cl","24":"pa_millesimes-181","25":"pa_pays-france","26":"pa_quantites-a-lunite","27":"pa_quantites-carton-de-3-bouteilles","28":"pa_quantites-carton-de-6-bouteilles","29":"pa_vinifications-raisonnee","31":"first","32":"instock","33":"taxable","34":"shipping-taxable","35":"purchasable","36":"product-type-simple"},"acf":[],"yoast_head":"<!-- This site is optimized with the Yoast SEO plugin v27.4 - https:\/\/yoast.com\/product\/yoast-seo-wordpress\/ -->\n<title>Ch\u00e2teau P\u00e9desclaux 2015 - Demourshop<\/title>\n<meta name=\"description\" content=\"Ch\u00e2teau P\u00e9desclaux 2015 \u2013 Grand Cru Class\u00e9 de Pauillac. Bordeaux raffin\u00e9 et puissant. Mill\u00e9sime \u00e0 maturit\u00e9. Livraison rapide \u2013 vin d\u2019exception.\" \/>\n<meta name=\"robots\" content=\"index, follow, max-snippet:-1, max-image-preview:large, max-video-preview:-1\" \/>\n<link rel=\"canonical\" href=\"http:\/\/demourshop.com\/en\/product\/chateau-pedesclaux\/\" \/>\n<meta property=\"og:locale\" content=\"en_GB\" \/>\n<meta property=\"og:type\" content=\"article\" \/>\n<meta property=\"og:title\" content=\"Ch\u00e2teau P\u00e9desclaux 2015 - Demourshop\" \/>\n<meta property=\"og:description\" content=\"Ch\u00e2teau P\u00e9desclaux 2015 \u2013 Grand Cru Class\u00e9 de Pauillac. Bordeaux raffin\u00e9 et puissant. Mill\u00e9sime \u00e0 maturit\u00e9. Livraison rapide \u2013 vin d\u2019exception.\" \/>\n<meta property=\"og:url\" content=\"http:\/\/demourshop.com\/en\/product\/chateau-pedesclaux\/\" \/>\n<meta property=\"og:site_name\" content=\"Demourshop\" \/>\n<meta property=\"article:modified_time\" content=\"2025-05-27T08:37:49+00:00\" \/>\n<meta property=\"og:image\" content=\"http:\/\/demourshop.com\/wp-content\/uploads\/2024\/10\/TEST.png\" \/>\n\t<meta property=\"og:image:width\" content=\"700\" \/>\n\t<meta property=\"og:image:height\" content=\"700\" \/>\n\t<meta property=\"og:image:type\" content=\"image\/png\" \/>\n<meta name=\"twitter:card\" content=\"summary_large_image\" \/>\n<meta name=\"twitter:label1\" content=\"Estimated reading time\" \/>\n\t<meta name=\"twitter:data1\" content=\"3 minutes\" \/>\n<script type=\"application\/ld+json\" class=\"yoast-schema-graph\">{\"@context\":\"https:\\\/\\\/schema.org\",\"@graph\":[{\"@type\":\"WebPage\",\"@id\":\"http:\\\/\\\/demourshop.com\\\/produit\\\/chateau-pedesclaux\\\/\",\"url\":\"http:\\\/\\\/demourshop.com\\\/produit\\\/chateau-pedesclaux\\\/\",\"name\":\"Ch\u00e2teau P\u00e9desclaux 2015 - Demourshop\",\"isPartOf\":{\"@id\":\"https:\\\/\\\/demourshop.com\\\/#website\"},\"primaryImageOfPage\":{\"@id\":\"http:\\\/\\\/demourshop.com\\\/produit\\\/chateau-pedesclaux\\\/#primaryimage\"},\"image\":{\"@id\":\"http:\\\/\\\/demourshop.com\\\/produit\\\/chateau-pedesclaux\\\/#primaryimage\"},\"thumbnailUrl\":\"https:\\\/\\\/demourshop.com\\\/wp-content\\\/uploads\\\/2024\\\/10\\\/TEST.png\",\"datePublished\":\"2024-10-09T14:51:47+00:00\",\"dateModified\":\"2025-05-27T08:37:49+00:00\",\"description\":\"Ch\u00e2teau P\u00e9desclaux 2015 \u2013 Grand Cru Class\u00e9 de Pauillac. Bordeaux raffin\u00e9 et puissant. Mill\u00e9sime \u00e0 maturit\u00e9. Livraison rapide \u2013 vin d\u2019exception.\",\"breadcrumb\":{\"@id\":\"http:\\\/\\\/demourshop.com\\\/produit\\\/chateau-pedesclaux\\\/#breadcrumb\"},\"inLanguage\":\"en-GB\",\"potentialAction\":[{\"@type\":\"ReadAction\",\"target\":[\"http:\\\/\\\/demourshop.com\\\/produit\\\/chateau-pedesclaux\\\/\"]}]},{\"@type\":\"ImageObject\",\"inLanguage\":\"en-GB\",\"@id\":\"http:\\\/\\\/demourshop.com\\\/produit\\\/chateau-pedesclaux\\\/#primaryimage\",\"url\":\"https:\\\/\\\/demourshop.com\\\/wp-content\\\/uploads\\\/2024\\\/10\\\/TEST.png\",\"contentUrl\":\"https:\\\/\\\/demourshop.com\\\/wp-content\\\/uploads\\\/2024\\\/10\\\/TEST.png\",\"width\":700,\"height\":700,\"caption\":\"Ch\u00e2teau P\u00e9desclaux 2015 \u2013 bouteille de vin rouge Pauillac Grand Cru Class\u00e9, mill\u00e9sime \u00e9l\u00e9gant et structur\u00e9, \u00e0 maturit\u00e9\"},{\"@type\":\"BreadcrumbList\",\"@id\":\"http:\\\/\\\/demourshop.com\\\/produit\\\/chateau-pedesclaux\\\/#breadcrumb\",\"itemListElement\":[{\"@type\":\"ListItem\",\"position\":1,\"name\":\"Accueil\",\"item\":\"https:\\\/\\\/demourshop.com\\\/\"},{\"@type\":\"ListItem\",\"position\":2,\"name\":\"Boutique\",\"item\":\"https:\\\/\\\/demourshop.com\\\/boutique\\\/\"},{\"@type\":\"ListItem\",\"position\":3,\"name\":\"Ch\u00e2teau P\u00e9desclaux 2015\"}]},{\"@type\":\"WebSite\",\"@id\":\"https:\\\/\\\/demourshop.com\\\/#website\",\"url\":\"https:\\\/\\\/demourshop.com\\\/\",\"name\":\"Demourshop\",\"description\":\"\",\"publisher\":{\"@id\":\"https:\\\/\\\/demourshop.com\\\/#organization\"},\"potentialAction\":[{\"@type\":\"SearchAction\",\"target\":{\"@type\":\"EntryPoint\",\"urlTemplate\":\"https:\\\/\\\/demourshop.com\\\/?s={search_term_string}\"},\"query-input\":{\"@type\":\"PropertyValueSpecification\",\"valueRequired\":true,\"valueName\":\"search_term_string\"}}],\"inLanguage\":\"en-GB\"},{\"@type\":\"Organization\",\"@id\":\"https:\\\/\\\/demourshop.com\\\/#organization\",\"name\":\"Demourshop\",\"url\":\"https:\\\/\\\/demourshop.com\\\/\",\"logo\":{\"@type\":\"ImageObject\",\"inLanguage\":\"en-GB\",\"@id\":\"https:\\\/\\\/demourshop.com\\\/#\\\/schema\\\/logo\\\/image\\\/\",\"url\":\"https:\\\/\\\/demourshop.com\\\/wp-content\\\/uploads\\\/2023\\\/08\\\/logo-wine-2-1-1.png\",\"contentUrl\":\"https:\\\/\\\/demourshop.com\\\/wp-content\\\/uploads\\\/2023\\\/08\\\/logo-wine-2-1-1.png\",\"width\":400,\"height\":145,\"caption\":\"Demourshop\"},\"image\":{\"@id\":\"https:\\\/\\\/demourshop.com\\\/#\\\/schema\\\/logo\\\/image\\\/\"}}]}<\/script>\n<!-- \/ Yoast SEO plugin. -->","yoast_head_json":{"title":"Ch\u00e2teau P\u00e9desclaux 2015 - Demourshop","description":"Ch\u00e2teau P\u00e9desclaux 2015 \u2013 Grand Cru Class\u00e9 de Pauillac. Bordeaux raffin\u00e9 et puissant. Mill\u00e9sime \u00e0 maturit\u00e9. Livraison rapide \u2013 vin d\u2019exception.","robots":{"index":"index","follow":"follow","max-snippet":"max-snippet:-1","max-image-preview":"max-image-preview:large","max-video-preview":"max-video-preview:-1"},"canonical":"http:\/\/demourshop.com\/en\/product\/chateau-pedesclaux\/","og_locale":"en_GB","og_type":"article","og_title":"Ch\u00e2teau P\u00e9desclaux 2015 - Demourshop","og_description":"Ch\u00e2teau P\u00e9desclaux 2015 \u2013 Grand Cru Class\u00e9 de Pauillac. Bordeaux raffin\u00e9 et puissant. Mill\u00e9sime \u00e0 maturit\u00e9. Livraison rapide \u2013 vin d\u2019exception.","og_url":"http:\/\/demourshop.com\/en\/product\/chateau-pedesclaux\/","og_site_name":"Demourshop","article_modified_time":"2025-05-27T08:37:49+00:00","og_image":[{"width":700,"height":700,"url":"http:\/\/demourshop.com\/wp-content\/uploads\/2024\/10\/TEST.png","type":"image\/png"}],"twitter_card":"summary_large_image","twitter_misc":{"Estimated reading time":"3 minutes"},"schema":{"@context":"https:\/\/schema.org","@graph":[{"@type":"WebPage","@id":"http:\/\/demourshop.com\/produit\/chateau-pedesclaux\/","url":"http:\/\/demourshop.com\/produit\/chateau-pedesclaux\/","name":"Ch\u00e2teau P\u00e9desclaux 2015 - Demourshop","isPartOf":{"@id":"https:\/\/demourshop.com\/#website"},"primaryImageOfPage":{"@id":"http:\/\/demourshop.com\/produit\/chateau-pedesclaux\/#primaryimage"},"image":{"@id":"http:\/\/demourshop.com\/produit\/chateau-pedesclaux\/#primaryimage"},"thumbnailUrl":"https:\/\/demourshop.com\/wp-content\/uploads\/2024\/10\/TEST.png","datePublished":"2024-10-09T14:51:47+00:00","dateModified":"2025-05-27T08:37:49+00:00","description":"Ch\u00e2teau P\u00e9desclaux 2015 \u2013 Grand Cru Class\u00e9 de Pauillac. Bordeaux raffin\u00e9 et puissant. Mill\u00e9sime \u00e0 maturit\u00e9. Livraison rapide \u2013 vin d\u2019exception.","breadcrumb":{"@id":"http:\/\/demourshop.com\/produit\/chateau-pedesclaux\/#breadcrumb"},"inLanguage":"en-GB","potentialAction":[{"@type":"ReadAction","target":["http:\/\/demourshop.com\/produit\/chateau-pedesclaux\/"]}]},{"@type":"ImageObject","inLanguage":"en-GB","@id":"http:\/\/demourshop.com\/produit\/chateau-pedesclaux\/#primaryimage","url":"https:\/\/demourshop.com\/wp-content\/uploads\/2024\/10\/TEST.png","contentUrl":"https:\/\/demourshop.com\/wp-content\/uploads\/2024\/10\/TEST.png","width":700,"height":700,"caption":"Ch\u00e2teau P\u00e9desclaux 2015 \u2013 bouteille de vin rouge Pauillac Grand Cru Class\u00e9, mill\u00e9sime \u00e9l\u00e9gant et structur\u00e9, \u00e0 maturit\u00e9"},{"@type":"BreadcrumbList","@id":"http:\/\/demourshop.com\/produit\/chateau-pedesclaux\/#breadcrumb","itemListElement":[{"@type":"ListItem","position":1,"name":"Accueil","item":"https:\/\/demourshop.com\/"},{"@type":"ListItem","position":2,"name":"Boutique","item":"https:\/\/demourshop.com\/boutique\/"},{"@type":"ListItem","position":3,"name":"Ch\u00e2teau P\u00e9desclaux 2015"}]},{"@type":"WebSite","@id":"https:\/\/demourshop.com\/#website","url":"https:\/\/demourshop.com\/","name":"Demourshop","description":"","publisher":{"@id":"https:\/\/demourshop.com\/#organization"},"potentialAction":[{"@type":"SearchAction","target":{"@type":"EntryPoint","urlTemplate":"https:\/\/demourshop.com\/?s={search_term_string}"},"query-input":{"@type":"PropertyValueSpecification","valueRequired":true,"valueName":"search_term_string"}}],"inLanguage":"en-GB"},{"@type":"Organization","@id":"https:\/\/demourshop.com\/#organization","name":"Demourshop","url":"https:\/\/demourshop.com\/","logo":{"@type":"ImageObject","inLanguage":"en-GB","@id":"https:\/\/demourshop.com\/#\/schema\/logo\/image\/","url":"https:\/\/demourshop.com\/wp-content\/uploads\/2023\/08\/logo-wine-2-1-1.png","contentUrl":"https:\/\/demourshop.com\/wp-content\/uploads\/2023\/08\/logo-wine-2-1-1.png","width":400,"height":145,"caption":"Demourshop"},"image":{"@id":"https:\/\/demourshop.com\/#\/schema\/logo\/image\/"}}]}},"_links":{"self":[{"href":"https:\/\/demourshop.com\/en\/wp-json\/wp\/v2\/product\/65217","targetHints":{"allow":["GET"]}}],"collection":[{"href":"https:\/\/demourshop.com\/en\/wp-json\/wp\/v2\/product"}],"about":[{"href":"https:\/\/demourshop.com\/en\/wp-json\/wp\/v2\/types\/product"}],"version-history":[{"count":11,"href":"https:\/\/demourshop.com\/en\/wp-json\/wp\/v2\/product\/65217\/revisions"}],"predecessor-version":[{"id":70300,"href":"https:\/\/demourshop.com\/en\/wp-json\/wp\/v2\/product\/65217\/revisions\/70300"}],"wp:featuredmedia":[{"embeddable":true,"href":"https:\/\/demourshop.com\/en\/wp-json\/wp\/v2\/media\/69794"}],"wp:attachment":[{"href":"https:\/\/demourshop.com\/en\/wp-json\/wp\/v2\/media?parent=65217"}],"wp:term":[{"taxonomy":"product_brand","embeddable":true,"href":"https:\/\/demourshop.com\/en\/wp-json\/wp\/v2\/product_brand?post=65217"},{"taxonomy":"product_cat","embeddable":true,"href":"https:\/\/demourshop.com\/en\/wp-json\/wp\/v2\/product_cat?post=65217"},{"taxonomy":"product_tag","embeddable":true,"href":"https:\/\/demourshop.com\/en\/wp-json\/wp\/v2\/product_tag?post=65217"}],"curies":[{"name":"wp","href":"https:\/\/api.w.org\/{rel}","templated":true}]}}