{"id":65207,"date":"2024-10-09T16:09:35","date_gmt":"2024-10-09T14:09:35","guid":{"rendered":"https:\/\/demourshop.com\/?post_type=product&#038;p=65207"},"modified":"2025-05-27T10:29:43","modified_gmt":"2025-05-27T08:29:43","slug":"champtoceaux-coteaux-de-loire","status":"publish","type":"product","link":"https:\/\/demourshop.com\/en\/product\/champtoceaux-coteaux-de-loire\/","title":{"rendered":"Champtoceaux"},"content":{"rendered":"<p>Servez <strong>Champtoceaux \u2013 Coteaux de la Loire<\/strong> entre 8 et 10\u00b0C, id\u00e9alement avec des hu\u00eetres, poissons grill\u00e9s, sashimis ou fromages de ch\u00e8vre. Ce vin blanc sec se d\u00e9guste aussi en ap\u00e9ritif pour son c\u00f4t\u00e9 d\u00e9salt\u00e9rant. Il peut se boire jeune ou \u00eatre conserv\u00e9 2 \u00e0 3 ans pour gagner en complexit\u00e9. C\u2019est un vin pr\u00e9cis, digeste, au profil tendu et rac\u00e9, parfait pour les amateurs de blancs droits et fins.<\/p>","protected":false},"excerpt":{"rendered":"<p><strong>Champtoceaux \u2013 Coteaux de la Loire<\/strong> : vin blanc sec et aromatique du Vignoble Marchais. Min\u00e9ralit\u00e9 et finesse au c\u0153ur du Val de Loire.<\/p>","protected":false},"featured_media":69785,"template":"","meta":{"_acf_changed":false},"product_brand":[],"product_cat":[378,507,575,552,383,396,576,382,374,393],"product_tag":[],"class_list":{"0":"post-65207","1":"product","2":"type-product","3":"status-publish","4":"has-post-thumbnail","6":"product_cat-appellations-vin-en-ligne","7":"product_cat-cepages-vin-en-ligne","8":"product_cat-coteaux-loire-en-ligne","9":"product_cat-vin-par-couleur-en-ligne","10":"product_cat-vin-de-france-en-ligne","11":"product_cat-vin-hve-en-ligne","12":"product_cat-melon-b-en-ligne","13":"product_cat-vin-par-pays-en-ligne","14":"product_cat-vin-blanc-en-ligne","15":"product_cat-vins-par-methode-de-vinification","16":"pa_appellations-coteaux-de-la-loire","17":"pa_cepages-muscadet","18":"pa_couleurs-blanc","19":"pa_formats-75cl","20":"pa_millesimes-179","21":"pa_pays-france","22":"pa_quantites-a-lunite","23":"pa_quantites-carton-de-3-bouteilles","24":"pa_quantites-carton-de-6-bouteilles","25":"pa_vinifications-raisonnee","27":"first","28":"instock","29":"taxable","30":"shipping-taxable","31":"purchasable","32":"product-type-simple"},"acf":[],"yoast_head":"<!-- This site is optimized with the Yoast SEO plugin v27.4 - https:\/\/yoast.com\/product\/yoast-seo-wordpress\/ -->\n<title>Champtoceaux - Demourshop<\/title>\n<meta name=\"description\" content=\"Champtoceaux \u2013 Coteaux de la Loire. Blanc sec du Vignoble Marchais. Min\u00e9ral, frais, floral. Parfait fruits de mer. Livraison rapide \u2013 prix propri\u00e9t\u00e9.\" \/>\n<meta name=\"robots\" content=\"index, follow, max-snippet:-1, max-image-preview:large, max-video-preview:-1\" \/>\n<link rel=\"canonical\" href=\"http:\/\/demourshop.com\/en\/product\/champtoceaux-coteaux-de-loire\/\" \/>\n<meta property=\"og:locale\" content=\"en_GB\" \/>\n<meta property=\"og:type\" content=\"article\" \/>\n<meta property=\"og:title\" content=\"Champtoceaux - Demourshop\" \/>\n<meta property=\"og:description\" content=\"Champtoceaux \u2013 Coteaux de la Loire. Blanc sec du Vignoble Marchais. Min\u00e9ral, frais, floral. Parfait fruits de mer. Livraison rapide \u2013 prix propri\u00e9t\u00e9.\" \/>\n<meta property=\"og:url\" content=\"http:\/\/demourshop.com\/en\/product\/champtoceaux-coteaux-de-loire\/\" \/>\n<meta property=\"og:site_name\" content=\"Demourshop\" \/>\n<meta property=\"article:modified_time\" content=\"2025-05-27T08:29:43+00:00\" \/>\n<meta property=\"og:image\" content=\"http:\/\/demourshop.com\/wp-content\/uploads\/2024\/10\/Champtoceaux-1.png\" \/>\n\t<meta property=\"og:image:width\" content=\"700\" \/>\n\t<meta property=\"og:image:height\" content=\"700\" \/>\n\t<meta property=\"og:image:type\" content=\"image\/png\" \/>\n<meta name=\"twitter:card\" content=\"summary_large_image\" \/>\n<meta name=\"twitter:label1\" content=\"Estimated reading time\" \/>\n\t<meta name=\"twitter:data1\" content=\"2 minutes\" \/>\n<script type=\"application\/ld+json\" class=\"yoast-schema-graph\">{\"@context\":\"https:\\\/\\\/schema.org\",\"@graph\":[{\"@type\":\"WebPage\",\"@id\":\"http:\\\/\\\/demourshop.com\\\/produit\\\/champtoceaux-coteaux-de-loire\\\/\",\"url\":\"http:\\\/\\\/demourshop.com\\\/produit\\\/champtoceaux-coteaux-de-loire\\\/\",\"name\":\"Champtoceaux - Demourshop\",\"isPartOf\":{\"@id\":\"https:\\\/\\\/demourshop.com\\\/#website\"},\"primaryImageOfPage\":{\"@id\":\"http:\\\/\\\/demourshop.com\\\/produit\\\/champtoceaux-coteaux-de-loire\\\/#primaryimage\"},\"image\":{\"@id\":\"http:\\\/\\\/demourshop.com\\\/produit\\\/champtoceaux-coteaux-de-loire\\\/#primaryimage\"},\"thumbnailUrl\":\"https:\\\/\\\/demourshop.com\\\/wp-content\\\/uploads\\\/2024\\\/10\\\/Champtoceaux-1.png\",\"datePublished\":\"2024-10-09T14:09:35+00:00\",\"dateModified\":\"2025-05-27T08:29:43+00:00\",\"description\":\"Champtoceaux \u2013 Coteaux de la Loire. Blanc sec du Vignoble Marchais. Min\u00e9ral, frais, floral. Parfait fruits de mer. Livraison rapide \u2013 prix propri\u00e9t\u00e9.\",\"breadcrumb\":{\"@id\":\"http:\\\/\\\/demourshop.com\\\/produit\\\/champtoceaux-coteaux-de-loire\\\/#breadcrumb\"},\"inLanguage\":\"en-GB\",\"potentialAction\":[{\"@type\":\"ReadAction\",\"target\":[\"http:\\\/\\\/demourshop.com\\\/produit\\\/champtoceaux-coteaux-de-loire\\\/\"]}]},{\"@type\":\"ImageObject\",\"inLanguage\":\"en-GB\",\"@id\":\"http:\\\/\\\/demourshop.com\\\/produit\\\/champtoceaux-coteaux-de-loire\\\/#primaryimage\",\"url\":\"https:\\\/\\\/demourshop.com\\\/wp-content\\\/uploads\\\/2024\\\/10\\\/Champtoceaux-1.png\",\"contentUrl\":\"https:\\\/\\\/demourshop.com\\\/wp-content\\\/uploads\\\/2024\\\/10\\\/Champtoceaux-1.png\",\"width\":700,\"height\":700,\"caption\":\"Champtoceaux \u2013 bouteille de vin blanc sec des Coteaux de la Loire, produit par le Vignoble Marchais, frais, min\u00e9ral et floral\"},{\"@type\":\"BreadcrumbList\",\"@id\":\"http:\\\/\\\/demourshop.com\\\/produit\\\/champtoceaux-coteaux-de-loire\\\/#breadcrumb\",\"itemListElement\":[{\"@type\":\"ListItem\",\"position\":1,\"name\":\"Accueil\",\"item\":\"https:\\\/\\\/demourshop.com\\\/\"},{\"@type\":\"ListItem\",\"position\":2,\"name\":\"Boutique\",\"item\":\"https:\\\/\\\/demourshop.com\\\/boutique\\\/\"},{\"@type\":\"ListItem\",\"position\":3,\"name\":\"Champtoceaux\"}]},{\"@type\":\"WebSite\",\"@id\":\"https:\\\/\\\/demourshop.com\\\/#website\",\"url\":\"https:\\\/\\\/demourshop.com\\\/\",\"name\":\"Demourshop\",\"description\":\"\",\"publisher\":{\"@id\":\"https:\\\/\\\/demourshop.com\\\/#organization\"},\"potentialAction\":[{\"@type\":\"SearchAction\",\"target\":{\"@type\":\"EntryPoint\",\"urlTemplate\":\"https:\\\/\\\/demourshop.com\\\/?s={search_term_string}\"},\"query-input\":{\"@type\":\"PropertyValueSpecification\",\"valueRequired\":true,\"valueName\":\"search_term_string\"}}],\"inLanguage\":\"en-GB\"},{\"@type\":\"Organization\",\"@id\":\"https:\\\/\\\/demourshop.com\\\/#organization\",\"name\":\"Demourshop\",\"url\":\"https:\\\/\\\/demourshop.com\\\/\",\"logo\":{\"@type\":\"ImageObject\",\"inLanguage\":\"en-GB\",\"@id\":\"https:\\\/\\\/demourshop.com\\\/#\\\/schema\\\/logo\\\/image\\\/\",\"url\":\"https:\\\/\\\/demourshop.com\\\/wp-content\\\/uploads\\\/2023\\\/08\\\/logo-wine-2-1-1.png\",\"contentUrl\":\"https:\\\/\\\/demourshop.com\\\/wp-content\\\/uploads\\\/2023\\\/08\\\/logo-wine-2-1-1.png\",\"width\":400,\"height\":145,\"caption\":\"Demourshop\"},\"image\":{\"@id\":\"https:\\\/\\\/demourshop.com\\\/#\\\/schema\\\/logo\\\/image\\\/\"}}]}<\/script>\n<!-- \/ Yoast SEO plugin. -->","yoast_head_json":{"title":"Champtoceaux - Demourshop","description":"Champtoceaux \u2013 Coteaux de la Loire. Blanc sec du Vignoble Marchais. Min\u00e9ral, frais, floral. Parfait fruits de mer. Livraison rapide \u2013 prix propri\u00e9t\u00e9.","robots":{"index":"index","follow":"follow","max-snippet":"max-snippet:-1","max-image-preview":"max-image-preview:large","max-video-preview":"max-video-preview:-1"},"canonical":"http:\/\/demourshop.com\/en\/product\/champtoceaux-coteaux-de-loire\/","og_locale":"en_GB","og_type":"article","og_title":"Champtoceaux - Demourshop","og_description":"Champtoceaux \u2013 Coteaux de la Loire. Blanc sec du Vignoble Marchais. Min\u00e9ral, frais, floral. Parfait fruits de mer. Livraison rapide \u2013 prix propri\u00e9t\u00e9.","og_url":"http:\/\/demourshop.com\/en\/product\/champtoceaux-coteaux-de-loire\/","og_site_name":"Demourshop","article_modified_time":"2025-05-27T08:29:43+00:00","og_image":[{"width":700,"height":700,"url":"http:\/\/demourshop.com\/wp-content\/uploads\/2024\/10\/Champtoceaux-1.png","type":"image\/png"}],"twitter_card":"summary_large_image","twitter_misc":{"Estimated reading time":"2 minutes"},"schema":{"@context":"https:\/\/schema.org","@graph":[{"@type":"WebPage","@id":"http:\/\/demourshop.com\/produit\/champtoceaux-coteaux-de-loire\/","url":"http:\/\/demourshop.com\/produit\/champtoceaux-coteaux-de-loire\/","name":"Champtoceaux - Demourshop","isPartOf":{"@id":"https:\/\/demourshop.com\/#website"},"primaryImageOfPage":{"@id":"http:\/\/demourshop.com\/produit\/champtoceaux-coteaux-de-loire\/#primaryimage"},"image":{"@id":"http:\/\/demourshop.com\/produit\/champtoceaux-coteaux-de-loire\/#primaryimage"},"thumbnailUrl":"https:\/\/demourshop.com\/wp-content\/uploads\/2024\/10\/Champtoceaux-1.png","datePublished":"2024-10-09T14:09:35+00:00","dateModified":"2025-05-27T08:29:43+00:00","description":"Champtoceaux \u2013 Coteaux de la Loire. Blanc sec du Vignoble Marchais. Min\u00e9ral, frais, floral. Parfait fruits de mer. Livraison rapide \u2013 prix propri\u00e9t\u00e9.","breadcrumb":{"@id":"http:\/\/demourshop.com\/produit\/champtoceaux-coteaux-de-loire\/#breadcrumb"},"inLanguage":"en-GB","potentialAction":[{"@type":"ReadAction","target":["http:\/\/demourshop.com\/produit\/champtoceaux-coteaux-de-loire\/"]}]},{"@type":"ImageObject","inLanguage":"en-GB","@id":"http:\/\/demourshop.com\/produit\/champtoceaux-coteaux-de-loire\/#primaryimage","url":"https:\/\/demourshop.com\/wp-content\/uploads\/2024\/10\/Champtoceaux-1.png","contentUrl":"https:\/\/demourshop.com\/wp-content\/uploads\/2024\/10\/Champtoceaux-1.png","width":700,"height":700,"caption":"Champtoceaux \u2013 bouteille de vin blanc sec des Coteaux de la Loire, produit par le Vignoble Marchais, frais, min\u00e9ral et floral"},{"@type":"BreadcrumbList","@id":"http:\/\/demourshop.com\/produit\/champtoceaux-coteaux-de-loire\/#breadcrumb","itemListElement":[{"@type":"ListItem","position":1,"name":"Accueil","item":"https:\/\/demourshop.com\/"},{"@type":"ListItem","position":2,"name":"Boutique","item":"https:\/\/demourshop.com\/boutique\/"},{"@type":"ListItem","position":3,"name":"Champtoceaux"}]},{"@type":"WebSite","@id":"https:\/\/demourshop.com\/#website","url":"https:\/\/demourshop.com\/","name":"Demourshop","description":"","publisher":{"@id":"https:\/\/demourshop.com\/#organization"},"potentialAction":[{"@type":"SearchAction","target":{"@type":"EntryPoint","urlTemplate":"https:\/\/demourshop.com\/?s={search_term_string}"},"query-input":{"@type":"PropertyValueSpecification","valueRequired":true,"valueName":"search_term_string"}}],"inLanguage":"en-GB"},{"@type":"Organization","@id":"https:\/\/demourshop.com\/#organization","name":"Demourshop","url":"https:\/\/demourshop.com\/","logo":{"@type":"ImageObject","inLanguage":"en-GB","@id":"https:\/\/demourshop.com\/#\/schema\/logo\/image\/","url":"https:\/\/demourshop.com\/wp-content\/uploads\/2023\/08\/logo-wine-2-1-1.png","contentUrl":"https:\/\/demourshop.com\/wp-content\/uploads\/2023\/08\/logo-wine-2-1-1.png","width":400,"height":145,"caption":"Demourshop"},"image":{"@id":"https:\/\/demourshop.com\/#\/schema\/logo\/image\/"}}]}},"_links":{"self":[{"href":"https:\/\/demourshop.com\/en\/wp-json\/wp\/v2\/product\/65207","targetHints":{"allow":["GET"]}}],"collection":[{"href":"https:\/\/demourshop.com\/en\/wp-json\/wp\/v2\/product"}],"about":[{"href":"https:\/\/demourshop.com\/en\/wp-json\/wp\/v2\/types\/product"}],"version-history":[{"count":8,"href":"https:\/\/demourshop.com\/en\/wp-json\/wp\/v2\/product\/65207\/revisions"}],"predecessor-version":[{"id":70298,"href":"https:\/\/demourshop.com\/en\/wp-json\/wp\/v2\/product\/65207\/revisions\/70298"}],"wp:featuredmedia":[{"embeddable":true,"href":"https:\/\/demourshop.com\/en\/wp-json\/wp\/v2\/media\/69785"}],"wp:attachment":[{"href":"https:\/\/demourshop.com\/en\/wp-json\/wp\/v2\/media?parent=65207"}],"wp:term":[{"taxonomy":"product_brand","embeddable":true,"href":"https:\/\/demourshop.com\/en\/wp-json\/wp\/v2\/product_brand?post=65207"},{"taxonomy":"product_cat","embeddable":true,"href":"https:\/\/demourshop.com\/en\/wp-json\/wp\/v2\/product_cat?post=65207"},{"taxonomy":"product_tag","embeddable":true,"href":"https:\/\/demourshop.com\/en\/wp-json\/wp\/v2\/product_tag?post=65207"}],"curies":[{"name":"wp","href":"https:\/\/api.w.org\/{rel}","templated":true}]}}