{"id":65199,"date":"2024-10-23T14:35:14","date_gmt":"2024-10-23T12:35:14","guid":{"rendered":"https:\/\/demourshop.com\/?post_type=product&#038;p=65199"},"modified":"2025-09-26T15:19:24","modified_gmt":"2025-09-26T13:19:24","slug":"la-nas-costa-moscaminer-2020","status":"publish","type":"product","link":"https:\/\/demourshop.com\/en\/product\/la-nas-costa-moscaminer-2020\/","title":{"rendered":"La Nas Costa Moscaminer"},"content":{"rendered":"<p>Servi autour de 10\u202f\u00b0C, le <strong>Moscaminer Toscane 2020<\/strong> se pr\u00eate aussi bien \u00e0 l\u2019ap\u00e9ritif qu\u2019\u00e0 des associations plus audacieuses. Sa personnalit\u00e9 florale et sa complexit\u00e9 en font un vin de niche pour amateurs de sensations aromatiques intenses. Il se conserve jusqu\u2019\u00e0 4 ans en cave, mais brille d\u00e8s aujourd\u2019hui par sa fra\u00eecheur et son originalit\u00e9. Un blanc rare et inattendu qui enrichit les tables curieuses et les accords mets-vins hors sentiers battus.<\/p>","protected":false},"excerpt":{"rendered":"<p><strong>Moscaminer Toscane 2020<\/strong> \u2013 Vin blanc toscan original, floral et parfum\u00e9. 50\u202f% Moscato, 50\u202f% Traminer. Parfait \u00e0 l\u2019ap\u00e9ritif ou sur cuisine \u00e9pic\u00e9e.<\/p>","protected":false},"featured_media":69382,"template":"","meta":{"_acf_changed":false},"product_brand":[],"product_cat":[378,507,552,632,384,382,395,671,600,374,393],"product_tag":[],"class_list":{"0":"post-65199","1":"product","2":"type-product","3":"status-publish","4":"has-post-thumbnail","6":"product_cat-appellations-vin-en-ligne","7":"product_cat-cepages-vin-en-ligne","8":"product_cat-vin-par-couleur-en-ligne","9":"product_cat-gewurztraminer-en-ligne","10":"product_cat-vin-italie-en-ligne","11":"product_cat-vin-par-pays-en-ligne","12":"product_cat-vin-agriculture-raisonnee","13":"product_cat-toscane-blanc-en-ligne","14":"product_cat-traminer","15":"product_cat-vin-blanc-en-ligne","16":"product_cat-vins-par-methode-de-vinification","17":"pa_appellations-toscane-blanc","18":"pa_cepages-gewurztraminer","19":"pa_cepages-moscato","20":"pa_couleurs-blanc","21":"pa_formats-75cl","22":"pa_millesimes-176","23":"pa_pays-italie","24":"pa_quantites-a-lunite","25":"pa_quantites-carton-de-3-bouteilles","26":"pa_quantites-carton-de-6-bouteilles","27":"pa_vinifications-raisonnee","29":"first","30":"instock","31":"taxable","32":"shipping-taxable","33":"purchasable","34":"product-type-simple"},"acf":[],"yoast_head":"<!-- This site is optimized with the Yoast SEO plugin v27.4 - https:\/\/yoast.com\/product\/yoast-seo-wordpress\/ -->\n<title>La Nas Costa Moscaminer - Demourshop<\/title>\n<meta name=\"description\" content=\"Moscaminer Toscane 2020 \u2013 Blanc aromatique \u00e0 base de Moscato et Traminer. Nez floral, bouche onctueuse. Id\u00e9al plats exotiques ou \u00e0 l\u2019ap\u00e9ritif.\" \/>\n<meta name=\"robots\" content=\"index, follow, max-snippet:-1, max-image-preview:large, max-video-preview:-1\" \/>\n<link rel=\"canonical\" href=\"https:\/\/demourshop.com\/en\/product\/la-nas-costa-moscaminer-2020\/\" \/>\n<meta property=\"og:locale\" content=\"en_GB\" \/>\n<meta property=\"og:type\" content=\"article\" \/>\n<meta property=\"og:title\" content=\"La Nas Costa Moscaminer - Demourshop\" \/>\n<meta property=\"og:description\" content=\"Moscaminer Toscane 2020 \u2013 Blanc aromatique \u00e0 base de Moscato et Traminer. Nez floral, bouche onctueuse. Id\u00e9al plats exotiques ou \u00e0 l\u2019ap\u00e9ritif.\" \/>\n<meta property=\"og:url\" content=\"https:\/\/demourshop.com\/en\/product\/la-nas-costa-moscaminer-2020\/\" \/>\n<meta property=\"og:site_name\" content=\"Demourshop\" \/>\n<meta property=\"article:modified_time\" content=\"2025-09-26T13:19:24+00:00\" \/>\n<meta property=\"og:image\" content=\"http:\/\/demourshop.com\/wp-content\/uploads\/2024\/10\/Moscaminer.png\" \/>\n\t<meta property=\"og:image:width\" content=\"700\" \/>\n\t<meta property=\"og:image:height\" content=\"700\" \/>\n\t<meta property=\"og:image:type\" content=\"image\/png\" \/>\n<meta name=\"twitter:card\" content=\"summary_large_image\" \/>\n<meta name=\"twitter:label1\" content=\"Estimated reading time\" \/>\n\t<meta name=\"twitter:data1\" content=\"2 minutes\" \/>\n<script type=\"application\/ld+json\" class=\"yoast-schema-graph\">{\"@context\":\"https:\\\/\\\/schema.org\",\"@graph\":[{\"@type\":\"WebPage\",\"@id\":\"https:\\\/\\\/demourshop.com\\\/produit\\\/la-nas-costa-moscaminer-2020\\\/\",\"url\":\"https:\\\/\\\/demourshop.com\\\/produit\\\/la-nas-costa-moscaminer-2020\\\/\",\"name\":\"La Nas Costa Moscaminer - Demourshop\",\"isPartOf\":{\"@id\":\"https:\\\/\\\/demourshop.com\\\/#website\"},\"primaryImageOfPage\":{\"@id\":\"https:\\\/\\\/demourshop.com\\\/produit\\\/la-nas-costa-moscaminer-2020\\\/#primaryimage\"},\"image\":{\"@id\":\"https:\\\/\\\/demourshop.com\\\/produit\\\/la-nas-costa-moscaminer-2020\\\/#primaryimage\"},\"thumbnailUrl\":\"https:\\\/\\\/demourshop.com\\\/wp-content\\\/uploads\\\/2024\\\/10\\\/Moscaminer.png\",\"datePublished\":\"2024-10-23T12:35:14+00:00\",\"dateModified\":\"2025-09-26T13:19:24+00:00\",\"description\":\"Moscaminer Toscane 2020 \u2013 Blanc aromatique \u00e0 base de Moscato et Traminer. Nez floral, bouche onctueuse. Id\u00e9al plats exotiques ou \u00e0 l\u2019ap\u00e9ritif.\",\"breadcrumb\":{\"@id\":\"https:\\\/\\\/demourshop.com\\\/produit\\\/la-nas-costa-moscaminer-2020\\\/#breadcrumb\"},\"inLanguage\":\"en-GB\",\"potentialAction\":[{\"@type\":\"ReadAction\",\"target\":[\"https:\\\/\\\/demourshop.com\\\/produit\\\/la-nas-costa-moscaminer-2020\\\/\"]}]},{\"@type\":\"ImageObject\",\"inLanguage\":\"en-GB\",\"@id\":\"https:\\\/\\\/demourshop.com\\\/produit\\\/la-nas-costa-moscaminer-2020\\\/#primaryimage\",\"url\":\"https:\\\/\\\/demourshop.com\\\/wp-content\\\/uploads\\\/2024\\\/10\\\/Moscaminer.png\",\"contentUrl\":\"https:\\\/\\\/demourshop.com\\\/wp-content\\\/uploads\\\/2024\\\/10\\\/Moscaminer.png\",\"width\":700,\"height\":700,\"caption\":\"Moscaminer Toscane 2020 \u2013 bouteille de vin blanc italien aromatique, 50\u202f% Moscato et 50\u202f% Traminer\"},{\"@type\":\"BreadcrumbList\",\"@id\":\"https:\\\/\\\/demourshop.com\\\/produit\\\/la-nas-costa-moscaminer-2020\\\/#breadcrumb\",\"itemListElement\":[{\"@type\":\"ListItem\",\"position\":1,\"name\":\"Accueil\",\"item\":\"https:\\\/\\\/demourshop.com\\\/\"},{\"@type\":\"ListItem\",\"position\":2,\"name\":\"Boutique\",\"item\":\"https:\\\/\\\/demourshop.com\\\/boutique\\\/\"},{\"@type\":\"ListItem\",\"position\":3,\"name\":\"La Nas Costa Moscaminer\"}]},{\"@type\":\"WebSite\",\"@id\":\"https:\\\/\\\/demourshop.com\\\/#website\",\"url\":\"https:\\\/\\\/demourshop.com\\\/\",\"name\":\"Demourshop\",\"description\":\"\",\"publisher\":{\"@id\":\"https:\\\/\\\/demourshop.com\\\/#organization\"},\"potentialAction\":[{\"@type\":\"SearchAction\",\"target\":{\"@type\":\"EntryPoint\",\"urlTemplate\":\"https:\\\/\\\/demourshop.com\\\/?s={search_term_string}\"},\"query-input\":{\"@type\":\"PropertyValueSpecification\",\"valueRequired\":true,\"valueName\":\"search_term_string\"}}],\"inLanguage\":\"en-GB\"},{\"@type\":\"Organization\",\"@id\":\"https:\\\/\\\/demourshop.com\\\/#organization\",\"name\":\"Demourshop\",\"url\":\"https:\\\/\\\/demourshop.com\\\/\",\"logo\":{\"@type\":\"ImageObject\",\"inLanguage\":\"en-GB\",\"@id\":\"https:\\\/\\\/demourshop.com\\\/#\\\/schema\\\/logo\\\/image\\\/\",\"url\":\"https:\\\/\\\/demourshop.com\\\/wp-content\\\/uploads\\\/2023\\\/08\\\/logo-wine-2-1-1.png\",\"contentUrl\":\"https:\\\/\\\/demourshop.com\\\/wp-content\\\/uploads\\\/2023\\\/08\\\/logo-wine-2-1-1.png\",\"width\":400,\"height\":145,\"caption\":\"Demourshop\"},\"image\":{\"@id\":\"https:\\\/\\\/demourshop.com\\\/#\\\/schema\\\/logo\\\/image\\\/\"}}]}<\/script>\n<!-- \/ Yoast SEO plugin. -->","yoast_head_json":{"title":"La Nas Costa Moscaminer - Demourshop","description":"Moscaminer Toscane 2020 \u2013 Blanc aromatique \u00e0 base de Moscato et Traminer. Nez floral, bouche onctueuse. Id\u00e9al plats exotiques ou \u00e0 l\u2019ap\u00e9ritif.","robots":{"index":"index","follow":"follow","max-snippet":"max-snippet:-1","max-image-preview":"max-image-preview:large","max-video-preview":"max-video-preview:-1"},"canonical":"https:\/\/demourshop.com\/en\/product\/la-nas-costa-moscaminer-2020\/","og_locale":"en_GB","og_type":"article","og_title":"La Nas Costa Moscaminer - Demourshop","og_description":"Moscaminer Toscane 2020 \u2013 Blanc aromatique \u00e0 base de Moscato et Traminer. Nez floral, bouche onctueuse. Id\u00e9al plats exotiques ou \u00e0 l\u2019ap\u00e9ritif.","og_url":"https:\/\/demourshop.com\/en\/product\/la-nas-costa-moscaminer-2020\/","og_site_name":"Demourshop","article_modified_time":"2025-09-26T13:19:24+00:00","og_image":[{"width":700,"height":700,"url":"http:\/\/demourshop.com\/wp-content\/uploads\/2024\/10\/Moscaminer.png","type":"image\/png"}],"twitter_card":"summary_large_image","twitter_misc":{"Estimated reading time":"2 minutes"},"schema":{"@context":"https:\/\/schema.org","@graph":[{"@type":"WebPage","@id":"https:\/\/demourshop.com\/produit\/la-nas-costa-moscaminer-2020\/","url":"https:\/\/demourshop.com\/produit\/la-nas-costa-moscaminer-2020\/","name":"La Nas Costa Moscaminer - Demourshop","isPartOf":{"@id":"https:\/\/demourshop.com\/#website"},"primaryImageOfPage":{"@id":"https:\/\/demourshop.com\/produit\/la-nas-costa-moscaminer-2020\/#primaryimage"},"image":{"@id":"https:\/\/demourshop.com\/produit\/la-nas-costa-moscaminer-2020\/#primaryimage"},"thumbnailUrl":"https:\/\/demourshop.com\/wp-content\/uploads\/2024\/10\/Moscaminer.png","datePublished":"2024-10-23T12:35:14+00:00","dateModified":"2025-09-26T13:19:24+00:00","description":"Moscaminer Toscane 2020 \u2013 Blanc aromatique \u00e0 base de Moscato et Traminer. Nez floral, bouche onctueuse. Id\u00e9al plats exotiques ou \u00e0 l\u2019ap\u00e9ritif.","breadcrumb":{"@id":"https:\/\/demourshop.com\/produit\/la-nas-costa-moscaminer-2020\/#breadcrumb"},"inLanguage":"en-GB","potentialAction":[{"@type":"ReadAction","target":["https:\/\/demourshop.com\/produit\/la-nas-costa-moscaminer-2020\/"]}]},{"@type":"ImageObject","inLanguage":"en-GB","@id":"https:\/\/demourshop.com\/produit\/la-nas-costa-moscaminer-2020\/#primaryimage","url":"https:\/\/demourshop.com\/wp-content\/uploads\/2024\/10\/Moscaminer.png","contentUrl":"https:\/\/demourshop.com\/wp-content\/uploads\/2024\/10\/Moscaminer.png","width":700,"height":700,"caption":"Moscaminer Toscane 2020 \u2013 bouteille de vin blanc italien aromatique, 50\u202f% Moscato et 50\u202f% Traminer"},{"@type":"BreadcrumbList","@id":"https:\/\/demourshop.com\/produit\/la-nas-costa-moscaminer-2020\/#breadcrumb","itemListElement":[{"@type":"ListItem","position":1,"name":"Accueil","item":"https:\/\/demourshop.com\/"},{"@type":"ListItem","position":2,"name":"Boutique","item":"https:\/\/demourshop.com\/boutique\/"},{"@type":"ListItem","position":3,"name":"La Nas Costa Moscaminer"}]},{"@type":"WebSite","@id":"https:\/\/demourshop.com\/#website","url":"https:\/\/demourshop.com\/","name":"Demourshop","description":"","publisher":{"@id":"https:\/\/demourshop.com\/#organization"},"potentialAction":[{"@type":"SearchAction","target":{"@type":"EntryPoint","urlTemplate":"https:\/\/demourshop.com\/?s={search_term_string}"},"query-input":{"@type":"PropertyValueSpecification","valueRequired":true,"valueName":"search_term_string"}}],"inLanguage":"en-GB"},{"@type":"Organization","@id":"https:\/\/demourshop.com\/#organization","name":"Demourshop","url":"https:\/\/demourshop.com\/","logo":{"@type":"ImageObject","inLanguage":"en-GB","@id":"https:\/\/demourshop.com\/#\/schema\/logo\/image\/","url":"https:\/\/demourshop.com\/wp-content\/uploads\/2023\/08\/logo-wine-2-1-1.png","contentUrl":"https:\/\/demourshop.com\/wp-content\/uploads\/2023\/08\/logo-wine-2-1-1.png","width":400,"height":145,"caption":"Demourshop"},"image":{"@id":"https:\/\/demourshop.com\/#\/schema\/logo\/image\/"}}]}},"_links":{"self":[{"href":"https:\/\/demourshop.com\/en\/wp-json\/wp\/v2\/product\/65199","targetHints":{"allow":["GET"]}}],"collection":[{"href":"https:\/\/demourshop.com\/en\/wp-json\/wp\/v2\/product"}],"about":[{"href":"https:\/\/demourshop.com\/en\/wp-json\/wp\/v2\/types\/product"}],"version-history":[{"count":7,"href":"https:\/\/demourshop.com\/en\/wp-json\/wp\/v2\/product\/65199\/revisions"}],"predecessor-version":[{"id":70332,"href":"https:\/\/demourshop.com\/en\/wp-json\/wp\/v2\/product\/65199\/revisions\/70332"}],"wp:featuredmedia":[{"embeddable":true,"href":"https:\/\/demourshop.com\/en\/wp-json\/wp\/v2\/media\/69382"}],"wp:attachment":[{"href":"https:\/\/demourshop.com\/en\/wp-json\/wp\/v2\/media?parent=65199"}],"wp:term":[{"taxonomy":"product_brand","embeddable":true,"href":"https:\/\/demourshop.com\/en\/wp-json\/wp\/v2\/product_brand?post=65199"},{"taxonomy":"product_cat","embeddable":true,"href":"https:\/\/demourshop.com\/en\/wp-json\/wp\/v2\/product_cat?post=65199"},{"taxonomy":"product_tag","embeddable":true,"href":"https:\/\/demourshop.com\/en\/wp-json\/wp\/v2\/product_tag?post=65199"}],"curies":[{"name":"wp","href":"https:\/\/api.w.org\/{rel}","templated":true}]}}