{"id":65195,"date":"2024-10-23T14:56:54","date_gmt":"2024-10-23T12:56:54","guid":{"rendered":"https:\/\/demourshop.com\/?post_type=product&#038;p=65195"},"modified":"2026-04-13T12:33:17","modified_gmt":"2026-04-13T10:33:17","slug":"duchessa-isabella-malvasia-2022","status":"publish","type":"product","link":"https:\/\/demourshop.com\/en\/product\/duchessa-isabella-malvasia-2022\/","title":{"rendered":"Duchessa Isabella Malvasia 2022"},"content":{"rendered":"<p><strong>Duchessa Isabella Malvasia 2022<\/strong> est \u00e0 servir entre 6 et 8\u202f\u00b0C pour profiter pleinement de sa fra\u00eecheur aromatique. Accessible, joyeux et s\u00e9duisant, il s\u2019adresse aussi bien aux amateurs curieux qu\u2019aux connaisseurs en qu\u00eate de d\u00e9couvertes. Ce vin de plaisir imm\u00e9diat est parfait pour un ap\u00e9ritif estival, une garden party ou une fin de repas conviviale.<\/p>","protected":false},"excerpt":{"rendered":"<p><strong>Duchessa Isabella Malvasia 2022<\/strong> \u2013 Blanc italien l\u00e9g\u00e8rement doux et floral. Parfait \u00e0 l\u2019ap\u00e9ritif ou avec un dessert fruit\u00e9.<\/p>","protected":false},"featured_media":66910,"template":"","meta":{"_acf_changed":false},"product_brand":[],"product_cat":[378,507,552,384,604,766,382,602,395,374,393],"product_tag":[],"class_list":{"0":"post-65195","1":"product","2":"type-product","3":"status-publish","4":"has-post-thumbnail","6":"product_cat-appellations-vin-en-ligne","7":"product_cat-cepages-vin-en-ligne","8":"product_cat-vin-par-couleur-en-ligne","9":"product_cat-vin-italie-en-ligne","10":"product_cat-malvasia-bianca-en-ligne","11":"product_cat-malvasia-puglia-pgi-en-ligne","12":"product_cat-vin-par-pays-en-ligne","13":"product_cat-vin-puglia-en-ligne","14":"product_cat-vin-agriculture-raisonnee","15":"product_cat-vin-blanc-en-ligne","16":"product_cat-vins-par-methode-de-vinification","17":"pa_appellations-malvasia-puglia-pgi","18":"pa_cepages-malvasia","19":"pa_couleurs-blanc","20":"pa_formats-75cl","21":"pa_millesimes-174","22":"pa_pays-italie","23":"pa_quantites-a-lunite","24":"pa_quantites-carton-de-3-bouteilles","25":"pa_vinifications-raisonnee","27":"first","28":"instock","29":"taxable","30":"shipping-taxable","31":"purchasable","32":"product-type-simple"},"acf":[],"yoast_head":"<!-- This site is optimized with the Yoast SEO plugin v27.4 - https:\/\/yoast.com\/product\/yoast-seo-wordpress\/ -->\n<title>Duchessa Isabella Malvasia 2022 - Demourshop<\/title>\n<meta name=\"description\" content=\"Duchessa Isabella Malvasia 2022 \u2013 Vin blanc italien, demi-sec et floral. Parfait \u00e0 l\u2019ap\u00e9ritif ou avec un dessert fruit\u00e9. Livraison rapide.\" \/>\n<meta name=\"robots\" content=\"index, follow, max-snippet:-1, max-image-preview:large, max-video-preview:-1\" \/>\n<link rel=\"canonical\" href=\"https:\/\/demourshop.com\/en\/product\/duchessa-isabella-malvasia-2022\/\" \/>\n<meta property=\"og:locale\" content=\"en_GB\" \/>\n<meta property=\"og:type\" content=\"article\" \/>\n<meta property=\"og:title\" content=\"Duchessa Isabella Malvasia 2022 - Demourshop\" \/>\n<meta property=\"og:description\" content=\"Duchessa Isabella Malvasia 2022 \u2013 Vin blanc italien, demi-sec et floral. Parfait \u00e0 l\u2019ap\u00e9ritif ou avec un dessert fruit\u00e9. Livraison rapide.\" \/>\n<meta property=\"og:url\" content=\"https:\/\/demourshop.com\/en\/product\/duchessa-isabella-malvasia-2022\/\" \/>\n<meta property=\"og:site_name\" content=\"Demourshop\" \/>\n<meta property=\"article:modified_time\" content=\"2026-04-13T10:33:17+00:00\" \/>\n<meta property=\"og:image\" content=\"http:\/\/demourshop.com\/wp-content\/uploads\/2024\/10\/Duchessa-Isabella-Malvasia-2022-3.png\" \/>\n\t<meta property=\"og:image:width\" content=\"700\" \/>\n\t<meta property=\"og:image:height\" content=\"700\" \/>\n\t<meta property=\"og:image:type\" content=\"image\/png\" \/>\n<meta name=\"twitter:card\" content=\"summary_large_image\" \/>\n<meta name=\"twitter:label1\" content=\"Estimated reading time\" \/>\n\t<meta name=\"twitter:data1\" content=\"2 minutes\" \/>\n<script type=\"application\/ld+json\" class=\"yoast-schema-graph\">{\"@context\":\"https:\\\/\\\/schema.org\",\"@graph\":[{\"@type\":\"WebPage\",\"@id\":\"https:\\\/\\\/demourshop.com\\\/produit\\\/duchessa-isabella-malvasia-2022\\\/\",\"url\":\"https:\\\/\\\/demourshop.com\\\/produit\\\/duchessa-isabella-malvasia-2022\\\/\",\"name\":\"Duchessa Isabella Malvasia 2022 - Demourshop\",\"isPartOf\":{\"@id\":\"https:\\\/\\\/demourshop.com\\\/#website\"},\"primaryImageOfPage\":{\"@id\":\"https:\\\/\\\/demourshop.com\\\/produit\\\/duchessa-isabella-malvasia-2022\\\/#primaryimage\"},\"image\":{\"@id\":\"https:\\\/\\\/demourshop.com\\\/produit\\\/duchessa-isabella-malvasia-2022\\\/#primaryimage\"},\"thumbnailUrl\":\"https:\\\/\\\/demourshop.com\\\/wp-content\\\/uploads\\\/2024\\\/10\\\/Duchessa-Isabella-Malvasia-2022-3.png\",\"datePublished\":\"2024-10-23T12:56:54+00:00\",\"dateModified\":\"2026-04-13T10:33:17+00:00\",\"description\":\"Duchessa Isabella Malvasia 2022 \u2013 Vin blanc italien, demi-sec et floral. Parfait \u00e0 l\u2019ap\u00e9ritif ou avec un dessert fruit\u00e9. Livraison rapide.\",\"breadcrumb\":{\"@id\":\"https:\\\/\\\/demourshop.com\\\/produit\\\/duchessa-isabella-malvasia-2022\\\/#breadcrumb\"},\"inLanguage\":\"en-GB\",\"potentialAction\":[{\"@type\":\"ReadAction\",\"target\":[\"https:\\\/\\\/demourshop.com\\\/produit\\\/duchessa-isabella-malvasia-2022\\\/\"]}]},{\"@type\":\"ImageObject\",\"inLanguage\":\"en-GB\",\"@id\":\"https:\\\/\\\/demourshop.com\\\/produit\\\/duchessa-isabella-malvasia-2022\\\/#primaryimage\",\"url\":\"https:\\\/\\\/demourshop.com\\\/wp-content\\\/uploads\\\/2024\\\/10\\\/Duchessa-Isabella-Malvasia-2022-3.png\",\"contentUrl\":\"https:\\\/\\\/demourshop.com\\\/wp-content\\\/uploads\\\/2024\\\/10\\\/Duchessa-Isabella-Malvasia-2022-3.png\",\"width\":700,\"height\":700,\"caption\":\"Duchessa Isabella Malvasia 2022 \u2013 bouteille de vin p\u00e9tillant italien demi-sec, aromatique et floral, id\u00e9ale pour l\u2019ap\u00e9ritif ou les desserts\"},{\"@type\":\"BreadcrumbList\",\"@id\":\"https:\\\/\\\/demourshop.com\\\/produit\\\/duchessa-isabella-malvasia-2022\\\/#breadcrumb\",\"itemListElement\":[{\"@type\":\"ListItem\",\"position\":1,\"name\":\"Accueil\",\"item\":\"https:\\\/\\\/demourshop.com\\\/\"},{\"@type\":\"ListItem\",\"position\":2,\"name\":\"Boutique\",\"item\":\"https:\\\/\\\/demourshop.com\\\/boutique\\\/\"},{\"@type\":\"ListItem\",\"position\":3,\"name\":\"Duchessa Isabella Malvasia 2022\"}]},{\"@type\":\"WebSite\",\"@id\":\"https:\\\/\\\/demourshop.com\\\/#website\",\"url\":\"https:\\\/\\\/demourshop.com\\\/\",\"name\":\"Demourshop\",\"description\":\"\",\"publisher\":{\"@id\":\"https:\\\/\\\/demourshop.com\\\/#organization\"},\"potentialAction\":[{\"@type\":\"SearchAction\",\"target\":{\"@type\":\"EntryPoint\",\"urlTemplate\":\"https:\\\/\\\/demourshop.com\\\/?s={search_term_string}\"},\"query-input\":{\"@type\":\"PropertyValueSpecification\",\"valueRequired\":true,\"valueName\":\"search_term_string\"}}],\"inLanguage\":\"en-GB\"},{\"@type\":\"Organization\",\"@id\":\"https:\\\/\\\/demourshop.com\\\/#organization\",\"name\":\"Demourshop\",\"url\":\"https:\\\/\\\/demourshop.com\\\/\",\"logo\":{\"@type\":\"ImageObject\",\"inLanguage\":\"en-GB\",\"@id\":\"https:\\\/\\\/demourshop.com\\\/#\\\/schema\\\/logo\\\/image\\\/\",\"url\":\"https:\\\/\\\/demourshop.com\\\/wp-content\\\/uploads\\\/2023\\\/08\\\/logo-wine-2-1-1.png\",\"contentUrl\":\"https:\\\/\\\/demourshop.com\\\/wp-content\\\/uploads\\\/2023\\\/08\\\/logo-wine-2-1-1.png\",\"width\":400,\"height\":145,\"caption\":\"Demourshop\"},\"image\":{\"@id\":\"https:\\\/\\\/demourshop.com\\\/#\\\/schema\\\/logo\\\/image\\\/\"}}]}<\/script>\n<!-- \/ Yoast SEO plugin. -->","yoast_head_json":{"title":"Duchessa Isabella Malvasia 2022 - Demourshop","description":"Duchessa Isabella Malvasia 2022 \u2013 Vin blanc italien, demi-sec et floral. Parfait \u00e0 l\u2019ap\u00e9ritif ou avec un dessert fruit\u00e9. Livraison rapide.","robots":{"index":"index","follow":"follow","max-snippet":"max-snippet:-1","max-image-preview":"max-image-preview:large","max-video-preview":"max-video-preview:-1"},"canonical":"https:\/\/demourshop.com\/en\/product\/duchessa-isabella-malvasia-2022\/","og_locale":"en_GB","og_type":"article","og_title":"Duchessa Isabella Malvasia 2022 - Demourshop","og_description":"Duchessa Isabella Malvasia 2022 \u2013 Vin blanc italien, demi-sec et floral. Parfait \u00e0 l\u2019ap\u00e9ritif ou avec un dessert fruit\u00e9. Livraison rapide.","og_url":"https:\/\/demourshop.com\/en\/product\/duchessa-isabella-malvasia-2022\/","og_site_name":"Demourshop","article_modified_time":"2026-04-13T10:33:17+00:00","og_image":[{"width":700,"height":700,"url":"http:\/\/demourshop.com\/wp-content\/uploads\/2024\/10\/Duchessa-Isabella-Malvasia-2022-3.png","type":"image\/png"}],"twitter_card":"summary_large_image","twitter_misc":{"Estimated reading time":"2 minutes"},"schema":{"@context":"https:\/\/schema.org","@graph":[{"@type":"WebPage","@id":"https:\/\/demourshop.com\/produit\/duchessa-isabella-malvasia-2022\/","url":"https:\/\/demourshop.com\/produit\/duchessa-isabella-malvasia-2022\/","name":"Duchessa Isabella Malvasia 2022 - Demourshop","isPartOf":{"@id":"https:\/\/demourshop.com\/#website"},"primaryImageOfPage":{"@id":"https:\/\/demourshop.com\/produit\/duchessa-isabella-malvasia-2022\/#primaryimage"},"image":{"@id":"https:\/\/demourshop.com\/produit\/duchessa-isabella-malvasia-2022\/#primaryimage"},"thumbnailUrl":"https:\/\/demourshop.com\/wp-content\/uploads\/2024\/10\/Duchessa-Isabella-Malvasia-2022-3.png","datePublished":"2024-10-23T12:56:54+00:00","dateModified":"2026-04-13T10:33:17+00:00","description":"Duchessa Isabella Malvasia 2022 \u2013 Vin blanc italien, demi-sec et floral. Parfait \u00e0 l\u2019ap\u00e9ritif ou avec un dessert fruit\u00e9. Livraison rapide.","breadcrumb":{"@id":"https:\/\/demourshop.com\/produit\/duchessa-isabella-malvasia-2022\/#breadcrumb"},"inLanguage":"en-GB","potentialAction":[{"@type":"ReadAction","target":["https:\/\/demourshop.com\/produit\/duchessa-isabella-malvasia-2022\/"]}]},{"@type":"ImageObject","inLanguage":"en-GB","@id":"https:\/\/demourshop.com\/produit\/duchessa-isabella-malvasia-2022\/#primaryimage","url":"https:\/\/demourshop.com\/wp-content\/uploads\/2024\/10\/Duchessa-Isabella-Malvasia-2022-3.png","contentUrl":"https:\/\/demourshop.com\/wp-content\/uploads\/2024\/10\/Duchessa-Isabella-Malvasia-2022-3.png","width":700,"height":700,"caption":"Duchessa Isabella Malvasia 2022 \u2013 bouteille de vin p\u00e9tillant italien demi-sec, aromatique et floral, id\u00e9ale pour l\u2019ap\u00e9ritif ou les desserts"},{"@type":"BreadcrumbList","@id":"https:\/\/demourshop.com\/produit\/duchessa-isabella-malvasia-2022\/#breadcrumb","itemListElement":[{"@type":"ListItem","position":1,"name":"Accueil","item":"https:\/\/demourshop.com\/"},{"@type":"ListItem","position":2,"name":"Boutique","item":"https:\/\/demourshop.com\/boutique\/"},{"@type":"ListItem","position":3,"name":"Duchessa Isabella Malvasia 2022"}]},{"@type":"WebSite","@id":"https:\/\/demourshop.com\/#website","url":"https:\/\/demourshop.com\/","name":"Demourshop","description":"","publisher":{"@id":"https:\/\/demourshop.com\/#organization"},"potentialAction":[{"@type":"SearchAction","target":{"@type":"EntryPoint","urlTemplate":"https:\/\/demourshop.com\/?s={search_term_string}"},"query-input":{"@type":"PropertyValueSpecification","valueRequired":true,"valueName":"search_term_string"}}],"inLanguage":"en-GB"},{"@type":"Organization","@id":"https:\/\/demourshop.com\/#organization","name":"Demourshop","url":"https:\/\/demourshop.com\/","logo":{"@type":"ImageObject","inLanguage":"en-GB","@id":"https:\/\/demourshop.com\/#\/schema\/logo\/image\/","url":"https:\/\/demourshop.com\/wp-content\/uploads\/2023\/08\/logo-wine-2-1-1.png","contentUrl":"https:\/\/demourshop.com\/wp-content\/uploads\/2023\/08\/logo-wine-2-1-1.png","width":400,"height":145,"caption":"Demourshop"},"image":{"@id":"https:\/\/demourshop.com\/#\/schema\/logo\/image\/"}}]}},"_links":{"self":[{"href":"https:\/\/demourshop.com\/en\/wp-json\/wp\/v2\/product\/65195","targetHints":{"allow":["GET"]}}],"collection":[{"href":"https:\/\/demourshop.com\/en\/wp-json\/wp\/v2\/product"}],"about":[{"href":"https:\/\/demourshop.com\/en\/wp-json\/wp\/v2\/types\/product"}],"version-history":[{"count":8,"href":"https:\/\/demourshop.com\/en\/wp-json\/wp\/v2\/product\/65195\/revisions"}],"predecessor-version":[{"id":71012,"href":"https:\/\/demourshop.com\/en\/wp-json\/wp\/v2\/product\/65195\/revisions\/71012"}],"wp:featuredmedia":[{"embeddable":true,"href":"https:\/\/demourshop.com\/en\/wp-json\/wp\/v2\/media\/66910"}],"wp:attachment":[{"href":"https:\/\/demourshop.com\/en\/wp-json\/wp\/v2\/media?parent=65195"}],"wp:term":[{"taxonomy":"product_brand","embeddable":true,"href":"https:\/\/demourshop.com\/en\/wp-json\/wp\/v2\/product_brand?post=65195"},{"taxonomy":"product_cat","embeddable":true,"href":"https:\/\/demourshop.com\/en\/wp-json\/wp\/v2\/product_cat?post=65195"},{"taxonomy":"product_tag","embeddable":true,"href":"https:\/\/demourshop.com\/en\/wp-json\/wp\/v2\/product_tag?post=65195"}],"curies":[{"name":"wp","href":"https:\/\/api.w.org\/{rel}","templated":true}]}}