{"id":65187,"date":"2024-11-29T11:55:23","date_gmt":"2024-11-29T10:55:23","guid":{"rendered":"https:\/\/demourshop.com\/?post_type=product&#038;p=65187"},"modified":"2025-09-26T15:14:12","modified_gmt":"2025-09-26T13:14:12","slug":"barolo-casa-nere-boglietti","status":"publish","type":"product","link":"https:\/\/demourshop.com\/en\/product\/barolo-casa-nere-boglietti\/","title":{"rendered":"Barolo \u00ab\u00a0Casa Nere\u00a0\u00bb Boglietti"},"content":{"rendered":"<p>Servez <strong>Barolo Casa Nere Boglietti<\/strong> entre 17 et 18\u00b0C, apr\u00e8s une a\u00e9ration de 1 \u00e0 2 heures. Il accompagnera parfaitement un osso buco, une c\u00f4te de b\u0153uf matur\u00e9e, une truffe noire ou des fromages \u00e0 p\u00e2te dure affin\u00e9s. Ce Barolo est taill\u00e9 pour la garde et peut se bonifier jusqu\u2019\u00e0 15 ans. Il s\u2019agit d\u2019un vin d\u2019\u00e9motion, alliant puissance et d\u00e9licatesse, parfait pour les grandes occasions ou \u00e0 offrir aux amateurs de grands vins italiens.<\/p>","protected":false},"excerpt":{"rendered":"<p><strong>Barolo Casa Nere Boglietti<\/strong> \u2013 Grand vin du Pi\u00e9mont, intense et rac\u00e9. 100% Nebbiolo. Un Barolo de terroir sign\u00e9 Enzo Boglietti.<\/p>","protected":false},"featured_media":69460,"template":"","meta":{"_acf_changed":false},"product_brand":[],"product_cat":[552,384,414,382,395,375,393],"product_tag":[],"class_list":{"0":"post-65187","1":"product","2":"type-product","3":"status-publish","4":"has-post-thumbnail","6":"product_cat-vin-par-couleur-en-ligne","7":"product_cat-vin-italie-en-ligne","8":"product_cat-nebbiolo-en-ligne","9":"product_cat-vin-par-pays-en-ligne","10":"product_cat-vin-agriculture-raisonnee","11":"product_cat-vin-rouge-en-ligne","12":"product_cat-vins-par-methode-de-vinification","13":"pa_appellations-barolo","14":"pa_cepages-nebbiolo","15":"pa_couleurs-rouge","16":"pa_formats-75cl","17":"pa_millesimes-177","18":"pa_pays-italie","19":"pa_quantites-a-lunite","20":"pa_quantites-carton-de-3-bouteilles","21":"pa_quantites-carton-de-6-bouteilles","22":"pa_vinifications-bio","24":"first","25":"instock","26":"taxable","27":"shipping-taxable","28":"purchasable","29":"product-type-simple"},"acf":[],"yoast_head":"<!-- This site is optimized with the Yoast SEO plugin v27.4 - https:\/\/yoast.com\/product\/yoast-seo-wordpress\/ -->\n<title>Barolo &quot;Casa Nere&quot; Boglietti - Demourshop<\/title>\n<meta name=\"description\" content=\"Barolo Casa Nere Boglietti \u2013 Grand vin rouge du Pi\u00e9mont. Puissant, floral, profond. Id\u00e9al viandes nobles ou garde. Livraison rapide \u2013 stock limit\u00e9.\" \/>\n<meta name=\"robots\" content=\"index, follow, max-snippet:-1, max-image-preview:large, max-video-preview:-1\" \/>\n<link rel=\"canonical\" href=\"https:\/\/demourshop.com\/en\/product\/barolo-casa-nere-boglietti\/\" \/>\n<meta property=\"og:locale\" content=\"en_GB\" \/>\n<meta property=\"og:type\" content=\"article\" \/>\n<meta property=\"og:title\" content=\"Barolo &quot;Casa Nere&quot; Boglietti - Demourshop\" \/>\n<meta property=\"og:description\" content=\"Barolo Casa Nere Boglietti \u2013 Grand vin rouge du Pi\u00e9mont. Puissant, floral, profond. Id\u00e9al viandes nobles ou garde. Livraison rapide \u2013 stock limit\u00e9.\" \/>\n<meta property=\"og:url\" content=\"https:\/\/demourshop.com\/en\/product\/barolo-casa-nere-boglietti\/\" \/>\n<meta property=\"og:site_name\" content=\"Demourshop\" \/>\n<meta property=\"article:modified_time\" content=\"2025-09-26T13:14:12+00:00\" \/>\n<meta property=\"og:image\" content=\"http:\/\/demourshop.com\/wp-content\/uploads\/2024\/11\/Case-Nere.png\" \/>\n\t<meta property=\"og:image:width\" content=\"700\" \/>\n\t<meta property=\"og:image:height\" content=\"700\" \/>\n\t<meta property=\"og:image:type\" content=\"image\/png\" \/>\n<meta name=\"twitter:card\" content=\"summary_large_image\" \/>\n<meta name=\"twitter:label1\" content=\"Estimated reading time\" \/>\n\t<meta name=\"twitter:data1\" content=\"2 minutes\" \/>\n<script type=\"application\/ld+json\" class=\"yoast-schema-graph\">{\"@context\":\"https:\\\/\\\/schema.org\",\"@graph\":[{\"@type\":\"WebPage\",\"@id\":\"https:\\\/\\\/demourshop.com\\\/produit\\\/barolo-casa-nere-boglietti\\\/\",\"url\":\"https:\\\/\\\/demourshop.com\\\/produit\\\/barolo-casa-nere-boglietti\\\/\",\"name\":\"Barolo \\\"Casa Nere\\\" Boglietti - Demourshop\",\"isPartOf\":{\"@id\":\"https:\\\/\\\/demourshop.com\\\/#website\"},\"primaryImageOfPage\":{\"@id\":\"https:\\\/\\\/demourshop.com\\\/produit\\\/barolo-casa-nere-boglietti\\\/#primaryimage\"},\"image\":{\"@id\":\"https:\\\/\\\/demourshop.com\\\/produit\\\/barolo-casa-nere-boglietti\\\/#primaryimage\"},\"thumbnailUrl\":\"https:\\\/\\\/demourshop.com\\\/wp-content\\\/uploads\\\/2024\\\/11\\\/Case-Nere.png\",\"datePublished\":\"2024-11-29T10:55:23+00:00\",\"dateModified\":\"2025-09-26T13:14:12+00:00\",\"description\":\"Barolo Casa Nere Boglietti \u2013 Grand vin rouge du Pi\u00e9mont. Puissant, floral, profond. Id\u00e9al viandes nobles ou garde. Livraison rapide \u2013 stock limit\u00e9.\",\"breadcrumb\":{\"@id\":\"https:\\\/\\\/demourshop.com\\\/produit\\\/barolo-casa-nere-boglietti\\\/#breadcrumb\"},\"inLanguage\":\"en-GB\",\"potentialAction\":[{\"@type\":\"ReadAction\",\"target\":[\"https:\\\/\\\/demourshop.com\\\/produit\\\/barolo-casa-nere-boglietti\\\/\"]}]},{\"@type\":\"ImageObject\",\"inLanguage\":\"en-GB\",\"@id\":\"https:\\\/\\\/demourshop.com\\\/produit\\\/barolo-casa-nere-boglietti\\\/#primaryimage\",\"url\":\"https:\\\/\\\/demourshop.com\\\/wp-content\\\/uploads\\\/2024\\\/11\\\/Case-Nere.png\",\"contentUrl\":\"https:\\\/\\\/demourshop.com\\\/wp-content\\\/uploads\\\/2024\\\/11\\\/Case-Nere.png\",\"width\":700,\"height\":700,\"caption\":\"Barolo Casa Nere Boglietti \u2013 bouteille de vin rouge italien 100% Nebbiolo, cru de Barolo sign\u00e9 Enzo Boglietti\"},{\"@type\":\"BreadcrumbList\",\"@id\":\"https:\\\/\\\/demourshop.com\\\/produit\\\/barolo-casa-nere-boglietti\\\/#breadcrumb\",\"itemListElement\":[{\"@type\":\"ListItem\",\"position\":1,\"name\":\"Accueil\",\"item\":\"https:\\\/\\\/demourshop.com\\\/\"},{\"@type\":\"ListItem\",\"position\":2,\"name\":\"Boutique\",\"item\":\"https:\\\/\\\/demourshop.com\\\/boutique\\\/\"},{\"@type\":\"ListItem\",\"position\":3,\"name\":\"Barolo \u00ab\u00a0Casa Nere\u00a0\u00bb Boglietti\"}]},{\"@type\":\"WebSite\",\"@id\":\"https:\\\/\\\/demourshop.com\\\/#website\",\"url\":\"https:\\\/\\\/demourshop.com\\\/\",\"name\":\"Demourshop\",\"description\":\"\",\"publisher\":{\"@id\":\"https:\\\/\\\/demourshop.com\\\/#organization\"},\"potentialAction\":[{\"@type\":\"SearchAction\",\"target\":{\"@type\":\"EntryPoint\",\"urlTemplate\":\"https:\\\/\\\/demourshop.com\\\/?s={search_term_string}\"},\"query-input\":{\"@type\":\"PropertyValueSpecification\",\"valueRequired\":true,\"valueName\":\"search_term_string\"}}],\"inLanguage\":\"en-GB\"},{\"@type\":\"Organization\",\"@id\":\"https:\\\/\\\/demourshop.com\\\/#organization\",\"name\":\"Demourshop\",\"url\":\"https:\\\/\\\/demourshop.com\\\/\",\"logo\":{\"@type\":\"ImageObject\",\"inLanguage\":\"en-GB\",\"@id\":\"https:\\\/\\\/demourshop.com\\\/#\\\/schema\\\/logo\\\/image\\\/\",\"url\":\"https:\\\/\\\/demourshop.com\\\/wp-content\\\/uploads\\\/2023\\\/08\\\/logo-wine-2-1-1.png\",\"contentUrl\":\"https:\\\/\\\/demourshop.com\\\/wp-content\\\/uploads\\\/2023\\\/08\\\/logo-wine-2-1-1.png\",\"width\":400,\"height\":145,\"caption\":\"Demourshop\"},\"image\":{\"@id\":\"https:\\\/\\\/demourshop.com\\\/#\\\/schema\\\/logo\\\/image\\\/\"}}]}<\/script>\n<!-- \/ Yoast SEO plugin. -->","yoast_head_json":{"title":"Barolo \"Casa Nere\" Boglietti - Demourshop","description":"Barolo Casa Nere Boglietti \u2013 Grand vin rouge du Pi\u00e9mont. Puissant, floral, profond. Id\u00e9al viandes nobles ou garde. Livraison rapide \u2013 stock limit\u00e9.","robots":{"index":"index","follow":"follow","max-snippet":"max-snippet:-1","max-image-preview":"max-image-preview:large","max-video-preview":"max-video-preview:-1"},"canonical":"https:\/\/demourshop.com\/en\/product\/barolo-casa-nere-boglietti\/","og_locale":"en_GB","og_type":"article","og_title":"Barolo \"Casa Nere\" Boglietti - Demourshop","og_description":"Barolo Casa Nere Boglietti \u2013 Grand vin rouge du Pi\u00e9mont. Puissant, floral, profond. Id\u00e9al viandes nobles ou garde. Livraison rapide \u2013 stock limit\u00e9.","og_url":"https:\/\/demourshop.com\/en\/product\/barolo-casa-nere-boglietti\/","og_site_name":"Demourshop","article_modified_time":"2025-09-26T13:14:12+00:00","og_image":[{"width":700,"height":700,"url":"http:\/\/demourshop.com\/wp-content\/uploads\/2024\/11\/Case-Nere.png","type":"image\/png"}],"twitter_card":"summary_large_image","twitter_misc":{"Estimated reading time":"2 minutes"},"schema":{"@context":"https:\/\/schema.org","@graph":[{"@type":"WebPage","@id":"https:\/\/demourshop.com\/produit\/barolo-casa-nere-boglietti\/","url":"https:\/\/demourshop.com\/produit\/barolo-casa-nere-boglietti\/","name":"Barolo \"Casa Nere\" Boglietti - Demourshop","isPartOf":{"@id":"https:\/\/demourshop.com\/#website"},"primaryImageOfPage":{"@id":"https:\/\/demourshop.com\/produit\/barolo-casa-nere-boglietti\/#primaryimage"},"image":{"@id":"https:\/\/demourshop.com\/produit\/barolo-casa-nere-boglietti\/#primaryimage"},"thumbnailUrl":"https:\/\/demourshop.com\/wp-content\/uploads\/2024\/11\/Case-Nere.png","datePublished":"2024-11-29T10:55:23+00:00","dateModified":"2025-09-26T13:14:12+00:00","description":"Barolo Casa Nere Boglietti \u2013 Grand vin rouge du Pi\u00e9mont. Puissant, floral, profond. Id\u00e9al viandes nobles ou garde. Livraison rapide \u2013 stock limit\u00e9.","breadcrumb":{"@id":"https:\/\/demourshop.com\/produit\/barolo-casa-nere-boglietti\/#breadcrumb"},"inLanguage":"en-GB","potentialAction":[{"@type":"ReadAction","target":["https:\/\/demourshop.com\/produit\/barolo-casa-nere-boglietti\/"]}]},{"@type":"ImageObject","inLanguage":"en-GB","@id":"https:\/\/demourshop.com\/produit\/barolo-casa-nere-boglietti\/#primaryimage","url":"https:\/\/demourshop.com\/wp-content\/uploads\/2024\/11\/Case-Nere.png","contentUrl":"https:\/\/demourshop.com\/wp-content\/uploads\/2024\/11\/Case-Nere.png","width":700,"height":700,"caption":"Barolo Casa Nere Boglietti \u2013 bouteille de vin rouge italien 100% Nebbiolo, cru de Barolo sign\u00e9 Enzo Boglietti"},{"@type":"BreadcrumbList","@id":"https:\/\/demourshop.com\/produit\/barolo-casa-nere-boglietti\/#breadcrumb","itemListElement":[{"@type":"ListItem","position":1,"name":"Accueil","item":"https:\/\/demourshop.com\/"},{"@type":"ListItem","position":2,"name":"Boutique","item":"https:\/\/demourshop.com\/boutique\/"},{"@type":"ListItem","position":3,"name":"Barolo \u00ab\u00a0Casa Nere\u00a0\u00bb Boglietti"}]},{"@type":"WebSite","@id":"https:\/\/demourshop.com\/#website","url":"https:\/\/demourshop.com\/","name":"Demourshop","description":"","publisher":{"@id":"https:\/\/demourshop.com\/#organization"},"potentialAction":[{"@type":"SearchAction","target":{"@type":"EntryPoint","urlTemplate":"https:\/\/demourshop.com\/?s={search_term_string}"},"query-input":{"@type":"PropertyValueSpecification","valueRequired":true,"valueName":"search_term_string"}}],"inLanguage":"en-GB"},{"@type":"Organization","@id":"https:\/\/demourshop.com\/#organization","name":"Demourshop","url":"https:\/\/demourshop.com\/","logo":{"@type":"ImageObject","inLanguage":"en-GB","@id":"https:\/\/demourshop.com\/#\/schema\/logo\/image\/","url":"https:\/\/demourshop.com\/wp-content\/uploads\/2023\/08\/logo-wine-2-1-1.png","contentUrl":"https:\/\/demourshop.com\/wp-content\/uploads\/2023\/08\/logo-wine-2-1-1.png","width":400,"height":145,"caption":"Demourshop"},"image":{"@id":"https:\/\/demourshop.com\/#\/schema\/logo\/image\/"}}]}},"_links":{"self":[{"href":"https:\/\/demourshop.com\/en\/wp-json\/wp\/v2\/product\/65187","targetHints":{"allow":["GET"]}}],"collection":[{"href":"https:\/\/demourshop.com\/en\/wp-json\/wp\/v2\/product"}],"about":[{"href":"https:\/\/demourshop.com\/en\/wp-json\/wp\/v2\/types\/product"}],"version-history":[{"count":9,"href":"https:\/\/demourshop.com\/en\/wp-json\/wp\/v2\/product\/65187\/revisions"}],"predecessor-version":[{"id":70289,"href":"https:\/\/demourshop.com\/en\/wp-json\/wp\/v2\/product\/65187\/revisions\/70289"}],"wp:featuredmedia":[{"embeddable":true,"href":"https:\/\/demourshop.com\/en\/wp-json\/wp\/v2\/media\/69460"}],"wp:attachment":[{"href":"https:\/\/demourshop.com\/en\/wp-json\/wp\/v2\/media?parent=65187"}],"wp:term":[{"taxonomy":"product_brand","embeddable":true,"href":"https:\/\/demourshop.com\/en\/wp-json\/wp\/v2\/product_brand?post=65187"},{"taxonomy":"product_cat","embeddable":true,"href":"https:\/\/demourshop.com\/en\/wp-json\/wp\/v2\/product_cat?post=65187"},{"taxonomy":"product_tag","embeddable":true,"href":"https:\/\/demourshop.com\/en\/wp-json\/wp\/v2\/product_tag?post=65187"}],"curies":[{"name":"wp","href":"https:\/\/api.w.org\/{rel}","templated":true}]}}