{"id":65175,"date":"2024-11-28T16:03:56","date_gmt":"2024-11-28T15:03:56","guid":{"rendered":"https:\/\/demourshop.com\/?post_type=product&#038;p=65175"},"modified":"2025-09-26T15:08:18","modified_gmt":"2025-09-26T13:08:18","slug":"domaine-montine-gourmandise","status":"publish","type":"product","link":"https:\/\/demourshop.com\/en\/product\/domaine-montine-gourmandise\/","title":{"rendered":"Domaine Montine Gourmandise"},"content":{"rendered":"<p>Accessible et \u00e9l\u00e9gant, <strong>Domaine Montine Gourmandise blanc<\/strong> est le choix id\u00e9al pour ceux qui recherchent un vin blanc frais, expressif et facile \u00e0 accorder. Sa complexit\u00e9 aromatique, sa l\u00e9g\u00e8ret\u00e9 en bouche et sa grande buvabilit\u00e9 en font un compagnon id\u00e9al des beaux jours. \u00c0 servir entre 9 et 11\u00b0C, d\u00e8s maintenant ou dans les deux prochaines ann\u00e9es. Ce vin est une invitation \u00e0 la d\u00e9tente et \u00e0 la convivialit\u00e9, avec un excellent rapport qualit\u00e9-prix.<\/p>","protected":false},"excerpt":{"rendered":"<p><strong>Domaine Montine Gourmandise blanc<\/strong> \u2013 Un blanc frais et expressif de la Dr\u00f4me. Id\u00e9al ap\u00e9ritif, salades, poissons grill\u00e9s ou fromages de ch\u00e8vre.<\/p>","protected":false},"featured_media":65566,"template":"","meta":{"_acf_changed":false},"product_brand":[],"product_cat":[710,507,709,552,383,711,396,400,382,401,374,393,407],"product_tag":[],"class_list":{"0":"post-65175","1":"product","2":"type-product","3":"status-publish","4":"has-post-thumbnail","6":"product_cat-bourboulenc-en-ligne","7":"product_cat-cepages-vin-en-ligne","8":"product_cat-clairette-en-ligne","9":"product_cat-vin-par-couleur-en-ligne","10":"product_cat-vin-de-france-en-ligne","11":"product_cat-grenache-blanc-en-ligne","12":"product_cat-vin-hve-en-ligne","13":"product_cat-marsanne-en-ligne","14":"product_cat-vin-par-pays-en-ligne","15":"product_cat-roussanne-en-ligne","16":"product_cat-vin-blanc-en-ligne","17":"product_cat-vins-par-methode-de-vinification","18":"product_cat-viognier-en-ligne","19":"pa_appellations-grignan-les-adhemar","20":"pa_cepages-bourboulenc","21":"pa_cepages-clairette","22":"pa_cepages-grenache-blanc","23":"pa_cepages-marsanne","24":"pa_cepages-roussanne","25":"pa_cepages-viognier","26":"pa_couleurs-blanc","27":"pa_formats-75cl","28":"pa_millesimes-174","29":"pa_pays-france","30":"pa_quantites-a-lunite","31":"pa_quantites-carton-de-3-bouteilles","32":"pa_quantites-carton-de-6-bouteilles","33":"pa_vinifications-hve","35":"first","36":"instock","37":"taxable","38":"shipping-taxable","39":"purchasable","40":"product-type-simple"},"acf":[],"yoast_head":"<!-- This site is optimized with the Yoast SEO plugin v27.4 - https:\/\/yoast.com\/product\/yoast-seo-wordpress\/ -->\n<title>Domaine Montine Gourmandise - Demourshop<\/title>\n<meta name=\"description\" content=\"Domaine Montine Gourmandise blanc \u2013 Un vin frais, floral et \u00e9quilibr\u00e9. Id\u00e9al ap\u00e9ritif, poissons grill\u00e9s, salades ou fromage de ch\u00e8vre.\" \/>\n<meta name=\"robots\" content=\"index, follow, max-snippet:-1, max-image-preview:large, max-video-preview:-1\" \/>\n<link rel=\"canonical\" href=\"https:\/\/demourshop.com\/en\/product\/domaine-montine-gourmandise\/\" \/>\n<meta property=\"og:locale\" content=\"en_GB\" \/>\n<meta property=\"og:type\" content=\"article\" \/>\n<meta property=\"og:title\" content=\"Domaine Montine Gourmandise - Demourshop\" \/>\n<meta property=\"og:description\" content=\"Domaine Montine Gourmandise blanc \u2013 Un vin frais, floral et \u00e9quilibr\u00e9. Id\u00e9al ap\u00e9ritif, poissons grill\u00e9s, salades ou fromage de ch\u00e8vre.\" \/>\n<meta property=\"og:url\" content=\"https:\/\/demourshop.com\/en\/product\/domaine-montine-gourmandise\/\" \/>\n<meta property=\"og:site_name\" content=\"Demourshop\" \/>\n<meta property=\"article:modified_time\" content=\"2025-09-26T13:08:18+00:00\" \/>\n<meta property=\"og:image\" content=\"https:\/\/demourshop.com\/wp-content\/uploads\/2024\/10\/gourmandises-blanc-2023-domaine-de-montine.png\" \/>\n\t<meta property=\"og:image:width\" content=\"360\" \/>\n\t<meta property=\"og:image:height\" content=\"360\" \/>\n\t<meta property=\"og:image:type\" content=\"image\/png\" \/>\n<meta name=\"twitter:card\" content=\"summary_large_image\" \/>\n<meta name=\"twitter:label1\" content=\"Estimated reading time\" \/>\n\t<meta name=\"twitter:data1\" content=\"2 minutes\" \/>\n<script type=\"application\/ld+json\" class=\"yoast-schema-graph\">{\"@context\":\"https:\\\/\\\/schema.org\",\"@graph\":[{\"@type\":\"WebPage\",\"@id\":\"https:\\\/\\\/demourshop.com\\\/produit\\\/domaine-montine-gourmandise\\\/\",\"url\":\"https:\\\/\\\/demourshop.com\\\/produit\\\/domaine-montine-gourmandise\\\/\",\"name\":\"Domaine Montine Gourmandise - Demourshop\",\"isPartOf\":{\"@id\":\"https:\\\/\\\/demourshop.com\\\/#website\"},\"primaryImageOfPage\":{\"@id\":\"https:\\\/\\\/demourshop.com\\\/produit\\\/domaine-montine-gourmandise\\\/#primaryimage\"},\"image\":{\"@id\":\"https:\\\/\\\/demourshop.com\\\/produit\\\/domaine-montine-gourmandise\\\/#primaryimage\"},\"thumbnailUrl\":\"https:\\\/\\\/demourshop.com\\\/wp-content\\\/uploads\\\/2024\\\/10\\\/gourmandises-blanc-2023-domaine-de-montine.png\",\"datePublished\":\"2024-11-28T15:03:56+00:00\",\"dateModified\":\"2025-09-26T13:08:18+00:00\",\"description\":\"Domaine Montine Gourmandise blanc \u2013 Un vin frais, floral et \u00e9quilibr\u00e9. Id\u00e9al ap\u00e9ritif, poissons grill\u00e9s, salades ou fromage de ch\u00e8vre.\",\"breadcrumb\":{\"@id\":\"https:\\\/\\\/demourshop.com\\\/produit\\\/domaine-montine-gourmandise\\\/#breadcrumb\"},\"inLanguage\":\"en-GB\",\"potentialAction\":[{\"@type\":\"ReadAction\",\"target\":[\"https:\\\/\\\/demourshop.com\\\/produit\\\/domaine-montine-gourmandise\\\/\"]}]},{\"@type\":\"ImageObject\",\"inLanguage\":\"en-GB\",\"@id\":\"https:\\\/\\\/demourshop.com\\\/produit\\\/domaine-montine-gourmandise\\\/#primaryimage\",\"url\":\"https:\\\/\\\/demourshop.com\\\/wp-content\\\/uploads\\\/2024\\\/10\\\/gourmandises-blanc-2023-domaine-de-montine.png\",\"contentUrl\":\"https:\\\/\\\/demourshop.com\\\/wp-content\\\/uploads\\\/2024\\\/10\\\/gourmandises-blanc-2023-domaine-de-montine.png\",\"width\":360,\"height\":360},{\"@type\":\"BreadcrumbList\",\"@id\":\"https:\\\/\\\/demourshop.com\\\/produit\\\/domaine-montine-gourmandise\\\/#breadcrumb\",\"itemListElement\":[{\"@type\":\"ListItem\",\"position\":1,\"name\":\"Accueil\",\"item\":\"https:\\\/\\\/demourshop.com\\\/\"},{\"@type\":\"ListItem\",\"position\":2,\"name\":\"Boutique\",\"item\":\"https:\\\/\\\/demourshop.com\\\/boutique\\\/\"},{\"@type\":\"ListItem\",\"position\":3,\"name\":\"Domaine Montine Gourmandise\"}]},{\"@type\":\"WebSite\",\"@id\":\"https:\\\/\\\/demourshop.com\\\/#website\",\"url\":\"https:\\\/\\\/demourshop.com\\\/\",\"name\":\"Demourshop\",\"description\":\"\",\"publisher\":{\"@id\":\"https:\\\/\\\/demourshop.com\\\/#organization\"},\"potentialAction\":[{\"@type\":\"SearchAction\",\"target\":{\"@type\":\"EntryPoint\",\"urlTemplate\":\"https:\\\/\\\/demourshop.com\\\/?s={search_term_string}\"},\"query-input\":{\"@type\":\"PropertyValueSpecification\",\"valueRequired\":true,\"valueName\":\"search_term_string\"}}],\"inLanguage\":\"en-GB\"},{\"@type\":\"Organization\",\"@id\":\"https:\\\/\\\/demourshop.com\\\/#organization\",\"name\":\"Demourshop\",\"url\":\"https:\\\/\\\/demourshop.com\\\/\",\"logo\":{\"@type\":\"ImageObject\",\"inLanguage\":\"en-GB\",\"@id\":\"https:\\\/\\\/demourshop.com\\\/#\\\/schema\\\/logo\\\/image\\\/\",\"url\":\"https:\\\/\\\/demourshop.com\\\/wp-content\\\/uploads\\\/2023\\\/08\\\/logo-wine-2-1-1.png\",\"contentUrl\":\"https:\\\/\\\/demourshop.com\\\/wp-content\\\/uploads\\\/2023\\\/08\\\/logo-wine-2-1-1.png\",\"width\":400,\"height\":145,\"caption\":\"Demourshop\"},\"image\":{\"@id\":\"https:\\\/\\\/demourshop.com\\\/#\\\/schema\\\/logo\\\/image\\\/\"}}]}<\/script>\n<!-- \/ Yoast SEO plugin. -->","yoast_head_json":{"title":"Domaine Montine Gourmandise - Demourshop","description":"Domaine Montine Gourmandise blanc \u2013 Un vin frais, floral et \u00e9quilibr\u00e9. Id\u00e9al ap\u00e9ritif, poissons grill\u00e9s, salades ou fromage de ch\u00e8vre.","robots":{"index":"index","follow":"follow","max-snippet":"max-snippet:-1","max-image-preview":"max-image-preview:large","max-video-preview":"max-video-preview:-1"},"canonical":"https:\/\/demourshop.com\/en\/product\/domaine-montine-gourmandise\/","og_locale":"en_GB","og_type":"article","og_title":"Domaine Montine Gourmandise - Demourshop","og_description":"Domaine Montine Gourmandise blanc \u2013 Un vin frais, floral et \u00e9quilibr\u00e9. Id\u00e9al ap\u00e9ritif, poissons grill\u00e9s, salades ou fromage de ch\u00e8vre.","og_url":"https:\/\/demourshop.com\/en\/product\/domaine-montine-gourmandise\/","og_site_name":"Demourshop","article_modified_time":"2025-09-26T13:08:18+00:00","og_image":[{"width":360,"height":360,"url":"https:\/\/demourshop.com\/wp-content\/uploads\/2024\/10\/gourmandises-blanc-2023-domaine-de-montine.png","type":"image\/png"}],"twitter_card":"summary_large_image","twitter_misc":{"Estimated reading time":"2 minutes"},"schema":{"@context":"https:\/\/schema.org","@graph":[{"@type":"WebPage","@id":"https:\/\/demourshop.com\/produit\/domaine-montine-gourmandise\/","url":"https:\/\/demourshop.com\/produit\/domaine-montine-gourmandise\/","name":"Domaine Montine Gourmandise - Demourshop","isPartOf":{"@id":"https:\/\/demourshop.com\/#website"},"primaryImageOfPage":{"@id":"https:\/\/demourshop.com\/produit\/domaine-montine-gourmandise\/#primaryimage"},"image":{"@id":"https:\/\/demourshop.com\/produit\/domaine-montine-gourmandise\/#primaryimage"},"thumbnailUrl":"https:\/\/demourshop.com\/wp-content\/uploads\/2024\/10\/gourmandises-blanc-2023-domaine-de-montine.png","datePublished":"2024-11-28T15:03:56+00:00","dateModified":"2025-09-26T13:08:18+00:00","description":"Domaine Montine Gourmandise blanc \u2013 Un vin frais, floral et \u00e9quilibr\u00e9. Id\u00e9al ap\u00e9ritif, poissons grill\u00e9s, salades ou fromage de ch\u00e8vre.","breadcrumb":{"@id":"https:\/\/demourshop.com\/produit\/domaine-montine-gourmandise\/#breadcrumb"},"inLanguage":"en-GB","potentialAction":[{"@type":"ReadAction","target":["https:\/\/demourshop.com\/produit\/domaine-montine-gourmandise\/"]}]},{"@type":"ImageObject","inLanguage":"en-GB","@id":"https:\/\/demourshop.com\/produit\/domaine-montine-gourmandise\/#primaryimage","url":"https:\/\/demourshop.com\/wp-content\/uploads\/2024\/10\/gourmandises-blanc-2023-domaine-de-montine.png","contentUrl":"https:\/\/demourshop.com\/wp-content\/uploads\/2024\/10\/gourmandises-blanc-2023-domaine-de-montine.png","width":360,"height":360},{"@type":"BreadcrumbList","@id":"https:\/\/demourshop.com\/produit\/domaine-montine-gourmandise\/#breadcrumb","itemListElement":[{"@type":"ListItem","position":1,"name":"Accueil","item":"https:\/\/demourshop.com\/"},{"@type":"ListItem","position":2,"name":"Boutique","item":"https:\/\/demourshop.com\/boutique\/"},{"@type":"ListItem","position":3,"name":"Domaine Montine Gourmandise"}]},{"@type":"WebSite","@id":"https:\/\/demourshop.com\/#website","url":"https:\/\/demourshop.com\/","name":"Demourshop","description":"","publisher":{"@id":"https:\/\/demourshop.com\/#organization"},"potentialAction":[{"@type":"SearchAction","target":{"@type":"EntryPoint","urlTemplate":"https:\/\/demourshop.com\/?s={search_term_string}"},"query-input":{"@type":"PropertyValueSpecification","valueRequired":true,"valueName":"search_term_string"}}],"inLanguage":"en-GB"},{"@type":"Organization","@id":"https:\/\/demourshop.com\/#organization","name":"Demourshop","url":"https:\/\/demourshop.com\/","logo":{"@type":"ImageObject","inLanguage":"en-GB","@id":"https:\/\/demourshop.com\/#\/schema\/logo\/image\/","url":"https:\/\/demourshop.com\/wp-content\/uploads\/2023\/08\/logo-wine-2-1-1.png","contentUrl":"https:\/\/demourshop.com\/wp-content\/uploads\/2023\/08\/logo-wine-2-1-1.png","width":400,"height":145,"caption":"Demourshop"},"image":{"@id":"https:\/\/demourshop.com\/#\/schema\/logo\/image\/"}}]}},"_links":{"self":[{"href":"https:\/\/demourshop.com\/en\/wp-json\/wp\/v2\/product\/65175","targetHints":{"allow":["GET"]}}],"collection":[{"href":"https:\/\/demourshop.com\/en\/wp-json\/wp\/v2\/product"}],"about":[{"href":"https:\/\/demourshop.com\/en\/wp-json\/wp\/v2\/types\/product"}],"version-history":[{"count":10,"href":"https:\/\/demourshop.com\/en\/wp-json\/wp\/v2\/product\/65175\/revisions"}],"predecessor-version":[{"id":70313,"href":"https:\/\/demourshop.com\/en\/wp-json\/wp\/v2\/product\/65175\/revisions\/70313"}],"wp:featuredmedia":[{"embeddable":true,"href":"https:\/\/demourshop.com\/en\/wp-json\/wp\/v2\/media\/65566"}],"wp:attachment":[{"href":"https:\/\/demourshop.com\/en\/wp-json\/wp\/v2\/media?parent=65175"}],"wp:term":[{"taxonomy":"product_brand","embeddable":true,"href":"https:\/\/demourshop.com\/en\/wp-json\/wp\/v2\/product_brand?post=65175"},{"taxonomy":"product_cat","embeddable":true,"href":"https:\/\/demourshop.com\/en\/wp-json\/wp\/v2\/product_cat?post=65175"},{"taxonomy":"product_tag","embeddable":true,"href":"https:\/\/demourshop.com\/en\/wp-json\/wp\/v2\/product_tag?post=65175"}],"curies":[{"name":"wp","href":"https:\/\/api.w.org\/{rel}","templated":true}]}}