{"id":65163,"date":"2024-11-26T09:59:47","date_gmt":"2024-11-26T08:59:47","guid":{"rendered":"https:\/\/demourshop.com\/?post_type=product&#038;p=65163"},"modified":"2025-09-26T15:04:35","modified_gmt":"2025-09-26T13:04:35","slug":"domaine-mouillard-etoile-selection-2018","status":"publish","type":"product","link":"https:\/\/demourshop.com\/en\/product\/domaine-mouillard-etoile-selection-2018\/","title":{"rendered":"Domaine Mouillard \u00c9toile selection"},"content":{"rendered":"<p>Domaine Mouillard \u00c9toile selection. \u00c0 servir entre 10 et 12\u00b0C, ce vin blanc du Jura accompagnera aussi bien les grands plats r\u00e9gionaux que les mets gastronomiques d\u2019inspiration contemporaine. Il peut se boire d\u00e8s maintenant, mais gagnera en complexit\u00e9 apr\u00e8s 3 \u00e0 5 ans de garde. <strong>Domaine Mouillard \u00c9toile S\u00e9lection 2018<\/strong> est une belle initiation \u00e0 l\u2019univers unique des vins jurassiens, entre tradition et finesse. Une cuv\u00e9e confidentielle, \u00e0 d\u00e9couvrir ou \u00e0 faire d\u00e9couvrir, pour les amateurs de blancs hors des sentiers battus.<\/p>","protected":false},"excerpt":{"rendered":"<p><strong>Domaine Mouillard \u00c9toile S\u00e9lection 2018<\/strong> \u2013 Vin blanc du Jura complexe et expressif. Id\u00e9al avec volailles \u00e0 la cr\u00e8me, poissons ou fromages affin\u00e9s.<\/p>","protected":false},"featured_media":69381,"template":"","meta":{"_acf_changed":false},"product_brand":[],"product_cat":[378,507,398,552,383,665,382,395,662,374,393],"product_tag":[],"class_list":{"0":"post-65163","1":"product","2":"type-product","3":"status-publish","4":"has-post-thumbnail","6":"product_cat-appellations-vin-en-ligne","7":"product_cat-cepages-vin-en-ligne","8":"product_cat-chardonnay-en-ligne","9":"product_cat-vin-par-couleur-en-ligne","10":"product_cat-vin-de-france-en-ligne","11":"product_cat-vin-letoile-en-ligne","12":"product_cat-vin-par-pays-en-ligne","13":"product_cat-vin-agriculture-raisonnee","14":"product_cat-savagnin-en-ligne","15":"product_cat-vin-blanc-en-ligne","16":"product_cat-vins-par-methode-de-vinification","17":"pa_appellations-letoile","18":"pa_cepages-chardonnay","19":"pa_cepages-savagnin","20":"pa_couleurs-blanc","21":"pa_formats-75cl","22":"pa_millesimes-178","23":"pa_pays-france","24":"pa_quantites-a-lunite","25":"pa_quantites-carton-de-3-bouteilles","26":"pa_quantites-carton-de-6-bouteilles","27":"pa_vinifications-raisonnee","29":"first","30":"instock","31":"taxable","32":"shipping-taxable","33":"purchasable","34":"product-type-simple"},"acf":[],"yoast_head":"<!-- This site is optimized with the Yoast SEO plugin v27.4 - https:\/\/yoast.com\/product\/yoast-seo-wordpress\/ -->\n<title>Domaine Mouillard \u00c9toile selection - Demourshop<\/title>\n<meta name=\"description\" content=\"Domaine Mouillard \u00c9toile S\u00e9lection 2018 \u2013 Vin blanc jurassien ample et min\u00e9ral. Parfait pour poissons, volailles \u00e0 la cr\u00e8me ou fromages affin\u00e9s.\" \/>\n<meta name=\"robots\" content=\"index, follow, max-snippet:-1, max-image-preview:large, max-video-preview:-1\" \/>\n<link rel=\"canonical\" href=\"https:\/\/demourshop.com\/en\/product\/domaine-mouillard-etoile-selection-2018\/\" \/>\n<meta property=\"og:locale\" content=\"en_GB\" \/>\n<meta property=\"og:type\" content=\"article\" \/>\n<meta property=\"og:title\" content=\"Domaine Mouillard \u00c9toile selection - Demourshop\" \/>\n<meta property=\"og:description\" content=\"Domaine Mouillard \u00c9toile S\u00e9lection 2018 \u2013 Vin blanc jurassien ample et min\u00e9ral. Parfait pour poissons, volailles \u00e0 la cr\u00e8me ou fromages affin\u00e9s.\" \/>\n<meta property=\"og:url\" content=\"https:\/\/demourshop.com\/en\/product\/domaine-mouillard-etoile-selection-2018\/\" \/>\n<meta property=\"og:site_name\" content=\"Demourshop\" \/>\n<meta property=\"article:modified_time\" content=\"2025-09-26T13:04:35+00:00\" \/>\n<meta property=\"og:image\" content=\"http:\/\/demourshop.com\/wp-content\/uploads\/2024\/11\/Plan-de-travail-1.png\" \/>\n\t<meta property=\"og:image:width\" content=\"700\" \/>\n\t<meta property=\"og:image:height\" content=\"700\" \/>\n\t<meta property=\"og:image:type\" content=\"image\/png\" \/>\n<meta name=\"twitter:card\" content=\"summary_large_image\" \/>\n<meta name=\"twitter:label1\" content=\"Estimated reading time\" \/>\n\t<meta name=\"twitter:data1\" content=\"2 minutes\" \/>\n<script type=\"application\/ld+json\" class=\"yoast-schema-graph\">{\"@context\":\"https:\\\/\\\/schema.org\",\"@graph\":[{\"@type\":\"WebPage\",\"@id\":\"https:\\\/\\\/demourshop.com\\\/produit\\\/domaine-mouillard-etoile-selection-2018\\\/\",\"url\":\"https:\\\/\\\/demourshop.com\\\/produit\\\/domaine-mouillard-etoile-selection-2018\\\/\",\"name\":\"Domaine Mouillard \u00c9toile selection - Demourshop\",\"isPartOf\":{\"@id\":\"https:\\\/\\\/demourshop.com\\\/#website\"},\"primaryImageOfPage\":{\"@id\":\"https:\\\/\\\/demourshop.com\\\/produit\\\/domaine-mouillard-etoile-selection-2018\\\/#primaryimage\"},\"image\":{\"@id\":\"https:\\\/\\\/demourshop.com\\\/produit\\\/domaine-mouillard-etoile-selection-2018\\\/#primaryimage\"},\"thumbnailUrl\":\"https:\\\/\\\/demourshop.com\\\/wp-content\\\/uploads\\\/2024\\\/11\\\/Plan-de-travail-1.png\",\"datePublished\":\"2024-11-26T08:59:47+00:00\",\"dateModified\":\"2025-09-26T13:04:35+00:00\",\"description\":\"Domaine Mouillard \u00c9toile S\u00e9lection 2018 \u2013 Vin blanc jurassien ample et min\u00e9ral. Parfait pour poissons, volailles \u00e0 la cr\u00e8me ou fromages affin\u00e9s.\",\"breadcrumb\":{\"@id\":\"https:\\\/\\\/demourshop.com\\\/produit\\\/domaine-mouillard-etoile-selection-2018\\\/#breadcrumb\"},\"inLanguage\":\"en-GB\",\"potentialAction\":[{\"@type\":\"ReadAction\",\"target\":[\"https:\\\/\\\/demourshop.com\\\/produit\\\/domaine-mouillard-etoile-selection-2018\\\/\"]}]},{\"@type\":\"ImageObject\",\"inLanguage\":\"en-GB\",\"@id\":\"https:\\\/\\\/demourshop.com\\\/produit\\\/domaine-mouillard-etoile-selection-2018\\\/#primaryimage\",\"url\":\"https:\\\/\\\/demourshop.com\\\/wp-content\\\/uploads\\\/2024\\\/11\\\/Plan-de-travail-1.png\",\"contentUrl\":\"https:\\\/\\\/demourshop.com\\\/wp-content\\\/uploads\\\/2024\\\/11\\\/Plan-de-travail-1.png\",\"width\":700,\"height\":700,\"caption\":\"Bouteille Domaine Mouillard \u00c9toile S\u00e9lection 2018 \u2013 vin blanc du Jura riche, min\u00e9ral et \u00e9l\u00e9gant\"},{\"@type\":\"BreadcrumbList\",\"@id\":\"https:\\\/\\\/demourshop.com\\\/produit\\\/domaine-mouillard-etoile-selection-2018\\\/#breadcrumb\",\"itemListElement\":[{\"@type\":\"ListItem\",\"position\":1,\"name\":\"Accueil\",\"item\":\"https:\\\/\\\/demourshop.com\\\/\"},{\"@type\":\"ListItem\",\"position\":2,\"name\":\"Boutique\",\"item\":\"https:\\\/\\\/demourshop.com\\\/boutique\\\/\"},{\"@type\":\"ListItem\",\"position\":3,\"name\":\"Domaine Mouillard \u00c9toile selection\"}]},{\"@type\":\"WebSite\",\"@id\":\"https:\\\/\\\/demourshop.com\\\/#website\",\"url\":\"https:\\\/\\\/demourshop.com\\\/\",\"name\":\"Demourshop\",\"description\":\"\",\"publisher\":{\"@id\":\"https:\\\/\\\/demourshop.com\\\/#organization\"},\"potentialAction\":[{\"@type\":\"SearchAction\",\"target\":{\"@type\":\"EntryPoint\",\"urlTemplate\":\"https:\\\/\\\/demourshop.com\\\/?s={search_term_string}\"},\"query-input\":{\"@type\":\"PropertyValueSpecification\",\"valueRequired\":true,\"valueName\":\"search_term_string\"}}],\"inLanguage\":\"en-GB\"},{\"@type\":\"Organization\",\"@id\":\"https:\\\/\\\/demourshop.com\\\/#organization\",\"name\":\"Demourshop\",\"url\":\"https:\\\/\\\/demourshop.com\\\/\",\"logo\":{\"@type\":\"ImageObject\",\"inLanguage\":\"en-GB\",\"@id\":\"https:\\\/\\\/demourshop.com\\\/#\\\/schema\\\/logo\\\/image\\\/\",\"url\":\"https:\\\/\\\/demourshop.com\\\/wp-content\\\/uploads\\\/2023\\\/08\\\/logo-wine-2-1-1.png\",\"contentUrl\":\"https:\\\/\\\/demourshop.com\\\/wp-content\\\/uploads\\\/2023\\\/08\\\/logo-wine-2-1-1.png\",\"width\":400,\"height\":145,\"caption\":\"Demourshop\"},\"image\":{\"@id\":\"https:\\\/\\\/demourshop.com\\\/#\\\/schema\\\/logo\\\/image\\\/\"}}]}<\/script>\n<!-- \/ Yoast SEO plugin. -->","yoast_head_json":{"title":"Domaine Mouillard \u00c9toile selection - Demourshop","description":"Domaine Mouillard \u00c9toile S\u00e9lection 2018 \u2013 Vin blanc jurassien ample et min\u00e9ral. Parfait pour poissons, volailles \u00e0 la cr\u00e8me ou fromages affin\u00e9s.","robots":{"index":"index","follow":"follow","max-snippet":"max-snippet:-1","max-image-preview":"max-image-preview:large","max-video-preview":"max-video-preview:-1"},"canonical":"https:\/\/demourshop.com\/en\/product\/domaine-mouillard-etoile-selection-2018\/","og_locale":"en_GB","og_type":"article","og_title":"Domaine Mouillard \u00c9toile selection - Demourshop","og_description":"Domaine Mouillard \u00c9toile S\u00e9lection 2018 \u2013 Vin blanc jurassien ample et min\u00e9ral. Parfait pour poissons, volailles \u00e0 la cr\u00e8me ou fromages affin\u00e9s.","og_url":"https:\/\/demourshop.com\/en\/product\/domaine-mouillard-etoile-selection-2018\/","og_site_name":"Demourshop","article_modified_time":"2025-09-26T13:04:35+00:00","og_image":[{"width":700,"height":700,"url":"http:\/\/demourshop.com\/wp-content\/uploads\/2024\/11\/Plan-de-travail-1.png","type":"image\/png"}],"twitter_card":"summary_large_image","twitter_misc":{"Estimated reading time":"2 minutes"},"schema":{"@context":"https:\/\/schema.org","@graph":[{"@type":"WebPage","@id":"https:\/\/demourshop.com\/produit\/domaine-mouillard-etoile-selection-2018\/","url":"https:\/\/demourshop.com\/produit\/domaine-mouillard-etoile-selection-2018\/","name":"Domaine Mouillard \u00c9toile selection - Demourshop","isPartOf":{"@id":"https:\/\/demourshop.com\/#website"},"primaryImageOfPage":{"@id":"https:\/\/demourshop.com\/produit\/domaine-mouillard-etoile-selection-2018\/#primaryimage"},"image":{"@id":"https:\/\/demourshop.com\/produit\/domaine-mouillard-etoile-selection-2018\/#primaryimage"},"thumbnailUrl":"https:\/\/demourshop.com\/wp-content\/uploads\/2024\/11\/Plan-de-travail-1.png","datePublished":"2024-11-26T08:59:47+00:00","dateModified":"2025-09-26T13:04:35+00:00","description":"Domaine Mouillard \u00c9toile S\u00e9lection 2018 \u2013 Vin blanc jurassien ample et min\u00e9ral. Parfait pour poissons, volailles \u00e0 la cr\u00e8me ou fromages affin\u00e9s.","breadcrumb":{"@id":"https:\/\/demourshop.com\/produit\/domaine-mouillard-etoile-selection-2018\/#breadcrumb"},"inLanguage":"en-GB","potentialAction":[{"@type":"ReadAction","target":["https:\/\/demourshop.com\/produit\/domaine-mouillard-etoile-selection-2018\/"]}]},{"@type":"ImageObject","inLanguage":"en-GB","@id":"https:\/\/demourshop.com\/produit\/domaine-mouillard-etoile-selection-2018\/#primaryimage","url":"https:\/\/demourshop.com\/wp-content\/uploads\/2024\/11\/Plan-de-travail-1.png","contentUrl":"https:\/\/demourshop.com\/wp-content\/uploads\/2024\/11\/Plan-de-travail-1.png","width":700,"height":700,"caption":"Bouteille Domaine Mouillard \u00c9toile S\u00e9lection 2018 \u2013 vin blanc du Jura riche, min\u00e9ral et \u00e9l\u00e9gant"},{"@type":"BreadcrumbList","@id":"https:\/\/demourshop.com\/produit\/domaine-mouillard-etoile-selection-2018\/#breadcrumb","itemListElement":[{"@type":"ListItem","position":1,"name":"Accueil","item":"https:\/\/demourshop.com\/"},{"@type":"ListItem","position":2,"name":"Boutique","item":"https:\/\/demourshop.com\/boutique\/"},{"@type":"ListItem","position":3,"name":"Domaine Mouillard \u00c9toile selection"}]},{"@type":"WebSite","@id":"https:\/\/demourshop.com\/#website","url":"https:\/\/demourshop.com\/","name":"Demourshop","description":"","publisher":{"@id":"https:\/\/demourshop.com\/#organization"},"potentialAction":[{"@type":"SearchAction","target":{"@type":"EntryPoint","urlTemplate":"https:\/\/demourshop.com\/?s={search_term_string}"},"query-input":{"@type":"PropertyValueSpecification","valueRequired":true,"valueName":"search_term_string"}}],"inLanguage":"en-GB"},{"@type":"Organization","@id":"https:\/\/demourshop.com\/#organization","name":"Demourshop","url":"https:\/\/demourshop.com\/","logo":{"@type":"ImageObject","inLanguage":"en-GB","@id":"https:\/\/demourshop.com\/#\/schema\/logo\/image\/","url":"https:\/\/demourshop.com\/wp-content\/uploads\/2023\/08\/logo-wine-2-1-1.png","contentUrl":"https:\/\/demourshop.com\/wp-content\/uploads\/2023\/08\/logo-wine-2-1-1.png","width":400,"height":145,"caption":"Demourshop"},"image":{"@id":"https:\/\/demourshop.com\/#\/schema\/logo\/image\/"}}]}},"_links":{"self":[{"href":"https:\/\/demourshop.com\/en\/wp-json\/wp\/v2\/product\/65163","targetHints":{"allow":["GET"]}}],"collection":[{"href":"https:\/\/demourshop.com\/en\/wp-json\/wp\/v2\/product"}],"about":[{"href":"https:\/\/demourshop.com\/en\/wp-json\/wp\/v2\/types\/product"}],"version-history":[{"count":10,"href":"https:\/\/demourshop.com\/en\/wp-json\/wp\/v2\/product\/65163\/revisions"}],"predecessor-version":[{"id":70319,"href":"https:\/\/demourshop.com\/en\/wp-json\/wp\/v2\/product\/65163\/revisions\/70319"}],"wp:featuredmedia":[{"embeddable":true,"href":"https:\/\/demourshop.com\/en\/wp-json\/wp\/v2\/media\/69381"}],"wp:attachment":[{"href":"https:\/\/demourshop.com\/en\/wp-json\/wp\/v2\/media?parent=65163"}],"wp:term":[{"taxonomy":"product_brand","embeddable":true,"href":"https:\/\/demourshop.com\/en\/wp-json\/wp\/v2\/product_brand?post=65163"},{"taxonomy":"product_cat","embeddable":true,"href":"https:\/\/demourshop.com\/en\/wp-json\/wp\/v2\/product_cat?post=65163"},{"taxonomy":"product_tag","embeddable":true,"href":"https:\/\/demourshop.com\/en\/wp-json\/wp\/v2\/product_tag?post=65163"}],"curies":[{"name":"wp","href":"https:\/\/api.w.org\/{rel}","templated":true}]}}