{"id":65141,"date":"2025-02-13T16:14:42","date_gmt":"2025-02-13T15:14:42","guid":{"rendered":"https:\/\/demourshop.com\/?post_type=product&#038;p=65141"},"modified":"2025-09-26T14:56:07","modified_gmt":"2025-09-26T12:56:07","slug":"prima-perla-paul-mas","status":"publish","type":"product","link":"https:\/\/demourshop.com\/en\/product\/prima-perla-paul-mas\/","title":{"rendered":"Prima perla Paul mas"},"content":{"rendered":"<p>Ce Cr\u00e9mant de Limoux illustre parfaitement l\u2019\u00e9l\u00e9gance et la finesse des bulles du Sud de la France. Gr\u00e2ce \u00e0 ses <strong>10 g\/l de sucre<\/strong>, le <strong>Prima Perla<\/strong> reste parfaitement \u00e9quilibr\u00e9 entre tension et gourmandise. Facile \u00e0 accorder et toujours festif, il offre une alternative raffin\u00e9e au Champagne \u00e0 prix doux. C\u2019est une valeur s\u00fbre \u00e0 avoir dans sa cave, que ce soit pour une r\u00e9ception ou un moment convivial improvis\u00e9.<\/p>","protected":false},"excerpt":{"rendered":"<p><strong>Prima Perla Paul Mas<\/strong> \u2013 Cr\u00e9mant de Limoux \u00e9l\u00e9gant et raffin\u00e9. Parfait pour l\u2019ap\u00e9ritif ou un dessert festif. Bulles fines et longue finale.<\/p>","protected":false},"featured_media":69721,"template":"","meta":{"_acf_changed":false},"product_brand":[],"product_cat":[378,507,398,399,552,383,806,382,395,374,377,393],"product_tag":[],"class_list":{"0":"post-65141","1":"product","2":"type-product","3":"status-publish","4":"has-post-thumbnail","6":"product_cat-appellations-vin-en-ligne","7":"product_cat-cepages-vin-en-ligne","8":"product_cat-chardonnay-en-ligne","9":"product_cat-vin-chenin-en-ligne","10":"product_cat-vin-par-couleur-en-ligne","11":"product_cat-vin-de-france-en-ligne","12":"product_cat-mauzac-en-ligne","13":"product_cat-vin-par-pays-en-ligne","14":"product_cat-vin-agriculture-raisonnee","15":"product_cat-vin-blanc-en-ligne","16":"product_cat-vin-petillant-en-ligne","17":"product_cat-vins-par-methode-de-vinification","18":"pa_appellations-cremant-de-limoux","19":"pa_cepages-chardonnay","20":"pa_cepages-mauzac","21":"pa_cepages-pinot-noir","22":"pa_couleurs-blanc","23":"pa_couleurs-petillant","24":"pa_formats-75cl","25":"pa_millesimes-nm","26":"pa_pays-france","27":"pa_quantites-a-lunite","28":"pa_quantites-carton-de-3-bouteilles","29":"pa_quantites-carton-de-6-bouteilles","30":"pa_vinifications-raisonnee","32":"first","33":"instock","34":"taxable","35":"shipping-taxable","36":"purchasable","37":"product-type-simple"},"acf":[],"yoast_head":"<!-- This site is optimized with the Yoast SEO plugin v27.4 - https:\/\/yoast.com\/product\/yoast-seo-wordpress\/ -->\n<title>Prima perla Paul mas - Demourshop<\/title>\n<meta name=\"description\" content=\"Prima Perla Paul Mas \u2013 Cr\u00e9mant de Limoux raffin\u00e9 aux bulles fines. Ar\u00f4mes de fruits blancs et fleurs, m\u00e9thode traditionnelle, 15 mois sur lattes.\" \/>\n<meta name=\"robots\" content=\"index, follow, max-snippet:-1, max-image-preview:large, max-video-preview:-1\" \/>\n<link rel=\"canonical\" href=\"https:\/\/demourshop.com\/en\/product\/prima-perla-paul-mas\/\" \/>\n<meta property=\"og:locale\" content=\"en_GB\" \/>\n<meta property=\"og:type\" content=\"article\" \/>\n<meta property=\"og:title\" content=\"Prima perla Paul mas - Demourshop\" \/>\n<meta property=\"og:description\" content=\"Prima Perla Paul Mas \u2013 Cr\u00e9mant de Limoux raffin\u00e9 aux bulles fines. Ar\u00f4mes de fruits blancs et fleurs, m\u00e9thode traditionnelle, 15 mois sur lattes.\" \/>\n<meta property=\"og:url\" content=\"https:\/\/demourshop.com\/en\/product\/prima-perla-paul-mas\/\" \/>\n<meta property=\"og:site_name\" content=\"Demourshop\" \/>\n<meta property=\"article:modified_time\" content=\"2025-09-26T12:56:07+00:00\" \/>\n<meta property=\"og:image\" content=\"http:\/\/demourshop.com\/wp-content\/uploads\/2024\/11\/Paul-mas.png\" \/>\n\t<meta property=\"og:image:width\" content=\"700\" \/>\n\t<meta property=\"og:image:height\" content=\"700\" \/>\n\t<meta property=\"og:image:type\" content=\"image\/png\" \/>\n<meta name=\"twitter:card\" content=\"summary_large_image\" \/>\n<meta name=\"twitter:label1\" content=\"Estimated reading time\" \/>\n\t<meta name=\"twitter:data1\" content=\"2 minutes\" \/>\n<script type=\"application\/ld+json\" class=\"yoast-schema-graph\">{\"@context\":\"https:\\\/\\\/schema.org\",\"@graph\":[{\"@type\":\"WebPage\",\"@id\":\"https:\\\/\\\/demourshop.com\\\/produit\\\/prima-perla-paul-mas\\\/\",\"url\":\"https:\\\/\\\/demourshop.com\\\/produit\\\/prima-perla-paul-mas\\\/\",\"name\":\"Prima perla Paul mas - Demourshop\",\"isPartOf\":{\"@id\":\"https:\\\/\\\/demourshop.com\\\/#website\"},\"primaryImageOfPage\":{\"@id\":\"https:\\\/\\\/demourshop.com\\\/produit\\\/prima-perla-paul-mas\\\/#primaryimage\"},\"image\":{\"@id\":\"https:\\\/\\\/demourshop.com\\\/produit\\\/prima-perla-paul-mas\\\/#primaryimage\"},\"thumbnailUrl\":\"https:\\\/\\\/demourshop.com\\\/wp-content\\\/uploads\\\/2024\\\/11\\\/Paul-mas.png\",\"datePublished\":\"2025-02-13T15:14:42+00:00\",\"dateModified\":\"2025-09-26T12:56:07+00:00\",\"description\":\"Prima Perla Paul Mas \u2013 Cr\u00e9mant de Limoux raffin\u00e9 aux bulles fines. Ar\u00f4mes de fruits blancs et fleurs, m\u00e9thode traditionnelle, 15 mois sur lattes.\",\"breadcrumb\":{\"@id\":\"https:\\\/\\\/demourshop.com\\\/produit\\\/prima-perla-paul-mas\\\/#breadcrumb\"},\"inLanguage\":\"en-GB\",\"potentialAction\":[{\"@type\":\"ReadAction\",\"target\":[\"https:\\\/\\\/demourshop.com\\\/produit\\\/prima-perla-paul-mas\\\/\"]}]},{\"@type\":\"ImageObject\",\"inLanguage\":\"en-GB\",\"@id\":\"https:\\\/\\\/demourshop.com\\\/produit\\\/prima-perla-paul-mas\\\/#primaryimage\",\"url\":\"https:\\\/\\\/demourshop.com\\\/wp-content\\\/uploads\\\/2024\\\/11\\\/Paul-mas.png\",\"contentUrl\":\"https:\\\/\\\/demourshop.com\\\/wp-content\\\/uploads\\\/2024\\\/11\\\/Paul-mas.png\",\"width\":700,\"height\":700,\"caption\":\"Prima Perla de Paul Mas, un vin blanc effervescent, frais et fruit\u00e9, id\u00e9al pour les moments festifs.\"},{\"@type\":\"BreadcrumbList\",\"@id\":\"https:\\\/\\\/demourshop.com\\\/produit\\\/prima-perla-paul-mas\\\/#breadcrumb\",\"itemListElement\":[{\"@type\":\"ListItem\",\"position\":1,\"name\":\"Accueil\",\"item\":\"https:\\\/\\\/demourshop.com\\\/\"},{\"@type\":\"ListItem\",\"position\":2,\"name\":\"Boutique\",\"item\":\"https:\\\/\\\/demourshop.com\\\/boutique\\\/\"},{\"@type\":\"ListItem\",\"position\":3,\"name\":\"Prima perla Paul mas\"}]},{\"@type\":\"WebSite\",\"@id\":\"https:\\\/\\\/demourshop.com\\\/#website\",\"url\":\"https:\\\/\\\/demourshop.com\\\/\",\"name\":\"Demourshop\",\"description\":\"\",\"publisher\":{\"@id\":\"https:\\\/\\\/demourshop.com\\\/#organization\"},\"potentialAction\":[{\"@type\":\"SearchAction\",\"target\":{\"@type\":\"EntryPoint\",\"urlTemplate\":\"https:\\\/\\\/demourshop.com\\\/?s={search_term_string}\"},\"query-input\":{\"@type\":\"PropertyValueSpecification\",\"valueRequired\":true,\"valueName\":\"search_term_string\"}}],\"inLanguage\":\"en-GB\"},{\"@type\":\"Organization\",\"@id\":\"https:\\\/\\\/demourshop.com\\\/#organization\",\"name\":\"Demourshop\",\"url\":\"https:\\\/\\\/demourshop.com\\\/\",\"logo\":{\"@type\":\"ImageObject\",\"inLanguage\":\"en-GB\",\"@id\":\"https:\\\/\\\/demourshop.com\\\/#\\\/schema\\\/logo\\\/image\\\/\",\"url\":\"https:\\\/\\\/demourshop.com\\\/wp-content\\\/uploads\\\/2023\\\/08\\\/logo-wine-2-1-1.png\",\"contentUrl\":\"https:\\\/\\\/demourshop.com\\\/wp-content\\\/uploads\\\/2023\\\/08\\\/logo-wine-2-1-1.png\",\"width\":400,\"height\":145,\"caption\":\"Demourshop\"},\"image\":{\"@id\":\"https:\\\/\\\/demourshop.com\\\/#\\\/schema\\\/logo\\\/image\\\/\"}}]}<\/script>\n<!-- \/ Yoast SEO plugin. -->","yoast_head_json":{"title":"Prima perla Paul mas - Demourshop","description":"Prima Perla Paul Mas \u2013 Cr\u00e9mant de Limoux raffin\u00e9 aux bulles fines. Ar\u00f4mes de fruits blancs et fleurs, m\u00e9thode traditionnelle, 15 mois sur lattes.","robots":{"index":"index","follow":"follow","max-snippet":"max-snippet:-1","max-image-preview":"max-image-preview:large","max-video-preview":"max-video-preview:-1"},"canonical":"https:\/\/demourshop.com\/en\/product\/prima-perla-paul-mas\/","og_locale":"en_GB","og_type":"article","og_title":"Prima perla Paul mas - Demourshop","og_description":"Prima Perla Paul Mas \u2013 Cr\u00e9mant de Limoux raffin\u00e9 aux bulles fines. Ar\u00f4mes de fruits blancs et fleurs, m\u00e9thode traditionnelle, 15 mois sur lattes.","og_url":"https:\/\/demourshop.com\/en\/product\/prima-perla-paul-mas\/","og_site_name":"Demourshop","article_modified_time":"2025-09-26T12:56:07+00:00","og_image":[{"width":700,"height":700,"url":"http:\/\/demourshop.com\/wp-content\/uploads\/2024\/11\/Paul-mas.png","type":"image\/png"}],"twitter_card":"summary_large_image","twitter_misc":{"Estimated reading time":"2 minutes"},"schema":{"@context":"https:\/\/schema.org","@graph":[{"@type":"WebPage","@id":"https:\/\/demourshop.com\/produit\/prima-perla-paul-mas\/","url":"https:\/\/demourshop.com\/produit\/prima-perla-paul-mas\/","name":"Prima perla Paul mas - Demourshop","isPartOf":{"@id":"https:\/\/demourshop.com\/#website"},"primaryImageOfPage":{"@id":"https:\/\/demourshop.com\/produit\/prima-perla-paul-mas\/#primaryimage"},"image":{"@id":"https:\/\/demourshop.com\/produit\/prima-perla-paul-mas\/#primaryimage"},"thumbnailUrl":"https:\/\/demourshop.com\/wp-content\/uploads\/2024\/11\/Paul-mas.png","datePublished":"2025-02-13T15:14:42+00:00","dateModified":"2025-09-26T12:56:07+00:00","description":"Prima Perla Paul Mas \u2013 Cr\u00e9mant de Limoux raffin\u00e9 aux bulles fines. Ar\u00f4mes de fruits blancs et fleurs, m\u00e9thode traditionnelle, 15 mois sur lattes.","breadcrumb":{"@id":"https:\/\/demourshop.com\/produit\/prima-perla-paul-mas\/#breadcrumb"},"inLanguage":"en-GB","potentialAction":[{"@type":"ReadAction","target":["https:\/\/demourshop.com\/produit\/prima-perla-paul-mas\/"]}]},{"@type":"ImageObject","inLanguage":"en-GB","@id":"https:\/\/demourshop.com\/produit\/prima-perla-paul-mas\/#primaryimage","url":"https:\/\/demourshop.com\/wp-content\/uploads\/2024\/11\/Paul-mas.png","contentUrl":"https:\/\/demourshop.com\/wp-content\/uploads\/2024\/11\/Paul-mas.png","width":700,"height":700,"caption":"Prima Perla de Paul Mas, un vin blanc effervescent, frais et fruit\u00e9, id\u00e9al pour les moments festifs."},{"@type":"BreadcrumbList","@id":"https:\/\/demourshop.com\/produit\/prima-perla-paul-mas\/#breadcrumb","itemListElement":[{"@type":"ListItem","position":1,"name":"Accueil","item":"https:\/\/demourshop.com\/"},{"@type":"ListItem","position":2,"name":"Boutique","item":"https:\/\/demourshop.com\/boutique\/"},{"@type":"ListItem","position":3,"name":"Prima perla Paul mas"}]},{"@type":"WebSite","@id":"https:\/\/demourshop.com\/#website","url":"https:\/\/demourshop.com\/","name":"Demourshop","description":"","publisher":{"@id":"https:\/\/demourshop.com\/#organization"},"potentialAction":[{"@type":"SearchAction","target":{"@type":"EntryPoint","urlTemplate":"https:\/\/demourshop.com\/?s={search_term_string}"},"query-input":{"@type":"PropertyValueSpecification","valueRequired":true,"valueName":"search_term_string"}}],"inLanguage":"en-GB"},{"@type":"Organization","@id":"https:\/\/demourshop.com\/#organization","name":"Demourshop","url":"https:\/\/demourshop.com\/","logo":{"@type":"ImageObject","inLanguage":"en-GB","@id":"https:\/\/demourshop.com\/#\/schema\/logo\/image\/","url":"https:\/\/demourshop.com\/wp-content\/uploads\/2023\/08\/logo-wine-2-1-1.png","contentUrl":"https:\/\/demourshop.com\/wp-content\/uploads\/2023\/08\/logo-wine-2-1-1.png","width":400,"height":145,"caption":"Demourshop"},"image":{"@id":"https:\/\/demourshop.com\/#\/schema\/logo\/image\/"}}]}},"_links":{"self":[{"href":"https:\/\/demourshop.com\/en\/wp-json\/wp\/v2\/product\/65141","targetHints":{"allow":["GET"]}}],"collection":[{"href":"https:\/\/demourshop.com\/en\/wp-json\/wp\/v2\/product"}],"about":[{"href":"https:\/\/demourshop.com\/en\/wp-json\/wp\/v2\/types\/product"}],"version-history":[{"count":9,"href":"https:\/\/demourshop.com\/en\/wp-json\/wp\/v2\/product\/65141\/revisions"}],"predecessor-version":[{"id":70347,"href":"https:\/\/demourshop.com\/en\/wp-json\/wp\/v2\/product\/65141\/revisions\/70347"}],"wp:featuredmedia":[{"embeddable":true,"href":"https:\/\/demourshop.com\/en\/wp-json\/wp\/v2\/media\/69721"}],"wp:attachment":[{"href":"https:\/\/demourshop.com\/en\/wp-json\/wp\/v2\/media?parent=65141"}],"wp:term":[{"taxonomy":"product_brand","embeddable":true,"href":"https:\/\/demourshop.com\/en\/wp-json\/wp\/v2\/product_brand?post=65141"},{"taxonomy":"product_cat","embeddable":true,"href":"https:\/\/demourshop.com\/en\/wp-json\/wp\/v2\/product_cat?post=65141"},{"taxonomy":"product_tag","embeddable":true,"href":"https:\/\/demourshop.com\/en\/wp-json\/wp\/v2\/product_tag?post=65141"}],"curies":[{"name":"wp","href":"https:\/\/api.w.org\/{rel}","templated":true}]}}