{"id":65137,"date":"2024-11-26T11:30:29","date_gmt":"2024-11-26T10:30:29","guid":{"rendered":"https:\/\/demourshop.com\/?post_type=product&#038;p=65137"},"modified":"2025-09-26T14:54:39","modified_gmt":"2025-09-26T12:54:39","slug":"le-curieux-2018","status":"publish","type":"product","link":"https:\/\/demourshop.com\/en\/product\/le-curieux-2018\/","title":{"rendered":"Le Curieux 2018"},"content":{"rendered":"<p><strong>Le Curieux 2018<\/strong> repr\u00e9sente une belle porte d\u2019entr\u00e9e dans l\u2019univers du Savagnin, sans la typicit\u00e9 oxydative du voile. Il combine fra\u00eecheur, amplitude et complexit\u00e9. Gr\u00e2ce \u00e0 son \u00e9levage en f\u00fbt, il garde une belle tension tout en gagnant en rondeur. Il se conserve jusqu\u2019\u00e0 <strong>8 ans<\/strong> en cave. Ce vin blanc du Jura ravira les amateurs de vins gastronomiques, curieux de go\u00fbter une autre facette de cette r\u00e9gion unique. Une cuv\u00e9e aussi confidentielle que s\u00e9duisante.<\/p>","protected":false},"excerpt":{"rendered":"<p><strong>Le Curieux 2018<\/strong> \u2013 Savagnin du Jura sans voile, \u00e9lev\u00e9 en f\u00fbt. Vin blanc min\u00e9ral et souple, id\u00e9al ap\u00e9ritif ou poissons fum\u00e9s.<\/p>","protected":false},"featured_media":69379,"template":"","meta":{"_acf_changed":false},"product_brand":[],"product_cat":[378,507,663,552,383,382,395,662,374,393],"product_tag":[],"class_list":{"0":"post-65137","1":"product","2":"type-product","3":"status-publish","4":"has-post-thumbnail","6":"product_cat-appellations-vin-en-ligne","7":"product_cat-cepages-vin-en-ligne","8":"product_cat-cotes-du-jura-en-ligne","9":"product_cat-vin-par-couleur-en-ligne","10":"product_cat-vin-de-france-en-ligne","11":"product_cat-vin-par-pays-en-ligne","12":"product_cat-vin-agriculture-raisonnee","13":"product_cat-savagnin-en-ligne","14":"product_cat-vin-blanc-en-ligne","15":"product_cat-vins-par-methode-de-vinification","16":"pa_appellations-cotes-du-jura","17":"pa_cepages-savagnin","18":"pa_couleurs-blanc","19":"pa_formats-75cl","20":"pa_millesimes-178","21":"pa_pays-france","22":"pa_quantites-a-lunite","23":"pa_quantites-carton-de-3-bouteilles","24":"pa_quantites-carton-de-6-bouteilles","25":"pa_vinifications-raisonnee","27":"first","28":"instock","29":"taxable","30":"shipping-taxable","31":"purchasable","32":"product-type-simple"},"acf":[],"yoast_head":"<!-- This site is optimized with the Yoast SEO plugin v27.4 - https:\/\/yoast.com\/product\/yoast-seo-wordpress\/ -->\n<title>Le Curieux 2018 - Demourshop<\/title>\n<meta name=\"description\" content=\"Le Curieux 2018 \u2013 Savagnin non oxydatif du Jura, min\u00e9ral et ample. Id\u00e9al ap\u00e9ritif ou poissons fum\u00e9s. \u00c9lev\u00e9 en f\u00fbt, pr\u00eat \u00e0 d\u00e9guster ou garder.\" \/>\n<meta name=\"robots\" content=\"index, follow, max-snippet:-1, max-image-preview:large, max-video-preview:-1\" \/>\n<link rel=\"canonical\" href=\"https:\/\/demourshop.com\/en\/product\/le-curieux-2018\/\" \/>\n<meta property=\"og:locale\" content=\"en_GB\" \/>\n<meta property=\"og:type\" content=\"article\" \/>\n<meta property=\"og:title\" content=\"Le Curieux 2018 - Demourshop\" \/>\n<meta property=\"og:description\" content=\"Le Curieux 2018 \u2013 Savagnin non oxydatif du Jura, min\u00e9ral et ample. Id\u00e9al ap\u00e9ritif ou poissons fum\u00e9s. \u00c9lev\u00e9 en f\u00fbt, pr\u00eat \u00e0 d\u00e9guster ou garder.\" \/>\n<meta property=\"og:url\" content=\"https:\/\/demourshop.com\/en\/product\/le-curieux-2018\/\" \/>\n<meta property=\"og:site_name\" content=\"Demourshop\" \/>\n<meta property=\"article:modified_time\" content=\"2025-09-26T12:54:39+00:00\" \/>\n<meta property=\"og:image\" content=\"http:\/\/demourshop.com\/wp-content\/uploads\/2024\/11\/Le-Curieux.png\" \/>\n\t<meta property=\"og:image:width\" content=\"700\" \/>\n\t<meta property=\"og:image:height\" content=\"700\" \/>\n\t<meta property=\"og:image:type\" content=\"image\/png\" \/>\n<meta name=\"twitter:card\" content=\"summary_large_image\" \/>\n<meta name=\"twitter:label1\" content=\"Estimated reading time\" \/>\n\t<meta name=\"twitter:data1\" content=\"2 minutes\" \/>\n<script type=\"application\/ld+json\" class=\"yoast-schema-graph\">{\"@context\":\"https:\\\/\\\/schema.org\",\"@graph\":[{\"@type\":\"WebPage\",\"@id\":\"https:\\\/\\\/demourshop.com\\\/produit\\\/le-curieux-2018\\\/\",\"url\":\"https:\\\/\\\/demourshop.com\\\/produit\\\/le-curieux-2018\\\/\",\"name\":\"Le Curieux 2018 - Demourshop\",\"isPartOf\":{\"@id\":\"https:\\\/\\\/demourshop.com\\\/#website\"},\"primaryImageOfPage\":{\"@id\":\"https:\\\/\\\/demourshop.com\\\/produit\\\/le-curieux-2018\\\/#primaryimage\"},\"image\":{\"@id\":\"https:\\\/\\\/demourshop.com\\\/produit\\\/le-curieux-2018\\\/#primaryimage\"},\"thumbnailUrl\":\"https:\\\/\\\/demourshop.com\\\/wp-content\\\/uploads\\\/2024\\\/11\\\/Le-Curieux.png\",\"datePublished\":\"2024-11-26T10:30:29+00:00\",\"dateModified\":\"2025-09-26T12:54:39+00:00\",\"description\":\"Le Curieux 2018 \u2013 Savagnin non oxydatif du Jura, min\u00e9ral et ample. Id\u00e9al ap\u00e9ritif ou poissons fum\u00e9s. \u00c9lev\u00e9 en f\u00fbt, pr\u00eat \u00e0 d\u00e9guster ou garder.\",\"breadcrumb\":{\"@id\":\"https:\\\/\\\/demourshop.com\\\/produit\\\/le-curieux-2018\\\/#breadcrumb\"},\"inLanguage\":\"en-GB\",\"potentialAction\":[{\"@type\":\"ReadAction\",\"target\":[\"https:\\\/\\\/demourshop.com\\\/produit\\\/le-curieux-2018\\\/\"]}]},{\"@type\":\"ImageObject\",\"inLanguage\":\"en-GB\",\"@id\":\"https:\\\/\\\/demourshop.com\\\/produit\\\/le-curieux-2018\\\/#primaryimage\",\"url\":\"https:\\\/\\\/demourshop.com\\\/wp-content\\\/uploads\\\/2024\\\/11\\\/Le-Curieux.png\",\"contentUrl\":\"https:\\\/\\\/demourshop.com\\\/wp-content\\\/uploads\\\/2024\\\/11\\\/Le-Curieux.png\",\"width\":700,\"height\":700,\"caption\":\"Le Curieux 2018 \u2013 bouteille de vin blanc du Jura, Savagnin \u00e9lev\u00e9 en f\u00fbt sans voile, \u00e9l\u00e9gant et min\u00e9ral\"},{\"@type\":\"BreadcrumbList\",\"@id\":\"https:\\\/\\\/demourshop.com\\\/produit\\\/le-curieux-2018\\\/#breadcrumb\",\"itemListElement\":[{\"@type\":\"ListItem\",\"position\":1,\"name\":\"Accueil\",\"item\":\"https:\\\/\\\/demourshop.com\\\/\"},{\"@type\":\"ListItem\",\"position\":2,\"name\":\"Boutique\",\"item\":\"https:\\\/\\\/demourshop.com\\\/boutique\\\/\"},{\"@type\":\"ListItem\",\"position\":3,\"name\":\"Le Curieux 2018\"}]},{\"@type\":\"WebSite\",\"@id\":\"https:\\\/\\\/demourshop.com\\\/#website\",\"url\":\"https:\\\/\\\/demourshop.com\\\/\",\"name\":\"Demourshop\",\"description\":\"\",\"publisher\":{\"@id\":\"https:\\\/\\\/demourshop.com\\\/#organization\"},\"potentialAction\":[{\"@type\":\"SearchAction\",\"target\":{\"@type\":\"EntryPoint\",\"urlTemplate\":\"https:\\\/\\\/demourshop.com\\\/?s={search_term_string}\"},\"query-input\":{\"@type\":\"PropertyValueSpecification\",\"valueRequired\":true,\"valueName\":\"search_term_string\"}}],\"inLanguage\":\"en-GB\"},{\"@type\":\"Organization\",\"@id\":\"https:\\\/\\\/demourshop.com\\\/#organization\",\"name\":\"Demourshop\",\"url\":\"https:\\\/\\\/demourshop.com\\\/\",\"logo\":{\"@type\":\"ImageObject\",\"inLanguage\":\"en-GB\",\"@id\":\"https:\\\/\\\/demourshop.com\\\/#\\\/schema\\\/logo\\\/image\\\/\",\"url\":\"https:\\\/\\\/demourshop.com\\\/wp-content\\\/uploads\\\/2023\\\/08\\\/logo-wine-2-1-1.png\",\"contentUrl\":\"https:\\\/\\\/demourshop.com\\\/wp-content\\\/uploads\\\/2023\\\/08\\\/logo-wine-2-1-1.png\",\"width\":400,\"height\":145,\"caption\":\"Demourshop\"},\"image\":{\"@id\":\"https:\\\/\\\/demourshop.com\\\/#\\\/schema\\\/logo\\\/image\\\/\"}}]}<\/script>\n<!-- \/ Yoast SEO plugin. -->","yoast_head_json":{"title":"Le Curieux 2018 - Demourshop","description":"Le Curieux 2018 \u2013 Savagnin non oxydatif du Jura, min\u00e9ral et ample. Id\u00e9al ap\u00e9ritif ou poissons fum\u00e9s. \u00c9lev\u00e9 en f\u00fbt, pr\u00eat \u00e0 d\u00e9guster ou garder.","robots":{"index":"index","follow":"follow","max-snippet":"max-snippet:-1","max-image-preview":"max-image-preview:large","max-video-preview":"max-video-preview:-1"},"canonical":"https:\/\/demourshop.com\/en\/product\/le-curieux-2018\/","og_locale":"en_GB","og_type":"article","og_title":"Le Curieux 2018 - Demourshop","og_description":"Le Curieux 2018 \u2013 Savagnin non oxydatif du Jura, min\u00e9ral et ample. Id\u00e9al ap\u00e9ritif ou poissons fum\u00e9s. \u00c9lev\u00e9 en f\u00fbt, pr\u00eat \u00e0 d\u00e9guster ou garder.","og_url":"https:\/\/demourshop.com\/en\/product\/le-curieux-2018\/","og_site_name":"Demourshop","article_modified_time":"2025-09-26T12:54:39+00:00","og_image":[{"width":700,"height":700,"url":"http:\/\/demourshop.com\/wp-content\/uploads\/2024\/11\/Le-Curieux.png","type":"image\/png"}],"twitter_card":"summary_large_image","twitter_misc":{"Estimated reading time":"2 minutes"},"schema":{"@context":"https:\/\/schema.org","@graph":[{"@type":"WebPage","@id":"https:\/\/demourshop.com\/produit\/le-curieux-2018\/","url":"https:\/\/demourshop.com\/produit\/le-curieux-2018\/","name":"Le Curieux 2018 - Demourshop","isPartOf":{"@id":"https:\/\/demourshop.com\/#website"},"primaryImageOfPage":{"@id":"https:\/\/demourshop.com\/produit\/le-curieux-2018\/#primaryimage"},"image":{"@id":"https:\/\/demourshop.com\/produit\/le-curieux-2018\/#primaryimage"},"thumbnailUrl":"https:\/\/demourshop.com\/wp-content\/uploads\/2024\/11\/Le-Curieux.png","datePublished":"2024-11-26T10:30:29+00:00","dateModified":"2025-09-26T12:54:39+00:00","description":"Le Curieux 2018 \u2013 Savagnin non oxydatif du Jura, min\u00e9ral et ample. Id\u00e9al ap\u00e9ritif ou poissons fum\u00e9s. \u00c9lev\u00e9 en f\u00fbt, pr\u00eat \u00e0 d\u00e9guster ou garder.","breadcrumb":{"@id":"https:\/\/demourshop.com\/produit\/le-curieux-2018\/#breadcrumb"},"inLanguage":"en-GB","potentialAction":[{"@type":"ReadAction","target":["https:\/\/demourshop.com\/produit\/le-curieux-2018\/"]}]},{"@type":"ImageObject","inLanguage":"en-GB","@id":"https:\/\/demourshop.com\/produit\/le-curieux-2018\/#primaryimage","url":"https:\/\/demourshop.com\/wp-content\/uploads\/2024\/11\/Le-Curieux.png","contentUrl":"https:\/\/demourshop.com\/wp-content\/uploads\/2024\/11\/Le-Curieux.png","width":700,"height":700,"caption":"Le Curieux 2018 \u2013 bouteille de vin blanc du Jura, Savagnin \u00e9lev\u00e9 en f\u00fbt sans voile, \u00e9l\u00e9gant et min\u00e9ral"},{"@type":"BreadcrumbList","@id":"https:\/\/demourshop.com\/produit\/le-curieux-2018\/#breadcrumb","itemListElement":[{"@type":"ListItem","position":1,"name":"Accueil","item":"https:\/\/demourshop.com\/"},{"@type":"ListItem","position":2,"name":"Boutique","item":"https:\/\/demourshop.com\/boutique\/"},{"@type":"ListItem","position":3,"name":"Le Curieux 2018"}]},{"@type":"WebSite","@id":"https:\/\/demourshop.com\/#website","url":"https:\/\/demourshop.com\/","name":"Demourshop","description":"","publisher":{"@id":"https:\/\/demourshop.com\/#organization"},"potentialAction":[{"@type":"SearchAction","target":{"@type":"EntryPoint","urlTemplate":"https:\/\/demourshop.com\/?s={search_term_string}"},"query-input":{"@type":"PropertyValueSpecification","valueRequired":true,"valueName":"search_term_string"}}],"inLanguage":"en-GB"},{"@type":"Organization","@id":"https:\/\/demourshop.com\/#organization","name":"Demourshop","url":"https:\/\/demourshop.com\/","logo":{"@type":"ImageObject","inLanguage":"en-GB","@id":"https:\/\/demourshop.com\/#\/schema\/logo\/image\/","url":"https:\/\/demourshop.com\/wp-content\/uploads\/2023\/08\/logo-wine-2-1-1.png","contentUrl":"https:\/\/demourshop.com\/wp-content\/uploads\/2023\/08\/logo-wine-2-1-1.png","width":400,"height":145,"caption":"Demourshop"},"image":{"@id":"https:\/\/demourshop.com\/#\/schema\/logo\/image\/"}}]}},"_links":{"self":[{"href":"https:\/\/demourshop.com\/en\/wp-json\/wp\/v2\/product\/65137","targetHints":{"allow":["GET"]}}],"collection":[{"href":"https:\/\/demourshop.com\/en\/wp-json\/wp\/v2\/product"}],"about":[{"href":"https:\/\/demourshop.com\/en\/wp-json\/wp\/v2\/types\/product"}],"version-history":[{"count":6,"href":"https:\/\/demourshop.com\/en\/wp-json\/wp\/v2\/product\/65137\/revisions"}],"predecessor-version":[{"id":70334,"href":"https:\/\/demourshop.com\/en\/wp-json\/wp\/v2\/product\/65137\/revisions\/70334"}],"wp:featuredmedia":[{"embeddable":true,"href":"https:\/\/demourshop.com\/en\/wp-json\/wp\/v2\/media\/69379"}],"wp:attachment":[{"href":"https:\/\/demourshop.com\/en\/wp-json\/wp\/v2\/media?parent=65137"}],"wp:term":[{"taxonomy":"product_brand","embeddable":true,"href":"https:\/\/demourshop.com\/en\/wp-json\/wp\/v2\/product_brand?post=65137"},{"taxonomy":"product_cat","embeddable":true,"href":"https:\/\/demourshop.com\/en\/wp-json\/wp\/v2\/product_cat?post=65137"},{"taxonomy":"product_tag","embeddable":true,"href":"https:\/\/demourshop.com\/en\/wp-json\/wp\/v2\/product_tag?post=65137"}],"curies":[{"name":"wp","href":"https:\/\/api.w.org\/{rel}","templated":true}]}}