{"id":65129,"date":"2025-02-13T10:34:47","date_gmt":"2025-02-13T09:34:47","guid":{"rendered":"https:\/\/demourshop.com\/?post_type=product&#038;p=65129"},"modified":"2025-09-26T14:50:58","modified_gmt":"2025-09-26T12:50:58","slug":"terranoble-sauvignon-blanc-reserva-2021","status":"publish","type":"product","link":"https:\/\/demourshop.com\/en\/product\/terranoble-sauvignon-blanc-reserva-2021\/","title":{"rendered":"Terranoble sauvignon blanc reserva 2021"},"content":{"rendered":"<p><strong>Terranoble Sauvignon Blanc Reserva 2021<\/strong> incarne la fra\u00eecheur des grands blancs du Chili. Gr\u00e2ce \u00e0 sa vinification soign\u00e9e et son \u00e9levage sur lies, il combine tension et finesse, tout en conservant une buvabilit\u00e9 imm\u00e9diate. Il peut \u00eatre appr\u00e9ci\u00e9 dans les 3 \u00e0 5 ans suivant la mise en bouteille. Ce vin s\u00e9duit autant \u00e0 l\u2019ap\u00e9ritif qu\u2019\u00e0 table, et repr\u00e9sente une belle alternative aux Sauvignon de Loire ou de Nouvelle-Z\u00e9lande.<\/p>","protected":false},"excerpt":{"rendered":"<p><strong>Terranoble Sauvignon Blanc Reserva 2021<\/strong> \u2013 Vin blanc chilien frais et aromatique. Parfait avec fruits de mer, ceviches et fromages.<\/p>","protected":false},"featured_media":69854,"template":"","meta":{"_acf_changed":false},"product_brand":[],"product_cat":[378,507,387,552,382,395,405,789,374,393],"product_tag":[],"class_list":{"0":"post-65129","1":"product","2":"type-product","3":"status-publish","4":"has-post-thumbnail","6":"product_cat-appellations-vin-en-ligne","7":"product_cat-cepages-vin-en-ligne","8":"product_cat-vin-chili-en-ligne","9":"product_cat-vin-par-couleur-en-ligne","10":"product_cat-vin-par-pays-en-ligne","11":"product_cat-vin-agriculture-raisonnee","12":"product_cat-sauvignon-blanc-en-ligne","13":"product_cat-valle-de-casablanca-vin","14":"product_cat-vin-blanc-en-ligne","15":"product_cat-vins-par-methode-de-vinification","16":"pa_appellations-valle-de-casablanca","17":"pa_cepages-sauvignon-blanc","18":"pa_couleurs-blanc","19":"pa_formats-75cl","20":"pa_millesimes-175","21":"pa_pays-chili","22":"pa_quantites-a-lunite","23":"pa_quantites-carton-de-3-bouteilles","24":"pa_quantites-carton-de-6-bouteilles","25":"pa_vinifications-raisonnee","27":"first","28":"instock","29":"taxable","30":"shipping-taxable","31":"purchasable","32":"product-type-simple"},"acf":[],"yoast_head":"<!-- This site is optimized with the Yoast SEO plugin v27.4 - https:\/\/yoast.com\/product\/yoast-seo-wordpress\/ -->\n<title>Terranoble sauvignon blanc reserva 2021 - Demourshop<\/title>\n<meta name=\"description\" content=\"Sauvignon Blanc frais et vif aux ar\u00f4mes d&#039;agrumes et de pomme verte, parfait avec fruits de mer, ceviche ou fromage de ch\u00e8vre. \u00c0 savourer frais.\" \/>\n<meta name=\"robots\" content=\"index, follow, max-snippet:-1, max-image-preview:large, max-video-preview:-1\" \/>\n<link rel=\"canonical\" href=\"https:\/\/demourshop.com\/en\/product\/terranoble-sauvignon-blanc-reserva-2021\/\" \/>\n<meta property=\"og:locale\" content=\"en_GB\" \/>\n<meta property=\"og:type\" content=\"article\" \/>\n<meta property=\"og:title\" content=\"Terranoble sauvignon blanc reserva 2021 - Demourshop\" \/>\n<meta property=\"og:description\" content=\"Sauvignon Blanc frais et vif aux ar\u00f4mes d&#039;agrumes et de pomme verte, parfait avec fruits de mer, ceviche ou fromage de ch\u00e8vre. \u00c0 savourer frais.\" \/>\n<meta property=\"og:url\" content=\"https:\/\/demourshop.com\/en\/product\/terranoble-sauvignon-blanc-reserva-2021\/\" \/>\n<meta property=\"og:site_name\" content=\"Demourshop\" \/>\n<meta property=\"article:modified_time\" content=\"2025-09-26T12:50:58+00:00\" \/>\n<meta property=\"og:image\" content=\"http:\/\/demourshop.com\/wp-content\/uploads\/2025\/01\/TN-sauvignon-blanc.png\" \/>\n\t<meta property=\"og:image:width\" content=\"700\" \/>\n\t<meta property=\"og:image:height\" content=\"700\" \/>\n\t<meta property=\"og:image:type\" content=\"image\/png\" \/>\n<meta name=\"twitter:card\" content=\"summary_large_image\" \/>\n<meta name=\"twitter:label1\" content=\"Estimated reading time\" \/>\n\t<meta name=\"twitter:data1\" content=\"2 minutes\" \/>\n<script type=\"application\/ld+json\" class=\"yoast-schema-graph\">{\"@context\":\"https:\\\/\\\/schema.org\",\"@graph\":[{\"@type\":\"WebPage\",\"@id\":\"https:\\\/\\\/demourshop.com\\\/produit\\\/terranoble-sauvignon-blanc-reserva-2021\\\/\",\"url\":\"https:\\\/\\\/demourshop.com\\\/produit\\\/terranoble-sauvignon-blanc-reserva-2021\\\/\",\"name\":\"Terranoble sauvignon blanc reserva 2021 - Demourshop\",\"isPartOf\":{\"@id\":\"https:\\\/\\\/demourshop.com\\\/#website\"},\"primaryImageOfPage\":{\"@id\":\"https:\\\/\\\/demourshop.com\\\/produit\\\/terranoble-sauvignon-blanc-reserva-2021\\\/#primaryimage\"},\"image\":{\"@id\":\"https:\\\/\\\/demourshop.com\\\/produit\\\/terranoble-sauvignon-blanc-reserva-2021\\\/#primaryimage\"},\"thumbnailUrl\":\"https:\\\/\\\/demourshop.com\\\/wp-content\\\/uploads\\\/2025\\\/01\\\/TN-sauvignon-blanc.png\",\"datePublished\":\"2025-02-13T09:34:47+00:00\",\"dateModified\":\"2025-09-26T12:50:58+00:00\",\"description\":\"Sauvignon Blanc frais et vif aux ar\u00f4mes d'agrumes et de pomme verte, parfait avec fruits de mer, ceviche ou fromage de ch\u00e8vre. \u00c0 savourer frais.\",\"breadcrumb\":{\"@id\":\"https:\\\/\\\/demourshop.com\\\/produit\\\/terranoble-sauvignon-blanc-reserva-2021\\\/#breadcrumb\"},\"inLanguage\":\"en-GB\",\"potentialAction\":[{\"@type\":\"ReadAction\",\"target\":[\"https:\\\/\\\/demourshop.com\\\/produit\\\/terranoble-sauvignon-blanc-reserva-2021\\\/\"]}]},{\"@type\":\"ImageObject\",\"inLanguage\":\"en-GB\",\"@id\":\"https:\\\/\\\/demourshop.com\\\/produit\\\/terranoble-sauvignon-blanc-reserva-2021\\\/#primaryimage\",\"url\":\"https:\\\/\\\/demourshop.com\\\/wp-content\\\/uploads\\\/2025\\\/01\\\/TN-sauvignon-blanc.png\",\"contentUrl\":\"https:\\\/\\\/demourshop.com\\\/wp-content\\\/uploads\\\/2025\\\/01\\\/TN-sauvignon-blanc.png\",\"width\":700,\"height\":700,\"caption\":\"Terra Noble Sauvignon Blanc Reserva, un vin blanc frais et expressif de la vall\u00e9e de Colchagua.\"},{\"@type\":\"BreadcrumbList\",\"@id\":\"https:\\\/\\\/demourshop.com\\\/produit\\\/terranoble-sauvignon-blanc-reserva-2021\\\/#breadcrumb\",\"itemListElement\":[{\"@type\":\"ListItem\",\"position\":1,\"name\":\"Accueil\",\"item\":\"https:\\\/\\\/demourshop.com\\\/\"},{\"@type\":\"ListItem\",\"position\":2,\"name\":\"Boutique\",\"item\":\"https:\\\/\\\/demourshop.com\\\/boutique\\\/\"},{\"@type\":\"ListItem\",\"position\":3,\"name\":\"Terranoble sauvignon blanc reserva 2021\"}]},{\"@type\":\"WebSite\",\"@id\":\"https:\\\/\\\/demourshop.com\\\/#website\",\"url\":\"https:\\\/\\\/demourshop.com\\\/\",\"name\":\"Demourshop\",\"description\":\"\",\"publisher\":{\"@id\":\"https:\\\/\\\/demourshop.com\\\/#organization\"},\"potentialAction\":[{\"@type\":\"SearchAction\",\"target\":{\"@type\":\"EntryPoint\",\"urlTemplate\":\"https:\\\/\\\/demourshop.com\\\/?s={search_term_string}\"},\"query-input\":{\"@type\":\"PropertyValueSpecification\",\"valueRequired\":true,\"valueName\":\"search_term_string\"}}],\"inLanguage\":\"en-GB\"},{\"@type\":\"Organization\",\"@id\":\"https:\\\/\\\/demourshop.com\\\/#organization\",\"name\":\"Demourshop\",\"url\":\"https:\\\/\\\/demourshop.com\\\/\",\"logo\":{\"@type\":\"ImageObject\",\"inLanguage\":\"en-GB\",\"@id\":\"https:\\\/\\\/demourshop.com\\\/#\\\/schema\\\/logo\\\/image\\\/\",\"url\":\"https:\\\/\\\/demourshop.com\\\/wp-content\\\/uploads\\\/2023\\\/08\\\/logo-wine-2-1-1.png\",\"contentUrl\":\"https:\\\/\\\/demourshop.com\\\/wp-content\\\/uploads\\\/2023\\\/08\\\/logo-wine-2-1-1.png\",\"width\":400,\"height\":145,\"caption\":\"Demourshop\"},\"image\":{\"@id\":\"https:\\\/\\\/demourshop.com\\\/#\\\/schema\\\/logo\\\/image\\\/\"}}]}<\/script>\n<!-- \/ Yoast SEO plugin. -->","yoast_head_json":{"title":"Terranoble sauvignon blanc reserva 2021 - Demourshop","description":"Sauvignon Blanc frais et vif aux ar\u00f4mes d'agrumes et de pomme verte, parfait avec fruits de mer, ceviche ou fromage de ch\u00e8vre. \u00c0 savourer frais.","robots":{"index":"index","follow":"follow","max-snippet":"max-snippet:-1","max-image-preview":"max-image-preview:large","max-video-preview":"max-video-preview:-1"},"canonical":"https:\/\/demourshop.com\/en\/product\/terranoble-sauvignon-blanc-reserva-2021\/","og_locale":"en_GB","og_type":"article","og_title":"Terranoble sauvignon blanc reserva 2021 - Demourshop","og_description":"Sauvignon Blanc frais et vif aux ar\u00f4mes d'agrumes et de pomme verte, parfait avec fruits de mer, ceviche ou fromage de ch\u00e8vre. \u00c0 savourer frais.","og_url":"https:\/\/demourshop.com\/en\/product\/terranoble-sauvignon-blanc-reserva-2021\/","og_site_name":"Demourshop","article_modified_time":"2025-09-26T12:50:58+00:00","og_image":[{"width":700,"height":700,"url":"http:\/\/demourshop.com\/wp-content\/uploads\/2025\/01\/TN-sauvignon-blanc.png","type":"image\/png"}],"twitter_card":"summary_large_image","twitter_misc":{"Estimated reading time":"2 minutes"},"schema":{"@context":"https:\/\/schema.org","@graph":[{"@type":"WebPage","@id":"https:\/\/demourshop.com\/produit\/terranoble-sauvignon-blanc-reserva-2021\/","url":"https:\/\/demourshop.com\/produit\/terranoble-sauvignon-blanc-reserva-2021\/","name":"Terranoble sauvignon blanc reserva 2021 - Demourshop","isPartOf":{"@id":"https:\/\/demourshop.com\/#website"},"primaryImageOfPage":{"@id":"https:\/\/demourshop.com\/produit\/terranoble-sauvignon-blanc-reserva-2021\/#primaryimage"},"image":{"@id":"https:\/\/demourshop.com\/produit\/terranoble-sauvignon-blanc-reserva-2021\/#primaryimage"},"thumbnailUrl":"https:\/\/demourshop.com\/wp-content\/uploads\/2025\/01\/TN-sauvignon-blanc.png","datePublished":"2025-02-13T09:34:47+00:00","dateModified":"2025-09-26T12:50:58+00:00","description":"Sauvignon Blanc frais et vif aux ar\u00f4mes d'agrumes et de pomme verte, parfait avec fruits de mer, ceviche ou fromage de ch\u00e8vre. \u00c0 savourer frais.","breadcrumb":{"@id":"https:\/\/demourshop.com\/produit\/terranoble-sauvignon-blanc-reserva-2021\/#breadcrumb"},"inLanguage":"en-GB","potentialAction":[{"@type":"ReadAction","target":["https:\/\/demourshop.com\/produit\/terranoble-sauvignon-blanc-reserva-2021\/"]}]},{"@type":"ImageObject","inLanguage":"en-GB","@id":"https:\/\/demourshop.com\/produit\/terranoble-sauvignon-blanc-reserva-2021\/#primaryimage","url":"https:\/\/demourshop.com\/wp-content\/uploads\/2025\/01\/TN-sauvignon-blanc.png","contentUrl":"https:\/\/demourshop.com\/wp-content\/uploads\/2025\/01\/TN-sauvignon-blanc.png","width":700,"height":700,"caption":"Terra Noble Sauvignon Blanc Reserva, un vin blanc frais et expressif de la vall\u00e9e de Colchagua."},{"@type":"BreadcrumbList","@id":"https:\/\/demourshop.com\/produit\/terranoble-sauvignon-blanc-reserva-2021\/#breadcrumb","itemListElement":[{"@type":"ListItem","position":1,"name":"Accueil","item":"https:\/\/demourshop.com\/"},{"@type":"ListItem","position":2,"name":"Boutique","item":"https:\/\/demourshop.com\/boutique\/"},{"@type":"ListItem","position":3,"name":"Terranoble sauvignon blanc reserva 2021"}]},{"@type":"WebSite","@id":"https:\/\/demourshop.com\/#website","url":"https:\/\/demourshop.com\/","name":"Demourshop","description":"","publisher":{"@id":"https:\/\/demourshop.com\/#organization"},"potentialAction":[{"@type":"SearchAction","target":{"@type":"EntryPoint","urlTemplate":"https:\/\/demourshop.com\/?s={search_term_string}"},"query-input":{"@type":"PropertyValueSpecification","valueRequired":true,"valueName":"search_term_string"}}],"inLanguage":"en-GB"},{"@type":"Organization","@id":"https:\/\/demourshop.com\/#organization","name":"Demourshop","url":"https:\/\/demourshop.com\/","logo":{"@type":"ImageObject","inLanguage":"en-GB","@id":"https:\/\/demourshop.com\/#\/schema\/logo\/image\/","url":"https:\/\/demourshop.com\/wp-content\/uploads\/2023\/08\/logo-wine-2-1-1.png","contentUrl":"https:\/\/demourshop.com\/wp-content\/uploads\/2023\/08\/logo-wine-2-1-1.png","width":400,"height":145,"caption":"Demourshop"},"image":{"@id":"https:\/\/demourshop.com\/#\/schema\/logo\/image\/"}}]}},"_links":{"self":[{"href":"https:\/\/demourshop.com\/en\/wp-json\/wp\/v2\/product\/65129","targetHints":{"allow":["GET"]}}],"collection":[{"href":"https:\/\/demourshop.com\/en\/wp-json\/wp\/v2\/product"}],"about":[{"href":"https:\/\/demourshop.com\/en\/wp-json\/wp\/v2\/types\/product"}],"version-history":[{"count":8,"href":"https:\/\/demourshop.com\/en\/wp-json\/wp\/v2\/product\/65129\/revisions"}],"predecessor-version":[{"id":70355,"href":"https:\/\/demourshop.com\/en\/wp-json\/wp\/v2\/product\/65129\/revisions\/70355"}],"wp:featuredmedia":[{"embeddable":true,"href":"https:\/\/demourshop.com\/en\/wp-json\/wp\/v2\/media\/69854"}],"wp:attachment":[{"href":"https:\/\/demourshop.com\/en\/wp-json\/wp\/v2\/media?parent=65129"}],"wp:term":[{"taxonomy":"product_brand","embeddable":true,"href":"https:\/\/demourshop.com\/en\/wp-json\/wp\/v2\/product_brand?post=65129"},{"taxonomy":"product_cat","embeddable":true,"href":"https:\/\/demourshop.com\/en\/wp-json\/wp\/v2\/product_cat?post=65129"},{"taxonomy":"product_tag","embeddable":true,"href":"https:\/\/demourshop.com\/en\/wp-json\/wp\/v2\/product_tag?post=65129"}],"curies":[{"name":"wp","href":"https:\/\/api.w.org\/{rel}","templated":true}]}}