{"id":65125,"date":"2024-11-29T11:38:44","date_gmt":"2024-11-29T10:38:44","guid":{"rendered":"https:\/\/demourshop.com\/?post_type=product&#038;p=65125"},"modified":"2026-01-16T16:23:18","modified_gmt":"2026-01-16T15:23:18","slug":"terra-noble-carignan-grand-reserva-2018","status":"publish","type":"product","link":"https:\/\/demourshop.com\/en\/product\/terra-noble-carignan-grand-reserva-2018\/","title":{"rendered":"TerraNoble Carignan Gran Reserva"},"content":{"rendered":"<p><strong>TerraNoble Carignan Grand Reserva<\/strong> est une belle d\u00e9monstration de la richesse du patrimoine viticole chilien. Il rend hommage \u00e0 un c\u00e9page longtemps oubli\u00e9 et aujourd\u2019hui valoris\u00e9 pour sa capacit\u00e9 \u00e0 produire des vins puissants, mais \u00e9l\u00e9gants. Ce vin s\u00e9duira les amateurs \u00e0 la recherche d\u2019authenticit\u00e9 et de d\u00e9couvertes. \u00c0 servir entre 16 et 18\u202f\u00b0C, il peut \u00eatre d\u00e9gust\u00e9 d\u00e8s maintenant ou vieillir encore 3 \u00e0 5 ans pour d\u00e9velopper davantage de complexit\u00e9.<\/p>","protected":false},"excerpt":{"rendered":"<p><strong>TerraNoble Carignan Grand Reserva 2018<\/strong> \u2013 Vin rouge chilien profond et structur\u00e9. Notes de fruits noirs, cacao et \u00e9pices. Id\u00e9al grillades.<\/p>","protected":false},"featured_media":69457,"template":"","meta":{"_acf_changed":false},"product_brand":[],"product_cat":[378,699,507,387,552,382,395,718,375,393],"product_tag":[],"class_list":{"0":"post-65125","1":"product","2":"type-product","3":"status-publish","4":"has-post-thumbnail","6":"product_cat-appellations-vin-en-ligne","7":"product_cat-carignan-en-ligne","8":"product_cat-cepages-vin-en-ligne","9":"product_cat-vin-chili-en-ligne","10":"product_cat-vin-par-couleur-en-ligne","11":"product_cat-vin-par-pays-en-ligne","12":"product_cat-vin-agriculture-raisonnee","13":"product_cat-valle-del-maule-en-ligne","14":"product_cat-vin-rouge-en-ligne","15":"product_cat-vins-par-methode-de-vinification","16":"pa_appellations-valle-del-maule","17":"pa_cepages-carignan","18":"pa_couleurs-rouge","19":"pa_formats-75cl","20":"pa_millesimes-178","21":"pa_pays-chili","22":"pa_quantites-a-lunite","23":"pa_quantites-carton-de-3-bouteilles","24":"pa_quantites-carton-de-6-bouteilles","25":"pa_vinifications-raisonnee","27":"first","28":"instock","29":"taxable","30":"shipping-taxable","31":"purchasable","32":"product-type-simple"},"acf":[],"yoast_head":"<!-- This site is optimized with the Yoast SEO plugin v27.4 - https:\/\/yoast.com\/product\/yoast-seo-wordpress\/ -->\n<title>TerraNoble Carignan Gran Reserva - Demourshop<\/title>\n<meta name=\"description\" content=\"Vin chilien profond du Maule. TerraNoble Carignan 2018 \u2013 fruits noirs, \u00e9pices et cacao. Id\u00e9al grillades, belle fra\u00eecheur, tanins soyeux.\" \/>\n<meta name=\"robots\" content=\"index, follow, max-snippet:-1, max-image-preview:large, max-video-preview:-1\" \/>\n<link rel=\"canonical\" href=\"https:\/\/demourshop.com\/en\/product\/terra-noble-carignan-grand-reserva-2018\/\" \/>\n<meta property=\"og:locale\" content=\"en_GB\" \/>\n<meta property=\"og:type\" content=\"article\" \/>\n<meta property=\"og:title\" content=\"TerraNoble Carignan Gran Reserva - Demourshop\" \/>\n<meta property=\"og:description\" content=\"Vin chilien profond du Maule. TerraNoble Carignan 2018 \u2013 fruits noirs, \u00e9pices et cacao. Id\u00e9al grillades, belle fra\u00eecheur, tanins soyeux.\" \/>\n<meta property=\"og:url\" content=\"https:\/\/demourshop.com\/en\/product\/terra-noble-carignan-grand-reserva-2018\/\" \/>\n<meta property=\"og:site_name\" content=\"Demourshop\" \/>\n<meta property=\"article:modified_time\" content=\"2026-01-16T15:23:18+00:00\" \/>\n<meta property=\"og:image\" content=\"http:\/\/demourshop.com\/wp-content\/uploads\/2024\/11\/terranoble.png\" \/>\n\t<meta property=\"og:image:width\" content=\"700\" \/>\n\t<meta property=\"og:image:height\" content=\"700\" \/>\n\t<meta property=\"og:image:type\" content=\"image\/png\" \/>\n<meta name=\"twitter:card\" content=\"summary_large_image\" \/>\n<meta name=\"twitter:label1\" content=\"Estimated reading time\" \/>\n\t<meta name=\"twitter:data1\" content=\"2 minutes\" \/>\n<script type=\"application\/ld+json\" class=\"yoast-schema-graph\">{\"@context\":\"https:\\\/\\\/schema.org\",\"@graph\":[{\"@type\":\"WebPage\",\"@id\":\"https:\\\/\\\/demourshop.com\\\/produit\\\/terra-noble-carignan-grand-reserva-2018\\\/\",\"url\":\"https:\\\/\\\/demourshop.com\\\/produit\\\/terra-noble-carignan-grand-reserva-2018\\\/\",\"name\":\"TerraNoble Carignan Gran Reserva - Demourshop\",\"isPartOf\":{\"@id\":\"https:\\\/\\\/demourshop.com\\\/#website\"},\"primaryImageOfPage\":{\"@id\":\"https:\\\/\\\/demourshop.com\\\/produit\\\/terra-noble-carignan-grand-reserva-2018\\\/#primaryimage\"},\"image\":{\"@id\":\"https:\\\/\\\/demourshop.com\\\/produit\\\/terra-noble-carignan-grand-reserva-2018\\\/#primaryimage\"},\"thumbnailUrl\":\"https:\\\/\\\/demourshop.com\\\/wp-content\\\/uploads\\\/2024\\\/11\\\/terranoble.png\",\"datePublished\":\"2024-11-29T10:38:44+00:00\",\"dateModified\":\"2026-01-16T15:23:18+00:00\",\"description\":\"Vin chilien profond du Maule. TerraNoble Carignan 2018 \u2013 fruits noirs, \u00e9pices et cacao. Id\u00e9al grillades, belle fra\u00eecheur, tanins soyeux.\",\"breadcrumb\":{\"@id\":\"https:\\\/\\\/demourshop.com\\\/produit\\\/terra-noble-carignan-grand-reserva-2018\\\/#breadcrumb\"},\"inLanguage\":\"en-GB\",\"potentialAction\":[{\"@type\":\"ReadAction\",\"target\":[\"https:\\\/\\\/demourshop.com\\\/produit\\\/terra-noble-carignan-grand-reserva-2018\\\/\"]}]},{\"@type\":\"ImageObject\",\"inLanguage\":\"en-GB\",\"@id\":\"https:\\\/\\\/demourshop.com\\\/produit\\\/terra-noble-carignan-grand-reserva-2018\\\/#primaryimage\",\"url\":\"https:\\\/\\\/demourshop.com\\\/wp-content\\\/uploads\\\/2024\\\/11\\\/terranoble.png\",\"contentUrl\":\"https:\\\/\\\/demourshop.com\\\/wp-content\\\/uploads\\\/2024\\\/11\\\/terranoble.png\",\"width\":700,\"height\":700,\"caption\":\"TerraNoble Carignan Grand Reserva 2018 \u2013 vin rouge chilien du Maule, structur\u00e9 et fruit\u00e9, aux ar\u00f4mes d\u2019\u00e9pices, cacao et fruits noirs m\u00fbrs\"},{\"@type\":\"BreadcrumbList\",\"@id\":\"https:\\\/\\\/demourshop.com\\\/produit\\\/terra-noble-carignan-grand-reserva-2018\\\/#breadcrumb\",\"itemListElement\":[{\"@type\":\"ListItem\",\"position\":1,\"name\":\"Accueil\",\"item\":\"https:\\\/\\\/demourshop.com\\\/\"},{\"@type\":\"ListItem\",\"position\":2,\"name\":\"Boutique\",\"item\":\"https:\\\/\\\/demourshop.com\\\/boutique\\\/\"},{\"@type\":\"ListItem\",\"position\":3,\"name\":\"TerraNoble Carignan Gran Reserva\"}]},{\"@type\":\"WebSite\",\"@id\":\"https:\\\/\\\/demourshop.com\\\/#website\",\"url\":\"https:\\\/\\\/demourshop.com\\\/\",\"name\":\"Demourshop\",\"description\":\"\",\"publisher\":{\"@id\":\"https:\\\/\\\/demourshop.com\\\/#organization\"},\"potentialAction\":[{\"@type\":\"SearchAction\",\"target\":{\"@type\":\"EntryPoint\",\"urlTemplate\":\"https:\\\/\\\/demourshop.com\\\/?s={search_term_string}\"},\"query-input\":{\"@type\":\"PropertyValueSpecification\",\"valueRequired\":true,\"valueName\":\"search_term_string\"}}],\"inLanguage\":\"en-GB\"},{\"@type\":\"Organization\",\"@id\":\"https:\\\/\\\/demourshop.com\\\/#organization\",\"name\":\"Demourshop\",\"url\":\"https:\\\/\\\/demourshop.com\\\/\",\"logo\":{\"@type\":\"ImageObject\",\"inLanguage\":\"en-GB\",\"@id\":\"https:\\\/\\\/demourshop.com\\\/#\\\/schema\\\/logo\\\/image\\\/\",\"url\":\"https:\\\/\\\/demourshop.com\\\/wp-content\\\/uploads\\\/2023\\\/08\\\/logo-wine-2-1-1.png\",\"contentUrl\":\"https:\\\/\\\/demourshop.com\\\/wp-content\\\/uploads\\\/2023\\\/08\\\/logo-wine-2-1-1.png\",\"width\":400,\"height\":145,\"caption\":\"Demourshop\"},\"image\":{\"@id\":\"https:\\\/\\\/demourshop.com\\\/#\\\/schema\\\/logo\\\/image\\\/\"}}]}<\/script>\n<!-- \/ Yoast SEO plugin. -->","yoast_head_json":{"title":"TerraNoble Carignan Gran Reserva - Demourshop","description":"Vin chilien profond du Maule. TerraNoble Carignan 2018 \u2013 fruits noirs, \u00e9pices et cacao. Id\u00e9al grillades, belle fra\u00eecheur, tanins soyeux.","robots":{"index":"index","follow":"follow","max-snippet":"max-snippet:-1","max-image-preview":"max-image-preview:large","max-video-preview":"max-video-preview:-1"},"canonical":"https:\/\/demourshop.com\/en\/product\/terra-noble-carignan-grand-reserva-2018\/","og_locale":"en_GB","og_type":"article","og_title":"TerraNoble Carignan Gran Reserva - Demourshop","og_description":"Vin chilien profond du Maule. TerraNoble Carignan 2018 \u2013 fruits noirs, \u00e9pices et cacao. Id\u00e9al grillades, belle fra\u00eecheur, tanins soyeux.","og_url":"https:\/\/demourshop.com\/en\/product\/terra-noble-carignan-grand-reserva-2018\/","og_site_name":"Demourshop","article_modified_time":"2026-01-16T15:23:18+00:00","og_image":[{"width":700,"height":700,"url":"http:\/\/demourshop.com\/wp-content\/uploads\/2024\/11\/terranoble.png","type":"image\/png"}],"twitter_card":"summary_large_image","twitter_misc":{"Estimated reading time":"2 minutes"},"schema":{"@context":"https:\/\/schema.org","@graph":[{"@type":"WebPage","@id":"https:\/\/demourshop.com\/produit\/terra-noble-carignan-grand-reserva-2018\/","url":"https:\/\/demourshop.com\/produit\/terra-noble-carignan-grand-reserva-2018\/","name":"TerraNoble Carignan Gran Reserva - Demourshop","isPartOf":{"@id":"https:\/\/demourshop.com\/#website"},"primaryImageOfPage":{"@id":"https:\/\/demourshop.com\/produit\/terra-noble-carignan-grand-reserva-2018\/#primaryimage"},"image":{"@id":"https:\/\/demourshop.com\/produit\/terra-noble-carignan-grand-reserva-2018\/#primaryimage"},"thumbnailUrl":"https:\/\/demourshop.com\/wp-content\/uploads\/2024\/11\/terranoble.png","datePublished":"2024-11-29T10:38:44+00:00","dateModified":"2026-01-16T15:23:18+00:00","description":"Vin chilien profond du Maule. TerraNoble Carignan 2018 \u2013 fruits noirs, \u00e9pices et cacao. Id\u00e9al grillades, belle fra\u00eecheur, tanins soyeux.","breadcrumb":{"@id":"https:\/\/demourshop.com\/produit\/terra-noble-carignan-grand-reserva-2018\/#breadcrumb"},"inLanguage":"en-GB","potentialAction":[{"@type":"ReadAction","target":["https:\/\/demourshop.com\/produit\/terra-noble-carignan-grand-reserva-2018\/"]}]},{"@type":"ImageObject","inLanguage":"en-GB","@id":"https:\/\/demourshop.com\/produit\/terra-noble-carignan-grand-reserva-2018\/#primaryimage","url":"https:\/\/demourshop.com\/wp-content\/uploads\/2024\/11\/terranoble.png","contentUrl":"https:\/\/demourshop.com\/wp-content\/uploads\/2024\/11\/terranoble.png","width":700,"height":700,"caption":"TerraNoble Carignan Grand Reserva 2018 \u2013 vin rouge chilien du Maule, structur\u00e9 et fruit\u00e9, aux ar\u00f4mes d\u2019\u00e9pices, cacao et fruits noirs m\u00fbrs"},{"@type":"BreadcrumbList","@id":"https:\/\/demourshop.com\/produit\/terra-noble-carignan-grand-reserva-2018\/#breadcrumb","itemListElement":[{"@type":"ListItem","position":1,"name":"Accueil","item":"https:\/\/demourshop.com\/"},{"@type":"ListItem","position":2,"name":"Boutique","item":"https:\/\/demourshop.com\/boutique\/"},{"@type":"ListItem","position":3,"name":"TerraNoble Carignan Gran Reserva"}]},{"@type":"WebSite","@id":"https:\/\/demourshop.com\/#website","url":"https:\/\/demourshop.com\/","name":"Demourshop","description":"","publisher":{"@id":"https:\/\/demourshop.com\/#organization"},"potentialAction":[{"@type":"SearchAction","target":{"@type":"EntryPoint","urlTemplate":"https:\/\/demourshop.com\/?s={search_term_string}"},"query-input":{"@type":"PropertyValueSpecification","valueRequired":true,"valueName":"search_term_string"}}],"inLanguage":"en-GB"},{"@type":"Organization","@id":"https:\/\/demourshop.com\/#organization","name":"Demourshop","url":"https:\/\/demourshop.com\/","logo":{"@type":"ImageObject","inLanguage":"en-GB","@id":"https:\/\/demourshop.com\/#\/schema\/logo\/image\/","url":"https:\/\/demourshop.com\/wp-content\/uploads\/2023\/08\/logo-wine-2-1-1.png","contentUrl":"https:\/\/demourshop.com\/wp-content\/uploads\/2023\/08\/logo-wine-2-1-1.png","width":400,"height":145,"caption":"Demourshop"},"image":{"@id":"https:\/\/demourshop.com\/#\/schema\/logo\/image\/"}}]}},"_links":{"self":[{"href":"https:\/\/demourshop.com\/en\/wp-json\/wp\/v2\/product\/65125","targetHints":{"allow":["GET"]}}],"collection":[{"href":"https:\/\/demourshop.com\/en\/wp-json\/wp\/v2\/product"}],"about":[{"href":"https:\/\/demourshop.com\/en\/wp-json\/wp\/v2\/types\/product"}],"version-history":[{"count":7,"href":"https:\/\/demourshop.com\/en\/wp-json\/wp\/v2\/product\/65125\/revisions"}],"predecessor-version":[{"id":70892,"href":"https:\/\/demourshop.com\/en\/wp-json\/wp\/v2\/product\/65125\/revisions\/70892"}],"wp:featuredmedia":[{"embeddable":true,"href":"https:\/\/demourshop.com\/en\/wp-json\/wp\/v2\/media\/69457"}],"wp:attachment":[{"href":"https:\/\/demourshop.com\/en\/wp-json\/wp\/v2\/media?parent=65125"}],"wp:term":[{"taxonomy":"product_brand","embeddable":true,"href":"https:\/\/demourshop.com\/en\/wp-json\/wp\/v2\/product_brand?post=65125"},{"taxonomy":"product_cat","embeddable":true,"href":"https:\/\/demourshop.com\/en\/wp-json\/wp\/v2\/product_cat?post=65125"},{"taxonomy":"product_tag","embeddable":true,"href":"https:\/\/demourshop.com\/en\/wp-json\/wp\/v2\/product_tag?post=65125"}],"curies":[{"name":"wp","href":"https:\/\/api.w.org\/{rel}","templated":true}]}}