{"id":65123,"date":"2024-10-23T14:42:33","date_gmt":"2024-10-23T12:42:33","guid":{"rendered":"https:\/\/demourshop.com\/?post_type=product&#038;p=65123"},"modified":"2025-09-26T14:50:35","modified_gmt":"2025-09-26T12:50:35","slug":"terra-noble-cabernet-sauvignon-2019","status":"publish","type":"product","link":"https:\/\/demourshop.com\/en\/product\/terra-noble-cabernet-sauvignon-2019\/","title":{"rendered":"Terra noble cabernet sauvignon"},"content":{"rendered":"<p>Accessible et structur\u00e9, le <strong>TerraNoble Cabernet Sauvignon 2019<\/strong> est un ambassadeur du Chili viticole. Il s\u00e9duit par son profil gourmand, sa complexit\u00e9 ma\u00eetris\u00e9e et son rapport qualit\u00e9\/prix exemplaire. Id\u00e9al pour les repas conviviaux, il peut \u00e9galement \u00eatre appr\u00e9ci\u00e9 seul, \u00e0 temp\u00e9rature mod\u00e9r\u00e9e. \u00c0 boire d\u00e8s maintenant ou dans les deux prochaines ann\u00e9es pour profiter pleinement de sa fra\u00eecheur et de ses ar\u00f4mes g\u00e9n\u00e9reux.<\/p>","protected":false},"excerpt":{"rendered":"<p><strong>TerraNoble Cabernet Sauvignon 2019<\/strong> \u2013 Vin chilien expressif et \u00e9quilibr\u00e9. Ar\u00f4mes de cassis, poivre noir et vanille. Parfait pour viandes grill\u00e9es.<\/p>","protected":false},"featured_media":66895,"template":"","meta":{"_acf_changed":false},"product_brand":[],"product_cat":[378,464,507,387,601,552,382,395,375,393],"product_tag":[],"class_list":{"0":"post-65123","1":"product","2":"type-product","3":"status-publish","4":"has-post-thumbnail","6":"product_cat-appellations-vin-en-ligne","7":"product_cat-cabernet-sauvignon-en-ligne","8":"product_cat-cepages-vin-en-ligne","9":"product_cat-vin-chili-en-ligne","10":"product_cat-vin-colchagua-valley-en-ligne","11":"product_cat-vin-par-couleur-en-ligne","12":"product_cat-vin-par-pays-en-ligne","13":"product_cat-vin-agriculture-raisonnee","14":"product_cat-vin-rouge-en-ligne","15":"product_cat-vins-par-methode-de-vinification","16":"pa_cepages-cabernet-sauvignon","17":"pa_couleurs-rouge","18":"pa_formats-75cl","19":"pa_millesimes-177","20":"pa_pays-chili","21":"pa_quantites-a-lunite","22":"pa_quantites-carton-de-3-bouteilles","23":"pa_quantites-carton-de-6-bouteilles","24":"pa_vinifications-raisonnee","26":"first","27":"instock","28":"taxable","29":"shipping-taxable","30":"purchasable","31":"product-type-simple"},"acf":[],"yoast_head":"<!-- This site is optimized with the Yoast SEO plugin v27.4 - https:\/\/yoast.com\/product\/yoast-seo-wordpress\/ -->\n<title>Terra noble cabernet sauvignon - Demourshop<\/title>\n<meta name=\"description\" content=\"Cabernet Sauvignon chilien au nez de cassis et poivre noir. Belle structure, tanins souples et finale persistante. Id\u00e9al grillades et fromages affin\u00e9s.\" \/>\n<meta name=\"robots\" content=\"index, follow, max-snippet:-1, max-image-preview:large, max-video-preview:-1\" \/>\n<link rel=\"canonical\" href=\"https:\/\/demourshop.com\/en\/product\/terra-noble-cabernet-sauvignon-2019\/\" \/>\n<meta property=\"og:locale\" content=\"en_GB\" \/>\n<meta property=\"og:type\" content=\"article\" \/>\n<meta property=\"og:title\" content=\"Terra noble cabernet sauvignon - Demourshop\" \/>\n<meta property=\"og:description\" content=\"Cabernet Sauvignon chilien au nez de cassis et poivre noir. Belle structure, tanins souples et finale persistante. Id\u00e9al grillades et fromages affin\u00e9s.\" \/>\n<meta property=\"og:url\" content=\"https:\/\/demourshop.com\/en\/product\/terra-noble-cabernet-sauvignon-2019\/\" \/>\n<meta property=\"og:site_name\" content=\"Demourshop\" \/>\n<meta property=\"article:modified_time\" content=\"2025-09-26T12:50:35+00:00\" \/>\n<meta property=\"og:image\" content=\"http:\/\/demourshop.com\/wp-content\/uploads\/2024\/10\/Terra-noble-cabernet-sauvignon-2019.png\" \/>\n\t<meta property=\"og:image:width\" content=\"700\" \/>\n\t<meta property=\"og:image:height\" content=\"700\" \/>\n\t<meta property=\"og:image:type\" content=\"image\/png\" \/>\n<meta name=\"twitter:card\" content=\"summary_large_image\" \/>\n<meta name=\"twitter:label1\" content=\"Estimated reading time\" \/>\n\t<meta name=\"twitter:data1\" content=\"2 minutes\" \/>\n<script type=\"application\/ld+json\" class=\"yoast-schema-graph\">{\"@context\":\"https:\\\/\\\/schema.org\",\"@graph\":[{\"@type\":\"WebPage\",\"@id\":\"https:\\\/\\\/demourshop.com\\\/produit\\\/terra-noble-cabernet-sauvignon-2019\\\/\",\"url\":\"https:\\\/\\\/demourshop.com\\\/produit\\\/terra-noble-cabernet-sauvignon-2019\\\/\",\"name\":\"Terra noble cabernet sauvignon - Demourshop\",\"isPartOf\":{\"@id\":\"https:\\\/\\\/demourshop.com\\\/#website\"},\"primaryImageOfPage\":{\"@id\":\"https:\\\/\\\/demourshop.com\\\/produit\\\/terra-noble-cabernet-sauvignon-2019\\\/#primaryimage\"},\"image\":{\"@id\":\"https:\\\/\\\/demourshop.com\\\/produit\\\/terra-noble-cabernet-sauvignon-2019\\\/#primaryimage\"},\"thumbnailUrl\":\"https:\\\/\\\/demourshop.com\\\/wp-content\\\/uploads\\\/2024\\\/10\\\/Terra-noble-cabernet-sauvignon-2019.png\",\"datePublished\":\"2024-10-23T12:42:33+00:00\",\"dateModified\":\"2025-09-26T12:50:35+00:00\",\"description\":\"Cabernet Sauvignon chilien au nez de cassis et poivre noir. Belle structure, tanins souples et finale persistante. Id\u00e9al grillades et fromages affin\u00e9s.\",\"breadcrumb\":{\"@id\":\"https:\\\/\\\/demourshop.com\\\/produit\\\/terra-noble-cabernet-sauvignon-2019\\\/#breadcrumb\"},\"inLanguage\":\"en-GB\",\"potentialAction\":[{\"@type\":\"ReadAction\",\"target\":[\"https:\\\/\\\/demourshop.com\\\/produit\\\/terra-noble-cabernet-sauvignon-2019\\\/\"]}]},{\"@type\":\"ImageObject\",\"inLanguage\":\"en-GB\",\"@id\":\"https:\\\/\\\/demourshop.com\\\/produit\\\/terra-noble-cabernet-sauvignon-2019\\\/#primaryimage\",\"url\":\"https:\\\/\\\/demourshop.com\\\/wp-content\\\/uploads\\\/2024\\\/10\\\/Terra-noble-cabernet-sauvignon-2019.png\",\"contentUrl\":\"https:\\\/\\\/demourshop.com\\\/wp-content\\\/uploads\\\/2024\\\/10\\\/Terra-noble-cabernet-sauvignon-2019.png\",\"width\":700,\"height\":700,\"caption\":\"Bouteille de TerraNoble Cabernet Sauvignon 2019 \u2013 vin rouge du Chili, Colchagua Valley, aux ar\u00f4mes de fruits noirs, \u00e9pices et notes bois\u00e9es\"},{\"@type\":\"BreadcrumbList\",\"@id\":\"https:\\\/\\\/demourshop.com\\\/produit\\\/terra-noble-cabernet-sauvignon-2019\\\/#breadcrumb\",\"itemListElement\":[{\"@type\":\"ListItem\",\"position\":1,\"name\":\"Accueil\",\"item\":\"https:\\\/\\\/demourshop.com\\\/\"},{\"@type\":\"ListItem\",\"position\":2,\"name\":\"Boutique\",\"item\":\"https:\\\/\\\/demourshop.com\\\/boutique\\\/\"},{\"@type\":\"ListItem\",\"position\":3,\"name\":\"Terra noble cabernet sauvignon\"}]},{\"@type\":\"WebSite\",\"@id\":\"https:\\\/\\\/demourshop.com\\\/#website\",\"url\":\"https:\\\/\\\/demourshop.com\\\/\",\"name\":\"Demourshop\",\"description\":\"\",\"publisher\":{\"@id\":\"https:\\\/\\\/demourshop.com\\\/#organization\"},\"potentialAction\":[{\"@type\":\"SearchAction\",\"target\":{\"@type\":\"EntryPoint\",\"urlTemplate\":\"https:\\\/\\\/demourshop.com\\\/?s={search_term_string}\"},\"query-input\":{\"@type\":\"PropertyValueSpecification\",\"valueRequired\":true,\"valueName\":\"search_term_string\"}}],\"inLanguage\":\"en-GB\"},{\"@type\":\"Organization\",\"@id\":\"https:\\\/\\\/demourshop.com\\\/#organization\",\"name\":\"Demourshop\",\"url\":\"https:\\\/\\\/demourshop.com\\\/\",\"logo\":{\"@type\":\"ImageObject\",\"inLanguage\":\"en-GB\",\"@id\":\"https:\\\/\\\/demourshop.com\\\/#\\\/schema\\\/logo\\\/image\\\/\",\"url\":\"https:\\\/\\\/demourshop.com\\\/wp-content\\\/uploads\\\/2023\\\/08\\\/logo-wine-2-1-1.png\",\"contentUrl\":\"https:\\\/\\\/demourshop.com\\\/wp-content\\\/uploads\\\/2023\\\/08\\\/logo-wine-2-1-1.png\",\"width\":400,\"height\":145,\"caption\":\"Demourshop\"},\"image\":{\"@id\":\"https:\\\/\\\/demourshop.com\\\/#\\\/schema\\\/logo\\\/image\\\/\"}}]}<\/script>\n<!-- \/ Yoast SEO plugin. -->","yoast_head_json":{"title":"Terra noble cabernet sauvignon - Demourshop","description":"Cabernet Sauvignon chilien au nez de cassis et poivre noir. Belle structure, tanins souples et finale persistante. Id\u00e9al grillades et fromages affin\u00e9s.","robots":{"index":"index","follow":"follow","max-snippet":"max-snippet:-1","max-image-preview":"max-image-preview:large","max-video-preview":"max-video-preview:-1"},"canonical":"https:\/\/demourshop.com\/en\/product\/terra-noble-cabernet-sauvignon-2019\/","og_locale":"en_GB","og_type":"article","og_title":"Terra noble cabernet sauvignon - Demourshop","og_description":"Cabernet Sauvignon chilien au nez de cassis et poivre noir. Belle structure, tanins souples et finale persistante. Id\u00e9al grillades et fromages affin\u00e9s.","og_url":"https:\/\/demourshop.com\/en\/product\/terra-noble-cabernet-sauvignon-2019\/","og_site_name":"Demourshop","article_modified_time":"2025-09-26T12:50:35+00:00","og_image":[{"width":700,"height":700,"url":"http:\/\/demourshop.com\/wp-content\/uploads\/2024\/10\/Terra-noble-cabernet-sauvignon-2019.png","type":"image\/png"}],"twitter_card":"summary_large_image","twitter_misc":{"Estimated reading time":"2 minutes"},"schema":{"@context":"https:\/\/schema.org","@graph":[{"@type":"WebPage","@id":"https:\/\/demourshop.com\/produit\/terra-noble-cabernet-sauvignon-2019\/","url":"https:\/\/demourshop.com\/produit\/terra-noble-cabernet-sauvignon-2019\/","name":"Terra noble cabernet sauvignon - Demourshop","isPartOf":{"@id":"https:\/\/demourshop.com\/#website"},"primaryImageOfPage":{"@id":"https:\/\/demourshop.com\/produit\/terra-noble-cabernet-sauvignon-2019\/#primaryimage"},"image":{"@id":"https:\/\/demourshop.com\/produit\/terra-noble-cabernet-sauvignon-2019\/#primaryimage"},"thumbnailUrl":"https:\/\/demourshop.com\/wp-content\/uploads\/2024\/10\/Terra-noble-cabernet-sauvignon-2019.png","datePublished":"2024-10-23T12:42:33+00:00","dateModified":"2025-09-26T12:50:35+00:00","description":"Cabernet Sauvignon chilien au nez de cassis et poivre noir. Belle structure, tanins souples et finale persistante. Id\u00e9al grillades et fromages affin\u00e9s.","breadcrumb":{"@id":"https:\/\/demourshop.com\/produit\/terra-noble-cabernet-sauvignon-2019\/#breadcrumb"},"inLanguage":"en-GB","potentialAction":[{"@type":"ReadAction","target":["https:\/\/demourshop.com\/produit\/terra-noble-cabernet-sauvignon-2019\/"]}]},{"@type":"ImageObject","inLanguage":"en-GB","@id":"https:\/\/demourshop.com\/produit\/terra-noble-cabernet-sauvignon-2019\/#primaryimage","url":"https:\/\/demourshop.com\/wp-content\/uploads\/2024\/10\/Terra-noble-cabernet-sauvignon-2019.png","contentUrl":"https:\/\/demourshop.com\/wp-content\/uploads\/2024\/10\/Terra-noble-cabernet-sauvignon-2019.png","width":700,"height":700,"caption":"Bouteille de TerraNoble Cabernet Sauvignon 2019 \u2013 vin rouge du Chili, Colchagua Valley, aux ar\u00f4mes de fruits noirs, \u00e9pices et notes bois\u00e9es"},{"@type":"BreadcrumbList","@id":"https:\/\/demourshop.com\/produit\/terra-noble-cabernet-sauvignon-2019\/#breadcrumb","itemListElement":[{"@type":"ListItem","position":1,"name":"Accueil","item":"https:\/\/demourshop.com\/"},{"@type":"ListItem","position":2,"name":"Boutique","item":"https:\/\/demourshop.com\/boutique\/"},{"@type":"ListItem","position":3,"name":"Terra noble cabernet sauvignon"}]},{"@type":"WebSite","@id":"https:\/\/demourshop.com\/#website","url":"https:\/\/demourshop.com\/","name":"Demourshop","description":"","publisher":{"@id":"https:\/\/demourshop.com\/#organization"},"potentialAction":[{"@type":"SearchAction","target":{"@type":"EntryPoint","urlTemplate":"https:\/\/demourshop.com\/?s={search_term_string}"},"query-input":{"@type":"PropertyValueSpecification","valueRequired":true,"valueName":"search_term_string"}}],"inLanguage":"en-GB"},{"@type":"Organization","@id":"https:\/\/demourshop.com\/#organization","name":"Demourshop","url":"https:\/\/demourshop.com\/","logo":{"@type":"ImageObject","inLanguage":"en-GB","@id":"https:\/\/demourshop.com\/#\/schema\/logo\/image\/","url":"https:\/\/demourshop.com\/wp-content\/uploads\/2023\/08\/logo-wine-2-1-1.png","contentUrl":"https:\/\/demourshop.com\/wp-content\/uploads\/2023\/08\/logo-wine-2-1-1.png","width":400,"height":145,"caption":"Demourshop"},"image":{"@id":"https:\/\/demourshop.com\/#\/schema\/logo\/image\/"}}]}},"_links":{"self":[{"href":"https:\/\/demourshop.com\/en\/wp-json\/wp\/v2\/product\/65123","targetHints":{"allow":["GET"]}}],"collection":[{"href":"https:\/\/demourshop.com\/en\/wp-json\/wp\/v2\/product"}],"about":[{"href":"https:\/\/demourshop.com\/en\/wp-json\/wp\/v2\/types\/product"}],"version-history":[{"count":10,"href":"https:\/\/demourshop.com\/en\/wp-json\/wp\/v2\/product\/65123\/revisions"}],"predecessor-version":[{"id":70351,"href":"https:\/\/demourshop.com\/en\/wp-json\/wp\/v2\/product\/65123\/revisions\/70351"}],"wp:featuredmedia":[{"embeddable":true,"href":"https:\/\/demourshop.com\/en\/wp-json\/wp\/v2\/media\/66895"}],"wp:attachment":[{"href":"https:\/\/demourshop.com\/en\/wp-json\/wp\/v2\/media?parent=65123"}],"wp:term":[{"taxonomy":"product_brand","embeddable":true,"href":"https:\/\/demourshop.com\/en\/wp-json\/wp\/v2\/product_brand?post=65123"},{"taxonomy":"product_cat","embeddable":true,"href":"https:\/\/demourshop.com\/en\/wp-json\/wp\/v2\/product_cat?post=65123"},{"taxonomy":"product_tag","embeddable":true,"href":"https:\/\/demourshop.com\/en\/wp-json\/wp\/v2\/product_tag?post=65123"}],"curies":[{"name":"wp","href":"https:\/\/api.w.org\/{rel}","templated":true}]}}