{"id":65115,"date":"2024-11-28T15:47:26","date_gmt":"2024-11-28T14:47:26","guid":{"rendered":"https:\/\/demourshop.com\/?post_type=product&#038;p=65115"},"modified":"2025-07-13T15:22:20","modified_gmt":"2025-07-13T13:22:20","slug":"cava-creador","status":"publish","type":"product","link":"https:\/\/demourshop.com\/en\/product\/cava-creador\/","title":{"rendered":"Cava Creador"},"content":{"rendered":"<p>\u00c0 servir frais, entre 6 et 8\u00b0C. <strong>Cava Creador<\/strong> est id\u00e9al \u00e0 l\u2019ap\u00e9ritif, avec des tapas, des fruits de mer, des sushis ou un dessert aux fruits. Il conviendra aussi pour c\u00e9l\u00e9brer une occasion, trinquer entre amis ou remplacer un Champagne plus on\u00e9reux. Gr\u00e2ce \u00e0 sa belle fra\u00eecheur, il s\u2019accorde avec de nombreux mets. \u00c0 boire jeune pour profiter de son \u00e9clat aromatique et de sa vivacit\u00e9 naturelle. Une bulle accessible et toujours festive.<\/p>","protected":false},"excerpt":{"rendered":"<p><strong>Cava Creador<\/strong> \u2013 Vin effervescent espagnol \u00e9l\u00e9gant et festif. Fra\u00eecheur, bulles fines et fruit\u00e9. Id\u00e9al \u00e0 l\u2019ap\u00e9ritif ou pour c\u00e9l\u00e9brer.<\/p>","protected":false},"featured_media":69881,"template":"","meta":{"_acf_changed":false},"product_brand":[],"product_cat":[378,695,507,552,391,692,694,382,395,374,377,393,160,693],"product_tag":[],"class_list":{"0":"post-65115","1":"product","2":"type-product","3":"status-publish","4":"has-post-thumbnail","6":"product_cat-appellations-vin-en-ligne","7":"product_cat-cava-en-ligne","8":"product_cat-cepages-vin-en-ligne","9":"product_cat-vin-par-couleur-en-ligne","10":"product_cat-vin-espagne-en-ligne","11":"product_cat-macabeo-en-ligne","12":"product_cat-parellada-en-ligne","13":"product_cat-vin-par-pays-en-ligne","14":"product_cat-vin-agriculture-raisonnee","15":"product_cat-vin-blanc-en-ligne","16":"product_cat-vin-petillant-en-ligne","17":"product_cat-vins-par-methode-de-vinification","18":"product_cat-vins-de-proprietes-en-ligne","19":"product_cat-xarel-lo-en-ligne","20":"pa_appellations-cava","21":"pa_cepages-macabeo","22":"pa_cepages-parellada","23":"pa_cepages-xarello","24":"pa_couleurs-blanc","25":"pa_couleurs-petillant","26":"pa_formats-75cl","27":"pa_pays-espagne","28":"pa_quantites-a-lunite","29":"pa_quantites-carton-de-3-bouteilles","30":"pa_quantites-carton-de-6-bouteilles","31":"pa_vinifications-raisonnee","33":"first","34":"instock","35":"taxable","36":"shipping-taxable","37":"purchasable","38":"product-type-simple"},"acf":[],"yoast_head":"<!-- This site is optimized with the Yoast SEO plugin v27.4 - https:\/\/yoast.com\/product\/yoast-seo-wordpress\/ -->\n<title>Cava Creador - Demourshop<\/title>\n<meta name=\"description\" content=\"Cava Creador \u2013 Bulles espagnoles \u00e9l\u00e9gantes et fra\u00eeches. Parfait pour l\u2019ap\u00e9ritif, tapas ou desserts. M\u00e9thode traditionnelle. Livraison rapide.\" \/>\n<meta name=\"robots\" content=\"index, follow, max-snippet:-1, max-image-preview:large, max-video-preview:-1\" \/>\n<link rel=\"canonical\" href=\"https:\/\/demourshop.com\/en\/product\/cava-creador\/\" \/>\n<meta property=\"og:locale\" content=\"en_GB\" \/>\n<meta property=\"og:type\" content=\"article\" \/>\n<meta property=\"og:title\" content=\"Cava Creador - Demourshop\" \/>\n<meta property=\"og:description\" content=\"Cava Creador \u2013 Bulles espagnoles \u00e9l\u00e9gantes et fra\u00eeches. Parfait pour l\u2019ap\u00e9ritif, tapas ou desserts. M\u00e9thode traditionnelle. Livraison rapide.\" \/>\n<meta property=\"og:url\" content=\"https:\/\/demourshop.com\/en\/product\/cava-creador\/\" \/>\n<meta property=\"og:site_name\" content=\"Demourshop\" \/>\n<meta property=\"article:modified_time\" content=\"2025-07-13T13:22:20+00:00\" \/>\n<meta property=\"og:image\" content=\"https:\/\/demourshop.com\/wp-content\/uploads\/2024\/11\/cava-OMBRE.png\" \/>\n\t<meta property=\"og:image:width\" content=\"700\" \/>\n\t<meta property=\"og:image:height\" content=\"700\" \/>\n\t<meta property=\"og:image:type\" content=\"image\/png\" \/>\n<meta name=\"twitter:card\" content=\"summary_large_image\" \/>\n<meta name=\"twitter:label1\" content=\"Estimated reading time\" \/>\n\t<meta name=\"twitter:data1\" content=\"2 minutes\" \/>\n<script type=\"application\/ld+json\" class=\"yoast-schema-graph\">{\"@context\":\"https:\\\/\\\/schema.org\",\"@graph\":[{\"@type\":\"WebPage\",\"@id\":\"https:\\\/\\\/demourshop.com\\\/produit\\\/cava-creador\\\/\",\"url\":\"https:\\\/\\\/demourshop.com\\\/produit\\\/cava-creador\\\/\",\"name\":\"Cava Creador - Demourshop\",\"isPartOf\":{\"@id\":\"https:\\\/\\\/demourshop.com\\\/#website\"},\"primaryImageOfPage\":{\"@id\":\"https:\\\/\\\/demourshop.com\\\/produit\\\/cava-creador\\\/#primaryimage\"},\"image\":{\"@id\":\"https:\\\/\\\/demourshop.com\\\/produit\\\/cava-creador\\\/#primaryimage\"},\"thumbnailUrl\":\"https:\\\/\\\/demourshop.com\\\/wp-content\\\/uploads\\\/2024\\\/11\\\/cava-OMBRE.png\",\"datePublished\":\"2024-11-28T14:47:26+00:00\",\"dateModified\":\"2025-07-13T13:22:20+00:00\",\"description\":\"Cava Creador \u2013 Bulles espagnoles \u00e9l\u00e9gantes et fra\u00eeches. Parfait pour l\u2019ap\u00e9ritif, tapas ou desserts. M\u00e9thode traditionnelle. Livraison rapide.\",\"breadcrumb\":{\"@id\":\"https:\\\/\\\/demourshop.com\\\/produit\\\/cava-creador\\\/#breadcrumb\"},\"inLanguage\":\"en-GB\",\"potentialAction\":[{\"@type\":\"ReadAction\",\"target\":[\"https:\\\/\\\/demourshop.com\\\/produit\\\/cava-creador\\\/\"]}]},{\"@type\":\"ImageObject\",\"inLanguage\":\"en-GB\",\"@id\":\"https:\\\/\\\/demourshop.com\\\/produit\\\/cava-creador\\\/#primaryimage\",\"url\":\"https:\\\/\\\/demourshop.com\\\/wp-content\\\/uploads\\\/2024\\\/11\\\/cava-OMBRE.png\",\"contentUrl\":\"https:\\\/\\\/demourshop.com\\\/wp-content\\\/uploads\\\/2024\\\/11\\\/cava-OMBRE.png\",\"width\":700,\"height\":700,\"caption\":\"Cava Creador \u2013 bouteille de vin effervescent espagnol DO Cava, bulles fines et fra\u00eeches, m\u00e9thode traditionnelle, id\u00e9al \u00e0 l\u2019ap\u00e9ritif\"},{\"@type\":\"BreadcrumbList\",\"@id\":\"https:\\\/\\\/demourshop.com\\\/produit\\\/cava-creador\\\/#breadcrumb\",\"itemListElement\":[{\"@type\":\"ListItem\",\"position\":1,\"name\":\"Accueil\",\"item\":\"https:\\\/\\\/demourshop.com\\\/\"},{\"@type\":\"ListItem\",\"position\":2,\"name\":\"Boutique\",\"item\":\"https:\\\/\\\/demourshop.com\\\/boutique\\\/\"},{\"@type\":\"ListItem\",\"position\":3,\"name\":\"Cava Creador\"}]},{\"@type\":\"WebSite\",\"@id\":\"https:\\\/\\\/demourshop.com\\\/#website\",\"url\":\"https:\\\/\\\/demourshop.com\\\/\",\"name\":\"Demourshop\",\"description\":\"\",\"publisher\":{\"@id\":\"https:\\\/\\\/demourshop.com\\\/#organization\"},\"potentialAction\":[{\"@type\":\"SearchAction\",\"target\":{\"@type\":\"EntryPoint\",\"urlTemplate\":\"https:\\\/\\\/demourshop.com\\\/?s={search_term_string}\"},\"query-input\":{\"@type\":\"PropertyValueSpecification\",\"valueRequired\":true,\"valueName\":\"search_term_string\"}}],\"inLanguage\":\"en-GB\"},{\"@type\":\"Organization\",\"@id\":\"https:\\\/\\\/demourshop.com\\\/#organization\",\"name\":\"Demourshop\",\"url\":\"https:\\\/\\\/demourshop.com\\\/\",\"logo\":{\"@type\":\"ImageObject\",\"inLanguage\":\"en-GB\",\"@id\":\"https:\\\/\\\/demourshop.com\\\/#\\\/schema\\\/logo\\\/image\\\/\",\"url\":\"https:\\\/\\\/demourshop.com\\\/wp-content\\\/uploads\\\/2023\\\/08\\\/logo-wine-2-1-1.png\",\"contentUrl\":\"https:\\\/\\\/demourshop.com\\\/wp-content\\\/uploads\\\/2023\\\/08\\\/logo-wine-2-1-1.png\",\"width\":400,\"height\":145,\"caption\":\"Demourshop\"},\"image\":{\"@id\":\"https:\\\/\\\/demourshop.com\\\/#\\\/schema\\\/logo\\\/image\\\/\"}}]}<\/script>\n<!-- \/ Yoast SEO plugin. -->","yoast_head_json":{"title":"Cava Creador - Demourshop","description":"Cava Creador \u2013 Bulles espagnoles \u00e9l\u00e9gantes et fra\u00eeches. Parfait pour l\u2019ap\u00e9ritif, tapas ou desserts. M\u00e9thode traditionnelle. Livraison rapide.","robots":{"index":"index","follow":"follow","max-snippet":"max-snippet:-1","max-image-preview":"max-image-preview:large","max-video-preview":"max-video-preview:-1"},"canonical":"https:\/\/demourshop.com\/en\/product\/cava-creador\/","og_locale":"en_GB","og_type":"article","og_title":"Cava Creador - Demourshop","og_description":"Cava Creador \u2013 Bulles espagnoles \u00e9l\u00e9gantes et fra\u00eeches. Parfait pour l\u2019ap\u00e9ritif, tapas ou desserts. M\u00e9thode traditionnelle. Livraison rapide.","og_url":"https:\/\/demourshop.com\/en\/product\/cava-creador\/","og_site_name":"Demourshop","article_modified_time":"2025-07-13T13:22:20+00:00","og_image":[{"width":700,"height":700,"url":"https:\/\/demourshop.com\/wp-content\/uploads\/2024\/11\/cava-OMBRE.png","type":"image\/png"}],"twitter_card":"summary_large_image","twitter_misc":{"Estimated reading time":"2 minutes"},"schema":{"@context":"https:\/\/schema.org","@graph":[{"@type":"WebPage","@id":"https:\/\/demourshop.com\/produit\/cava-creador\/","url":"https:\/\/demourshop.com\/produit\/cava-creador\/","name":"Cava Creador - Demourshop","isPartOf":{"@id":"https:\/\/demourshop.com\/#website"},"primaryImageOfPage":{"@id":"https:\/\/demourshop.com\/produit\/cava-creador\/#primaryimage"},"image":{"@id":"https:\/\/demourshop.com\/produit\/cava-creador\/#primaryimage"},"thumbnailUrl":"https:\/\/demourshop.com\/wp-content\/uploads\/2024\/11\/cava-OMBRE.png","datePublished":"2024-11-28T14:47:26+00:00","dateModified":"2025-07-13T13:22:20+00:00","description":"Cava Creador \u2013 Bulles espagnoles \u00e9l\u00e9gantes et fra\u00eeches. Parfait pour l\u2019ap\u00e9ritif, tapas ou desserts. M\u00e9thode traditionnelle. Livraison rapide.","breadcrumb":{"@id":"https:\/\/demourshop.com\/produit\/cava-creador\/#breadcrumb"},"inLanguage":"en-GB","potentialAction":[{"@type":"ReadAction","target":["https:\/\/demourshop.com\/produit\/cava-creador\/"]}]},{"@type":"ImageObject","inLanguage":"en-GB","@id":"https:\/\/demourshop.com\/produit\/cava-creador\/#primaryimage","url":"https:\/\/demourshop.com\/wp-content\/uploads\/2024\/11\/cava-OMBRE.png","contentUrl":"https:\/\/demourshop.com\/wp-content\/uploads\/2024\/11\/cava-OMBRE.png","width":700,"height":700,"caption":"Cava Creador \u2013 bouteille de vin effervescent espagnol DO Cava, bulles fines et fra\u00eeches, m\u00e9thode traditionnelle, id\u00e9al \u00e0 l\u2019ap\u00e9ritif"},{"@type":"BreadcrumbList","@id":"https:\/\/demourshop.com\/produit\/cava-creador\/#breadcrumb","itemListElement":[{"@type":"ListItem","position":1,"name":"Accueil","item":"https:\/\/demourshop.com\/"},{"@type":"ListItem","position":2,"name":"Boutique","item":"https:\/\/demourshop.com\/boutique\/"},{"@type":"ListItem","position":3,"name":"Cava Creador"}]},{"@type":"WebSite","@id":"https:\/\/demourshop.com\/#website","url":"https:\/\/demourshop.com\/","name":"Demourshop","description":"","publisher":{"@id":"https:\/\/demourshop.com\/#organization"},"potentialAction":[{"@type":"SearchAction","target":{"@type":"EntryPoint","urlTemplate":"https:\/\/demourshop.com\/?s={search_term_string}"},"query-input":{"@type":"PropertyValueSpecification","valueRequired":true,"valueName":"search_term_string"}}],"inLanguage":"en-GB"},{"@type":"Organization","@id":"https:\/\/demourshop.com\/#organization","name":"Demourshop","url":"https:\/\/demourshop.com\/","logo":{"@type":"ImageObject","inLanguage":"en-GB","@id":"https:\/\/demourshop.com\/#\/schema\/logo\/image\/","url":"https:\/\/demourshop.com\/wp-content\/uploads\/2023\/08\/logo-wine-2-1-1.png","contentUrl":"https:\/\/demourshop.com\/wp-content\/uploads\/2023\/08\/logo-wine-2-1-1.png","width":400,"height":145,"caption":"Demourshop"},"image":{"@id":"https:\/\/demourshop.com\/#\/schema\/logo\/image\/"}}]}},"_links":{"self":[{"href":"https:\/\/demourshop.com\/en\/wp-json\/wp\/v2\/product\/65115","targetHints":{"allow":["GET"]}}],"collection":[{"href":"https:\/\/demourshop.com\/en\/wp-json\/wp\/v2\/product"}],"about":[{"href":"https:\/\/demourshop.com\/en\/wp-json\/wp\/v2\/types\/product"}],"version-history":[{"count":7,"href":"https:\/\/demourshop.com\/en\/wp-json\/wp\/v2\/product\/65115\/revisions"}],"predecessor-version":[{"id":70297,"href":"https:\/\/demourshop.com\/en\/wp-json\/wp\/v2\/product\/65115\/revisions\/70297"}],"wp:featuredmedia":[{"embeddable":true,"href":"https:\/\/demourshop.com\/en\/wp-json\/wp\/v2\/media\/69881"}],"wp:attachment":[{"href":"https:\/\/demourshop.com\/en\/wp-json\/wp\/v2\/media?parent=65115"}],"wp:term":[{"taxonomy":"product_brand","embeddable":true,"href":"https:\/\/demourshop.com\/en\/wp-json\/wp\/v2\/product_brand?post=65115"},{"taxonomy":"product_cat","embeddable":true,"href":"https:\/\/demourshop.com\/en\/wp-json\/wp\/v2\/product_cat?post=65115"},{"taxonomy":"product_tag","embeddable":true,"href":"https:\/\/demourshop.com\/en\/wp-json\/wp\/v2\/product_tag?post=65115"}],"curies":[{"name":"wp","href":"https:\/\/api.w.org\/{rel}","templated":true}]}}