{"id":65111,"date":"2024-11-14T16:13:35","date_gmt":"2024-11-14T15:13:35","guid":{"rendered":"https:\/\/demourshop.com\/?post_type=product&#038;p=65111"},"modified":"2026-03-12T16:56:17","modified_gmt":"2026-03-12T15:56:17","slug":"meursault-1er-cru-les-charmes-2020","status":"publish","type":"product","link":"https:\/\/demourshop.com\/en\/product\/meursault-1er-cru-les-charmes-2020\/","title":{"rendered":"Meursault 1er Cru \u00ab\u00a0Les Charmes\u00a0\u00bb"},"content":{"rendered":"<p>Ce vin s&rsquo;accorde parfaitement avec des plats raffin\u00e9s tels que les fruits de mer, les poissons en sauce ou les volailles \u00e0 la cr\u00e8me. Servi entre 12 et 14\u00b0C, il r\u00e9v\u00e8le toute sa complexit\u00e9 aromatique. Son potentiel de garde est estim\u00e9 entre 10 et 15 ans, permettant une belle \u00e9volution en cave.<\/p>\n<p>Ce vin s&rsquo;accorde parfaitement avec des plats raffin\u00e9s tels que les fruits de mer, les poissons en sauce ou les volailles \u00e0 la cr\u00e8me. Servi entre 12 et 14\u00b0C, il r\u00e9v\u00e8le toute sa complexit\u00e9 aromatique. Son potentiel de garde est estim\u00e9 entre 10 et 15 ans, permettant une belle \u00e9volution en cave.<\/p>","protected":false},"excerpt":{"rendered":"<p><strong>Meursault 1er Cru \u00ab\u00a0Les Charmes\u00a0\u00bb 2020<\/strong> \u2013 Un grand blanc de Bourgogne alliant richesse, finesse et min\u00e9ralit\u00e9. Livraison rapide.<\/p>","protected":false},"featured_media":68517,"template":"","meta":{"_acf_changed":false},"product_brand":[],"product_cat":[378,507,398,552,383,453,382,395,374,393],"product_tag":[],"class_list":{"0":"post-65111","1":"product","2":"type-product","3":"status-publish","4":"has-post-thumbnail","6":"product_cat-appellations-vin-en-ligne","7":"product_cat-cepages-vin-en-ligne","8":"product_cat-chardonnay-en-ligne","9":"product_cat-vin-par-couleur-en-ligne","10":"product_cat-vin-de-france-en-ligne","11":"product_cat-meursault-en-ligne","12":"product_cat-vin-par-pays-en-ligne","13":"product_cat-vin-agriculture-raisonnee","14":"product_cat-vin-blanc-en-ligne","15":"product_cat-vins-par-methode-de-vinification","16":"pa_appellations-meursault","17":"pa_cepages-chardonnay","18":"pa_couleurs-blanc","19":"pa_formats-75cl","20":"pa_millesimes-176","21":"pa_pays-france","22":"pa_quantites-a-lunite","23":"pa_quantites-carton-de-3-bouteilles","24":"pa_quantites-carton-de-6-bouteilles","25":"pa_vinifications-raisonnee","27":"first","28":"instock","29":"taxable","30":"shipping-taxable","31":"purchasable","32":"product-type-simple"},"acf":[],"yoast_head":"<!-- This site is optimized with the Yoast SEO plugin v27.4 - https:\/\/yoast.com\/product\/yoast-seo-wordpress\/ -->\n<title>Meursault 1er Cru &quot;Les Charmes&quot; - Demourshop<\/title>\n<meta name=\"description\" content=\"Meursault 1er Cru &quot;Les Charmes&quot; 2020 \u2013 Un grand vin blanc de Bourgogne alliant finesse et min\u00e9ralit\u00e9. Livraison rapide. \u00c0 d\u00e9guster ou \u00e0 garder.\" \/>\n<meta name=\"robots\" content=\"index, follow, max-snippet:-1, max-image-preview:large, max-video-preview:-1\" \/>\n<link rel=\"canonical\" href=\"https:\/\/demourshop.com\/en\/product\/meursault-1er-cru-les-charmes-2020\/\" \/>\n<meta property=\"og:locale\" content=\"en_GB\" \/>\n<meta property=\"og:type\" content=\"article\" \/>\n<meta property=\"og:title\" content=\"Meursault 1er Cru &quot;Les Charmes&quot; - Demourshop\" \/>\n<meta property=\"og:description\" content=\"Meursault 1er Cru &quot;Les Charmes&quot; 2020 \u2013 Un grand vin blanc de Bourgogne alliant finesse et min\u00e9ralit\u00e9. Livraison rapide. \u00c0 d\u00e9guster ou \u00e0 garder.\" \/>\n<meta property=\"og:url\" content=\"https:\/\/demourshop.com\/en\/product\/meursault-1er-cru-les-charmes-2020\/\" \/>\n<meta property=\"og:site_name\" content=\"Demourshop\" \/>\n<meta property=\"article:modified_time\" content=\"2026-03-12T15:56:17+00:00\" \/>\n<meta property=\"og:image\" content=\"http:\/\/demourshop.com\/wp-content\/uploads\/2024\/11\/Meursault.png\" \/>\n\t<meta property=\"og:image:width\" content=\"700\" \/>\n\t<meta property=\"og:image:height\" content=\"700\" \/>\n\t<meta property=\"og:image:type\" content=\"image\/png\" \/>\n<meta name=\"twitter:card\" content=\"summary_large_image\" \/>\n<meta name=\"twitter:label1\" content=\"Estimated reading time\" \/>\n\t<meta name=\"twitter:data1\" content=\"2 minutes\" \/>\n<script type=\"application\/ld+json\" class=\"yoast-schema-graph\">{\"@context\":\"https:\\\/\\\/schema.org\",\"@graph\":[{\"@type\":\"WebPage\",\"@id\":\"https:\\\/\\\/demourshop.com\\\/produit\\\/meursault-1er-cru-les-charmes-2020\\\/\",\"url\":\"https:\\\/\\\/demourshop.com\\\/produit\\\/meursault-1er-cru-les-charmes-2020\\\/\",\"name\":\"Meursault 1er Cru \\\"Les Charmes\\\" - Demourshop\",\"isPartOf\":{\"@id\":\"https:\\\/\\\/demourshop.com\\\/#website\"},\"primaryImageOfPage\":{\"@id\":\"https:\\\/\\\/demourshop.com\\\/produit\\\/meursault-1er-cru-les-charmes-2020\\\/#primaryimage\"},\"image\":{\"@id\":\"https:\\\/\\\/demourshop.com\\\/produit\\\/meursault-1er-cru-les-charmes-2020\\\/#primaryimage\"},\"thumbnailUrl\":\"https:\\\/\\\/demourshop.com\\\/wp-content\\\/uploads\\\/2024\\\/11\\\/Meursault.png\",\"datePublished\":\"2024-11-14T15:13:35+00:00\",\"dateModified\":\"2026-03-12T15:56:17+00:00\",\"description\":\"Meursault 1er Cru \\\"Les Charmes\\\" 2020 \u2013 Un grand vin blanc de Bourgogne alliant finesse et min\u00e9ralit\u00e9. Livraison rapide. \u00c0 d\u00e9guster ou \u00e0 garder.\",\"breadcrumb\":{\"@id\":\"https:\\\/\\\/demourshop.com\\\/produit\\\/meursault-1er-cru-les-charmes-2020\\\/#breadcrumb\"},\"inLanguage\":\"en-GB\",\"potentialAction\":[{\"@type\":\"ReadAction\",\"target\":[\"https:\\\/\\\/demourshop.com\\\/produit\\\/meursault-1er-cru-les-charmes-2020\\\/\"]}]},{\"@type\":\"ImageObject\",\"inLanguage\":\"en-GB\",\"@id\":\"https:\\\/\\\/demourshop.com\\\/produit\\\/meursault-1er-cru-les-charmes-2020\\\/#primaryimage\",\"url\":\"https:\\\/\\\/demourshop.com\\\/wp-content\\\/uploads\\\/2024\\\/11\\\/Meursault.png\",\"contentUrl\":\"https:\\\/\\\/demourshop.com\\\/wp-content\\\/uploads\\\/2024\\\/11\\\/Meursault.png\",\"width\":700,\"height\":700},{\"@type\":\"BreadcrumbList\",\"@id\":\"https:\\\/\\\/demourshop.com\\\/produit\\\/meursault-1er-cru-les-charmes-2020\\\/#breadcrumb\",\"itemListElement\":[{\"@type\":\"ListItem\",\"position\":1,\"name\":\"Accueil\",\"item\":\"https:\\\/\\\/demourshop.com\\\/\"},{\"@type\":\"ListItem\",\"position\":2,\"name\":\"Boutique\",\"item\":\"https:\\\/\\\/demourshop.com\\\/boutique\\\/\"},{\"@type\":\"ListItem\",\"position\":3,\"name\":\"Meursault 1er Cru \u00ab\u00a0Les Charmes\u00a0\u00bb\"}]},{\"@type\":\"WebSite\",\"@id\":\"https:\\\/\\\/demourshop.com\\\/#website\",\"url\":\"https:\\\/\\\/demourshop.com\\\/\",\"name\":\"Demourshop\",\"description\":\"\",\"publisher\":{\"@id\":\"https:\\\/\\\/demourshop.com\\\/#organization\"},\"potentialAction\":[{\"@type\":\"SearchAction\",\"target\":{\"@type\":\"EntryPoint\",\"urlTemplate\":\"https:\\\/\\\/demourshop.com\\\/?s={search_term_string}\"},\"query-input\":{\"@type\":\"PropertyValueSpecification\",\"valueRequired\":true,\"valueName\":\"search_term_string\"}}],\"inLanguage\":\"en-GB\"},{\"@type\":\"Organization\",\"@id\":\"https:\\\/\\\/demourshop.com\\\/#organization\",\"name\":\"Demourshop\",\"url\":\"https:\\\/\\\/demourshop.com\\\/\",\"logo\":{\"@type\":\"ImageObject\",\"inLanguage\":\"en-GB\",\"@id\":\"https:\\\/\\\/demourshop.com\\\/#\\\/schema\\\/logo\\\/image\\\/\",\"url\":\"https:\\\/\\\/demourshop.com\\\/wp-content\\\/uploads\\\/2023\\\/08\\\/logo-wine-2-1-1.png\",\"contentUrl\":\"https:\\\/\\\/demourshop.com\\\/wp-content\\\/uploads\\\/2023\\\/08\\\/logo-wine-2-1-1.png\",\"width\":400,\"height\":145,\"caption\":\"Demourshop\"},\"image\":{\"@id\":\"https:\\\/\\\/demourshop.com\\\/#\\\/schema\\\/logo\\\/image\\\/\"}}]}<\/script>\n<!-- \/ Yoast SEO plugin. -->","yoast_head_json":{"title":"Meursault 1er Cru \"Les Charmes\" - Demourshop","description":"Meursault 1er Cru \"Les Charmes\" 2020 \u2013 Un grand vin blanc de Bourgogne alliant finesse et min\u00e9ralit\u00e9. Livraison rapide. \u00c0 d\u00e9guster ou \u00e0 garder.","robots":{"index":"index","follow":"follow","max-snippet":"max-snippet:-1","max-image-preview":"max-image-preview:large","max-video-preview":"max-video-preview:-1"},"canonical":"https:\/\/demourshop.com\/en\/product\/meursault-1er-cru-les-charmes-2020\/","og_locale":"en_GB","og_type":"article","og_title":"Meursault 1er Cru \"Les Charmes\" - Demourshop","og_description":"Meursault 1er Cru \"Les Charmes\" 2020 \u2013 Un grand vin blanc de Bourgogne alliant finesse et min\u00e9ralit\u00e9. Livraison rapide. \u00c0 d\u00e9guster ou \u00e0 garder.","og_url":"https:\/\/demourshop.com\/en\/product\/meursault-1er-cru-les-charmes-2020\/","og_site_name":"Demourshop","article_modified_time":"2026-03-12T15:56:17+00:00","og_image":[{"width":700,"height":700,"url":"http:\/\/demourshop.com\/wp-content\/uploads\/2024\/11\/Meursault.png","type":"image\/png"}],"twitter_card":"summary_large_image","twitter_misc":{"Estimated reading time":"2 minutes"},"schema":{"@context":"https:\/\/schema.org","@graph":[{"@type":"WebPage","@id":"https:\/\/demourshop.com\/produit\/meursault-1er-cru-les-charmes-2020\/","url":"https:\/\/demourshop.com\/produit\/meursault-1er-cru-les-charmes-2020\/","name":"Meursault 1er Cru \"Les Charmes\" - Demourshop","isPartOf":{"@id":"https:\/\/demourshop.com\/#website"},"primaryImageOfPage":{"@id":"https:\/\/demourshop.com\/produit\/meursault-1er-cru-les-charmes-2020\/#primaryimage"},"image":{"@id":"https:\/\/demourshop.com\/produit\/meursault-1er-cru-les-charmes-2020\/#primaryimage"},"thumbnailUrl":"https:\/\/demourshop.com\/wp-content\/uploads\/2024\/11\/Meursault.png","datePublished":"2024-11-14T15:13:35+00:00","dateModified":"2026-03-12T15:56:17+00:00","description":"Meursault 1er Cru \"Les Charmes\" 2020 \u2013 Un grand vin blanc de Bourgogne alliant finesse et min\u00e9ralit\u00e9. Livraison rapide. \u00c0 d\u00e9guster ou \u00e0 garder.","breadcrumb":{"@id":"https:\/\/demourshop.com\/produit\/meursault-1er-cru-les-charmes-2020\/#breadcrumb"},"inLanguage":"en-GB","potentialAction":[{"@type":"ReadAction","target":["https:\/\/demourshop.com\/produit\/meursault-1er-cru-les-charmes-2020\/"]}]},{"@type":"ImageObject","inLanguage":"en-GB","@id":"https:\/\/demourshop.com\/produit\/meursault-1er-cru-les-charmes-2020\/#primaryimage","url":"https:\/\/demourshop.com\/wp-content\/uploads\/2024\/11\/Meursault.png","contentUrl":"https:\/\/demourshop.com\/wp-content\/uploads\/2024\/11\/Meursault.png","width":700,"height":700},{"@type":"BreadcrumbList","@id":"https:\/\/demourshop.com\/produit\/meursault-1er-cru-les-charmes-2020\/#breadcrumb","itemListElement":[{"@type":"ListItem","position":1,"name":"Accueil","item":"https:\/\/demourshop.com\/"},{"@type":"ListItem","position":2,"name":"Boutique","item":"https:\/\/demourshop.com\/boutique\/"},{"@type":"ListItem","position":3,"name":"Meursault 1er Cru \u00ab\u00a0Les Charmes\u00a0\u00bb"}]},{"@type":"WebSite","@id":"https:\/\/demourshop.com\/#website","url":"https:\/\/demourshop.com\/","name":"Demourshop","description":"","publisher":{"@id":"https:\/\/demourshop.com\/#organization"},"potentialAction":[{"@type":"SearchAction","target":{"@type":"EntryPoint","urlTemplate":"https:\/\/demourshop.com\/?s={search_term_string}"},"query-input":{"@type":"PropertyValueSpecification","valueRequired":true,"valueName":"search_term_string"}}],"inLanguage":"en-GB"},{"@type":"Organization","@id":"https:\/\/demourshop.com\/#organization","name":"Demourshop","url":"https:\/\/demourshop.com\/","logo":{"@type":"ImageObject","inLanguage":"en-GB","@id":"https:\/\/demourshop.com\/#\/schema\/logo\/image\/","url":"https:\/\/demourshop.com\/wp-content\/uploads\/2023\/08\/logo-wine-2-1-1.png","contentUrl":"https:\/\/demourshop.com\/wp-content\/uploads\/2023\/08\/logo-wine-2-1-1.png","width":400,"height":145,"caption":"Demourshop"},"image":{"@id":"https:\/\/demourshop.com\/#\/schema\/logo\/image\/"}}]}},"_links":{"self":[{"href":"https:\/\/demourshop.com\/en\/wp-json\/wp\/v2\/product\/65111","targetHints":{"allow":["GET"]}}],"collection":[{"href":"https:\/\/demourshop.com\/en\/wp-json\/wp\/v2\/product"}],"about":[{"href":"https:\/\/demourshop.com\/en\/wp-json\/wp\/v2\/types\/product"}],"version-history":[{"count":8,"href":"https:\/\/demourshop.com\/en\/wp-json\/wp\/v2\/product\/65111\/revisions"}],"predecessor-version":[{"id":70238,"href":"https:\/\/demourshop.com\/en\/wp-json\/wp\/v2\/product\/65111\/revisions\/70238"}],"wp:featuredmedia":[{"embeddable":true,"href":"https:\/\/demourshop.com\/en\/wp-json\/wp\/v2\/media\/68517"}],"wp:attachment":[{"href":"https:\/\/demourshop.com\/en\/wp-json\/wp\/v2\/media?parent=65111"}],"wp:term":[{"taxonomy":"product_brand","embeddable":true,"href":"https:\/\/demourshop.com\/en\/wp-json\/wp\/v2\/product_brand?post=65111"},{"taxonomy":"product_cat","embeddable":true,"href":"https:\/\/demourshop.com\/en\/wp-json\/wp\/v2\/product_cat?post=65111"},{"taxonomy":"product_tag","embeddable":true,"href":"https:\/\/demourshop.com\/en\/wp-json\/wp\/v2\/product_tag?post=65111"}],"curies":[{"name":"wp","href":"https:\/\/api.w.org\/{rel}","templated":true}]}}