{"id":65075,"date":"2024-10-22T11:02:44","date_gmt":"2024-10-22T09:02:44","guid":{"rendered":"https:\/\/demourshop.com\/?post_type=product&#038;p=65075"},"modified":"2025-05-16T15:13:44","modified_gmt":"2025-05-16T13:13:44","slug":"chateau-lacombe-cadiot-2020","status":"publish","type":"product","link":"https:\/\/demourshop.com\/en\/product\/chateau-lacombe-cadiot-2020\/","title":{"rendered":"Ch\u00e2teau Lacombe Cadiot 2020"},"content":{"rendered":"<p>\u00c0 servir \u00e0 16\u201317\u00b0C avec une grillade, une volaille r\u00f4tie, des lasagnes ou un plateau de charcuteries. Il conviendra \u00e9galement aux plats v\u00e9g\u00e9tariens \u00e0 base de champignons ou de l\u00e9gumineuses. C\u2019est un vin rouge polyvalent, simple et sinc\u00e8re, parfait pour accompagner les repas quotidiens sans compromis sur la qualit\u00e9. \u00c0 boire d\u00e8s maintenant ou \u00e0 garder 3 \u00e0 5 ans. Un Bordeaux Sup\u00e9rieur \u00e0 petit prix et grand plaisir.<\/p>","protected":false},"excerpt":{"rendered":"<p><strong>Ch\u00e2teau Lacombe Cadiot 2020<\/strong> \u2013 Bordeaux Sup\u00e9rieur rond et fruit\u00e9. Un vin accessible, soign\u00e9 et agr\u00e9able \u00e0 boire. Livraison rapide \u2013 prix domaine.<\/p>","protected":false},"featured_media":67838,"template":"","meta":{"_acf_changed":false},"product_brand":[],"product_cat":[378,463,464,507,552,383,396,409,382,420,375,393,160],"product_tag":[],"class_list":{"0":"post-65075","1":"product","2":"type-product","3":"status-publish","4":"has-post-thumbnail","6":"product_cat-appellations-vin-en-ligne","7":"product_cat-vin-bordeaux-superieur-en-ligne","8":"product_cat-cabernet-sauvignon-en-ligne","9":"product_cat-cepages-vin-en-ligne","10":"product_cat-vin-par-couleur-en-ligne","11":"product_cat-vin-de-france-en-ligne","12":"product_cat-vin-hve-en-ligne","13":"product_cat-merlot-en-ligne","14":"product_cat-vin-par-pays-en-ligne","15":"product_cat-petit-verdot-en-ligne","16":"product_cat-vin-rouge-en-ligne","17":"product_cat-vins-par-methode-de-vinification","18":"product_cat-vins-de-proprietes-en-ligne","19":"pa_appellations-bordeaux-superieur","20":"pa_cepages-cabernet-sauvignon","21":"pa_cepages-merlot","22":"pa_cepages-petit-verdot","23":"pa_couleurs-rouge","24":"pa_formats-75cl","25":"pa_millesimes-179","26":"pa_millesimes-177","27":"pa_millesimes-176","28":"pa_millesimes-175","29":"pa_pays-france","30":"pa_propriete-bordeaux-superieur","31":"pa_quantites-a-lunite","32":"pa_quantites-carton-de-3-bouteilles","33":"pa_quantites-carton-de-6-bouteilles","34":"pa_vinifications-raisonnee","36":"first","37":"instock","38":"taxable","39":"shipping-taxable","40":"purchasable","41":"product-type-simple"},"acf":[],"yoast_head":"<!-- This site is optimized with the Yoast SEO plugin v27.4 - https:\/\/yoast.com\/product\/yoast-seo-wordpress\/ -->\n<title>Ch\u00e2teau Lacombe Cadiot 2020 - Demourshop<\/title>\n<meta name=\"description\" content=\"Ch\u00e2teau Lacombe Cadiot 2020 \u2013 Bordeaux Sup\u00e9rieur rond et fruit\u00e9. Id\u00e9al avec vos repas. Livraison rapide, prix domaine. \u00c0 boire ou \u00e0 garder 5 ans.\" \/>\n<meta name=\"robots\" content=\"index, follow, max-snippet:-1, max-image-preview:large, max-video-preview:-1\" \/>\n<link rel=\"canonical\" href=\"http:\/\/demourshop.com\/en\/product\/chateau-lacombe-cadiot-2020\/\" \/>\n<meta property=\"og:locale\" content=\"en_GB\" \/>\n<meta property=\"og:type\" content=\"article\" \/>\n<meta property=\"og:title\" content=\"Ch\u00e2teau Lacombe Cadiot 2020 - Demourshop\" \/>\n<meta property=\"og:description\" content=\"Ch\u00e2teau Lacombe Cadiot 2020 \u2013 Bordeaux Sup\u00e9rieur rond et fruit\u00e9. Id\u00e9al avec vos repas. Livraison rapide, prix domaine. \u00c0 boire ou \u00e0 garder 5 ans.\" \/>\n<meta property=\"og:url\" content=\"http:\/\/demourshop.com\/en\/product\/chateau-lacombe-cadiot-2020\/\" \/>\n<meta property=\"og:site_name\" content=\"Demourshop\" \/>\n<meta property=\"article:modified_time\" content=\"2025-05-16T13:13:44+00:00\" \/>\n<meta property=\"og:image\" content=\"http:\/\/demourshop.com\/wp-content\/uploads\/2024\/10\/chateau-lacombe-cadiot-1.png\" \/>\n\t<meta property=\"og:image:width\" content=\"700\" \/>\n\t<meta property=\"og:image:height\" content=\"700\" \/>\n\t<meta property=\"og:image:type\" content=\"image\/png\" \/>\n<meta name=\"twitter:card\" content=\"summary_large_image\" \/>\n<meta name=\"twitter:label1\" content=\"Estimated reading time\" \/>\n\t<meta name=\"twitter:data1\" content=\"3 minutes\" \/>\n<script type=\"application\/ld+json\" class=\"yoast-schema-graph\">{\"@context\":\"https:\\\/\\\/schema.org\",\"@graph\":[{\"@type\":\"WebPage\",\"@id\":\"http:\\\/\\\/demourshop.com\\\/produit\\\/chateau-lacombe-cadiot-2020\\\/\",\"url\":\"http:\\\/\\\/demourshop.com\\\/produit\\\/chateau-lacombe-cadiot-2020\\\/\",\"name\":\"Ch\u00e2teau Lacombe Cadiot 2020 - Demourshop\",\"isPartOf\":{\"@id\":\"https:\\\/\\\/demourshop.com\\\/#website\"},\"primaryImageOfPage\":{\"@id\":\"http:\\\/\\\/demourshop.com\\\/produit\\\/chateau-lacombe-cadiot-2020\\\/#primaryimage\"},\"image\":{\"@id\":\"http:\\\/\\\/demourshop.com\\\/produit\\\/chateau-lacombe-cadiot-2020\\\/#primaryimage\"},\"thumbnailUrl\":\"https:\\\/\\\/demourshop.com\\\/wp-content\\\/uploads\\\/2024\\\/10\\\/chateau-lacombe-cadiot-1.png\",\"datePublished\":\"2024-10-22T09:02:44+00:00\",\"dateModified\":\"2025-05-16T13:13:44+00:00\",\"description\":\"Ch\u00e2teau Lacombe Cadiot 2020 \u2013 Bordeaux Sup\u00e9rieur rond et fruit\u00e9. Id\u00e9al avec vos repas. Livraison rapide, prix domaine. \u00c0 boire ou \u00e0 garder 5 ans.\",\"breadcrumb\":{\"@id\":\"http:\\\/\\\/demourshop.com\\\/produit\\\/chateau-lacombe-cadiot-2020\\\/#breadcrumb\"},\"inLanguage\":\"en-GB\",\"potentialAction\":[{\"@type\":\"ReadAction\",\"target\":[\"http:\\\/\\\/demourshop.com\\\/produit\\\/chateau-lacombe-cadiot-2020\\\/\"]}]},{\"@type\":\"ImageObject\",\"inLanguage\":\"en-GB\",\"@id\":\"http:\\\/\\\/demourshop.com\\\/produit\\\/chateau-lacombe-cadiot-2020\\\/#primaryimage\",\"url\":\"https:\\\/\\\/demourshop.com\\\/wp-content\\\/uploads\\\/2024\\\/10\\\/chateau-lacombe-cadiot-1.png\",\"contentUrl\":\"https:\\\/\\\/demourshop.com\\\/wp-content\\\/uploads\\\/2024\\\/10\\\/chateau-lacombe-cadiot-1.png\",\"width\":700,\"height\":700,\"caption\":\"Ch\u00e2teau Lacombe Cadiot Bordeaux Sup\u00e9rieur vin rouge\"},{\"@type\":\"BreadcrumbList\",\"@id\":\"http:\\\/\\\/demourshop.com\\\/produit\\\/chateau-lacombe-cadiot-2020\\\/#breadcrumb\",\"itemListElement\":[{\"@type\":\"ListItem\",\"position\":1,\"name\":\"Accueil\",\"item\":\"https:\\\/\\\/demourshop.com\\\/\"},{\"@type\":\"ListItem\",\"position\":2,\"name\":\"Boutique\",\"item\":\"https:\\\/\\\/demourshop.com\\\/boutique\\\/\"},{\"@type\":\"ListItem\",\"position\":3,\"name\":\"Ch\u00e2teau Lacombe Cadiot 2020\"}]},{\"@type\":\"WebSite\",\"@id\":\"https:\\\/\\\/demourshop.com\\\/#website\",\"url\":\"https:\\\/\\\/demourshop.com\\\/\",\"name\":\"Demourshop\",\"description\":\"\",\"publisher\":{\"@id\":\"https:\\\/\\\/demourshop.com\\\/#organization\"},\"potentialAction\":[{\"@type\":\"SearchAction\",\"target\":{\"@type\":\"EntryPoint\",\"urlTemplate\":\"https:\\\/\\\/demourshop.com\\\/?s={search_term_string}\"},\"query-input\":{\"@type\":\"PropertyValueSpecification\",\"valueRequired\":true,\"valueName\":\"search_term_string\"}}],\"inLanguage\":\"en-GB\"},{\"@type\":\"Organization\",\"@id\":\"https:\\\/\\\/demourshop.com\\\/#organization\",\"name\":\"Demourshop\",\"url\":\"https:\\\/\\\/demourshop.com\\\/\",\"logo\":{\"@type\":\"ImageObject\",\"inLanguage\":\"en-GB\",\"@id\":\"https:\\\/\\\/demourshop.com\\\/#\\\/schema\\\/logo\\\/image\\\/\",\"url\":\"https:\\\/\\\/demourshop.com\\\/wp-content\\\/uploads\\\/2023\\\/08\\\/logo-wine-2-1-1.png\",\"contentUrl\":\"https:\\\/\\\/demourshop.com\\\/wp-content\\\/uploads\\\/2023\\\/08\\\/logo-wine-2-1-1.png\",\"width\":400,\"height\":145,\"caption\":\"Demourshop\"},\"image\":{\"@id\":\"https:\\\/\\\/demourshop.com\\\/#\\\/schema\\\/logo\\\/image\\\/\"}}]}<\/script>\n<!-- \/ Yoast SEO plugin. -->","yoast_head_json":{"title":"Ch\u00e2teau Lacombe Cadiot 2020 - Demourshop","description":"Ch\u00e2teau Lacombe Cadiot 2020 \u2013 Bordeaux Sup\u00e9rieur rond et fruit\u00e9. Id\u00e9al avec vos repas. Livraison rapide, prix domaine. \u00c0 boire ou \u00e0 garder 5 ans.","robots":{"index":"index","follow":"follow","max-snippet":"max-snippet:-1","max-image-preview":"max-image-preview:large","max-video-preview":"max-video-preview:-1"},"canonical":"http:\/\/demourshop.com\/en\/product\/chateau-lacombe-cadiot-2020\/","og_locale":"en_GB","og_type":"article","og_title":"Ch\u00e2teau Lacombe Cadiot 2020 - Demourshop","og_description":"Ch\u00e2teau Lacombe Cadiot 2020 \u2013 Bordeaux Sup\u00e9rieur rond et fruit\u00e9. Id\u00e9al avec vos repas. Livraison rapide, prix domaine. \u00c0 boire ou \u00e0 garder 5 ans.","og_url":"http:\/\/demourshop.com\/en\/product\/chateau-lacombe-cadiot-2020\/","og_site_name":"Demourshop","article_modified_time":"2025-05-16T13:13:44+00:00","og_image":[{"width":700,"height":700,"url":"http:\/\/demourshop.com\/wp-content\/uploads\/2024\/10\/chateau-lacombe-cadiot-1.png","type":"image\/png"}],"twitter_card":"summary_large_image","twitter_misc":{"Estimated reading time":"3 minutes"},"schema":{"@context":"https:\/\/schema.org","@graph":[{"@type":"WebPage","@id":"http:\/\/demourshop.com\/produit\/chateau-lacombe-cadiot-2020\/","url":"http:\/\/demourshop.com\/produit\/chateau-lacombe-cadiot-2020\/","name":"Ch\u00e2teau Lacombe Cadiot 2020 - Demourshop","isPartOf":{"@id":"https:\/\/demourshop.com\/#website"},"primaryImageOfPage":{"@id":"http:\/\/demourshop.com\/produit\/chateau-lacombe-cadiot-2020\/#primaryimage"},"image":{"@id":"http:\/\/demourshop.com\/produit\/chateau-lacombe-cadiot-2020\/#primaryimage"},"thumbnailUrl":"https:\/\/demourshop.com\/wp-content\/uploads\/2024\/10\/chateau-lacombe-cadiot-1.png","datePublished":"2024-10-22T09:02:44+00:00","dateModified":"2025-05-16T13:13:44+00:00","description":"Ch\u00e2teau Lacombe Cadiot 2020 \u2013 Bordeaux Sup\u00e9rieur rond et fruit\u00e9. Id\u00e9al avec vos repas. Livraison rapide, prix domaine. \u00c0 boire ou \u00e0 garder 5 ans.","breadcrumb":{"@id":"http:\/\/demourshop.com\/produit\/chateau-lacombe-cadiot-2020\/#breadcrumb"},"inLanguage":"en-GB","potentialAction":[{"@type":"ReadAction","target":["http:\/\/demourshop.com\/produit\/chateau-lacombe-cadiot-2020\/"]}]},{"@type":"ImageObject","inLanguage":"en-GB","@id":"http:\/\/demourshop.com\/produit\/chateau-lacombe-cadiot-2020\/#primaryimage","url":"https:\/\/demourshop.com\/wp-content\/uploads\/2024\/10\/chateau-lacombe-cadiot-1.png","contentUrl":"https:\/\/demourshop.com\/wp-content\/uploads\/2024\/10\/chateau-lacombe-cadiot-1.png","width":700,"height":700,"caption":"Ch\u00e2teau Lacombe Cadiot Bordeaux Sup\u00e9rieur vin rouge"},{"@type":"BreadcrumbList","@id":"http:\/\/demourshop.com\/produit\/chateau-lacombe-cadiot-2020\/#breadcrumb","itemListElement":[{"@type":"ListItem","position":1,"name":"Accueil","item":"https:\/\/demourshop.com\/"},{"@type":"ListItem","position":2,"name":"Boutique","item":"https:\/\/demourshop.com\/boutique\/"},{"@type":"ListItem","position":3,"name":"Ch\u00e2teau Lacombe Cadiot 2020"}]},{"@type":"WebSite","@id":"https:\/\/demourshop.com\/#website","url":"https:\/\/demourshop.com\/","name":"Demourshop","description":"","publisher":{"@id":"https:\/\/demourshop.com\/#organization"},"potentialAction":[{"@type":"SearchAction","target":{"@type":"EntryPoint","urlTemplate":"https:\/\/demourshop.com\/?s={search_term_string}"},"query-input":{"@type":"PropertyValueSpecification","valueRequired":true,"valueName":"search_term_string"}}],"inLanguage":"en-GB"},{"@type":"Organization","@id":"https:\/\/demourshop.com\/#organization","name":"Demourshop","url":"https:\/\/demourshop.com\/","logo":{"@type":"ImageObject","inLanguage":"en-GB","@id":"https:\/\/demourshop.com\/#\/schema\/logo\/image\/","url":"https:\/\/demourshop.com\/wp-content\/uploads\/2023\/08\/logo-wine-2-1-1.png","contentUrl":"https:\/\/demourshop.com\/wp-content\/uploads\/2023\/08\/logo-wine-2-1-1.png","width":400,"height":145,"caption":"Demourshop"},"image":{"@id":"https:\/\/demourshop.com\/#\/schema\/logo\/image\/"}}]}},"_links":{"self":[{"href":"https:\/\/demourshop.com\/en\/wp-json\/wp\/v2\/product\/65075","targetHints":{"allow":["GET"]}}],"collection":[{"href":"https:\/\/demourshop.com\/en\/wp-json\/wp\/v2\/product"}],"about":[{"href":"https:\/\/demourshop.com\/en\/wp-json\/wp\/v2\/types\/product"}],"version-history":[{"count":21,"href":"https:\/\/demourshop.com\/en\/wp-json\/wp\/v2\/product\/65075\/revisions"}],"predecessor-version":[{"id":70236,"href":"https:\/\/demourshop.com\/en\/wp-json\/wp\/v2\/product\/65075\/revisions\/70236"}],"wp:featuredmedia":[{"embeddable":true,"href":"https:\/\/demourshop.com\/en\/wp-json\/wp\/v2\/media\/67838"}],"wp:attachment":[{"href":"https:\/\/demourshop.com\/en\/wp-json\/wp\/v2\/media?parent=65075"}],"wp:term":[{"taxonomy":"product_brand","embeddable":true,"href":"https:\/\/demourshop.com\/en\/wp-json\/wp\/v2\/product_brand?post=65075"},{"taxonomy":"product_cat","embeddable":true,"href":"https:\/\/demourshop.com\/en\/wp-json\/wp\/v2\/product_cat?post=65075"},{"taxonomy":"product_tag","embeddable":true,"href":"https:\/\/demourshop.com\/en\/wp-json\/wp\/v2\/product_tag?post=65075"}],"curies":[{"name":"wp","href":"https:\/\/api.w.org\/{rel}","templated":true}]}}