{"id":48444,"date":"2023-11-03T14:38:03","date_gmt":"2023-11-03T13:38:03","guid":{"rendered":"https:\/\/demourshop.com\/?post_type=product&#038;p=48444"},"modified":"2026-04-04T11:38:12","modified_gmt":"2026-04-04T09:38:12","slug":"albino-rocca-la-rocca","status":"publish","type":"product","link":"https:\/\/demourshop.com\/en\/product\/albino-rocca-la-rocca\/","title":{"rendered":"Albino Rocca"},"content":{"rendered":"<p>Servez <strong>Albino Rocca La Rocca<\/strong> entre 10 et 12\u00b0C. Ce vin accompagnera parfaitement des poissons nobles, un ceviche d\u2019agrumes ou des l\u00e9gumes grill\u00e9s \u00e0 l\u2019huile d\u2019olive. Il pourra aussi briller sur une cuisine japonaise d\u00e9licate ou des fromages \u00e0 p\u00e2te dure. \u00c0 d\u00e9guster dans les 5 ans, ou \u00e0 laisser \u00e9voluer en cave pour d\u00e9velopper des notes miell\u00e9es et une bouche plus ronde. C\u2019est un vin blanc de gastronomie, subtil et profond, qui confirme la qualit\u00e9 croissante des blancs pi\u00e9montais.<\/p>","protected":false},"excerpt":{"rendered":"<p><strong>Albino Rocca La Rocca<\/strong> \u2013 Vin blanc du Pi\u00e9mont complexe et \u00e9l\u00e9gant. C\u00e9page Cortese. Puret\u00e9, finesse et min\u00e9ralit\u00e9 au rendez-vous.<\/p>","protected":false},"featured_media":69716,"template":"","meta":{"_acf_changed":false},"product_brand":[],"product_cat":[378,507,408,552,384,382,812,395,374,393],"product_tag":[],"class_list":{"0":"post-48444","1":"product","2":"type-product","3":"status-publish","4":"has-post-thumbnail","6":"product_cat-appellations-vin-en-ligne","7":"product_cat-cepages-vin-en-ligne","8":"product_cat-cortese-en-ligne","9":"product_cat-vin-par-couleur-en-ligne","10":"product_cat-vin-italie-en-ligne","11":"product_cat-vin-par-pays-en-ligne","12":"product_cat-vin-piemont-en-ligne","13":"product_cat-vin-agriculture-raisonnee","14":"product_cat-vin-blanc-en-ligne","15":"product_cat-vins-par-methode-de-vinification","16":"pa_appellations-piemont","17":"pa_cepages-cortese","18":"pa_couleurs-blanc","19":"pa_formats-75cl","20":"pa_millesimes-176","21":"pa_pays-italie","22":"pa_quantites-a-lunite","23":"pa_quantites-carton-de-3-bouteilles","24":"pa_quantites-carton-de-6-bouteilles","25":"pa_vinifications-raisonnee","27":"first","28":"instock","29":"taxable","30":"shipping-taxable","31":"purchasable","32":"product-type-simple"},"acf":[],"yoast_head":"<!-- This site is optimized with the Yoast SEO plugin v27.4 - https:\/\/yoast.com\/product\/yoast-seo-wordpress\/ -->\n<title>Albino Rocca - Demourshop<\/title>\n<meta name=\"description\" content=\"Albino Rocca La Rocca \u2013 Vin blanc du Pi\u00e9mont 100% Cortese. \u00c9l\u00e9gant, min\u00e9ral, tendu. Parfait fruits de mer ou cuisine raffin\u00e9e. Livraison rapide.\" \/>\n<meta name=\"robots\" content=\"index, follow, max-snippet:-1, max-image-preview:large, max-video-preview:-1\" \/>\n<link rel=\"canonical\" href=\"http:\/\/demourshop.com\/en\/product\/albino-rocca-la-rocca\/\" \/>\n<meta property=\"og:locale\" content=\"en_GB\" \/>\n<meta property=\"og:type\" content=\"article\" \/>\n<meta property=\"og:title\" content=\"Albino Rocca - Demourshop\" \/>\n<meta property=\"og:description\" content=\"Albino Rocca La Rocca \u2013 Vin blanc du Pi\u00e9mont 100% Cortese. \u00c9l\u00e9gant, min\u00e9ral, tendu. Parfait fruits de mer ou cuisine raffin\u00e9e. Livraison rapide.\" \/>\n<meta property=\"og:url\" content=\"http:\/\/demourshop.com\/en\/product\/albino-rocca-la-rocca\/\" \/>\n<meta property=\"og:site_name\" content=\"Demourshop\" \/>\n<meta property=\"article:modified_time\" content=\"2026-04-04T09:38:12+00:00\" \/>\n<meta property=\"og:image\" content=\"http:\/\/demourshop.com\/wp-content\/uploads\/2023\/11\/Cortese.png\" \/>\n\t<meta property=\"og:image:width\" content=\"700\" \/>\n\t<meta property=\"og:image:height\" content=\"700\" \/>\n\t<meta property=\"og:image:type\" content=\"image\/png\" \/>\n<meta name=\"twitter:card\" content=\"summary_large_image\" \/>\n<meta name=\"twitter:label1\" content=\"Estimated reading time\" \/>\n\t<meta name=\"twitter:data1\" content=\"3 minutes\" \/>\n<script type=\"application\/ld+json\" class=\"yoast-schema-graph\">{\"@context\":\"https:\\\/\\\/schema.org\",\"@graph\":[{\"@type\":\"WebPage\",\"@id\":\"http:\\\/\\\/demourshop.com\\\/produit\\\/albino-rocca-la-rocca\\\/\",\"url\":\"http:\\\/\\\/demourshop.com\\\/produit\\\/albino-rocca-la-rocca\\\/\",\"name\":\"Albino Rocca - Demourshop\",\"isPartOf\":{\"@id\":\"https:\\\/\\\/demourshop.com\\\/#website\"},\"primaryImageOfPage\":{\"@id\":\"http:\\\/\\\/demourshop.com\\\/produit\\\/albino-rocca-la-rocca\\\/#primaryimage\"},\"image\":{\"@id\":\"http:\\\/\\\/demourshop.com\\\/produit\\\/albino-rocca-la-rocca\\\/#primaryimage\"},\"thumbnailUrl\":\"https:\\\/\\\/demourshop.com\\\/wp-content\\\/uploads\\\/2023\\\/11\\\/Cortese.png\",\"datePublished\":\"2023-11-03T13:38:03+00:00\",\"dateModified\":\"2026-04-04T09:38:12+00:00\",\"description\":\"Albino Rocca La Rocca \u2013 Vin blanc du Pi\u00e9mont 100% Cortese. \u00c9l\u00e9gant, min\u00e9ral, tendu. Parfait fruits de mer ou cuisine raffin\u00e9e. Livraison rapide.\",\"breadcrumb\":{\"@id\":\"http:\\\/\\\/demourshop.com\\\/produit\\\/albino-rocca-la-rocca\\\/#breadcrumb\"},\"inLanguage\":\"en-GB\",\"potentialAction\":[{\"@type\":\"ReadAction\",\"target\":[\"http:\\\/\\\/demourshop.com\\\/produit\\\/albino-rocca-la-rocca\\\/\"]}]},{\"@type\":\"ImageObject\",\"inLanguage\":\"en-GB\",\"@id\":\"http:\\\/\\\/demourshop.com\\\/produit\\\/albino-rocca-la-rocca\\\/#primaryimage\",\"url\":\"https:\\\/\\\/demourshop.com\\\/wp-content\\\/uploads\\\/2023\\\/11\\\/Cortese.png\",\"contentUrl\":\"https:\\\/\\\/demourshop.com\\\/wp-content\\\/uploads\\\/2023\\\/11\\\/Cortese.png\",\"width\":700,\"height\":700,\"caption\":\"Albino Rocca La Rocca \u2013 bouteille de vin blanc italien du Pi\u00e9mont, c\u00e9page Cortese, \u00e9l\u00e9gant et min\u00e9ral\"},{\"@type\":\"BreadcrumbList\",\"@id\":\"http:\\\/\\\/demourshop.com\\\/produit\\\/albino-rocca-la-rocca\\\/#breadcrumb\",\"itemListElement\":[{\"@type\":\"ListItem\",\"position\":1,\"name\":\"Accueil\",\"item\":\"https:\\\/\\\/demourshop.com\\\/\"},{\"@type\":\"ListItem\",\"position\":2,\"name\":\"Boutique\",\"item\":\"https:\\\/\\\/demourshop.com\\\/boutique\\\/\"},{\"@type\":\"ListItem\",\"position\":3,\"name\":\"Albino Rocca\"}]},{\"@type\":\"WebSite\",\"@id\":\"https:\\\/\\\/demourshop.com\\\/#website\",\"url\":\"https:\\\/\\\/demourshop.com\\\/\",\"name\":\"Demourshop\",\"description\":\"\",\"publisher\":{\"@id\":\"https:\\\/\\\/demourshop.com\\\/#organization\"},\"potentialAction\":[{\"@type\":\"SearchAction\",\"target\":{\"@type\":\"EntryPoint\",\"urlTemplate\":\"https:\\\/\\\/demourshop.com\\\/?s={search_term_string}\"},\"query-input\":{\"@type\":\"PropertyValueSpecification\",\"valueRequired\":true,\"valueName\":\"search_term_string\"}}],\"inLanguage\":\"en-GB\"},{\"@type\":\"Organization\",\"@id\":\"https:\\\/\\\/demourshop.com\\\/#organization\",\"name\":\"Demourshop\",\"url\":\"https:\\\/\\\/demourshop.com\\\/\",\"logo\":{\"@type\":\"ImageObject\",\"inLanguage\":\"en-GB\",\"@id\":\"https:\\\/\\\/demourshop.com\\\/#\\\/schema\\\/logo\\\/image\\\/\",\"url\":\"https:\\\/\\\/demourshop.com\\\/wp-content\\\/uploads\\\/2023\\\/08\\\/logo-wine-2-1-1.png\",\"contentUrl\":\"https:\\\/\\\/demourshop.com\\\/wp-content\\\/uploads\\\/2023\\\/08\\\/logo-wine-2-1-1.png\",\"width\":400,\"height\":145,\"caption\":\"Demourshop\"},\"image\":{\"@id\":\"https:\\\/\\\/demourshop.com\\\/#\\\/schema\\\/logo\\\/image\\\/\"}}]}<\/script>\n<!-- \/ Yoast SEO plugin. -->","yoast_head_json":{"title":"Albino Rocca - Demourshop","description":"Albino Rocca La Rocca \u2013 Vin blanc du Pi\u00e9mont 100% Cortese. \u00c9l\u00e9gant, min\u00e9ral, tendu. Parfait fruits de mer ou cuisine raffin\u00e9e. Livraison rapide.","robots":{"index":"index","follow":"follow","max-snippet":"max-snippet:-1","max-image-preview":"max-image-preview:large","max-video-preview":"max-video-preview:-1"},"canonical":"http:\/\/demourshop.com\/en\/product\/albino-rocca-la-rocca\/","og_locale":"en_GB","og_type":"article","og_title":"Albino Rocca - Demourshop","og_description":"Albino Rocca La Rocca \u2013 Vin blanc du Pi\u00e9mont 100% Cortese. \u00c9l\u00e9gant, min\u00e9ral, tendu. Parfait fruits de mer ou cuisine raffin\u00e9e. Livraison rapide.","og_url":"http:\/\/demourshop.com\/en\/product\/albino-rocca-la-rocca\/","og_site_name":"Demourshop","article_modified_time":"2026-04-04T09:38:12+00:00","og_image":[{"width":700,"height":700,"url":"http:\/\/demourshop.com\/wp-content\/uploads\/2023\/11\/Cortese.png","type":"image\/png"}],"twitter_card":"summary_large_image","twitter_misc":{"Estimated reading time":"3 minutes"},"schema":{"@context":"https:\/\/schema.org","@graph":[{"@type":"WebPage","@id":"http:\/\/demourshop.com\/produit\/albino-rocca-la-rocca\/","url":"http:\/\/demourshop.com\/produit\/albino-rocca-la-rocca\/","name":"Albino Rocca - Demourshop","isPartOf":{"@id":"https:\/\/demourshop.com\/#website"},"primaryImageOfPage":{"@id":"http:\/\/demourshop.com\/produit\/albino-rocca-la-rocca\/#primaryimage"},"image":{"@id":"http:\/\/demourshop.com\/produit\/albino-rocca-la-rocca\/#primaryimage"},"thumbnailUrl":"https:\/\/demourshop.com\/wp-content\/uploads\/2023\/11\/Cortese.png","datePublished":"2023-11-03T13:38:03+00:00","dateModified":"2026-04-04T09:38:12+00:00","description":"Albino Rocca La Rocca \u2013 Vin blanc du Pi\u00e9mont 100% Cortese. \u00c9l\u00e9gant, min\u00e9ral, tendu. Parfait fruits de mer ou cuisine raffin\u00e9e. Livraison rapide.","breadcrumb":{"@id":"http:\/\/demourshop.com\/produit\/albino-rocca-la-rocca\/#breadcrumb"},"inLanguage":"en-GB","potentialAction":[{"@type":"ReadAction","target":["http:\/\/demourshop.com\/produit\/albino-rocca-la-rocca\/"]}]},{"@type":"ImageObject","inLanguage":"en-GB","@id":"http:\/\/demourshop.com\/produit\/albino-rocca-la-rocca\/#primaryimage","url":"https:\/\/demourshop.com\/wp-content\/uploads\/2023\/11\/Cortese.png","contentUrl":"https:\/\/demourshop.com\/wp-content\/uploads\/2023\/11\/Cortese.png","width":700,"height":700,"caption":"Albino Rocca La Rocca \u2013 bouteille de vin blanc italien du Pi\u00e9mont, c\u00e9page Cortese, \u00e9l\u00e9gant et min\u00e9ral"},{"@type":"BreadcrumbList","@id":"http:\/\/demourshop.com\/produit\/albino-rocca-la-rocca\/#breadcrumb","itemListElement":[{"@type":"ListItem","position":1,"name":"Accueil","item":"https:\/\/demourshop.com\/"},{"@type":"ListItem","position":2,"name":"Boutique","item":"https:\/\/demourshop.com\/boutique\/"},{"@type":"ListItem","position":3,"name":"Albino Rocca"}]},{"@type":"WebSite","@id":"https:\/\/demourshop.com\/#website","url":"https:\/\/demourshop.com\/","name":"Demourshop","description":"","publisher":{"@id":"https:\/\/demourshop.com\/#organization"},"potentialAction":[{"@type":"SearchAction","target":{"@type":"EntryPoint","urlTemplate":"https:\/\/demourshop.com\/?s={search_term_string}"},"query-input":{"@type":"PropertyValueSpecification","valueRequired":true,"valueName":"search_term_string"}}],"inLanguage":"en-GB"},{"@type":"Organization","@id":"https:\/\/demourshop.com\/#organization","name":"Demourshop","url":"https:\/\/demourshop.com\/","logo":{"@type":"ImageObject","inLanguage":"en-GB","@id":"https:\/\/demourshop.com\/#\/schema\/logo\/image\/","url":"https:\/\/demourshop.com\/wp-content\/uploads\/2023\/08\/logo-wine-2-1-1.png","contentUrl":"https:\/\/demourshop.com\/wp-content\/uploads\/2023\/08\/logo-wine-2-1-1.png","width":400,"height":145,"caption":"Demourshop"},"image":{"@id":"https:\/\/demourshop.com\/#\/schema\/logo\/image\/"}}]}},"_links":{"self":[{"href":"https:\/\/demourshop.com\/en\/wp-json\/wp\/v2\/product\/48444","targetHints":{"allow":["GET"]}}],"collection":[{"href":"https:\/\/demourshop.com\/en\/wp-json\/wp\/v2\/product"}],"about":[{"href":"https:\/\/demourshop.com\/en\/wp-json\/wp\/v2\/types\/product"}],"version-history":[{"count":13,"href":"https:\/\/demourshop.com\/en\/wp-json\/wp\/v2\/product\/48444\/revisions"}],"predecessor-version":[{"id":70287,"href":"https:\/\/demourshop.com\/en\/wp-json\/wp\/v2\/product\/48444\/revisions\/70287"}],"wp:featuredmedia":[{"embeddable":true,"href":"https:\/\/demourshop.com\/en\/wp-json\/wp\/v2\/media\/69716"}],"wp:attachment":[{"href":"https:\/\/demourshop.com\/en\/wp-json\/wp\/v2\/media?parent=48444"}],"wp:term":[{"taxonomy":"product_brand","embeddable":true,"href":"https:\/\/demourshop.com\/en\/wp-json\/wp\/v2\/product_brand?post=48444"},{"taxonomy":"product_cat","embeddable":true,"href":"https:\/\/demourshop.com\/en\/wp-json\/wp\/v2\/product_cat?post=48444"},{"taxonomy":"product_tag","embeddable":true,"href":"https:\/\/demourshop.com\/en\/wp-json\/wp\/v2\/product_tag?post=48444"}],"curies":[{"name":"wp","href":"https:\/\/api.w.org\/{rel}","templated":true}]}}