{"id":48426,"date":"2023-11-03T10:56:36","date_gmt":"2023-11-03T09:56:36","guid":{"rendered":"https:\/\/demourshop.com\/?post_type=product&#038;p=48426"},"modified":"2026-01-16T16:15:54","modified_gmt":"2026-01-16T15:15:54","slug":"michel-lenique","status":"publish","type":"product","link":"https:\/\/demourshop.com\/en\/product\/michel-lenique\/","title":{"rendered":"Champagne Michel Lenique"},"content":{"rendered":"<p>\u00c0 servir entre 8 et 10\u00b0C dans un verre tulipe pour appr\u00e9cier pleinement ses ar\u00f4mes. Ce champagne Blanc de R\u00e9serve est une belle alternative aux grandes maisons, alliant sinc\u00e9rit\u00e9, qualit\u00e9 et finesse. Il conviendra parfaitement pour c\u00e9l\u00e9brer un moment sp\u00e9cial, accompagner un ap\u00e9ritif raffin\u00e9 ou tout simplement pour le plaisir d\u2019une bulle artisanale bien faite. Gr\u00e2ce \u00e0 sa belle fra\u00eecheur et sa rondeur ma\u00eetris\u00e9e, il s\u2019accorde aussi avec des poissons crus, des tartares ou une cuisine asiatique l\u00e9g\u00e8re. Un champagne confidentiel, \u00e0 d\u00e9couvrir absolument.<\/p>","protected":false},"excerpt":{"rendered":"<p><strong>Champagne Michel Lenique Blanc de R\u00e9serve<\/strong> \u2013 Finesse, \u00e9quilibre et fra\u00eecheur. Un champagne de vigneron authentique. Livraison rapide \u2013 prix propri\u00e9t\u00e9.<\/p>","protected":false},"featured_media":69513,"template":"","meta":{"_acf_changed":false},"product_brand":[],"product_cat":[378,507,429,398,552,383,382,395,374,377,393],"product_tag":[],"class_list":{"0":"post-48426","1":"product","2":"type-product","3":"status-publish","4":"has-post-thumbnail","6":"product_cat-appellations-vin-en-ligne","7":"product_cat-cepages-vin-en-ligne","8":"product_cat-champagne-en-ligne","9":"product_cat-chardonnay-en-ligne","10":"product_cat-vin-par-couleur-en-ligne","11":"product_cat-vin-de-france-en-ligne","12":"product_cat-vin-par-pays-en-ligne","13":"product_cat-vin-agriculture-raisonnee","14":"product_cat-vin-blanc-en-ligne","15":"product_cat-vin-petillant-en-ligne","16":"product_cat-vins-par-methode-de-vinification","17":"pa_appellations-champagne","18":"pa_cepages-chardonnay","19":"pa_couleurs-blanc","20":"pa_couleurs-petillant","21":"pa_formats-75cl","22":"pa_pays-france","23":"pa_quantites-a-lunite","24":"pa_quantites-carton-de-3-bouteilles","25":"pa_quantites-carton-de-6-bouteilles","26":"pa_vinifications-raisonnee","28":"first","29":"instock","30":"taxable","31":"shipping-taxable","32":"purchasable","33":"product-type-simple"},"acf":[],"yoast_head":"<!-- This site is optimized with the Yoast SEO plugin v27.4 - https:\/\/yoast.com\/product\/yoast-seo-wordpress\/ -->\n<title>Champagne Michel Lenique - Demourshop<\/title>\n<meta name=\"description\" content=\"D\u00e9couvrez le Champagne Blanc de R\u00e9serve de chez Michel Lenique. Ce vin blanc p\u00e9tillant sera parfait pour c\u00e9l\u00e9brer. Disponible sur Demourshop.\" \/>\n<meta name=\"robots\" content=\"index, follow, max-snippet:-1, max-image-preview:large, max-video-preview:-1\" \/>\n<link rel=\"canonical\" href=\"https:\/\/demourshop.com\/en\/product\/michel-lenique\/\" \/>\n<meta property=\"og:locale\" content=\"en_GB\" \/>\n<meta property=\"og:type\" content=\"article\" \/>\n<meta property=\"og:title\" content=\"Champagne Michel Lenique - Demourshop\" \/>\n<meta property=\"og:description\" content=\"D\u00e9couvrez le Champagne Blanc de R\u00e9serve de chez Michel Lenique. Ce vin blanc p\u00e9tillant sera parfait pour c\u00e9l\u00e9brer. Disponible sur Demourshop.\" \/>\n<meta property=\"og:url\" content=\"https:\/\/demourshop.com\/en\/product\/michel-lenique\/\" \/>\n<meta property=\"og:site_name\" content=\"Demourshop\" \/>\n<meta property=\"article:modified_time\" content=\"2026-01-16T15:15:54+00:00\" \/>\n<meta property=\"og:image\" content=\"https:\/\/demourshop.com\/wp-content\/uploads\/2023\/11\/champagne-lenique.png\" \/>\n\t<meta property=\"og:image:width\" content=\"1080\" \/>\n\t<meta property=\"og:image:height\" content=\"1080\" \/>\n\t<meta property=\"og:image:type\" content=\"image\/png\" \/>\n<meta name=\"twitter:card\" content=\"summary_large_image\" \/>\n<meta name=\"twitter:label1\" content=\"Estimated reading time\" \/>\n\t<meta name=\"twitter:data1\" content=\"2 minutes\" \/>\n<script type=\"application\/ld+json\" class=\"yoast-schema-graph\">{\"@context\":\"https:\\\/\\\/schema.org\",\"@graph\":[{\"@type\":\"WebPage\",\"@id\":\"https:\\\/\\\/demourshop.com\\\/produit\\\/michel-lenique\\\/\",\"url\":\"https:\\\/\\\/demourshop.com\\\/produit\\\/michel-lenique\\\/\",\"name\":\"Champagne Michel Lenique - Demourshop\",\"isPartOf\":{\"@id\":\"https:\\\/\\\/demourshop.com\\\/#website\"},\"primaryImageOfPage\":{\"@id\":\"https:\\\/\\\/demourshop.com\\\/produit\\\/michel-lenique\\\/#primaryimage\"},\"image\":{\"@id\":\"https:\\\/\\\/demourshop.com\\\/produit\\\/michel-lenique\\\/#primaryimage\"},\"thumbnailUrl\":\"https:\\\/\\\/demourshop.com\\\/wp-content\\\/uploads\\\/2023\\\/11\\\/champagne-lenique.png\",\"datePublished\":\"2023-11-03T09:56:36+00:00\",\"dateModified\":\"2026-01-16T15:15:54+00:00\",\"description\":\"D\u00e9couvrez le Champagne Blanc de R\u00e9serve de chez Michel Lenique. Ce vin blanc p\u00e9tillant sera parfait pour c\u00e9l\u00e9brer. Disponible sur Demourshop.\",\"breadcrumb\":{\"@id\":\"https:\\\/\\\/demourshop.com\\\/produit\\\/michel-lenique\\\/#breadcrumb\"},\"inLanguage\":\"en-GB\",\"potentialAction\":[{\"@type\":\"ReadAction\",\"target\":[\"https:\\\/\\\/demourshop.com\\\/produit\\\/michel-lenique\\\/\"]}]},{\"@type\":\"ImageObject\",\"inLanguage\":\"en-GB\",\"@id\":\"https:\\\/\\\/demourshop.com\\\/produit\\\/michel-lenique\\\/#primaryimage\",\"url\":\"https:\\\/\\\/demourshop.com\\\/wp-content\\\/uploads\\\/2023\\\/11\\\/champagne-lenique.png\",\"contentUrl\":\"https:\\\/\\\/demourshop.com\\\/wp-content\\\/uploads\\\/2023\\\/11\\\/champagne-lenique.png\",\"width\":1080,\"height\":1080,\"caption\":\"Champagne Michel Lenique Blanc de R\u00e9serve bouteille brut\"},{\"@type\":\"BreadcrumbList\",\"@id\":\"https:\\\/\\\/demourshop.com\\\/produit\\\/michel-lenique\\\/#breadcrumb\",\"itemListElement\":[{\"@type\":\"ListItem\",\"position\":1,\"name\":\"Accueil\",\"item\":\"https:\\\/\\\/demourshop.com\\\/\"},{\"@type\":\"ListItem\",\"position\":2,\"name\":\"Boutique\",\"item\":\"https:\\\/\\\/demourshop.com\\\/boutique\\\/\"},{\"@type\":\"ListItem\",\"position\":3,\"name\":\"Champagne Michel Lenique\"}]},{\"@type\":\"WebSite\",\"@id\":\"https:\\\/\\\/demourshop.com\\\/#website\",\"url\":\"https:\\\/\\\/demourshop.com\\\/\",\"name\":\"Demourshop\",\"description\":\"\",\"publisher\":{\"@id\":\"https:\\\/\\\/demourshop.com\\\/#organization\"},\"potentialAction\":[{\"@type\":\"SearchAction\",\"target\":{\"@type\":\"EntryPoint\",\"urlTemplate\":\"https:\\\/\\\/demourshop.com\\\/?s={search_term_string}\"},\"query-input\":{\"@type\":\"PropertyValueSpecification\",\"valueRequired\":true,\"valueName\":\"search_term_string\"}}],\"inLanguage\":\"en-GB\"},{\"@type\":\"Organization\",\"@id\":\"https:\\\/\\\/demourshop.com\\\/#organization\",\"name\":\"Demourshop\",\"url\":\"https:\\\/\\\/demourshop.com\\\/\",\"logo\":{\"@type\":\"ImageObject\",\"inLanguage\":\"en-GB\",\"@id\":\"https:\\\/\\\/demourshop.com\\\/#\\\/schema\\\/logo\\\/image\\\/\",\"url\":\"https:\\\/\\\/demourshop.com\\\/wp-content\\\/uploads\\\/2023\\\/08\\\/logo-wine-2-1-1.png\",\"contentUrl\":\"https:\\\/\\\/demourshop.com\\\/wp-content\\\/uploads\\\/2023\\\/08\\\/logo-wine-2-1-1.png\",\"width\":400,\"height\":145,\"caption\":\"Demourshop\"},\"image\":{\"@id\":\"https:\\\/\\\/demourshop.com\\\/#\\\/schema\\\/logo\\\/image\\\/\"}}]}<\/script>\n<!-- \/ Yoast SEO plugin. -->","yoast_head_json":{"title":"Champagne Michel Lenique - Demourshop","description":"D\u00e9couvrez le Champagne Blanc de R\u00e9serve de chez Michel Lenique. Ce vin blanc p\u00e9tillant sera parfait pour c\u00e9l\u00e9brer. Disponible sur Demourshop.","robots":{"index":"index","follow":"follow","max-snippet":"max-snippet:-1","max-image-preview":"max-image-preview:large","max-video-preview":"max-video-preview:-1"},"canonical":"https:\/\/demourshop.com\/en\/product\/michel-lenique\/","og_locale":"en_GB","og_type":"article","og_title":"Champagne Michel Lenique - Demourshop","og_description":"D\u00e9couvrez le Champagne Blanc de R\u00e9serve de chez Michel Lenique. Ce vin blanc p\u00e9tillant sera parfait pour c\u00e9l\u00e9brer. Disponible sur Demourshop.","og_url":"https:\/\/demourshop.com\/en\/product\/michel-lenique\/","og_site_name":"Demourshop","article_modified_time":"2026-01-16T15:15:54+00:00","og_image":[{"width":1080,"height":1080,"url":"https:\/\/demourshop.com\/wp-content\/uploads\/2023\/11\/champagne-lenique.png","type":"image\/png"}],"twitter_card":"summary_large_image","twitter_misc":{"Estimated reading time":"2 minutes"},"schema":{"@context":"https:\/\/schema.org","@graph":[{"@type":"WebPage","@id":"https:\/\/demourshop.com\/produit\/michel-lenique\/","url":"https:\/\/demourshop.com\/produit\/michel-lenique\/","name":"Champagne Michel Lenique - Demourshop","isPartOf":{"@id":"https:\/\/demourshop.com\/#website"},"primaryImageOfPage":{"@id":"https:\/\/demourshop.com\/produit\/michel-lenique\/#primaryimage"},"image":{"@id":"https:\/\/demourshop.com\/produit\/michel-lenique\/#primaryimage"},"thumbnailUrl":"https:\/\/demourshop.com\/wp-content\/uploads\/2023\/11\/champagne-lenique.png","datePublished":"2023-11-03T09:56:36+00:00","dateModified":"2026-01-16T15:15:54+00:00","description":"D\u00e9couvrez le Champagne Blanc de R\u00e9serve de chez Michel Lenique. Ce vin blanc p\u00e9tillant sera parfait pour c\u00e9l\u00e9brer. Disponible sur Demourshop.","breadcrumb":{"@id":"https:\/\/demourshop.com\/produit\/michel-lenique\/#breadcrumb"},"inLanguage":"en-GB","potentialAction":[{"@type":"ReadAction","target":["https:\/\/demourshop.com\/produit\/michel-lenique\/"]}]},{"@type":"ImageObject","inLanguage":"en-GB","@id":"https:\/\/demourshop.com\/produit\/michel-lenique\/#primaryimage","url":"https:\/\/demourshop.com\/wp-content\/uploads\/2023\/11\/champagne-lenique.png","contentUrl":"https:\/\/demourshop.com\/wp-content\/uploads\/2023\/11\/champagne-lenique.png","width":1080,"height":1080,"caption":"Champagne Michel Lenique Blanc de R\u00e9serve bouteille brut"},{"@type":"BreadcrumbList","@id":"https:\/\/demourshop.com\/produit\/michel-lenique\/#breadcrumb","itemListElement":[{"@type":"ListItem","position":1,"name":"Accueil","item":"https:\/\/demourshop.com\/"},{"@type":"ListItem","position":2,"name":"Boutique","item":"https:\/\/demourshop.com\/boutique\/"},{"@type":"ListItem","position":3,"name":"Champagne Michel Lenique"}]},{"@type":"WebSite","@id":"https:\/\/demourshop.com\/#website","url":"https:\/\/demourshop.com\/","name":"Demourshop","description":"","publisher":{"@id":"https:\/\/demourshop.com\/#organization"},"potentialAction":[{"@type":"SearchAction","target":{"@type":"EntryPoint","urlTemplate":"https:\/\/demourshop.com\/?s={search_term_string}"},"query-input":{"@type":"PropertyValueSpecification","valueRequired":true,"valueName":"search_term_string"}}],"inLanguage":"en-GB"},{"@type":"Organization","@id":"https:\/\/demourshop.com\/#organization","name":"Demourshop","url":"https:\/\/demourshop.com\/","logo":{"@type":"ImageObject","inLanguage":"en-GB","@id":"https:\/\/demourshop.com\/#\/schema\/logo\/image\/","url":"https:\/\/demourshop.com\/wp-content\/uploads\/2023\/08\/logo-wine-2-1-1.png","contentUrl":"https:\/\/demourshop.com\/wp-content\/uploads\/2023\/08\/logo-wine-2-1-1.png","width":400,"height":145,"caption":"Demourshop"},"image":{"@id":"https:\/\/demourshop.com\/#\/schema\/logo\/image\/"}}]}},"_links":{"self":[{"href":"https:\/\/demourshop.com\/en\/wp-json\/wp\/v2\/product\/48426","targetHints":{"allow":["GET"]}}],"collection":[{"href":"https:\/\/demourshop.com\/en\/wp-json\/wp\/v2\/product"}],"about":[{"href":"https:\/\/demourshop.com\/en\/wp-json\/wp\/v2\/types\/product"}],"version-history":[{"count":9,"href":"https:\/\/demourshop.com\/en\/wp-json\/wp\/v2\/product\/48426\/revisions"}],"predecessor-version":[{"id":70753,"href":"https:\/\/demourshop.com\/en\/wp-json\/wp\/v2\/product\/48426\/revisions\/70753"}],"wp:featuredmedia":[{"embeddable":true,"href":"https:\/\/demourshop.com\/en\/wp-json\/wp\/v2\/media\/69513"}],"wp:attachment":[{"href":"https:\/\/demourshop.com\/en\/wp-json\/wp\/v2\/media?parent=48426"}],"wp:term":[{"taxonomy":"product_brand","embeddable":true,"href":"https:\/\/demourshop.com\/en\/wp-json\/wp\/v2\/product_brand?post=48426"},{"taxonomy":"product_cat","embeddable":true,"href":"https:\/\/demourshop.com\/en\/wp-json\/wp\/v2\/product_cat?post=48426"},{"taxonomy":"product_tag","embeddable":true,"href":"https:\/\/demourshop.com\/en\/wp-json\/wp\/v2\/product_tag?post=48426"}],"curies":[{"name":"wp","href":"https:\/\/api.w.org\/{rel}","templated":true}]}}