{"id":48422,"date":"2023-11-03T10:40:20","date_gmt":"2023-11-03T09:40:20","guid":{"rendered":"https:\/\/demourshop.com\/?post_type=product&#038;p=48422"},"modified":"2025-10-20T14:15:39","modified_gmt":"2025-10-20T12:15:39","slug":"laurent-perrier-la-cuvee","status":"publish","type":"product","link":"https:\/\/demourshop.com\/en\/product\/laurent-perrier-la-cuvee\/","title":{"rendered":"Laurent Perrier La Cuv\u00e9e"},"content":{"rendered":"<p>Laurent-Perrier La Cuv\u00e9e Brut se distingue par sa constance et son accessibilit\u00e9. C\u2019est un champagne de plaisir imm\u00e9diat, mais aussi de gastronomie. Il accompagnera avec \u00e9l\u00e9gance un repas l\u00e9ger, un brunch festif ou un moment \u00e0 c\u00e9l\u00e9brer. Un incontournable \u00e0 toujours avoir au frais.<\/p>","protected":false},"excerpt":{"rendered":"<p><strong>Champagne Laurent-Perrier La Cuv\u00e9e Brut<\/strong> : finesse, fra\u00eecheur et \u00e9l\u00e9gance. Parfait pour l\u2019ap\u00e9ritif ou les grandes occasions. Livraison rapide.<\/p>","protected":false},"featured_media":68514,"template":"","meta":{"_acf_changed":false},"product_brand":[],"product_cat":[378,507,429,398,552,383,382,594,415,395,374,377,393],"product_tag":[],"class_list":{"0":"post-48422","1":"product","2":"type-product","3":"status-publish","4":"has-post-thumbnail","6":"product_cat-appellations-vin-en-ligne","7":"product_cat-cepages-vin-en-ligne","8":"product_cat-champagne-en-ligne","9":"product_cat-chardonnay-en-ligne","10":"product_cat-vin-par-couleur-en-ligne","11":"product_cat-vin-de-france-en-ligne","12":"product_cat-vin-par-pays-en-ligne","13":"product_cat-pinot-meunier-en-ligne","14":"product_cat-pinot-noir-en-ligne","15":"product_cat-vin-agriculture-raisonnee","16":"product_cat-vin-blanc-en-ligne","17":"product_cat-vin-petillant-en-ligne","18":"product_cat-vins-par-methode-de-vinification","19":"pa_appellations-champagne","20":"pa_cepages-chardonnay","21":"pa_cepages-pinot-meunier","22":"pa_cepages-pinot-noir","23":"pa_couleurs-blanc","24":"pa_couleurs-petillant","25":"pa_formats-75cl","26":"pa_millesimes-nm","27":"pa_pays-france","28":"pa_quantites-a-lunite","29":"pa_quantites-carton-de-3-bouteilles","30":"pa_quantites-carton-de-6-bouteilles","31":"pa_vinifications-raisonnee","33":"first","34":"instock","35":"taxable","36":"shipping-taxable","37":"purchasable","38":"product-type-simple"},"acf":[],"yoast_head":"<!-- This site is optimized with the Yoast SEO plugin v27.4 - https:\/\/yoast.com\/product\/yoast-seo-wordpress\/ -->\n<title>Laurent Perrier La Cuv\u00e9e - Demourshop<\/title>\n<meta name=\"description\" content=\"Champagne Laurent-Perrier La Cuv\u00e9e Brut \u2013 Frais, \u00e9l\u00e9gant, id\u00e9al pour vos grandes occasions. Livraison rapide, prix propri\u00e9t\u00e9 sur Demourshop.\" \/>\n<meta name=\"robots\" content=\"index, follow, max-snippet:-1, max-image-preview:large, max-video-preview:-1\" \/>\n<link rel=\"canonical\" href=\"http:\/\/demourshop.com\/en\/product\/laurent-perrier-la-cuvee\/\" \/>\n<meta property=\"og:locale\" content=\"en_GB\" \/>\n<meta property=\"og:type\" content=\"article\" \/>\n<meta property=\"og:title\" content=\"Laurent Perrier La Cuv\u00e9e - Demourshop\" \/>\n<meta property=\"og:description\" content=\"Champagne Laurent-Perrier La Cuv\u00e9e Brut \u2013 Frais, \u00e9l\u00e9gant, id\u00e9al pour vos grandes occasions. Livraison rapide, prix propri\u00e9t\u00e9 sur Demourshop.\" \/>\n<meta property=\"og:url\" content=\"http:\/\/demourshop.com\/en\/product\/laurent-perrier-la-cuvee\/\" \/>\n<meta property=\"og:site_name\" content=\"Demourshop\" \/>\n<meta property=\"article:modified_time\" content=\"2025-10-20T12:15:39+00:00\" \/>\n<meta property=\"og:image\" content=\"http:\/\/demourshop.com\/wp-content\/uploads\/2023\/11\/Lenique-png.png\" \/>\n\t<meta property=\"og:image:width\" content=\"700\" \/>\n\t<meta property=\"og:image:height\" content=\"700\" \/>\n\t<meta property=\"og:image:type\" content=\"image\/png\" \/>\n<meta name=\"twitter:card\" content=\"summary_large_image\" \/>\n<meta name=\"twitter:label1\" content=\"Estimated reading time\" \/>\n\t<meta name=\"twitter:data1\" content=\"2 minutes\" \/>\n<script type=\"application\/ld+json\" class=\"yoast-schema-graph\">{\"@context\":\"https:\\\/\\\/schema.org\",\"@graph\":[{\"@type\":\"WebPage\",\"@id\":\"http:\\\/\\\/demourshop.com\\\/produit\\\/laurent-perrier-la-cuvee\\\/\",\"url\":\"http:\\\/\\\/demourshop.com\\\/produit\\\/laurent-perrier-la-cuvee\\\/\",\"name\":\"Laurent Perrier La Cuv\u00e9e - Demourshop\",\"isPartOf\":{\"@id\":\"https:\\\/\\\/demourshop.com\\\/#website\"},\"primaryImageOfPage\":{\"@id\":\"http:\\\/\\\/demourshop.com\\\/produit\\\/laurent-perrier-la-cuvee\\\/#primaryimage\"},\"image\":{\"@id\":\"http:\\\/\\\/demourshop.com\\\/produit\\\/laurent-perrier-la-cuvee\\\/#primaryimage\"},\"thumbnailUrl\":\"https:\\\/\\\/demourshop.com\\\/wp-content\\\/uploads\\\/2023\\\/11\\\/Lenique-png.png\",\"datePublished\":\"2023-11-03T09:40:20+00:00\",\"dateModified\":\"2025-10-20T12:15:39+00:00\",\"description\":\"Champagne Laurent-Perrier La Cuv\u00e9e Brut \u2013 Frais, \u00e9l\u00e9gant, id\u00e9al pour vos grandes occasions. Livraison rapide, prix propri\u00e9t\u00e9 sur Demourshop.\",\"breadcrumb\":{\"@id\":\"http:\\\/\\\/demourshop.com\\\/produit\\\/laurent-perrier-la-cuvee\\\/#breadcrumb\"},\"inLanguage\":\"en-GB\",\"potentialAction\":[{\"@type\":\"ReadAction\",\"target\":[\"http:\\\/\\\/demourshop.com\\\/produit\\\/laurent-perrier-la-cuvee\\\/\"]}]},{\"@type\":\"ImageObject\",\"inLanguage\":\"en-GB\",\"@id\":\"http:\\\/\\\/demourshop.com\\\/produit\\\/laurent-perrier-la-cuvee\\\/#primaryimage\",\"url\":\"https:\\\/\\\/demourshop.com\\\/wp-content\\\/uploads\\\/2023\\\/11\\\/Lenique-png.png\",\"contentUrl\":\"https:\\\/\\\/demourshop.com\\\/wp-content\\\/uploads\\\/2023\\\/11\\\/Lenique-png.png\",\"width\":700,\"height\":700,\"caption\":\"Champagne Laurent-Perrier La Cuv\u00e9e Brut\"},{\"@type\":\"BreadcrumbList\",\"@id\":\"http:\\\/\\\/demourshop.com\\\/produit\\\/laurent-perrier-la-cuvee\\\/#breadcrumb\",\"itemListElement\":[{\"@type\":\"ListItem\",\"position\":1,\"name\":\"Accueil\",\"item\":\"https:\\\/\\\/demourshop.com\\\/\"},{\"@type\":\"ListItem\",\"position\":2,\"name\":\"Boutique\",\"item\":\"https:\\\/\\\/demourshop.com\\\/boutique\\\/\"},{\"@type\":\"ListItem\",\"position\":3,\"name\":\"Laurent Perrier La Cuv\u00e9e\"}]},{\"@type\":\"WebSite\",\"@id\":\"https:\\\/\\\/demourshop.com\\\/#website\",\"url\":\"https:\\\/\\\/demourshop.com\\\/\",\"name\":\"Demourshop\",\"description\":\"\",\"publisher\":{\"@id\":\"https:\\\/\\\/demourshop.com\\\/#organization\"},\"potentialAction\":[{\"@type\":\"SearchAction\",\"target\":{\"@type\":\"EntryPoint\",\"urlTemplate\":\"https:\\\/\\\/demourshop.com\\\/?s={search_term_string}\"},\"query-input\":{\"@type\":\"PropertyValueSpecification\",\"valueRequired\":true,\"valueName\":\"search_term_string\"}}],\"inLanguage\":\"en-GB\"},{\"@type\":\"Organization\",\"@id\":\"https:\\\/\\\/demourshop.com\\\/#organization\",\"name\":\"Demourshop\",\"url\":\"https:\\\/\\\/demourshop.com\\\/\",\"logo\":{\"@type\":\"ImageObject\",\"inLanguage\":\"en-GB\",\"@id\":\"https:\\\/\\\/demourshop.com\\\/#\\\/schema\\\/logo\\\/image\\\/\",\"url\":\"https:\\\/\\\/demourshop.com\\\/wp-content\\\/uploads\\\/2023\\\/08\\\/logo-wine-2-1-1.png\",\"contentUrl\":\"https:\\\/\\\/demourshop.com\\\/wp-content\\\/uploads\\\/2023\\\/08\\\/logo-wine-2-1-1.png\",\"width\":400,\"height\":145,\"caption\":\"Demourshop\"},\"image\":{\"@id\":\"https:\\\/\\\/demourshop.com\\\/#\\\/schema\\\/logo\\\/image\\\/\"}}]}<\/script>\n<!-- \/ Yoast SEO plugin. -->","yoast_head_json":{"title":"Laurent Perrier La Cuv\u00e9e - Demourshop","description":"Champagne Laurent-Perrier La Cuv\u00e9e Brut \u2013 Frais, \u00e9l\u00e9gant, id\u00e9al pour vos grandes occasions. Livraison rapide, prix propri\u00e9t\u00e9 sur Demourshop.","robots":{"index":"index","follow":"follow","max-snippet":"max-snippet:-1","max-image-preview":"max-image-preview:large","max-video-preview":"max-video-preview:-1"},"canonical":"http:\/\/demourshop.com\/en\/product\/laurent-perrier-la-cuvee\/","og_locale":"en_GB","og_type":"article","og_title":"Laurent Perrier La Cuv\u00e9e - Demourshop","og_description":"Champagne Laurent-Perrier La Cuv\u00e9e Brut \u2013 Frais, \u00e9l\u00e9gant, id\u00e9al pour vos grandes occasions. Livraison rapide, prix propri\u00e9t\u00e9 sur Demourshop.","og_url":"http:\/\/demourshop.com\/en\/product\/laurent-perrier-la-cuvee\/","og_site_name":"Demourshop","article_modified_time":"2025-10-20T12:15:39+00:00","og_image":[{"width":700,"height":700,"url":"http:\/\/demourshop.com\/wp-content\/uploads\/2023\/11\/Lenique-png.png","type":"image\/png"}],"twitter_card":"summary_large_image","twitter_misc":{"Estimated reading time":"2 minutes"},"schema":{"@context":"https:\/\/schema.org","@graph":[{"@type":"WebPage","@id":"http:\/\/demourshop.com\/produit\/laurent-perrier-la-cuvee\/","url":"http:\/\/demourshop.com\/produit\/laurent-perrier-la-cuvee\/","name":"Laurent Perrier La Cuv\u00e9e - Demourshop","isPartOf":{"@id":"https:\/\/demourshop.com\/#website"},"primaryImageOfPage":{"@id":"http:\/\/demourshop.com\/produit\/laurent-perrier-la-cuvee\/#primaryimage"},"image":{"@id":"http:\/\/demourshop.com\/produit\/laurent-perrier-la-cuvee\/#primaryimage"},"thumbnailUrl":"https:\/\/demourshop.com\/wp-content\/uploads\/2023\/11\/Lenique-png.png","datePublished":"2023-11-03T09:40:20+00:00","dateModified":"2025-10-20T12:15:39+00:00","description":"Champagne Laurent-Perrier La Cuv\u00e9e Brut \u2013 Frais, \u00e9l\u00e9gant, id\u00e9al pour vos grandes occasions. Livraison rapide, prix propri\u00e9t\u00e9 sur Demourshop.","breadcrumb":{"@id":"http:\/\/demourshop.com\/produit\/laurent-perrier-la-cuvee\/#breadcrumb"},"inLanguage":"en-GB","potentialAction":[{"@type":"ReadAction","target":["http:\/\/demourshop.com\/produit\/laurent-perrier-la-cuvee\/"]}]},{"@type":"ImageObject","inLanguage":"en-GB","@id":"http:\/\/demourshop.com\/produit\/laurent-perrier-la-cuvee\/#primaryimage","url":"https:\/\/demourshop.com\/wp-content\/uploads\/2023\/11\/Lenique-png.png","contentUrl":"https:\/\/demourshop.com\/wp-content\/uploads\/2023\/11\/Lenique-png.png","width":700,"height":700,"caption":"Champagne Laurent-Perrier La Cuv\u00e9e Brut"},{"@type":"BreadcrumbList","@id":"http:\/\/demourshop.com\/produit\/laurent-perrier-la-cuvee\/#breadcrumb","itemListElement":[{"@type":"ListItem","position":1,"name":"Accueil","item":"https:\/\/demourshop.com\/"},{"@type":"ListItem","position":2,"name":"Boutique","item":"https:\/\/demourshop.com\/boutique\/"},{"@type":"ListItem","position":3,"name":"Laurent Perrier La Cuv\u00e9e"}]},{"@type":"WebSite","@id":"https:\/\/demourshop.com\/#website","url":"https:\/\/demourshop.com\/","name":"Demourshop","description":"","publisher":{"@id":"https:\/\/demourshop.com\/#organization"},"potentialAction":[{"@type":"SearchAction","target":{"@type":"EntryPoint","urlTemplate":"https:\/\/demourshop.com\/?s={search_term_string}"},"query-input":{"@type":"PropertyValueSpecification","valueRequired":true,"valueName":"search_term_string"}}],"inLanguage":"en-GB"},{"@type":"Organization","@id":"https:\/\/demourshop.com\/#organization","name":"Demourshop","url":"https:\/\/demourshop.com\/","logo":{"@type":"ImageObject","inLanguage":"en-GB","@id":"https:\/\/demourshop.com\/#\/schema\/logo\/image\/","url":"https:\/\/demourshop.com\/wp-content\/uploads\/2023\/08\/logo-wine-2-1-1.png","contentUrl":"https:\/\/demourshop.com\/wp-content\/uploads\/2023\/08\/logo-wine-2-1-1.png","width":400,"height":145,"caption":"Demourshop"},"image":{"@id":"https:\/\/demourshop.com\/#\/schema\/logo\/image\/"}}]}},"_links":{"self":[{"href":"https:\/\/demourshop.com\/en\/wp-json\/wp\/v2\/product\/48422","targetHints":{"allow":["GET"]}}],"collection":[{"href":"https:\/\/demourshop.com\/en\/wp-json\/wp\/v2\/product"}],"about":[{"href":"https:\/\/demourshop.com\/en\/wp-json\/wp\/v2\/types\/product"}],"version-history":[{"count":10,"href":"https:\/\/demourshop.com\/en\/wp-json\/wp\/v2\/product\/48422\/revisions"}],"predecessor-version":[{"id":70570,"href":"https:\/\/demourshop.com\/en\/wp-json\/wp\/v2\/product\/48422\/revisions\/70570"}],"wp:featuredmedia":[{"embeddable":true,"href":"https:\/\/demourshop.com\/en\/wp-json\/wp\/v2\/media\/68514"}],"wp:attachment":[{"href":"https:\/\/demourshop.com\/en\/wp-json\/wp\/v2\/media?parent=48422"}],"wp:term":[{"taxonomy":"product_brand","embeddable":true,"href":"https:\/\/demourshop.com\/en\/wp-json\/wp\/v2\/product_brand?post=48422"},{"taxonomy":"product_cat","embeddable":true,"href":"https:\/\/demourshop.com\/en\/wp-json\/wp\/v2\/product_cat?post=48422"},{"taxonomy":"product_tag","embeddable":true,"href":"https:\/\/demourshop.com\/en\/wp-json\/wp\/v2\/product_tag?post=48422"}],"curies":[{"name":"wp","href":"https:\/\/api.w.org\/{rel}","templated":true}]}}