{"id":48068,"date":"2023-10-26T09:58:59","date_gmt":"2023-10-26T07:58:59","guid":{"rendered":"https:\/\/demourshop.com\/?post_type=product&#038;p=48068"},"modified":"2025-10-15T17:58:31","modified_gmt":"2025-10-15T15:58:31","slug":"tayet-rose","status":"publish","type":"product","link":"https:\/\/demourshop.com\/en\/product\/tayet-rose\/","title":{"rendered":"Tayet Ros\u00e9"},"content":{"rendered":"<p>\u00c0 servir tr\u00e8s frais, entre 8 et 10\u00b0C. <strong>Tayet Ros\u00e9 2024<\/strong>\u00a0accompagne \u00e0 merveille une salade estivale, une planche ap\u00e9ro, des grillades l\u00e9g\u00e8res ou des fruits de mer. Il est aussi d\u00e9licieux en solo, au bord de la piscine ou lors d\u2019un pique-nique. Gr\u00e2ce \u00e0 sa fra\u00eecheur et sa buvabilit\u00e9, ce ros\u00e9 est l\u2019alli\u00e9 de vos moments d\u2019\u00e9t\u00e9, de d\u00e9tente et de partage. C\u2019est un vin sinc\u00e8re, direct, sans artifices \u2013 parfait pour ceux qui cherchent un ros\u00e9 de Bordeaux l\u00e9ger, bien fait et agr\u00e9able \u00e0 boire \u00e0 toute heure.<\/p>","protected":false},"excerpt":{"rendered":"<p><strong>Tayet Ros\u00e9 2024<\/strong> \u2013 Bordeaux ros\u00e9 frais, fruit\u00e9 et d\u00e9salt\u00e9rant. Id\u00e9al pour l\u2019\u00e9t\u00e9, les ap\u00e9ritifs et les repas ensoleill\u00e9s. Vin plaisir imm\u00e9diat.<\/p>","protected":false},"featured_media":70466,"template":"","meta":{"_acf_changed":false},"product_brand":[],"product_cat":[378,633,464,507,552,383,396,409,382,376,393,160],"product_tag":[],"class_list":{"0":"post-48068","1":"product","2":"type-product","3":"status-publish","4":"has-post-thumbnail","6":"product_cat-appellations-vin-en-ligne","7":"product_cat-bordeaux-en-ligne","8":"product_cat-cabernet-sauvignon-en-ligne","9":"product_cat-cepages-vin-en-ligne","10":"product_cat-vin-par-couleur-en-ligne","11":"product_cat-vin-de-france-en-ligne","12":"product_cat-vin-hve-en-ligne","13":"product_cat-merlot-en-ligne","14":"product_cat-vin-par-pays-en-ligne","15":"product_cat-vin-rose-en-ligne","16":"product_cat-vins-par-methode-de-vinification","17":"product_cat-vins-de-proprietes-en-ligne","18":"pa_appellations-bordeaux","19":"pa_cepages-cabernet-sauvignon","20":"pa_cepages-merlot","21":"pa_couleurs-rose","22":"pa_formats-75cl","23":"pa_millesimes-617","24":"pa_pays-france","25":"pa_propriete-bordeaux","26":"pa_quantites-a-lunite","27":"pa_quantites-carton-de-3-bouteilles","28":"pa_quantites-carton-de-6-bouteilles","29":"pa_vinifications-raisonnee","31":"first","32":"instock","33":"taxable","34":"shipping-taxable","35":"purchasable","36":"product-type-simple"},"acf":[],"yoast_head":"<!-- This site is optimized with the Yoast SEO plugin v27.4 - https:\/\/yoast.com\/product\/yoast-seo-wordpress\/ -->\n<title>Tayet Ros\u00e9 - Demourshop<\/title>\n<meta name=\"description\" content=\"Tayet Ros\u00e9 2024 \u2013 Bordeaux ros\u00e9 frais et fruit\u00e9. Id\u00e9al pour ap\u00e9ritifs et repas d\u2019\u00e9t\u00e9. \u00c0 servir tr\u00e8s frais. Livraison rapide \u2013 vin plaisir \u00e0 petit prix.\" \/>\n<meta name=\"robots\" content=\"index, follow, max-snippet:-1, max-image-preview:large, max-video-preview:-1\" \/>\n<link rel=\"canonical\" href=\"http:\/\/demourshop.com\/en\/product\/tayet-rose\/\" \/>\n<meta property=\"og:locale\" content=\"en_GB\" \/>\n<meta property=\"og:type\" content=\"article\" \/>\n<meta property=\"og:title\" content=\"Tayet Ros\u00e9 - Demourshop\" \/>\n<meta property=\"og:description\" content=\"Tayet Ros\u00e9 2024 \u2013 Bordeaux ros\u00e9 frais et fruit\u00e9. Id\u00e9al pour ap\u00e9ritifs et repas d\u2019\u00e9t\u00e9. \u00c0 servir tr\u00e8s frais. Livraison rapide \u2013 vin plaisir \u00e0 petit prix.\" \/>\n<meta property=\"og:url\" content=\"http:\/\/demourshop.com\/en\/product\/tayet-rose\/\" \/>\n<meta property=\"og:site_name\" content=\"Demourshop\" \/>\n<meta property=\"article:modified_time\" content=\"2025-10-15T15:58:31+00:00\" \/>\n<meta property=\"og:image\" content=\"http:\/\/demourshop.com\/wp-content\/uploads\/2023\/10\/Tayet-ss-millesime.png\" \/>\n\t<meta property=\"og:image:width\" content=\"700\" \/>\n\t<meta property=\"og:image:height\" content=\"700\" \/>\n\t<meta property=\"og:image:type\" content=\"image\/png\" \/>\n<meta name=\"twitter:card\" content=\"summary_large_image\" \/>\n<meta name=\"twitter:label1\" content=\"Estimated reading time\" \/>\n\t<meta name=\"twitter:data1\" content=\"3 minutes\" \/>\n<script type=\"application\/ld+json\" class=\"yoast-schema-graph\">{\"@context\":\"https:\\\/\\\/schema.org\",\"@graph\":[{\"@type\":\"WebPage\",\"@id\":\"http:\\\/\\\/demourshop.com\\\/produit\\\/tayet-rose\\\/\",\"url\":\"http:\\\/\\\/demourshop.com\\\/produit\\\/tayet-rose\\\/\",\"name\":\"Tayet Ros\u00e9 - Demourshop\",\"isPartOf\":{\"@id\":\"https:\\\/\\\/demourshop.com\\\/#website\"},\"primaryImageOfPage\":{\"@id\":\"http:\\\/\\\/demourshop.com\\\/produit\\\/tayet-rose\\\/#primaryimage\"},\"image\":{\"@id\":\"http:\\\/\\\/demourshop.com\\\/produit\\\/tayet-rose\\\/#primaryimage\"},\"thumbnailUrl\":\"https:\\\/\\\/demourshop.com\\\/wp-content\\\/uploads\\\/2023\\\/10\\\/Tayet-ss-millesime.png\",\"datePublished\":\"2023-10-26T07:58:59+00:00\",\"dateModified\":\"2025-10-15T15:58:31+00:00\",\"description\":\"Tayet Ros\u00e9 2024 \u2013 Bordeaux ros\u00e9 frais et fruit\u00e9. Id\u00e9al pour ap\u00e9ritifs et repas d\u2019\u00e9t\u00e9. \u00c0 servir tr\u00e8s frais. Livraison rapide \u2013 vin plaisir \u00e0 petit prix.\",\"breadcrumb\":{\"@id\":\"http:\\\/\\\/demourshop.com\\\/produit\\\/tayet-rose\\\/#breadcrumb\"},\"inLanguage\":\"en-GB\",\"potentialAction\":[{\"@type\":\"ReadAction\",\"target\":[\"http:\\\/\\\/demourshop.com\\\/produit\\\/tayet-rose\\\/\"]}]},{\"@type\":\"ImageObject\",\"inLanguage\":\"en-GB\",\"@id\":\"http:\\\/\\\/demourshop.com\\\/produit\\\/tayet-rose\\\/#primaryimage\",\"url\":\"https:\\\/\\\/demourshop.com\\\/wp-content\\\/uploads\\\/2023\\\/10\\\/Tayet-ss-millesime.png\",\"contentUrl\":\"https:\\\/\\\/demourshop.com\\\/wp-content\\\/uploads\\\/2023\\\/10\\\/Tayet-ss-millesime.png\",\"width\":700,\"height\":700},{\"@type\":\"BreadcrumbList\",\"@id\":\"http:\\\/\\\/demourshop.com\\\/produit\\\/tayet-rose\\\/#breadcrumb\",\"itemListElement\":[{\"@type\":\"ListItem\",\"position\":1,\"name\":\"Accueil\",\"item\":\"https:\\\/\\\/demourshop.com\\\/\"},{\"@type\":\"ListItem\",\"position\":2,\"name\":\"Boutique\",\"item\":\"https:\\\/\\\/demourshop.com\\\/boutique\\\/\"},{\"@type\":\"ListItem\",\"position\":3,\"name\":\"Tayet Ros\u00e9\"}]},{\"@type\":\"WebSite\",\"@id\":\"https:\\\/\\\/demourshop.com\\\/#website\",\"url\":\"https:\\\/\\\/demourshop.com\\\/\",\"name\":\"Demourshop\",\"description\":\"\",\"publisher\":{\"@id\":\"https:\\\/\\\/demourshop.com\\\/#organization\"},\"potentialAction\":[{\"@type\":\"SearchAction\",\"target\":{\"@type\":\"EntryPoint\",\"urlTemplate\":\"https:\\\/\\\/demourshop.com\\\/?s={search_term_string}\"},\"query-input\":{\"@type\":\"PropertyValueSpecification\",\"valueRequired\":true,\"valueName\":\"search_term_string\"}}],\"inLanguage\":\"en-GB\"},{\"@type\":\"Organization\",\"@id\":\"https:\\\/\\\/demourshop.com\\\/#organization\",\"name\":\"Demourshop\",\"url\":\"https:\\\/\\\/demourshop.com\\\/\",\"logo\":{\"@type\":\"ImageObject\",\"inLanguage\":\"en-GB\",\"@id\":\"https:\\\/\\\/demourshop.com\\\/#\\\/schema\\\/logo\\\/image\\\/\",\"url\":\"https:\\\/\\\/demourshop.com\\\/wp-content\\\/uploads\\\/2023\\\/08\\\/logo-wine-2-1-1.png\",\"contentUrl\":\"https:\\\/\\\/demourshop.com\\\/wp-content\\\/uploads\\\/2023\\\/08\\\/logo-wine-2-1-1.png\",\"width\":400,\"height\":145,\"caption\":\"Demourshop\"},\"image\":{\"@id\":\"https:\\\/\\\/demourshop.com\\\/#\\\/schema\\\/logo\\\/image\\\/\"}}]}<\/script>\n<!-- \/ Yoast SEO plugin. -->","yoast_head_json":{"title":"Tayet Ros\u00e9 - Demourshop","description":"Tayet Ros\u00e9 2024 \u2013 Bordeaux ros\u00e9 frais et fruit\u00e9. Id\u00e9al pour ap\u00e9ritifs et repas d\u2019\u00e9t\u00e9. \u00c0 servir tr\u00e8s frais. Livraison rapide \u2013 vin plaisir \u00e0 petit prix.","robots":{"index":"index","follow":"follow","max-snippet":"max-snippet:-1","max-image-preview":"max-image-preview:large","max-video-preview":"max-video-preview:-1"},"canonical":"http:\/\/demourshop.com\/en\/product\/tayet-rose\/","og_locale":"en_GB","og_type":"article","og_title":"Tayet Ros\u00e9 - Demourshop","og_description":"Tayet Ros\u00e9 2024 \u2013 Bordeaux ros\u00e9 frais et fruit\u00e9. Id\u00e9al pour ap\u00e9ritifs et repas d\u2019\u00e9t\u00e9. \u00c0 servir tr\u00e8s frais. Livraison rapide \u2013 vin plaisir \u00e0 petit prix.","og_url":"http:\/\/demourshop.com\/en\/product\/tayet-rose\/","og_site_name":"Demourshop","article_modified_time":"2025-10-15T15:58:31+00:00","og_image":[{"width":700,"height":700,"url":"http:\/\/demourshop.com\/wp-content\/uploads\/2023\/10\/Tayet-ss-millesime.png","type":"image\/png"}],"twitter_card":"summary_large_image","twitter_misc":{"Estimated reading time":"3 minutes"},"schema":{"@context":"https:\/\/schema.org","@graph":[{"@type":"WebPage","@id":"http:\/\/demourshop.com\/produit\/tayet-rose\/","url":"http:\/\/demourshop.com\/produit\/tayet-rose\/","name":"Tayet Ros\u00e9 - Demourshop","isPartOf":{"@id":"https:\/\/demourshop.com\/#website"},"primaryImageOfPage":{"@id":"http:\/\/demourshop.com\/produit\/tayet-rose\/#primaryimage"},"image":{"@id":"http:\/\/demourshop.com\/produit\/tayet-rose\/#primaryimage"},"thumbnailUrl":"https:\/\/demourshop.com\/wp-content\/uploads\/2023\/10\/Tayet-ss-millesime.png","datePublished":"2023-10-26T07:58:59+00:00","dateModified":"2025-10-15T15:58:31+00:00","description":"Tayet Ros\u00e9 2024 \u2013 Bordeaux ros\u00e9 frais et fruit\u00e9. Id\u00e9al pour ap\u00e9ritifs et repas d\u2019\u00e9t\u00e9. \u00c0 servir tr\u00e8s frais. Livraison rapide \u2013 vin plaisir \u00e0 petit prix.","breadcrumb":{"@id":"http:\/\/demourshop.com\/produit\/tayet-rose\/#breadcrumb"},"inLanguage":"en-GB","potentialAction":[{"@type":"ReadAction","target":["http:\/\/demourshop.com\/produit\/tayet-rose\/"]}]},{"@type":"ImageObject","inLanguage":"en-GB","@id":"http:\/\/demourshop.com\/produit\/tayet-rose\/#primaryimage","url":"https:\/\/demourshop.com\/wp-content\/uploads\/2023\/10\/Tayet-ss-millesime.png","contentUrl":"https:\/\/demourshop.com\/wp-content\/uploads\/2023\/10\/Tayet-ss-millesime.png","width":700,"height":700},{"@type":"BreadcrumbList","@id":"http:\/\/demourshop.com\/produit\/tayet-rose\/#breadcrumb","itemListElement":[{"@type":"ListItem","position":1,"name":"Accueil","item":"https:\/\/demourshop.com\/"},{"@type":"ListItem","position":2,"name":"Boutique","item":"https:\/\/demourshop.com\/boutique\/"},{"@type":"ListItem","position":3,"name":"Tayet Ros\u00e9"}]},{"@type":"WebSite","@id":"https:\/\/demourshop.com\/#website","url":"https:\/\/demourshop.com\/","name":"Demourshop","description":"","publisher":{"@id":"https:\/\/demourshop.com\/#organization"},"potentialAction":[{"@type":"SearchAction","target":{"@type":"EntryPoint","urlTemplate":"https:\/\/demourshop.com\/?s={search_term_string}"},"query-input":{"@type":"PropertyValueSpecification","valueRequired":true,"valueName":"search_term_string"}}],"inLanguage":"en-GB"},{"@type":"Organization","@id":"https:\/\/demourshop.com\/#organization","name":"Demourshop","url":"https:\/\/demourshop.com\/","logo":{"@type":"ImageObject","inLanguage":"en-GB","@id":"https:\/\/demourshop.com\/#\/schema\/logo\/image\/","url":"https:\/\/demourshop.com\/wp-content\/uploads\/2023\/08\/logo-wine-2-1-1.png","contentUrl":"https:\/\/demourshop.com\/wp-content\/uploads\/2023\/08\/logo-wine-2-1-1.png","width":400,"height":145,"caption":"Demourshop"},"image":{"@id":"https:\/\/demourshop.com\/#\/schema\/logo\/image\/"}}]}},"_links":{"self":[{"href":"https:\/\/demourshop.com\/en\/wp-json\/wp\/v2\/product\/48068","targetHints":{"allow":["GET"]}}],"collection":[{"href":"https:\/\/demourshop.com\/en\/wp-json\/wp\/v2\/product"}],"about":[{"href":"https:\/\/demourshop.com\/en\/wp-json\/wp\/v2\/types\/product"}],"version-history":[{"count":6,"href":"https:\/\/demourshop.com\/en\/wp-json\/wp\/v2\/product\/48068\/revisions"}],"predecessor-version":[{"id":70467,"href":"https:\/\/demourshop.com\/en\/wp-json\/wp\/v2\/product\/48068\/revisions\/70467"}],"wp:featuredmedia":[{"embeddable":true,"href":"https:\/\/demourshop.com\/en\/wp-json\/wp\/v2\/media\/70466"}],"wp:attachment":[{"href":"https:\/\/demourshop.com\/en\/wp-json\/wp\/v2\/media?parent=48068"}],"wp:term":[{"taxonomy":"product_brand","embeddable":true,"href":"https:\/\/demourshop.com\/en\/wp-json\/wp\/v2\/product_brand?post=48068"},{"taxonomy":"product_cat","embeddable":true,"href":"https:\/\/demourshop.com\/en\/wp-json\/wp\/v2\/product_cat?post=48068"},{"taxonomy":"product_tag","embeddable":true,"href":"https:\/\/demourshop.com\/en\/wp-json\/wp\/v2\/product_tag?post=48068"}],"curies":[{"name":"wp","href":"https:\/\/api.w.org\/{rel}","templated":true}]}}