{"id":46749,"date":"2023-08-23T15:50:19","date_gmt":"2023-08-23T13:50:19","guid":{"rendered":"https:\/\/demourshop.com\/?post_type=product&#038;p=46749"},"modified":"2026-01-16T16:27:23","modified_gmt":"2026-01-16T15:27:23","slug":"pinotage-palesa","status":"publish","type":"product","link":"https:\/\/demourshop.com\/en\/product\/pinotage-palesa\/","title":{"rendered":"Palesa Pinotage 2018"},"content":{"rendered":"<p><strong>Palesa Pinotage 2018<\/strong> incarne \u00e0 la fois une \u00e9thique de production \u00e9quitable et un plaisir imm\u00e9diat \u00e0 la d\u00e9gustation. Ce vin rouge l\u00e9ger \u00e0 mod\u00e9r\u00e9 est id\u00e9al pour les moments simples et conviviaux. Facile d\u2019acc\u00e8s, il pla\u00eet autant aux amateurs qu\u2019aux novices. \u00c0 servir entre 15 et 16\u202f\u00b0C, il accompagne aussi bien un barbecue qu\u2019un plat v\u00e9g\u00e9tarien aux champignons. \u00c0 boire dans les deux ans pour conserver tout son \u00e9clat fruit\u00e9.<\/p>","protected":false},"excerpt":{"rendered":"<p><strong>Palesa Pinotage 2018<\/strong> \u2013 Vin rouge Fairtrade d\u2019Afrique du Sud. Ar\u00f4mes de cerise m\u00fbre et finale \u00e9pic\u00e9e. Id\u00e9al viandes rouges et grillades.<\/p>","protected":false},"featured_media":69725,"template":"","meta":{"_acf_changed":false},"product_brand":[],"product_cat":[392,378,797,507,552,382,801,395,375,393],"product_tag":[],"class_list":{"0":"post-46749","1":"product","2":"type-product","3":"status-publish","4":"has-post-thumbnail","6":"product_cat-vin-afrique-du-sud-en-ligne","7":"product_cat-appellations-vin-en-ligne","8":"product_cat-vin-breedekloof-en-ligne","9":"product_cat-cepages-vin-en-ligne","10":"product_cat-vin-par-couleur-en-ligne","11":"product_cat-vin-par-pays-en-ligne","12":"product_cat-pinotage-en-ligne","13":"product_cat-vin-agriculture-raisonnee","14":"product_cat-vin-rouge-en-ligne","15":"product_cat-vins-par-methode-de-vinification","16":"pa_appellations-breedekloof","17":"pa_cepages-pinotage","18":"pa_couleurs-rouge","19":"pa_formats-75cl","20":"pa_millesimes-178","21":"pa_pays-afrique-du-sud","22":"pa_quantites-a-lunite","23":"pa_quantites-carton-de-3-bouteilles","24":"pa_quantites-carton-de-6-bouteilles","25":"pa_vinifications-raisonnee","27":"first","28":"instock","29":"taxable","30":"shipping-taxable","31":"purchasable","32":"product-type-simple"},"acf":[],"yoast_head":"<!-- This site is optimized with the Yoast SEO plugin v27.4 - https:\/\/yoast.com\/product\/yoast-seo-wordpress\/ -->\n<title>Palesa Pinotage 2018 - Demourshop<\/title>\n<meta name=\"description\" content=\"Palesa Pinotage 2018 \u2013 vin rouge Fairtrade d\u2019Afrique du Sud. Ar\u00f4mes de cerise m\u00fbre, tanins souples, finale \u00e9pic\u00e9e. Id\u00e9al viandes et grillades.\" \/>\n<meta name=\"robots\" content=\"index, follow, max-snippet:-1, max-image-preview:large, max-video-preview:-1\" \/>\n<link rel=\"canonical\" href=\"http:\/\/demourshop.com\/en\/product\/pinotage-palesa\/\" \/>\n<meta property=\"og:locale\" content=\"en_GB\" \/>\n<meta property=\"og:type\" content=\"article\" \/>\n<meta property=\"og:title\" content=\"Palesa Pinotage 2018 - Demourshop\" \/>\n<meta property=\"og:description\" content=\"Palesa Pinotage 2018 \u2013 vin rouge Fairtrade d\u2019Afrique du Sud. Ar\u00f4mes de cerise m\u00fbre, tanins souples, finale \u00e9pic\u00e9e. Id\u00e9al viandes et grillades.\" \/>\n<meta property=\"og:url\" content=\"http:\/\/demourshop.com\/en\/product\/pinotage-palesa\/\" \/>\n<meta property=\"og:site_name\" content=\"Demourshop\" \/>\n<meta property=\"article:modified_time\" content=\"2026-01-16T15:27:23+00:00\" \/>\n<meta property=\"og:image\" content=\"http:\/\/demourshop.com\/wp-content\/uploads\/2023\/08\/palesa-pinotage.png\" \/>\n\t<meta property=\"og:image:width\" content=\"700\" \/>\n\t<meta property=\"og:image:height\" content=\"700\" \/>\n\t<meta property=\"og:image:type\" content=\"image\/png\" \/>\n<meta name=\"twitter:card\" content=\"summary_large_image\" \/>\n<meta name=\"twitter:label1\" content=\"Estimated reading time\" \/>\n\t<meta name=\"twitter:data1\" content=\"2 minutes\" \/>\n<script type=\"application\/ld+json\" class=\"yoast-schema-graph\">{\"@context\":\"https:\\\/\\\/schema.org\",\"@graph\":[{\"@type\":\"WebPage\",\"@id\":\"http:\\\/\\\/demourshop.com\\\/produit\\\/pinotage-palesa\\\/\",\"url\":\"http:\\\/\\\/demourshop.com\\\/produit\\\/pinotage-palesa\\\/\",\"name\":\"Palesa Pinotage 2018 - Demourshop\",\"isPartOf\":{\"@id\":\"https:\\\/\\\/demourshop.com\\\/#website\"},\"primaryImageOfPage\":{\"@id\":\"http:\\\/\\\/demourshop.com\\\/produit\\\/pinotage-palesa\\\/#primaryimage\"},\"image\":{\"@id\":\"http:\\\/\\\/demourshop.com\\\/produit\\\/pinotage-palesa\\\/#primaryimage\"},\"thumbnailUrl\":\"https:\\\/\\\/demourshop.com\\\/wp-content\\\/uploads\\\/2023\\\/08\\\/palesa-pinotage.png\",\"datePublished\":\"2023-08-23T13:50:19+00:00\",\"dateModified\":\"2026-01-16T15:27:23+00:00\",\"description\":\"Palesa Pinotage 2018 \u2013 vin rouge Fairtrade d\u2019Afrique du Sud. Ar\u00f4mes de cerise m\u00fbre, tanins souples, finale \u00e9pic\u00e9e. Id\u00e9al viandes et grillades.\",\"breadcrumb\":{\"@id\":\"http:\\\/\\\/demourshop.com\\\/produit\\\/pinotage-palesa\\\/#breadcrumb\"},\"inLanguage\":\"en-GB\",\"potentialAction\":[{\"@type\":\"ReadAction\",\"target\":[\"http:\\\/\\\/demourshop.com\\\/produit\\\/pinotage-palesa\\\/\"]}]},{\"@type\":\"ImageObject\",\"inLanguage\":\"en-GB\",\"@id\":\"http:\\\/\\\/demourshop.com\\\/produit\\\/pinotage-palesa\\\/#primaryimage\",\"url\":\"https:\\\/\\\/demourshop.com\\\/wp-content\\\/uploads\\\/2023\\\/08\\\/palesa-pinotage.png\",\"contentUrl\":\"https:\\\/\\\/demourshop.com\\\/wp-content\\\/uploads\\\/2023\\\/08\\\/palesa-pinotage.png\",\"width\":700,\"height\":700,\"caption\":\"Bouteille de Palesa Pinotage 2018 \u2013 vin rouge d\u2019Afrique du Sud issu du commerce \u00e9quitable, fruit\u00e9 et souple, id\u00e9al pour les grillades.\"},{\"@type\":\"BreadcrumbList\",\"@id\":\"http:\\\/\\\/demourshop.com\\\/produit\\\/pinotage-palesa\\\/#breadcrumb\",\"itemListElement\":[{\"@type\":\"ListItem\",\"position\":1,\"name\":\"Accueil\",\"item\":\"https:\\\/\\\/demourshop.com\\\/\"},{\"@type\":\"ListItem\",\"position\":2,\"name\":\"Boutique\",\"item\":\"https:\\\/\\\/demourshop.com\\\/boutique\\\/\"},{\"@type\":\"ListItem\",\"position\":3,\"name\":\"Palesa Pinotage 2018\"}]},{\"@type\":\"WebSite\",\"@id\":\"https:\\\/\\\/demourshop.com\\\/#website\",\"url\":\"https:\\\/\\\/demourshop.com\\\/\",\"name\":\"Demourshop\",\"description\":\"\",\"publisher\":{\"@id\":\"https:\\\/\\\/demourshop.com\\\/#organization\"},\"potentialAction\":[{\"@type\":\"SearchAction\",\"target\":{\"@type\":\"EntryPoint\",\"urlTemplate\":\"https:\\\/\\\/demourshop.com\\\/?s={search_term_string}\"},\"query-input\":{\"@type\":\"PropertyValueSpecification\",\"valueRequired\":true,\"valueName\":\"search_term_string\"}}],\"inLanguage\":\"en-GB\"},{\"@type\":\"Organization\",\"@id\":\"https:\\\/\\\/demourshop.com\\\/#organization\",\"name\":\"Demourshop\",\"url\":\"https:\\\/\\\/demourshop.com\\\/\",\"logo\":{\"@type\":\"ImageObject\",\"inLanguage\":\"en-GB\",\"@id\":\"https:\\\/\\\/demourshop.com\\\/#\\\/schema\\\/logo\\\/image\\\/\",\"url\":\"https:\\\/\\\/demourshop.com\\\/wp-content\\\/uploads\\\/2023\\\/08\\\/logo-wine-2-1-1.png\",\"contentUrl\":\"https:\\\/\\\/demourshop.com\\\/wp-content\\\/uploads\\\/2023\\\/08\\\/logo-wine-2-1-1.png\",\"width\":400,\"height\":145,\"caption\":\"Demourshop\"},\"image\":{\"@id\":\"https:\\\/\\\/demourshop.com\\\/#\\\/schema\\\/logo\\\/image\\\/\"}}]}<\/script>\n<!-- \/ Yoast SEO plugin. -->","yoast_head_json":{"title":"Palesa Pinotage 2018 - Demourshop","description":"Palesa Pinotage 2018 \u2013 vin rouge Fairtrade d\u2019Afrique du Sud. Ar\u00f4mes de cerise m\u00fbre, tanins souples, finale \u00e9pic\u00e9e. Id\u00e9al viandes et grillades.","robots":{"index":"index","follow":"follow","max-snippet":"max-snippet:-1","max-image-preview":"max-image-preview:large","max-video-preview":"max-video-preview:-1"},"canonical":"http:\/\/demourshop.com\/en\/product\/pinotage-palesa\/","og_locale":"en_GB","og_type":"article","og_title":"Palesa Pinotage 2018 - Demourshop","og_description":"Palesa Pinotage 2018 \u2013 vin rouge Fairtrade d\u2019Afrique du Sud. Ar\u00f4mes de cerise m\u00fbre, tanins souples, finale \u00e9pic\u00e9e. Id\u00e9al viandes et grillades.","og_url":"http:\/\/demourshop.com\/en\/product\/pinotage-palesa\/","og_site_name":"Demourshop","article_modified_time":"2026-01-16T15:27:23+00:00","og_image":[{"width":700,"height":700,"url":"http:\/\/demourshop.com\/wp-content\/uploads\/2023\/08\/palesa-pinotage.png","type":"image\/png"}],"twitter_card":"summary_large_image","twitter_misc":{"Estimated reading time":"2 minutes"},"schema":{"@context":"https:\/\/schema.org","@graph":[{"@type":"WebPage","@id":"http:\/\/demourshop.com\/produit\/pinotage-palesa\/","url":"http:\/\/demourshop.com\/produit\/pinotage-palesa\/","name":"Palesa Pinotage 2018 - Demourshop","isPartOf":{"@id":"https:\/\/demourshop.com\/#website"},"primaryImageOfPage":{"@id":"http:\/\/demourshop.com\/produit\/pinotage-palesa\/#primaryimage"},"image":{"@id":"http:\/\/demourshop.com\/produit\/pinotage-palesa\/#primaryimage"},"thumbnailUrl":"https:\/\/demourshop.com\/wp-content\/uploads\/2023\/08\/palesa-pinotage.png","datePublished":"2023-08-23T13:50:19+00:00","dateModified":"2026-01-16T15:27:23+00:00","description":"Palesa Pinotage 2018 \u2013 vin rouge Fairtrade d\u2019Afrique du Sud. Ar\u00f4mes de cerise m\u00fbre, tanins souples, finale \u00e9pic\u00e9e. Id\u00e9al viandes et grillades.","breadcrumb":{"@id":"http:\/\/demourshop.com\/produit\/pinotage-palesa\/#breadcrumb"},"inLanguage":"en-GB","potentialAction":[{"@type":"ReadAction","target":["http:\/\/demourshop.com\/produit\/pinotage-palesa\/"]}]},{"@type":"ImageObject","inLanguage":"en-GB","@id":"http:\/\/demourshop.com\/produit\/pinotage-palesa\/#primaryimage","url":"https:\/\/demourshop.com\/wp-content\/uploads\/2023\/08\/palesa-pinotage.png","contentUrl":"https:\/\/demourshop.com\/wp-content\/uploads\/2023\/08\/palesa-pinotage.png","width":700,"height":700,"caption":"Bouteille de Palesa Pinotage 2018 \u2013 vin rouge d\u2019Afrique du Sud issu du commerce \u00e9quitable, fruit\u00e9 et souple, id\u00e9al pour les grillades."},{"@type":"BreadcrumbList","@id":"http:\/\/demourshop.com\/produit\/pinotage-palesa\/#breadcrumb","itemListElement":[{"@type":"ListItem","position":1,"name":"Accueil","item":"https:\/\/demourshop.com\/"},{"@type":"ListItem","position":2,"name":"Boutique","item":"https:\/\/demourshop.com\/boutique\/"},{"@type":"ListItem","position":3,"name":"Palesa Pinotage 2018"}]},{"@type":"WebSite","@id":"https:\/\/demourshop.com\/#website","url":"https:\/\/demourshop.com\/","name":"Demourshop","description":"","publisher":{"@id":"https:\/\/demourshop.com\/#organization"},"potentialAction":[{"@type":"SearchAction","target":{"@type":"EntryPoint","urlTemplate":"https:\/\/demourshop.com\/?s={search_term_string}"},"query-input":{"@type":"PropertyValueSpecification","valueRequired":true,"valueName":"search_term_string"}}],"inLanguage":"en-GB"},{"@type":"Organization","@id":"https:\/\/demourshop.com\/#organization","name":"Demourshop","url":"https:\/\/demourshop.com\/","logo":{"@type":"ImageObject","inLanguage":"en-GB","@id":"https:\/\/demourshop.com\/#\/schema\/logo\/image\/","url":"https:\/\/demourshop.com\/wp-content\/uploads\/2023\/08\/logo-wine-2-1-1.png","contentUrl":"https:\/\/demourshop.com\/wp-content\/uploads\/2023\/08\/logo-wine-2-1-1.png","width":400,"height":145,"caption":"Demourshop"},"image":{"@id":"https:\/\/demourshop.com\/#\/schema\/logo\/image\/"}}]}},"_links":{"self":[{"href":"https:\/\/demourshop.com\/en\/wp-json\/wp\/v2\/product\/46749","targetHints":{"allow":["GET"]}}],"collection":[{"href":"https:\/\/demourshop.com\/en\/wp-json\/wp\/v2\/product"}],"about":[{"href":"https:\/\/demourshop.com\/en\/wp-json\/wp\/v2\/types\/product"}],"version-history":[{"count":6,"href":"https:\/\/demourshop.com\/en\/wp-json\/wp\/v2\/product\/46749\/revisions"}],"predecessor-version":[{"id":70346,"href":"https:\/\/demourshop.com\/en\/wp-json\/wp\/v2\/product\/46749\/revisions\/70346"}],"wp:featuredmedia":[{"embeddable":true,"href":"https:\/\/demourshop.com\/en\/wp-json\/wp\/v2\/media\/69725"}],"wp:attachment":[{"href":"https:\/\/demourshop.com\/en\/wp-json\/wp\/v2\/media?parent=46749"}],"wp:term":[{"taxonomy":"product_brand","embeddable":true,"href":"https:\/\/demourshop.com\/en\/wp-json\/wp\/v2\/product_brand?post=46749"},{"taxonomy":"product_cat","embeddable":true,"href":"https:\/\/demourshop.com\/en\/wp-json\/wp\/v2\/product_cat?post=46749"},{"taxonomy":"product_tag","embeddable":true,"href":"https:\/\/demourshop.com\/en\/wp-json\/wp\/v2\/product_tag?post=46749"}],"curies":[{"name":"wp","href":"https:\/\/api.w.org\/{rel}","templated":true}]}}