{"id":67653,"date":"2024-10-31T10:44:21","date_gmt":"2024-10-31T09:44:21","guid":{"rendered":"https:\/\/demourshop.com\/?page_id=67653"},"modified":"2024-12-17T10:19:54","modified_gmt":"2024-12-17T09:19:54","slug":"mon-compte","status":"publish","type":"page","link":"https:\/\/demourshop.com\/en\/mon-compte\/","title":{"rendered":"My account"},"content":{"rendered":"\t\t<div data-elementor-type=\"wp-page\" data-elementor-id=\"67653\" class=\"elementor elementor-67653\" data-elementor-post-type=\"page\">\n\t\t\t\t<div class=\"elementor-element elementor-element-fc285a5 e-con-full e-flex e-con e-parent\" data-id=\"fc285a5\" data-element_type=\"container\" data-e-type=\"container\" data-settings=\"{&quot;background_background&quot;:&quot;classic&quot;}\">\n\t\t\t\t<div class=\"elementor-element elementor-element-6e8a007 elementor-widget elementor-widget-shortcode\" data-id=\"6e8a007\" data-element_type=\"widget\" data-e-type=\"widget\" data-widget_type=\"shortcode.default\">\n\t\t\t\t<div class=\"elementor-widget-container\">\n\t\t\t\t\t\t\t<div class=\"elementor-shortcode\">Bonjour, visiteur!<\/div>\n\t\t\t\t\t\t<\/div>\n\t\t\t\t<\/div>\n\t\t\t\t<\/div>\n\t\t<div class=\"elementor-element elementor-element-e4bf33d e-flex e-con-boxed e-con e-parent\" data-id=\"e4bf33d\" data-element_type=\"container\" data-e-type=\"container\" data-settings=\"{&quot;background_background&quot;:&quot;classic&quot;}\">\n\t\t\t\t\t<div class=\"e-con-inner\">\n\t\t\t\t<div class=\"elementor-element elementor-element-78953d2 e-my-account-tabs-vertical elementor-widget elementor-widget-woocommerce-my-account\" data-id=\"78953d2\" data-element_type=\"widget\" data-e-type=\"widget\" data-widget_type=\"woocommerce-my-account.default\">\n\t\t\t\t<div class=\"elementor-widget-container\">\n\t\t\t\t\t<div class=\"e-my-account-tab e-my-account-tab__ \">\t\t\t<div class=\"woocommerce\"><div class=\"woocommerce-notices-wrapper\"><\/div>\n\n<div class=\"u-columns col2-set\" id=\"customer_login\">\n\n\t<div class=\"u-column1 col-1\">\n\n\n\t\t<h2>Login<\/h2>\n\n\t\t<form class=\"woocommerce-form woocommerce-form-login login\" method=\"post\" novalidate>\n\n\t\t\t\n\t\t\t<p class=\"woocommerce-form-row woocommerce-form-row--wide form-row form-row-wide\">\n\t\t\t\t<label for=\"username\">Username or email address&nbsp;<span class=\"required\" aria-hidden=\"true\">*<\/span><span class=\"screen-reader-text\">Required<\/span><\/label>\n\t\t\t\t<input type=\"text\" class=\"woocommerce-Input woocommerce-Input--text input-text\" name=\"username\" id=\"username\" autocomplete=\"username\" value=\"\" required aria-required=\"true\" \/>\t\t\t<\/p>\n\t\t\t<p class=\"woocommerce-form-row woocommerce-form-row--wide form-row form-row-wide\">\n\t\t\t\t<label for=\"password\">Password&nbsp;<span class=\"required\" aria-hidden=\"true\">*<\/span><span class=\"screen-reader-text\">Required<\/span><\/label>\n\t\t\t\t<input class=\"woocommerce-Input woocommerce-Input--text input-text\" type=\"password\" name=\"password\" id=\"password\" autocomplete=\"current-password\" required aria-required=\"true\" \/>\n\t\t\t<\/p>\n\n\t\t\t\n\t\t\t<p class=\"form-row\">\n\t\t\t\t<label class=\"woocommerce-form__label woocommerce-form__label-for-checkbox woocommerce-form-login__rememberme\">\n\t\t\t\t\t<input class=\"woocommerce-form__input woocommerce-form__input-checkbox\" name=\"rememberme\" type=\"checkbox\" id=\"rememberme\" value=\"forever\" \/> <span>Remember me<\/span>\n\t\t\t\t<\/label>\n\t\t\t\t<input type=\"hidden\" id=\"woocommerce-login-nonce\" name=\"woocommerce-login-nonce\" value=\"ab8774d076\" \/><input type=\"hidden\" name=\"_wp_http_referer\" value=\"\/en\/wp-json\/wp\/v2\/pages\/67653\" \/>\t\t\t\t<button type=\"submit\" class=\"woocommerce-button button woocommerce-form-login__submit\" name=\"login\" value=\"Log in\">Log in<\/button>\n\t\t\t<\/p>\n\t\t\t<p class=\"woocommerce-LostPassword lost_password\">\n\t\t\t\t<a href=\"https:\/\/demourshop.com\/en\/mon-compte\/mot-de-passe-perdu\/\">Lost your password?<\/a>\n\t\t\t<\/p>\n\n\t\t\t\n\t\t<\/form>\n\n\n\t<\/div>\n\n\t<div class=\"u-column2 col-2\">\n\n\t\t<h2>Register<\/h2>\n\n\t\t<form method=\"post\" class=\"woocommerce-form woocommerce-form-register register\"  >\n\n\t\t\t\n\t\t\t\n\t\t\t<p class=\"woocommerce-form-row woocommerce-form-row--wide form-row form-row-wide\">\n\t\t\t\t<label for=\"reg_email\">Email address&nbsp;<span class=\"required\" aria-hidden=\"true\">*<\/span><span class=\"screen-reader-text\">Required<\/span><\/label>\n\t\t\t\t<input type=\"email\" class=\"woocommerce-Input woocommerce-Input--text input-text\" name=\"email\" id=\"reg_email\" autocomplete=\"email\" value=\"\" required aria-required=\"true\" \/>\t\t\t<\/p>\n\n\t\t\t\n\t\t\t\t<p>A link to set a new password will be sent to your email address.<\/p>\n\n\t\t\t\n\t\t\t<p class=\"form-row form-row-wide mailchimp-newsletter\"><label for=\"mailchimp_woocommerce_newsletter\" class=\"woocommerce-form__label woocommerce-form__label-for-checkbox inline\"><input class=\"woocommerce-form__input woocommerce-form__input-checkbox input-checkbox\" id=\"mailchimp_woocommerce_newsletter\" type=\"checkbox\" name=\"mailchimp_woocommerce_newsletter\" value=\"1\" checked=\"checked\"> <span>Abonnez-vous \u00e0 notre newsletter et recevez des offres exclusives et des r\u00e9ductions sp\u00e9ciales !\r\n\r\n<\/span><\/label><\/p><div class=\"clear\"><\/div><div style='display: block'><div id='mailchimp-gdpr-fields'><p>Please select all the ways you would like to hear from us<div class='clear' ><\/div><input type='hidden' value='0' name='mailchimp_woocommerce_gdpr[0b34269bea]'><label for='mailchimp_woocommerce_gdpr[0b34269bea]' class='woocommerce-form__label woocommerce-form__label-for-checkbox inline'><input class='woocommerce-form__input woocommerce-form__input-checkbox input-checkbox' id='mailchimp_woocommerce_gdpr[0b34269bea]' type='checkbox' name='mailchimp_woocommerce_gdpr[0b34269bea]' value='1' checked=\"checked\"><span>I accept to be reached by email \/ J'accepte d'\u00eatre contact\u00e9 par email<\/span><\/label><div class='clear'><\/div><input type='hidden' value='0' name='mailchimp_woocommerce_gdpr[959011e3f0]'><label for='mailchimp_woocommerce_gdpr[959011e3f0]' class='woocommerce-form__label woocommerce-form__label-for-checkbox inline'><input class='woocommerce-form__input woocommerce-form__input-checkbox input-checkbox' id='mailchimp_woocommerce_gdpr[959011e3f0]' type='checkbox' name='mailchimp_woocommerce_gdpr[959011e3f0]' value='1'><span>Direct Mail<\/span><\/label><div class='clear'><\/div><input type='hidden' value='0' name='mailchimp_woocommerce_gdpr[1ae59a4fa9]'><label for='mailchimp_woocommerce_gdpr[1ae59a4fa9]' class='woocommerce-form__label woocommerce-form__label-for-checkbox inline'><input class='woocommerce-form__input woocommerce-form__input-checkbox input-checkbox' id='mailchimp_woocommerce_gdpr[1ae59a4fa9]' type='checkbox' name='mailchimp_woocommerce_gdpr[1ae59a4fa9]' value='1'><span>Customized Online Advertising<\/span><\/label><div class='clear'><\/div><\/p><\/div><\/div><div class=\"woocommerce-privacy-policy-text\"><p>Vos donn\u00e9es personnelles seront utilis\u00e9es pour vous accompagner au cours de votre visite du site web, g\u00e9rer l\u2019acc\u00e8s \u00e0 votre compte, et pour d\u2019autres raisons d\u00e9crites dans notre <a href=\"https:\/\/demourshop.com\/en\/conditions-de-service\/\" class=\"woocommerce-privacy-policy-link\" target=\"_blank\">privacy policy<\/a>.<\/p>\n<\/div>\n\t\t\t<p class=\"woocommerce-form-row form-row\">\n\t\t\t\t<input type=\"hidden\" id=\"woocommerce-register-nonce\" name=\"woocommerce-register-nonce\" value=\"b5ee9172ec\" \/><input type=\"hidden\" name=\"_wp_http_referer\" value=\"\/en\/wp-json\/wp\/v2\/pages\/67653\" \/>\t\t\t\t<button type=\"submit\" class=\"woocommerce-Button woocommerce-button button woocommerce-form-register__submit\" name=\"register\" value=\"Register\">Register<\/button>\n\t\t\t<\/p>\n\n\t\t\t\n\t\t<\/form>\n\n\t<\/div>\n\n<\/div>\n\n<\/div>\t\t<\/div>\n\t\t\t\t\t\t<\/div>\n\t\t\t\t<\/div>\n\t\t\t\t\t<\/div>\n\t\t\t\t<\/div>\n\t\t\t\t<\/div>\n\t\t","protected":false},"excerpt":{"rendered":"<p>Tableau de bord Commandes T\u00e9l\u00e9chargements Adresses Moyens de paiement D\u00e9tails du compte D\u00e9connexion Bonjour admin4785 (vous n\u2019\u00eates pas admin4785\u00a0? D\u00e9connexion) \u00c0 partir du tableau de bord de votre compte, vous pouvez visualiser vos commandes r\u00e9centes, g\u00e9rer vos adresses de livraison et de facturation ainsi que changer votre mot de passe et les d\u00e9tails de votre [&hellip;]<\/p>\n","protected":false},"author":1,"featured_media":0,"parent":0,"menu_order":0,"comment_status":"closed","ping_status":"closed","template":"","meta":{"_acf_changed":false,"footnotes":""},"class_list":["post-67653","page","type-page","status-publish","hentry"],"acf":[],"yoast_head":"<!-- This site is optimized with the Yoast SEO plugin v27.4 - https:\/\/yoast.com\/product\/yoast-seo-wordpress\/ -->\n<title>Mon compte - Demourshop<\/title>\n<meta name=\"robots\" content=\"index, follow, max-snippet:-1, max-image-preview:large, max-video-preview:-1\" \/>\n<link rel=\"canonical\" href=\"https:\/\/demourshop.com\/en\/mon-compte\/\" \/>\n<meta property=\"og:locale\" content=\"en_GB\" \/>\n<meta property=\"og:type\" content=\"article\" \/>\n<meta property=\"og:title\" content=\"Mon compte - Demourshop\" \/>\n<meta property=\"og:description\" content=\"Tableau de bord Commandes T\u00e9l\u00e9chargements Adresses Moyens de paiement D\u00e9tails du compte D\u00e9connexion Bonjour admin4785 (vous n\u2019\u00eates pas admin4785\u00a0? D\u00e9connexion) \u00c0 partir du tableau de bord de votre compte, vous pouvez visualiser vos commandes r\u00e9centes, g\u00e9rer vos adresses de livraison et de facturation ainsi que changer votre mot de passe et les d\u00e9tails de votre [&hellip;]\" \/>\n<meta property=\"og:url\" content=\"https:\/\/demourshop.com\/en\/mon-compte\/\" \/>\n<meta property=\"og:site_name\" content=\"Demourshop\" \/>\n<meta property=\"article:modified_time\" content=\"2024-12-17T09:19:54+00:00\" \/>\n<meta name=\"twitter:card\" content=\"summary_large_image\" \/>\n<meta name=\"twitter:label1\" content=\"Estimated reading time\" \/>\n\t<meta name=\"twitter:data1\" content=\"2 minutes\" \/>\n<script type=\"application\/ld+json\" class=\"yoast-schema-graph\">{\"@context\":\"https:\\\/\\\/schema.org\",\"@graph\":[{\"@type\":\"WebPage\",\"@id\":\"https:\\\/\\\/demourshop.com\\\/mon-compte\\\/\",\"url\":\"https:\\\/\\\/demourshop.com\\\/mon-compte\\\/\",\"name\":\"Mon compte - Demourshop\",\"isPartOf\":{\"@id\":\"https:\\\/\\\/demourshop.com\\\/#website\"},\"datePublished\":\"2024-10-31T09:44:21+00:00\",\"dateModified\":\"2024-12-17T09:19:54+00:00\",\"breadcrumb\":{\"@id\":\"https:\\\/\\\/demourshop.com\\\/mon-compte\\\/#breadcrumb\"},\"inLanguage\":\"en-GB\",\"potentialAction\":[{\"@type\":\"ReadAction\",\"target\":[\"https:\\\/\\\/demourshop.com\\\/mon-compte\\\/\"]}]},{\"@type\":\"BreadcrumbList\",\"@id\":\"https:\\\/\\\/demourshop.com\\\/mon-compte\\\/#breadcrumb\",\"itemListElement\":[{\"@type\":\"ListItem\",\"position\":1,\"name\":\"Accueil\",\"item\":\"https:\\\/\\\/demourshop.com\\\/\"},{\"@type\":\"ListItem\",\"position\":2,\"name\":\"Mon compte\"}]},{\"@type\":\"WebSite\",\"@id\":\"https:\\\/\\\/demourshop.com\\\/#website\",\"url\":\"https:\\\/\\\/demourshop.com\\\/\",\"name\":\"Demourshop\",\"description\":\"\",\"publisher\":{\"@id\":\"https:\\\/\\\/demourshop.com\\\/#organization\"},\"potentialAction\":[{\"@type\":\"SearchAction\",\"target\":{\"@type\":\"EntryPoint\",\"urlTemplate\":\"https:\\\/\\\/demourshop.com\\\/?s={search_term_string}\"},\"query-input\":{\"@type\":\"PropertyValueSpecification\",\"valueRequired\":true,\"valueName\":\"search_term_string\"}}],\"inLanguage\":\"en-GB\"},{\"@type\":\"Organization\",\"@id\":\"https:\\\/\\\/demourshop.com\\\/#organization\",\"name\":\"Demourshop\",\"url\":\"https:\\\/\\\/demourshop.com\\\/\",\"logo\":{\"@type\":\"ImageObject\",\"inLanguage\":\"en-GB\",\"@id\":\"https:\\\/\\\/demourshop.com\\\/#\\\/schema\\\/logo\\\/image\\\/\",\"url\":\"https:\\\/\\\/demourshop.com\\\/wp-content\\\/uploads\\\/2023\\\/08\\\/logo-wine-2-1-1.png\",\"contentUrl\":\"https:\\\/\\\/demourshop.com\\\/wp-content\\\/uploads\\\/2023\\\/08\\\/logo-wine-2-1-1.png\",\"width\":400,\"height\":145,\"caption\":\"Demourshop\"},\"image\":{\"@id\":\"https:\\\/\\\/demourshop.com\\\/#\\\/schema\\\/logo\\\/image\\\/\"}}]}<\/script>\n<!-- \/ Yoast SEO plugin. -->","yoast_head_json":{"title":"Mon compte - Demourshop","robots":{"index":"index","follow":"follow","max-snippet":"max-snippet:-1","max-image-preview":"max-image-preview:large","max-video-preview":"max-video-preview:-1"},"canonical":"https:\/\/demourshop.com\/en\/mon-compte\/","og_locale":"en_GB","og_type":"article","og_title":"Mon compte - Demourshop","og_description":"Tableau de bord Commandes T\u00e9l\u00e9chargements Adresses Moyens de paiement D\u00e9tails du compte D\u00e9connexion Bonjour admin4785 (vous n\u2019\u00eates pas admin4785\u00a0? D\u00e9connexion) \u00c0 partir du tableau de bord de votre compte, vous pouvez visualiser vos commandes r\u00e9centes, g\u00e9rer vos adresses de livraison et de facturation ainsi que changer votre mot de passe et les d\u00e9tails de votre [&hellip;]","og_url":"https:\/\/demourshop.com\/en\/mon-compte\/","og_site_name":"Demourshop","article_modified_time":"2024-12-17T09:19:54+00:00","twitter_card":"summary_large_image","twitter_misc":{"Estimated reading time":"2 minutes"},"schema":{"@context":"https:\/\/schema.org","@graph":[{"@type":"WebPage","@id":"https:\/\/demourshop.com\/mon-compte\/","url":"https:\/\/demourshop.com\/mon-compte\/","name":"Mon compte - Demourshop","isPartOf":{"@id":"https:\/\/demourshop.com\/#website"},"datePublished":"2024-10-31T09:44:21+00:00","dateModified":"2024-12-17T09:19:54+00:00","breadcrumb":{"@id":"https:\/\/demourshop.com\/mon-compte\/#breadcrumb"},"inLanguage":"en-GB","potentialAction":[{"@type":"ReadAction","target":["https:\/\/demourshop.com\/mon-compte\/"]}]},{"@type":"BreadcrumbList","@id":"https:\/\/demourshop.com\/mon-compte\/#breadcrumb","itemListElement":[{"@type":"ListItem","position":1,"name":"Accueil","item":"https:\/\/demourshop.com\/"},{"@type":"ListItem","position":2,"name":"Mon compte"}]},{"@type":"WebSite","@id":"https:\/\/demourshop.com\/#website","url":"https:\/\/demourshop.com\/","name":"Demourshop","description":"","publisher":{"@id":"https:\/\/demourshop.com\/#organization"},"potentialAction":[{"@type":"SearchAction","target":{"@type":"EntryPoint","urlTemplate":"https:\/\/demourshop.com\/?s={search_term_string}"},"query-input":{"@type":"PropertyValueSpecification","valueRequired":true,"valueName":"search_term_string"}}],"inLanguage":"en-GB"},{"@type":"Organization","@id":"https:\/\/demourshop.com\/#organization","name":"Demourshop","url":"https:\/\/demourshop.com\/","logo":{"@type":"ImageObject","inLanguage":"en-GB","@id":"https:\/\/demourshop.com\/#\/schema\/logo\/image\/","url":"https:\/\/demourshop.com\/wp-content\/uploads\/2023\/08\/logo-wine-2-1-1.png","contentUrl":"https:\/\/demourshop.com\/wp-content\/uploads\/2023\/08\/logo-wine-2-1-1.png","width":400,"height":145,"caption":"Demourshop"},"image":{"@id":"https:\/\/demourshop.com\/#\/schema\/logo\/image\/"}}]}},"_links":{"self":[{"href":"https:\/\/demourshop.com\/en\/wp-json\/wp\/v2\/pages\/67653","targetHints":{"allow":["GET"]}}],"collection":[{"href":"https:\/\/demourshop.com\/en\/wp-json\/wp\/v2\/pages"}],"about":[{"href":"https:\/\/demourshop.com\/en\/wp-json\/wp\/v2\/types\/page"}],"author":[{"embeddable":true,"href":"https:\/\/demourshop.com\/en\/wp-json\/wp\/v2\/users\/1"}],"replies":[{"embeddable":true,"href":"https:\/\/demourshop.com\/en\/wp-json\/wp\/v2\/comments?post=67653"}],"version-history":[{"count":28,"href":"https:\/\/demourshop.com\/en\/wp-json\/wp\/v2\/pages\/67653\/revisions"}],"predecessor-version":[{"id":69650,"href":"https:\/\/demourshop.com\/en\/wp-json\/wp\/v2\/pages\/67653\/revisions\/69650"}],"wp:attachment":[{"href":"https:\/\/demourshop.com\/en\/wp-json\/wp\/v2\/media?parent=67653"}],"curies":[{"name":"wp","href":"https:\/\/api.w.org\/{rel}","templated":true}]}}