{"id":66851,"date":"2024-10-25T15:27:13","date_gmt":"2024-10-25T13:27:13","guid":{"rendered":"https:\/\/demourshop.com\/?page_id=66851"},"modified":"2025-11-13T16:16:38","modified_gmt":"2025-11-13T15:16:38","slug":"mon-panier","status":"publish","type":"page","link":"https:\/\/demourshop.com\/en\/mon-panier\/","title":{"rendered":"Mon Panier"},"content":{"rendered":"<div data-elementor-type=\"wp-page\" data-elementor-id=\"66851\" class=\"elementor elementor-66851\" data-elementor-post-type=\"page\">\n\t\t\t\t<div class=\"elementor-element elementor-element-878ea4c e-con-full e-flex e-con e-parent\" data-id=\"878ea4c\" data-element_type=\"container\" data-e-type=\"container\" data-settings=\"{&quot;background_background&quot;:&quot;classic&quot;}\">\n\t\t\t\t<div class=\"elementor-element elementor-element-3bac518 elementor-widget elementor-widget-heading\" data-id=\"3bac518\" data-element_type=\"widget\" data-e-type=\"widget\" data-widget_type=\"heading.default\">\n\t\t\t\t<div class=\"elementor-widget-container\">\n\t\t\t\t\t<h2 class=\"elementor-heading-title elementor-size-default\">Votre Panier<\/h2>\t\t\t\t<\/div>\n\t\t\t\t<\/div>\n\t\t\t\t<\/div>\n\t\t<div class=\"elementor-element elementor-element-e9eafb9 e-con-full e-flex e-con e-parent\" data-id=\"e9eafb9\" data-element_type=\"container\" data-e-type=\"container\">\n\t\t\t\t<div class=\"elementor-element elementor-element-8727cfd e-cart-empty-template-active e-cart-layout-two-column elementor-widget elementor-widget-woocommerce-cart\" data-id=\"8727cfd\" data-element_type=\"widget\" data-e-type=\"widget\" data-widget_type=\"woocommerce-cart.default\">\n\t\t\t\t<div class=\"elementor-widget-container\">\n\t\t\t\t\t<div class=\"woocommerce\"><div class=\"woocommerce-notices-wrapper\"><\/div><div class=\"wc-empty-cart-message\">\n\t<div class=\"cart-empty woocommerce-info\" role=\"status\">\n\t\tYour basket is currently empty.\t<\/div>\n<\/div>\t<p class=\"return-to-shop\">\n\t\t<a class=\"button wc-backward\" href=\"https:\/\/demourshop.com\/en\/boutique\/\">\n\t\t\tReturn to shop\t\t<\/a>\n\t<\/p>\n<\/div>\t\t\t\t<\/div>\n\t\t\t\t<\/div>\n\t\t\t\t<\/div>\n\t\t\t\t<section class=\"elementor-section elementor-top-section elementor-element elementor-element-6a21881 elementor-section-full_width elementor-section-height-min-height elementor-section-stretched elementor-section-height-default elementor-section-items-middle\" data-id=\"6a21881\" data-element_type=\"section\" data-e-type=\"section\" data-settings=\"{&quot;background_background&quot;:&quot;classic&quot;,&quot;stretch_section&quot;:&quot;section-stretched&quot;}\">\n\t\t\t\t\t\t<div class=\"elementor-container elementor-column-gap-default\">\n\t\t\t\t\t<div class=\"elementor-column elementor-col-100 elementor-top-column elementor-element elementor-element-92106e1\" data-id=\"92106e1\" data-element_type=\"column\" data-e-type=\"column\">\n\t\t\t<div class=\"elementor-widget-wrap elementor-element-populated\">\n\t\t\t\t\t\t<section class=\"elementor-section elementor-inner-section elementor-element elementor-element-1ec783c elementor-section-boxed elementor-section-height-default elementor-section-height-default\" data-id=\"1ec783c\" data-element_type=\"section\" data-e-type=\"section\">\n\t\t\t\t\t\t<div class=\"elementor-container elementor-column-gap-default\">\n\t\t\t\t\t<div class=\"elementor-column elementor-col-33 elementor-inner-column elementor-element elementor-element-0a55790\" data-id=\"0a55790\" data-element_type=\"column\" data-e-type=\"column\">\n\t\t\t<div class=\"elementor-widget-wrap elementor-element-populated\">\n\t\t\t\t\t\t<div class=\"elementor-element elementor-element-0686762 elementor-position-top elementor-widget elementor-widget-image-box\" data-id=\"0686762\" data-element_type=\"widget\" data-e-type=\"widget\" data-widget_type=\"image-box.default\">\n\t\t\t\t<div class=\"elementor-widget-container\">\n\t\t\t\t\t<div class=\"elementor-image-box-wrapper\"><figure class=\"elementor-image-box-img\"><img decoding=\"async\" width=\"80\" height=\"80\" src=\"https:\/\/demourshop.com\/wp-content\/uploads\/2023\/12\/livraison.png\" class=\"attachment-full size-full wp-image-49202\" alt=\"\" srcset=\"https:\/\/demourshop.com\/wp-content\/uploads\/2023\/12\/livraison.png 80w, https:\/\/demourshop.com\/wp-content\/uploads\/2023\/12\/livraison-64x64.png 64w\" sizes=\"(max-width: 80px) 100vw, 80px\" \/><\/figure><div class=\"elementor-image-box-content\"><h3 class=\"elementor-image-box-title\">Livraison dans de nombreux pays <\/h3><\/div><\/div>\t\t\t\t<\/div>\n\t\t\t\t<\/div>\n\t\t\t\t\t<\/div>\n\t\t<\/div>\n\t\t\t\t<div class=\"elementor-column elementor-col-33 elementor-inner-column elementor-element elementor-element-e5ea03d\" data-id=\"e5ea03d\" data-element_type=\"column\" data-e-type=\"column\">\n\t\t\t<div class=\"elementor-widget-wrap elementor-element-populated\">\n\t\t\t\t\t\t<div class=\"elementor-element elementor-element-d885567 elementor-position-top elementor-widget elementor-widget-image-box\" data-id=\"d885567\" data-element_type=\"widget\" data-e-type=\"widget\" data-widget_type=\"image-box.default\">\n\t\t\t\t<div class=\"elementor-widget-container\">\n\t\t\t\t\t<div class=\"elementor-image-box-wrapper\"><figure class=\"elementor-image-box-img\"><img decoding=\"async\" width=\"80\" height=\"80\" src=\"https:\/\/demourshop.com\/wp-content\/uploads\/2023\/12\/paiement-securise-1.png\" class=\"attachment-full size-full wp-image-49205\" alt=\"\" srcset=\"https:\/\/demourshop.com\/wp-content\/uploads\/2023\/12\/paiement-securise-1.png 80w, https:\/\/demourshop.com\/wp-content\/uploads\/2023\/12\/paiement-securise-1-64x64.png 64w\" sizes=\"(max-width: 80px) 100vw, 80px\" \/><\/figure><div class=\"elementor-image-box-content\"><h3 class=\"elementor-image-box-title\">Paiement s\u00e9curis\u00e9<\/h3><\/div><\/div>\t\t\t\t<\/div>\n\t\t\t\t<\/div>\n\t\t\t\t\t<\/div>\n\t\t<\/div>\n\t\t\t\t<div class=\"elementor-column elementor-col-33 elementor-inner-column elementor-element elementor-element-024bf07\" data-id=\"024bf07\" data-element_type=\"column\" data-e-type=\"column\">\n\t\t\t<div class=\"elementor-widget-wrap elementor-element-populated\">\n\t\t\t\t\t\t<div class=\"elementor-element elementor-element-0dc107a elementor-position-top elementor-widget elementor-widget-image-box\" data-id=\"0dc107a\" data-element_type=\"widget\" data-e-type=\"widget\" data-widget_type=\"image-box.default\">\n\t\t\t\t<div class=\"elementor-widget-container\">\n\t\t\t\t\t<div class=\"elementor-image-box-wrapper\"><figure class=\"elementor-image-box-img\"><img decoding=\"async\" width=\"80\" height=\"80\" src=\"https:\/\/demourshop.com\/wp-content\/uploads\/2023\/12\/selection-vin-1.png\" class=\"attachment-full size-full wp-image-49207\" alt=\"\" srcset=\"https:\/\/demourshop.com\/wp-content\/uploads\/2023\/12\/selection-vin-1.png 80w, https:\/\/demourshop.com\/wp-content\/uploads\/2023\/12\/selection-vin-1-64x64.png 64w\" sizes=\"(max-width: 80px) 100vw, 80px\" \/><\/figure><div class=\"elementor-image-box-content\"><h3 class=\"elementor-image-box-title\">S\u00e9lection de vins r\u00e9alis\u00e9e par nos vignerons <\/h3><\/div><\/div>\t\t\t\t<\/div>\n\t\t\t\t<\/div>\n\t\t\t\t\t<\/div>\n\t\t<\/div>\n\t\t\t\t\t<\/div>\n\t\t<\/section>\n\t\t\t\t\t<\/div>\n\t\t<\/div>\n\t\t\t\t\t<\/div>\n\t\t<\/section>\n\t\t\t\t<\/div>","protected":false},"excerpt":{"rendered":"<p>Votre Panier Supprimer l\u2019\u00e9l\u00e9ment Miniature Produit Prix Quantit\u00e9 Sous-total &times; J&rsquo;M ros\u00e9 11.00&euro; Quantit\u00e9 &#8211; 1 + 11.00&euro; Mise \u00e0 jour du panier Appliquer le code promo Totaux du panier Sous-total 11.00&euro; Exp\u00e9dition Standard: 19.00&euro; Livraison \u00e0 3 rue des anciens combattants, 33460 SOUSSANS. Modifier l\u2019adresse Pays\u00a0\/ r\u00e9gion S\u00e9lectionner un pays\/r\u00e9gion\u2026Afrique du SudAllemagneAustralieAutricheBelgiqueBulgarieChineCor\u00e9e du SudCosta [&hellip;]<\/p>\n","protected":false},"author":1,"featured_media":0,"parent":0,"menu_order":0,"comment_status":"closed","ping_status":"closed","template":"","meta":{"_acf_changed":false,"footnotes":""},"class_list":["post-66851","page","type-page","status-publish","hentry"],"acf":[],"yoast_head":"<!-- This site is optimized with the Yoast SEO plugin v27.4 - https:\/\/yoast.com\/product\/yoast-seo-wordpress\/ -->\n<title>Mon Panier - Demourshop<\/title>\n<meta name=\"robots\" content=\"index, follow, max-snippet:-1, max-image-preview:large, max-video-preview:-1\" \/>\n<link rel=\"canonical\" href=\"https:\/\/demourshop.com\/en\/mon-panier\/\" \/>\n<meta property=\"og:locale\" content=\"en_GB\" \/>\n<meta property=\"og:type\" content=\"article\" \/>\n<meta property=\"og:title\" content=\"Mon Panier - Demourshop\" \/>\n<meta property=\"og:description\" content=\"Votre Panier Supprimer l\u2019\u00e9l\u00e9ment Miniature Produit Prix Quantit\u00e9 Sous-total &times; J&rsquo;M ros\u00e9 11.00&euro; Quantit\u00e9 &#8211; 1 + 11.00&euro; Mise \u00e0 jour du panier Appliquer le code promo Totaux du panier Sous-total 11.00&euro; Exp\u00e9dition Standard: 19.00&euro; Livraison \u00e0 3 rue des anciens combattants, 33460 SOUSSANS. Modifier l\u2019adresse Pays\u00a0\/ r\u00e9gion S\u00e9lectionner un pays\/r\u00e9gion\u2026Afrique du SudAllemagneAustralieAutricheBelgiqueBulgarieChineCor\u00e9e du SudCosta [&hellip;]\" \/>\n<meta property=\"og:url\" content=\"https:\/\/demourshop.com\/en\/mon-panier\/\" \/>\n<meta property=\"og:site_name\" content=\"Demourshop\" \/>\n<meta property=\"article:modified_time\" content=\"2025-11-13T15:16:38+00:00\" \/>\n<meta property=\"og:image\" content=\"http:\/\/demourshop.com\/wp-content\/uploads\/2025\/04\/JM-403x403.png\" \/>\n<meta name=\"twitter:card\" content=\"summary_large_image\" \/>\n<meta name=\"twitter:label1\" content=\"Estimated reading time\" \/>\n\t<meta name=\"twitter:data1\" content=\"2 minutes\" \/>\n<script type=\"application\/ld+json\" class=\"yoast-schema-graph\">{\"@context\":\"https:\\\/\\\/schema.org\",\"@graph\":[{\"@type\":\"WebPage\",\"@id\":\"https:\\\/\\\/demourshop.com\\\/mon-panier\\\/\",\"url\":\"https:\\\/\\\/demourshop.com\\\/mon-panier\\\/\",\"name\":\"Mon Panier - Demourshop\",\"isPartOf\":{\"@id\":\"https:\\\/\\\/demourshop.com\\\/#website\"},\"primaryImageOfPage\":{\"@id\":\"https:\\\/\\\/demourshop.com\\\/mon-panier\\\/#primaryimage\"},\"image\":{\"@id\":\"https:\\\/\\\/demourshop.com\\\/mon-panier\\\/#primaryimage\"},\"thumbnailUrl\":\"http:\\\/\\\/demourshop.com\\\/wp-content\\\/uploads\\\/2025\\\/04\\\/JM-403x403.png\",\"datePublished\":\"2024-10-25T13:27:13+00:00\",\"dateModified\":\"2025-11-13T15:16:38+00:00\",\"breadcrumb\":{\"@id\":\"https:\\\/\\\/demourshop.com\\\/mon-panier\\\/#breadcrumb\"},\"inLanguage\":\"en-GB\",\"potentialAction\":[{\"@type\":\"ReadAction\",\"target\":[\"https:\\\/\\\/demourshop.com\\\/mon-panier\\\/\"]}]},{\"@type\":\"ImageObject\",\"inLanguage\":\"en-GB\",\"@id\":\"https:\\\/\\\/demourshop.com\\\/mon-panier\\\/#primaryimage\",\"url\":\"http:\\\/\\\/demourshop.com\\\/wp-content\\\/uploads\\\/2025\\\/04\\\/JM-403x403.png\",\"contentUrl\":\"http:\\\/\\\/demourshop.com\\\/wp-content\\\/uploads\\\/2025\\\/04\\\/JM-403x403.png\"},{\"@type\":\"BreadcrumbList\",\"@id\":\"https:\\\/\\\/demourshop.com\\\/mon-panier\\\/#breadcrumb\",\"itemListElement\":[{\"@type\":\"ListItem\",\"position\":1,\"name\":\"Accueil\",\"item\":\"https:\\\/\\\/demourshop.com\\\/\"},{\"@type\":\"ListItem\",\"position\":2,\"name\":\"Mon Panier\"}]},{\"@type\":\"WebSite\",\"@id\":\"https:\\\/\\\/demourshop.com\\\/#website\",\"url\":\"https:\\\/\\\/demourshop.com\\\/\",\"name\":\"Demourshop\",\"description\":\"\",\"publisher\":{\"@id\":\"https:\\\/\\\/demourshop.com\\\/#organization\"},\"potentialAction\":[{\"@type\":\"SearchAction\",\"target\":{\"@type\":\"EntryPoint\",\"urlTemplate\":\"https:\\\/\\\/demourshop.com\\\/?s={search_term_string}\"},\"query-input\":{\"@type\":\"PropertyValueSpecification\",\"valueRequired\":true,\"valueName\":\"search_term_string\"}}],\"inLanguage\":\"en-GB\"},{\"@type\":\"Organization\",\"@id\":\"https:\\\/\\\/demourshop.com\\\/#organization\",\"name\":\"Demourshop\",\"url\":\"https:\\\/\\\/demourshop.com\\\/\",\"logo\":{\"@type\":\"ImageObject\",\"inLanguage\":\"en-GB\",\"@id\":\"https:\\\/\\\/demourshop.com\\\/#\\\/schema\\\/logo\\\/image\\\/\",\"url\":\"https:\\\/\\\/demourshop.com\\\/wp-content\\\/uploads\\\/2023\\\/08\\\/logo-wine-2-1-1.png\",\"contentUrl\":\"https:\\\/\\\/demourshop.com\\\/wp-content\\\/uploads\\\/2023\\\/08\\\/logo-wine-2-1-1.png\",\"width\":400,\"height\":145,\"caption\":\"Demourshop\"},\"image\":{\"@id\":\"https:\\\/\\\/demourshop.com\\\/#\\\/schema\\\/logo\\\/image\\\/\"}}]}<\/script>\n<!-- \/ Yoast SEO plugin. -->","yoast_head_json":{"title":"Mon Panier - Demourshop","robots":{"index":"index","follow":"follow","max-snippet":"max-snippet:-1","max-image-preview":"max-image-preview:large","max-video-preview":"max-video-preview:-1"},"canonical":"https:\/\/demourshop.com\/en\/mon-panier\/","og_locale":"en_GB","og_type":"article","og_title":"Mon Panier - Demourshop","og_description":"Votre Panier Supprimer l\u2019\u00e9l\u00e9ment Miniature Produit Prix Quantit\u00e9 Sous-total &times; J&rsquo;M ros\u00e9 11.00&euro; Quantit\u00e9 &#8211; 1 + 11.00&euro; Mise \u00e0 jour du panier Appliquer le code promo Totaux du panier Sous-total 11.00&euro; Exp\u00e9dition Standard: 19.00&euro; Livraison \u00e0 3 rue des anciens combattants, 33460 SOUSSANS. Modifier l\u2019adresse Pays\u00a0\/ r\u00e9gion S\u00e9lectionner un pays\/r\u00e9gion\u2026Afrique du SudAllemagneAustralieAutricheBelgiqueBulgarieChineCor\u00e9e du SudCosta [&hellip;]","og_url":"https:\/\/demourshop.com\/en\/mon-panier\/","og_site_name":"Demourshop","article_modified_time":"2025-11-13T15:16:38+00:00","og_image":[{"url":"http:\/\/demourshop.com\/wp-content\/uploads\/2025\/04\/JM-403x403.png","type":"","width":"","height":""}],"twitter_card":"summary_large_image","twitter_misc":{"Estimated reading time":"2 minutes"},"schema":{"@context":"https:\/\/schema.org","@graph":[{"@type":"WebPage","@id":"https:\/\/demourshop.com\/mon-panier\/","url":"https:\/\/demourshop.com\/mon-panier\/","name":"Mon Panier - Demourshop","isPartOf":{"@id":"https:\/\/demourshop.com\/#website"},"primaryImageOfPage":{"@id":"https:\/\/demourshop.com\/mon-panier\/#primaryimage"},"image":{"@id":"https:\/\/demourshop.com\/mon-panier\/#primaryimage"},"thumbnailUrl":"http:\/\/demourshop.com\/wp-content\/uploads\/2025\/04\/JM-403x403.png","datePublished":"2024-10-25T13:27:13+00:00","dateModified":"2025-11-13T15:16:38+00:00","breadcrumb":{"@id":"https:\/\/demourshop.com\/mon-panier\/#breadcrumb"},"inLanguage":"en-GB","potentialAction":[{"@type":"ReadAction","target":["https:\/\/demourshop.com\/mon-panier\/"]}]},{"@type":"ImageObject","inLanguage":"en-GB","@id":"https:\/\/demourshop.com\/mon-panier\/#primaryimage","url":"http:\/\/demourshop.com\/wp-content\/uploads\/2025\/04\/JM-403x403.png","contentUrl":"http:\/\/demourshop.com\/wp-content\/uploads\/2025\/04\/JM-403x403.png"},{"@type":"BreadcrumbList","@id":"https:\/\/demourshop.com\/mon-panier\/#breadcrumb","itemListElement":[{"@type":"ListItem","position":1,"name":"Accueil","item":"https:\/\/demourshop.com\/"},{"@type":"ListItem","position":2,"name":"Mon Panier"}]},{"@type":"WebSite","@id":"https:\/\/demourshop.com\/#website","url":"https:\/\/demourshop.com\/","name":"Demourshop","description":"","publisher":{"@id":"https:\/\/demourshop.com\/#organization"},"potentialAction":[{"@type":"SearchAction","target":{"@type":"EntryPoint","urlTemplate":"https:\/\/demourshop.com\/?s={search_term_string}"},"query-input":{"@type":"PropertyValueSpecification","valueRequired":true,"valueName":"search_term_string"}}],"inLanguage":"en-GB"},{"@type":"Organization","@id":"https:\/\/demourshop.com\/#organization","name":"Demourshop","url":"https:\/\/demourshop.com\/","logo":{"@type":"ImageObject","inLanguage":"en-GB","@id":"https:\/\/demourshop.com\/#\/schema\/logo\/image\/","url":"https:\/\/demourshop.com\/wp-content\/uploads\/2023\/08\/logo-wine-2-1-1.png","contentUrl":"https:\/\/demourshop.com\/wp-content\/uploads\/2023\/08\/logo-wine-2-1-1.png","width":400,"height":145,"caption":"Demourshop"},"image":{"@id":"https:\/\/demourshop.com\/#\/schema\/logo\/image\/"}}]}},"_links":{"self":[{"href":"https:\/\/demourshop.com\/en\/wp-json\/wp\/v2\/pages\/66851","targetHints":{"allow":["GET"]}}],"collection":[{"href":"https:\/\/demourshop.com\/en\/wp-json\/wp\/v2\/pages"}],"about":[{"href":"https:\/\/demourshop.com\/en\/wp-json\/wp\/v2\/types\/page"}],"author":[{"embeddable":true,"href":"https:\/\/demourshop.com\/en\/wp-json\/wp\/v2\/users\/1"}],"replies":[{"embeddable":true,"href":"https:\/\/demourshop.com\/en\/wp-json\/wp\/v2\/comments?post=66851"}],"version-history":[{"count":341,"href":"https:\/\/demourshop.com\/en\/wp-json\/wp\/v2\/pages\/66851\/revisions"}],"predecessor-version":[{"id":70780,"href":"https:\/\/demourshop.com\/en\/wp-json\/wp\/v2\/pages\/66851\/revisions\/70780"}],"wp:attachment":[{"href":"https:\/\/demourshop.com\/en\/wp-json\/wp\/v2\/media?parent=66851"}],"curies":[{"name":"wp","href":"https:\/\/api.w.org\/{rel}","templated":true}]}}